{"id":4217,"date":"2025-09-15T11:16:42","date_gmt":"2025-09-15T09:16:42","guid":{"rendered":"https:\/\/stonehousesmart.se\/product\/securex-keyaccess-lora-knappsats-med-rfid\/"},"modified":"2026-03-27T14:47:25","modified_gmt":"2026-03-27T13:47:25","slug":"securex-keyaccess-knappsats-rfid","status":"publish","type":"product","link":"https:\/\/stonehousesmart.se\/da\/product\/securex-keyaccess-knappsats-rfid\/","title":{"rendered":"SecureX KeyAccess \u2013 tastatur med RFID Lang r\u00e6kkevidde 500 meter"},"content":{"rendered":"<h2 data-start=\"0\" data-end=\"76\">SecureX KeyAccess \u2013 ekstra tastatur med RFID til SecureX Pro (lang r\u00e6kkevidde)<\/h2>\n<p data-start=\"78\" data-end=\"419\">SecureX KeyAccess er et ekstra tastatur til SecureX Pro, der g\u00f8r det nemt at styre alarmen med <strong data-start=\"174\" data-end=\"215\">kode, RFID-tags eller tryk p\u00e5 en knap<\/strong>. Med <strong data-start=\"221\" data-end=\"243\">Lang r\u00e6kkevidde 868 MHz<\/strong> du f\u00e5r en stabil tr\u00e5dl\u00f8s forbindelse med op til <strong data-start=\"293\" data-end=\"327\">500 meter r\u00e6kkevidde i frit udsyn<\/strong>, hvilket er perfekt til st\u00f8rre ejendomme eller hvor du \u00f8nsker ekstra sikker kommunikation.<\/p>\n<p data-start=\"421\" data-end=\"637\">Tastaturet er bygget til at v\u00e6re b\u00e5de problemfrit og sikkert i daglig brug. Det underst\u00f8tter flere brugere, RFID, smart tilstedev\u00e6relsesaktivering og automatisk baggrundsbelysning \u2013 s\u00e5 det altid er tydeligt og nemt at bruge.<\/p>\n<p data-start=\"639\" data-end=\"806\">Al h\u00e5ndtering foreg\u00e5r via <strong data-start=\"662\" data-end=\"680\">SecureX Hub<\/strong> og du ser status og begivenheder i <strong data-start=\"715\" data-end=\"741\">Stonehouse Smart-appen<\/strong>. Kompatibilitet med <strong data-start=\"762\" data-end=\"770\">Tuya<\/strong> og <strong data-start=\"775\" data-end=\"789\">Smart Liv<\/strong> foreg\u00e5r via hubben.<\/p>\n<hr data-start=\"808\" data-end=\"811\" \/>\n<h3 data-start=\"813\" data-end=\"851\">Smarte funktioner til en nem hverdag<\/h3>\n<ul data-start=\"852\" data-end=\"1161\">\n<li data-start=\"852\" data-end=\"911\">\n<p data-start=\"854\" data-end=\"911\"><strong data-start=\"854\" data-end=\"889\">RFID-underst\u00f8ttelse (op til 10 tags)<\/strong> \u2013 hurtigt og sikkert<\/p>\n<\/li>\n<li data-start=\"912\" data-end=\"952\">\n<p data-start=\"914\" data-end=\"952\"><strong data-start=\"914\" data-end=\"950\">Flere brugerkoder (flerbruger)<\/strong><\/p>\n<\/li>\n<li data-start=\"953\" data-end=\"1007\">\n<p data-start=\"955\" data-end=\"1007\"><strong data-start=\"955\" data-end=\"974\">Mikrob\u00f8lgesensor<\/strong> v\u00e6kker tastaturet, n\u00e5r det er til stede<\/p>\n<\/li>\n<li data-start=\"1008\" data-end=\"1068\">\n<p data-start=\"1010\" data-end=\"1068\"><strong data-start=\"1010\" data-end=\"1024\">Lyssensor<\/strong> justerer automatisk baggrundslyset<\/p>\n<\/li>\n<li data-start=\"1069\" data-end=\"1115\">\n<p data-start=\"1071\" data-end=\"1115\"><strong data-start=\"1071\" data-end=\"1090\">D\u00f8rklokkeknap<\/strong> for ekstra bekvemmelighed<\/p>\n<\/li>\n<li data-start=\"1116\" data-end=\"1161\">\n<p data-start=\"1118\" data-end=\"1161\"><strong data-start=\"1118\" data-end=\"1135\">Sabotagealarm<\/strong> i tilf\u00e6lde af manipulationsfors\u00f8g<\/p>\n<\/li>\n<\/ul>\n<hr data-start=\"1163\" data-end=\"1166\" \/>\n<h3 data-start=\"1168\" data-end=\"1195\">Batteridrift og opladning<\/h3>\n<p data-start=\"1196\" data-end=\"1369\">KeyAccess har en indbygget <strong data-start=\"1222\" data-end=\"1256\">3,7 V \/ 1500 mAh litiumbatteri<\/strong> og indl\u00e6ses via <strong data-start=\"1272\" data-end=\"1291\">USB-C (5V\/1A)<\/strong>. Det lave str\u00f8mforbrug giver lang driftstid, selv ved hyppig brug.<\/p>\n<hr data-start=\"1371\" data-end=\"1374\" \/>\n<h3 data-start=\"1376\" data-end=\"1413\">Vigtigt \u2013 system og kompatibilitet<\/h3>\n<ul data-start=\"1414\" data-end=\"1576\">\n<li data-start=\"1414\" data-end=\"1465\">\n<p data-start=\"1416\" data-end=\"1465\">Dette er en <strong data-start=\"1428\" data-end=\"1463\">ekstra tastatur til SecureX Pro<\/strong><\/p>\n<\/li>\n<li data-start=\"1466\" data-end=\"1524\">\n<p data-start=\"1468\" data-end=\"1524\"><strong data-start=\"1468\" data-end=\"1491\">Kr\u00e6ver SecureX-hub<\/strong> (kan ikke bruges alene)<\/p>\n<\/li>\n<li data-start=\"1525\" data-end=\"1576\">\n<p data-start=\"1527\" data-end=\"1576\">App-kontrol og integration er f\u00e6rdig <strong data-start=\"1560\" data-end=\"1574\">via hubben<\/strong><\/p>\n<\/li>\n<\/ul>\n<hr data-start=\"1578\" data-end=\"1581\" \/>\n<h3 data-start=\"1583\" data-end=\"1608\">Fordele og funktioner<\/h3>\n<ul data-start=\"1609\" data-end=\"2028\">\n<li data-start=\"1609\" data-end=\"1678\">\n<p data-start=\"1611\" data-end=\"1678\"><strong data-start=\"1611\" data-end=\"1633\">Lang r\u00e6kkevidde 868 MHz<\/strong> med op til <strong data-start=\"1647\" data-end=\"1665\">500 m r\u00e6kkevidde<\/strong> (frit udsyn)<\/p>\n<\/li>\n<li data-start=\"1679\" data-end=\"1725\">\n<p data-start=\"1681\" data-end=\"1725\">Leveres med <strong data-start=\"1695\" data-end=\"1723\">3 SecureX RFID-tags<\/strong><\/p>\n<\/li>\n<li data-start=\"1726\" data-end=\"1769\">\n<p data-start=\"1728\" data-end=\"1769\">Fuld integration via <strong data-start=\"1749\" data-end=\"1767\">SecureX Hub<\/strong><\/p>\n<\/li>\n<li data-start=\"1770\" data-end=\"1817\">\n<p data-start=\"1772\" data-end=\"1817\">Status i realtid i <strong data-start=\"1789\" data-end=\"1815\">Stonehouse Smart-appen<\/strong><\/p>\n<\/li>\n<li data-start=\"1818\" data-end=\"1858\">\n<p data-start=\"1820\" data-end=\"1858\"><strong data-start=\"1820\" data-end=\"1841\">Tuya &amp; Smart Life<\/strong> underst\u00f8ttes via hub<\/p>\n<\/li>\n<li data-start=\"1859\" data-end=\"1900\">\n<p data-start=\"1861\" data-end=\"1900\">St\u00f8tte til op til <strong data-start=\"1879\" data-end=\"1898\">10 RFID-tags<\/strong><\/p>\n<\/li>\n<li data-start=\"1901\" data-end=\"1921\">\n<p data-start=\"1903\" data-end=\"1921\">Flerbrugerkoder<\/p>\n<\/li>\n<li data-start=\"1922\" data-end=\"1971\">\n<p data-start=\"1924\" data-end=\"1971\">D\u00f8rklokkeknap, mikrob\u00f8lgesensor og lyssensor<\/p>\n<\/li>\n<li data-start=\"1972\" data-end=\"1989\">\n<p data-start=\"1974\" data-end=\"1989\">Sabotagealarm<\/p>\n<\/li>\n<li data-start=\"1990\" data-end=\"2028\">\n<p data-start=\"1992\" data-end=\"2028\">USB-C-opladning og indbygget batteri<\/p>\n<\/li>\n<\/ul>\n<hr data-start=\"2030\" data-end=\"2033\" \/>\n<h3 data-start=\"2035\" data-end=\"2057\">Anvendelsesomr\u00e5der<\/h3>\n<ul data-start=\"2058\" data-end=\"2192\">\n<li data-start=\"2058\" data-end=\"2083\">\n<p data-start=\"2060\" data-end=\"2083\">Villaer og lejligheder<\/p>\n<\/li>\n<li data-start=\"2084\" data-end=\"2113\">\n<p data-start=\"2086\" data-end=\"2113\">Virksomheder og butikslokaler<\/p>\n<\/li>\n<li data-start=\"2114\" data-end=\"2141\">\n<p data-start=\"2116\" data-end=\"2141\">Sommerhuse og garager<\/p>\n<\/li>\n<li data-start=\"2142\" data-end=\"2192\">\n<p data-start=\"2144\" data-end=\"2192\">Industrielle milj\u00f8er med krav til stabil adgang<\/p>\n<\/li>\n<\/ul>\n<hr data-start=\"2194\" data-end=\"2197\" \/>\n<h3 data-start=\"2199\" data-end=\"2224\">Teknisk specifikation<\/h3>\n<ul data-start=\"2225\" data-end=\"2619\">\n<li data-start=\"2225\" data-end=\"2269\">\n<p data-start=\"2227\" data-end=\"2269\"><strong data-start=\"2227\" data-end=\"2248\">Str\u00f8mforsyning:<\/strong> DC 5V \/ 1A (USB-C)<\/p>\n<\/li>\n<li data-start=\"2270\" data-end=\"2310\">\n<p data-start=\"2272\" data-end=\"2310\"><strong data-start=\"2272\" data-end=\"2284\">Batteri:<\/strong> 3,7V\/1500mAh litiumbatteri<\/p>\n<\/li>\n<li data-start=\"2311\" data-end=\"2340\">\n<p data-start=\"2313\" data-end=\"2340\"><strong data-start=\"2313\" data-end=\"2330\">Standby-str\u00f8m:<\/strong> &lt;100 \u00b5A<\/p>\n<\/li>\n<li data-start=\"2341\" data-end=\"2368\">\n<p data-start=\"2343\" data-end=\"2368\"><strong data-start=\"2343\" data-end=\"2359\">Arbejdsstr\u00f8m:<\/strong> &lt;10mA<\/p>\n<\/li>\n<li data-start=\"2369\" data-end=\"2410\">\n<p data-start=\"2371\" data-end=\"2410\"><strong data-start=\"2371\" data-end=\"2389\">Meddelelse:<\/strong> Lang r\u00e6kkevidde 868 MHz<\/p>\n<\/li>\n<li data-start=\"2411\" data-end=\"2454\">\n<p data-start=\"2413\" data-end=\"2454\"><strong data-start=\"2413\" data-end=\"2426\">Omfang:<\/strong> op til 500 m (sigtelinje)<\/p>\n<\/li>\n<li data-start=\"2455\" data-end=\"2499\">\n<p data-start=\"2457\" data-end=\"2499\"><strong data-start=\"2457\" data-end=\"2478\">Arbejdstemperatur:<\/strong> \u221210\u00b0C til +50\u00b0C<\/p>\n<\/li>\n<li data-start=\"2500\" data-end=\"2547\">\n<p data-start=\"2502\" data-end=\"2547\"><strong data-start=\"2502\" data-end=\"2524\">Relativ luftfugtighed:<\/strong> &lt;95 % (uden kondensering)<\/p>\n<\/li>\n<li data-start=\"2548\" data-end=\"2586\">\n<p data-start=\"2550\" data-end=\"2586\"><strong data-start=\"2550\" data-end=\"2564\">RFID-underst\u00f8ttelse:<\/strong> op til 10 fliser<\/p>\n<\/li>\n<li data-start=\"2587\" data-end=\"2619\">\n<p data-start=\"2589\" data-end=\"2619\"><strong data-start=\"2589\" data-end=\"2598\">M\u00e5le:<\/strong> ca. 90 \u00d7 90 \u00d7 45 mm<\/p>\n<\/li>\n<\/ul>\n<hr data-start=\"2621\" data-end=\"2624\" \/>\n<h3 data-start=\"2626\" data-end=\"2646\">Leveringsindhold<\/h3>\n<ul data-start=\"2647\" data-end=\"2792\">\n<li data-start=\"2647\" data-end=\"2684\">\n<p data-start=\"2649\" data-end=\"2684\">SecureX KeyAccess-tastatur: 1 stk.<\/p>\n<\/li>\n<li data-start=\"2685\" data-end=\"2714\">\n<p data-start=\"2687\" data-end=\"2714\">RFID SecureX-tags: 3 stk.<\/p>\n<\/li>\n<li data-start=\"2715\" data-end=\"2740\">\n<p data-start=\"2717\" data-end=\"2740\">USB-C opladningskabel: 1 stk.<\/p>\n<\/li>\n<li data-start=\"2741\" data-end=\"2781\">\n<p data-start=\"2743\" data-end=\"2781\">Monteringsmaterialer (skruer og dyvler)<\/p>\n<\/li>\n<li data-start=\"2782\" data-end=\"2792\">\n<p data-start=\"2784\" data-end=\"2792\">Manuel<\/p>\n<\/li>\n<\/ul>","protected":false},"excerpt":{"rendered":"<p class=\"\" data-start=\"307\" data-end=\"466\">Ekstra lang r\u00e6kkevidde (868 MHz) tastatur med RFID til SecureX Pro.<\/p>\n<p class=\"\" data-start=\"307\" data-end=\"466\">Op til 500 m r\u00e6kkevidde, flerbrugerkoder, sabotagealarm og USB-C-opladning.<\/p>\n<p class=\"\" data-start=\"307\" data-end=\"466\">3 RFID-tags medf\u00f8lger.<\/p>","protected":false},"featured_media":5372,"template":"","meta":{"_acf_changed":false,"inline_featured_image":false,"site-sidebar-layout":"default","site-content-layout":"","ast-site-content-layout":"default","site-content-style":"default","site-sidebar-style":"default","ast-global-header-display":"","ast-banner-title-visibility":"","ast-main-header-display":"","ast-hfb-above-header-display":"","ast-hfb-below-header-display":"","ast-hfb-mobile-header-display":"","site-post-title":"","ast-breadcrumbs-content":"","ast-featured-img":"","footer-sml-layout":"","ast-disable-related-posts":"","theme-transparent-header-meta":"default","adv-header-id-meta":"","stick-header-meta":"","header-above-stick-meta":"","header-main-stick-meta":"","header-below-stick-meta":"","astra-migrate-meta-layouts":"set","ast-page-background-enabled":"default","ast-page-background-meta":{"desktop":{"background-color":"","background-image":"","background-repeat":"repeat","background-position":"center center","background-size":"auto","background-attachment":"scroll","background-type":"","background-media":"","overlay-type":"","overlay-color":"","overlay-opacity":"","overlay-gradient":""},"tablet":{"background-color":"","background-image":"","background-repeat":"repeat","background-position":"center center","background-size":"auto","background-attachment":"scroll","background-type":"","background-media":"","overlay-type":"","overlay-color":"","overlay-opacity":"","overlay-gradient":""},"mobile":{"background-color":"","background-image":"","background-repeat":"repeat","background-position":"center center","background-size":"auto","background-attachment":"scroll","background-type":"","background-media":"","overlay-type":"","overlay-color":"","overlay-opacity":"","overlay-gradient":""}},"ast-content-background-meta":{"desktop":{"background-color":"var(--ast-global-color-5)","background-image":"","background-repeat":"repeat","background-position":"center center","background-size":"auto","background-attachment":"scroll","background-type":"","background-media":"","overlay-type":"","overlay-color":"","overlay-opacity":"","overlay-gradient":""},"tablet":{"background-color":"var(--ast-global-color-5)","background-image":"","background-repeat":"repeat","background-position":"center center","background-size":"auto","background-attachment":"scroll","background-type":"","background-media":"","overlay-type":"","overlay-color":"","overlay-opacity":"","overlay-gradient":""},"mobile":{"background-color":"var(--ast-global-color-5)","background-image":"","background-repeat":"repeat","background-position":"center center","background-size":"auto","background-attachment":"scroll","background-type":"","background-media":"","overlay-type":"","overlay-color":"","overlay-opacity":"","overlay-gradient":""}}},"product_brand":[233],"product_cat":[48],"product_tag":[],"class_list":{"0":"post-4217","1":"product","2":"type-product","3":"status-publish","4":"has-post-thumbnail","6":"product_brand-connect-pro","7":"product_cat-securex-smart-alarm","8":"pa_brands-securex-connect-pro","9":"pa_brands-stonehouse-smart","10":"desktop-align-left","11":"tablet-align-center","12":"mobile-align-center","14":"first","15":"instock","16":"shipping-taxable","17":"product-type-simple"},"acf":[],"_links":{"self":[{"href":"https:\/\/stonehousesmart.se\/da\/wp-json\/wp\/v2\/product\/4217","targetHints":{"allow":["GET"]}}],"collection":[{"href":"https:\/\/stonehousesmart.se\/da\/wp-json\/wp\/v2\/product"}],"about":[{"href":"https:\/\/stonehousesmart.se\/da\/wp-json\/wp\/v2\/types\/product"}],"wp:featuredmedia":[{"embeddable":true,"href":"https:\/\/stonehousesmart.se\/da\/wp-json\/wp\/v2\/media\/5372"}],"wp:attachment":[{"href":"https:\/\/stonehousesmart.se\/da\/wp-json\/wp\/v2\/media?parent=4217"}],"wp:term":[{"taxonomy":"product_brand","embeddable":true,"href":"https:\/\/stonehousesmart.se\/da\/wp-json\/wp\/v2\/product_brand?post=4217"},{"taxonomy":"product_cat","embeddable":true,"href":"https:\/\/stonehousesmart.se\/da\/wp-json\/wp\/v2\/product_cat?post=4217"},{"taxonomy":"product_tag","embeddable":true,"href":"https:\/\/stonehousesmart.se\/da\/wp-json\/wp\/v2\/product_tag?post=4217"}],"curies":[{"name":"wp","href":"https:\/\/api.w.org\/{rel}","templated":true}]}}