{"id":4219,"date":"2025-09-15T11:16:42","date_gmt":"2025-09-15T09:16:42","guid":{"rendered":"https:\/\/stonehousesmart.se\/product\/securex-connect-pro-7-lora-panel-rfid-touchskarm\/"},"modified":"2026-03-31T10:50:22","modified_gmt":"2026-03-31T08:50:22","slug":"securex-connect-pro-lorapanel-touchskarm","status":"publish","type":"product","link":"https:\/\/stonehousesmart.se\/da\/product\/securex-connect-pro-lorapanel-touchskarm\/","title":{"rendered":"SecureX Connect Pro Central med touchsk\u00e4rm &#8211; Svensk version med 4G och app"},"content":{"rendered":"<h2>SecureX Connect Pro Central ber\u00f8ringssk\u00e6rm svensk version<\/h2>\n<p>Alarm uden abonnement med 3 \u00e5rs garanti og fuld support via Swedish Stonehouse Security AB.<\/p>\n<p>SecureX Connect Pro er hjertet i SecureX-systemet \u2013 en kraftfuld alarmcentral med <strong>7\u2033 ber\u00f8ringssk\u00e6rm<\/strong> som samler alle SecureX-enheder i \u00e9t system.<\/p>\n<p>Med den enkle opstartsmenu kan alle konfigurere alarmen p\u00e5 cirka 30 minutter. Menuen viser p\u00e5 svensk, hvordan man g\u00f8r det., <span style=\"text-decoration: underline\"><strong>Menuen f\u00f8lger altid det sprog, du har valgt<\/strong><\/span> at have som standard.<\/p>\n<p>I tilf\u00e6lde af alarm starter sirenerne, og du modtager alarmen p\u00e5 din mobiltelefon via appen. Hvis du har valgt og konfigureret et 4G SIM-kort, sendes en SMS og en talebesked til din telefon.<\/p>\n<p>Stemmen annoncerer p\u00e5 dit sprog, hvilken sektion der er blevet udl\u00f8st, og du kan ogs\u00e5 lytte til, hvad der sker i din ejendom. Hvis du for eksempel har en lydl\u00f8s SOS-alarm, kan personen tale til dig, og du kan tale og kommunikere med dem via hubbens indbyggede mikrofon.<\/p>\n<p>Panelet f\u00e5r <strong>gratis opdateringer via appen<\/strong> gennem hele alarmens levetid.<\/p>\n<p>SecureX-alarmen <strong>panel (med display og almindelig tekst), talebeskeder og Stonehouse Smart App<\/strong> tilg\u00e6ngelig p\u00e5:<\/p>\n<p><em><strong><span style=\"text-decoration: underline\">Svensk, engelsk, tysk, finsk, fransk, hollandsk, polsk, spansk, norsk og dansk.<\/span><\/strong><\/em><\/p>\n<hr \/>\n<h3>Kraftfuldt panel med lang r\u00e6kkevidde<\/h3>\n<p>Den store <strong>7\u2033 IPS-ber\u00f8ringssk\u00e6rm (1024\u00d7600)<\/strong> giver en tydelig brugerflade, der er nem at bruge. Med <strong>600 MHz-chip<\/strong> og <strong>indbygget 5000 mAh batteri<\/strong> systemet forts\u00e6tter med at fungere selv i tilf\u00e6lde af str\u00f8mafbrydelse.<\/p>\n<p>Takket v\u00e6re <strong>Lang r\u00e6kkevidde\/LoRa<\/strong> st\u00e5r du op til <strong>500 m r\u00e6kkevidde i frit udsyn<\/strong>, hvilket g\u00f8r den s\u00e6rligt god i st\u00f8rre ejendomme, hvor almindelig WiFi-r\u00e6kkevidde ikke er tilstr\u00e6kkelig.<\/p>\n<hr \/>\n<h3>Hybridalarm \u2013 tr\u00e5dl\u00f8s + kablet<\/h3>\n<p>SecureX Connect Pro underst\u00f8tter:<\/p>\n<ul>\n<li>Op til <strong>200 tr\u00e5dl\u00f8se SecureX-enheder<\/strong><\/li>\n<li><strong>8 kablede zoner<\/strong> til hybridinstallation<\/li>\n<li><strong>Wi-Fi, 2G eller 4G<\/strong> til forbindelse<\/li>\n<li><strong>Tovejskommunikation<\/strong> og op til <strong>5 n\u00f8dnumre<\/strong><\/li>\n<li>Indbyggede protokoller: <strong>433 MHz (EV1527)<\/strong> og <strong>868 MHz lang r\u00e6kkevidde<\/strong> med SecureX-kryptering<\/li>\n<\/ul>\n<p>Al kontrol sker via <strong>Stonehouse Smart-appen<\/strong> (med nordiske sprog). Kompatibilitet med <strong>Tuya<\/strong> og <strong>Smart Liv<\/strong> foreg\u00e5r via hubben.<\/p>\n<hr \/>\n<h3>Vigtig afklaring<\/h3>\n<ul>\n<li>Dette er <strong>Kun SecureX hub\/panel<\/strong><\/li>\n<li><strong>Ingen sensorer eller tilbeh\u00f8r medf\u00f8lger<\/strong><\/li>\n<li><strong>USB-C str\u00f8madapter medf\u00f8lger<\/strong><\/li>\n<li>Bruges med SecureX-sensorer og tilbeh\u00f8r<\/li>\n<\/ul>\n<hr \/>\n<h3>Funktioner og fordele<\/h3>\n<ul>\n<li><strong>7\u2033 IPS-ber\u00f8ringssk\u00e6rm<\/strong> med h\u00f8j opl\u00f8sning<\/li>\n<li><strong>10 sprog + stemmeinformation:<\/strong> Svensk, norsk, dansk, finsk, engelsk, tysk, polsk, fransk, spansk, hollandsk<\/li>\n<li><strong>Lang r\u00e6kkevidde\/LoRa op til 500 m<\/strong> (frit udsyn)<\/li>\n<li><strong>200 tr\u00e5dl\u00f8se enheder + 8 kablede zoner<\/strong><\/li>\n<li><strong>Indbygget sirene <\/strong>(op til 120 dB)<\/li>\n<li><strong>5000 mAh backup-batteri<\/strong> (op til ca. 32 timers standby)<\/li>\n<li><strong>Tovejsopkald og flere n\u00f8dnumre<\/strong><\/li>\n<li><strong>Sabotagealarm og advarsel om lavt batteri<\/strong><\/li>\n<li>Fuld kontrol via app<\/li>\n<li>Nem installation via <strong>USB-C<\/strong> eller <strong>12V<\/strong><\/li>\n<li><strong>Gratis OTA-opdateringer<\/strong> via Stonehouse Smart-appen<\/li>\n<li><strong>Support via Stonehouse Security<\/strong> som ogs\u00e5 er ansvarlig for appen og softwaren til alarmenheden.<\/li>\n<\/ul>\n<hr \/>\n<h3>Certificeringer og kvalitet<\/h3>\n<p>SecureX Connect Pro er testet og certificeret i henhold til:<\/p>\n<ul>\n<li><strong>CE<\/strong><\/li>\n<li><strong>RoHS<\/strong><\/li>\n<li><strong>N\u00c5<\/strong><\/li>\n<li><strong>FCC-ID (H700)<\/strong><\/li>\n<li><strong>UKCA (H700)<\/strong><\/li>\n<li><strong>ERP-rapport<\/strong> (energieffektivt byggeri)<\/li>\n<\/ul>\n<hr \/>\n<h3>Leveringsindhold<\/h3>\n<ul>\n<li>SecureX Connect Pro 7\u2033 alarmhub: <strong>1 stk.<\/strong><\/li>\n<li>USB-C str\u00f8madapter: <strong>1 stk.<\/strong><\/li>\n<li>V\u00e6gmonteringsbeslag<\/li>\n<li>Skruer og dyvler<\/li>\n<li>Manuel<\/li>\n<\/ul>","protected":false},"excerpt":{"rendered":"<p class=\"\" data-start=\"307\" data-end=\"466\"><strong data-start=\"46\" data-end=\"116\">SecureX Connect Pro Hub udviklet til det danske marked.<\/strong><\/p>\n<p class=\"\" data-start=\"307\" data-end=\"466\">Den tydelige danske touchsk\u00e6rm og den enkle opstartsguide hj\u00e6lper dig hurtigt i gang, mens hubben samler alle SecureX-enheder i \u00e9t smart og brugervenligt system.<\/p>\n<p class=\"\" data-start=\"307\" data-end=\"466\">Du modtager alarmer direkte p\u00e5 din mobiltelefon, og med et 4G SIM-kort kan du ogs\u00e5 modtage SMS og talebeskeder i tilf\u00e6lde af alarm.<\/p>\n<p class=\"\" data-start=\"307\" data-end=\"466\">Panelet har indbygget sirene, sabotagealarm, backup-batteri og styres via svensk. <strong data-start=\"348\" data-end=\"374\">Stonehouse Smart-appen<\/strong>, og er kompatibel med <strong data-start=\"399\" data-end=\"420\" data-is-only-node=\"\">Tuya &amp; Smart Life<\/strong>.<\/p>\n<p data-start=\"307\" data-end=\"466\">SecureX-alarmen <strong>panel (med display og almindelig tekst), talebeskeder og Stonehouse Smart App<\/strong> F\u00e5s p\u00e5 svensk, engelsk, tysk, finsk, fransk, hollandsk, polsk, spansk, norsk og dansk.<\/p>","protected":false},"featured_media":4920,"template":"","meta":{"_acf_changed":false,"inline_featured_image":false,"site-sidebar-layout":"default","site-content-layout":"","ast-site-content-layout":"default","site-content-style":"default","site-sidebar-style":"default","ast-global-header-display":"","ast-banner-title-visibility":"","ast-main-header-display":"","ast-hfb-above-header-display":"","ast-hfb-below-header-display":"","ast-hfb-mobile-header-display":"","site-post-title":"","ast-breadcrumbs-content":"","ast-featured-img":"","footer-sml-layout":"","ast-disable-related-posts":"","theme-transparent-header-meta":"default","adv-header-id-meta":"","stick-header-meta":"","header-above-stick-meta":"","header-main-stick-meta":"","header-below-stick-meta":"","astra-migrate-meta-layouts":"set","ast-page-background-enabled":"default","ast-page-background-meta":{"desktop":{"background-color":"","background-image":"","background-repeat":"repeat","background-position":"center center","background-size":"auto","background-attachment":"scroll","background-type":"","background-media":"","overlay-type":"","overlay-color":"","overlay-opacity":"","overlay-gradient":""},"tablet":{"background-color":"","background-image":"","background-repeat":"repeat","background-position":"center center","background-size":"auto","background-attachment":"scroll","background-type":"","background-media":"","overlay-type":"","overlay-color":"","overlay-opacity":"","overlay-gradient":""},"mobile":{"background-color":"","background-image":"","background-repeat":"repeat","background-position":"center center","background-size":"auto","background-attachment":"scroll","background-type":"","background-media":"","overlay-type":"","overlay-color":"","overlay-opacity":"","overlay-gradient":""}},"ast-content-background-meta":{"desktop":{"background-color":"var(--ast-global-color-5)","background-image":"","background-repeat":"repeat","background-position":"center center","background-size":"auto","background-attachment":"scroll","background-type":"","background-media":"","overlay-type":"","overlay-color":"","overlay-opacity":"","overlay-gradient":""},"tablet":{"background-color":"var(--ast-global-color-5)","background-image":"","background-repeat":"repeat","background-position":"center center","background-size":"auto","background-attachment":"scroll","background-type":"","background-media":"","overlay-type":"","overlay-color":"","overlay-opacity":"","overlay-gradient":""},"mobile":{"background-color":"var(--ast-global-color-5)","background-image":"","background-repeat":"repeat","background-position":"center center","background-size":"auto","background-attachment":"scroll","background-type":"","background-media":"","overlay-type":"","overlay-color":"","overlay-opacity":"","overlay-gradient":""}}},"product_brand":[233],"product_cat":[79,48],"product_tag":[],"class_list":{"0":"post-4219","1":"product","2":"type-product","3":"status-publish","4":"has-post-thumbnail","6":"product_brand-connect-pro","7":"product_cat-centralenheter-hub","8":"product_cat-securex-smart-alarm","9":"pa_brands-securex-connect-pro","10":"pa_brands-stonehouse-smart","11":"desktop-align-left","12":"tablet-align-center","13":"mobile-align-center","15":"first","16":"instock","17":"shipping-taxable","18":"product-type-simple"},"acf":[],"_links":{"self":[{"href":"https:\/\/stonehousesmart.se\/da\/wp-json\/wp\/v2\/product\/4219","targetHints":{"allow":["GET"]}}],"collection":[{"href":"https:\/\/stonehousesmart.se\/da\/wp-json\/wp\/v2\/product"}],"about":[{"href":"https:\/\/stonehousesmart.se\/da\/wp-json\/wp\/v2\/types\/product"}],"wp:featuredmedia":[{"embeddable":true,"href":"https:\/\/stonehousesmart.se\/da\/wp-json\/wp\/v2\/media\/4920"}],"wp:attachment":[{"href":"https:\/\/stonehousesmart.se\/da\/wp-json\/wp\/v2\/media?parent=4219"}],"wp:term":[{"taxonomy":"product_brand","embeddable":true,"href":"https:\/\/stonehousesmart.se\/da\/wp-json\/wp\/v2\/product_brand?post=4219"},{"taxonomy":"product_cat","embeddable":true,"href":"https:\/\/stonehousesmart.se\/da\/wp-json\/wp\/v2\/product_cat?post=4219"},{"taxonomy":"product_tag","embeddable":true,"href":"https:\/\/stonehousesmart.se\/da\/wp-json\/wp\/v2\/product_tag?post=4219"}],"curies":[{"name":"wp","href":"https:\/\/api.w.org\/{rel}","templated":true}]}}