{"id":4242,"date":"2025-09-15T11:16:44","date_gmt":"2025-09-15T09:16:44","guid":{"rendered":"https:\/\/stonehousesmart.se\/product\/securex-gasshield-for-naturgas-och-lpg\/"},"modified":"2026-03-27T14:43:05","modified_gmt":"2026-03-27T13:43:05","slug":"securex-gasshield-for-naturgas-och-lpg","status":"publish","type":"product","link":"https:\/\/stonehousesmart.se\/da\/product\/securex-gasshield-for-naturgas-och-lpg\/","title":{"rendered":"SecureX GasShield \u2013 Til naturgas og LPG"},"content":{"rendered":"<h2 data-start=\"203\" data-end=\"263\">SecureX GasShield \u2013 smart gasdetektor til metan og LPG<\/h2>\n<p data-start=\"265\" data-end=\"544\">SecureX GasShield er en <strong data-start=\"289\" data-end=\"323\">hurtig og p\u00e5lidelig gasdetektor<\/strong> der beskytter hjem, ferieboliger og virksomheder mod farlige gasl\u00e6kager. Den er udviklet til tidlig opdagelse af b\u00e5de <strong data-start=\"442\" data-end=\"467\">naturgas (metan, CH\u2084)<\/strong> og <strong data-start=\"472\" data-end=\"487\">LPG (flydende gas)<\/strong> og advarer tydeligt, f\u00f8r gassen n\u00e5r farlige niveauer.<\/p>\n<p data-start=\"546\" data-end=\"747\">N\u00e5r der detekteres gas, en <strong data-start=\"577\" data-end=\"608\">h\u00f8j alarmlyd p\u00e5 \u226580 dB<\/strong> sammen med en tydelig LED-indikator. Samtidig videresendes alarmen til <strong data-start=\"687\" data-end=\"705\">SecureX Hub<\/strong>, som h\u00e5ndterer alarmen centralt i systemet.<\/p>\n<p data-start=\"749\" data-end=\"878\">Alle h\u00e6ndelser og meddelelser vises i <strong data-start=\"784\" data-end=\"810\">Stonehouse Smart-appen<\/strong>, hvor du f\u00e5r fuld kontrol og information i realtid direkte p\u00e5 din mobiltelefon.<\/p>\n<hr data-start=\"880\" data-end=\"883\" \/>\n<h3 data-start=\"885\" data-end=\"930\">Hurtig respons med avanceret sensorteknologi<\/h3>\n<p data-start=\"931\" data-end=\"1191\">GasShield bruger <strong data-start=\"950\" data-end=\"980\">avanceret diffusionsteknologi<\/strong> at reagere hurtigt p\u00e5 en gasl\u00e6kage \u2013 f\u00f8r gassen har tid til at ophobe sig og for\u00e5rsage brand- eller eksplosionsfare. Dette g\u00f8r sensoren s\u00e6rligt velegnet til milj\u00f8er, hvor gas bruges dagligt, eller hvor der ikke altid udf\u00f8res overv\u00e5gning.<\/p>\n<hr data-start=\"1193\" data-end=\"1196\" \/>\n<h3 data-start=\"1198\" data-end=\"1255\">Integration med SecureX \u2013 mere end bare en lokal alarm<\/h3>\n<p data-start=\"1256\" data-end=\"1385\">SecureX GasShield kan bruges selvst\u00e6ndigt som en lokal gasdetektor, men f\u00e5r maksimal funktionalitet, n\u00e5r den er tilsluttet <strong data-start=\"1366\" data-end=\"1384\">SecureX Hub<\/strong>.<\/p>\n<p data-start=\"1387\" data-end=\"1405\">Gennem hubben f\u00e5r du:<\/p>\n<ul data-start=\"1406\" data-end=\"1584\">\n<li data-start=\"1406\" data-end=\"1431\">\n<p data-start=\"1408\" data-end=\"1431\">central alarmstyring<\/p>\n<\/li>\n<li data-start=\"1432\" data-end=\"1484\">\n<p data-start=\"1434\" data-end=\"1484\">Push-notifikationer i realtid via Stonehouse Smart-appen<\/p>\n<\/li>\n<li data-start=\"1485\" data-end=\"1546\">\n<p data-start=\"1487\" data-end=\"1546\">mulighed for at kombinere gasalarmer med andre SecureX-enheder<\/p>\n<\/li>\n<li data-start=\"1547\" data-end=\"1584\">\n<p data-start=\"1549\" data-end=\"1584\">st\u00f8tte til yderligere handlinger i tilf\u00e6lde af alarmer<\/p>\n<\/li>\n<\/ul>\n<p data-start=\"1586\" data-end=\"1676\">For \u00f8get fleksibilitet, kompatibilitet med <strong data-start=\"1633\" data-end=\"1675\">Tuya og Smart Life via SecureX-hubben<\/strong>.<\/p>\n<hr data-start=\"1678\" data-end=\"1681\" \/>\n<h3 data-start=\"1683\" data-end=\"1730\">Rel\u00e6udgang til automatisk sikkerhedsstyring<\/h3>\n<p data-start=\"1731\" data-end=\"1840\">GasShield er udstyret med <strong data-start=\"1757\" data-end=\"1786\">rel\u00e6udgang (12V \/ 300 mA)<\/strong> hvilket g\u00f8r det muligt automatisk at styre f.eks.:<\/p>\n<ul data-start=\"1841\" data-end=\"1923\">\n<li data-start=\"1841\" data-end=\"1876\">\n<p data-start=\"1843\" data-end=\"1876\">magnetventil til gasafsp\u00e6rring<\/p>\n<\/li>\n<li data-start=\"1877\" data-end=\"1893\">\n<p data-start=\"1879\" data-end=\"1893\">ekstern sirene<\/p>\n<\/li>\n<li data-start=\"1894\" data-end=\"1923\">\n<p data-start=\"1896\" data-end=\"1923\">andet sikkerhedsudstyr<\/p>\n<\/li>\n<\/ul>\n<p data-start=\"1925\" data-end=\"2000\">Dette giver aktiv beskyttelse, der kan reducere skader selv ved tidlig opdagelse.<\/p>\n<hr data-start=\"2002\" data-end=\"2005\" \/>\n<h3 data-start=\"2007\" data-end=\"2042\">Stabil drift og lang levetid<\/h3>\n<p data-start=\"2043\" data-end=\"2248\">GasShield er drevet af <strong data-start=\"2063\" data-end=\"2089\">Mikro-USB (DC 5V \/ 1A)<\/strong> for stabil og kontinuerlig drift. Sensoren har lavt str\u00f8mforbrug og en <strong data-start=\"2165\" data-end=\"2201\">Sensorlevetid p\u00e5 op til 5 \u00e5r<\/strong>, som giver langvarig og p\u00e5lidelig funktion.<\/p>\n<hr data-start=\"2250\" data-end=\"2253\" \/>\n<h3 data-start=\"2255\" data-end=\"2277\">Fordele i korte tr\u00e6k<\/h3>\n<ul data-start=\"2278\" data-end=\"2670\">\n<li data-start=\"2278\" data-end=\"2324\">\n<p data-start=\"2280\" data-end=\"2324\">Registrerer naturgas (metan) og LPG (flydende gas)<\/p>\n<\/li>\n<li data-start=\"2325\" data-end=\"2380\">\n<p data-start=\"2327\" data-end=\"2380\">Hurtig reaktion takket v\u00e6re avanceret diffusionsteknologi<\/p>\n<\/li>\n<li data-start=\"2381\" data-end=\"2425\">\n<p data-start=\"2383\" data-end=\"2425\">H\u00f8j alarmlyd \u226580 dB + LED-indikator<\/p>\n<\/li>\n<li data-start=\"2426\" data-end=\"2460\">\n<p data-start=\"2428\" data-end=\"2460\">Integration med SecureX-hubben<\/p>\n<\/li>\n<li data-start=\"2461\" data-end=\"2507\">\n<p data-start=\"2463\" data-end=\"2507\">Notifikationer i realtid via Stonehouse Smart-appen<\/p>\n<\/li>\n<li data-start=\"2508\" data-end=\"2557\">\n<p data-start=\"2510\" data-end=\"2557\">Rel\u00e6udgang til ventil eller sikkerhedsstyring<\/p>\n<\/li>\n<li data-start=\"2558\" data-end=\"2598\">\n<p data-start=\"2560\" data-end=\"2598\">Stabil USB-drift med lavt forbrug<\/p>\n<\/li>\n<li data-start=\"2599\" data-end=\"2639\">\n<p data-start=\"2601\" data-end=\"2639\">Lang sensorlevetid \u2013 op til 5 \u00e5r<\/p>\n<\/li>\n<li data-start=\"2640\" data-end=\"2670\">\n<p data-start=\"2642\" data-end=\"2670\">Kompakt og diskret design<\/p>\n<\/li>\n<\/ul>\n<hr data-start=\"2672\" data-end=\"2675\" \/>\n<h3 data-start=\"2677\" data-end=\"2707\">Typiske anvendelser<\/h3>\n<ul data-start=\"2708\" data-end=\"2837\">\n<li data-start=\"2708\" data-end=\"2733\">\n<p data-start=\"2710\" data-end=\"2733\">Villaer og lejligheder<\/p>\n<\/li>\n<li data-start=\"2734\" data-end=\"2767\">\n<p data-start=\"2736\" data-end=\"2767\">K\u00f8kkener, restauranter og fyrrum<\/p>\n<\/li>\n<li data-start=\"2768\" data-end=\"2801\">\n<p data-start=\"2770\" data-end=\"2801\">Garage, k\u00e6lder og teknikrum<\/p>\n<\/li>\n<li data-start=\"2802\" data-end=\"2837\">\n<p data-start=\"2804\" data-end=\"2837\">Campingvogne, feriehuse og b\u00e5de<\/p>\n<\/li>\n<\/ul>\n<hr data-start=\"2839\" data-end=\"2842\" \/>\n<h3 data-start=\"2844\" data-end=\"2869\">Teknisk specifikation<\/h3>\n<ul data-start=\"2870\" data-end=\"3337\">\n<li data-start=\"2870\" data-end=\"2914\">\n<p data-start=\"2872\" data-end=\"2914\">Str\u00f8mforsyning: DC 5V\/1A (Micro USB)<\/p>\n<\/li>\n<li data-start=\"2915\" data-end=\"2939\">\n<p data-start=\"2917\" data-end=\"2939\">Forbrug: &lt;170 mA<\/p>\n<\/li>\n<li data-start=\"2940\" data-end=\"2985\">\n<p data-start=\"2942\" data-end=\"2985\">Gasdetektion: Naturgas (CH\u2084), LPG (gasol)<\/p>\n<\/li>\n<li data-start=\"2986\" data-end=\"3012\">\n<p data-start=\"2988\" data-end=\"3012\">Alarmniveau: \u226580 dB + LED<\/p>\n<\/li>\n<li data-start=\"3013\" data-end=\"3041\">\n<p data-start=\"3015\" data-end=\"3041\">Svartid: \u226430 sekunder<\/p>\n<\/li>\n<li data-start=\"3042\" data-end=\"3084\">\n<p data-start=\"3044\" data-end=\"3084\">Rel\u00e6udgang: 12V \/ 300 mA (15 sekunder)<\/p>\n<\/li>\n<li data-start=\"3085\" data-end=\"3139\">\n<p data-start=\"3087\" data-end=\"3139\">Kommunikation: 433 MHz (EV1527), kodet til SecureX<\/p>\n<\/li>\n<li data-start=\"3140\" data-end=\"3180\">\n<p data-start=\"3142\" data-end=\"3180\">Driftstemperatur: \u221210 \u00b0C til +55 \u00b0C<\/p>\n<\/li>\n<li data-start=\"3181\" data-end=\"3237\">\n<p data-start=\"3183\" data-end=\"3237\">Relativ luftfugtighed: &lt;95% RF (ikke-kondenserende)<\/p>\n<\/li>\n<li data-start=\"3238\" data-end=\"3274\">\n<p data-start=\"3240\" data-end=\"3274\">Opvarmningstid: cirka 180 sekunder<\/p>\n<\/li>\n<li data-start=\"3275\" data-end=\"3309\">\n<p data-start=\"3277\" data-end=\"3309\">Sensorlevetid: Op til 5 \u00e5r<\/p>\n<\/li>\n<li data-start=\"3310\" data-end=\"3337\">\n<p data-start=\"3312\" data-end=\"3337\">Dimensioner: 86 \u00d7 86 \u00d7 24,5 mm<\/p>\n<\/li>\n<\/ul>","protected":false},"excerpt":{"rendered":"<p>Smart gasdetektor, der advarer om <strong data-start=\"2215\" data-end=\"2237\">naturgas og LPG<\/strong> med \u226580 dB lyd og LED.<\/p>\n<p>Forbinder til SecureX-hubben og Stonehouse Smart-appen for mobilnotifikationer.<\/p>","protected":false},"featured_media":4730,"template":"","meta":{"_acf_changed":false,"inline_featured_image":false,"site-sidebar-layout":"default","site-content-layout":"","ast-site-content-layout":"default","site-content-style":"default","site-sidebar-style":"default","ast-global-header-display":"","ast-banner-title-visibility":"","ast-main-header-display":"","ast-hfb-above-header-display":"","ast-hfb-below-header-display":"","ast-hfb-mobile-header-display":"","site-post-title":"","ast-breadcrumbs-content":"","ast-featured-img":"","footer-sml-layout":"","ast-disable-related-posts":"","theme-transparent-header-meta":"default","adv-header-id-meta":"","stick-header-meta":"","header-above-stick-meta":"","header-main-stick-meta":"","header-below-stick-meta":"","astra-migrate-meta-layouts":"set","ast-page-background-enabled":"default","ast-page-background-meta":{"desktop":{"background-color":"","background-image":"","background-repeat":"repeat","background-position":"center center","background-size":"auto","background-attachment":"scroll","background-type":"","background-media":"","overlay-type":"","overlay-color":"","overlay-opacity":"","overlay-gradient":""},"tablet":{"background-color":"","background-image":"","background-repeat":"repeat","background-position":"center center","background-size":"auto","background-attachment":"scroll","background-type":"","background-media":"","overlay-type":"","overlay-color":"","overlay-opacity":"","overlay-gradient":""},"mobile":{"background-color":"","background-image":"","background-repeat":"repeat","background-position":"center center","background-size":"auto","background-attachment":"scroll","background-type":"","background-media":"","overlay-type":"","overlay-color":"","overlay-opacity":"","overlay-gradient":""}},"ast-content-background-meta":{"desktop":{"background-color":"var(--ast-global-color-5)","background-image":"","background-repeat":"repeat","background-position":"center center","background-size":"auto","background-attachment":"scroll","background-type":"","background-media":"","overlay-type":"","overlay-color":"","overlay-opacity":"","overlay-gradient":""},"tablet":{"background-color":"var(--ast-global-color-5)","background-image":"","background-repeat":"repeat","background-position":"center center","background-size":"auto","background-attachment":"scroll","background-type":"","background-media":"","overlay-type":"","overlay-color":"","overlay-opacity":"","overlay-gradient":""},"mobile":{"background-color":"var(--ast-global-color-5)","background-image":"","background-repeat":"repeat","background-position":"center center","background-size":"auto","background-attachment":"scroll","background-type":"","background-media":"","overlay-type":"","overlay-color":"","overlay-opacity":"","overlay-gradient":""}}},"product_brand":[233],"product_cat":[48,50],"product_tag":[],"class_list":{"0":"post-4242","1":"product","2":"type-product","3":"status-publish","4":"has-post-thumbnail","6":"product_brand-connect-pro","7":"product_cat-securex-smart-alarm","8":"product_cat-sensorer-brand-vatten","9":"pa_brands-securex","10":"desktop-align-left","11":"tablet-align-center","12":"mobile-align-center","14":"first","15":"instock","16":"shipping-taxable","17":"product-type-simple"},"acf":[],"_links":{"self":[{"href":"https:\/\/stonehousesmart.se\/da\/wp-json\/wp\/v2\/product\/4242","targetHints":{"allow":["GET"]}}],"collection":[{"href":"https:\/\/stonehousesmart.se\/da\/wp-json\/wp\/v2\/product"}],"about":[{"href":"https:\/\/stonehousesmart.se\/da\/wp-json\/wp\/v2\/types\/product"}],"wp:featuredmedia":[{"embeddable":true,"href":"https:\/\/stonehousesmart.se\/da\/wp-json\/wp\/v2\/media\/4730"}],"wp:attachment":[{"href":"https:\/\/stonehousesmart.se\/da\/wp-json\/wp\/v2\/media?parent=4242"}],"wp:term":[{"taxonomy":"product_brand","embeddable":true,"href":"https:\/\/stonehousesmart.se\/da\/wp-json\/wp\/v2\/product_brand?post=4242"},{"taxonomy":"product_cat","embeddable":true,"href":"https:\/\/stonehousesmart.se\/da\/wp-json\/wp\/v2\/product_cat?post=4242"},{"taxonomy":"product_tag","embeddable":true,"href":"https:\/\/stonehousesmart.se\/da\/wp-json\/wp\/v2\/product_tag?post=4242"}],"curies":[{"name":"wp","href":"https:\/\/api.w.org\/{rel}","templated":true}]}}