{"id":4295,"date":"2025-09-15T11:16:44","date_gmt":"2025-09-15T09:16:44","guid":{"rendered":"https:\/\/stonehousesmart.se\/?post_type=product&#038;p=4295"},"modified":"2026-03-30T15:44:39","modified_gmt":"2026-03-30T13:44:39","slug":"securex-smokeguard-insektskydd-och-led-larm","status":"publish","type":"product","link":"https:\/\/stonehousesmart.se\/da\/product\/securex-smokeguard-insektskydd-och-led-larm\/","title":{"rendered":"SecureX SmokeGuard \u2013 r\u00f8gdetektor EN14604 10 \u00e5rs batteri"},"content":{"rendered":"<h2 data-start=\"230\" data-end=\"291\">SecureX SmokeGuard \u2013 EN14604 r\u00f8gdetektor med 10 \u00e5rs levetid<\/h2>\n<p data-start=\"293\" data-end=\"592\">SecureX SmokeGuard er en <strong data-start=\"318\" data-end=\"353\">EN14604-certificeret r\u00f8gdetektor<\/strong> Den er udviklet til at yde p\u00e5lidelig og koordineret brandbeskyttelse i hjem og ejendomme, reagerer hurtigt p\u00e5 r\u00f8g og er beregnet til omr\u00e5der, hvor tidlig varsling er afg\u00f8rende, s\u00e5som sovev\u00e6relser, stuer, gange og f\u00e6llesomr\u00e5der.<\/p>\n<p data-start=\"594\" data-end=\"763\">N\u00e5r der detekteres r\u00f8g, en <strong data-start=\"626\" data-end=\"667\">Kraftig sirene p\u00e5 \u226585 dB (p\u00e5 3 meters afstand)<\/strong> sammen med en tydelig LED-indikator, s\u00e5 faren straks opdages \u2013 selv om natten.<\/p>\n<p data-start=\"765\" data-end=\"913\">Det indbyggede lithiumbatteri har en levetid p\u00e5 op til <strong data-start=\"823\" data-end=\"832\">10 \u00e5r<\/strong>, hvilket g\u00f8r SmokeGuard stort set vedligeholdelsesfri i hele dens levetid.<\/p>\n<hr data-start=\"915\" data-end=\"918\" \/>\n<h2 data-start=\"920\" data-end=\"979\">Sammenkoblet brandbeskyttelse \u2013 alle enheder alarmerer samtidigt<\/h2>\n<p data-start=\"981\" data-end=\"1117\">SecureX SmokeGuard er en del af <strong data-start=\"1013\" data-end=\"1036\">SecureX brandsystem<\/strong> og bruges sammen med <strong data-start=\"1065\" data-end=\"1083\">SecureX Hub<\/strong>, som er systemets centrale enhed.<\/p>\n<p data-start=\"1119\" data-end=\"1175\">N\u00e5r <strong data-start=\"1123\" data-end=\"1129\">-en<\/strong> R\u00f8g- eller varmedetektoren i systemet udl\u00f8ser:<\/p>\n<ul data-start=\"1176\" data-end=\"1312\">\n<li data-start=\"1176\" data-end=\"1228\">\n<p data-start=\"1178\" data-end=\"1228\"><strong data-start=\"1178\" data-end=\"1228\">Alle r\u00f8g- og varmedetektorer alarmerer samtidigt<\/strong><\/p>\n<\/li>\n<li data-start=\"1229\" data-end=\"1267\">\n<p data-start=\"1231\" data-end=\"1267\">Sirener er aktiveret i hele ejendommen<\/p>\n<\/li>\n<li data-start=\"1268\" data-end=\"1312\">\n<p data-start=\"1270\" data-end=\"1312\">Push-notifikationer sendes i realtid til din mobiltelefon<\/p>\n<\/li>\n<\/ul>\n<p data-start=\"1314\" data-end=\"1392\">Alarmen <strong data-start=\"1321\" data-end=\"1391\">kan sl\u00e5s fra via SecureX-hubben eller direkte i Stonehouse Smart-appen<\/strong>.<\/p>\n<p class=\"ds-markdown-paragraph\"><strong>Kan flere detektorer forbindes uden en hub?<\/strong><br \/>\nAbsolut. Du kan oprette dit eget tr\u00e5dl\u00f8se RF-netv\u00e6rk, hvor alle detektorer er forbundet.<\/p>\n<p class=\"ds-markdown-paragraph\">Hvis \u00e9n alarmerer, alarmerer alle \u2013 uden WiFi eller internet. Perfekt til dem, der \u00f8nsker et simpelt og robust system.<\/p>\n<p class=\"ds-markdown-paragraph\"><strong>Hvad f\u00e5r jeg, hvis jeg opretter forbindelse til SecureX Connect Pro?<\/strong><br \/>\nMed SecureX-hubben f\u00e5r du udvidet funktionalitet:<\/p>\n<ul>\n<li>\n<p class=\"ds-markdown-paragraph\">Alle detektorer alarmerer samtidigt<\/p>\n<\/li>\n<li>\n<p class=\"ds-markdown-paragraph\">Push-notifikationer sendes til din mobiltelefon i tilf\u00e6lde af en alarm.<\/p>\n<\/li>\n<li>\n<p class=\"ds-markdown-paragraph\">Du kan se status og historik i Stonehouse Smart-appen.<\/p>\n<\/li>\n<li>\n<p class=\"ds-markdown-paragraph\">Du kan slukke alarmer via app eller hub<\/p>\n<\/li>\n<li>\n<p class=\"ds-markdown-paragraph\">Systemet bliver en del af dit smarte hjem<\/p>\n<\/li>\n<\/ul>\n<p class=\"ds-markdown-paragraph\"><strong>Skal jeg v\u00e6lge mellem standalone eller tilsluttet?<\/strong><br \/>\nNej. Du kan starte med et separat, sammenkoblet netv\u00e6rk og senere forbinde det til SecureX Connect Pro, n\u00e5r du \u00f8nsker app-kontrol og notifikationer.<\/p>\n<p class=\"ds-markdown-paragraph\"><strong>Virker det, selvom internettet er nede?<\/strong><br \/>\nJa. Selve alarmfunktionen og det sammenkoblede netv\u00e6rk fungerer lokalt, selv uden internet. Internet er kun n\u00f8dvendigt til mobilnotifikationer og fjernbetjening via app.<\/p>\n<hr data-start=\"1494\" data-end=\"1497\" \/>\n<h2 data-start=\"1499\" data-end=\"1530\">App-kontrol og kompatibilitet<\/h2>\n<p data-start=\"1532\" data-end=\"1594\">Alle begivenheder vises i <strong data-start=\"1555\" data-end=\"1581\">Stonehouse Smart-appen<\/strong>, hvor du kan:<\/p>\n<ul data-start=\"1595\" data-end=\"1698\">\n<li data-start=\"1595\" data-end=\"1628\">\n<p data-start=\"1597\" data-end=\"1628\">Se hvilken alarm der er blevet aktiveret<\/p>\n<\/li>\n<li data-start=\"1629\" data-end=\"1662\">\n<p data-start=\"1631\" data-end=\"1662\">Modtag push-notifikationer i realtid<\/p>\n<\/li>\n<li data-start=\"1663\" data-end=\"1698\">\n<p data-start=\"1665\" data-end=\"1698\">Slukning og nulstilling af alarmen<\/p>\n<\/li>\n<\/ul>\n<p data-start=\"1700\" data-end=\"1712\"><strong data-start=\"1700\" data-end=\"1712\">Vigtig:<\/strong><\/p>\n<ul data-start=\"1713\" data-end=\"1902\">\n<li data-start=\"1713\" data-end=\"1755\">\n<p data-start=\"1715\" data-end=\"1755\">SmokeGuard opretter forbindelse til SecureX-hubben<\/p>\n<\/li>\n<li data-start=\"1756\" data-end=\"1819\">\n<p data-start=\"1758\" data-end=\"1819\">Det er hubben, der er kompatibel med <strong data-start=\"1794\" data-end=\"1817\">Tuya og Smart Life<\/strong><\/p>\n<\/li>\n<li data-start=\"1820\" data-end=\"1902\">\n<p data-start=\"1822\" data-end=\"1902\">R\u00f8gdetektoren er <strong data-start=\"1838\" data-end=\"1864\">ikke direkte kompatibel<\/strong> med Tuya eller Smart Life uden hub<\/p>\n<\/li>\n<\/ul>\n<hr data-start=\"1904\" data-end=\"1907\" \/>\n<h2 data-start=\"1909\" data-end=\"1953\">Nem installation og stabil kommunikation<\/h2>\n<p data-start=\"1955\" data-end=\"2172\">SmokeGuard kommunikerer tr\u00e5dl\u00f8st via <strong data-start=\"1992\" data-end=\"2003\">433 MHz<\/strong> og har stabil r\u00e6kkevidde i hele hjemmet eller p\u00e5 ejendommen. Den er nem at montere i loftet og har et meget lavt standby-forbrug, hvilket bidrager til den lange batterilevetid.<\/p>\n<p data-start=\"2174\" data-end=\"2257\">Det diskrete design betyder, at r\u00f8galarmen falder i \u00e9t med interi\u00f8ret uden at forstyrre.<\/p>\n<hr data-start=\"2259\" data-end=\"2262\" \/>\n<h2 data-start=\"2264\" data-end=\"2288\">Fordele og funktioner<\/h2>\n<ul data-start=\"2290\" data-end=\"2775\">\n<li data-start=\"2290\" data-end=\"2325\">\n<p data-start=\"2292\" data-end=\"2325\">EN14604-certificeret r\u00f8gdetektor<\/p>\n<\/li>\n<li data-start=\"2326\" data-end=\"2370\">\n<p data-start=\"2328\" data-end=\"2370\">Indbygget <strong data-start=\"2336\" data-end=\"2353\">10 \u00e5rs batteri<\/strong> \u2013 1 stk. <span data-teams=\"true\">CR123A<\/span><\/p>\n<\/li>\n<li data-start=\"2371\" data-end=\"2415\">\n<p data-start=\"2373\" data-end=\"2415\">Kraftig sirene \u226585 dB og LED-indikation<\/p>\n<\/li>\n<li data-start=\"2416\" data-end=\"2466\">\n<p data-start=\"2418\" data-end=\"2466\">Alle r\u00f8g- og varmedetektorer alarmerer samtidigt<\/p>\n<\/li>\n<li data-start=\"2467\" data-end=\"2518\">\n<p data-start=\"2469\" data-end=\"2518\">Alarmen er slukket via <strong data-start=\"2488\" data-end=\"2516\">SecureX-hub eller -app<\/strong><\/p>\n<\/li>\n<li data-start=\"2519\" data-end=\"2580\">\n<p data-start=\"2521\" data-end=\"2580\">Tr\u00e5dl\u00f8s frekvens: <strong data-start=\"2539\" data-end=\"2559\">433 MHz (EV1527)<\/strong>, kodet til SecureX<\/p>\n<\/li>\n<li data-start=\"2581\" data-end=\"2643\">\n<p data-start=\"2583\" data-end=\"2643\">Tilslutning af op til <strong data-start=\"2610\" data-end=\"2641\">40 r\u00f8g- og varmedetektorer<\/strong><\/p>\n<\/li>\n<li data-start=\"2644\" data-end=\"2692\">\n<p data-start=\"2646\" data-end=\"2692\">Notifikationer i realtid i <strong data-start=\"2664\" data-end=\"2690\">Stonehouse Smart-appen<\/strong><\/p>\n<\/li>\n<li data-start=\"2693\" data-end=\"2740\">\n<p data-start=\"2695\" data-end=\"2740\">Stabil tr\u00e5dl\u00f8s kommunikation i dit eget netv\u00e6rk<\/p>\n<\/li>\n<li data-start=\"2741\" data-end=\"2775\">\n<p data-start=\"2743\" data-end=\"2775\">Enkel og diskret loftmontering<\/p>\n<\/li>\n<li data-start=\"2741\" data-end=\"2775\">St\u00f8rrelse: 93 x 35 mm<\/li>\n<\/ul>\n<hr data-start=\"2777\" data-end=\"2780\" \/>\n<h2 data-start=\"2782\" data-end=\"2803\">Anvendelsesomr\u00e5der<\/h2>\n<ul data-start=\"2805\" data-end=\"2937\">\n<li data-start=\"2805\" data-end=\"2830\">\n<p data-start=\"2807\" data-end=\"2830\">Sovev\u00e6relse og stue<\/p>\n<\/li>\n<li data-start=\"2831\" data-end=\"2865\">\n<p data-start=\"2833\" data-end=\"2865\">Haller og f\u00e6llesomr\u00e5der<\/p>\n<\/li>\n<li data-start=\"2866\" data-end=\"2903\">\n<p data-start=\"2868\" data-end=\"2903\">Villaer, lejligheder og feriehuse<\/p>\n<\/li>\n<li data-start=\"2904\" data-end=\"2937\">\n<p data-start=\"2906\" data-end=\"2937\">Kontorer og st\u00f8rre ejendomme<\/p>\n<\/li>\n<\/ul>\n<hr data-start=\"2939\" data-end=\"2942\" \/>\n<h2 data-start=\"2944\" data-end=\"2963\">Leveringsindhold<\/h2>\n<ul data-start=\"2965\" data-end=\"3082\">\n<li data-start=\"2965\" data-end=\"3005\">\n<p data-start=\"2967\" data-end=\"3005\">SecureX SmokeGuard r\u00f8galarm: 1 stk.<\/p>\n<\/li>\n<li data-start=\"3006\" data-end=\"3031\">\n<p data-start=\"3008\" data-end=\"3031\">Monteringsbeslag: 1 stk.<\/p>\n<\/li>\n<li data-start=\"3032\" data-end=\"3049\">\n<p data-start=\"3034\" data-end=\"3049\">Skruer: 3 stk.<\/p>\n<\/li>\n<li data-start=\"3050\" data-end=\"3065\">\n<p data-start=\"3052\" data-end=\"3065\">Stik: 3 stk.<\/p>\n<\/li>\n<li data-start=\"3066\" data-end=\"3082\">\n<p data-start=\"3068\" data-end=\"3082\">Manuel: 1 stk.<\/p>\n<\/li>\n<li data-start=\"3066\" data-end=\"3082\">Forinstalleret batteri \u2013 <span data-teams=\"true\">CR123A<\/span><\/li>\n<\/ul>","protected":false},"excerpt":{"rendered":"<p data-start=\"2463\" data-end=\"2616\">EN14604-certificeret r\u00f8galarm med indbygget 10-\u00e5rs batteri.<\/p>\n<p data-start=\"2463\" data-end=\"2616\">Forbinder via SecureX-hubben for delte alarmer og push-notifikationer i Stonehouse Smart-appen.<\/p>","protected":false},"featured_media":5415,"template":"","meta":{"_acf_changed":false,"inline_featured_image":false,"site-sidebar-layout":"default","site-content-layout":"","ast-site-content-layout":"default","site-content-style":"default","site-sidebar-style":"default","ast-global-header-display":"","ast-banner-title-visibility":"","ast-main-header-display":"","ast-hfb-above-header-display":"","ast-hfb-below-header-display":"","ast-hfb-mobile-header-display":"","site-post-title":"","ast-breadcrumbs-content":"","ast-featured-img":"","footer-sml-layout":"","ast-disable-related-posts":"","theme-transparent-header-meta":"default","adv-header-id-meta":"","stick-header-meta":"","header-above-stick-meta":"","header-main-stick-meta":"","header-below-stick-meta":"","astra-migrate-meta-layouts":"set","ast-page-background-enabled":"default","ast-page-background-meta":{"desktop":{"background-color":"","background-image":"","background-repeat":"repeat","background-position":"center center","background-size":"auto","background-attachment":"scroll","background-type":"","background-media":"","overlay-type":"","overlay-color":"","overlay-opacity":"","overlay-gradient":""},"tablet":{"background-color":"","background-image":"","background-repeat":"repeat","background-position":"center center","background-size":"auto","background-attachment":"scroll","background-type":"","background-media":"","overlay-type":"","overlay-color":"","overlay-opacity":"","overlay-gradient":""},"mobile":{"background-color":"","background-image":"","background-repeat":"repeat","background-position":"center center","background-size":"auto","background-attachment":"scroll","background-type":"","background-media":"","overlay-type":"","overlay-color":"","overlay-opacity":"","overlay-gradient":""}},"ast-content-background-meta":{"desktop":{"background-color":"var(--ast-global-color-5)","background-image":"","background-repeat":"repeat","background-position":"center center","background-size":"auto","background-attachment":"scroll","background-type":"","background-media":"","overlay-type":"","overlay-color":"","overlay-opacity":"","overlay-gradient":""},"tablet":{"background-color":"var(--ast-global-color-5)","background-image":"","background-repeat":"repeat","background-position":"center center","background-size":"auto","background-attachment":"scroll","background-type":"","background-media":"","overlay-type":"","overlay-color":"","overlay-opacity":"","overlay-gradient":""},"mobile":{"background-color":"var(--ast-global-color-5)","background-image":"","background-repeat":"repeat","background-position":"center center","background-size":"auto","background-attachment":"scroll","background-type":"","background-media":"","overlay-type":"","overlay-color":"","overlay-opacity":"","overlay-gradient":""}}},"product_brand":[233],"product_cat":[48],"product_tag":[],"class_list":{"0":"post-4295","1":"product","2":"type-product","3":"status-publish","4":"has-post-thumbnail","6":"product_brand-connect-pro","7":"product_cat-securex-smart-alarm","8":"pa_brands-securex-connect-pro","9":"pa_brands-stonehouse-smart","10":"desktop-align-left","11":"tablet-align-center","12":"mobile-align-center","14":"first","15":"instock","16":"shipping-taxable","17":"product-type-simple"},"acf":[],"_links":{"self":[{"href":"https:\/\/stonehousesmart.se\/da\/wp-json\/wp\/v2\/product\/4295","targetHints":{"allow":["GET"]}}],"collection":[{"href":"https:\/\/stonehousesmart.se\/da\/wp-json\/wp\/v2\/product"}],"about":[{"href":"https:\/\/stonehousesmart.se\/da\/wp-json\/wp\/v2\/types\/product"}],"wp:featuredmedia":[{"embeddable":true,"href":"https:\/\/stonehousesmart.se\/da\/wp-json\/wp\/v2\/media\/5415"}],"wp:attachment":[{"href":"https:\/\/stonehousesmart.se\/da\/wp-json\/wp\/v2\/media?parent=4295"}],"wp:term":[{"taxonomy":"product_brand","embeddable":true,"href":"https:\/\/stonehousesmart.se\/da\/wp-json\/wp\/v2\/product_brand?post=4295"},{"taxonomy":"product_cat","embeddable":true,"href":"https:\/\/stonehousesmart.se\/da\/wp-json\/wp\/v2\/product_cat?post=4295"},{"taxonomy":"product_tag","embeddable":true,"href":"https:\/\/stonehousesmart.se\/da\/wp-json\/wp\/v2\/product_tag?post=4295"}],"curies":[{"name":"wp","href":"https:\/\/api.w.org\/{rel}","templated":true}]}}