{"id":5323,"date":"2025-05-21T12:15:37","date_gmt":"2025-05-21T10:15:37","guid":{"rendered":"https:\/\/stonehousesmart.se\/product\/wifi-vaderstation-smart-och-appstyrd\/"},"modified":"2026-04-02T15:17:10","modified_gmt":"2026-04-02T13:17:10","slug":"wifi-vaderstation-smart-och-appstyrd","status":"publish","type":"product","link":"https:\/\/stonehousesmart.se\/da\/product\/wifi-vaderstation-smart-och-appstyrd\/","title":{"rendered":"WiFi V\u00e4derstation &#8211; Smart och Appstyrd &#8211; H\u00e5ll koll p\u00e5 klimatet hemma &amp; via mobilen"},"content":{"rendered":"<p class=\"\" data-start=\"997\" data-end=\"1103\">Placera huvud\u00adenheten inomhus, l\u00e4gg sensorn ute p\u00e5 balkongen eller i v\u00e4xthuset \u2013 resten sk\u00f6ts automatiskt:<\/p>\n<ol data-start=\"1105\" data-end=\"1630\">\n<li class=\"\" data-start=\"1105\" data-end=\"1169\">\n<p class=\"\" data-start=\"1108\" data-end=\"1169\"><strong data-start=\"1108\" data-end=\"1133\">Anslut str\u00f6madaptern<\/strong> (alternativt 3 \u00d7 AAA som backup).<\/p>\n<\/li>\n<li class=\"\" data-start=\"1170\" data-end=\"1318\">\n<p class=\"\" data-start=\"1173\" data-end=\"1318\"><strong data-start=\"1173\" data-end=\"1199\">Ladda ned \u201cStonehouse Smart\u201d<\/strong> (alternativt Tuya Smart \/ Smart Life) och parkoppla via Bluetooth\/Wi-Fi (2,4 GHz). Enheten s\u00e4tter tid &amp; datum sj\u00e4lv.<\/p>\n<\/li>\n<li class=\"\" data-start=\"1319\" data-end=\"1420\">\n<p class=\"\" data-start=\"1322\" data-end=\"1420\"><strong data-start=\"1322\" data-end=\"1341\">Montera sensorn<\/strong>, upp till 100 m bort. Beh\u00f6ver du fler zoner adderar du sensor 2 &amp; 3 i appen.<\/p>\n<\/li>\n<li class=\"\" data-start=\"1421\" data-end=\"1550\">\n<p class=\"\" data-start=\"1424\" data-end=\"1550\">F\u00f6lj allt i realtid: temperatur- &amp; fukt\u00adtrender, lufttryck, UV-index och stilrena v\u00e4der\u00adikoner f\u00f6r de kommande fyra dagarna.<\/p>\n<\/li>\n<li class=\"\" data-start=\"1551\" data-end=\"1630\">\n<p class=\"\" data-start=\"1554\" data-end=\"1630\">St\u00e4ll <strong data-start=\"1560\" data-end=\"1576\">max\/min-larm<\/strong> eller schemal\u00e4gg vattning\/larm via smart-hem-rutiner.<\/p>\n<\/li>\n<\/ol>\n<p class=\"\" data-start=\"1632\" data-end=\"1740\">Perfekt f\u00f6r hobby\u00adv\u00e4xthus, sommar\u00adstugan eller bara f\u00f6r att ha full koll p\u00e5 klimatet och kommande v\u00e4der.<\/p>\n<hr class=\"\" data-start=\"1742\" data-end=\"1745\" \/>\n<h2 class=\"\" data-start=\"1747\" data-end=\"1766\"><strong data-start=\"1750\" data-end=\"1766\">Teknisk data<\/strong><\/h2>\n<div class=\"_tableContainer_16hzy_1\">\n<div class=\"_tableWrapper_16hzy_14 group flex w-fit flex-col-reverse\">\n<table class=\"w-fit min-w-(--thread-content-width)\" data-start=\"1768\" data-end=\"2787\">\n<thead data-start=\"1768\" data-end=\"1789\">\n<tr data-start=\"1768\" data-end=\"1789\">\n<th data-start=\"1768\" data-end=\"1780\" data-col-size=\"sm\">Parameter<\/th>\n<th data-start=\"1780\" data-end=\"1789\" data-col-size=\"md\">V\u00e4rde<\/th>\n<\/tr>\n<\/thead>\n<tbody data-start=\"1812\" data-end=\"2787\">\n<tr data-start=\"1812\" data-end=\"1905\">\n<td data-start=\"1812\" data-end=\"1831\" data-col-size=\"sm\">Str\u00f6mf\u00f6rs\u00f6rjning<\/td>\n<td data-col-size=\"md\" data-start=\"1831\" data-end=\"1905\">5 V \u2393 Str\u00f6mdapter \/ 3 \u00d7 AAA (backup)<\/td>\n<\/tr>\n<tr data-start=\"1906\" data-end=\"1974\">\n<td data-start=\"1906\" data-end=\"1923\" data-col-size=\"sm\">Sensor\u00adbatteri<\/td>\n<td data-col-size=\"md\" data-start=\"1923\" data-end=\"1974\">2 \u00d7 AAA<\/td>\n<\/tr>\n<tr data-start=\"1975\" data-end=\"2063\">\n<td data-start=\"1975\" data-end=\"1984\" data-col-size=\"sm\">Effekt<\/td>\n<td data-col-size=\"md\" data-start=\"1984\" data-end=\"2063\">Station 3 W max; sensor 0,075 W max<\/td>\n<\/tr>\n<tr data-start=\"2064\" data-end=\"2155\">\n<td data-start=\"2064\" data-end=\"2082\" data-col-size=\"sm\">Temperatur inne<\/td>\n<td data-start=\"2082\" data-end=\"2155\" data-col-size=\"md\">\u22129,9 \u2026 +50 \u00b0C (\u00b11 \u00b0C 0\u201340 \u00b0C)<\/td>\n<\/tr>\n<tr data-start=\"2156\" data-end=\"2237\">\n<td data-start=\"2156\" data-end=\"2173\" data-col-size=\"sm\">Temperatur ute<\/td>\n<td data-start=\"2173\" data-end=\"2237\" data-col-size=\"md\">\u221240 \u2026 +60 \u00b0C (\u00b12 \u00b0C)<\/td>\n<\/tr>\n<tr data-start=\"2238\" data-end=\"2310\">\n<td data-start=\"2238\" data-end=\"2245\" data-col-size=\"sm\">Fukt<\/td>\n<td data-start=\"2245\" data-end=\"2310\" data-col-size=\"md\">1 \u2026 99 % RH (\u00b15 % RH)<\/td>\n<\/tr>\n<tr data-start=\"2311\" data-end=\"2390\">\n<td data-start=\"2311\" data-end=\"2323\" data-col-size=\"sm\">Lufttryck<\/td>\n<td data-col-size=\"md\" data-start=\"2323\" data-end=\"2390\">900 \u2026 1050 hPa (\u00b15 hPa)<\/td>\n<\/tr>\n<tr data-start=\"2391\" data-end=\"2467\">\n<td data-start=\"2391\" data-end=\"2410\" data-col-size=\"sm\">Ljudstyrka alarm<\/td>\n<td data-col-size=\"md\" data-start=\"2410\" data-end=\"2467\">70 dB @ 10 cm<\/td>\n<\/tr>\n<tr data-start=\"2468\" data-end=\"2546\">\n<td data-start=\"2468\" data-end=\"2486\" data-col-size=\"sm\">R\u00e4ckvidd sensor<\/td>\n<td data-col-size=\"md\" data-start=\"2486\" data-end=\"2546\">\u2264 100 m fri sikt<\/td>\n<\/tr>\n<tr data-start=\"2547\" data-end=\"2626\">\n<td data-start=\"2547\" data-end=\"2564\" data-col-size=\"sm\">R\u00e4ckvidd Wi-Fi<\/td>\n<td data-col-size=\"md\" data-start=\"2564\" data-end=\"2626\">\u2264 25 m till router<\/td>\n<\/tr>\n<tr data-start=\"2627\" data-end=\"2685\">\n<td data-start=\"2627\" data-end=\"2646\" data-col-size=\"sm\">M\u00e5tt huvud\u00adenhet<\/td>\n<td data-col-size=\"md\" data-start=\"2646\" data-end=\"2685\"><em data-start=\"2648\" data-end=\"2652\">ca<\/em> 190 \u00d7 98 \u00d7 40 mm (fr\u00e5n manual)<\/td>\n<\/tr>\n<tr data-start=\"2686\" data-end=\"2787\">\n<td data-start=\"2686\" data-end=\"2707\" data-col-size=\"sm\">Temperatur\u00adenheter<\/td>\n<td data-start=\"2707\" data-end=\"2787\" data-col-size=\"md\">\u00b0C \/ \u00b0F, v\u00e4xling med knapp eller app<\/td>\n<\/tr>\n<\/tbody>\n<\/table>\n<div class=\"sticky end-(--thread-content-margin) h-0 self-end select-none\">\n<div class=\"absolute end-0 flex items-end\"><\/div>\n<\/div>\n<\/div>\n<\/div>\n<hr class=\"\" data-start=\"2789\" data-end=\"2792\" \/>\n<h2 class=\"\" data-start=\"2794\" data-end=\"2822\"><strong data-start=\"2797\" data-end=\"2822\">Funktioner og fordele<\/strong><\/h2>\n<div class=\"_tableContainer_16hzy_1\">\n<div class=\"_tableWrapper_16hzy_14 group flex w-fit flex-col-reverse\">\n<table class=\"w-fit min-w-(--thread-content-width)\" data-start=\"2824\" data-end=\"3764\">\n<thead data-start=\"2824\" data-end=\"2845\">\n<tr data-start=\"2824\" data-end=\"2845\">\n<th data-start=\"2824\" data-end=\"2835\" data-col-size=\"sm\">Funktion<\/th>\n<th data-start=\"2835\" data-end=\"2845\" data-col-size=\"md\">Detalj<\/th>\n<\/tr>\n<\/thead>\n<tbody data-start=\"2868\" data-end=\"3764\">\n<tr data-start=\"2868\" data-end=\"2986\">\n<td data-start=\"2868\" data-end=\"2882\" data-col-size=\"sm\"><strong data-start=\"2870\" data-end=\"2881\">Prognos<\/strong><\/td>\n<td data-col-size=\"md\" data-start=\"2882\" data-end=\"2986\">Ikoner f\u00f6r sol, moln, regn, sn\u00f6 med regn-\/sn\u00f6\u00adstormblinkning<\/td>\n<\/tr>\n<tr data-start=\"2987\" data-end=\"3103\">\n<td data-start=\"2987\" data-end=\"3005\" data-col-size=\"sm\"><strong data-start=\"2989\" data-end=\"3004\">Sensor\u00adst\u00f6d<\/strong><\/td>\n<td data-col-size=\"md\" data-start=\"3005\" data-end=\"3103\">3 kanaler \u2013 v\u00e4xla manuellt eller l\u00e5t stationen skrolla<\/td>\n<\/tr>\n<tr data-start=\"3104\" data-end=\"3215\">\n<td data-start=\"3104\" data-end=\"3124\" data-col-size=\"sm\"><strong data-start=\"3106\" data-end=\"3123\">Min\/Max-minne<\/strong><\/td>\n<td data-col-size=\"md\" data-start=\"3124\" data-end=\"3215\">Dagens h\u00f6gsta\/l\u00e4gsta temp &amp; RH \u00e5terst\u00e4lls 00:00<\/td>\n<\/tr>\n<tr data-start=\"3216\" data-end=\"3321\">\n<td data-start=\"3216\" data-end=\"3233\" data-col-size=\"sm\"><strong data-start=\"3218\" data-end=\"3232\">Smart larm<\/strong><\/td>\n<td data-col-size=\"md\" data-start=\"3233\" data-end=\"3321\">Individuellt veckoschema f\u00f6r 3 alarm (A1\u2013A3)<\/td>\n<\/tr>\n<tr data-start=\"3322\" data-end=\"3441\">\n<td data-start=\"3322\" data-end=\"3345\" data-col-size=\"sm\"><strong data-start=\"3324\" data-end=\"3344\">Temperatur\u00adalert<\/strong><\/td>\n<td data-col-size=\"md\" data-start=\"3345\" data-end=\"3441\">St\u00e4ll h\u00f6g\/l\u00e5g-gr\u00e4ns i app \u2013 ikon + ljud p\u00e5 stationen<\/td>\n<\/tr>\n<tr data-start=\"3442\" data-end=\"3562\">\n<td data-start=\"3442\" data-end=\"3463\" data-col-size=\"sm\"><strong data-start=\"3444\" data-end=\"3462\">Bakgrunds\u00adljus<\/strong><\/td>\n<td data-col-size=\"md\" data-start=\"3463\" data-end=\"3562\">H\u00f6g \/ Medel \/ L\u00e5g \/ Av vid n\u00e4tadapter, 10 s n\u00e4r batteri<\/td>\n<\/tr>\n<tr data-start=\"3563\" data-end=\"3657\">\n<td data-start=\"3563\" data-end=\"3576\" data-col-size=\"sm\"><strong data-start=\"3565\" data-end=\"3575\">Snooze<\/strong><\/td>\n<td data-col-size=\"md\" data-start=\"3576\" data-end=\"3657\">5 minuters snooze-funktion p\u00e5 alarmet<\/td>\n<\/tr>\n<tr data-start=\"3658\" data-end=\"3764\">\n<td data-start=\"3658\" data-end=\"3680\" data-col-size=\"sm\"><strong data-start=\"3660\" data-end=\"3679\">L\u00e5g batteriniv\u00e5<\/strong><\/td>\n<td data-col-size=\"md\" data-start=\"3680\" data-end=\"3764\">Batteri\u00adikon f\u00f6r b\u00e5de station och sensor<\/td>\n<\/tr>\n<\/tbody>\n<\/table>\n<div class=\"sticky end-(--thread-content-margin) h-0 self-end select-none\">\n<div class=\"absolute end-0 flex items-end\"><\/div>\n<\/div>\n<\/div>\n<\/div>\n<hr class=\"\" data-start=\"3766\" data-end=\"3769\" \/>\n<h2 class=\"\" data-start=\"3771\" data-end=\"3796\"><strong data-start=\"3774\" data-end=\"3796\">Paketet inneh\u00e5ller<\/strong><\/h2>\n<ul data-start=\"3798\" data-end=\"3937\">\n<li class=\"\" data-start=\"3798\" data-end=\"3838\">\n<p class=\"\" data-start=\"3800\" data-end=\"3838\">1 \u00d7 Wi-Fi v\u00e4derstation Huvud\u00adenhet &#8211; Kan ocks\u00e5 drivas med 3st AAA batterier &#8211; ing\u00e5r ej. Anses som backup)<\/p>\n<\/li>\n<li class=\"\" data-start=\"3839\" data-end=\"3878\">\n<p class=\"\" data-start=\"3841\" data-end=\"3878\">1 \u00d7 Temperatur- &amp; fukt\u00adsensor (Drivs med 2st AAA batterier &#8211; ing\u00e5r ej)<\/p>\n<\/li>\n<li class=\"\" data-start=\"3879\" data-end=\"3904\">\n<p class=\"\" data-start=\"3881\" data-end=\"3904\">1 \u00d7 Str\u00f6madapter till v\u00e4derstation, huvudenhet.<\/p>\n<\/li>\n<li class=\"\" data-start=\"3905\" data-end=\"3937\">\n<p class=\"\" data-start=\"3907\" data-end=\"3937\">1 \u00d7 Bruks\u00adanvisning\/ Manual (18 spr\u00e5k): SE, EN, DE, FR, ES, IT, DA, CS, PL, HU, FI, NL, LT, RO, PT, JP, RU<\/p>\n<\/li>\n<\/ul>\n<p class=\"\" data-start=\"3939\" data-end=\"3988\"><em data-start=\"3939\" data-end=\"3988\">(extra sensorer s\u00e4ljs separat.)<\/em><\/p>","protected":false},"excerpt":{"rendered":"<ul data-start=\"101\" data-end=\"963\">\n<li class=\"\" data-start=\"101\" data-end=\"204\">\n<p class=\"\" data-start=\"103\" data-end=\"204\"><strong data-start=\"106\" data-end=\"133\">4-dages vejrudsigt online<\/strong> \u2013 downloades automatisk via Wi-Fi<\/p>\n<\/li>\n<li class=\"\" data-start=\"205\" data-end=\"317\">\n<p class=\"\" data-start=\"207\" data-end=\"317\"><strong data-start=\"210\" data-end=\"236\">Stonehouse Smart \/ Tuya \/ Smart Life (iOS\/Android)<\/strong> \u2013 alarmer, temperaturgrafer og push-notifikationer<\/p>\n<\/li>\n<li class=\"\" data-start=\"318\" data-end=\"436\">\n<p class=\"\" data-start=\"320\" data-end=\"436\"><strong data-start=\"324\" data-end=\"345\">Indend\u00f8rs + udend\u00f8rs klima<\/strong> \u2013 st\u00f8tte til <strong data-start=\"357\" data-end=\"380\">3 tr\u00e5dl\u00f8se sensorer<\/strong> (1 \u00d7 inkluderet)<\/p>\n<\/li>\n<li class=\"\" data-start=\"437\" data-end=\"523\">\n<p class=\"\" data-start=\"439\" data-end=\"523\"><strong data-start=\"442\" data-end=\"488\">Temperaturadvarsel og 3 separate v\u00e6kkeure<\/strong> \u2013 indstilles i app eller p\u00e5 enhed<\/p>\n<\/li>\n<li class=\"\" data-start=\"524\" data-end=\"619\">\n<p class=\"\" data-start=\"526\" data-end=\"619\"><strong data-start=\"529\" data-end=\"561\">Lufttryk, UV-indeks og m\u00e5nefase<\/strong> direkte p\u00e5 sk\u00e6rmen<\/p>\n<\/li>\n<li class=\"\" data-start=\"620\" data-end=\"747\">\n<p class=\"\" data-start=\"622\" data-end=\"747\"><strong data-start=\"625\" data-end=\"657\">Str\u00f8madapter + batteri-backup<\/strong> \u2013 Wi-Fi aktiv med str\u00f8madapter, 3 \u00d7 AAA som backup til stationen.<\/p>\n<\/li>\n<li class=\"\" data-start=\"748\" data-end=\"863\">\n<p class=\"\" data-start=\"750\" data-end=\"863\"><strong data-start=\"753\" data-end=\"780\">3-trins baggrundsbelysning<\/strong> eller 10 sekunders automatisk belysning ved batteridrift<\/p>\n<\/li>\n<li class=\"\" data-start=\"864\" data-end=\"963\">\n<p class=\"\" data-start=\"866\" data-end=\"963\"><strong data-start=\"869\" data-end=\"893\">100 m sensorr\u00e6kkevidde<\/strong> (frit udsyn) &amp; 25 m til router<\/p>\n<\/li>\n<\/ul>","protected":false},"featured_media":4299,"template":"","meta":{"_acf_changed":false,"inline_featured_image":false,"site-sidebar-layout":"default","site-content-layout":"","ast-site-content-layout":"default","site-content-style":"default","site-sidebar-style":"default","ast-global-header-display":"","ast-banner-title-visibility":"","ast-main-header-display":"","ast-hfb-above-header-display":"","ast-hfb-below-header-display":"","ast-hfb-mobile-header-display":"","site-post-title":"","ast-breadcrumbs-content":"","ast-featured-img":"","footer-sml-layout":"","ast-disable-related-posts":"","theme-transparent-header-meta":"default","adv-header-id-meta":"","stick-header-meta":"","header-above-stick-meta":"","header-main-stick-meta":"","header-below-stick-meta":"","astra-migrate-meta-layouts":"set","ast-page-background-enabled":"default","ast-page-background-meta":{"desktop":{"background-color":"","background-image":"","background-repeat":"repeat","background-position":"center center","background-size":"auto","background-attachment":"scroll","background-type":"","background-media":"","overlay-type":"","overlay-color":"","overlay-opacity":"","overlay-gradient":""},"tablet":{"background-color":"","background-image":"","background-repeat":"repeat","background-position":"center center","background-size":"auto","background-attachment":"scroll","background-type":"","background-media":"","overlay-type":"","overlay-color":"","overlay-opacity":"","overlay-gradient":""},"mobile":{"background-color":"","background-image":"","background-repeat":"repeat","background-position":"center center","background-size":"auto","background-attachment":"scroll","background-type":"","background-media":"","overlay-type":"","overlay-color":"","overlay-opacity":"","overlay-gradient":""}},"ast-content-background-meta":{"desktop":{"background-color":"var(--ast-global-color-5)","background-image":"","background-repeat":"repeat","background-position":"center center","background-size":"auto","background-attachment":"scroll","background-type":"","background-media":"","overlay-type":"","overlay-color":"","overlay-opacity":"","overlay-gradient":""},"tablet":{"background-color":"var(--ast-global-color-5)","background-image":"","background-repeat":"repeat","background-position":"center center","background-size":"auto","background-attachment":"scroll","background-type":"","background-media":"","overlay-type":"","overlay-color":"","overlay-opacity":"","overlay-gradient":""},"mobile":{"background-color":"var(--ast-global-color-5)","background-image":"","background-repeat":"repeat","background-position":"center center","background-size":"auto","background-attachment":"scroll","background-type":"","background-media":"","overlay-type":"","overlay-color":"","overlay-opacity":"","overlay-gradient":""}}},"product_brand":[],"product_cat":[218,442],"product_tag":[],"class_list":{"0":"post-5323","1":"product","2":"type-product","3":"status-publish","4":"has-post-thumbnail","6":"product_cat-stonehouse-smart","7":"product_cat-vaderstationer","8":"pa_brands-stonehouse-smart","9":"desktop-align-left","10":"tablet-align-center","11":"mobile-align-center","13":"first","14":"instock","15":"shipping-taxable","16":"product-type-simple"},"acf":[],"_links":{"self":[{"href":"https:\/\/stonehousesmart.se\/da\/wp-json\/wp\/v2\/product\/5323","targetHints":{"allow":["GET"]}}],"collection":[{"href":"https:\/\/stonehousesmart.se\/da\/wp-json\/wp\/v2\/product"}],"about":[{"href":"https:\/\/stonehousesmart.se\/da\/wp-json\/wp\/v2\/types\/product"}],"wp:featuredmedia":[{"embeddable":true,"href":"https:\/\/stonehousesmart.se\/da\/wp-json\/wp\/v2\/media\/4299"}],"wp:attachment":[{"href":"https:\/\/stonehousesmart.se\/da\/wp-json\/wp\/v2\/media?parent=5323"}],"wp:term":[{"taxonomy":"product_brand","embeddable":true,"href":"https:\/\/stonehousesmart.se\/da\/wp-json\/wp\/v2\/product_brand?post=5323"},{"taxonomy":"product_cat","embeddable":true,"href":"https:\/\/stonehousesmart.se\/da\/wp-json\/wp\/v2\/product_cat?post=5323"},{"taxonomy":"product_tag","embeddable":true,"href":"https:\/\/stonehousesmart.se\/da\/wp-json\/wp\/v2\/product_tag?post=5323"}],"curies":[{"name":"wp","href":"https:\/\/api.w.org\/{rel}","templated":true}]}}