{"id":4157,"date":"2025-09-15T11:16:44","date_gmt":"2025-09-15T09:16:44","guid":{"rendered":"https:\/\/stonehousesmart.se\/product\/securex-vibrasense-detekterar-fonster-eller-dorrpaverkan\/"},"modified":"2026-03-27T14:46:14","modified_gmt":"2026-03-27T13:46:14","slug":"securex-vibrasense","status":"publish","type":"product","link":"https:\/\/stonehousesmart.se\/de\/product\/securex-vibrasense\/","title":{"rendered":"SecureX VibraSense \u2013 Vibrationsdetektor mit integriertem Notrufalarm (SOS)"},"content":{"rendered":"<h2 data-start=\"195\" data-end=\"261\">SecureX VibraSense \u2013 Vibrationssensor mit integriertem Notrufalarm (SOS)<\/h2>\n<p data-start=\"263\" data-end=\"583\">SecureX VibraSense ist ein <strong data-start=\"288\" data-end=\"329\">empfindlicher und zuverl\u00e4ssiger Vibrationssensor<\/strong> Das System sch\u00fctzt T\u00fcren, Fenster, Glasfl\u00e4chen und andere empfindliche Objekte vor Einbruch und Manipulation. Der Sensor reagiert direkt auf St\u00f6\u00dfe, Bohr- und Einbruchsversuche und sendet sofort einen Alarm. <strong data-start=\"513\" data-end=\"531\">SecureX Hub<\/strong>, das Alarme und Benachrichtigungen zentral im System verarbeitet.<\/p>\n<p data-start=\"585\" data-end=\"722\">Alle Ereignisse werden angezeigt in <strong data-start=\"608\" data-end=\"634\">Die Stonehouse Smart App<\/strong>, Hier erhalten Sie Push-Benachrichtigungen in Echtzeit und volle Kontrolle \u00fcber die Sicherheit \u2013 direkt auf Ihrem Mobilger\u00e4t.<\/p>\n<hr data-start=\"724\" data-end=\"727\" \/>\n<h3 data-start=\"729\" data-end=\"777\">Wirksamer Schutz vor Manipulation und Einbruch<\/h3>\n<p data-start=\"778\" data-end=\"981\">VibraSense wurde entwickelt, um Einbruchsversuche bereits vor dem \u00d6ffnen einer T\u00fcr, eines Fensters oder einer Glasscheibe zu erkennen. Die fortschrittliche Vibrationserkennung macht den Sensor besonders wirksam beim Schutz vor:<\/p>\n<ul data-start=\"982\" data-end=\"1043\">\n<li data-start=\"982\" data-end=\"1015\">\n<p data-start=\"984\" data-end=\"1015\">St\u00f6\u00dfe und starke Vibrationen<\/p>\n<\/li>\n<li data-start=\"1016\" data-end=\"1028\">\n<p data-start=\"1018\" data-end=\"1028\">Bohren<\/p>\n<\/li>\n<li data-start=\"1029\" data-end=\"1043\">\n<p data-start=\"1031\" data-end=\"1043\">Ausbruchsversuch<\/p>\n<\/li>\n<\/ul>\n<p data-start=\"1045\" data-end=\"1122\">Dies bietet im Vergleich zu herk\u00f6mmlichen Magnetkontakten eine zus\u00e4tzliche Sicherheitsebene.<\/p>\n<hr data-start=\"1124\" data-end=\"1127\" \/>\n<h3 data-start=\"1129\" data-end=\"1182\">Eingebauter SOS-Knopf \u2013 zus\u00e4tzliche Sicherheit bei Bedarf<\/h3>\n<p data-start=\"1183\" data-end=\"1341\">Zus\u00e4tzlich zum Einbruchschutz bietet SecureX VibraSense folgende Funktionen: <strong data-start=\"1230\" data-end=\"1251\">eingebauter SOS-Knopf<\/strong> Dies kann als Notfallalarm genutzt werden. Durch einfaches Dr\u00fccken wird \u00fcber das SecureX-System ein Alarm ausgel\u00f6st.<\/p>\n<p data-start=\"1343\" data-end=\"1374\">Die SOS-Funktion ist ideal f\u00fcr:<\/p>\n<ul data-start=\"1375\" data-end=\"1497\">\n<li data-start=\"1375\" data-end=\"1393\">\n<p data-start=\"1377\" data-end=\"1393\">\u00e4ltere Menschen<\/p>\n<\/li>\n<li data-start=\"1394\" data-end=\"1429\">\n<p data-start=\"1396\" data-end=\"1429\">H\u00e4user, die zus\u00e4tzlichen Sicherheitsbedarf haben<\/p>\n<\/li>\n<li data-start=\"1430\" data-end=\"1458\">\n<p data-start=\"1432\" data-end=\"1458\">Gesundheits- und Sozialwesen<\/p>\n<\/li>\n<li data-start=\"1459\" data-end=\"1497\">\n<p data-start=\"1461\" data-end=\"1497\">Situationen, in denen schnelle Hilfe ben\u00f6tigt wird<\/p>\n<\/li>\n<\/ul>\n<p data-start=\"1499\" data-end=\"1559\">Eine gut sichtbare LED-Anzeige best\u00e4tigt die Aktivierung des Alarms.<\/p>\n<hr data-start=\"1561\" data-end=\"1564\" \/>\n<h3 data-start=\"1566\" data-end=\"1606\">Einfache Installation und lange Akkulaufzeit<\/h3>\n<p data-start=\"1607\" data-end=\"1842\">VibraSense l\u00e4sst sich mit dem mitgelieferten doppelseitigen Klebeband schnell und einfach montieren \u2013 ganz ohne Verkabelung. Der Sensor wird mit Strom versorgt durch <strong data-start=\"1725\" data-end=\"1748\">1 \u00d7 A23 12V Batterie<\/strong> und hat einen geringen Stromverbrauch, der bis zu <strong data-start=\"1799\" data-end=\"1819\">2 Jahre Standby-Zeit<\/strong> bei normalem Gebrauch.<\/p>\n<hr data-start=\"1844\" data-end=\"1847\" \/>\n<h3 data-start=\"1849\" data-end=\"1879\">Teil des SecureX-Systems<\/h3>\n<p data-start=\"1880\" data-end=\"1974\">SecureX VibraSense ist ein Sensor f\u00fcr SecureX und wird immer zusammen mit dem SecureX-Hub verwendet.<\/p>\n<ul data-start=\"1976\" data-end=\"2160\">\n<li data-start=\"1976\" data-end=\"2015\">\n<p data-start=\"1978\" data-end=\"2015\">Der Sensor wird an den SecureX-Hub angeschlossen.<\/p>\n<\/li>\n<li data-start=\"2016\" data-end=\"2056\">\n<p data-start=\"2018\" data-end=\"2056\">Alarme und Benachrichtigungen werden \u00fcber den Hub verwaltet.<\/p>\n<\/li>\n<li data-start=\"2057\" data-end=\"2119\">\n<p data-start=\"2059\" data-end=\"2119\">Kompatibilit\u00e4t mit <strong data-start=\"2078\" data-end=\"2117\">Tuya und Smart Life werden \u00fcber den Hub gesteuert.<\/strong><\/p>\n<\/li>\n<li data-start=\"2120\" data-end=\"2160\">\n<p data-start=\"2122\" data-end=\"2160\">Der Sensor kann nicht eigenst\u00e4ndig verwendet werden.<\/p>\n<\/li>\n<\/ul>\n<p data-start=\"2162\" data-end=\"2215\">Dies gilt f\u00fcr dieses Produkt und alle SecureX-Sensoren.<\/p>\n<hr data-start=\"2217\" data-end=\"2220\" \/>\n<h3 data-start=\"2222\" data-end=\"2244\">Vorteile im \u00dcberblick<\/h3>\n<ul data-start=\"2245\" data-end=\"2574\">\n<li data-start=\"2245\" data-end=\"2288\">\n<p data-start=\"2247\" data-end=\"2288\">Empfindliche und pr\u00e4zise Vibrationserkennung<\/p>\n<\/li>\n<li data-start=\"2289\" data-end=\"2332\">\n<p data-start=\"2291\" data-end=\"2332\">Schutz vor St\u00f6\u00dfen, Bohren und Einbruchsversuchen<\/p>\n<\/li>\n<li data-start=\"2333\" data-end=\"2366\">\n<p data-start=\"2335\" data-end=\"2366\">Eingebauter SOS-Knopf f\u00fcr Notrufe<\/p>\n<\/li>\n<li data-start=\"2367\" data-end=\"2406\">\n<p data-start=\"2369\" data-end=\"2406\">Klare LED-Anzeige f\u00fcr Alarmstatus<\/p>\n<\/li>\n<li data-start=\"2407\" data-end=\"2446\">\n<p data-start=\"2409\" data-end=\"2446\">Vollst\u00e4ndige Integration \u00fcber den SecureX-Hub<\/p>\n<\/li>\n<li data-start=\"2447\" data-end=\"2487\">\n<p data-start=\"2449\" data-end=\"2487\">Push-Benachrichtigungen in der Stonehouse Smart App<\/p>\n<\/li>\n<li data-start=\"2488\" data-end=\"2529\">\n<p data-start=\"2490\" data-end=\"2529\">Einfache Installation ohne Verkabelung<\/p>\n<\/li>\n<li data-start=\"2530\" data-end=\"2574\">\n<p data-start=\"2532\" data-end=\"2574\">Geringer Stromverbrauch und lange Akkulaufzeit<\/p>\n<\/li>\n<\/ul>\n<hr data-start=\"2576\" data-end=\"2579\" \/>\n<h3 data-start=\"2581\" data-end=\"2611\">Typische Anwendungen<\/h3>\n<ul data-start=\"2612\" data-end=\"2737\">\n<li data-start=\"2612\" data-end=\"2634\">\n<p data-start=\"2614\" data-end=\"2634\">T\u00fcren und Fenster<\/p>\n<\/li>\n<li data-start=\"2635\" data-end=\"2664\">\n<p data-start=\"2637\" data-end=\"2664\">Glasfl\u00e4chen und Schaufenster<\/p>\n<\/li>\n<li data-start=\"2665\" data-end=\"2697\">\n<p data-start=\"2667\" data-end=\"2697\">Tresore, Lagerr\u00e4ume und Garagen<\/p>\n<\/li>\n<li data-start=\"2698\" data-end=\"2737\">\n<p data-start=\"2700\" data-end=\"2737\">Zus\u00e4tzliche Notrufsysteme in Privathaushalten und Gesundheitseinrichtungen<\/p>\n<\/li>\n<\/ul>\n<hr data-start=\"2739\" data-end=\"2742\" \/>\n<h3 data-start=\"2744\" data-end=\"2769\">Technische Spezifikation<\/h3>\n<ul data-start=\"2770\" data-end=\"3049\">\n<li data-start=\"2770\" data-end=\"2794\">\n<p data-start=\"2772\" data-end=\"2794\">Batterie: A23 12V \u00d7 1<\/p>\n<\/li>\n<li data-start=\"2795\" data-end=\"2819\">\n<p data-start=\"2797\" data-end=\"2819\">Standby-Strom: &lt;10 mA<\/p>\n<\/li>\n<li data-start=\"2820\" data-end=\"2841\">\n<p data-start=\"2822\" data-end=\"2841\">Alarmstrom: \u226420 mA<\/p>\n<\/li>\n<li data-start=\"2842\" data-end=\"2896\">\n<p data-start=\"2844\" data-end=\"2896\">Kommunikation: 433 MHz (EV1527), kodiert f\u00fcr SecureX<\/p>\n<\/li>\n<li data-start=\"2897\" data-end=\"2928\">\n<p data-start=\"2899\" data-end=\"2928\">Reichweite: \u2265100 m (Sichtlinie)<\/p>\n<\/li>\n<li data-start=\"2929\" data-end=\"2969\">\n<p data-start=\"2931\" data-end=\"2969\">Betriebstemperatur: \u221210 \u00b0C bis +50 \u00b0C<\/p>\n<\/li>\n<li data-start=\"2970\" data-end=\"3023\">\n<p data-start=\"2972\" data-end=\"3023\">Relative Luftfeuchtigkeit: \u226495 % (nicht kondensierend)<\/p>\n<\/li>\n<li data-start=\"3024\" data-end=\"3049\">\n<p data-start=\"3026\" data-end=\"3049\">Abmessungen: 65 \u00d7 31 \u00d7 15 mm<\/p>\n<\/li>\n<\/ul>","protected":false},"excerpt":{"rendered":"<p>Vibrationssensor f\u00fcr das SecureX-System, der bei St\u00f6\u00dfen, Bohrvorg\u00e4ngen und Aufbruchversuchen Alarm schl\u00e4gt.<\/p>\n<p>Integrierte SOS-Taste f\u00fcr Notfallalarme und Echtzeitbenachrichtigungen \u00fcber SecureX Hub und Stonehouse Smart App.<\/p>","protected":false},"featured_media":4677,"template":"","meta":{"_acf_changed":false,"inline_featured_image":false,"site-sidebar-layout":"default","site-content-layout":"","ast-site-content-layout":"default","site-content-style":"default","site-sidebar-style":"default","ast-global-header-display":"","ast-banner-title-visibility":"","ast-main-header-display":"","ast-hfb-above-header-display":"","ast-hfb-below-header-display":"","ast-hfb-mobile-header-display":"","site-post-title":"","ast-breadcrumbs-content":"","ast-featured-img":"","footer-sml-layout":"","ast-disable-related-posts":"","theme-transparent-header-meta":"default","adv-header-id-meta":"","stick-header-meta":"","header-above-stick-meta":"","header-main-stick-meta":"","header-below-stick-meta":"","astra-migrate-meta-layouts":"set","ast-page-background-enabled":"default","ast-page-background-meta":{"desktop":{"background-color":"","background-image":"","background-repeat":"repeat","background-position":"center center","background-size":"auto","background-attachment":"scroll","background-type":"","background-media":"","overlay-type":"","overlay-color":"","overlay-opacity":"","overlay-gradient":""},"tablet":{"background-color":"","background-image":"","background-repeat":"repeat","background-position":"center center","background-size":"auto","background-attachment":"scroll","background-type":"","background-media":"","overlay-type":"","overlay-color":"","overlay-opacity":"","overlay-gradient":""},"mobile":{"background-color":"","background-image":"","background-repeat":"repeat","background-position":"center center","background-size":"auto","background-attachment":"scroll","background-type":"","background-media":"","overlay-type":"","overlay-color":"","overlay-opacity":"","overlay-gradient":""}},"ast-content-background-meta":{"desktop":{"background-color":"var(--ast-global-color-5)","background-image":"","background-repeat":"repeat","background-position":"center center","background-size":"auto","background-attachment":"scroll","background-type":"","background-media":"","overlay-type":"","overlay-color":"","overlay-opacity":"","overlay-gradient":""},"tablet":{"background-color":"var(--ast-global-color-5)","background-image":"","background-repeat":"repeat","background-position":"center center","background-size":"auto","background-attachment":"scroll","background-type":"","background-media":"","overlay-type":"","overlay-color":"","overlay-opacity":"","overlay-gradient":""},"mobile":{"background-color":"var(--ast-global-color-5)","background-image":"","background-repeat":"repeat","background-position":"center center","background-size":"auto","background-attachment":"scroll","background-type":"","background-media":"","overlay-type":"","overlay-color":"","overlay-opacity":"","overlay-gradient":""}}},"product_brand":[233],"product_cat":[48,49],"product_tag":[],"class_list":{"0":"post-4157","1":"product","2":"type-product","3":"status-publish","4":"has-post-thumbnail","6":"product_brand-connect-pro","7":"product_cat-securex-smart-alarm","8":"product_cat-sensorer-dorr-fonster","9":"pa_brands-securex-connect-pro","10":"pa_brands-stonehouse-smart","11":"desktop-align-left","12":"tablet-align-center","13":"mobile-align-center","15":"first","16":"instock","17":"shipping-taxable","18":"product-type-simple"},"acf":[],"_links":{"self":[{"href":"https:\/\/stonehousesmart.se\/de\/wp-json\/wp\/v2\/product\/4157","targetHints":{"allow":["GET"]}}],"collection":[{"href":"https:\/\/stonehousesmart.se\/de\/wp-json\/wp\/v2\/product"}],"about":[{"href":"https:\/\/stonehousesmart.se\/de\/wp-json\/wp\/v2\/types\/product"}],"wp:featuredmedia":[{"embeddable":true,"href":"https:\/\/stonehousesmart.se\/de\/wp-json\/wp\/v2\/media\/4677"}],"wp:attachment":[{"href":"https:\/\/stonehousesmart.se\/de\/wp-json\/wp\/v2\/media?parent=4157"}],"wp:term":[{"taxonomy":"product_brand","embeddable":true,"href":"https:\/\/stonehousesmart.se\/de\/wp-json\/wp\/v2\/product_brand?post=4157"},{"taxonomy":"product_cat","embeddable":true,"href":"https:\/\/stonehousesmart.se\/de\/wp-json\/wp\/v2\/product_cat?post=4157"},{"taxonomy":"product_tag","embeddable":true,"href":"https:\/\/stonehousesmart.se\/de\/wp-json\/wp\/v2\/product_tag?post=4157"}],"curies":[{"name":"wp","href":"https:\/\/api.w.org\/{rel}","templated":true}]}}