{"id":4219,"date":"2025-09-15T11:16:42","date_gmt":"2025-09-15T09:16:42","guid":{"rendered":"https:\/\/stonehousesmart.se\/product\/securex-connect-pro-7-lora-panel-rfid-touchskarm\/"},"modified":"2026-03-31T10:50:22","modified_gmt":"2026-03-31T08:50:22","slug":"securex-connect-pro-lorapanel-touchskarm","status":"publish","type":"product","link":"https:\/\/stonehousesmart.se\/de\/product\/securex-connect-pro-lorapanel-touchskarm\/","title":{"rendered":"SecureX Connect Pro Central med touchsk\u00e4rm &#8211; Svensk version med 4G och app"},"content":{"rendered":"<h2>SecureX Connect Pro Zentral-Touchscreen (Schwedische Version)<\/h2>\n<p>Alarmanlage ohne Abonnement mit 3 Jahren Garantie und vollem Support durch Swedish Stonehouse Security AB.<\/p>\n<p>SecureX Connect Pro ist das Herzst\u00fcck des SecureX-Systems \u2013 eine leistungsstarke Alarmzentrale mit <strong>7-Zoll-Touchscreen<\/strong> das alle SecureX-Ger\u00e4te in einem System zusammenf\u00fchrt.<\/p>\n<p>Dank des einfachen Startmen\u00fcs kann jeder den Wecker in etwa 30 Minuten konfigurieren; die Anleitung dazu ist auf Schwedisch., <span style=\"text-decoration: underline\"><strong>Das Men\u00fc wird immer in der von Ihnen gew\u00e4hlten Sprache angezeigt.<\/strong><\/span> als Standard zu haben.<\/p>\n<p>Im Alarmfall ert\u00f6nen die Sirenen, und Sie erhalten eine Alarmbenachrichtigung per App auf Ihr Mobiltelefon. Wenn Sie eine 4G-SIM-Karte ausgew\u00e4hlt und konfiguriert haben, erhalten Sie zus\u00e4tzlich eine SMS und eine Sprachnachricht.<\/p>\n<p>Die Stimme gibt in Ihrer Sprache bekannt, welcher Bereich ausgel\u00f6st wurde, und Sie k\u00f6nnen auch h\u00f6ren, was in Ihrem Haus passiert. Wenn Sie beispielsweise einen stillen SOS-Alarm haben, kann die Person mit Ihnen sprechen, und Sie k\u00f6nnen \u00fcber das eingebaute Mikrofon des Hubs mit ihr sprechen und kommunizieren.<\/p>\n<p>Das Gremium erh\u00e4lt <strong>kostenlose Updates \u00fcber die App<\/strong> w\u00e4hrend der gesamten Lebensdauer des Alarms.<\/p>\n<p>Der SecureX-Alarm <strong>Bedienfeld (mit Anzeige und Klartext), Sprachnachrichten und Stonehouse Smart App<\/strong> erh\u00e4ltlich unter:<\/p>\n<p><em><strong><span style=\"text-decoration: underline\">Schwedisch, Englisch, Deutsch, Finnisch, Franz\u00f6sisch, Niederl\u00e4ndisch, Polnisch, Spanisch, Norwegisch und D\u00e4nisch.<\/span><\/strong><\/em><\/p>\n<hr \/>\n<h3>Leistungsstarkes Panel mit gro\u00dfer Reichweite<\/h3>\n<p>Der gro\u00dfe <strong>7\u2033 IPS-Touchscreen (1024\u00d7600)<\/strong> bietet eine \u00fcbersichtliche und benutzerfreundliche Oberfl\u00e4che. <strong>600-MHz-Chip<\/strong> Und <strong>eingebauter 5000-mAh-Akku<\/strong> Das System funktioniert auch bei einem Stromausfall weiter.<\/p>\n<p>Dank <strong>Long Range\/LoRa<\/strong> Stehst du auf bis <strong>500 m Reichweite bei freier Sichtlinie<\/strong>, Dadurch eignet es sich besonders gut f\u00fcr gr\u00f6\u00dfere Anwesen, wo die Reichweite eines normalen WLANs nicht ausreicht.<\/p>\n<hr \/>\n<h3>Hybrid-Alarmanlage \u2013 drahtlos + kabelgebunden<\/h3>\n<p>SecureX Connect Pro unterst\u00fctzt:<\/p>\n<ul>\n<li>Bis zu <strong>200 SecureX-Funkger\u00e4te<\/strong><\/li>\n<li><strong>8 verkabelte Zonen<\/strong> f\u00fcr Hybridinstallation<\/li>\n<li><strong>Wi-Fi, 2G oder 4G<\/strong> f\u00fcr die Verbindung<\/li>\n<li><strong>Zwei-Wege-Kommunikation<\/strong> und bis zu <strong>5 Notrufnummern<\/strong><\/li>\n<li>Integrierte Protokolle: <strong>433 MHz (EV1527)<\/strong> Und <strong>868 MHz Langstreckenreichweite<\/strong> mit SecureX-Verschl\u00fcsselung<\/li>\n<\/ul>\n<p>Die gesamte Steuerung erfolgt \u00fcber <strong>Die Stonehouse Smart App<\/strong> (mit nordischen Sprachen). Kompatibilit\u00e4t mit <strong>Tuya<\/strong> Und <strong>Smart Life<\/strong> findet \u00fcber den Hub statt.<\/p>\n<hr \/>\n<h3>Wichtige Klarstellung<\/h3>\n<ul>\n<li>Das ist <strong>SecureX Hub\/Panel (nur)<\/strong><\/li>\n<li><strong>Sensoren und Zubeh\u00f6r sind nicht im Lieferumfang enthalten.<\/strong><\/li>\n<li><strong>USB-C-Netzteil im Lieferumfang enthalten<\/strong><\/li>\n<li>Kompatibel mit SecureX-Sensoren und -Zubeh\u00f6r<\/li>\n<\/ul>\n<hr \/>\n<h3>Funktionen und Vorteile<\/h3>\n<ul>\n<li><strong>7\u2033 IPS-Touchscreen<\/strong> mit hoher Aufl\u00f6sung<\/li>\n<li><strong>10 Sprachen + Sprachinformationen:<\/strong> Schwedisch, Norwegisch, D\u00e4nisch, Finnisch, Englisch, Deutsch, Polnisch, Franz\u00f6sisch, Spanisch, Niederl\u00e4ndisch<\/li>\n<li><strong>Langstrecken-LoRa-Verbindung bis zu 500 m<\/strong> (klare Sicht)<\/li>\n<li><strong>200 drahtlose Ger\u00e4te + 8 kabelgebundene Zonen<\/strong><\/li>\n<li><strong>Eingebaute Sirene <\/strong>(bis zu 120 dB)<\/li>\n<li><strong>5000 mAh Ersatzakku<\/strong> (bis zu ca. 32 Stunden Standby-Zeit)<\/li>\n<li><strong>Gegensprechfunktion &amp; mehrere Notrufnummern<\/strong><\/li>\n<li><strong>Manipulationsalarm &amp; Warnung bei niedrigem Batteriestand<\/strong><\/li>\n<li>Volle Kontrolle per App<\/li>\n<li>Einfache Installation \u00fcber <strong>USB-C<\/strong> oder <strong>12 V<\/strong><\/li>\n<li><strong>Kostenlose OTA-Updates<\/strong> \u00fcber die Stonehouse Smart App<\/li>\n<li><strong>Unterst\u00fctzung durch Stonehouse Security<\/strong> der auch f\u00fcr die App und die Software f\u00fcr die Alarmanlage verantwortlich ist.<\/li>\n<\/ul>\n<hr \/>\n<h3>Zertifizierungen &amp; Qualit\u00e4t<\/h3>\n<p>SecureX Connect Pro wurde getestet und zertifiziert nach folgenden Standards:<\/p>\n<ul>\n<li><strong>CE<\/strong><\/li>\n<li><strong>RoHS<\/strong><\/li>\n<li><strong>ERREICHEN<\/strong><\/li>\n<li><strong>FCC-ID (H700)<\/strong><\/li>\n<li><strong>UKCA (H700)<\/strong><\/li>\n<li><strong>ERP-Bericht<\/strong> (energieeffiziente Bauweise)<\/li>\n<\/ul>\n<hr \/>\n<h3>Lieferinhalt<\/h3>\n<ul>\n<li>SecureX Connect Pro 7\u2033 Alarmzentrale: <strong>1 St\u00fcck<\/strong><\/li>\n<li>USB-C-Netzteil: <strong>1 St\u00fcck<\/strong><\/li>\n<li>Wandhalterung<\/li>\n<li>Schrauben und D\u00fcbel<\/li>\n<li>Handbuch<\/li>\n<\/ul>","protected":false},"excerpt":{"rendered":"<p class=\"\" data-start=\"307\" data-end=\"466\"><strong data-start=\"46\" data-end=\"116\">SecureX Connect Pro Hub, entwickelt f\u00fcr den deutschen Markt.<\/strong><\/p>\n<p class=\"\" data-start=\"307\" data-end=\"466\">Der klare deutsche Touchscreen und die benutzerfreundliche Einrichtungsanleitung helfen Ihnen, schnell loszulegen, w\u00e4hrend die Hub-Zentrale alle SecureX-Ger\u00e4te in einem smarten und einfach zu bedienenden System vereint.<\/p>\n<p class=\"\" data-start=\"307\" data-end=\"466\">Sie erhalten Alarme direkt auf Ihr Mobiltelefon und mit einer 4G-SIM-Karte k\u00f6nnen Sie im Alarmfall auch SMS und Sprachnachrichten empfangen.<\/p>\n<p class=\"\" data-start=\"307\" data-end=\"466\">Das Bedienfeld verf\u00fcgt \u00fcber eine eingebaute Sirene, einen Sabotagealarm, eine Notstrombatterie und wird \u00fcber Schwedisch gesteuert. <strong data-start=\"348\" data-end=\"374\">Die Stonehouse Smart App<\/strong>, und ist kompatibel mit <strong data-start=\"399\" data-end=\"420\" data-is-only-node=\"\">Tuya &amp; Smart Life<\/strong>.<\/p>\n<p data-start=\"307\" data-end=\"466\">Der SecureX-Alarm <strong>Bedienfeld (mit Anzeige und Klartext), Sprachnachrichten und Stonehouse Smart App<\/strong> Verf\u00fcgbar in Schwedisch, Englisch, Deutsch, Finnisch, Franz\u00f6sisch, Niederl\u00e4ndisch, Polnisch, Spanisch, Norwegisch und D\u00e4nisch.<\/p>","protected":false},"featured_media":4920,"template":"","meta":{"_acf_changed":false,"inline_featured_image":false,"site-sidebar-layout":"default","site-content-layout":"","ast-site-content-layout":"default","site-content-style":"default","site-sidebar-style":"default","ast-global-header-display":"","ast-banner-title-visibility":"","ast-main-header-display":"","ast-hfb-above-header-display":"","ast-hfb-below-header-display":"","ast-hfb-mobile-header-display":"","site-post-title":"","ast-breadcrumbs-content":"","ast-featured-img":"","footer-sml-layout":"","ast-disable-related-posts":"","theme-transparent-header-meta":"default","adv-header-id-meta":"","stick-header-meta":"","header-above-stick-meta":"","header-main-stick-meta":"","header-below-stick-meta":"","astra-migrate-meta-layouts":"set","ast-page-background-enabled":"default","ast-page-background-meta":{"desktop":{"background-color":"","background-image":"","background-repeat":"repeat","background-position":"center center","background-size":"auto","background-attachment":"scroll","background-type":"","background-media":"","overlay-type":"","overlay-color":"","overlay-opacity":"","overlay-gradient":""},"tablet":{"background-color":"","background-image":"","background-repeat":"repeat","background-position":"center center","background-size":"auto","background-attachment":"scroll","background-type":"","background-media":"","overlay-type":"","overlay-color":"","overlay-opacity":"","overlay-gradient":""},"mobile":{"background-color":"","background-image":"","background-repeat":"repeat","background-position":"center center","background-size":"auto","background-attachment":"scroll","background-type":"","background-media":"","overlay-type":"","overlay-color":"","overlay-opacity":"","overlay-gradient":""}},"ast-content-background-meta":{"desktop":{"background-color":"var(--ast-global-color-5)","background-image":"","background-repeat":"repeat","background-position":"center center","background-size":"auto","background-attachment":"scroll","background-type":"","background-media":"","overlay-type":"","overlay-color":"","overlay-opacity":"","overlay-gradient":""},"tablet":{"background-color":"var(--ast-global-color-5)","background-image":"","background-repeat":"repeat","background-position":"center center","background-size":"auto","background-attachment":"scroll","background-type":"","background-media":"","overlay-type":"","overlay-color":"","overlay-opacity":"","overlay-gradient":""},"mobile":{"background-color":"var(--ast-global-color-5)","background-image":"","background-repeat":"repeat","background-position":"center center","background-size":"auto","background-attachment":"scroll","background-type":"","background-media":"","overlay-type":"","overlay-color":"","overlay-opacity":"","overlay-gradient":""}}},"product_brand":[233],"product_cat":[79,48],"product_tag":[],"class_list":{"0":"post-4219","1":"product","2":"type-product","3":"status-publish","4":"has-post-thumbnail","6":"product_brand-connect-pro","7":"product_cat-centralenheter-hub","8":"product_cat-securex-smart-alarm","9":"pa_brands-securex-connect-pro","10":"pa_brands-stonehouse-smart","11":"desktop-align-left","12":"tablet-align-center","13":"mobile-align-center","15":"first","16":"instock","17":"shipping-taxable","18":"product-type-simple"},"acf":[],"_links":{"self":[{"href":"https:\/\/stonehousesmart.se\/de\/wp-json\/wp\/v2\/product\/4219","targetHints":{"allow":["GET"]}}],"collection":[{"href":"https:\/\/stonehousesmart.se\/de\/wp-json\/wp\/v2\/product"}],"about":[{"href":"https:\/\/stonehousesmart.se\/de\/wp-json\/wp\/v2\/types\/product"}],"wp:featuredmedia":[{"embeddable":true,"href":"https:\/\/stonehousesmart.se\/de\/wp-json\/wp\/v2\/media\/4920"}],"wp:attachment":[{"href":"https:\/\/stonehousesmart.se\/de\/wp-json\/wp\/v2\/media?parent=4219"}],"wp:term":[{"taxonomy":"product_brand","embeddable":true,"href":"https:\/\/stonehousesmart.se\/de\/wp-json\/wp\/v2\/product_brand?post=4219"},{"taxonomy":"product_cat","embeddable":true,"href":"https:\/\/stonehousesmart.se\/de\/wp-json\/wp\/v2\/product_cat?post=4219"},{"taxonomy":"product_tag","embeddable":true,"href":"https:\/\/stonehousesmart.se\/de\/wp-json\/wp\/v2\/product_tag?post=4219"}],"curies":[{"name":"wp","href":"https:\/\/api.w.org\/{rel}","templated":true}]}}