{"id":4231,"date":"2025-09-15T11:16:43","date_gmt":"2025-09-15T09:16:43","guid":{"rendered":"https:\/\/stonehousesmart.se\/product\/securex-signalmax-starker-signal-for-larmenheter\/"},"modified":"2026-03-13T18:13:23","modified_gmt":"2026-03-13T17:13:23","slug":"securex-signalmax-600-meter","status":"publish","type":"product","link":"https:\/\/stonehousesmart.se\/de\/product\/securex-signalmax-600-meter\/","title":{"rendered":"SecureX SignalMax \u2013 St\u00e4rkeres Signal f\u00fcr Alarmger\u00e4te bis zu 600 Meter"},"content":{"rendered":"<h2 data-start=\"113\" data-end=\"183\">SecureX SignalMax \u2013 Signalverst\u00e4rker (Repeater) f\u00fcr SecureX-Systeme<\/h2>\n<p data-start=\"185\" data-end=\"509\">SecureX SignalMax ist ein leistungsstarker Signalverst\u00e4rker, der die Reichweite und Stabilit\u00e4t Ihres SecureX-Alarmsystems verbessert. Er fungiert als Br\u00fccke zwischen Ihren Sensoren\/Fernbedienungen und der SecureX-Zentrale und erm\u00f6glicht so, dass Signale auch gr\u00f6\u00dfere Grundst\u00fccke, mehrst\u00f6ckige Geb\u00e4ude oder Umgebungen mit dicken W\u00e4nden und St\u00f6rungen erreichen.<\/p>\n<p data-start=\"511\" data-end=\"683\">Mit einer \u00dcbertragungsreichweite von bis zu <strong data-start=\"548\" data-end=\"572\">600 Meter in freier Sicht<\/strong> SignalMax ist die perfekte L\u00f6sung f\u00fcr private und professionelle Installationen, bei denen eine gr\u00f6\u00dfere Reichweite ben\u00f6tigt wird.<\/p>\n<h3 data-start=\"685\" data-end=\"729\">Stabile Kommunikation im gesamten Geb\u00e4ude<\/h3>\n<p data-start=\"730\" data-end=\"752\">SignalMax kann Folgendes verarbeiten:<\/p>\n<ul data-start=\"753\" data-end=\"824\">\n<li data-start=\"753\" data-end=\"790\">\n<p data-start=\"755\" data-end=\"790\">Bis zu <strong data-start=\"764\" data-end=\"790\">99 drahtlose Detektoren<\/strong><\/p>\n<\/li>\n<li data-start=\"791\" data-end=\"824\">\n<p data-start=\"793\" data-end=\"824\">Bis zu <strong data-start=\"802\" data-end=\"824\">99 Fernbedienungen<\/strong><\/p>\n<\/li>\n<\/ul>\n<p data-start=\"826\" data-end=\"918\">Das Ger\u00e4t ist ausgestattet mit <strong data-start=\"850\" data-end=\"866\">Metallantenne<\/strong> f\u00fcr ein besonders stabiles Signal und die bestm\u00f6gliche Reichweite.<\/p>\n<p data-start=\"920\" data-end=\"983\">Wichtig: <strong data-start=\"929\" data-end=\"983\">Pro System sollte nur 1 SignalMax verwendet werden.<\/strong><\/p>\n<h3 data-start=\"985\" data-end=\"1011\">System &amp; App (wichtig)<\/h3>\n<p data-start=\"1012\" data-end=\"1099\">SecureX SignalMax ist eine Systemkomponente, die zusammen mit <strong data-start=\"1080\" data-end=\"1098\">SecureX Hub<\/strong>:<\/p>\n<ul data-start=\"1100\" data-end=\"1301\">\n<li data-start=\"1100\" data-end=\"1151\">\n<p data-start=\"1102\" data-end=\"1151\">Die gesamte Abwicklung erfolgt \u00fcber <strong data-start=\"1125\" data-end=\"1151\">Die Stonehouse Smart App<\/strong><\/p>\n<\/li>\n<li data-start=\"1152\" data-end=\"1234\">\n<p data-start=\"1154\" data-end=\"1234\">Es ist <strong data-start=\"1161\" data-end=\"1179\">SecureX Hub<\/strong> was Kompatibilit\u00e4t bietet mit <strong data-start=\"1207\" data-end=\"1215\">Tuya<\/strong> Und <strong data-start=\"1220\" data-end=\"1234\">Smart Life<\/strong><\/p>\n<\/li>\n<li data-start=\"1235\" data-end=\"1301\">\n<p data-start=\"1237\" data-end=\"1301\">SignalMax ist <strong data-start=\"1250\" data-end=\"1269\">nicht unabh\u00e4ngig<\/strong> und kann nicht ohne Nabe verwendet werden.<\/p>\n<\/li>\n<\/ul>\n<h3 data-start=\"1303\" data-end=\"1336\">Sicherer Betrieb mit Backup-Batterie<\/h3>\n<p data-start=\"1337\" data-end=\"1495\">SignalMax kann bedient werden \u00fcber <strong data-start=\"1362\" data-end=\"1383\">DC 5V (Micro-USB)<\/strong> oder <strong data-start=\"1390\" data-end=\"1400\">Gleichstrom 12 V<\/strong> und verf\u00fcgt \u00fcber einen eingebauten <strong data-start=\"1421\" data-end=\"1452\">Backup-Batterie (3,7 V Ni-Hi)<\/strong> wodurch das Ger\u00e4t auch bei einem Stromausfall weiterl\u00e4uft.<\/p>\n<p data-start=\"1497\" data-end=\"1617\">Dank <strong data-start=\"1507\" data-end=\"1523\">EEPROM-Speicher<\/strong> SignalMax beh\u00e4lt alle Einstellungen auch dann bei, wenn der interne Akku vollst\u00e4ndig entladen ist.<\/p>\n<hr data-start=\"1619\" data-end=\"1622\" \/>\n<h2 data-start=\"1624\" data-end=\"1648\">Vorteile und Funktionen<\/h2>\n<ul data-start=\"1649\" data-end=\"2080\">\n<li data-start=\"1649\" data-end=\"1702\">\n<p data-start=\"1651\" data-end=\"1702\">Verst\u00e4rkt das Alarmsignal bis zu <strong data-start=\"1682\" data-end=\"1691\">600 m<\/strong> (klare Sicht)<\/p>\n<\/li>\n<li data-start=\"1703\" data-end=\"1744\">\n<p data-start=\"1705\" data-end=\"1744\">Vollst\u00e4ndige Integration \u00fcber <strong data-start=\"1726\" data-end=\"1744\">SecureX Hub<\/strong><\/p>\n<\/li>\n<li data-start=\"1745\" data-end=\"1802\">\n<p data-start=\"1747\" data-end=\"1802\">Echtzeitstatus und Benachrichtigungen in <strong data-start=\"1776\" data-end=\"1802\">Die Stonehouse Smart App<\/strong><\/p>\n<\/li>\n<li data-start=\"1803\" data-end=\"1843\">\n<p data-start=\"1805\" data-end=\"1843\">Tuya &amp; Smart Life unterst\u00fctzten <strong data-start=\"1829\" data-end=\"1843\">\u00fcber den Hub<\/strong><\/p>\n<\/li>\n<li data-start=\"1844\" data-end=\"1893\">\n<p data-start=\"1846\" data-end=\"1893\">Unterst\u00fctzung f\u00fcr <strong data-start=\"1855\" data-end=\"1893\">99 Melder + 99 Fernbedienungen<\/strong><\/p>\n<\/li>\n<li data-start=\"1894\" data-end=\"1946\">\n<p data-start=\"1896\" data-end=\"1946\">Stabiler Betrieb auf gro\u00dfen Grundst\u00fccken und in schwierigen Umgebungen<\/p>\n<\/li>\n<li data-start=\"1947\" data-end=\"1989\">\n<p data-start=\"1949\" data-end=\"1989\">Notstrombatterie f\u00fcr den Betrieb bei Stromausfall<\/p>\n<\/li>\n<li data-start=\"1990\" data-end=\"2038\">\n<p data-start=\"1992\" data-end=\"2038\">Betrieb \u00fcber <strong data-start=\"2002\" data-end=\"2022\">Micro-USB (DC5V)<\/strong> oder <strong data-start=\"2029\" data-end=\"2038\">12 V DC<\/strong><\/p>\n<\/li>\n<li data-start=\"2039\" data-end=\"2080\">\n<p data-start=\"2041\" data-end=\"2080\">Metallantenne f\u00fcr bestm\u00f6gliche Reichweite<\/p>\n<\/li>\n<\/ul>\n<hr data-start=\"2082\" data-end=\"2085\" \/>\n<h2 data-start=\"2087\" data-end=\"2108\">Anwendungsgebiete<\/h2>\n<ul data-start=\"2109\" data-end=\"2227\">\n<li data-start=\"2109\" data-end=\"2137\">\n<p data-start=\"2111\" data-end=\"2137\">Villen und gr\u00f6\u00dfere H\u00e4user<\/p>\n<\/li>\n<li data-start=\"2138\" data-end=\"2169\">\n<p data-start=\"2140\" data-end=\"2169\">Sommerh\u00e4user und mehrst\u00f6ckige Geb\u00e4ude<\/p>\n<\/li>\n<li data-start=\"2170\" data-end=\"2199\">\n<p data-start=\"2172\" data-end=\"2199\">Gesch\u00e4ftsr\u00e4ume und L\u00e4den<\/p>\n<\/li>\n<li data-start=\"2200\" data-end=\"2227\">\n<p data-start=\"2202\" data-end=\"2227\">Lagerhallen und Industrieumgebungen<\/p>\n<\/li>\n<\/ul>\n<hr data-start=\"2229\" data-end=\"2232\" \/>\n<h2 data-start=\"2234\" data-end=\"2258\">Technische Spezifikation<\/h2>\n<ul data-start=\"2259\" data-end=\"2742\">\n<li data-start=\"2259\" data-end=\"2313\">\n<p data-start=\"2261\" data-end=\"2313\"><strong data-start=\"2261\" data-end=\"2282\">Stromversorgung:<\/strong> DC 5 V (Micro-USB) oder DC 12 V<\/p>\n<\/li>\n<li data-start=\"2314\" data-end=\"2350\">\n<p data-start=\"2316\" data-end=\"2350\"><strong data-start=\"2316\" data-end=\"2336\">Eingebauter Akku:<\/strong> 3,7 V Ni-Hi<\/p>\n<\/li>\n<li data-start=\"2351\" data-end=\"2403\">\n<p data-start=\"2353\" data-end=\"2403\"><strong data-start=\"2353\" data-end=\"2370\">Standby-Leistung:<\/strong> &lt;20 mA (DC5V) \/ &lt;13 mA (DC12V)<\/p>\n<\/li>\n<li data-start=\"2404\" data-end=\"2457\">\n<p data-start=\"2406\" data-end=\"2457\"><strong data-start=\"2406\" data-end=\"2422\">Betriebsstrom:<\/strong> &lt;600 mA (DC 5 V) \/ &lt;200 mA (DC 12 V)<\/p>\n<\/li>\n<li data-start=\"2458\" data-end=\"2509\">\n<p data-start=\"2460\" data-end=\"2509\"><strong data-start=\"2460\" data-end=\"2478\">Kommunikation:<\/strong> 433 MHz (ASK), 868 MHz (FSK)<\/p>\n<\/li>\n<li data-start=\"2510\" data-end=\"2558\">\n<p data-start=\"2512\" data-end=\"2558\"><strong data-start=\"2512\" data-end=\"2536\">Empfangsbereich:<\/strong> ca. 100 m (Sichtlinie)<\/p>\n<\/li>\n<li data-start=\"2559\" data-end=\"2611\">\n<p data-start=\"2561\" data-end=\"2611\"><strong data-start=\"2561\" data-end=\"2583\">\u00dcbertragungsbereich:<\/strong> bis zu 600 m (Sichtlinie)<\/p>\n<\/li>\n<li data-start=\"2612\" data-end=\"2666\">\n<p data-start=\"2614\" data-end=\"2666\"><strong data-start=\"2614\" data-end=\"2630\">Maximale Einheiten:<\/strong> 99 Melder, 99 Fernbedienungen<\/p>\n<\/li>\n<li data-start=\"2667\" data-end=\"2711\">\n<p data-start=\"2669\" data-end=\"2711\"><strong data-start=\"2669\" data-end=\"2690\">Betriebstemperatur:<\/strong> -20 \u00b0C bis +55 \u00b0C<\/p>\n<\/li>\n<li data-start=\"2712\" data-end=\"2742\">\n<p data-start=\"2714\" data-end=\"2742\"><strong data-start=\"2714\" data-end=\"2723\">Messen:<\/strong> 155 \u00d7 72 \u00d7 22 mm<\/p>\n<\/li>\n<\/ul>\n<hr data-start=\"2744\" data-end=\"2747\" \/>\n<h2 data-start=\"2749\" data-end=\"2768\">Lieferinhalt<\/h2>\n<ul data-start=\"2769\" data-end=\"2908\">\n<li data-start=\"2769\" data-end=\"2805\">\n<p data-start=\"2771\" data-end=\"2805\">SecureX SignalMax Repeater: 1 St\u00fcck<\/p>\n<\/li>\n<li data-start=\"2806\" data-end=\"2847\">\n<p data-start=\"2808\" data-end=\"2847\">Netzteil (DC5V \/ Micro-USB): 1 St\u00fcck<\/p>\n<\/li>\n<li data-start=\"2848\" data-end=\"2875\">\n<p data-start=\"2850\" data-end=\"2875\">Befestigungsschrauben: 4 St\u00fcck<\/p>\n<\/li>\n<li data-start=\"2876\" data-end=\"2891\">\n<p data-start=\"2878\" data-end=\"2891\">Stecker: 4 St\u00fcck<\/p>\n<\/li>\n<li data-start=\"2892\" data-end=\"2908\">\n<p data-start=\"2894\" data-end=\"2908\">Anleitung: 1 St\u00fcck<\/p>\n<\/li>\n<\/ul>","protected":false},"excerpt":{"rendered":"<p>SecureX SignalMax Signalverst\u00e4rker mit ASK-Codierung f\u00fcr SecureX-Alarme, der die Reichweite auf bis zu 600 m erh\u00f6ht.<\/p>\n<p>Unterst\u00fctzt 99 Sensoren und 99 Fernbedienungen. Backup-Batterie, Netzteil und Montagematerial sind im Lieferumfang enthalten.<\/p>","protected":false},"featured_media":4755,"template":"","meta":{"_acf_changed":false,"inline_featured_image":false,"site-sidebar-layout":"default","site-content-layout":"","ast-site-content-layout":"default","site-content-style":"default","site-sidebar-style":"default","ast-global-header-display":"","ast-banner-title-visibility":"","ast-main-header-display":"","ast-hfb-above-header-display":"","ast-hfb-below-header-display":"","ast-hfb-mobile-header-display":"","site-post-title":"","ast-breadcrumbs-content":"","ast-featured-img":"","footer-sml-layout":"","ast-disable-related-posts":"","theme-transparent-header-meta":"default","adv-header-id-meta":"","stick-header-meta":"","header-above-stick-meta":"","header-main-stick-meta":"","header-below-stick-meta":"","astra-migrate-meta-layouts":"set","ast-page-background-enabled":"default","ast-page-background-meta":{"desktop":{"background-color":"","background-image":"","background-repeat":"repeat","background-position":"center center","background-size":"auto","background-attachment":"scroll","background-type":"","background-media":"","overlay-type":"","overlay-color":"","overlay-opacity":"","overlay-gradient":""},"tablet":{"background-color":"","background-image":"","background-repeat":"repeat","background-position":"center center","background-size":"auto","background-attachment":"scroll","background-type":"","background-media":"","overlay-type":"","overlay-color":"","overlay-opacity":"","overlay-gradient":""},"mobile":{"background-color":"","background-image":"","background-repeat":"repeat","background-position":"center center","background-size":"auto","background-attachment":"scroll","background-type":"","background-media":"","overlay-type":"","overlay-color":"","overlay-opacity":"","overlay-gradient":""}},"ast-content-background-meta":{"desktop":{"background-color":"var(--ast-global-color-5)","background-image":"","background-repeat":"repeat","background-position":"center center","background-size":"auto","background-attachment":"scroll","background-type":"","background-media":"","overlay-type":"","overlay-color":"","overlay-opacity":"","overlay-gradient":""},"tablet":{"background-color":"var(--ast-global-color-5)","background-image":"","background-repeat":"repeat","background-position":"center center","background-size":"auto","background-attachment":"scroll","background-type":"","background-media":"","overlay-type":"","overlay-color":"","overlay-opacity":"","overlay-gradient":""},"mobile":{"background-color":"var(--ast-global-color-5)","background-image":"","background-repeat":"repeat","background-position":"center center","background-size":"auto","background-attachment":"scroll","background-type":"","background-media":"","overlay-type":"","overlay-color":"","overlay-opacity":"","overlay-gradient":""}}},"product_brand":[233],"product_cat":[67,48],"product_tag":[],"class_list":{"0":"post-4231","1":"product","2":"type-product","3":"status-publish","4":"has-post-thumbnail","6":"product_brand-connect-pro","7":"product_cat-repeatrar-natverk","8":"product_cat-securex-smart-alarm","9":"pa_brands-securex-connect-pro","10":"pa_brands-stonehouse-smart","11":"desktop-align-left","12":"tablet-align-center","13":"mobile-align-center","15":"first","16":"instock","17":"shipping-taxable","18":"product-type-simple"},"acf":[],"_links":{"self":[{"href":"https:\/\/stonehousesmart.se\/de\/wp-json\/wp\/v2\/product\/4231","targetHints":{"allow":["GET"]}}],"collection":[{"href":"https:\/\/stonehousesmart.se\/de\/wp-json\/wp\/v2\/product"}],"about":[{"href":"https:\/\/stonehousesmart.se\/de\/wp-json\/wp\/v2\/types\/product"}],"wp:featuredmedia":[{"embeddable":true,"href":"https:\/\/stonehousesmart.se\/de\/wp-json\/wp\/v2\/media\/4755"}],"wp:attachment":[{"href":"https:\/\/stonehousesmart.se\/de\/wp-json\/wp\/v2\/media?parent=4231"}],"wp:term":[{"taxonomy":"product_brand","embeddable":true,"href":"https:\/\/stonehousesmart.se\/de\/wp-json\/wp\/v2\/product_brand?post=4231"},{"taxonomy":"product_cat","embeddable":true,"href":"https:\/\/stonehousesmart.se\/de\/wp-json\/wp\/v2\/product_cat?post=4231"},{"taxonomy":"product_tag","embeddable":true,"href":"https:\/\/stonehousesmart.se\/de\/wp-json\/wp\/v2\/product_tag?post=4231"}],"curies":[{"name":"wp","href":"https:\/\/api.w.org\/{rel}","templated":true}]}}