{"id":4236,"date":"2025-09-15T11:16:43","date_gmt":"2025-09-15T09:16:43","guid":{"rendered":"https:\/\/stonehousesmart.se\/product\/securex-sirenpro-solcellsdriven-med-sabotagealarm\/"},"modified":"2026-03-27T14:47:00","modified_gmt":"2026-03-27T13:47:00","slug":"securex-sirenguard-pro-utomhussiren","status":"publish","type":"product","link":"https:\/\/stonehousesmart.se\/de\/product\/securex-sirenguard-pro-utomhussiren\/","title":{"rendered":"SecureX SirenGuard Pro \u2013 Au\u00dfensirene mit Blitzlicht \u2013 Einstellbar bis zu 120 dB (gro\u00dfe Reichweite)"},"content":{"rendered":"<h2 data-start=\"177\" data-end=\"250\">SecureX SirenGuard Pro \u2013 Au\u00dfensirene mit Sabotagealarm<\/h2>\n<p data-start=\"252\" data-end=\"586\">SecureX SirenGuard Pro ist ein <strong data-start=\"281\" data-end=\"318\">leistungsstarke und robuste Au\u00dfensirene<\/strong> Entwickelt, um maximale Abschreckung und eine klare Alarmanzeige im SecureX-Alarmsystem zu gew\u00e4hrleisten. Mit einem <strong data-start=\"419\" data-end=\"459\">lauter Alarm von bis zu 120 dB<\/strong> in Kombination mit <strong data-start=\"478\" data-end=\"506\">blinkendes Stroboskoplicht<\/strong> SirenGuard Pro sorgt daf\u00fcr, dass der Alarm sowohl h\u00f6rbar als auch sichtbar ist \u2013 sogar aus der Ferne.<\/p>\n<p data-start=\"588\" data-end=\"739\">Die Sirene ist f\u00fcr anspruchsvolle Au\u00dfenumgebungen konzipiert und eignet sich perfekt f\u00fcr <strong data-start=\"656\" data-end=\"710\">Villen, Gewerbebetriebe, Lagerhallen, Garagen und Industriegebiete<\/strong> wo ein hohes Ma\u00df an Sicherheit erforderlich ist.<\/p>\n<hr data-start=\"741\" data-end=\"744\" \/>\n<h3 data-start=\"746\" data-end=\"785\">Klare Abschreckungs- und Sabotagealarm<\/h3>\n<p data-start=\"786\" data-end=\"825\">SecureX SirenGuard Pro ist ausgestattet mit:<\/p>\n<ul data-start=\"826\" data-end=\"963\">\n<li data-start=\"826\" data-end=\"857\">\n<p data-start=\"828\" data-end=\"857\"><strong data-start=\"828\" data-end=\"857\">Zwei leistungsstarke Schallsensoren<\/strong><\/p>\n<\/li>\n<li data-start=\"858\" data-end=\"888\">\n<p data-start=\"860\" data-end=\"888\"><strong data-start=\"860\" data-end=\"888\">5 einstellbare Lautst\u00e4rkestufen<\/strong><\/p>\n<\/li>\n<li data-start=\"889\" data-end=\"911\">\n<p data-start=\"891\" data-end=\"911\"><strong data-start=\"891\" data-end=\"911\">2 verschiedene Alarmt\u00f6ne<\/strong><\/p>\n<\/li>\n<li data-start=\"912\" data-end=\"935\">\n<p data-start=\"914\" data-end=\"935\"><strong data-start=\"914\" data-end=\"935\">Die Sirene verf\u00fcgt \u00fcber ein eingebautes Blitzlicht zur optischen Anzeige.<\/strong><\/p>\n<\/li>\n<li data-start=\"936\" data-end=\"963\">\n<p data-start=\"938\" data-end=\"963\"><strong data-start=\"938\" data-end=\"963\">Eingebauter Sabotagealarm<\/strong><\/p>\n<\/li>\n<\/ul>\n<p data-start=\"965\" data-end=\"1105\">Der Manipulationsalarm wird sofort bei einem Demontageversuch aktiviert und sendet einen Alarm an das SecureX-System, wodurch ein zus\u00e4tzlicher Schutz vor Manipulationen gew\u00e4hrleistet wird.<\/p>\n<hr data-start=\"1107\" data-end=\"1110\" \/>\n<h3 data-start=\"1112\" data-end=\"1160\">Flexibler Betrieb \u2013 Netzbetrieb, Batteriebetrieb oder Solarpanel<\/h3>\n<p data-start=\"1161\" data-end=\"1256\">SirenGuard Pro kann auf verschiedene Arten bedient werden, was die Installation sehr flexibel macht:<\/p>\n<ul data-start=\"1258\" data-end=\"1417\">\n<li data-start=\"1258\" data-end=\"1291\">\n<p data-start=\"1260\" data-end=\"1291\"><strong data-start=\"1260\" data-end=\"1291\">Netzteil (DC 6-15V\/1A)<\/strong><\/p>\n<\/li>\n<li data-start=\"1292\" data-end=\"1354\">\n<p data-start=\"1294\" data-end=\"1354\"><strong data-start=\"1294\" data-end=\"1328\">Eingebauter Lithium-Akku mit 5000 mAh<\/strong> (Backup bei Stromausfall)<\/p>\n<\/li>\n<li data-start=\"1355\" data-end=\"1417\">\n<p data-start=\"1357\" data-end=\"1417\"><strong data-start=\"1357\" data-end=\"1379\">Solarpanel (optional)<\/strong> f\u00fcr einen unabh\u00e4ngigen und energieeffizienten Betrieb<\/p>\n<\/li>\n<\/ul>\n<p data-start=\"1419\" data-end=\"1534\">Dadurch eignet sich die Sirene ideal f\u00fcr Orte, an denen kein Netzstromanschluss vorhanden ist oder an denen der Wartungs- und Verkabelungsaufwand minimiert werden soll.<\/p>\n<hr data-start=\"1536\" data-end=\"1539\" \/>\n<h3 data-start=\"1541\" data-end=\"1571\">Teil des SecureX-Systems<\/h3>\n<p data-start=\"1572\" data-end=\"1730\">SecureX SirenGuard Pro ist eine Systemkomponente von SecureX und wird immer zusammen mit verwendet <strong data-start=\"1662\" data-end=\"1680\">SecureX Hub<\/strong>, das die gesamte Kommunikation und Alarmsteuerung \u00fcbernimmt.<\/p>\n<ul data-start=\"1732\" data-end=\"1978\">\n<li data-start=\"1732\" data-end=\"1771\">\n<p data-start=\"1734\" data-end=\"1771\">Die Sirene ist mit dem SecureX-Hub verbunden.<\/p>\n<\/li>\n<li data-start=\"1772\" data-end=\"1822\">\n<p data-start=\"1774\" data-end=\"1822\">Alle Alarme und Statusmeldungen werden \u00fcber den Hub weitergeleitet.<\/p>\n<\/li>\n<li data-start=\"1823\" data-end=\"1879\">\n<p data-start=\"1825\" data-end=\"1879\">Echtzeit-Push-Benachrichtigungen \u00fcber <strong data-start=\"1851\" data-end=\"1877\">Die Stonehouse Smart App<\/strong><\/p>\n<\/li>\n<li data-start=\"1880\" data-end=\"1942\">\n<p data-start=\"1882\" data-end=\"1942\">Kompatibilit\u00e4t mit <strong data-start=\"1901\" data-end=\"1940\">Tuya und Smart Life werden \u00fcber den Hub gesteuert.<\/strong><\/p>\n<\/li>\n<li data-start=\"1943\" data-end=\"1978\">\n<p data-start=\"1945\" data-end=\"1978\">Die Sirene wird nicht eigenst\u00e4ndig verwendet.<\/p>\n<\/li>\n<\/ul>\n<hr data-start=\"1980\" data-end=\"1983\" \/>\n<h3 data-start=\"1985\" data-end=\"2007\">Vorteile im \u00dcberblick<\/h3>\n<ul data-start=\"2008\" data-end=\"2375\">\n<li data-start=\"2008\" data-end=\"2058\">\n<p data-start=\"2010\" data-end=\"2058\">Lauter h\u00f6rbarer Alarm bis zu <strong data-start=\"2037\" data-end=\"2047\">120 dB<\/strong> (5 Stufen)<\/p>\n<\/li>\n<li data-start=\"2059\" data-end=\"2095\">\n<p data-start=\"2061\" data-end=\"2095\">Blitzlicht zur optischen Warnung<\/p>\n<\/li>\n<li data-start=\"2096\" data-end=\"2140\">\n<p data-start=\"2098\" data-end=\"2140\">Langstreckenkommunikation<\/p>\n<\/li>\n<li data-start=\"2141\" data-end=\"2180\">\n<p data-start=\"2143\" data-end=\"2180\">Eingebauter Manipulationsalarm beim Zerlegen<\/p>\n<\/li>\n<li data-start=\"2181\" data-end=\"2237\">\n<p data-start=\"2183\" data-end=\"2237\">Betrieb \u00fcber Netzadapter, Batterie oder Solarpanel (optional)<\/p>\n<\/li>\n<li data-start=\"2238\" data-end=\"2275\">\n<p data-start=\"2240\" data-end=\"2275\">Vollst\u00e4ndige Integration \u00fcber den SecureX-Hub<\/p>\n<\/li>\n<li data-start=\"2276\" data-end=\"2318\">\n<p data-start=\"2278\" data-end=\"2318\">Echtzeitbenachrichtigungen in der Stonehouse Smart App<\/p>\n<\/li>\n<li data-start=\"2319\" data-end=\"2375\">\n<p data-start=\"2321\" data-end=\"2375\">Wetterfeste und robuste Konstruktion f\u00fcr den Au\u00dfeneinsatz<\/p>\n<\/li>\n<\/ul>\n<hr data-start=\"2377\" data-end=\"2380\" \/>\n<h3 data-start=\"2382\" data-end=\"2412\">Typische Anwendungen<\/h3>\n<ul data-start=\"2413\" data-end=\"2550\">\n<li data-start=\"2413\" data-end=\"2440\">\n<p data-start=\"2415\" data-end=\"2440\">Villen und Sommerh\u00e4user<\/p>\n<\/li>\n<li data-start=\"2441\" data-end=\"2470\">\n<p data-start=\"2443\" data-end=\"2470\">Unternehmen und Einzelhandelsfl\u00e4chen<\/p>\n<\/li>\n<li data-start=\"2471\" data-end=\"2508\">\n<p data-start=\"2473\" data-end=\"2508\">Garagen, Lagerhallen und Industriegebiete<\/p>\n<\/li>\n<li data-start=\"2509\" data-end=\"2550\">\n<p data-start=\"2511\" data-end=\"2550\">Au\u00dfenbereiche mit hohen Sicherheitsanforderungen<\/p>\n<\/li>\n<\/ul>\n<hr data-start=\"2552\" data-end=\"2555\" \/>\n<h3 data-start=\"2557\" data-end=\"2582\">Technische Spezifikation<\/h3>\n<ul data-start=\"2583\" data-end=\"2983\">\n<li data-start=\"2583\" data-end=\"2644\">\n<p data-start=\"2585\" data-end=\"2644\">Stromversorgung: Gleichstrom 6-15 V \/ 1 A oder Solarpanel (optional)<\/p>\n<\/li>\n<li data-start=\"2645\" data-end=\"2681\">\n<p data-start=\"2647\" data-end=\"2681\">Akku: 3,7 V \/ 5000 mAh Lithium<\/p>\n<\/li>\n<li data-start=\"2682\" data-end=\"2710\">\n<p data-start=\"2684\" data-end=\"2710\">Standby-Stromverbrauch: ca. 0,25 mA<\/p>\n<\/li>\n<li data-start=\"2711\" data-end=\"2734\">\n<p data-start=\"2713\" data-end=\"2734\">Alarmstrom: &lt;500 mA<\/p>\n<\/li>\n<li data-start=\"2735\" data-end=\"2773\">\n<p data-start=\"2737\" data-end=\"2773\">Schallpegel: Bis zu 120 dB (5 Stufen)<\/p>\n<\/li>\n<li data-start=\"2774\" data-end=\"2823\">\n<p data-start=\"2776\" data-end=\"2823\">Drahtlose Technologie: Gro\u00dfe Reichweite, SecureX-Verschl\u00fcsselung<\/p>\n<\/li>\n<li data-start=\"2824\" data-end=\"2866\">\n<p data-start=\"2826\" data-end=\"2866\">Reichweite: Bis zu ca. 500 m (Sichtlinie)<\/p>\n<\/li>\n<li data-start=\"2867\" data-end=\"2907\">\n<p data-start=\"2869\" data-end=\"2907\">Betriebstemperatur: \u221220 \u00b0C bis +50 \u00b0C<\/p>\n<\/li>\n<li data-start=\"2908\" data-end=\"2955\">\n<p data-start=\"2910\" data-end=\"2955\">Relative Luftfeuchtigkeit: &lt;95% (nicht kondensierend)<\/p>\n<\/li>\n<li data-start=\"2956\" data-end=\"2983\">\n<p data-start=\"2958\" data-end=\"2983\">Abmessungen: 270 \u00d7 180 \u00d7 47 mm<\/p>\n<\/li>\n<\/ul>\n<hr data-start=\"2985\" data-end=\"2988\" \/>\n<h3 data-start=\"2990\" data-end=\"3010\">Lieferinhalt<\/h3>\n<ul data-start=\"3011\" data-end=\"3187\">\n<li data-start=\"3011\" data-end=\"3056\">\n<p data-start=\"3013\" data-end=\"3056\">SecureX SirenGuard Pro Au\u00dfensirene: 1 St\u00fcck<\/p>\n<\/li>\n<li data-start=\"3057\" data-end=\"3087\">\n<p data-start=\"3059\" data-end=\"3087\">Wandmontageplatte: 1 St\u00fcck<\/p>\n<\/li>\n<li data-start=\"3088\" data-end=\"3105\">\n<p data-start=\"3090\" data-end=\"3105\">Schrauben: 4 St\u00fcck<\/p>\n<\/li>\n<li data-start=\"3106\" data-end=\"3121\">\n<p data-start=\"3108\" data-end=\"3121\">Stecker: 4 St\u00fcck<\/p>\n<\/li>\n<li data-start=\"3122\" data-end=\"3170\">\n<p data-start=\"3124\" data-end=\"3170\">USB-C-Netzteil (f\u00fcr Netzanschluss): 1 St\u00fcck<\/p>\n<\/li>\n<li data-start=\"3171\" data-end=\"3187\">\n<p data-start=\"3173\" data-end=\"3187\">Anleitung: 1 St\u00fcck<\/p>\n<\/li>\n<\/ul>","protected":false},"excerpt":{"rendered":"<p>SecureX SirenGuard Pro ist eine leistungsstarke Au\u00dfensirene mit einstellbarem Schallpegel bis zu 120 dB, Blitzlicht und Sabotagealarm.<\/p>\n<p>Vollst\u00e4ndig in den SecureX-Hub integriert, optimiert f\u00fcr die Stonehouse Smart App.<\/p>\n<p>Stromversorgung \u00fcber eingebauten Akku, Netzteil oder Solarpanel (optional) f\u00fcr maximale Flexibilit\u00e4t.<\/p>","protected":false},"featured_media":4691,"template":"","meta":{"_acf_changed":false,"inline_featured_image":false,"site-sidebar-layout":"default","site-content-layout":"","ast-site-content-layout":"default","site-content-style":"default","site-sidebar-style":"default","ast-global-header-display":"","ast-banner-title-visibility":"","ast-main-header-display":"","ast-hfb-above-header-display":"","ast-hfb-below-header-display":"","ast-hfb-mobile-header-display":"","site-post-title":"","ast-breadcrumbs-content":"","ast-featured-img":"","footer-sml-layout":"","ast-disable-related-posts":"","theme-transparent-header-meta":"default","adv-header-id-meta":"","stick-header-meta":"","header-above-stick-meta":"","header-main-stick-meta":"","header-below-stick-meta":"","astra-migrate-meta-layouts":"set","ast-page-background-enabled":"default","ast-page-background-meta":{"desktop":{"background-color":"","background-image":"","background-repeat":"repeat","background-position":"center center","background-size":"auto","background-attachment":"scroll","background-type":"","background-media":"","overlay-type":"","overlay-color":"","overlay-opacity":"","overlay-gradient":""},"tablet":{"background-color":"","background-image":"","background-repeat":"repeat","background-position":"center center","background-size":"auto","background-attachment":"scroll","background-type":"","background-media":"","overlay-type":"","overlay-color":"","overlay-opacity":"","overlay-gradient":""},"mobile":{"background-color":"","background-image":"","background-repeat":"repeat","background-position":"center center","background-size":"auto","background-attachment":"scroll","background-type":"","background-media":"","overlay-type":"","overlay-color":"","overlay-opacity":"","overlay-gradient":""}},"ast-content-background-meta":{"desktop":{"background-color":"var(--ast-global-color-5)","background-image":"","background-repeat":"repeat","background-position":"center center","background-size":"auto","background-attachment":"scroll","background-type":"","background-media":"","overlay-type":"","overlay-color":"","overlay-opacity":"","overlay-gradient":""},"tablet":{"background-color":"var(--ast-global-color-5)","background-image":"","background-repeat":"repeat","background-position":"center center","background-size":"auto","background-attachment":"scroll","background-type":"","background-media":"","overlay-type":"","overlay-color":"","overlay-opacity":"","overlay-gradient":""},"mobile":{"background-color":"var(--ast-global-color-5)","background-image":"","background-repeat":"repeat","background-position":"center center","background-size":"auto","background-attachment":"scroll","background-type":"","background-media":"","overlay-type":"","overlay-color":"","overlay-opacity":"","overlay-gradient":""}}},"product_brand":[233],"product_cat":[48,65],"product_tag":[],"class_list":{"0":"post-4236","1":"product","2":"type-product","3":"status-publish","4":"has-post-thumbnail","6":"product_brand-connect-pro","7":"product_cat-securex-smart-alarm","8":"product_cat-sirener","9":"pa_brands-securex-connect-pro","10":"pa_brands-stonehouse-smart","11":"desktop-align-left","12":"tablet-align-center","13":"mobile-align-center","15":"first","16":"instock","17":"shipping-taxable","18":"product-type-simple"},"acf":[],"_links":{"self":[{"href":"https:\/\/stonehousesmart.se\/de\/wp-json\/wp\/v2\/product\/4236","targetHints":{"allow":["GET"]}}],"collection":[{"href":"https:\/\/stonehousesmart.se\/de\/wp-json\/wp\/v2\/product"}],"about":[{"href":"https:\/\/stonehousesmart.se\/de\/wp-json\/wp\/v2\/types\/product"}],"wp:featuredmedia":[{"embeddable":true,"href":"https:\/\/stonehousesmart.se\/de\/wp-json\/wp\/v2\/media\/4691"}],"wp:attachment":[{"href":"https:\/\/stonehousesmart.se\/de\/wp-json\/wp\/v2\/media?parent=4236"}],"wp:term":[{"taxonomy":"product_brand","embeddable":true,"href":"https:\/\/stonehousesmart.se\/de\/wp-json\/wp\/v2\/product_brand?post=4236"},{"taxonomy":"product_cat","embeddable":true,"href":"https:\/\/stonehousesmart.se\/de\/wp-json\/wp\/v2\/product_cat?post=4236"},{"taxonomy":"product_tag","embeddable":true,"href":"https:\/\/stonehousesmart.se\/de\/wp-json\/wp\/v2\/product_tag?post=4236"}],"curies":[{"name":"wp","href":"https:\/\/api.w.org\/{rel}","templated":true}]}}