{"id":4242,"date":"2025-09-15T11:16:44","date_gmt":"2025-09-15T09:16:44","guid":{"rendered":"https:\/\/stonehousesmart.se\/product\/securex-gasshield-for-naturgas-och-lpg\/"},"modified":"2026-03-27T14:43:05","modified_gmt":"2026-03-27T13:43:05","slug":"securex-gasshield-for-naturgas-och-lpg","status":"publish","type":"product","link":"https:\/\/stonehousesmart.se\/de\/product\/securex-gasshield-for-naturgas-och-lpg\/","title":{"rendered":"SecureX GasShield \u2013 F\u00fcr Erdgas und Fl\u00fcssiggas"},"content":{"rendered":"<h2 data-start=\"203\" data-end=\"263\">SecureX GasShield \u2013 intelligenter Gasdetektor f\u00fcr Methan und Fl\u00fcssiggas<\/h2>\n<p data-start=\"265\" data-end=\"544\">SecureX GasShield ist ein <strong data-start=\"289\" data-end=\"323\">schneller und zuverl\u00e4ssiger Gasdetektor<\/strong> Es sch\u00fctzt Wohnh\u00e4user, Ferienh\u00e4user und Gewerbebetriebe vor gef\u00e4hrlichen Gaslecks. Es wurde zur Fr\u00fcherkennung beider entwickelt. <strong data-start=\"442\" data-end=\"467\">Erdgas (Methan, CH\u2084)<\/strong> Und <strong data-start=\"472\" data-end=\"487\">Fl\u00fcssiggas (LPG)<\/strong> und warnt deutlich, bevor das Gas gef\u00e4hrliche Konzentrationen erreicht.<\/p>\n<p data-start=\"546\" data-end=\"747\">Wenn Gas nachgewiesen wird, <strong data-start=\"577\" data-end=\"608\">lauter Alarmton von \u226580 dB<\/strong> zusammen mit einer gut sichtbaren LED-Anzeige. Gleichzeitig wird der Alarm weitergeleitet an <strong data-start=\"687\" data-end=\"705\">SecureX Hub<\/strong>, das den Alarm zentral im System verarbeitet.<\/p>\n<p data-start=\"749\" data-end=\"878\">Alle Ereignisse und Benachrichtigungen werden angezeigt in <strong data-start=\"784\" data-end=\"810\">Die Stonehouse Smart App<\/strong>, wo Sie die volle Kontrolle und Echtzeitinformationen direkt auf Ihrem Mobiltelefon erhalten.<\/p>\n<hr data-start=\"880\" data-end=\"883\" \/>\n<h3 data-start=\"885\" data-end=\"930\">Schnelle Reaktion dank fortschrittlicher Sensortechnologie<\/h3>\n<p data-start=\"931\" data-end=\"1191\">GasShield-Anwendungen <strong data-start=\"950\" data-end=\"980\">fortschrittliche Diffusionstechnologie<\/strong> Um schnell auf ein Gasleck reagieren zu k\u00f6nnen \u2013 bevor sich das Gas ansammeln und eine Brand- oder Explosionsgefahr darstellen kann \u2013, eignet sich der Sensor besonders f\u00fcr Umgebungen, in denen t\u00e4glich mit Gas gearbeitet wird oder in denen keine st\u00e4ndige \u00dcberwachung stattfindet.<\/p>\n<hr data-start=\"1193\" data-end=\"1196\" \/>\n<h3 data-start=\"1198\" data-end=\"1255\">Integration mit SecureX \u2013 mehr als nur ein lokaler Alarm<\/h3>\n<p data-start=\"1256\" data-end=\"1385\">SecureX GasShield kann als eigenst\u00e4ndiger lokaler Gasdetektor verwendet werden, erreicht aber seine maximale Funktionalit\u00e4t im Anschluss an ein System. <strong data-start=\"1366\" data-end=\"1384\">SecureX Hub<\/strong>.<\/p>\n<p data-start=\"1387\" data-end=\"1405\">\u00dcber den Hub erhalten Sie:<\/p>\n<ul data-start=\"1406\" data-end=\"1584\">\n<li data-start=\"1406\" data-end=\"1431\">\n<p data-start=\"1408\" data-end=\"1431\">zentrale Alarmverwaltung<\/p>\n<\/li>\n<li data-start=\"1432\" data-end=\"1484\">\n<p data-start=\"1434\" data-end=\"1484\">Echtzeit-Push-Benachrichtigungen \u00fcber die Stonehouse Smart App<\/p>\n<\/li>\n<li data-start=\"1485\" data-end=\"1546\">\n<p data-start=\"1487\" data-end=\"1546\">M\u00f6glichkeit zur Kombination von Gaswarnger\u00e4ten mit anderen SecureX-Ger\u00e4ten<\/p>\n<\/li>\n<li data-start=\"1547\" data-end=\"1584\">\n<p data-start=\"1549\" data-end=\"1584\">Unterst\u00fctzung f\u00fcr weitere Ma\u00dfnahmen im Alarmfall<\/p>\n<\/li>\n<\/ul>\n<p data-start=\"1586\" data-end=\"1676\">F\u00fcr zus\u00e4tzliche Flexibilit\u00e4t, Kompatibilit\u00e4t mit <strong data-start=\"1633\" data-end=\"1675\">Tuya und Smart Life \u00fcber den SecureX-Hub<\/strong>.<\/p>\n<hr data-start=\"1678\" data-end=\"1681\" \/>\n<h3 data-start=\"1683\" data-end=\"1730\">Relaisausgang f\u00fcr automatische Sicherheitssteuerung<\/h3>\n<p data-start=\"1731\" data-end=\"1840\">GasShield ist ausgestattet mit <strong data-start=\"1757\" data-end=\"1786\">Relaisausgang (12 V \/ 300 mA)<\/strong> wodurch beispielsweise eine automatische Steuerung m\u00f6glich wird:<\/p>\n<ul data-start=\"1841\" data-end=\"1923\">\n<li data-start=\"1841\" data-end=\"1876\">\n<p data-start=\"1843\" data-end=\"1876\">Magnetventil zur Gasabsperrung<\/p>\n<\/li>\n<li data-start=\"1877\" data-end=\"1893\">\n<p data-start=\"1879\" data-end=\"1893\">Au\u00dfensirene<\/p>\n<\/li>\n<li data-start=\"1894\" data-end=\"1923\">\n<p data-start=\"1896\" data-end=\"1923\">sonstige Sicherheitsausr\u00fcstung<\/p>\n<\/li>\n<\/ul>\n<p data-start=\"1925\" data-end=\"2000\">Dies bietet einen aktiven Schutz, der Sch\u00e4den auch bei fr\u00fchzeitiger Erkennung reduzieren kann.<\/p>\n<hr data-start=\"2002\" data-end=\"2005\" \/>\n<h3 data-start=\"2007\" data-end=\"2042\">Stabiler Betrieb und lange Lebensdauer<\/h3>\n<p data-start=\"2043\" data-end=\"2248\">GasShield wird angetrieben von <strong data-start=\"2063\" data-end=\"2089\">Micro-USB (DC 5V \/ 1A)<\/strong> f\u00fcr einen stabilen und kontinuierlichen Betrieb. Der Sensor zeichnet sich durch einen geringen Stromverbrauch und einen <strong data-start=\"2165\" data-end=\"2201\">Lebensdauer des Sensors bis zu 5 Jahre<\/strong>, was eine lang anhaltende und zuverl\u00e4ssige Funktion gew\u00e4hrleistet.<\/p>\n<hr data-start=\"2250\" data-end=\"2253\" \/>\n<h3 data-start=\"2255\" data-end=\"2277\">Vorteile im \u00dcberblick<\/h3>\n<ul data-start=\"2278\" data-end=\"2670\">\n<li data-start=\"2278\" data-end=\"2324\">\n<p data-start=\"2280\" data-end=\"2324\">Erkennt Erdgas (Methan) und Fl\u00fcssiggas (LPG)<\/p>\n<\/li>\n<li data-start=\"2325\" data-end=\"2380\">\n<p data-start=\"2327\" data-end=\"2380\">Schnelle Reaktion dank fortschrittlicher Diffusionstechnologie<\/p>\n<\/li>\n<li data-start=\"2381\" data-end=\"2425\">\n<p data-start=\"2383\" data-end=\"2425\">Lauter Alarmton \u226580 dB + LED-Anzeige<\/p>\n<\/li>\n<li data-start=\"2426\" data-end=\"2460\">\n<p data-start=\"2428\" data-end=\"2460\">Integration mit dem SecureX-Hub<\/p>\n<\/li>\n<li data-start=\"2461\" data-end=\"2507\">\n<p data-start=\"2463\" data-end=\"2507\">Echtzeitbenachrichtigungen \u00fcber die Stonehouse Smart App<\/p>\n<\/li>\n<li data-start=\"2508\" data-end=\"2557\">\n<p data-start=\"2510\" data-end=\"2557\">Relaisausgang f\u00fcr Ventil- oder Sicherheitssteuerung<\/p>\n<\/li>\n<li data-start=\"2558\" data-end=\"2598\">\n<p data-start=\"2560\" data-end=\"2598\">Stabiler USB-Betrieb bei geringem Stromverbrauch<\/p>\n<\/li>\n<li data-start=\"2599\" data-end=\"2639\">\n<p data-start=\"2601\" data-end=\"2639\">Lange Sensorlebensdauer \u2013 bis zu 5 Jahre<\/p>\n<\/li>\n<li data-start=\"2640\" data-end=\"2670\">\n<p data-start=\"2642\" data-end=\"2670\">Kompaktes und unauff\u00e4lliges Design<\/p>\n<\/li>\n<\/ul>\n<hr data-start=\"2672\" data-end=\"2675\" \/>\n<h3 data-start=\"2677\" data-end=\"2707\">Typische Anwendungen<\/h3>\n<ul data-start=\"2708\" data-end=\"2837\">\n<li data-start=\"2708\" data-end=\"2733\">\n<p data-start=\"2710\" data-end=\"2733\">Villen und Apartments<\/p>\n<\/li>\n<li data-start=\"2734\" data-end=\"2767\">\n<p data-start=\"2736\" data-end=\"2767\">K\u00fcchen, Restaurants und Heizr\u00e4ume<\/p>\n<\/li>\n<li data-start=\"2768\" data-end=\"2801\">\n<p data-start=\"2770\" data-end=\"2801\">Garage, Keller und Technikraum<\/p>\n<\/li>\n<li data-start=\"2802\" data-end=\"2837\">\n<p data-start=\"2804\" data-end=\"2837\">Wohnwagen, Ferienh\u00e4user und Boote<\/p>\n<\/li>\n<\/ul>\n<hr data-start=\"2839\" data-end=\"2842\" \/>\n<h3 data-start=\"2844\" data-end=\"2869\">Technische Spezifikation<\/h3>\n<ul data-start=\"2870\" data-end=\"3337\">\n<li data-start=\"2870\" data-end=\"2914\">\n<p data-start=\"2872\" data-end=\"2914\">Stromversorgung: DC 5V\/1A (Micro-USB)<\/p>\n<\/li>\n<li data-start=\"2915\" data-end=\"2939\">\n<p data-start=\"2917\" data-end=\"2939\">Stromverbrauch: &lt;170 mA<\/p>\n<\/li>\n<li data-start=\"2940\" data-end=\"2985\">\n<p data-start=\"2942\" data-end=\"2985\">Gasdetektion: Erdgas (CH\u2084), Fl\u00fcssiggas (Gas)<\/p>\n<\/li>\n<li data-start=\"2986\" data-end=\"3012\">\n<p data-start=\"2988\" data-end=\"3012\">Alarmstufe: \u226580 dB + LED<\/p>\n<\/li>\n<li data-start=\"3013\" data-end=\"3041\">\n<p data-start=\"3015\" data-end=\"3041\">Reaktionszeit: \u226430 Sekunden<\/p>\n<\/li>\n<li data-start=\"3042\" data-end=\"3084\">\n<p data-start=\"3044\" data-end=\"3084\">Relaisausgang: 12 V \/ 300 mA (15 Sekunden)<\/p>\n<\/li>\n<li data-start=\"3085\" data-end=\"3139\">\n<p data-start=\"3087\" data-end=\"3139\">Kommunikation: 433 MHz (EV1527), kodiert f\u00fcr SecureX<\/p>\n<\/li>\n<li data-start=\"3140\" data-end=\"3180\">\n<p data-start=\"3142\" data-end=\"3180\">Betriebstemperatur: \u221210 \u00b0C bis +55 \u00b0C<\/p>\n<\/li>\n<li data-start=\"3181\" data-end=\"3237\">\n<p data-start=\"3183\" data-end=\"3237\">Relative Luftfeuchtigkeit: &lt;95% RH (nicht kondensierend)<\/p>\n<\/li>\n<li data-start=\"3238\" data-end=\"3274\">\n<p data-start=\"3240\" data-end=\"3274\">Aufw\u00e4rmzeit: etwa 180 Sekunden<\/p>\n<\/li>\n<li data-start=\"3275\" data-end=\"3309\">\n<p data-start=\"3277\" data-end=\"3309\">Lebensdauer des Sensors: Bis zu 5 Jahre<\/p>\n<\/li>\n<li data-start=\"3310\" data-end=\"3337\">\n<p data-start=\"3312\" data-end=\"3337\">Abmessungen: 86 \u00d7 86 \u00d7 24,5 mm<\/p>\n<\/li>\n<\/ul>","protected":false},"excerpt":{"rendered":"<p>Intelligenter Gasdetektor, der warnt bei <strong data-start=\"2215\" data-end=\"2237\">Erdgas und Fl\u00fcssiggas<\/strong> mit \u226580 dB Schall und LED.<\/p>\n<p>Verbindet sich mit dem SecureX-Hub und der Stonehouse Smart App f\u00fcr mobile Benachrichtigungen.<\/p>","protected":false},"featured_media":4730,"template":"","meta":{"_acf_changed":false,"inline_featured_image":false,"site-sidebar-layout":"default","site-content-layout":"","ast-site-content-layout":"default","site-content-style":"default","site-sidebar-style":"default","ast-global-header-display":"","ast-banner-title-visibility":"","ast-main-header-display":"","ast-hfb-above-header-display":"","ast-hfb-below-header-display":"","ast-hfb-mobile-header-display":"","site-post-title":"","ast-breadcrumbs-content":"","ast-featured-img":"","footer-sml-layout":"","ast-disable-related-posts":"","theme-transparent-header-meta":"default","adv-header-id-meta":"","stick-header-meta":"","header-above-stick-meta":"","header-main-stick-meta":"","header-below-stick-meta":"","astra-migrate-meta-layouts":"set","ast-page-background-enabled":"default","ast-page-background-meta":{"desktop":{"background-color":"","background-image":"","background-repeat":"repeat","background-position":"center center","background-size":"auto","background-attachment":"scroll","background-type":"","background-media":"","overlay-type":"","overlay-color":"","overlay-opacity":"","overlay-gradient":""},"tablet":{"background-color":"","background-image":"","background-repeat":"repeat","background-position":"center center","background-size":"auto","background-attachment":"scroll","background-type":"","background-media":"","overlay-type":"","overlay-color":"","overlay-opacity":"","overlay-gradient":""},"mobile":{"background-color":"","background-image":"","background-repeat":"repeat","background-position":"center center","background-size":"auto","background-attachment":"scroll","background-type":"","background-media":"","overlay-type":"","overlay-color":"","overlay-opacity":"","overlay-gradient":""}},"ast-content-background-meta":{"desktop":{"background-color":"var(--ast-global-color-5)","background-image":"","background-repeat":"repeat","background-position":"center center","background-size":"auto","background-attachment":"scroll","background-type":"","background-media":"","overlay-type":"","overlay-color":"","overlay-opacity":"","overlay-gradient":""},"tablet":{"background-color":"var(--ast-global-color-5)","background-image":"","background-repeat":"repeat","background-position":"center center","background-size":"auto","background-attachment":"scroll","background-type":"","background-media":"","overlay-type":"","overlay-color":"","overlay-opacity":"","overlay-gradient":""},"mobile":{"background-color":"var(--ast-global-color-5)","background-image":"","background-repeat":"repeat","background-position":"center center","background-size":"auto","background-attachment":"scroll","background-type":"","background-media":"","overlay-type":"","overlay-color":"","overlay-opacity":"","overlay-gradient":""}}},"product_brand":[233],"product_cat":[48,50],"product_tag":[],"class_list":{"0":"post-4242","1":"product","2":"type-product","3":"status-publish","4":"has-post-thumbnail","6":"product_brand-connect-pro","7":"product_cat-securex-smart-alarm","8":"product_cat-sensorer-brand-vatten","9":"pa_brands-securex","10":"desktop-align-left","11":"tablet-align-center","12":"mobile-align-center","14":"first","15":"instock","16":"shipping-taxable","17":"product-type-simple"},"acf":[],"_links":{"self":[{"href":"https:\/\/stonehousesmart.se\/de\/wp-json\/wp\/v2\/product\/4242","targetHints":{"allow":["GET"]}}],"collection":[{"href":"https:\/\/stonehousesmart.se\/de\/wp-json\/wp\/v2\/product"}],"about":[{"href":"https:\/\/stonehousesmart.se\/de\/wp-json\/wp\/v2\/types\/product"}],"wp:featuredmedia":[{"embeddable":true,"href":"https:\/\/stonehousesmart.se\/de\/wp-json\/wp\/v2\/media\/4730"}],"wp:attachment":[{"href":"https:\/\/stonehousesmart.se\/de\/wp-json\/wp\/v2\/media?parent=4242"}],"wp:term":[{"taxonomy":"product_brand","embeddable":true,"href":"https:\/\/stonehousesmart.se\/de\/wp-json\/wp\/v2\/product_brand?post=4242"},{"taxonomy":"product_cat","embeddable":true,"href":"https:\/\/stonehousesmart.se\/de\/wp-json\/wp\/v2\/product_cat?post=4242"},{"taxonomy":"product_tag","embeddable":true,"href":"https:\/\/stonehousesmart.se\/de\/wp-json\/wp\/v2\/product_tag?post=4242"}],"curies":[{"name":"wp","href":"https:\/\/api.w.org\/{rel}","templated":true}]}}