{"id":4295,"date":"2025-09-15T11:16:44","date_gmt":"2025-09-15T09:16:44","guid":{"rendered":"https:\/\/stonehousesmart.se\/?post_type=product&#038;p=4295"},"modified":"2026-03-30T15:44:39","modified_gmt":"2026-03-30T13:44:39","slug":"securex-smokeguard-insektskydd-och-led-larm","status":"publish","type":"product","link":"https:\/\/stonehousesmart.se\/de\/product\/securex-smokeguard-insektskydd-och-led-larm\/","title":{"rendered":"SecureX SmokeGuard \u2013 Rauchmelder EN14604, 10 Jahre Batterie"},"content":{"rendered":"<h2 data-start=\"230\" data-end=\"291\">SecureX SmokeGuard \u2013 EN14604 Rauchmelder mit 10 Jahren Lebensdauer<\/h2>\n<p data-start=\"293\" data-end=\"592\">SecureX SmokeGuard ist ein <strong data-start=\"318\" data-end=\"353\">EN14604 zertifizierter Rauchmelder<\/strong> Es wurde entwickelt, um einen zuverl\u00e4ssigen und koordinierten Brandschutz in H\u00e4usern und Geb\u00e4uden zu gew\u00e4hrleisten, reagiert schnell auf Rauch und ist f\u00fcr Bereiche vorgesehen, in denen eine fr\u00fchzeitige Warnung von entscheidender Bedeutung ist, wie z. B. Schlafzimmer, Wohnzimmer, Flure und Gemeinschaftsr\u00e4ume.<\/p>\n<p data-start=\"594\" data-end=\"763\">Wenn Rauch festgestellt wird, <strong data-start=\"626\" data-end=\"667\">leistungsstarke Sirene mit einem Ger\u00e4uschpegel von \u226585 dB (in 3 Metern Entfernung)<\/strong> zusammen mit einer gut sichtbaren LED-Anzeige, damit die Gefahr auch nachts sofort erkannt wird.<\/p>\n<p data-start=\"765\" data-end=\"913\">Die eingebaute Lithiumbatterie hat eine Lebensdauer von bis zu <strong data-start=\"823\" data-end=\"832\">10 Jahre<\/strong>, wodurch SmokeGuard w\u00e4hrend seiner gesamten Lebensdauer praktisch wartungsfrei ist.<\/p>\n<hr data-start=\"915\" data-end=\"918\" \/>\n<h2 data-start=\"920\" data-end=\"979\">Vernetzter Brandschutz \u2013 alle Einheiten alarmieren gleichzeitig<\/h2>\n<p data-start=\"981\" data-end=\"1117\">SecureX SmokeGuard ist Teil von <strong data-start=\"1013\" data-end=\"1036\">SecureX-Feuerl\u00f6schanlage<\/strong> und wird zusammen mit <strong data-start=\"1065\" data-end=\"1083\">SecureX Hub<\/strong>, die die zentrale Einheit des Systems darstellt.<\/p>\n<p data-start=\"1119\" data-end=\"1175\">Wann <strong data-start=\"1123\" data-end=\"1129\">A<\/strong> Der Rauch- oder W\u00e4rmemelder im System l\u00f6st aus:<\/p>\n<ul data-start=\"1176\" data-end=\"1312\">\n<li data-start=\"1176\" data-end=\"1228\">\n<p data-start=\"1178\" data-end=\"1228\"><strong data-start=\"1178\" data-end=\"1228\">Alle Rauch- und W\u00e4rmemelder schlagen gleichzeitig Alarm.<\/strong><\/p>\n<\/li>\n<li data-start=\"1229\" data-end=\"1267\">\n<p data-start=\"1231\" data-end=\"1267\">Auf dem gesamten Gel\u00e4nde werden Sirenen ausgel\u00f6st.<\/p>\n<\/li>\n<li data-start=\"1268\" data-end=\"1312\">\n<p data-start=\"1270\" data-end=\"1312\">Push-Benachrichtigungen werden in Echtzeit an Ihr Mobiltelefon gesendet.<\/p>\n<\/li>\n<\/ul>\n<p data-start=\"1314\" data-end=\"1392\">Der Alarm <strong data-start=\"1321\" data-end=\"1391\">kann \u00fcber den SecureX-Hub oder direkt in der Stonehouse Smart App deaktiviert werden.<\/strong>.<\/p>\n<p class=\"ds-markdown-paragraph\"><strong>K\u00f6nnen mehrere Detektoren ohne Hub angeschlossen werden?<\/strong><br \/>\nAbsolut. Sie k\u00f6nnen Ihr eigenes drahtloses Funknetzwerk erstellen, in dem alle Detektoren miteinander verbunden sind.<\/p>\n<p class=\"ds-markdown-paragraph\">Wenn einer Alarm ausl\u00f6st, alarmieren alle \u2013 auch ohne WLAN oder Internet. Perfekt f\u00fcr alle, die ein einfaches und robustes System suchen.<\/p>\n<p class=\"ds-markdown-paragraph\"><strong>Was erhalte ich, wenn ich eine Verbindung zu SecureX Connect Pro herstelle?<\/strong><br \/>\nMit dem SecureX-Hub erhalten Sie erweiterte Funktionen:<\/p>\n<ul>\n<li>\n<p class=\"ds-markdown-paragraph\">Alle Melder schlagen gleichzeitig Alarm.<\/p>\n<\/li>\n<li>\n<p class=\"ds-markdown-paragraph\">Im Alarmfall werden Push-Benachrichtigungen an Ihr Mobiltelefon gesendet.<\/p>\n<\/li>\n<li>\n<p class=\"ds-markdown-paragraph\">Status und Verlauf k\u00f6nnen Sie in der Stonehouse Smart App einsehen.<\/p>\n<\/li>\n<li>\n<p class=\"ds-markdown-paragraph\">Sie k\u00f6nnen Alarme \u00fcber die App oder die Zentrale deaktivieren.<\/p>\n<\/li>\n<li>\n<p class=\"ds-markdown-paragraph\">Das System wird Teil Ihres Smart Homes.<\/p>\n<\/li>\n<\/ul>\n<p class=\"ds-markdown-paragraph\"><strong>Muss ich mich zwischen Standalone- und vernetzter Version entscheiden?<\/strong><br \/>\nNein. Sie k\u00f6nnen mit einem eigenst\u00e4ndigen, vernetzten Netzwerk beginnen und dieses sp\u00e4ter mit SecureX Connect Pro verbinden, wenn Sie App-Steuerung und Benachrichtigungen w\u00fcnschen.<\/p>\n<p class=\"ds-markdown-paragraph\"><strong>Funktioniert es auch, wenn das Internet ausgefallen ist?<\/strong><br \/>\nJa. Die Alarmfunktion selbst und das verbundene Netzwerk funktionieren auch lokal ohne Internetverbindung. Eine Internetverbindung ist nur f\u00fcr mobile Benachrichtigungen und die Fernsteuerung per App erforderlich.<\/p>\n<hr data-start=\"1494\" data-end=\"1497\" \/>\n<h2 data-start=\"1499\" data-end=\"1530\">App-Steuerung und Kompatibilit\u00e4t<\/h2>\n<p data-start=\"1532\" data-end=\"1594\">Alle Ereignisse werden angezeigt in <strong data-start=\"1555\" data-end=\"1581\">Die Stonehouse Smart App<\/strong>, wo Sie k\u00f6nnen:<\/p>\n<ul data-start=\"1595\" data-end=\"1698\">\n<li data-start=\"1595\" data-end=\"1628\">\n<p data-start=\"1597\" data-end=\"1628\">Pr\u00fcfen Sie, welcher Alarm ausgel\u00f6st wurde.<\/p>\n<\/li>\n<li data-start=\"1629\" data-end=\"1662\">\n<p data-start=\"1631\" data-end=\"1662\">Empfange Push-Benachrichtigungen in Echtzeit.<\/p>\n<\/li>\n<li data-start=\"1663\" data-end=\"1698\">\n<p data-start=\"1665\" data-end=\"1698\">Alarm ausschalten und zur\u00fccksetzen<\/p>\n<\/li>\n<\/ul>\n<p data-start=\"1700\" data-end=\"1712\"><strong data-start=\"1700\" data-end=\"1712\">Wichtig:<\/strong><\/p>\n<ul data-start=\"1713\" data-end=\"1902\">\n<li data-start=\"1713\" data-end=\"1755\">\n<p data-start=\"1715\" data-end=\"1755\">SmokeGuard verbindet sich mit dem SecureX-Hub.<\/p>\n<\/li>\n<li data-start=\"1756\" data-end=\"1819\">\n<p data-start=\"1758\" data-end=\"1819\">Es ist der Hub, der kompatibel ist mit <strong data-start=\"1794\" data-end=\"1817\">Tuya und Smart Life<\/strong><\/p>\n<\/li>\n<li data-start=\"1820\" data-end=\"1902\">\n<p data-start=\"1822\" data-end=\"1902\">Der Rauchmelder ist <strong data-start=\"1838\" data-end=\"1864\">nicht direkt kompatibel<\/strong> mit Tuya oder Smart Life ohne Hub<\/p>\n<\/li>\n<\/ul>\n<hr data-start=\"1904\" data-end=\"1907\" \/>\n<h2 data-start=\"1909\" data-end=\"1953\">Einfache Installation und stabile Kommunikation<\/h2>\n<p data-start=\"1955\" data-end=\"2172\">SmokeGuard kommuniziert drahtlos \u00fcber <strong data-start=\"1992\" data-end=\"2003\">433 MHz<\/strong> und bietet eine stabile Reichweite im gesamten Haus oder auf dem Grundst\u00fcck. Es l\u00e4sst sich einfach an der Decke montieren und hat einen sehr geringen Standby-Verbrauch, was zu einer langen Akkulaufzeit beitr\u00e4gt.<\/p>\n<p data-start=\"2174\" data-end=\"2257\">Dank des diskreten Designs f\u00fcgt sich der Rauchmelder unauff\u00e4llig in die Inneneinrichtung ein.<\/p>\n<hr data-start=\"2259\" data-end=\"2262\" \/>\n<h2 data-start=\"2264\" data-end=\"2288\">Vorteile und Funktionen<\/h2>\n<ul data-start=\"2290\" data-end=\"2775\">\n<li data-start=\"2290\" data-end=\"2325\">\n<p data-start=\"2292\" data-end=\"2325\">EN14604 zertifizierter Rauchmelder<\/p>\n<\/li>\n<li data-start=\"2326\" data-end=\"2370\">\n<p data-start=\"2328\" data-end=\"2370\">Eingebaut <strong data-start=\"2336\" data-end=\"2353\">10-Jahres-Batterie<\/strong> \u2013 1 St\u00fcck <span data-teams=\"true\">CR123A<\/span><\/p>\n<\/li>\n<li data-start=\"2371\" data-end=\"2415\">\n<p data-start=\"2373\" data-end=\"2415\">Leistungsstarke Sirene \u226585 dB und LED-Anzeige<\/p>\n<\/li>\n<li data-start=\"2416\" data-end=\"2466\">\n<p data-start=\"2418\" data-end=\"2466\">Alle Rauch- und W\u00e4rmemelder schlagen gleichzeitig Alarm.<\/p>\n<\/li>\n<li data-start=\"2467\" data-end=\"2518\">\n<p data-start=\"2469\" data-end=\"2518\">Der Alarm wird ausgeschaltet \u00fcber <strong data-start=\"2488\" data-end=\"2516\">SecureX Hub oder App<\/strong><\/p>\n<\/li>\n<li data-start=\"2519\" data-end=\"2580\">\n<p data-start=\"2521\" data-end=\"2580\">Funkfrequenz: <strong data-start=\"2539\" data-end=\"2559\">433 MHz (EV1527)<\/strong>, kodiert f\u00fcr SecureX<\/p>\n<\/li>\n<li data-start=\"2581\" data-end=\"2643\">\n<p data-start=\"2583\" data-end=\"2643\">Anschluss von bis zu <strong data-start=\"2610\" data-end=\"2641\">40 Rauch- und W\u00e4rmemelder<\/strong><\/p>\n<\/li>\n<li data-start=\"2644\" data-end=\"2692\">\n<p data-start=\"2646\" data-end=\"2692\">Echtzeitbenachrichtigungen in <strong data-start=\"2664\" data-end=\"2690\">Die Stonehouse Smart App<\/strong><\/p>\n<\/li>\n<li data-start=\"2693\" data-end=\"2740\">\n<p data-start=\"2695\" data-end=\"2740\">Stabile drahtlose Kommunikation in Ihrem eigenen Netzwerk<\/p>\n<\/li>\n<li data-start=\"2741\" data-end=\"2775\">\n<p data-start=\"2743\" data-end=\"2775\">Einfache und unauff\u00e4llige Deckenmontage<\/p>\n<\/li>\n<li data-start=\"2741\" data-end=\"2775\">Gr\u00f6\u00dfe: 93 x 35 mm<\/li>\n<\/ul>\n<hr data-start=\"2777\" data-end=\"2780\" \/>\n<h2 data-start=\"2782\" data-end=\"2803\">Anwendungsgebiete<\/h2>\n<ul data-start=\"2805\" data-end=\"2937\">\n<li data-start=\"2805\" data-end=\"2830\">\n<p data-start=\"2807\" data-end=\"2830\">Schlafzimmer und Wohnzimmer<\/p>\n<\/li>\n<li data-start=\"2831\" data-end=\"2865\">\n<p data-start=\"2833\" data-end=\"2865\">Hallen und Gemeinschaftsbereiche<\/p>\n<\/li>\n<li data-start=\"2866\" data-end=\"2903\">\n<p data-start=\"2868\" data-end=\"2903\">Villen, Apartments und Ferienh\u00e4user<\/p>\n<\/li>\n<li data-start=\"2904\" data-end=\"2937\">\n<p data-start=\"2906\" data-end=\"2937\">B\u00fcros und gr\u00f6\u00dfere Immobilien<\/p>\n<\/li>\n<\/ul>\n<hr data-start=\"2939\" data-end=\"2942\" \/>\n<h2 data-start=\"2944\" data-end=\"2963\">Lieferinhalt<\/h2>\n<ul data-start=\"2965\" data-end=\"3082\">\n<li data-start=\"2965\" data-end=\"3005\">\n<p data-start=\"2967\" data-end=\"3005\">SecureX SmokeGuard Rauchmelder: 1 St\u00fcck<\/p>\n<\/li>\n<li data-start=\"3006\" data-end=\"3031\">\n<p data-start=\"3008\" data-end=\"3031\">Montagehalterung: 1 St\u00fcck<\/p>\n<\/li>\n<li data-start=\"3032\" data-end=\"3049\">\n<p data-start=\"3034\" data-end=\"3049\">Schrauben: 3 St\u00fcck<\/p>\n<\/li>\n<li data-start=\"3050\" data-end=\"3065\">\n<p data-start=\"3052\" data-end=\"3065\">Stecker: 3 St\u00fcck<\/p>\n<\/li>\n<li data-start=\"3066\" data-end=\"3082\">\n<p data-start=\"3068\" data-end=\"3082\">Anleitung: 1 St\u00fcck<\/p>\n<\/li>\n<li data-start=\"3066\" data-end=\"3082\">Vorinstallierter Akku \u2013 <span data-teams=\"true\">CR123A<\/span><\/li>\n<\/ul>","protected":false},"excerpt":{"rendered":"<p data-start=\"2463\" data-end=\"2616\">EN14604-zertifizierter Rauchmelder mit eingebauter 10-Jahres-Batterie.<\/p>\n<p data-start=\"2463\" data-end=\"2616\">Verbindet sich \u00fcber den SecureX-Hub f\u00fcr gemeinsame Alarme und Push-Benachrichtigungen in der Stonehouse Smart App.<\/p>","protected":false},"featured_media":5415,"template":"","meta":{"_acf_changed":false,"inline_featured_image":false,"site-sidebar-layout":"default","site-content-layout":"","ast-site-content-layout":"default","site-content-style":"default","site-sidebar-style":"default","ast-global-header-display":"","ast-banner-title-visibility":"","ast-main-header-display":"","ast-hfb-above-header-display":"","ast-hfb-below-header-display":"","ast-hfb-mobile-header-display":"","site-post-title":"","ast-breadcrumbs-content":"","ast-featured-img":"","footer-sml-layout":"","ast-disable-related-posts":"","theme-transparent-header-meta":"default","adv-header-id-meta":"","stick-header-meta":"","header-above-stick-meta":"","header-main-stick-meta":"","header-below-stick-meta":"","astra-migrate-meta-layouts":"set","ast-page-background-enabled":"default","ast-page-background-meta":{"desktop":{"background-color":"","background-image":"","background-repeat":"repeat","background-position":"center center","background-size":"auto","background-attachment":"scroll","background-type":"","background-media":"","overlay-type":"","overlay-color":"","overlay-opacity":"","overlay-gradient":""},"tablet":{"background-color":"","background-image":"","background-repeat":"repeat","background-position":"center center","background-size":"auto","background-attachment":"scroll","background-type":"","background-media":"","overlay-type":"","overlay-color":"","overlay-opacity":"","overlay-gradient":""},"mobile":{"background-color":"","background-image":"","background-repeat":"repeat","background-position":"center center","background-size":"auto","background-attachment":"scroll","background-type":"","background-media":"","overlay-type":"","overlay-color":"","overlay-opacity":"","overlay-gradient":""}},"ast-content-background-meta":{"desktop":{"background-color":"var(--ast-global-color-5)","background-image":"","background-repeat":"repeat","background-position":"center center","background-size":"auto","background-attachment":"scroll","background-type":"","background-media":"","overlay-type":"","overlay-color":"","overlay-opacity":"","overlay-gradient":""},"tablet":{"background-color":"var(--ast-global-color-5)","background-image":"","background-repeat":"repeat","background-position":"center center","background-size":"auto","background-attachment":"scroll","background-type":"","background-media":"","overlay-type":"","overlay-color":"","overlay-opacity":"","overlay-gradient":""},"mobile":{"background-color":"var(--ast-global-color-5)","background-image":"","background-repeat":"repeat","background-position":"center center","background-size":"auto","background-attachment":"scroll","background-type":"","background-media":"","overlay-type":"","overlay-color":"","overlay-opacity":"","overlay-gradient":""}}},"product_brand":[233],"product_cat":[48],"product_tag":[],"class_list":{"0":"post-4295","1":"product","2":"type-product","3":"status-publish","4":"has-post-thumbnail","6":"product_brand-connect-pro","7":"product_cat-securex-smart-alarm","8":"pa_brands-securex-connect-pro","9":"pa_brands-stonehouse-smart","10":"desktop-align-left","11":"tablet-align-center","12":"mobile-align-center","14":"first","15":"instock","16":"shipping-taxable","17":"product-type-simple"},"acf":[],"_links":{"self":[{"href":"https:\/\/stonehousesmart.se\/de\/wp-json\/wp\/v2\/product\/4295","targetHints":{"allow":["GET"]}}],"collection":[{"href":"https:\/\/stonehousesmart.se\/de\/wp-json\/wp\/v2\/product"}],"about":[{"href":"https:\/\/stonehousesmart.se\/de\/wp-json\/wp\/v2\/types\/product"}],"wp:featuredmedia":[{"embeddable":true,"href":"https:\/\/stonehousesmart.se\/de\/wp-json\/wp\/v2\/media\/5415"}],"wp:attachment":[{"href":"https:\/\/stonehousesmart.se\/de\/wp-json\/wp\/v2\/media?parent=4295"}],"wp:term":[{"taxonomy":"product_brand","embeddable":true,"href":"https:\/\/stonehousesmart.se\/de\/wp-json\/wp\/v2\/product_brand?post=4295"},{"taxonomy":"product_cat","embeddable":true,"href":"https:\/\/stonehousesmart.se\/de\/wp-json\/wp\/v2\/product_cat?post=4295"},{"taxonomy":"product_tag","embeddable":true,"href":"https:\/\/stonehousesmart.se\/de\/wp-json\/wp\/v2\/product_tag?post=4295"}],"curies":[{"name":"wp","href":"https:\/\/api.w.org\/{rel}","templated":true}]}}