{"id":4296,"date":"2025-09-15T11:16:44","date_gmt":"2025-09-15T09:16:44","guid":{"rendered":"https:\/\/stonehousesmart.se\/?post_type=product&#038;p=4296"},"modified":"2026-03-30T15:48:36","modified_gmt":"2026-03-30T13:48:36","slug":"securex-heatsense-10-arsbatteri","status":"publish","type":"product","link":"https:\/\/stonehousesmart.se\/de\/product\/securex-heatsense-10-arsbatteri\/","title":{"rendered":"SecureX HeatSense \u2013 W\u00e4rmemelder, 10-Jahres-Batteriezertifikat BS446-2"},"content":{"rendered":"<h2 data-start=\"335\" data-end=\"400\">SecureX HeatSense \u2013 W\u00e4rmemelder mit 10-Jahres-Batterie (BS5446-2)<\/h2>\n<p data-start=\"402\" data-end=\"690\">SecureX HeatSense ist ein <strong data-start=\"426\" data-end=\"471\">zertifizierter W\u00e4rmemelder gem\u00e4\u00df BS5446-2<\/strong>, Es wurde entwickelt, um ungew\u00f6hnliche Temperaturanstiege zu erkennen, die auf einen Brand hindeuten k\u00f6nnen. Es eignet sich besonders f\u00fcr Umgebungen, in denen Rauchmelder Fehlalarme ausl\u00f6sen k\u00f6nnen, wie z. B. K\u00fcchen, Garagen, Werkst\u00e4tten und staubige R\u00e4ume.<\/p>\n<p data-start=\"692\" data-end=\"851\">Im Falle eines gef\u00e4hrlichen Temperaturanstiegs, <strong data-start=\"733\" data-end=\"774\">leistungsstarke Sirene mit einem Ger\u00e4uschpegel von \u226585 dB (in 3 Metern Entfernung)<\/strong> zusammen mit einer gut sichtbaren LED-Anzeige, damit der Alarm sofort bemerkt wird.<\/p>\n<p data-start=\"853\" data-end=\"964\">Der eingebaute Akku hat eine Lebensdauer von bis zu <strong data-start=\"905\" data-end=\"914\">10 Jahre<\/strong>, Dadurch ist HeatSense praktisch wartungsfrei.<\/p>\n<hr data-start=\"966\" data-end=\"969\" \/>\n<h2 data-start=\"971\" data-end=\"1030\">Vernetzter Brandschutz \u2013 alle Einheiten alarmieren gleichzeitig<\/h2>\n<p data-start=\"1032\" data-end=\"1167\">SecureX HeatSense ist Teil von <strong data-start=\"1063\" data-end=\"1086\">SecureX-Feuerl\u00f6schanlage<\/strong> und wird zusammen mit <strong data-start=\"1115\" data-end=\"1133\">SecureX Hub<\/strong>, die die zentrale Einheit des Systems darstellt.<\/p>\n<p data-start=\"1169\" data-end=\"1225\">Wann <strong data-start=\"1173\" data-end=\"1179\">A<\/strong> Der Rauch- oder W\u00e4rmemelder im System l\u00f6st aus:<\/p>\n<ul data-start=\"1226\" data-end=\"1362\">\n<li data-start=\"1226\" data-end=\"1278\">\n<p data-start=\"1228\" data-end=\"1278\"><strong data-start=\"1228\" data-end=\"1278\">Alle Rauch- und W\u00e4rmemelder schlagen gleichzeitig Alarm.<\/strong><\/p>\n<\/li>\n<li data-start=\"1279\" data-end=\"1317\">\n<p data-start=\"1281\" data-end=\"1317\">Auf dem gesamten Gel\u00e4nde werden Sirenen ausgel\u00f6st.<\/p>\n<\/li>\n<li data-start=\"1318\" data-end=\"1362\">\n<p data-start=\"1320\" data-end=\"1362\">Push-Benachrichtigungen werden in Echtzeit an Ihr Mobiltelefon gesendet.<\/p>\n<\/li>\n<\/ul>\n<p data-start=\"1364\" data-end=\"1442\">Der Alarm <strong data-start=\"1371\" data-end=\"1441\">kann \u00fcber den SecureX-Hub oder direkt in der Stonehouse Smart App deaktiviert werden.<\/strong>.<\/p>\n<p class=\"ds-markdown-paragraph\"><strong>K\u00f6nnen mehrere Detektoren ohne Hub angeschlossen werden?<\/strong><br \/>\nAbsolut. Sie k\u00f6nnen Ihr eigenes drahtloses Funknetzwerk erstellen, in dem alle Melder miteinander verbunden sind. Wenn einer Alarm ausl\u00f6st, alarmieren alle \u2013 ganz ohne WLAN oder Internetverbindung.<\/p>\n<p class=\"ds-markdown-paragraph\">Perfekt f\u00fcr alle, die ein einfaches und robustes System w\u00fcnschen.<\/p>\n<p class=\"ds-markdown-paragraph\"><strong>Was erhalte ich, wenn ich eine Verbindung zu SecureX Connect Pro herstelle?<\/strong><br \/>\nMit dem SecureX-Hub erhalten Sie erweiterte Funktionen:<\/p>\n<ul>\n<li>\n<p class=\"ds-markdown-paragraph\">Alle Melder schlagen gleichzeitig Alarm.<\/p>\n<\/li>\n<li>\n<p class=\"ds-markdown-paragraph\">Im Alarmfall werden Push-Benachrichtigungen an Ihr Mobiltelefon gesendet.<\/p>\n<\/li>\n<li>\n<p class=\"ds-markdown-paragraph\">Status und Verlauf k\u00f6nnen Sie in der Stonehouse Smart App einsehen.<\/p>\n<\/li>\n<li>\n<p class=\"ds-markdown-paragraph\">Sie k\u00f6nnen Alarme \u00fcber die App oder die Zentrale deaktivieren.<\/p>\n<\/li>\n<li>\n<p class=\"ds-markdown-paragraph\">Das System wird Teil Ihres Smart Homes.<\/p>\n<\/li>\n<\/ul>\n<p class=\"ds-markdown-paragraph\"><strong>Muss ich mich zwischen Standalone- und vernetzter Version entscheiden?<\/strong><br \/>\nNein. Sie k\u00f6nnen mit einem eigenst\u00e4ndigen, vernetzten Netzwerk beginnen und dieses sp\u00e4ter mit SecureX Connect Pro verbinden, wenn Sie App-Steuerung und Benachrichtigungen w\u00fcnschen.<\/p>\n<p class=\"ds-markdown-paragraph\"><strong>Funktioniert es auch, wenn das Internet ausgefallen ist?<\/strong><br \/>\nJa. Die Alarmfunktion selbst und das verbundene Netzwerk funktionieren auch lokal ohne Internetverbindung.<\/p>\n<p class=\"ds-markdown-paragraph\">Internet wird nur f\u00fcr mobile Benachrichtigungen und die Fernsteuerung per App ben\u00f6tigt.<\/p>\n<hr data-start=\"1538\" data-end=\"1541\" \/>\n<h2 data-start=\"1543\" data-end=\"1574\">App-Steuerung und Kompatibilit\u00e4t<\/h2>\n<p data-start=\"1576\" data-end=\"1638\">Alle Ereignisse werden angezeigt in <strong data-start=\"1599\" data-end=\"1625\">Die Stonehouse Smart App<\/strong>, wo Sie k\u00f6nnen:<\/p>\n<ul data-start=\"1639\" data-end=\"1742\">\n<li data-start=\"1639\" data-end=\"1672\">\n<p data-start=\"1641\" data-end=\"1672\">Pr\u00fcfen Sie, welcher Alarm ausgel\u00f6st wurde.<\/p>\n<\/li>\n<li data-start=\"1673\" data-end=\"1706\">\n<p data-start=\"1675\" data-end=\"1706\">Empfange Push-Benachrichtigungen in Echtzeit.<\/p>\n<\/li>\n<li data-start=\"1707\" data-end=\"1742\">\n<p data-start=\"1709\" data-end=\"1742\">Alarm ausschalten und zur\u00fccksetzen<\/p>\n<\/li>\n<\/ul>\n<p data-start=\"1744\" data-end=\"1756\"><strong data-start=\"1744\" data-end=\"1756\">Wichtig:<\/strong><\/p>\n<ul data-start=\"1757\" data-end=\"1940\">\n<li data-start=\"1757\" data-end=\"1798\">\n<p data-start=\"1759\" data-end=\"1798\">HeatSense verbindet sich mit dem SecureX-Hub<\/p>\n<\/li>\n<li data-start=\"1799\" data-end=\"1862\">\n<p data-start=\"1801\" data-end=\"1862\">Es ist der Hub, der kompatibel ist mit <strong data-start=\"1837\" data-end=\"1860\">Tuya und Smart Life<\/strong><\/p>\n<\/li>\n<li data-start=\"1863\" data-end=\"1940\">\n<p data-start=\"1865\" data-end=\"1940\">Der Sensor ist <strong data-start=\"1876\" data-end=\"1902\">nicht direkt kompatibel<\/strong> mit Tuya oder Smart Life ohne Hub<\/p>\n<\/li>\n<\/ul>\n<hr data-start=\"1942\" data-end=\"1945\" \/>\n<h2 data-start=\"1947\" data-end=\"1991\">Einfache Installation und stabile Kommunikation<\/h2>\n<p data-start=\"1993\" data-end=\"2208\">HeatSense kommuniziert drahtlos \u00fcber <strong data-start=\"2029\" data-end=\"2040\">433 MHz<\/strong> und hat eine Reichweite von bis zu <strong data-start=\"2073\" data-end=\"2097\">100 Meter in freier Sicht<\/strong>. Es l\u00e4sst sich leicht an der Decke montieren und hat einen sehr geringen Standby-Verbrauch, was zu einer langen Akkulaufzeit beitr\u00e4gt.<\/p>\n<p data-start=\"2210\" data-end=\"2306\">Dank des unauff\u00e4lligen Designs f\u00fcgt sich der Detektor sowohl in Wohn- als auch in Gesch\u00e4ftsumgebungen gut ein.<\/p>\n<hr data-start=\"2308\" data-end=\"2311\" \/>\n<h2 data-start=\"2313\" data-end=\"2337\">Vorteile und Funktionen<\/h2>\n<ul data-start=\"2339\" data-end=\"2796\">\n<li data-start=\"2339\" data-end=\"2372\">\n<p data-start=\"2341\" data-end=\"2372\">Zertifiziert gem\u00e4\u00df <strong data-start=\"2360\" data-end=\"2372\">BS5446-2<\/strong><\/p>\n<\/li>\n<li data-start=\"2373\" data-end=\"2412\">\n<p data-start=\"2375\" data-end=\"2412\">Eingebaut <strong data-start=\"2383\" data-end=\"2400\">10-Jahres-Batterie<\/strong> (nicht ersetzbar)<\/p>\n<\/li>\n<li data-start=\"2413\" data-end=\"2455\">\n<p data-start=\"2415\" data-end=\"2455\">Leistungsstarke Sirene \u226585 dB und LED-Anzeige<\/p>\n<\/li>\n<li data-start=\"2456\" data-end=\"2504\">\n<p data-start=\"2458\" data-end=\"2504\">Alle Rauch- und W\u00e4rmemelder schlagen gleichzeitig Alarm.<\/p>\n<\/li>\n<li data-start=\"2505\" data-end=\"2554\">\n<p data-start=\"2507\" data-end=\"2554\">Der Alarm wird ausgeschaltet \u00fcber <strong data-start=\"2526\" data-end=\"2554\">SecureX Hub oder App<\/strong><\/p>\n<\/li>\n<li data-start=\"2555\" data-end=\"2614\">\n<p data-start=\"2557\" data-end=\"2614\">Funkfrequenz: <strong data-start=\"2575\" data-end=\"2595\">433 MHz (EV1527)<\/strong>, kodiert f\u00fcr SecureX<\/p>\n<\/li>\n<li data-start=\"2615\" data-end=\"2675\">\n<p data-start=\"2617\" data-end=\"2675\">Anschluss von bis zu <strong data-start=\"2644\" data-end=\"2675\">40 Rauch- und W\u00e4rmemelder<\/strong><\/p>\n<\/li>\n<li data-start=\"2676\" data-end=\"2722\">\n<p data-start=\"2678\" data-end=\"2722\">Echtzeitbenachrichtigungen in <strong data-start=\"2696\" data-end=\"2722\">Die Stonehouse Smart App<\/strong><\/p>\n<\/li>\n<li data-start=\"2723\" data-end=\"2763\">\n<p data-start=\"2725\" data-end=\"2763\">Reichweite bis zu <strong data-start=\"2743\" data-end=\"2752\">100 m<\/strong> (klare Sicht)<\/p>\n<\/li>\n<li data-start=\"2764\" data-end=\"2796\">\n<p data-start=\"2766\" data-end=\"2796\">Einfache und unauff\u00e4llige Deckenmontage<\/p>\n<\/li>\n<li data-start=\"2764\" data-end=\"2796\">Abmessungen: 116 x 46 mm<\/li>\n<\/ul>\n<hr data-start=\"2798\" data-end=\"2801\" \/>\n<h2 data-start=\"2803\" data-end=\"2824\">Anwendungsgebiete<\/h2>\n<ul data-start=\"2826\" data-end=\"2942\">\n<li data-start=\"2826\" data-end=\"2864\">\n<p data-start=\"2828\" data-end=\"2864\">K\u00fcche (minimiert Fehlalarme durch Kochd\u00fcnste)<\/p>\n<\/li>\n<li data-start=\"2865\" data-end=\"2888\">\n<p data-start=\"2867\" data-end=\"2888\">Garagen und Werkst\u00e4tten<\/p>\n<\/li>\n<li data-start=\"2889\" data-end=\"2909\">\n<p data-start=\"2891\" data-end=\"2909\">Keller und Abstellraum<\/p>\n<\/li>\n<li data-start=\"2910\" data-end=\"2942\">\n<p data-start=\"2912\" data-end=\"2942\">Gesch\u00e4fte und \u00f6ffentliche Umgebungen<\/p>\n<\/li>\n<\/ul>\n<hr data-start=\"2944\" data-end=\"2947\" \/>\n<h2 data-start=\"2949\" data-end=\"2968\">Lieferinhalt<\/h2>\n<ul data-start=\"2970\" data-end=\"3062\">\n<li data-start=\"2970\" data-end=\"3011\">\n<p data-start=\"2972\" data-end=\"3011\">SecureX HeatSense W\u00e4rmemelder: 1 St\u00fcck<\/p>\n<\/li>\n<li data-start=\"3012\" data-end=\"3029\">\n<p data-start=\"3014\" data-end=\"3029\">Schrauben: 2 St\u00fcck<\/p>\n<\/li>\n<li data-start=\"3030\" data-end=\"3045\">\n<p data-start=\"3032\" data-end=\"3045\">Stecker: 2 St\u00fcck<\/p>\n<\/li>\n<li data-start=\"3046\" data-end=\"3062\">\n<p data-start=\"3048\" data-end=\"3062\">Anleitung: 1 St\u00fcck<\/p>\n<\/li>\n<li data-start=\"3046\" data-end=\"3062\">Eingebauter Akku \u2013 gesch\u00e4tzte Lebensdauer 10 Jahre<\/li>\n<\/ul>","protected":false},"excerpt":{"rendered":"<p>BS5446-2-zertifizierter W\u00e4rmemelder mit 10-Jahres-Batterie. Ideal f\u00fcr K\u00fcchen und Garagen.<\/p>\n<p>Verbindet sich \u00fcber den SecureX-Hub und sendet Alarme \u00fcber die Stonehouse Smart App an Ihr Mobiltelefon.<\/p>","protected":false},"featured_media":5419,"template":"","meta":{"_acf_changed":false,"inline_featured_image":false,"site-sidebar-layout":"default","site-content-layout":"","ast-site-content-layout":"default","site-content-style":"default","site-sidebar-style":"default","ast-global-header-display":"","ast-banner-title-visibility":"","ast-main-header-display":"","ast-hfb-above-header-display":"","ast-hfb-below-header-display":"","ast-hfb-mobile-header-display":"","site-post-title":"","ast-breadcrumbs-content":"","ast-featured-img":"","footer-sml-layout":"","ast-disable-related-posts":"","theme-transparent-header-meta":"default","adv-header-id-meta":"","stick-header-meta":"","header-above-stick-meta":"","header-main-stick-meta":"","header-below-stick-meta":"","astra-migrate-meta-layouts":"set","ast-page-background-enabled":"default","ast-page-background-meta":{"desktop":{"background-color":"","background-image":"","background-repeat":"repeat","background-position":"center center","background-size":"auto","background-attachment":"scroll","background-type":"","background-media":"","overlay-type":"","overlay-color":"","overlay-opacity":"","overlay-gradient":""},"tablet":{"background-color":"","background-image":"","background-repeat":"repeat","background-position":"center center","background-size":"auto","background-attachment":"scroll","background-type":"","background-media":"","overlay-type":"","overlay-color":"","overlay-opacity":"","overlay-gradient":""},"mobile":{"background-color":"","background-image":"","background-repeat":"repeat","background-position":"center center","background-size":"auto","background-attachment":"scroll","background-type":"","background-media":"","overlay-type":"","overlay-color":"","overlay-opacity":"","overlay-gradient":""}},"ast-content-background-meta":{"desktop":{"background-color":"var(--ast-global-color-5)","background-image":"","background-repeat":"repeat","background-position":"center center","background-size":"auto","background-attachment":"scroll","background-type":"","background-media":"","overlay-type":"","overlay-color":"","overlay-opacity":"","overlay-gradient":""},"tablet":{"background-color":"var(--ast-global-color-5)","background-image":"","background-repeat":"repeat","background-position":"center center","background-size":"auto","background-attachment":"scroll","background-type":"","background-media":"","overlay-type":"","overlay-color":"","overlay-opacity":"","overlay-gradient":""},"mobile":{"background-color":"var(--ast-global-color-5)","background-image":"","background-repeat":"repeat","background-position":"center center","background-size":"auto","background-attachment":"scroll","background-type":"","background-media":"","overlay-type":"","overlay-color":"","overlay-opacity":"","overlay-gradient":""}}},"product_brand":[233],"product_cat":[48],"product_tag":[],"class_list":{"0":"post-4296","1":"product","2":"type-product","3":"status-publish","4":"has-post-thumbnail","6":"product_brand-connect-pro","7":"product_cat-securex-smart-alarm","8":"pa_brands-securex-connect-pro","9":"pa_brands-stonehouse-smart","10":"desktop-align-left","11":"tablet-align-center","12":"mobile-align-center","14":"first","15":"instock","16":"shipping-taxable","17":"product-type-simple"},"acf":[],"_links":{"self":[{"href":"https:\/\/stonehousesmart.se\/de\/wp-json\/wp\/v2\/product\/4296","targetHints":{"allow":["GET"]}}],"collection":[{"href":"https:\/\/stonehousesmart.se\/de\/wp-json\/wp\/v2\/product"}],"about":[{"href":"https:\/\/stonehousesmart.se\/de\/wp-json\/wp\/v2\/types\/product"}],"wp:featuredmedia":[{"embeddable":true,"href":"https:\/\/stonehousesmart.se\/de\/wp-json\/wp\/v2\/media\/5419"}],"wp:attachment":[{"href":"https:\/\/stonehousesmart.se\/de\/wp-json\/wp\/v2\/media?parent=4296"}],"wp:term":[{"taxonomy":"product_brand","embeddable":true,"href":"https:\/\/stonehousesmart.se\/de\/wp-json\/wp\/v2\/product_brand?post=4296"},{"taxonomy":"product_cat","embeddable":true,"href":"https:\/\/stonehousesmart.se\/de\/wp-json\/wp\/v2\/product_cat?post=4296"},{"taxonomy":"product_tag","embeddable":true,"href":"https:\/\/stonehousesmart.se\/de\/wp-json\/wp\/v2\/product_tag?post=4296"}],"curies":[{"name":"wp","href":"https:\/\/api.w.org\/{rel}","templated":true}]}}