{"id":4317,"date":"2025-09-15T11:16:41","date_gmt":"2025-09-15T09:16:41","guid":{"rendered":"https:\/\/stonehousesmart.se\/?post_type=product&#038;p=4317"},"modified":"2026-03-31T10:47:16","modified_gmt":"2026-03-31T08:47:16","slug":"securex-connect-pro-kit-touchskarm","status":"publish","type":"product","link":"https:\/\/stonehousesmart.se\/de\/product\/securex-connect-pro-kit-touchskarm\/","title":{"rendered":"SecureX Connect Pro Startpaket &#8211; Svensk version med touchsk\u00e4rm, 4G och app"},"content":{"rendered":"<h2>SecureX Connect Pro Alarmpaket mit Touchscreen, Deutsche Version, 4G und App<\/h2>\n<p>Alarmanlage ohne Abonnement mit 3 Jahren Garantie und vollem Support durch Swedish Stonehouse Security AB.<\/p>\n<p>SecureX Connect Pro ist das Herzst\u00fcck des SecureX-Systems \u2013 eine leistungsstarke Alarmzentrale mit <strong>7-Zoll-Touchscreen<\/strong> das alle SecureX-Ger\u00e4te in einem System zusammenf\u00fchrt.<\/p>\n<p>Dank des einfachen Startmen\u00fcs kann jeder den Wecker in etwa 30 Minuten konfigurieren; die Anleitung dazu ist auf Schwedisch., <span style=\"text-decoration: underline\"><strong>Das Men\u00fc wird immer in der von Ihnen gew\u00e4hlten Sprache angezeigt.<\/strong><\/span> als Standard zu haben.<\/p>\n<p>Im Alarmfall ert\u00f6nen die Sirenen, und Sie erhalten eine Alarmbenachrichtigung per App auf Ihr Mobiltelefon. Wenn Sie eine 4G-SIM-Karte ausgew\u00e4hlt und konfiguriert haben, erhalten Sie zus\u00e4tzlich eine SMS und eine Sprachnachricht.<\/p>\n<p>Die Stimme gibt in Ihrer Sprache bekannt, welcher Bereich ausgel\u00f6st wurde, und Sie k\u00f6nnen auch h\u00f6ren, was in Ihrem Haus passiert. Wenn Sie beispielsweise einen stillen SOS-Alarm haben, kann die Person mit Ihnen sprechen, und Sie k\u00f6nnen \u00fcber das eingebaute Mikrofon des Hubs mit ihr sprechen und kommunizieren.<\/p>\n<p>Der SecureX-Alarm <strong>Bedienfeld (mit Anzeige und Klartext), Sprachnachrichten und Stonehouse Smart App<\/strong> erh\u00e4ltlich unter:<\/p>\n<p><em><strong><span style=\"text-decoration: underline\">Schwedisch, Englisch, Deutsch, Finnisch, Franz\u00f6sisch, Niederl\u00e4ndisch, Polnisch, Spanisch, Norwegisch und D\u00e4nisch.<\/span><\/strong><\/em><\/p>\n<hr \/>\n<ul>\n<li>7-Zoll-Touchscreen mit Long Range\/LoRa<\/li>\n<li>Bis zu <strong>200 drahtlose Ger\u00e4te<\/strong><\/li>\n<li><strong>WLAN, 2G &amp; 4G<\/strong> f\u00fcr die Verbindung<\/li>\n<li>Eingebaute Sirene (bis zu 120 dB) + <strong>Backup-Akku 5000 mAh<\/strong><\/li>\n<li>Fernsteuerung und Benachrichtigungen per App<\/li>\n<li>Bei Bedarf leicht erweiterbar.<\/li>\n<\/ul>\n<hr \/>\n<h3>Funktionen und Vorteile<\/h3>\n<ul>\n<li><strong>7-Zoll-IPS-Touchscreen (1024\u00d7600)<\/strong> \u2013 \u00fcbersichtlich und einfach zu bedienen<\/li>\n<li>Integrierte Protokolle: <strong>433 MHz (EV1527)<\/strong> Und <strong>868 MHz<\/strong> mit SecureX-Verschl\u00fcsselung<\/li>\n<li><strong>Langstreckenreichweite<\/strong> \u2013 bis zu ca. <strong>500 m<\/strong> Reichweite (Sichtlinie)<\/li>\n<li>Hybridunterst\u00fctzung: <strong>200 drahtlose Ger\u00e4te + 8 kabelgebundene Zonen<\/strong><\/li>\n<li>Eingebaute Sirene + <strong>Sabotagealarm<\/strong><\/li>\n<li><strong>Backup-Akku 5000 mAh<\/strong> \u2013 Betrieb auch bei Stromausf\u00e4llen<\/li>\n<li>Zwei-Wege-Kommunikation und mehrere Notrufnummern<\/li>\n<li><strong>Kostenlose OTA-Updates<\/strong> \u00fcber die Stonehouse Smart App<\/li>\n<li><strong>10 Sprachen + Sprachinformationen:<\/strong> Schwedisch, Norwegisch, D\u00e4nisch, Finnisch, Englisch, Deutsch, Polnisch, Franz\u00f6sisch, Spanisch, Niederl\u00e4ndisch<\/li>\n<li>Einfache Installation \u00fcber <strong>USB-C oder 12 V<\/strong><\/li>\n<\/ul>\n<hr \/>\n<h3>App &amp; intelligente Integrationen<\/h3>\n<ul>\n<li>Volle Kontrolle \u00fcber <strong>Die Stonehouse Smart App<\/strong><\/li>\n<li><strong>Tuya &amp; Smart Life<\/strong> unterst\u00fctzt (\u00fcber Hub)<\/li>\n<li>M\u00f6glichkeit zur Erstellung von Szenen\/Automatisierungen (z. B. Beleuchtung im Alarmfall)<\/li>\n<li>Unterst\u00fctzung f\u00fcr <strong>Google Assistant<\/strong><\/li>\n<\/ul>\n<hr \/>\n<h3>Zertifizierungen &amp; Qualit\u00e4t<\/h3>\n<ul>\n<li>CE<\/li>\n<li>RoHS<\/li>\n<li>ERREICHEN<\/li>\n<li>FCC-ID (H700)<\/li>\n<li>UKCA (H700)<\/li>\n<li>ERP \u2013 energieeffizientes Design<\/li>\n<\/ul>\n<hr \/>\n<h3>Dies ist im SecureX Connect Pro Kit enthalten.<\/h3>\n<ul>\n<li><strong>1 St\u00fcck<\/strong> SecureX Connect Pro-Panel \u2013 7-Zoll-LoRa-Panel mit Touchscreen<\/li>\n<li><strong>2 St\u00fcck<\/strong> SecureX QuickControl Fernbedienungen<\/li>\n<li><strong>1 St\u00fcck<\/strong> SecureX MotionEye Pro \u2013 PIR-Bewegungsmelder<\/li>\n<li><strong>1 St\u00fcck<\/strong> SecureX DoorSense Pro \u2013 Magnetkontakt f\u00fcr T\u00fcren\/Fenster<\/li>\n<li><strong>3 St\u00fcck<\/strong> Selbstklebende Alarmaufkleber aus Aluminium im Format A8 (52 x 74 mm).<\/li>\n<li>Montagehalterung f\u00fcr die Platte<\/li>\n<li>Schrauben und D\u00fcbel f\u00fcr die Plattenmontage<\/li>\n<\/ul>\n<p>&nbsp;<\/p>","protected":false},"excerpt":{"rendered":"<h2>SecureX Connect Pro Alarmpaket mit Touchscreen, Deutsche Version, 4G und App<\/h2>\n<p class=\"\" data-start=\"307\" data-end=\"466\">Dank des schwedischen Touchscreens und der einfachen Startanleitung ist der Einstieg in das System kinderleicht.<\/p>\n<p class=\"\" data-start=\"307\" data-end=\"466\">Der Hub vereint alle SecureX-Ger\u00e4te in einem intelligenten und benutzerfreundlichen System.<\/p>\n<p class=\"\" data-start=\"307\" data-end=\"466\">Sie erhalten Alarme direkt auf Ihr Mobiltelefon und mit einer 4G-SIM-Karte k\u00f6nnen Sie im Alarmfall auch SMS und Sprachnachrichten empfangen.<\/p>\n<p class=\"\" data-start=\"307\" data-end=\"466\">Das Bedienfeld verf\u00fcgt \u00fcber eine eingebaute Sirene, einen Sabotagealarm, eine Notstrombatterie und wird \u00fcber Schwedisch gesteuert. <strong data-start=\"348\" data-end=\"374\">Die Stonehouse Smart App<\/strong>, und ist kompatibel mit <strong data-start=\"399\" data-end=\"420\" data-is-only-node=\"\">Tuya &amp; Smart Life<\/strong>.<\/p>\n<p data-start=\"307\" data-end=\"466\">Der SecureX-Alarm <strong>Bedienfeld (mit Anzeige und Klartext), Sprachnachrichten und Stonehouse Smart App<\/strong> Verf\u00fcgbar in Schwedisch, Englisch, Deutsch, Finnisch, Franz\u00f6sisch, Niederl\u00e4ndisch, Polnisch, Spanisch, Norwegisch und D\u00e4nisch.<\/p>","protected":false},"featured_media":5374,"template":"","meta":{"_acf_changed":false,"inline_featured_image":false,"site-sidebar-layout":"default","site-content-layout":"","ast-site-content-layout":"default","site-content-style":"default","site-sidebar-style":"default","ast-global-header-display":"","ast-banner-title-visibility":"","ast-main-header-display":"","ast-hfb-above-header-display":"","ast-hfb-below-header-display":"","ast-hfb-mobile-header-display":"","site-post-title":"","ast-breadcrumbs-content":"","ast-featured-img":"","footer-sml-layout":"","ast-disable-related-posts":"","theme-transparent-header-meta":"default","adv-header-id-meta":"","stick-header-meta":"","header-above-stick-meta":"","header-main-stick-meta":"","header-below-stick-meta":"","astra-migrate-meta-layouts":"set","ast-page-background-enabled":"default","ast-page-background-meta":{"desktop":{"background-color":"","background-image":"","background-repeat":"repeat","background-position":"center center","background-size":"auto","background-attachment":"scroll","background-type":"","background-media":"","overlay-type":"","overlay-color":"","overlay-opacity":"","overlay-gradient":""},"tablet":{"background-color":"","background-image":"","background-repeat":"repeat","background-position":"center center","background-size":"auto","background-attachment":"scroll","background-type":"","background-media":"","overlay-type":"","overlay-color":"","overlay-opacity":"","overlay-gradient":""},"mobile":{"background-color":"","background-image":"","background-repeat":"repeat","background-position":"center center","background-size":"auto","background-attachment":"scroll","background-type":"","background-media":"","overlay-type":"","overlay-color":"","overlay-opacity":"","overlay-gradient":""}},"ast-content-background-meta":{"desktop":{"background-color":"var(--ast-global-color-5)","background-image":"","background-repeat":"repeat","background-position":"center center","background-size":"auto","background-attachment":"scroll","background-type":"","background-media":"","overlay-type":"","overlay-color":"","overlay-opacity":"","overlay-gradient":""},"tablet":{"background-color":"var(--ast-global-color-5)","background-image":"","background-repeat":"repeat","background-position":"center center","background-size":"auto","background-attachment":"scroll","background-type":"","background-media":"","overlay-type":"","overlay-color":"","overlay-opacity":"","overlay-gradient":""},"mobile":{"background-color":"var(--ast-global-color-5)","background-image":"","background-repeat":"repeat","background-position":"center center","background-size":"auto","background-attachment":"scroll","background-type":"","background-media":"","overlay-type":"","overlay-color":"","overlay-opacity":"","overlay-gradient":""}}},"product_brand":[233],"product_cat":[48,112],"product_tag":[],"class_list":{"0":"post-4317","1":"product","2":"type-product","3":"status-publish","4":"has-post-thumbnail","6":"product_brand-connect-pro","7":"product_cat-securex-smart-alarm","8":"product_cat-securex-larmkit","9":"pa_brands-securex-connect-pro","10":"pa_brands-stonehouse-smart","11":"desktop-align-left","12":"tablet-align-center","13":"mobile-align-center","15":"first","16":"instock","17":"shipping-taxable","18":"product-type-simple"},"acf":[],"_links":{"self":[{"href":"https:\/\/stonehousesmart.se\/de\/wp-json\/wp\/v2\/product\/4317","targetHints":{"allow":["GET"]}}],"collection":[{"href":"https:\/\/stonehousesmart.se\/de\/wp-json\/wp\/v2\/product"}],"about":[{"href":"https:\/\/stonehousesmart.se\/de\/wp-json\/wp\/v2\/types\/product"}],"wp:featuredmedia":[{"embeddable":true,"href":"https:\/\/stonehousesmart.se\/de\/wp-json\/wp\/v2\/media\/5374"}],"wp:attachment":[{"href":"https:\/\/stonehousesmart.se\/de\/wp-json\/wp\/v2\/media?parent=4317"}],"wp:term":[{"taxonomy":"product_brand","embeddable":true,"href":"https:\/\/stonehousesmart.se\/de\/wp-json\/wp\/v2\/product_brand?post=4317"},{"taxonomy":"product_cat","embeddable":true,"href":"https:\/\/stonehousesmart.se\/de\/wp-json\/wp\/v2\/product_cat?post=4317"},{"taxonomy":"product_tag","embeddable":true,"href":"https:\/\/stonehousesmart.se\/de\/wp-json\/wp\/v2\/product_tag?post=4317"}],"curies":[{"name":"wp","href":"https:\/\/api.w.org\/{rel}","templated":true}]}}