{"id":5318,"date":"2025-05-20T14:56:08","date_gmt":"2025-05-20T12:56:08","guid":{"rendered":"https:\/\/stonehousesmart.se\/product\/elektrisk-musfalla-rattfalla-wi-fi-fanga-skadedjuren-smart-och-sakert\/"},"modified":"2026-02-25T16:37:50","modified_gmt":"2026-02-25T15:37:50","slug":"elektrisk-musfalla-rattfalla-wi-fi-fanga-skadedjuren-smart-och-sakert","status":"publish","type":"product","link":"https:\/\/stonehousesmart.se\/de\/product\/elektrisk-musfalla-rattfalla-wi-fi-fanga-skadedjuren-smart-och-sakert\/","title":{"rendered":"Elektrische Mausefalle \/ Rattenfalle mit WLAN- und App-Steuerung \u2013 \u00f6kologisch \u2013 Sch\u00e4dlingsbek\u00e4mpfung intelligent und sicher"},"content":{"rendered":"<p data-start=\"577\" data-end=\"727\">\u00d6kologische, intelligente und hygienische M\u00e4use- und Rattenfalle, die mit einem schnellen Stromschlag t\u00f6tet und Ihnen bei einem Treffer eine Push-Benachrichtigung auf Ihr Mobiltelefon sendet. Batteriebetrieben, geruchlos und leicht zu reinigen \u2013 ideal f\u00fcr K\u00fcchen, Garagen und Lagerhallen.<\/p>\n<p class=\"\" data-start=\"577\" data-end=\"727\">Verzichten Sie auf herk\u00f6mmliche Fallen und Klebefallen. Mit unserem <strong data-start=\"636\" data-end=\"673\">Elektrische Mause- und Rattenfalle mit WLAN<\/strong> Sch\u00e4dlingsbek\u00e4mpfung wird hygienisch und intelligent:<\/p>\n<ol data-start=\"729\" data-end=\"1138\">\n<li class=\"\" data-start=\"729\" data-end=\"797\">\n<p class=\"\" data-start=\"732\" data-end=\"797\"><strong data-start=\"732\" data-end=\"744\">Ausstellen<\/strong> Falle, wo Sie Aktivit\u00e4t beobachten \u2013 K\u00fcche, Abstellraum, Garage.<\/p>\n<\/li>\n<li class=\"\" data-start=\"798\" data-end=\"888\">\n<p class=\"\" data-start=\"801\" data-end=\"888\"><strong data-start=\"801\" data-end=\"815\">App-Verbindung<\/strong> \u00fcber <strong>2,4 GHz<\/strong>-Wi-Fi\/Bluetooth 5.0 und Live-Status direkt auf Ihrem Telefon abrufen.<\/p>\n<\/li>\n<li class=\"\" data-start=\"889\" data-end=\"948\">\n<p class=\"\" data-start=\"892\" data-end=\"948\"><strong data-start=\"892\" data-end=\"901\">Anziehen<\/strong> mit K\u00f6der Ihrer Wahl in der herausnehmbaren Futterbox.<\/p>\n<\/li>\n<li class=\"\" data-start=\"949\" data-end=\"1084\">\n<p class=\"\" data-start=\"952\" data-end=\"1084\"><strong data-start=\"952\" data-end=\"964\">Benachrichtigung erhalten<\/strong> Wenn eine Maus\/Ratte gefangen wird, gibt die Falle einen kurzen elektrischen Schlag ab und h\u00e4lt die Hochspannung f\u00fcr 2 Minuten aufrecht, um maximale Wirksamkeit zu gew\u00e4hrleisten.<\/p>\n<\/li>\n<li class=\"\" data-start=\"1085\" data-end=\"1138\">\n<p class=\"\" data-start=\"1088\" data-end=\"1138\"><strong data-start=\"1088\" data-end=\"1104\">Leeren und sauber<\/strong> Ohne das Insekt zu ber\u00fchren. Fertig!<\/p>\n<\/li>\n<\/ol>\n<p class=\"\" data-start=\"1140\" data-end=\"1237\">Die Falle eignet sich sowohl f\u00fcr Privatpersonen als auch f\u00fcr Fachleute, die das Risiko von Verletzungen, Ger\u00fcchen und unn\u00f6tigem Leid reduzieren m\u00f6chten.<\/p>\n<hr class=\"\" data-start=\"2106\" data-end=\"2109\" \/>\n<h2 class=\"\" data-start=\"2111\" data-end=\"2158\"><strong data-start=\"2114\" data-end=\"2158\">Anleitung zur Installation der Falle (Schritt f\u00fcr Schritt)<\/strong><\/h2>\n<ol data-start=\"2160\" data-end=\"2542\">\n<li class=\"\" data-start=\"2160\" data-end=\"2201\">\n<p class=\"\" data-start=\"2163\" data-end=\"2201\"><strong data-start=\"2163\" data-end=\"2179\">\u00d6ffnen Sie den Deckel<\/strong> und nimm es aus der Brotdose.<\/p>\n<\/li>\n<li class=\"\" data-start=\"2202\" data-end=\"2294\">\n<p class=\"\" data-start=\"2205\" data-end=\"2294\"><strong data-start=\"2205\" data-end=\"2227\">Legen Sie die Batterien ein.<\/strong> (4 AA-Batterien). Schlie\u00dfen Sie den Deckel und halten Sie die Reset-Taste 3 Sekunden lang gedr\u00fcckt, um die Ger\u00e4te zu koppeln.<\/p>\n<\/li>\n<li class=\"\" data-start=\"2295\" data-end=\"2368\">\n<p class=\"\" data-start=\"2298\" data-end=\"2368\"><strong data-start=\"2298\" data-end=\"2315\">F\u00fcllen Sie die Lunchbox<\/strong> mit Erdnussbutter, K\u00e4se oder anderen attraktiven K\u00f6dern.<\/p>\n<\/li>\n<li class=\"\" data-start=\"2369\" data-end=\"2454\">\n<p class=\"\" data-start=\"2372\" data-end=\"2454\"><strong data-start=\"2372\" data-end=\"2385\">Zusammengesetzt<\/strong> Platzieren Sie die Falle so, dass der Eingang an einer Wand liegt, an der sich Nagetiere aufhalten.<\/p>\n<\/li>\n<li class=\"\" data-start=\"2455\" data-end=\"2542\">\n<p class=\"\" data-start=\"2458\" data-end=\"2542\"><strong data-start=\"2458\" data-end=\"2474\">Starten Sie die App<\/strong> Folgen Sie den Anweisungen, um das Ger\u00e4t zu Ihrem WLAN hinzuzuf\u00fcgen.<\/p>\n<\/li>\n<\/ol>\n<blockquote data-start=\"2544\" data-end=\"2621\">\n<p class=\"\" data-start=\"2546\" data-end=\"2621\"><strong data-start=\"2546\" data-end=\"2555\">Tipp:<\/strong> Platzieren Sie die Falle innerhalb der WLAN-Reichweite, um Push-Benachrichtigungen zu gew\u00e4hrleisten.<\/p>\n<\/blockquote>\n<hr class=\"\" data-start=\"2623\" data-end=\"2626\" \/>\n<h2 class=\"\" data-start=\"2628\" data-end=\"2655\"><strong data-start=\"2631\" data-end=\"2655\">H\u00e4ufig gestellte Fragen (FAQ)<\/strong><\/h2>\n<p class=\"\" data-start=\"2657\" data-end=\"2767\"><strong data-start=\"2657\" data-end=\"2690\">Wie platziere ich die Falle am besten?<\/strong><br data-start=\"2690\" data-end=\"2693\" \/>Entlang von W\u00e4nden, hinter Haushaltsger\u00e4ten oder in der N\u00e4he von Nahrungs-\/Wasserquellen, wo Sie Spuren gesehen haben.<\/p>\n<p class=\"\" data-start=\"2769\" data-end=\"2908\"><strong data-start=\"2769\" data-end=\"2788\">Wie reinige ich?<\/strong><br data-start=\"2788\" data-end=\"2791\" \/>Ziehen Sie Handschuhe an, entnehmen Sie den Lebensmittelbeh\u00e4lter und den Auffangbeh\u00e4lter. Sp\u00fclen Sie beides mit hei\u00dfem Wasser und Sp\u00fclmittel ab, trocknen Sie es vollst\u00e4ndig und setzen Sie es wieder zusammen.<\/p>\n<p class=\"\" data-start=\"2910\" data-end=\"3036\"><strong data-start=\"2910\" data-end=\"2952\">Muss ich die Falle t\u00e4glich kontrollieren?<\/strong><br data-start=\"2952\" data-end=\"2955\" \/>App-Benachrichtigungen sind in der Regel ausreichend, aus hygienischen Gr\u00fcnden wird jedoch ein t\u00e4glicher Besuch empfohlen.<\/p>\n<p class=\"\" data-start=\"3038\" data-end=\"3166\"><strong data-start=\"3038\" data-end=\"3072\">Ist es sicher f\u00fcr Kinder\/Haustiere?<\/strong><br data-start=\"3072\" data-end=\"3075\" \/>Ja, aber es wird Hochspannung aktiviert \u2013 au\u00dferhalb der Reichweite von Kindern aufbewahren und bei Wartungsarbeiten immer die Batterien entfernen.<\/p>\n<p data-start=\"3038\" data-end=\"3166\"><strong data-start=\"3038\" data-end=\"3072\">Welche App benutzt du?<br \/>\n<\/strong>Die Falle ist unter anderem mit Tuya, Smart Life und der Stonehouse Smart App kompatibel.<\/p>\n<hr class=\"\" data-start=\"3168\" data-end=\"3171\" \/>\n<h2 class=\"\" data-start=\"3173\" data-end=\"3198\"><strong data-start=\"3176\" data-end=\"3198\">Das Paket enth\u00e4lt<\/strong><\/h2>\n<ul data-start=\"3200\" data-end=\"3323\">\n<li class=\"\" data-start=\"3200\" data-end=\"3238\">\n<p class=\"\" data-start=\"3202\" data-end=\"3238\">1 \u00d7 Elektrische Mause-\/Rattenfalle mit WLAN<\/p>\n<\/li>\n<li class=\"\" data-start=\"3239\" data-end=\"3264\">\n<p class=\"\" data-start=\"3241\" data-end=\"3264\">1 \u00d7 Herausnehmbare Lunchbox<\/p>\n<\/li>\n<li class=\"\" data-start=\"3265\" data-end=\"3298\">\n<p class=\"\" data-start=\"3267\" data-end=\"3298\">1 \u00d7 Bedienungsanleitung (Schwedisch\/Englisch)<\/p>\n<\/li>\n<li class=\"\" data-start=\"3299\" data-end=\"3323\">\n<p class=\"\" data-start=\"3301\" data-end=\"3323\"><strong data-start=\"3301\" data-end=\"3323\">Batterien nicht im Lieferumfang enthalten<\/strong><\/p>\n<\/li>\n<\/ul>\n<hr class=\"\" data-start=\"3325\" data-end=\"3328\" \/>\n<h2 class=\"\" data-start=\"1244\" data-end=\"1275\"><strong data-start=\"1247\" data-end=\"1275\">Technische Spezifikationen<\/strong><\/h2>\n<div class=\"_tableContainer_16hzy_1\">\n<div class=\"_tableWrapper_16hzy_14 group flex w-fit flex-col-reverse\">\n<table class=\"w-fit min-w-(--thread-content-width)\" data-start=\"1277\" data-end=\"1633\">\n<thead data-start=\"1277\" data-end=\"1298\">\n<tr data-start=\"1277\" data-end=\"1298\">\n<th data-start=\"1277\" data-end=\"1289\" data-col-size=\"sm\">Parameter<\/th>\n<th data-start=\"1289\" data-end=\"1298\" data-col-size=\"md\">Wert<\/th>\n<\/tr>\n<\/thead>\n<tbody data-start=\"1321\" data-end=\"1633\">\n<tr data-start=\"1321\" data-end=\"1366\">\n<td data-start=\"1321\" data-end=\"1340\" data-col-size=\"sm\">Stromversorgung<\/td>\n<td data-col-size=\"md\" data-start=\"1340\" data-end=\"1366\">4 \u00d7 1,5V AA\/LR6 (6V)<\/td>\n<\/tr>\n<tr data-start=\"1367\" data-end=\"1395\">\n<td data-start=\"1367\" data-end=\"1384\" data-col-size=\"sm\">Standby-Leistung<\/td>\n<td data-col-size=\"md\" data-start=\"1384\" data-end=\"1395\">52,5 \u00b5A<\/td>\n<\/tr>\n<tr data-start=\"1396\" data-end=\"1455\">\n<td data-start=\"1396\" data-end=\"1407\" data-col-size=\"sm\">Drahtlos<\/td>\n<td data-col-size=\"md\" data-start=\"1407\" data-end=\"1455\">Wi-Fi 802.11 b\/g\/n (2,4 GHz) \/ Bluetooth 5.0<\/td>\n<\/tr>\n<tr data-start=\"1456\" data-end=\"1489\">\n<td data-start=\"1456\" data-end=\"1467\" data-col-size=\"sm\">Umfang<\/td>\n<td data-col-size=\"md\" data-start=\"1467\" data-end=\"1489\">ca. 45 m (freie Sicht)<\/td>\n<\/tr>\n<tr data-start=\"1490\" data-end=\"1540\">\n<td data-start=\"1490\" data-end=\"1504\" data-col-size=\"sm\">Betriebstemperatur.<\/td>\n<td data-col-size=\"md\" data-start=\"1504\" data-end=\"1540\">\u221210 \u00b0C \u2026 +60 \u00b0C (14 \u00b0F \u2026 140 \u00b0F)<\/td>\n<\/tr>\n<tr data-start=\"1541\" data-end=\"1595\">\n<td data-start=\"1541\" data-end=\"1557\" data-col-size=\"sm\">Luftfeuchtigkeit<\/td>\n<td data-start=\"1557\" data-end=\"1595\" data-col-size=\"md\">1 % \u2026 85 % RH (nicht kondensierend)<\/td>\n<\/tr>\n<tr data-start=\"1596\" data-end=\"1633\">\n<td data-start=\"1596\" data-end=\"1611\" data-col-size=\"sm\">Abmessungen (L\u00d7B\u00d7H)<\/td>\n<td data-col-size=\"md\" data-start=\"1611\" data-end=\"1633\">222 \u00d7 112 \u00d7 120 mm<\/td>\n<\/tr>\n<\/tbody>\n<\/table>\n<div class=\"sticky end-(--thread-content-margin) h-0 self-end select-none\">\n<div class=\"absolute end-0 flex items-end\"><\/div>\n<\/div>\n<\/div>\n<\/div>\n<hr class=\"\" data-start=\"1635\" data-end=\"1638\" \/>\n<h2 class=\"\" data-start=\"1640\" data-end=\"1673\"><strong data-start=\"1643\" data-end=\"1673\">LED-Anzeige \u2013 Kurzanleitung<\/strong><\/h2>\n<div class=\"_tableContainer_16hzy_1\">\n<div class=\"_tableWrapper_16hzy_14 group flex w-fit flex-col-reverse\">\n<table class=\"w-fit min-w-(--thread-content-width)\" data-start=\"1675\" data-end=\"2104\">\n<thead data-start=\"1675\" data-end=\"1702\">\n<tr data-start=\"1675\" data-end=\"1702\">\n<th data-start=\"1675\" data-end=\"1688\" data-col-size=\"sm\">Ger\u00e4temodus<\/th>\n<th data-start=\"1688\" data-end=\"1702\" data-col-size=\"md\">LED-Signal<\/th>\n<\/tr>\n<\/thead>\n<tbody data-start=\"1731\" data-end=\"2104\">\n<tr data-start=\"1731\" data-end=\"1796\">\n<td data-start=\"1731\" data-end=\"1757\" data-col-size=\"sm\">Wi-Fi\/Bluetooth-Kopplung<\/td>\n<td data-col-size=\"md\" data-start=\"1757\" data-end=\"1796\"><strong data-start=\"1759\" data-end=\"1767\">Gr\u00fcn<\/strong> blinkt schnell (2 \u00d7 \/ Sek.)<\/td>\n<\/tr>\n<tr data-start=\"1797\" data-end=\"1858\">\n<td data-start=\"1797\" data-end=\"1817\" data-col-size=\"sm\">AP\/Bluetooth-Modus<\/td>\n<td data-col-size=\"md\" data-start=\"1817\" data-end=\"1858\"><strong data-start=\"1819\" data-end=\"1827\">Gr\u00fcn<\/strong> blinkt langsam (alle 2 Sekunden)<\/td>\n<\/tr>\n<tr data-start=\"1859\" data-end=\"1914\">\n<td data-start=\"1859\" data-end=\"1876\" data-col-size=\"sm\">F\u00e4ngt Nagetiere<\/td>\n<td data-col-size=\"md\" data-start=\"1876\" data-end=\"1914\"><strong data-start=\"1878\" data-end=\"1885\">ROT<\/strong> Leuchtet 1 Minute lang, blinkt 1 Minute lang<\/td>\n<\/tr>\n<tr data-start=\"1915\" data-end=\"1991\">\n<td data-start=\"1915\" data-end=\"1932\" data-col-size=\"sm\">Nagetier gefangen<\/td>\n<td data-col-size=\"md\" data-start=\"1932\" data-end=\"1991\"><strong data-start=\"1934\" data-end=\"1941\">ROT<\/strong> blinkt 10 Mal, wiederholt sich alle 5 Minuten (maximal 30 Minuten)<\/td>\n<\/tr>\n<tr data-start=\"1992\" data-end=\"2047\">\n<td data-start=\"1992\" data-end=\"2007\" data-col-size=\"sm\">OTA-Aufwecken<\/td>\n<td data-col-size=\"md\" data-start=\"2007\" data-end=\"2047\">Halten <strong data-start=\"2014\" data-end=\"2029\">Reset-Taste<\/strong> 1 s (gr\u00fcner Festk\u00f6rper)<\/td>\n<\/tr>\n<tr data-start=\"2048\" data-end=\"2104\">\n<td data-start=\"2048\" data-end=\"2064\" data-col-size=\"sm\">Werksreset<\/td>\n<td data-col-size=\"md\" data-start=\"2064\" data-end=\"2104\">Halten <strong data-start=\"2071\" data-end=\"2086\">Reset-Taste<\/strong> 6 s (gr\u00fcn durchgezogen)<\/td>\n<\/tr>\n<\/tbody>\n<\/table>\n<div class=\"sticky end-(--thread-content-margin) h-0 self-end select-none\">\n<div class=\"absolute end-0 flex items-end\">\n<hr class=\"\" data-start=\"1635\" data-end=\"1638\" \/>\n<\/div>\n<\/div>\n<\/div>\n<\/div>\n<h2 class=\"\" data-start=\"3330\" data-end=\"3357\"><strong data-start=\"3333\" data-end=\"3357\">Sicherheitsinformationen<\/strong><\/h2>\n<ul data-start=\"3359\" data-end=\"3612\">\n<li class=\"\" data-start=\"3359\" data-end=\"3429\">\n<p class=\"\" data-start=\"3361\" data-end=\"3429\">Gebraucht <strong data-start=\"3368\" data-end=\"3378\">nur<\/strong> alkalisch, <strong data-start=\"3390\" data-end=\"3396\">nicht<\/strong> wiederaufladbare AA-Batterien.<\/p>\n<\/li>\n<li class=\"\" data-start=\"3430\" data-end=\"3499\">\n<p class=\"\" data-start=\"3432\" data-end=\"3499\">Rohr <strong data-start=\"3436\" data-end=\"3446\">Niemals<\/strong> die Metallplatten im Inneren der Falle, wenn sie aktiviert wird.<\/p>\n<\/li>\n<li class=\"\" data-start=\"3500\" data-end=\"3559\">\n<p class=\"\" data-start=\"3502\" data-end=\"3559\">Von Wasser fernhalten; abnehmbare Teile separat reinigen.<\/p>\n<\/li>\n<li class=\"\" data-start=\"3560\" data-end=\"3612\">\n<p class=\"\" data-start=\"3562\" data-end=\"3612\">Vor jedem Entleeren ausschalten (Ein-\/Ausschalter\/L\u00f6schen-Taste).<\/p>\n<\/li>\n<\/ul>","protected":false},"excerpt":{"rendered":"<ul>\n<li class=\"\" data-start=\"112\" data-end=\"164\">\n<p class=\"\" data-start=\"114\" data-end=\"164\">\u26a1 <strong data-start=\"116\" data-end=\"137\">Sofortiger Stromschlag<\/strong> \u2013 humane, schnelle T\u00f6tung<\/p>\n<\/li>\n<li class=\"\" data-start=\"165\" data-end=\"237\">\n<p class=\"\" data-start=\"167\" data-end=\"237\">\ud83d\udcf1 <strong data-start=\"170\" data-end=\"188\">WLAN-Verbindung<\/strong> \u2013 Sie erhalten eine Push-Benachrichtigung auf Ihr Mobiltelefon, sobald die Falle ausgel\u00f6st wird.<\/p>\n<\/li>\n<li class=\"\" data-start=\"238\" data-end=\"314\">\n<p class=\"\" data-start=\"240\" data-end=\"314\">\ud83d\udd0b <strong data-start=\"243\" data-end=\"272\">Betrieben mit 4 \u00d7 AA-Batterien<\/strong> \u2013 keine Kabel, bis zu 6 Monate Standby-Zeit<\/p>\n<\/li>\n<li class=\"\" data-start=\"315\" data-end=\"377\">\n<p class=\"\" data-start=\"317\" data-end=\"377\">\ud83e\uddfd <strong data-start=\"320\" data-end=\"340\">Leicht zu reinigen<\/strong> \u2013 herausnehmbare Lunchbox und Abfallbeh\u00e4lter<\/p>\n<\/li>\n<li class=\"\" data-start=\"378\" data-end=\"454\">\n<p class=\"\" data-start=\"380\" data-end=\"454\">\ud83c\udf21\ufe0f <strong data-start=\"384\" data-end=\"402\">H\u00e4lt rauen Umgebungen stand<\/strong> \u2013 funktioniert bei Temperaturen von \u221210 \u00b0C bis +60 \u00b0C und hoher Luftfeuchtigkeit<\/p>\n<\/li>\n<li class=\"\" data-start=\"455\" data-end=\"543\">\n<p class=\"\" data-start=\"457\" data-end=\"543\">\ud83d\udc76 <strong data-start=\"460\" data-end=\"485\">Kindersicherung<\/strong> Die Hochspannung wird nur aktiviert, wenn sich das Nagetier vollst\u00e4ndig im Inneren befindet.<\/p>\n<\/li>\n<\/ul>","protected":false},"featured_media":4158,"template":"","meta":{"_acf_changed":false,"inline_featured_image":false,"site-sidebar-layout":"default","site-content-layout":"","ast-site-content-layout":"default","site-content-style":"default","site-sidebar-style":"default","ast-global-header-display":"","ast-banner-title-visibility":"","ast-main-header-display":"","ast-hfb-above-header-display":"","ast-hfb-below-header-display":"","ast-hfb-mobile-header-display":"","site-post-title":"","ast-breadcrumbs-content":"","ast-featured-img":"","footer-sml-layout":"","ast-disable-related-posts":"","theme-transparent-header-meta":"default","adv-header-id-meta":"","stick-header-meta":"","header-above-stick-meta":"","header-main-stick-meta":"","header-below-stick-meta":"","astra-migrate-meta-layouts":"set","ast-page-background-enabled":"default","ast-page-background-meta":{"desktop":{"background-color":"","background-image":"","background-repeat":"repeat","background-position":"center center","background-size":"auto","background-attachment":"scroll","background-type":"","background-media":"","overlay-type":"","overlay-color":"","overlay-opacity":"","overlay-gradient":""},"tablet":{"background-color":"","background-image":"","background-repeat":"repeat","background-position":"center center","background-size":"auto","background-attachment":"scroll","background-type":"","background-media":"","overlay-type":"","overlay-color":"","overlay-opacity":"","overlay-gradient":""},"mobile":{"background-color":"","background-image":"","background-repeat":"repeat","background-position":"center center","background-size":"auto","background-attachment":"scroll","background-type":"","background-media":"","overlay-type":"","overlay-color":"","overlay-opacity":"","overlay-gradient":""}},"ast-content-background-meta":{"desktop":{"background-color":"var(--ast-global-color-5)","background-image":"","background-repeat":"repeat","background-position":"center center","background-size":"auto","background-attachment":"scroll","background-type":"","background-media":"","overlay-type":"","overlay-color":"","overlay-opacity":"","overlay-gradient":""},"tablet":{"background-color":"var(--ast-global-color-5)","background-image":"","background-repeat":"repeat","background-position":"center center","background-size":"auto","background-attachment":"scroll","background-type":"","background-media":"","overlay-type":"","overlay-color":"","overlay-opacity":"","overlay-gradient":""},"mobile":{"background-color":"var(--ast-global-color-5)","background-image":"","background-repeat":"repeat","background-position":"center center","background-size":"auto","background-attachment":"scroll","background-type":"","background-media":"","overlay-type":"","overlay-color":"","overlay-opacity":"","overlay-gradient":""}}},"product_brand":[],"product_cat":[218],"product_tag":[],"class_list":{"0":"post-5318","1":"product","2":"type-product","3":"status-publish","4":"has-post-thumbnail","6":"product_cat-stonehouse-smart","7":"pa_brands-stonehouse-smart","8":"desktop-align-left","9":"tablet-align-center","10":"mobile-align-center","12":"first","13":"outofstock","14":"shipping-taxable","15":"product-type-simple"},"acf":[],"_links":{"self":[{"href":"https:\/\/stonehousesmart.se\/de\/wp-json\/wp\/v2\/product\/5318","targetHints":{"allow":["GET"]}}],"collection":[{"href":"https:\/\/stonehousesmart.se\/de\/wp-json\/wp\/v2\/product"}],"about":[{"href":"https:\/\/stonehousesmart.se\/de\/wp-json\/wp\/v2\/types\/product"}],"wp:featuredmedia":[{"embeddable":true,"href":"https:\/\/stonehousesmart.se\/de\/wp-json\/wp\/v2\/media\/4158"}],"wp:attachment":[{"href":"https:\/\/stonehousesmart.se\/de\/wp-json\/wp\/v2\/media?parent=5318"}],"wp:term":[{"taxonomy":"product_brand","embeddable":true,"href":"https:\/\/stonehousesmart.se\/de\/wp-json\/wp\/v2\/product_brand?post=5318"},{"taxonomy":"product_cat","embeddable":true,"href":"https:\/\/stonehousesmart.se\/de\/wp-json\/wp\/v2\/product_cat?post=5318"},{"taxonomy":"product_tag","embeddable":true,"href":"https:\/\/stonehousesmart.se\/de\/wp-json\/wp\/v2\/product_tag?post=5318"}],"curies":[{"name":"wp","href":"https:\/\/api.w.org\/{rel}","templated":true}]}}