{"id":5371,"date":"2026-02-16T10:35:17","date_gmt":"2026-02-16T09:35:17","guid":{"rendered":"https:\/\/stonehousesmart.se\/product\/securex-rfid-tagg-for-larmstyrning\/"},"modified":"2026-04-02T13:03:34","modified_gmt":"2026-04-02T11:03:34","slug":"securex-rfid-tagg-for-larmstyrning","status":"publish","type":"product","link":"https:\/\/stonehousesmart.se\/en\/product\/securex-rfid-tagg-for-larmstyrning\/","title":{"rendered":"SecureX RFID tag for alarm control"},"content":{"rendered":"<p data-start=\"286\" data-end=\"532\">SecureX RFID-taggar \u00e4r en enkel och s\u00e4ker l\u00f6sning f\u00f6r identifiering och \u00e5tkomst i SecureX-systemet. Med en snabb ber\u00f6ring mot l\u00e4saren kan anv\u00e4ndare larma av, f\u00e5 tilltr\u00e4de eller identifiera sig i systemet \u2013 helt utan kod eller app.<\/p>\n<p data-start=\"534\" data-end=\"765\">Taggarna \u00e4r utvecklade f\u00f6r daglig anv\u00e4ndning och har en robust konstruktion som t\u00e5l slitage \u00f6ver tid. De passar perfekt f\u00f6r f\u00f6retag, fastigheter, personal, bes\u00f6kare eller andra milj\u00f6er d\u00e4r smidig och kontrollerad \u00e5tkomst \u00e4r viktig.<\/p>\n<p data-start=\"767\" data-end=\"978\">Som en egen SecureX-produkt kan RFID-taggarna dessutom anpassas med er egen text\/logo.<\/p>\n<p data-start=\"767\" data-end=\"978\">Det ger ett enhetligt och professionellt intryck samtidigt som det g\u00f6r taggarna enkla att k\u00e4nna igen och koppla till er verksamhet.<\/p>\n<p data-start=\"980\" data-end=\"993\"><strong data-start=\"980\" data-end=\"993\">Advantages:<\/strong><\/p>\n<ul data-start=\"994\" data-end=\"1195\">\n<li data-start=\"994\" data-end=\"1027\">\n<p data-start=\"996\" data-end=\"1027\">Snabb och enkel identifiering<\/p>\n<\/li>\n<li data-start=\"1028\" data-end=\"1070\">\n<p data-start=\"1030\" data-end=\"1070\">Smidig anv\u00e4ndning utan kod eller mobil<\/p>\n<\/li>\n<li data-start=\"1071\" data-end=\"1111\">\n<p data-start=\"1073\" data-end=\"1111\">H\u00f6g drifts\u00e4kerhet och l\u00e5ng livsl\u00e4ngd<\/p>\n<\/li>\n<li data-start=\"1112\" data-end=\"1150\">\n<p data-start=\"1114\" data-end=\"1150\">Anpassning med egen logotyp m\u00f6jlig<\/p>\n<\/li>\n<li data-start=\"1151\" data-end=\"1195\">\n<p data-start=\"1153\" data-end=\"1195\">Full kompatibilitet med SecureX-systemet<\/p>\n<\/li>\n<\/ul>\n<p data-start=\"1197\" data-end=\"1262\" data-is-last-node=\"\" data-is-only-node=\"\">En praktisk och professionell l\u00f6sning f\u00f6r modern \u00e5tkomstkontroll.<\/p>","protected":false},"excerpt":{"rendered":"<p>SecureX RFID tags provide quick and easy access to your SecureX system. Simply hold the tag against the reader to disarm or control permissions.<\/p>\n<p>The tags are durable, reliable and can be delivered with your own logo\/number for a professional and personal solution.<\/p>","protected":false},"featured_media":5370,"template":"","meta":{"_acf_changed":false,"inline_featured_image":false,"site-sidebar-layout":"default","site-content-layout":"","ast-site-content-layout":"default","site-content-style":"default","site-sidebar-style":"default","ast-global-header-display":"","ast-banner-title-visibility":"","ast-main-header-display":"","ast-hfb-above-header-display":"","ast-hfb-below-header-display":"","ast-hfb-mobile-header-display":"","site-post-title":"","ast-breadcrumbs-content":"","ast-featured-img":"","footer-sml-layout":"","ast-disable-related-posts":"","theme-transparent-header-meta":"default","adv-header-id-meta":"","stick-header-meta":"","header-above-stick-meta":"","header-main-stick-meta":"","header-below-stick-meta":"","astra-migrate-meta-layouts":"set","ast-page-background-enabled":"default","ast-page-background-meta":{"desktop":{"background-color":"","background-image":"","background-repeat":"repeat","background-position":"center center","background-size":"auto","background-attachment":"scroll","background-type":"","background-media":"","overlay-type":"","overlay-color":"","overlay-opacity":"","overlay-gradient":""},"tablet":{"background-color":"","background-image":"","background-repeat":"repeat","background-position":"center center","background-size":"auto","background-attachment":"scroll","background-type":"","background-media":"","overlay-type":"","overlay-color":"","overlay-opacity":"","overlay-gradient":""},"mobile":{"background-color":"","background-image":"","background-repeat":"repeat","background-position":"center center","background-size":"auto","background-attachment":"scroll","background-type":"","background-media":"","overlay-type":"","overlay-color":"","overlay-opacity":"","overlay-gradient":""}},"ast-content-background-meta":{"desktop":{"background-color":"var(--ast-global-color-5)","background-image":"","background-repeat":"repeat","background-position":"center center","background-size":"auto","background-attachment":"scroll","background-type":"","background-media":"","overlay-type":"","overlay-color":"","overlay-opacity":"","overlay-gradient":""},"tablet":{"background-color":"var(--ast-global-color-5)","background-image":"","background-repeat":"repeat","background-position":"center center","background-size":"auto","background-attachment":"scroll","background-type":"","background-media":"","overlay-type":"","overlay-color":"","overlay-opacity":"","overlay-gradient":""},"mobile":{"background-color":"var(--ast-global-color-5)","background-image":"","background-repeat":"repeat","background-position":"center center","background-size":"auto","background-attachment":"scroll","background-type":"","background-media":"","overlay-type":"","overlay-color":"","overlay-opacity":"","overlay-gradient":""}}},"product_brand":[],"product_cat":[234],"product_tag":[],"class_list":{"0":"post-5371","1":"product","2":"type-product","3":"status-publish","4":"has-post-thumbnail","6":"product_cat-knappsatser-kontroller","7":"desktop-align-left","8":"tablet-align-center","9":"mobile-align-center","11":"first","12":"instock","13":"shipping-taxable","14":"product-type-simple"},"acf":[],"_links":{"self":[{"href":"https:\/\/stonehousesmart.se\/en\/wp-json\/wp\/v2\/product\/5371","targetHints":{"allow":["GET"]}}],"collection":[{"href":"https:\/\/stonehousesmart.se\/en\/wp-json\/wp\/v2\/product"}],"about":[{"href":"https:\/\/stonehousesmart.se\/en\/wp-json\/wp\/v2\/types\/product"}],"wp:featuredmedia":[{"embeddable":true,"href":"https:\/\/stonehousesmart.se\/en\/wp-json\/wp\/v2\/media\/5370"}],"wp:attachment":[{"href":"https:\/\/stonehousesmart.se\/en\/wp-json\/wp\/v2\/media?parent=5371"}],"wp:term":[{"taxonomy":"product_brand","embeddable":true,"href":"https:\/\/stonehousesmart.se\/en\/wp-json\/wp\/v2\/product_brand?post=5371"},{"taxonomy":"product_cat","embeddable":true,"href":"https:\/\/stonehousesmart.se\/en\/wp-json\/wp\/v2\/product_cat?post=5371"},{"taxonomy":"product_tag","embeddable":true,"href":"https:\/\/stonehousesmart.se\/en\/wp-json\/wp\/v2\/product_tag?post=5371"}],"curies":[{"name":"wp","href":"https:\/\/api.w.org\/{rel}","templated":true}]}}