{"id":4155,"date":"2025-09-15T11:16:45","date_gmt":"2025-09-15T09:16:45","guid":{"rendered":"https:\/\/stonehousesmart.se\/product\/securex-aquaguard-upptacker-vattenlackor-tidigt\/"},"modified":"2026-03-27T14:38:59","modified_gmt":"2026-03-27T13:38:59","slug":"securex-aquaguard-tradlos-vattendetektor","status":"publish","type":"product","link":"https:\/\/stonehousesmart.se\/es\/product\/securex-aquaguard-tradlos-vattendetektor\/","title":{"rendered":"SecureX AquaGuard \u2013 Detector de agua inal\u00e1mbrico"},"content":{"rendered":"<h2 data-start=\"206\" data-end=\"281\">SecureX AquaGuard: detector de agua inal\u00e1mbrico para la detecci\u00f3n temprana de fugas.<\/h2>\n<p data-start=\"283\" data-end=\"562\">SecureX AquaGuard es un detector de agua inal\u00e1mbrico fiable y f\u00e1cil de instalar que proporciona <strong data-start=\"367\" data-end=\"405\">alerta inmediata de fugas de agua<\/strong>. Est\u00e1 dise\u00f1ado para detectar el agua en una fase temprana y, de este modo, reducir el riesgo de costosos da\u00f1os por agua en viviendas, casas de vacaciones y entornos comerciales.<\/p>\n<p data-start=\"564\" data-end=\"671\">Cuando AquaGuard entra en contacto con el agua, la alarma se env\u00eda directamente a <strong data-start=\"633\" data-end=\"651\">Centro SecureX<\/strong>, lo cual a su vez puede:<\/p>\n<ul data-start=\"672\" data-end=\"813\">\n<li data-start=\"672\" data-end=\"700\">\n<p data-start=\"674\" data-end=\"700\">activar la alarma en el sistema<\/p>\n<\/li>\n<li data-start=\"701\" data-end=\"764\">\n<p data-start=\"703\" data-end=\"764\">enviar notificaciones push en tiempo real a trav\u00e9s de <strong data-start=\"736\" data-end=\"762\">La aplicaci\u00f3n Stonehouse Smart<\/strong><\/p>\n<\/li>\n<li data-start=\"765\" data-end=\"813\">\n<p data-start=\"767\" data-end=\"813\">activar acciones adicionales en su sistema SecureX<\/p>\n<\/li>\n<\/ul>\n<p data-start=\"815\" data-end=\"1004\">El sensor funciona <strong data-start=\"832\" data-end=\"865\">localmente junto con el centro<\/strong>, Esto significa que la alarma de agua funciona incluso sin conexi\u00f3n a internet. Internet solo es necesario para las notificaciones, el acceso remoto y el historial en la aplicaci\u00f3n.<\/p>\n<hr data-start=\"1006\" data-end=\"1009\" \/>\n<h3 data-start=\"1011\" data-end=\"1065\">F\u00e1cil de colocar: protege donde realmente se necesita.<\/h3>\n<p data-start=\"1066\" data-end=\"1156\">SecureX AquaGuard se coloca directamente en el suelo, donde suelen producirse las fugas de agua, por ejemplo:<\/p>\n<ul data-start=\"1157\" data-end=\"1296\">\n<li data-start=\"1157\" data-end=\"1175\">\n<p data-start=\"1159\" data-end=\"1175\">debajo del fregadero<\/p>\n<\/li>\n<li data-start=\"1176\" data-end=\"1212\">\n<p data-start=\"1178\" data-end=\"1212\">en el lavavajillas o la lavadora<\/p>\n<\/li>\n<li data-start=\"1213\" data-end=\"1251\">\n<p data-start=\"1215\" data-end=\"1251\">en s\u00f3tanos, salas de calderas o salas t\u00e9cnicas<\/p>\n<\/li>\n<li data-start=\"1252\" data-end=\"1296\">\n<p data-start=\"1254\" data-end=\"1296\">en casas de vacaciones donde la supervisi\u00f3n es menos frecuente<\/p>\n<\/li>\n<\/ul>\n<p data-start=\"1298\" data-end=\"1414\">La instalaci\u00f3n es totalmente inal\u00e1mbrica y no requiere herramientas. El sensor se monta f\u00e1cilmente con la cinta adhesiva de doble cara incluida.<\/p>\n<hr data-start=\"1416\" data-end=\"1419\" \/>\n<h3 data-start=\"1421\" data-end=\"1465\">Comunicaci\u00f3n estable y bater\u00eda de larga duraci\u00f3n.<\/h3>\n<p data-start=\"1466\" data-end=\"1734\">AquaGuard se comunica de forma inal\u00e1mbrica a trav\u00e9s de <strong data-start=\"1502\" data-end=\"1522\">433 MHz (EV1527)<\/strong> con el hub SecureX y tiene hasta <strong data-start=\"1559\" data-end=\"1593\">Alcance de 100 metros en l\u00ednea de visi\u00f3n directa.<\/strong>. Est\u00e1 impulsado por <strong data-start=\"1608\" data-end=\"1636\">2 pilas AA (3 V CC)<\/strong> Adem\u00e1s, tiene un consumo de energ\u00eda muy bajo, lo que proporciona una larga duraci\u00f3n de la bater\u00eda y un funcionamiento fiable a lo largo del tiempo.<\/p>\n<p data-start=\"1736\" data-end=\"1766\">Un indicador LED claro muestra:<\/p>\n<ul data-start=\"1767\" data-end=\"1830\">\n<li data-start=\"1767\" data-end=\"1781\">\n<p data-start=\"1769\" data-end=\"1781\">estado de alarma<\/p>\n<\/li>\n<li data-start=\"1782\" data-end=\"1801\">\n<p data-start=\"1784\" data-end=\"1801\">nivel bajo de bater\u00eda<\/p>\n<\/li>\n<li data-start=\"1802\" data-end=\"1830\">\n<p data-start=\"1804\" data-end=\"1830\">Estado de puesta en marcha y funcionamiento<\/p>\n<\/li>\n<\/ul>\n<hr data-start=\"1832\" data-end=\"1835\" \/>\n<h3 data-start=\"1837\" data-end=\"1867\">Parte del sistema SecureX<\/h3>\n<p data-start=\"1868\" data-end=\"1973\">SecureX AquaGuard es un sensor para SecureX y se utiliza junto con el hub SecureX. A trav\u00e9s del hub se obtiene:<\/p>\n<ul data-start=\"1974\" data-end=\"2107\">\n<li data-start=\"1974\" data-end=\"2003\">\n<p data-start=\"1976\" data-end=\"2003\">gesti\u00f3n centralizada de alarmas<\/p>\n<\/li>\n<li data-start=\"2004\" data-end=\"2040\">\n<p data-start=\"2006\" data-end=\"2040\">notificaciones en la aplicaci\u00f3n Stonehouse Smart<\/p>\n<\/li>\n<li data-start=\"2041\" data-end=\"2107\">\n<p data-start=\"2043\" data-end=\"2107\">Posibilidad de combinar alarmas de agua con otros sensores SecureX.<\/p>\n<\/li>\n<\/ul>\n<hr data-start=\"2109\" data-end=\"2112\" \/>\n<h3 data-start=\"2114\" data-end=\"2136\">Ventajas en resumen<\/h3>\n<ul data-start=\"2137\" data-end=\"2424\">\n<li data-start=\"2137\" data-end=\"2171\">\n<p data-start=\"2139\" data-end=\"2171\">Detecci\u00f3n temprana de fugas de agua<\/p>\n<\/li>\n<li data-start=\"2172\" data-end=\"2210\">\n<p data-start=\"2174\" data-end=\"2210\">Funciona localmente incluso sin conexi\u00f3n a internet.<\/p>\n<\/li>\n<li data-start=\"2211\" data-end=\"2257\">\n<p data-start=\"2213\" data-end=\"2257\">Notificaciones en tiempo real a trav\u00e9s de la aplicaci\u00f3n Stonehouse Smart.<\/p>\n<\/li>\n<li data-start=\"2258\" data-end=\"2293\">\n<p data-start=\"2260\" data-end=\"2293\">Comunicaci\u00f3n inal\u00e1mbrica (433 MHz)<\/p>\n<\/li>\n<li data-start=\"2294\" data-end=\"2332\">\n<p data-start=\"2296\" data-end=\"2332\">F\u00e1cil instalaci\u00f3n sin necesidad de cableado.<\/p>\n<\/li>\n<li data-start=\"2333\" data-end=\"2377\">\n<p data-start=\"2335\" data-end=\"2377\">Bajo consumo de energ\u00eda y larga duraci\u00f3n de la bater\u00eda.<\/p>\n<\/li>\n<li data-start=\"2378\" data-end=\"2424\">\n<p data-start=\"2380\" data-end=\"2424\">Indicador LED claro para alarma y bater\u00eda.<\/p>\n<\/li>\n<\/ul>\n<hr data-start=\"2426\" data-end=\"2429\" \/>\n<h3 data-start=\"2431\" data-end=\"2453\">Perfectamente adecuado para<\/h3>\n<ul data-start=\"2454\" data-end=\"2586\">\n<li data-start=\"2454\" data-end=\"2479\">\n<p data-start=\"2456\" data-end=\"2479\">Villas y apartamentos<\/p>\n<\/li>\n<li data-start=\"2480\" data-end=\"2511\">\n<p data-start=\"2482\" data-end=\"2511\">Casas de vacaciones y casas de veraneo<\/p>\n<\/li>\n<li data-start=\"2512\" data-end=\"2548\">\n<p data-start=\"2514\" data-end=\"2548\">S\u00f3tanos, cuartos de lavander\u00eda y salas de calderas.<\/p>\n<\/li>\n<li data-start=\"2549\" data-end=\"2586\">\n<p data-start=\"2551\" data-end=\"2586\">Empresas, almacenes y espacios t\u00e9cnicos<\/p>\n<\/li>\n<\/ul>","protected":false},"excerpt":{"rendered":"<p><strong data-start=\"2052\" data-end=\"2114\">Detector de agua inal\u00e1mbrico para la detecci\u00f3n temprana de fugas de agua.<\/strong><br data-start=\"2114\" data-end=\"2117\" \/>Se integra con el hub SecureX, proporciona notificaciones a trav\u00e9s de una aplicaci\u00f3n y se monta f\u00e1cilmente sin necesidad de cableado.<\/p>","protected":false},"featured_media":4722,"template":"","meta":{"_acf_changed":false,"inline_featured_image":false,"site-sidebar-layout":"default","site-content-layout":"","ast-site-content-layout":"default","site-content-style":"default","site-sidebar-style":"default","ast-global-header-display":"","ast-banner-title-visibility":"","ast-main-header-display":"","ast-hfb-above-header-display":"","ast-hfb-below-header-display":"","ast-hfb-mobile-header-display":"","site-post-title":"","ast-breadcrumbs-content":"","ast-featured-img":"","footer-sml-layout":"","ast-disable-related-posts":"","theme-transparent-header-meta":"default","adv-header-id-meta":"","stick-header-meta":"","header-above-stick-meta":"","header-main-stick-meta":"","header-below-stick-meta":"","astra-migrate-meta-layouts":"set","ast-page-background-enabled":"default","ast-page-background-meta":{"desktop":{"background-color":"","background-image":"","background-repeat":"repeat","background-position":"center center","background-size":"auto","background-attachment":"scroll","background-type":"","background-media":"","overlay-type":"","overlay-color":"","overlay-opacity":"","overlay-gradient":""},"tablet":{"background-color":"","background-image":"","background-repeat":"repeat","background-position":"center center","background-size":"auto","background-attachment":"scroll","background-type":"","background-media":"","overlay-type":"","overlay-color":"","overlay-opacity":"","overlay-gradient":""},"mobile":{"background-color":"","background-image":"","background-repeat":"repeat","background-position":"center center","background-size":"auto","background-attachment":"scroll","background-type":"","background-media":"","overlay-type":"","overlay-color":"","overlay-opacity":"","overlay-gradient":""}},"ast-content-background-meta":{"desktop":{"background-color":"var(--ast-global-color-5)","background-image":"","background-repeat":"repeat","background-position":"center center","background-size":"auto","background-attachment":"scroll","background-type":"","background-media":"","overlay-type":"","overlay-color":"","overlay-opacity":"","overlay-gradient":""},"tablet":{"background-color":"var(--ast-global-color-5)","background-image":"","background-repeat":"repeat","background-position":"center center","background-size":"auto","background-attachment":"scroll","background-type":"","background-media":"","overlay-type":"","overlay-color":"","overlay-opacity":"","overlay-gradient":""},"mobile":{"background-color":"var(--ast-global-color-5)","background-image":"","background-repeat":"repeat","background-position":"center center","background-size":"auto","background-attachment":"scroll","background-type":"","background-media":"","overlay-type":"","overlay-color":"","overlay-opacity":"","overlay-gradient":""}}},"product_brand":[233],"product_cat":[48,50],"product_tag":[],"class_list":{"0":"post-4155","1":"product","2":"type-product","3":"status-publish","4":"has-post-thumbnail","6":"product_brand-connect-pro","7":"product_cat-securex-smart-alarm","8":"product_cat-sensorer-brand-vatten","9":"pa_brands-securex-connect-pro","10":"pa_brands-stonehouse-smart","11":"desktop-align-left","12":"tablet-align-center","13":"mobile-align-center","15":"first","16":"instock","17":"shipping-taxable","18":"product-type-simple"},"acf":[],"_links":{"self":[{"href":"https:\/\/stonehousesmart.se\/es\/wp-json\/wp\/v2\/product\/4155","targetHints":{"allow":["GET"]}}],"collection":[{"href":"https:\/\/stonehousesmart.se\/es\/wp-json\/wp\/v2\/product"}],"about":[{"href":"https:\/\/stonehousesmart.se\/es\/wp-json\/wp\/v2\/types\/product"}],"wp:featuredmedia":[{"embeddable":true,"href":"https:\/\/stonehousesmart.se\/es\/wp-json\/wp\/v2\/media\/4722"}],"wp:attachment":[{"href":"https:\/\/stonehousesmart.se\/es\/wp-json\/wp\/v2\/media?parent=4155"}],"wp:term":[{"taxonomy":"product_brand","embeddable":true,"href":"https:\/\/stonehousesmart.se\/es\/wp-json\/wp\/v2\/product_brand?post=4155"},{"taxonomy":"product_cat","embeddable":true,"href":"https:\/\/stonehousesmart.se\/es\/wp-json\/wp\/v2\/product_cat?post=4155"},{"taxonomy":"product_tag","embeddable":true,"href":"https:\/\/stonehousesmart.se\/es\/wp-json\/wp\/v2\/product_tag?post=4155"}],"curies":[{"name":"wp","href":"https:\/\/api.w.org\/{rel}","templated":true}]}}