{"id":4157,"date":"2025-09-15T11:16:44","date_gmt":"2025-09-15T09:16:44","guid":{"rendered":"https:\/\/stonehousesmart.se\/product\/securex-vibrasense-detekterar-fonster-eller-dorrpaverkan\/"},"modified":"2026-03-27T14:46:14","modified_gmt":"2026-03-27T13:46:14","slug":"securex-vibrasense","status":"publish","type":"product","link":"https:\/\/stonehousesmart.se\/es\/product\/securex-vibrasense\/","title":{"rendered":"SecureX VibraSense: detector de vibraciones con alarma de emergencia (SOS) integrada."},"content":{"rendered":"<h2 data-start=\"195\" data-end=\"261\">SecureX VibraSense: sensor de vibraci\u00f3n con alarma de emergencia (SOS) integrada.<\/h2>\n<p data-start=\"263\" data-end=\"583\">SecureX VibraSense es un <strong data-start=\"288\" data-end=\"329\">Sensor de vibraci\u00f3n sensible y fiable<\/strong> que protege puertas, ventanas, superficies de vidrio y otros objetos vulnerables contra robos y manipulaci\u00f3n. El sensor reacciona directamente a impactos, perforaciones e intentos de entrada y env\u00eda una alarma inmediatamente a <strong data-start=\"513\" data-end=\"531\">Centro SecureX<\/strong>, que gestiona las alarmas y notificaciones de forma centralizada en el sistema.<\/p>\n<p data-start=\"585\" data-end=\"722\">Todos los eventos se muestran en <strong data-start=\"608\" data-end=\"634\">La aplicaci\u00f3n Stonehouse Smart<\/strong>, donde recibes notificaciones push en tiempo real y tienes control total sobre la seguridad, directamente en tu m\u00f3vil.<\/p>\n<hr data-start=\"724\" data-end=\"727\" \/>\n<h3 data-start=\"729\" data-end=\"777\">Protecci\u00f3n eficaz contra la manipulaci\u00f3n y el robo.<\/h3>\n<p data-start=\"778\" data-end=\"981\">VibraSense est\u00e1 dise\u00f1ado para detectar intentos de intrusi\u00f3n incluso antes de que se abra una puerta, ventana o cristal. La avanzada detecci\u00f3n de vibraciones hace que el sensor sea especialmente eficaz para proteger contra:<\/p>\n<ul data-start=\"982\" data-end=\"1043\">\n<li data-start=\"982\" data-end=\"1015\">\n<p data-start=\"984\" data-end=\"1015\">golpes y fuertes vibraciones<\/p>\n<\/li>\n<li data-start=\"1016\" data-end=\"1028\">\n<p data-start=\"1018\" data-end=\"1028\">perforaci\u00f3n<\/p>\n<\/li>\n<li data-start=\"1029\" data-end=\"1043\">\n<p data-start=\"1031\" data-end=\"1043\">intento de ruptura<\/p>\n<\/li>\n<\/ul>\n<p data-start=\"1045\" data-end=\"1122\">Esto proporciona una capa adicional de seguridad en comparaci\u00f3n con los contactos magn\u00e9ticos tradicionales.<\/p>\n<hr data-start=\"1124\" data-end=\"1127\" \/>\n<h3 data-start=\"1129\" data-end=\"1182\">Bot\u00f3n SOS integrado: seguridad adicional cuando sea necesario.<\/h3>\n<p data-start=\"1183\" data-end=\"1341\">Adem\u00e1s de la protecci\u00f3n contra robos, SecureX VibraSense cuenta con una <strong data-start=\"1230\" data-end=\"1251\">bot\u00f3n SOS integrado<\/strong> que puede utilizarse como alarma de emergencia. Con solo pulsar un bot\u00f3n, se env\u00eda una alarma a trav\u00e9s del sistema SecureX.<\/p>\n<p data-start=\"1343\" data-end=\"1374\">La funci\u00f3n SOS es ideal para:<\/p>\n<ul data-start=\"1375\" data-end=\"1497\">\n<li data-start=\"1375\" data-end=\"1393\">\n<p data-start=\"1377\" data-end=\"1393\">personas mayores<\/p>\n<\/li>\n<li data-start=\"1394\" data-end=\"1429\">\n<p data-start=\"1396\" data-end=\"1429\">viviendas que necesitan seguridad adicional<\/p>\n<\/li>\n<li data-start=\"1430\" data-end=\"1458\">\n<p data-start=\"1432\" data-end=\"1458\">entornos sanitarios y de atenci\u00f3n social<\/p>\n<\/li>\n<li data-start=\"1459\" data-end=\"1497\">\n<p data-start=\"1461\" data-end=\"1497\">situaciones en las que se necesita ayuda r\u00e1pida<\/p>\n<\/li>\n<\/ul>\n<p data-start=\"1499\" data-end=\"1559\">Un indicador LED visible confirma que la alarma se ha activado.<\/p>\n<hr data-start=\"1561\" data-end=\"1564\" \/>\n<h3 data-start=\"1566\" data-end=\"1606\">F\u00e1cil instalaci\u00f3n y bater\u00eda de larga duraci\u00f3n.<\/h3>\n<p data-start=\"1607\" data-end=\"1842\">VibraSense se monta de forma r\u00e1pida y sencilla con la cinta adhesiva de doble cara incluida, sin necesidad de cableado. El sensor se alimenta mediante <strong data-start=\"1725\" data-end=\"1748\">1 bater\u00eda A23 de 12 V<\/strong> y tiene un bajo consumo de energ\u00eda, lo que proporciona hasta <strong data-start=\"1799\" data-end=\"1819\">2 a\u00f1os de tiempo de espera<\/strong> durante el uso normal.<\/p>\n<hr data-start=\"1844\" data-end=\"1847\" \/>\n<h3 data-start=\"1849\" data-end=\"1879\">Parte del sistema SecureX<\/h3>\n<p data-start=\"1880\" data-end=\"1974\">SecureX VibraSense es un sensor para SecureX y siempre se utiliza junto con el hub SecureX.<\/p>\n<ul data-start=\"1976\" data-end=\"2160\">\n<li data-start=\"1976\" data-end=\"2015\">\n<p data-start=\"1978\" data-end=\"2015\">El sensor se conecta al hub SecureX.<\/p>\n<\/li>\n<li data-start=\"2016\" data-end=\"2056\">\n<p data-start=\"2018\" data-end=\"2056\">Las alarmas y notificaciones se gestionan a trav\u00e9s del hub.<\/p>\n<\/li>\n<li data-start=\"2057\" data-end=\"2119\">\n<p data-start=\"2059\" data-end=\"2119\">Compatibilidad con <strong data-start=\"2078\" data-end=\"2117\">Tuya y Smart Life se gestionan a trav\u00e9s del hub.<\/strong><\/p>\n<\/li>\n<li data-start=\"2120\" data-end=\"2160\">\n<p data-start=\"2122\" data-end=\"2160\">El sensor no se puede utilizar de forma independiente.<\/p>\n<\/li>\n<\/ul>\n<p data-start=\"2162\" data-end=\"2215\">Esto se aplica a este producto y a todos los sensores SecureX.<\/p>\n<hr data-start=\"2217\" data-end=\"2220\" \/>\n<h3 data-start=\"2222\" data-end=\"2244\">Ventajas en resumen<\/h3>\n<ul data-start=\"2245\" data-end=\"2574\">\n<li data-start=\"2245\" data-end=\"2288\">\n<p data-start=\"2247\" data-end=\"2288\">Detecci\u00f3n de vibraciones sensible y precisa<\/p>\n<\/li>\n<li data-start=\"2289\" data-end=\"2332\">\n<p data-start=\"2291\" data-end=\"2332\">Protecci\u00f3n contra impactos, perforaciones e intentos de robo.<\/p>\n<\/li>\n<li data-start=\"2333\" data-end=\"2366\">\n<p data-start=\"2335\" data-end=\"2366\">Bot\u00f3n SOS integrado para alarma de emergencia<\/p>\n<\/li>\n<li data-start=\"2367\" data-end=\"2406\">\n<p data-start=\"2369\" data-end=\"2406\">Indicador LED claro para el estado de alarma<\/p>\n<\/li>\n<li data-start=\"2407\" data-end=\"2446\">\n<p data-start=\"2409\" data-end=\"2446\">Integraci\u00f3n completa a trav\u00e9s del hub SecureX<\/p>\n<\/li>\n<li data-start=\"2447\" data-end=\"2487\">\n<p data-start=\"2449\" data-end=\"2487\">Notificaciones push en la aplicaci\u00f3n Stonehouse Smart<\/p>\n<\/li>\n<li data-start=\"2488\" data-end=\"2529\">\n<p data-start=\"2490\" data-end=\"2529\">F\u00e1cil instalaci\u00f3n sin necesidad de cableado.<\/p>\n<\/li>\n<li data-start=\"2530\" data-end=\"2574\">\n<p data-start=\"2532\" data-end=\"2574\">Bajo consumo de energ\u00eda y larga duraci\u00f3n de la bater\u00eda.<\/p>\n<\/li>\n<\/ul>\n<hr data-start=\"2576\" data-end=\"2579\" \/>\n<h3 data-start=\"2581\" data-end=\"2611\">Usos t\u00edpicos<\/h3>\n<ul data-start=\"2612\" data-end=\"2737\">\n<li data-start=\"2612\" data-end=\"2634\">\n<p data-start=\"2614\" data-end=\"2634\">Puertas y ventanas<\/p>\n<\/li>\n<li data-start=\"2635\" data-end=\"2664\">\n<p data-start=\"2637\" data-end=\"2664\">Superficies de vidrio y escaparates<\/p>\n<\/li>\n<li data-start=\"2665\" data-end=\"2697\">\n<p data-start=\"2667\" data-end=\"2697\">Cajas fuertes, trasteros y garajes<\/p>\n<\/li>\n<li data-start=\"2698\" data-end=\"2737\">\n<p data-start=\"2700\" data-end=\"2737\">Alarmas de emergencia adicionales en hogares y entornos sanitarios.<\/p>\n<\/li>\n<\/ul>\n<hr data-start=\"2739\" data-end=\"2742\" \/>\n<h3 data-start=\"2744\" data-end=\"2769\">Especificaciones t\u00e9cnicas<\/h3>\n<ul data-start=\"2770\" data-end=\"3049\">\n<li data-start=\"2770\" data-end=\"2794\">\n<p data-start=\"2772\" data-end=\"2794\">Bater\u00eda: A23 12V \u00d7 1<\/p>\n<\/li>\n<li data-start=\"2795\" data-end=\"2819\">\n<p data-start=\"2797\" data-end=\"2819\">Corriente en espera: &lt;10 mA<\/p>\n<\/li>\n<li data-start=\"2820\" data-end=\"2841\">\n<p data-start=\"2822\" data-end=\"2841\">Corriente de alarma: \u226420 mA<\/p>\n<\/li>\n<li data-start=\"2842\" data-end=\"2896\">\n<p data-start=\"2844\" data-end=\"2896\">Comunicaci\u00f3n: 433 MHz (EV1527), codificada para SecureX<\/p>\n<\/li>\n<li data-start=\"2897\" data-end=\"2928\">\n<p data-start=\"2899\" data-end=\"2928\">Alcance: \u2265100 m (l\u00ednea de visi\u00f3n)<\/p>\n<\/li>\n<li data-start=\"2929\" data-end=\"2969\">\n<p data-start=\"2931\" data-end=\"2969\">Temperatura de funcionamiento: de -10 \u00b0C a +50 \u00b0C<\/p>\n<\/li>\n<li data-start=\"2970\" data-end=\"3023\">\n<p data-start=\"2972\" data-end=\"3023\">Humedad relativa: \u226495 % (sin condensaci\u00f3n)<\/p>\n<\/li>\n<li data-start=\"3024\" data-end=\"3049\">\n<p data-start=\"3026\" data-end=\"3049\">Dimensiones: 65 \u00d7 31 \u00d7 15 mm<\/p>\n<\/li>\n<\/ul>","protected":false},"excerpt":{"rendered":"<p>Sensor de vibraci\u00f3n para el sistema SecureX que alerta en caso de impacto, perforaci\u00f3n o intento de rotura.<\/p>\n<p>Bot\u00f3n SOS integrado para alarmas de emergencia y notificaciones en tiempo real a trav\u00e9s del hub SecureX y la aplicaci\u00f3n Stonehouse Smart.<\/p>","protected":false},"featured_media":4677,"template":"","meta":{"_acf_changed":false,"inline_featured_image":false,"site-sidebar-layout":"default","site-content-layout":"","ast-site-content-layout":"default","site-content-style":"default","site-sidebar-style":"default","ast-global-header-display":"","ast-banner-title-visibility":"","ast-main-header-display":"","ast-hfb-above-header-display":"","ast-hfb-below-header-display":"","ast-hfb-mobile-header-display":"","site-post-title":"","ast-breadcrumbs-content":"","ast-featured-img":"","footer-sml-layout":"","ast-disable-related-posts":"","theme-transparent-header-meta":"default","adv-header-id-meta":"","stick-header-meta":"","header-above-stick-meta":"","header-main-stick-meta":"","header-below-stick-meta":"","astra-migrate-meta-layouts":"set","ast-page-background-enabled":"default","ast-page-background-meta":{"desktop":{"background-color":"","background-image":"","background-repeat":"repeat","background-position":"center center","background-size":"auto","background-attachment":"scroll","background-type":"","background-media":"","overlay-type":"","overlay-color":"","overlay-opacity":"","overlay-gradient":""},"tablet":{"background-color":"","background-image":"","background-repeat":"repeat","background-position":"center center","background-size":"auto","background-attachment":"scroll","background-type":"","background-media":"","overlay-type":"","overlay-color":"","overlay-opacity":"","overlay-gradient":""},"mobile":{"background-color":"","background-image":"","background-repeat":"repeat","background-position":"center center","background-size":"auto","background-attachment":"scroll","background-type":"","background-media":"","overlay-type":"","overlay-color":"","overlay-opacity":"","overlay-gradient":""}},"ast-content-background-meta":{"desktop":{"background-color":"var(--ast-global-color-5)","background-image":"","background-repeat":"repeat","background-position":"center center","background-size":"auto","background-attachment":"scroll","background-type":"","background-media":"","overlay-type":"","overlay-color":"","overlay-opacity":"","overlay-gradient":""},"tablet":{"background-color":"var(--ast-global-color-5)","background-image":"","background-repeat":"repeat","background-position":"center center","background-size":"auto","background-attachment":"scroll","background-type":"","background-media":"","overlay-type":"","overlay-color":"","overlay-opacity":"","overlay-gradient":""},"mobile":{"background-color":"var(--ast-global-color-5)","background-image":"","background-repeat":"repeat","background-position":"center center","background-size":"auto","background-attachment":"scroll","background-type":"","background-media":"","overlay-type":"","overlay-color":"","overlay-opacity":"","overlay-gradient":""}}},"product_brand":[233],"product_cat":[48,49],"product_tag":[],"class_list":{"0":"post-4157","1":"product","2":"type-product","3":"status-publish","4":"has-post-thumbnail","6":"product_brand-connect-pro","7":"product_cat-securex-smart-alarm","8":"product_cat-sensorer-dorr-fonster","9":"pa_brands-securex-connect-pro","10":"pa_brands-stonehouse-smart","11":"desktop-align-left","12":"tablet-align-center","13":"mobile-align-center","15":"first","16":"instock","17":"shipping-taxable","18":"product-type-simple"},"acf":[],"_links":{"self":[{"href":"https:\/\/stonehousesmart.se\/es\/wp-json\/wp\/v2\/product\/4157","targetHints":{"allow":["GET"]}}],"collection":[{"href":"https:\/\/stonehousesmart.se\/es\/wp-json\/wp\/v2\/product"}],"about":[{"href":"https:\/\/stonehousesmart.se\/es\/wp-json\/wp\/v2\/types\/product"}],"wp:featuredmedia":[{"embeddable":true,"href":"https:\/\/stonehousesmart.se\/es\/wp-json\/wp\/v2\/media\/4677"}],"wp:attachment":[{"href":"https:\/\/stonehousesmart.se\/es\/wp-json\/wp\/v2\/media?parent=4157"}],"wp:term":[{"taxonomy":"product_brand","embeddable":true,"href":"https:\/\/stonehousesmart.se\/es\/wp-json\/wp\/v2\/product_brand?post=4157"},{"taxonomy":"product_cat","embeddable":true,"href":"https:\/\/stonehousesmart.se\/es\/wp-json\/wp\/v2\/product_cat?post=4157"},{"taxonomy":"product_tag","embeddable":true,"href":"https:\/\/stonehousesmart.se\/es\/wp-json\/wp\/v2\/product_tag?post=4157"}],"curies":[{"name":"wp","href":"https:\/\/api.w.org\/{rel}","templated":true}]}}