{"id":4222,"date":"2025-09-15T11:16:42","date_gmt":"2025-09-15T09:16:42","guid":{"rendered":"https:\/\/stonehousesmart.se\/product\/securex-motioneye-rorelsesensor-lora\/"},"modified":"2026-03-27T14:47:40","modified_gmt":"2026-03-27T13:47:40","slug":"securex-motioneye-pro-500-meter","status":"publish","type":"product","link":"https:\/\/stonehousesmart.se\/es\/product\/securex-motioneye-pro-500-meter\/","title":{"rendered":"SecureX MotionEye Pro \u2013 Sensor de movimiento con una vida \u00fatil de 5 a\u00f1os y un alcance de 500 metros."},"content":{"rendered":"<h2>SecureX MotionEye Pro: sensor de movimiento (PIR) con LoRa y bater\u00eda extra potente.<\/h2>\n<p>SecureX MotionEye Pro es un sensor de movimiento PIR avanzado que proporciona vigilancia confiable tanto en entornos dom\u00e9sticos como profesionales. Con <strong>LoRa 868MHz<\/strong> Obtendr\u00e1s una comunicaci\u00f3n inal\u00e1mbrica estable con hasta <strong>Alcance de 500 metros en l\u00ednea de visi\u00f3n directa.<\/strong> \u2013 Ideal para lugares donde el WiFi o las redes de malla convencionales no son suficientes.<\/p>\n<p>El sensor se alimenta de una fuente de alimentaci\u00f3n extra potente. <strong>bater\u00edas de litio-hierro<\/strong> lo cual da <strong>De 2 a 4 veces m\u00e1s energ\u00eda<\/strong> que las pilas AA normales. Esto significa un tiempo de funcionamiento prolongado y una alta fiabilidad operativa, incluso en entornos fr\u00edos o exigentes.<\/p>\n<p>Cuando se detecta movimiento, el evento se env\u00eda directamente a trav\u00e9s de <strong>Centro SecureX<\/strong> y obtienes <strong>notificaciones push en tiempo real<\/strong> i <strong>La aplicaci\u00f3n Stonehouse Smart<\/strong> (iOS\/Android). Compatibilidad con <strong>Tuya<\/strong> y <strong>Vida inteligente<\/strong> Se lleva a cabo a trav\u00e9s del centro.<\/p>\n<hr \/>\n<h3>Detecci\u00f3n precisa y dise\u00f1o discreto<\/h3>\n<p>MotionEye Pro tiene <strong>\u00c1ngulo de detecci\u00f3n de 110\u00b0<\/strong> y hasta <strong>Alcance de 7 metros<\/strong>, que proporciona una detecci\u00f3n de movimiento precisa y r\u00e1pida. El elegante dise\u00f1o se adapta a hogares, oficinas y tiendas y se monta f\u00e1cilmente en <strong>2\u20132,5 metros de altura<\/strong> Con soporte de pared incluido.<\/p>\n<hr \/>\n<h3>Importante: sistema y compatibilidad<\/h3>\n<ul>\n<li>El sensor se utiliza junto con <strong>Centro SecureX<\/strong><\/li>\n<li>Las notificaciones y la configuraci\u00f3n se gestionan en <strong>La aplicaci\u00f3n Stonehouse Smart<\/strong><\/li>\n<li><strong>Tuya y Vida Inteligente<\/strong> apoyado <strong>a trav\u00e9s del hub<\/strong><\/li>\n<li>El sensor es <strong>no independiente<\/strong><\/li>\n<\/ul>\n<hr \/>\n<h3>Beneficios y caracter\u00edsticas<\/h3>\n<ul>\n<li><strong>LoRa 868MHz<\/strong> (cifrado SecureX) con hasta <strong>500 metros<\/strong> alcance (l\u00ednea de visi\u00f3n)<\/li>\n<li><strong>Bater\u00edas de litio-hierro extra potentes<\/strong> \u2013 2\u20134 veces m\u00e1s energ\u00eda que el AA est\u00e1ndar<\/li>\n<li>Integraci\u00f3n completa a trav\u00e9s de <strong>Centro SecureX<\/strong><\/li>\n<li>Notificaciones en tiempo real en <strong>La aplicaci\u00f3n Stonehouse Smart<\/strong><\/li>\n<li>Compatibilidad a trav\u00e9s de hub con <strong>Tuya y Vida Inteligente<\/strong><\/li>\n<li><strong>110\u00b0<\/strong> detecci\u00f3n, hasta <strong>7 metros<\/strong> alcance<\/li>\n<li>Dise\u00f1o discreto y f\u00e1cil montaje en la pared.<\/li>\n<li>Largo tiempo de funcionamiento gracias al bajo consumo.<\/li>\n<\/ul>\n<hr \/>\n<h3>\u00c1reas de uso<\/h3>\n<ul>\n<li>Villas y casas de veraneo<\/li>\n<li>S\u00f3tano, trastero y garaje<\/li>\n<li>Oficinas y locales comerciales<\/li>\n<li>Lugares sin WiFi o con largas distancias<\/li>\n<\/ul>\n<hr \/>\n<h3>Especificaciones t\u00e9cnicas<\/h3>\n<ul>\n<li><strong>Protocolo:<\/strong> Codificaci\u00f3n LoRa de 868 MHz para SecureX<\/li>\n<li><strong>Bater\u00eda:<\/strong> 2 pilas AA de litio-hierro de 3400 mAh (incluidas)<\/li>\n<li><strong>Alcance:<\/strong> hasta 500 m (l\u00ednea de visi\u00f3n)<\/li>\n<li><strong>Rango de detecci\u00f3n:<\/strong> hasta 7 m, 110\u00b0<\/li>\n<li><strong>Altura de montaje:<\/strong> 2\u20132,5 m<\/li>\n<li><strong>Temperatura de funcionamiento:<\/strong> De -10 \u00b0C a +50 \u00b0C<\/li>\n<li><strong>Humedad relativa:<\/strong> &lt;95 % (sin condensaci\u00f3n)<\/li>\n<li><strong>Medida:<\/strong> 50 \u00d7 92 mm<\/li>\n<li><strong>Soporte de la aplicaci\u00f3n:<\/strong> Stonehouse Smart (iOS\/Android), Tuya y Smart Life a trav\u00e9s de un hub<\/li>\n<\/ul>\n<hr \/>\n<h3>Contenido del env\u00edo<\/h3>\n<ul>\n<li>Sensor de movimiento SecureX MotionEye Pro: 1 unidad<\/li>\n<li>Pilas AA de litio-hierro de 3400 mAh: 2 unidades (incluidas)<\/li>\n<li>Soporte de pared: 1 unidad<\/li>\n<li>Tornillos y tacos: incluidos<\/li>\n<li>Manual: 1 unidad<\/li>\n<\/ul>","protected":false},"excerpt":{"rendered":"<p class=\"\" data-start=\"413\" data-end=\"570\">Sensor de movimiento con LoRa y alcance de hasta 500 m.<\/p>\n<p class=\"\" data-start=\"413\" data-end=\"570\">Bater\u00edas de litio-hierro extra potentes (3-4 veces m\u00e1s energ\u00eda que las pilas AA est\u00e1ndar), detecci\u00f3n precisa y notificaciones push a trav\u00e9s del hub SecureX.<\/p>","protected":false},"featured_media":4760,"template":"","meta":{"_acf_changed":false,"inline_featured_image":false,"site-sidebar-layout":"default","site-content-layout":"","ast-site-content-layout":"default","site-content-style":"default","site-sidebar-style":"default","ast-global-header-display":"","ast-banner-title-visibility":"","ast-main-header-display":"","ast-hfb-above-header-display":"","ast-hfb-below-header-display":"","ast-hfb-mobile-header-display":"","site-post-title":"","ast-breadcrumbs-content":"","ast-featured-img":"","footer-sml-layout":"","ast-disable-related-posts":"","theme-transparent-header-meta":"default","adv-header-id-meta":"","stick-header-meta":"","header-above-stick-meta":"","header-main-stick-meta":"","header-below-stick-meta":"","astra-migrate-meta-layouts":"set","ast-page-background-enabled":"default","ast-page-background-meta":{"desktop":{"background-color":"","background-image":"","background-repeat":"repeat","background-position":"center center","background-size":"auto","background-attachment":"scroll","background-type":"","background-media":"","overlay-type":"","overlay-color":"","overlay-opacity":"","overlay-gradient":""},"tablet":{"background-color":"","background-image":"","background-repeat":"repeat","background-position":"center center","background-size":"auto","background-attachment":"scroll","background-type":"","background-media":"","overlay-type":"","overlay-color":"","overlay-opacity":"","overlay-gradient":""},"mobile":{"background-color":"","background-image":"","background-repeat":"repeat","background-position":"center center","background-size":"auto","background-attachment":"scroll","background-type":"","background-media":"","overlay-type":"","overlay-color":"","overlay-opacity":"","overlay-gradient":""}},"ast-content-background-meta":{"desktop":{"background-color":"var(--ast-global-color-5)","background-image":"","background-repeat":"repeat","background-position":"center center","background-size":"auto","background-attachment":"scroll","background-type":"","background-media":"","overlay-type":"","overlay-color":"","overlay-opacity":"","overlay-gradient":""},"tablet":{"background-color":"var(--ast-global-color-5)","background-image":"","background-repeat":"repeat","background-position":"center center","background-size":"auto","background-attachment":"scroll","background-type":"","background-media":"","overlay-type":"","overlay-color":"","overlay-opacity":"","overlay-gradient":""},"mobile":{"background-color":"var(--ast-global-color-5)","background-image":"","background-repeat":"repeat","background-position":"center center","background-size":"auto","background-attachment":"scroll","background-type":"","background-media":"","overlay-type":"","overlay-color":"","overlay-opacity":"","overlay-gradient":""}}},"product_brand":[233],"product_cat":[54,48],"product_tag":[],"class_list":{"0":"post-4222","1":"product","2":"type-product","3":"status-publish","4":"has-post-thumbnail","6":"product_brand-connect-pro","7":"product_cat-rorelsedetektorer","8":"product_cat-securex-smart-alarm","9":"pa_brands-securex-connect-pro","10":"pa_brands-stonehouse-smart","11":"desktop-align-left","12":"tablet-align-center","13":"mobile-align-center","15":"first","16":"instock","17":"shipping-taxable","18":"product-type-simple"},"acf":[],"_links":{"self":[{"href":"https:\/\/stonehousesmart.se\/es\/wp-json\/wp\/v2\/product\/4222","targetHints":{"allow":["GET"]}}],"collection":[{"href":"https:\/\/stonehousesmart.se\/es\/wp-json\/wp\/v2\/product"}],"about":[{"href":"https:\/\/stonehousesmart.se\/es\/wp-json\/wp\/v2\/types\/product"}],"wp:featuredmedia":[{"embeddable":true,"href":"https:\/\/stonehousesmart.se\/es\/wp-json\/wp\/v2\/media\/4760"}],"wp:attachment":[{"href":"https:\/\/stonehousesmart.se\/es\/wp-json\/wp\/v2\/media?parent=4222"}],"wp:term":[{"taxonomy":"product_brand","embeddable":true,"href":"https:\/\/stonehousesmart.se\/es\/wp-json\/wp\/v2\/product_brand?post=4222"},{"taxonomy":"product_cat","embeddable":true,"href":"https:\/\/stonehousesmart.se\/es\/wp-json\/wp\/v2\/product_cat?post=4222"},{"taxonomy":"product_tag","embeddable":true,"href":"https:\/\/stonehousesmart.se\/es\/wp-json\/wp\/v2\/product_tag?post=4222"}],"curies":[{"name":"wp","href":"https:\/\/api.w.org\/{rel}","templated":true}]}}