{"id":4223,"date":"2025-09-15T11:16:42","date_gmt":"2025-09-15T09:16:42","guid":{"rendered":"https:\/\/stonehousesmart.se\/product\/securex-doorsense-pro-dorr-fonstersensor-slim-lora\/"},"modified":"2026-03-27T14:48:05","modified_gmt":"2026-03-27T13:48:05","slug":"securex-doorsense-pro-dorr-fonstersensor","status":"publish","type":"product","link":"https:\/\/stonehousesmart.se\/es\/product\/securex-doorsense-pro-dorr-fonstersensor\/","title":{"rendered":"SecureX DoorSense Pro \u2013 Sensor para puertas y ventanas con una vida \u00fatil de 5 a\u00f1os y un alcance de 500 metros."},"content":{"rendered":"<h2>SecureX DoorSense Pro: sensor para puertas y ventanas de largo alcance (hasta 500 m).<\/h2>\n<p>SecureX DoorSense Pro es un contacto magn\u00e9tico confiable que monitorea <strong>puertas, ventanas y otras aberturas<\/strong>. Con <strong>Largo alcance 868 MHz (LoRa)<\/strong> Obtendr\u00e1s una comunicaci\u00f3n inal\u00e1mbrica estable con hasta <strong>Alcance de 500 metros en l\u00ednea de visi\u00f3n directa.<\/strong> \u2013 Ideal para propiedades donde la conexi\u00f3n WiFi es insuficiente o donde se desea una se\u00f1al extra fuerte.<\/p>\n<p>Cuando se abre una puerta o ventana, el evento se registra inmediatamente y se env\u00eda a trav\u00e9s de <strong>Centro SecureX<\/strong>. T\u00fa obtienes <strong>notificaciones en tiempo real<\/strong> i <strong>La aplicaci\u00f3n Stonehouse Smart<\/strong> (iOS\/Android), donde todos los dispositivos SecureX se gestionan de forma centralizada. Compatibilidad con <strong>Tuya<\/strong> y <strong>Vida inteligente<\/strong> Se lleva a cabo a trav\u00e9s del centro.<\/p>\n<hr \/>\n<h3>Importante: sistema y compatibilidad<\/h3>\n<ul>\n<li>DoorSense Pro se utiliza junto con <strong>Centro SecureX<\/strong><\/li>\n<li>Las notificaciones y la configuraci\u00f3n se gestionan en <strong>La aplicaci\u00f3n Stonehouse Smart<\/strong><\/li>\n<li><strong>Tuya y Vida Inteligente<\/strong> apoyado <strong>a trav\u00e9s del hub<\/strong><\/li>\n<li>El sensor es <strong>no independiente<\/strong><\/li>\n<\/ul>\n<hr \/>\n<h3>Dise\u00f1o discreto y bater\u00eda de larga duraci\u00f3n.<\/h3>\n<p>DoorSense Pro tiene un dise\u00f1o compacto y discreto que se integra en el entorno. Est\u00e1 alimentado por <strong>2 pilas CR2450<\/strong> y tiene un consumo de energ\u00eda muy bajo (<strong>\u226410 \u00b5A en modo de espera<\/strong>), lo que da un <strong>Duraci\u00f3n estimada de la bater\u00eda de hasta 5 a\u00f1os.<\/strong> durante el uso normal.<\/p>\n<p>Su instalaci\u00f3n es sencilla y adecuada tanto para instalaciones nuevas como para instalaciones ya existentes en viviendas, casas de vacaciones y negocios.<\/p>\n<hr \/>\n<h3>Beneficios y caracter\u00edsticas<\/h3>\n<ul>\n<li><strong>Largo alcance\/LoRa 868 MHz<\/strong> con hasta <strong>Alcance de 500 m<\/strong> (vista despejada)<\/li>\n<li>Integraci\u00f3n completa a trav\u00e9s de <strong>Centro SecureX<\/strong><\/li>\n<li>Notificaciones en tiempo real en <strong>La aplicaci\u00f3n Stonehouse Smart<\/strong><\/li>\n<li>Tuya y Smart Life son compatibles. <strong>a trav\u00e9s del hub<\/strong><\/li>\n<li>F\u00e1cil instalaci\u00f3n en puertas y ventanas.<\/li>\n<li>Consumo muy bajo para <strong>larga duraci\u00f3n de la bater\u00eda<\/strong><\/li>\n<li>Dise\u00f1o discreto y compacto<\/li>\n<\/ul>\n<hr \/>\n<h3>\u00c1reas de uso<\/h3>\n<ul>\n<li>Villas y apartamentos<\/li>\n<li>Casas de veraneo y casas de vacaciones<\/li>\n<li>Trastero, garaje y s\u00f3tano<\/li>\n<li>Oficinas y locales comerciales<\/li>\n<\/ul>\n<hr \/>\n<h3>Especificaciones t\u00e9cnicas<\/h3>\n<ul>\n<li><strong>Bater\u00eda:<\/strong> CR2450 \u00d7 2<\/li>\n<li><strong>Duraci\u00f3n estimada de la bater\u00eda:<\/strong> hasta 5 a\u00f1os<\/li>\n<li><strong>Potencia en modo de espera:<\/strong> \u226410 \u00b5A<\/li>\n<li><strong>Corriente de alarma:<\/strong> &lt;80 mA<\/li>\n<li><strong>Tecnolog\u00eda inal\u00e1mbrica:<\/strong> Largo alcance 868 MHz<\/li>\n<li><strong>Alcance:<\/strong> hasta 500 m (l\u00ednea de visi\u00f3n)<\/li>\n<li><strong>Medida:<\/strong>\n<ul>\n<li>Sensor: 70 \u00d7 31,5 \u00d7 15,5 mm<\/li>\n<li>Im\u00e1n: 70 \u00d7 11 \u00d7 15,5 mm<\/li>\n<\/ul>\n<\/li>\n<li><strong>Soporte de la aplicaci\u00f3n:<\/strong> Stonehouse Smart (iOS\/Android), Tuya y Smart Life a trav\u00e9s de un hub<\/li>\n<\/ul>","protected":false},"excerpt":{"rendered":"<p>Sensor para puertas y ventanas con tecnolog\u00eda LoRa para un alcance extralargo de hasta 500 m.<\/p>\n<p>La alarma se activa inmediatamente al abrir la puerta y env\u00eda notificaciones a trav\u00e9s del hub SecureX a la aplicaci\u00f3n Stonehouse Smart.<\/p>\n<p>&nbsp;<\/p>","protected":false},"featured_media":4713,"template":"","meta":{"_acf_changed":false,"inline_featured_image":false,"site-sidebar-layout":"default","site-content-layout":"","ast-site-content-layout":"default","site-content-style":"default","site-sidebar-style":"default","ast-global-header-display":"","ast-banner-title-visibility":"","ast-main-header-display":"","ast-hfb-above-header-display":"","ast-hfb-below-header-display":"","ast-hfb-mobile-header-display":"","site-post-title":"","ast-breadcrumbs-content":"","ast-featured-img":"","footer-sml-layout":"","ast-disable-related-posts":"","theme-transparent-header-meta":"default","adv-header-id-meta":"","stick-header-meta":"","header-above-stick-meta":"","header-main-stick-meta":"","header-below-stick-meta":"","astra-migrate-meta-layouts":"set","ast-page-background-enabled":"default","ast-page-background-meta":{"desktop":{"background-color":"","background-image":"","background-repeat":"repeat","background-position":"center center","background-size":"auto","background-attachment":"scroll","background-type":"","background-media":"","overlay-type":"","overlay-color":"","overlay-opacity":"","overlay-gradient":""},"tablet":{"background-color":"","background-image":"","background-repeat":"repeat","background-position":"center center","background-size":"auto","background-attachment":"scroll","background-type":"","background-media":"","overlay-type":"","overlay-color":"","overlay-opacity":"","overlay-gradient":""},"mobile":{"background-color":"","background-image":"","background-repeat":"repeat","background-position":"center center","background-size":"auto","background-attachment":"scroll","background-type":"","background-media":"","overlay-type":"","overlay-color":"","overlay-opacity":"","overlay-gradient":""}},"ast-content-background-meta":{"desktop":{"background-color":"var(--ast-global-color-5)","background-image":"","background-repeat":"repeat","background-position":"center center","background-size":"auto","background-attachment":"scroll","background-type":"","background-media":"","overlay-type":"","overlay-color":"","overlay-opacity":"","overlay-gradient":""},"tablet":{"background-color":"var(--ast-global-color-5)","background-image":"","background-repeat":"repeat","background-position":"center center","background-size":"auto","background-attachment":"scroll","background-type":"","background-media":"","overlay-type":"","overlay-color":"","overlay-opacity":"","overlay-gradient":""},"mobile":{"background-color":"var(--ast-global-color-5)","background-image":"","background-repeat":"repeat","background-position":"center center","background-size":"auto","background-attachment":"scroll","background-type":"","background-media":"","overlay-type":"","overlay-color":"","overlay-opacity":"","overlay-gradient":""}}},"product_brand":[233],"product_cat":[48,49],"product_tag":[],"class_list":{"0":"post-4223","1":"product","2":"type-product","3":"status-publish","4":"has-post-thumbnail","6":"product_brand-connect-pro","7":"product_cat-securex-smart-alarm","8":"product_cat-sensorer-dorr-fonster","9":"pa_brands-securex-connect-pro","10":"pa_brands-stonehouse-smart","11":"desktop-align-left","12":"tablet-align-center","13":"mobile-align-center","15":"first","16":"instock","17":"shipping-taxable","18":"product-type-simple"},"acf":[],"_links":{"self":[{"href":"https:\/\/stonehousesmart.se\/es\/wp-json\/wp\/v2\/product\/4223","targetHints":{"allow":["GET"]}}],"collection":[{"href":"https:\/\/stonehousesmart.se\/es\/wp-json\/wp\/v2\/product"}],"about":[{"href":"https:\/\/stonehousesmart.se\/es\/wp-json\/wp\/v2\/types\/product"}],"wp:featuredmedia":[{"embeddable":true,"href":"https:\/\/stonehousesmart.se\/es\/wp-json\/wp\/v2\/media\/4713"}],"wp:attachment":[{"href":"https:\/\/stonehousesmart.se\/es\/wp-json\/wp\/v2\/media?parent=4223"}],"wp:term":[{"taxonomy":"product_brand","embeddable":true,"href":"https:\/\/stonehousesmart.se\/es\/wp-json\/wp\/v2\/product_brand?post=4223"},{"taxonomy":"product_cat","embeddable":true,"href":"https:\/\/stonehousesmart.se\/es\/wp-json\/wp\/v2\/product_cat?post=4223"},{"taxonomy":"product_tag","embeddable":true,"href":"https:\/\/stonehousesmart.se\/es\/wp-json\/wp\/v2\/product_tag?post=4223"}],"curies":[{"name":"wp","href":"https:\/\/api.w.org\/{rel}","templated":true}]}}