{"id":4233,"date":"2025-09-15T11:16:43","date_gmt":"2025-09-15T09:16:43","guid":{"rendered":"https:\/\/stonehousesmart.se\/product\/securex-linkbridge-tradlos-omvandlare-for-larm-med-kabel\/"},"modified":"2026-03-27T14:15:54","modified_gmt":"2026-03-27T13:15:54","slug":"securex-linkbridge-tradlos-omvandlare","status":"publish","type":"product","link":"https:\/\/stonehousesmart.se\/es\/product\/securex-linkbridge-tradlos-omvandlare\/","title":{"rendered":"SecureX LinkBridge: convertidor inal\u00e1mbrico para sensores de alarma cableados."},"content":{"rendered":"<h2 data-start=\"175\" data-end=\"253\">SecureX LinkBridge: convertidor inal\u00e1mbrico para alarmas cableadas (soluci\u00f3n h\u00edbrida)<\/h2>\n<p data-start=\"255\" data-end=\"554\">SecureX LinkBridge es un <strong data-start=\"280\" data-end=\"312\">potente convertidor inal\u00e1mbrico<\/strong> lo que permite conectar los sensores de alarma cableados existentes al sistema SecureX. El resultado es un <strong data-start=\"419\" data-end=\"439\">sistema de alarma h\u00edbrido<\/strong> donde se combinan sensores cableados fiables con tecnolog\u00eda inal\u00e1mbrica moderna, control mediante aplicaci\u00f3n y gesti\u00f3n centralizada de alarmas.<\/p>\n<p data-start=\"556\" data-end=\"802\">Con apoyo para <strong data-start=\"569\" data-end=\"601\">hasta 16 zonas cableadas<\/strong> Las instalaciones de alarma antiguas se pueden reutilizar y actualizar sin necesidad de una renovaci\u00f3n extensa. Al mismo tiempo, obtiene acceso a notificaciones en tiempo real, control remoto y una visi\u00f3n general completa a trav\u00e9s de <strong data-start=\"775\" data-end=\"801\">La aplicaci\u00f3n Stonehouse Smart<\/strong>.<\/p>\n<hr data-start=\"804\" data-end=\"807\" \/>\n<h3 data-start=\"809\" data-end=\"859\">Construcci\u00f3n robusta para un funcionamiento seguro y estable.<\/h3>\n<p data-start=\"860\" data-end=\"1116\">SecureX LinkBridge se entrega en un <strong data-start=\"894\" data-end=\"918\">carcasa met\u00e1lica duradera<\/strong> con antena externa montada en el gabinete para un alcance estable y largo. Cada zona tiene una <strong data-start=\"1002\" data-end=\"1032\">Indicador LED de estado claro<\/strong> directamente en la tarjeta, lo que simplifica tanto la instalaci\u00f3n como la configuraci\u00f3n y la resoluci\u00f3n de problemas.<\/p>\n<p data-start=\"1118\" data-end=\"1398\">El dispositivo se alimenta mediante <strong data-start=\"1136\" data-end=\"1163\">15 V CC desde la red el\u00e9ctrica de 220 V CA<\/strong> (adaptador de corriente incluido y montado en la carcasa) y admite <strong data-start=\"1229\" data-end=\"1273\">Bater\u00eda de respaldo externa (12V 7Ah, opcional)<\/strong> para que contin\u00fae funcionando en caso de un corte de energ\u00eda. Incorporado <strong data-start=\"1319\" data-end=\"1336\">protecci\u00f3n contra el sabotaje<\/strong> y <strong data-start=\"1341\" data-end=\"1368\">Indicaci\u00f3n de fallo de alimentaci\u00f3n<\/strong> aumenta a\u00fan m\u00e1s la seguridad.<\/p>\n<hr data-start=\"1400\" data-end=\"1403\" \/>\n<h3 data-start=\"1405\" data-end=\"1451\">Zonas flexibles y compatibilidad con sirenas cableadas<\/h3>\n<p data-start=\"1452\" data-end=\"1556\">SecureX LinkBridge est\u00e1 dise\u00f1ado para un uso flexible tanto en instalaciones privadas como profesionales.<\/p>\n<ul data-start=\"1558\" data-end=\"1776\">\n<li data-start=\"1558\" data-end=\"1614\">\n<p data-start=\"1560\" data-end=\"1614\"><strong data-start=\"1560\" data-end=\"1583\">16 zonas cableadas<\/strong>, configurable individualmente<\/p>\n<\/li>\n<li data-start=\"1615\" data-end=\"1655\">\n<p data-start=\"1617\" data-end=\"1655\">Apoyo para <strong data-start=\"1626\" data-end=\"1645\">C\/NC o C\/NO<\/strong> por zona<\/p>\n<\/li>\n<li data-start=\"1656\" data-end=\"1722\">\n<p data-start=\"1658\" data-end=\"1722\">Posibilidad de conectar <strong data-start=\"1680\" data-end=\"1720\">Sirena cableada (hasta 15V\/3A)<\/strong><\/p>\n<\/li>\n<li data-start=\"1723\" data-end=\"1776\">\n<p data-start=\"1725\" data-end=\"1776\">Las zonas pueden <strong data-start=\"1735\" data-end=\"1774\">activado y desactivado a trav\u00e9s de la aplicaci\u00f3n<\/strong><\/p>\n<\/li>\n<\/ul>\n<p data-start=\"1778\" data-end=\"1867\">Esto hace que LinkBridge sea ideal para actualizaciones donde ya existe un cableado instalado.<\/p>\n<hr data-start=\"1869\" data-end=\"1872\" \/>\n<h3 data-start=\"1874\" data-end=\"1904\">Parte del sistema SecureX<\/h3>\n<p data-start=\"1905\" data-end=\"2068\">SecureX LinkBridge es un componente del sistema para SecureX y siempre se utiliza junto con <strong data-start=\"1993\" data-end=\"2011\">Centro SecureX<\/strong>, que gestiona toda la comunicaci\u00f3n, la l\u00f3gica y el control de alarmas.<\/p>\n<ul data-start=\"2070\" data-end=\"2234\">\n<li data-start=\"2070\" data-end=\"2125\">\n<p data-start=\"2072\" data-end=\"2125\">La gesti\u00f3n y las notificaciones se realizan a trav\u00e9s de <strong data-start=\"2103\" data-end=\"2123\">Casa de piedra inteligente<\/strong><\/p>\n<\/li>\n<li data-start=\"2126\" data-end=\"2196\">\n<p data-start=\"2128\" data-end=\"2196\">Compatibilidad con <strong data-start=\"2147\" data-end=\"2194\">Tuya y Smart Life se gestionan a trav\u00e9s del hub SecureX.<\/strong><\/p>\n<\/li>\n<li data-start=\"2197\" data-end=\"2234\">\n<p data-start=\"2199\" data-end=\"2234\">LinkBridge es <strong data-start=\"2213\" data-end=\"2232\">no independiente<\/strong><\/p>\n<\/li>\n<\/ul>\n<hr data-start=\"2236\" data-end=\"2239\" \/>\n<h3 data-start=\"2241\" data-end=\"2263\">Ventajas en resumen<\/h3>\n<ul data-start=\"2264\" data-end=\"2656\">\n<li data-start=\"2264\" data-end=\"2339\">\n<p data-start=\"2266\" data-end=\"2339\">Se convierte hasta en <strong data-start=\"2285\" data-end=\"2308\">16 zonas cableadas<\/strong> al sistema inal\u00e1mbrico SecureX<\/p>\n<\/li>\n<li data-start=\"2340\" data-end=\"2375\">\n<p data-start=\"2342\" data-end=\"2375\">Soluci\u00f3n h\u00edbrida: cable + inal\u00e1mbrica<\/p>\n<\/li>\n<li data-start=\"2376\" data-end=\"2410\">\n<p data-start=\"2378\" data-end=\"2410\">C\/NC o C\/NO seleccionable por zona.<\/p>\n<\/li>\n<li data-start=\"2411\" data-end=\"2448\">\n<p data-start=\"2413\" data-end=\"2448\">Indicador de estado LED para cada zona<\/p>\n<\/li>\n<li data-start=\"2449\" data-end=\"2491\">\n<p data-start=\"2451\" data-end=\"2491\">Carcasa met\u00e1lica robusta con antena externa<\/p>\n<\/li>\n<li data-start=\"2492\" data-end=\"2532\">\n<p data-start=\"2494\" data-end=\"2532\">Admite sirenas cableadas (15V\/3A)<\/p>\n<\/li>\n<li data-start=\"2533\" data-end=\"2565\">\n<p data-start=\"2535\" data-end=\"2565\">Control de zonas mediante aplicaci\u00f3n (encendido\/apagado)<\/p>\n<\/li>\n<li data-start=\"2566\" data-end=\"2611\">\n<p data-start=\"2568\" data-end=\"2611\">Protecci\u00f3n contra manipulaci\u00f3n e indicaci\u00f3n de fallo de alimentaci\u00f3n<\/p>\n<\/li>\n<li data-start=\"2612\" data-end=\"2656\">\n<p data-start=\"2614\" data-end=\"2656\">Soporte para bater\u00eda de respaldo externa (opcional)<\/p>\n<\/li>\n<\/ul>\n<hr data-start=\"2658\" data-end=\"2661\" \/>\n<h3 data-start=\"2663\" data-end=\"2693\">Usos t\u00edpicos<\/h3>\n<ul data-start=\"2694\" data-end=\"2896\">\n<li data-start=\"2694\" data-end=\"2741\">\n<p data-start=\"2696\" data-end=\"2741\">Actualizaci\u00f3n de sistemas de alarma cableados antiguos<\/p>\n<\/li>\n<li data-start=\"2742\" data-end=\"2785\">\n<p data-start=\"2744\" data-end=\"2785\">Instalaciones h\u00edbridas (cableadas + inal\u00e1mbricas)<\/p>\n<\/li>\n<li data-start=\"2786\" data-end=\"2815\">\n<p data-start=\"2788\" data-end=\"2815\">Villas y edificios de apartamentos<\/p>\n<\/li>\n<li data-start=\"2816\" data-end=\"2854\">\n<p data-start=\"2818\" data-end=\"2854\">Empresas, almacenes y entornos industriales<\/p>\n<\/li>\n<li data-start=\"2855\" data-end=\"2896\">\n<p data-start=\"2857\" data-end=\"2896\">Proyectos donde ya existe cableado.<\/p>\n<\/li>\n<\/ul>\n<hr data-start=\"2898\" data-end=\"2901\" \/>\n<h3 data-start=\"2903\" data-end=\"2928\">Especificaciones t\u00e9cnicas<\/h3>\n<ul data-start=\"2929\" data-end=\"3236\">\n<li data-start=\"2929\" data-end=\"2985\">\n<p data-start=\"2931\" data-end=\"2985\">Alimentaci\u00f3n: CC 15V \/ 5.0A (a trav\u00e9s de 220 V CA, incluida)<\/p>\n<\/li>\n<li data-start=\"2986\" data-end=\"3037\">\n<p data-start=\"2988\" data-end=\"3037\">Bater\u00eda de respaldo: 12V 7Ah (opcional, no incluida)<\/p>\n<\/li>\n<li data-start=\"3038\" data-end=\"3092\">\n<p data-start=\"3040\" data-end=\"3092\">Comunicaci\u00f3n: 433 MHz (EV1527), codificada para SecureX<\/p>\n<\/li>\n<li data-start=\"3093\" data-end=\"3136\">\n<p data-start=\"3095\" data-end=\"3136\">Alcance: Hasta aproximadamente 150 m (en \u00e1reas abiertas)<\/p>\n<\/li>\n<li data-start=\"3137\" data-end=\"3167\">\n<p data-start=\"3139\" data-end=\"3167\">N\u00famero de zonas: 16 cableadas<\/p>\n<\/li>\n<li data-start=\"3168\" data-end=\"3208\">\n<p data-start=\"3170\" data-end=\"3208\">Temperatura de funcionamiento: de -20 \u00b0C a +55 \u00b0C<\/p>\n<\/li>\n<li data-start=\"3209\" data-end=\"3236\">\n<p data-start=\"3211\" data-end=\"3236\">Dimensiones: 165 \u00d7 100 \u00d7 18 mm<\/p>\n<\/li>\n<\/ul>\n<hr data-start=\"3238\" data-end=\"3241\" \/>\n<h3 data-start=\"3243\" data-end=\"3263\">Contenido del env\u00edo<\/h3>\n<ul data-start=\"3264\" data-end=\"3432\">\n<li data-start=\"3264\" data-end=\"3309\">\n<p data-start=\"3266\" data-end=\"3309\">SecureX LinkBridge en carcasa met\u00e1lica: 1 unidad<\/p>\n<\/li>\n<li data-start=\"3310\" data-end=\"3371\">\n<p data-start=\"3312\" data-end=\"3371\">Adaptador de corriente 220 V CA \u2192 15 V CC (montado en la carcasa): 1 unidad.<\/p>\n<\/li>\n<li data-start=\"3372\" data-end=\"3415\">\n<p data-start=\"3374\" data-end=\"3415\">Antena externa (montada en el gabinete): 1 unidad<\/p>\n<\/li>\n<li data-start=\"3416\" data-end=\"3432\">\n<p data-start=\"3418\" data-end=\"3432\">Manual: 1 unidad<\/p>\n<\/li>\n<\/ul>","protected":false},"excerpt":{"rendered":"<p>Convertidor inal\u00e1mbrico que conecta hasta 16 zonas de alarma cableadas al sistema SecureX. Carcasa met\u00e1lica, antena externa, control mediante aplicaci\u00f3n y compatibilidad con sirena cableada.<\/p>\n<p>Se suministra en una carcasa met\u00e1lica con fuente de alimentaci\u00f3n integrada a trav\u00e9s de la red el\u00e9ctrica (220 V CA).<\/p>","protected":false},"featured_media":4723,"template":"","meta":{"_acf_changed":false,"inline_featured_image":false,"site-sidebar-layout":"default","site-content-layout":"","ast-site-content-layout":"default","site-content-style":"default","site-sidebar-style":"default","ast-global-header-display":"","ast-banner-title-visibility":"","ast-main-header-display":"","ast-hfb-above-header-display":"","ast-hfb-below-header-display":"","ast-hfb-mobile-header-display":"","site-post-title":"","ast-breadcrumbs-content":"","ast-featured-img":"","footer-sml-layout":"","ast-disable-related-posts":"","theme-transparent-header-meta":"default","adv-header-id-meta":"","stick-header-meta":"","header-above-stick-meta":"","header-main-stick-meta":"","header-below-stick-meta":"","astra-migrate-meta-layouts":"set","ast-page-background-enabled":"default","ast-page-background-meta":{"desktop":{"background-color":"","background-image":"","background-repeat":"repeat","background-position":"center center","background-size":"auto","background-attachment":"scroll","background-type":"","background-media":"","overlay-type":"","overlay-color":"","overlay-opacity":"","overlay-gradient":""},"tablet":{"background-color":"","background-image":"","background-repeat":"repeat","background-position":"center center","background-size":"auto","background-attachment":"scroll","background-type":"","background-media":"","overlay-type":"","overlay-color":"","overlay-opacity":"","overlay-gradient":""},"mobile":{"background-color":"","background-image":"","background-repeat":"repeat","background-position":"center center","background-size":"auto","background-attachment":"scroll","background-type":"","background-media":"","overlay-type":"","overlay-color":"","overlay-opacity":"","overlay-gradient":""}},"ast-content-background-meta":{"desktop":{"background-color":"var(--ast-global-color-5)","background-image":"","background-repeat":"repeat","background-position":"center center","background-size":"auto","background-attachment":"scroll","background-type":"","background-media":"","overlay-type":"","overlay-color":"","overlay-opacity":"","overlay-gradient":""},"tablet":{"background-color":"var(--ast-global-color-5)","background-image":"","background-repeat":"repeat","background-position":"center center","background-size":"auto","background-attachment":"scroll","background-type":"","background-media":"","overlay-type":"","overlay-color":"","overlay-opacity":"","overlay-gradient":""},"mobile":{"background-color":"var(--ast-global-color-5)","background-image":"","background-repeat":"repeat","background-position":"center center","background-size":"auto","background-attachment":"scroll","background-type":"","background-media":"","overlay-type":"","overlay-color":"","overlay-opacity":"","overlay-gradient":""}}},"product_brand":[233],"product_cat":[67,48],"product_tag":[],"class_list":{"0":"post-4233","1":"product","2":"type-product","3":"status-publish","4":"has-post-thumbnail","6":"product_brand-connect-pro","7":"product_cat-repeatrar-natverk","8":"product_cat-securex-smart-alarm","9":"pa_brands-securex-connect-pro","10":"pa_brands-stonehouse-smart","11":"desktop-align-left","12":"tablet-align-center","13":"mobile-align-center","15":"first","16":"instock","17":"shipping-taxable","18":"product-type-simple"},"acf":[],"_links":{"self":[{"href":"https:\/\/stonehousesmart.se\/es\/wp-json\/wp\/v2\/product\/4233","targetHints":{"allow":["GET"]}}],"collection":[{"href":"https:\/\/stonehousesmart.se\/es\/wp-json\/wp\/v2\/product"}],"about":[{"href":"https:\/\/stonehousesmart.se\/es\/wp-json\/wp\/v2\/types\/product"}],"wp:featuredmedia":[{"embeddable":true,"href":"https:\/\/stonehousesmart.se\/es\/wp-json\/wp\/v2\/media\/4723"}],"wp:attachment":[{"href":"https:\/\/stonehousesmart.se\/es\/wp-json\/wp\/v2\/media?parent=4233"}],"wp:term":[{"taxonomy":"product_brand","embeddable":true,"href":"https:\/\/stonehousesmart.se\/es\/wp-json\/wp\/v2\/product_brand?post=4233"},{"taxonomy":"product_cat","embeddable":true,"href":"https:\/\/stonehousesmart.se\/es\/wp-json\/wp\/v2\/product_cat?post=4233"},{"taxonomy":"product_tag","embeddable":true,"href":"https:\/\/stonehousesmart.se\/es\/wp-json\/wp\/v2\/product_tag?post=4233"}],"curies":[{"name":"wp","href":"https:\/\/api.w.org\/{rel}","templated":true}]}}