{"id":4242,"date":"2025-09-15T11:16:44","date_gmt":"2025-09-15T09:16:44","guid":{"rendered":"https:\/\/stonehousesmart.se\/product\/securex-gasshield-for-naturgas-och-lpg\/"},"modified":"2026-03-27T14:43:05","modified_gmt":"2026-03-27T13:43:05","slug":"securex-gasshield-for-naturgas-och-lpg","status":"publish","type":"product","link":"https:\/\/stonehousesmart.se\/es\/product\/securex-gasshield-for-naturgas-och-lpg\/","title":{"rendered":"SecureX GasShield \u2013 Para gas natural y GLP"},"content":{"rendered":"<h2 data-start=\"203\" data-end=\"263\">SecureX GasShield: detector de gas inteligente para metano y GLP.<\/h2>\n<p data-start=\"265\" data-end=\"544\">SecureX GasShield es un <strong data-start=\"289\" data-end=\"323\">Detector de gas r\u00e1pido y fiable<\/strong> que protege hogares, casas de vacaciones y negocios contra fugas de gas peligrosas. Est\u00e1 desarrollado para la detecci\u00f3n temprana de ambos <strong data-start=\"442\" data-end=\"467\">gas natural (metano, CH\u2084)<\/strong> y <strong data-start=\"472\" data-end=\"487\">GLP (gas licuado de petr\u00f3leo)<\/strong> y advierte claramente antes de que el gas alcance niveles peligrosos.<\/p>\n<p data-start=\"546\" data-end=\"747\">Cuando se detecta gas, <strong data-start=\"577\" data-end=\"608\">Sonido de alarma fuerte de \u226580 dB<\/strong> junto con un indicador LED claro. Al mismo tiempo, la alarma se env\u00eda a <strong data-start=\"687\" data-end=\"705\">Centro SecureX<\/strong>, que gestiona la alarma de forma centralizada en el sistema.<\/p>\n<p data-start=\"749\" data-end=\"878\">Todos los eventos y notificaciones se muestran en <strong data-start=\"784\" data-end=\"810\">La aplicaci\u00f3n Stonehouse Smart<\/strong>, donde obtienes control total e informaci\u00f3n en tiempo real directamente en tu tel\u00e9fono m\u00f3vil.<\/p>\n<hr data-start=\"880\" data-end=\"883\" \/>\n<h3 data-start=\"885\" data-end=\"930\">Respuesta r\u00e1pida gracias a la tecnolog\u00eda de sensores avanzada.<\/h3>\n<p data-start=\"931\" data-end=\"1191\">GasShield utiliza <strong data-start=\"950\" data-end=\"980\">tecnolog\u00eda de difusi\u00f3n avanzada<\/strong> Para reaccionar r\u00e1pidamente ante una fuga de gas, antes de que este se acumule y provoque un incendio o una explosi\u00f3n. Esto hace que el sensor sea especialmente adecuado para entornos donde se utiliza gas a diario o donde la supervisi\u00f3n no es constante.<\/p>\n<hr data-start=\"1193\" data-end=\"1196\" \/>\n<h3 data-start=\"1198\" data-end=\"1255\">Integraci\u00f3n con SecureX: m\u00e1s que una simple alarma local.<\/h3>\n<p data-start=\"1256\" data-end=\"1385\">SecureX GasShield se puede usar de forma independiente como un detector de gas local, pero obtiene la m\u00e1xima funcionalidad cuando se conecta a <strong data-start=\"1366\" data-end=\"1384\">Centro SecureX<\/strong>.<\/p>\n<p data-start=\"1387\" data-end=\"1405\">A trav\u00e9s del hub obtienes:<\/p>\n<ul data-start=\"1406\" data-end=\"1584\">\n<li data-start=\"1406\" data-end=\"1431\">\n<p data-start=\"1408\" data-end=\"1431\">gesti\u00f3n centralizada de alarmas<\/p>\n<\/li>\n<li data-start=\"1432\" data-end=\"1484\">\n<p data-start=\"1434\" data-end=\"1484\">Notificaciones push en tiempo real a trav\u00e9s de la aplicaci\u00f3n Stonehouse Smart.<\/p>\n<\/li>\n<li data-start=\"1485\" data-end=\"1546\">\n<p data-start=\"1487\" data-end=\"1546\">Posibilidad de combinar alarmas de gas con otros dispositivos SecureX.<\/p>\n<\/li>\n<li data-start=\"1547\" data-end=\"1584\">\n<p data-start=\"1549\" data-end=\"1584\">apoyo para acciones adicionales en caso de alarmas<\/p>\n<\/li>\n<\/ul>\n<p data-start=\"1586\" data-end=\"1676\">Para mayor flexibilidad, compatibilidad con <strong data-start=\"1633\" data-end=\"1675\">Tuya y Smart Life a trav\u00e9s del hub SecureX<\/strong>.<\/p>\n<hr data-start=\"1678\" data-end=\"1681\" \/>\n<h3 data-start=\"1683\" data-end=\"1730\">Salida de rel\u00e9 para control de seguridad autom\u00e1tico<\/h3>\n<p data-start=\"1731\" data-end=\"1840\">GasShield est\u00e1 equipado con <strong data-start=\"1757\" data-end=\"1786\">Salida de rel\u00e9 (12V \/ 300 mA)<\/strong> lo que permite controlar autom\u00e1ticamente, por ejemplo:<\/p>\n<ul data-start=\"1841\" data-end=\"1923\">\n<li data-start=\"1841\" data-end=\"1876\">\n<p data-start=\"1843\" data-end=\"1876\">V\u00e1lvula solenoide para el cierre de gas<\/p>\n<\/li>\n<li data-start=\"1877\" data-end=\"1893\">\n<p data-start=\"1879\" data-end=\"1893\">sirena exterior<\/p>\n<\/li>\n<li data-start=\"1894\" data-end=\"1923\">\n<p data-start=\"1896\" data-end=\"1923\">otros equipos de seguridad<\/p>\n<\/li>\n<\/ul>\n<p data-start=\"1925\" data-end=\"2000\">Esto proporciona una protecci\u00f3n activa que puede reducir los da\u00f1os incluso con una detecci\u00f3n temprana.<\/p>\n<hr data-start=\"2002\" data-end=\"2005\" \/>\n<h3 data-start=\"2007\" data-end=\"2042\">Funcionamiento estable y larga vida \u00fatil.<\/h3>\n<p data-start=\"2043\" data-end=\"2248\">GasShield funciona con <strong data-start=\"2063\" data-end=\"2089\">Micro USB (CC 5V \/ 1A)<\/strong> para un funcionamiento estable y continuo. El sensor tiene un bajo consumo de energ\u00eda y un <strong data-start=\"2165\" data-end=\"2201\">Vida \u00fatil del sensor de hasta 5 a\u00f1os.<\/strong>, que proporciona un funcionamiento duradero y fiable.<\/p>\n<hr data-start=\"2250\" data-end=\"2253\" \/>\n<h3 data-start=\"2255\" data-end=\"2277\">Ventajas en resumen<\/h3>\n<ul data-start=\"2278\" data-end=\"2670\">\n<li data-start=\"2278\" data-end=\"2324\">\n<p data-start=\"2280\" data-end=\"2324\">Detecta gas natural (metano) y GLP (gas licuado de petr\u00f3leo).<\/p>\n<\/li>\n<li data-start=\"2325\" data-end=\"2380\">\n<p data-start=\"2327\" data-end=\"2380\">Reacci\u00f3n r\u00e1pida gracias a la avanzada tecnolog\u00eda de difusi\u00f3n.<\/p>\n<\/li>\n<li data-start=\"2381\" data-end=\"2425\">\n<p data-start=\"2383\" data-end=\"2425\">Alarma sonora potente \u226580 dB + indicador LED<\/p>\n<\/li>\n<li data-start=\"2426\" data-end=\"2460\">\n<p data-start=\"2428\" data-end=\"2460\">Integraci\u00f3n con el hub SecureX<\/p>\n<\/li>\n<li data-start=\"2461\" data-end=\"2507\">\n<p data-start=\"2463\" data-end=\"2507\">Notificaciones en tiempo real a trav\u00e9s de la aplicaci\u00f3n Stonehouse Smart.<\/p>\n<\/li>\n<li data-start=\"2508\" data-end=\"2557\">\n<p data-start=\"2510\" data-end=\"2557\">Salida de rel\u00e9 para control de v\u00e1lvula o seguridad<\/p>\n<\/li>\n<li data-start=\"2558\" data-end=\"2598\">\n<p data-start=\"2560\" data-end=\"2598\">Funcionamiento USB estable con bajo consumo<\/p>\n<\/li>\n<li data-start=\"2599\" data-end=\"2639\">\n<p data-start=\"2601\" data-end=\"2639\">Larga vida \u00fatil del sensor: hasta 5 a\u00f1os.<\/p>\n<\/li>\n<li data-start=\"2640\" data-end=\"2670\">\n<p data-start=\"2642\" data-end=\"2670\">Dise\u00f1o compacto y discreto<\/p>\n<\/li>\n<\/ul>\n<hr data-start=\"2672\" data-end=\"2675\" \/>\n<h3 data-start=\"2677\" data-end=\"2707\">Usos t\u00edpicos<\/h3>\n<ul data-start=\"2708\" data-end=\"2837\">\n<li data-start=\"2708\" data-end=\"2733\">\n<p data-start=\"2710\" data-end=\"2733\">Villas y apartamentos<\/p>\n<\/li>\n<li data-start=\"2734\" data-end=\"2767\">\n<p data-start=\"2736\" data-end=\"2767\">Cocinas, restaurantes y salas de calderas<\/p>\n<\/li>\n<li data-start=\"2768\" data-end=\"2801\">\n<p data-start=\"2770\" data-end=\"2801\">Garaje, s\u00f3tano y sala t\u00e9cnica<\/p>\n<\/li>\n<li data-start=\"2802\" data-end=\"2837\">\n<p data-start=\"2804\" data-end=\"2837\">Caravanas, casas de vacaciones y barcos<\/p>\n<\/li>\n<\/ul>\n<hr data-start=\"2839\" data-end=\"2842\" \/>\n<h3 data-start=\"2844\" data-end=\"2869\">Especificaciones t\u00e9cnicas<\/h3>\n<ul data-start=\"2870\" data-end=\"3337\">\n<li data-start=\"2870\" data-end=\"2914\">\n<p data-start=\"2872\" data-end=\"2914\">Fuente de alimentaci\u00f3n: CC 5V\/1A (Micro USB)<\/p>\n<\/li>\n<li data-start=\"2915\" data-end=\"2939\">\n<p data-start=\"2917\" data-end=\"2939\">Consumo: &lt;170 mA<\/p>\n<\/li>\n<li data-start=\"2940\" data-end=\"2985\">\n<p data-start=\"2942\" data-end=\"2985\">Detecci\u00f3n de gases: Gas natural (CH\u2084), GLP (gasolina)<\/p>\n<\/li>\n<li data-start=\"2986\" data-end=\"3012\">\n<p data-start=\"2988\" data-end=\"3012\">Nivel de alarma: \u226580 dB + LED<\/p>\n<\/li>\n<li data-start=\"3013\" data-end=\"3041\">\n<p data-start=\"3015\" data-end=\"3041\">Tiempo de respuesta: \u226430 segundos<\/p>\n<\/li>\n<li data-start=\"3042\" data-end=\"3084\">\n<p data-start=\"3044\" data-end=\"3084\">Salida del rel\u00e9: 12 V \/ 300 mA (15 segundos)<\/p>\n<\/li>\n<li data-start=\"3085\" data-end=\"3139\">\n<p data-start=\"3087\" data-end=\"3139\">Comunicaci\u00f3n: 433 MHz (EV1527), codificada para SecureX<\/p>\n<\/li>\n<li data-start=\"3140\" data-end=\"3180\">\n<p data-start=\"3142\" data-end=\"3180\">Temperatura de funcionamiento: de -10 \u00b0C a +55 \u00b0C<\/p>\n<\/li>\n<li data-start=\"3181\" data-end=\"3237\">\n<p data-start=\"3183\" data-end=\"3237\">Humedad relativa: &lt;95% HR (sin condensaci\u00f3n)<\/p>\n<\/li>\n<li data-start=\"3238\" data-end=\"3274\">\n<p data-start=\"3240\" data-end=\"3274\">Tiempo de calentamiento: aproximadamente 180 segundos<\/p>\n<\/li>\n<li data-start=\"3275\" data-end=\"3309\">\n<p data-start=\"3277\" data-end=\"3309\">Vida \u00fatil del sensor: Hasta 5 a\u00f1os<\/p>\n<\/li>\n<li data-start=\"3310\" data-end=\"3337\">\n<p data-start=\"3312\" data-end=\"3337\">Dimensiones: 86 \u00d7 86 \u00d7 24,5 mm<\/p>\n<\/li>\n<\/ul>","protected":false},"excerpt":{"rendered":"<p>Detector de gas inteligente que alerta sobre <strong data-start=\"2215\" data-end=\"2237\">gas natural y GLP<\/strong> con sonido \u226580 dB y LED.<\/p>\n<p>Se conecta al hub SecureX y a la aplicaci\u00f3n Stonehouse Smart para recibir notificaciones m\u00f3viles.<\/p>","protected":false},"featured_media":4730,"template":"","meta":{"_acf_changed":false,"inline_featured_image":false,"site-sidebar-layout":"default","site-content-layout":"","ast-site-content-layout":"default","site-content-style":"default","site-sidebar-style":"default","ast-global-header-display":"","ast-banner-title-visibility":"","ast-main-header-display":"","ast-hfb-above-header-display":"","ast-hfb-below-header-display":"","ast-hfb-mobile-header-display":"","site-post-title":"","ast-breadcrumbs-content":"","ast-featured-img":"","footer-sml-layout":"","ast-disable-related-posts":"","theme-transparent-header-meta":"default","adv-header-id-meta":"","stick-header-meta":"","header-above-stick-meta":"","header-main-stick-meta":"","header-below-stick-meta":"","astra-migrate-meta-layouts":"set","ast-page-background-enabled":"default","ast-page-background-meta":{"desktop":{"background-color":"","background-image":"","background-repeat":"repeat","background-position":"center center","background-size":"auto","background-attachment":"scroll","background-type":"","background-media":"","overlay-type":"","overlay-color":"","overlay-opacity":"","overlay-gradient":""},"tablet":{"background-color":"","background-image":"","background-repeat":"repeat","background-position":"center center","background-size":"auto","background-attachment":"scroll","background-type":"","background-media":"","overlay-type":"","overlay-color":"","overlay-opacity":"","overlay-gradient":""},"mobile":{"background-color":"","background-image":"","background-repeat":"repeat","background-position":"center center","background-size":"auto","background-attachment":"scroll","background-type":"","background-media":"","overlay-type":"","overlay-color":"","overlay-opacity":"","overlay-gradient":""}},"ast-content-background-meta":{"desktop":{"background-color":"var(--ast-global-color-5)","background-image":"","background-repeat":"repeat","background-position":"center center","background-size":"auto","background-attachment":"scroll","background-type":"","background-media":"","overlay-type":"","overlay-color":"","overlay-opacity":"","overlay-gradient":""},"tablet":{"background-color":"var(--ast-global-color-5)","background-image":"","background-repeat":"repeat","background-position":"center center","background-size":"auto","background-attachment":"scroll","background-type":"","background-media":"","overlay-type":"","overlay-color":"","overlay-opacity":"","overlay-gradient":""},"mobile":{"background-color":"var(--ast-global-color-5)","background-image":"","background-repeat":"repeat","background-position":"center center","background-size":"auto","background-attachment":"scroll","background-type":"","background-media":"","overlay-type":"","overlay-color":"","overlay-opacity":"","overlay-gradient":""}}},"product_brand":[233],"product_cat":[48,50],"product_tag":[],"class_list":{"0":"post-4242","1":"product","2":"type-product","3":"status-publish","4":"has-post-thumbnail","6":"product_brand-connect-pro","7":"product_cat-securex-smart-alarm","8":"product_cat-sensorer-brand-vatten","9":"pa_brands-securex","10":"desktop-align-left","11":"tablet-align-center","12":"mobile-align-center","14":"first","15":"instock","16":"shipping-taxable","17":"product-type-simple"},"acf":[],"_links":{"self":[{"href":"https:\/\/stonehousesmart.se\/es\/wp-json\/wp\/v2\/product\/4242","targetHints":{"allow":["GET"]}}],"collection":[{"href":"https:\/\/stonehousesmart.se\/es\/wp-json\/wp\/v2\/product"}],"about":[{"href":"https:\/\/stonehousesmart.se\/es\/wp-json\/wp\/v2\/types\/product"}],"wp:featuredmedia":[{"embeddable":true,"href":"https:\/\/stonehousesmart.se\/es\/wp-json\/wp\/v2\/media\/4730"}],"wp:attachment":[{"href":"https:\/\/stonehousesmart.se\/es\/wp-json\/wp\/v2\/media?parent=4242"}],"wp:term":[{"taxonomy":"product_brand","embeddable":true,"href":"https:\/\/stonehousesmart.se\/es\/wp-json\/wp\/v2\/product_brand?post=4242"},{"taxonomy":"product_cat","embeddable":true,"href":"https:\/\/stonehousesmart.se\/es\/wp-json\/wp\/v2\/product_cat?post=4242"},{"taxonomy":"product_tag","embeddable":true,"href":"https:\/\/stonehousesmart.se\/es\/wp-json\/wp\/v2\/product_tag?post=4242"}],"curies":[{"name":"wp","href":"https:\/\/api.w.org\/{rel}","templated":true}]}}