{"id":4408,"date":"2025-09-15T11:16:43","date_gmt":"2025-09-15T09:16:43","guid":{"rendered":"https:\/\/stonehousesmart.se\/product\/securex-inomhussiren-85-db-med-batteribackup-3\/"},"modified":"2026-03-27T14:46:36","modified_gmt":"2026-03-27T13:46:36","slug":"securex-sirenguard-inomhussiren-110-db","status":"publish","type":"product","link":"https:\/\/stonehousesmart.se\/es\/product\/securex-sirenguard-inomhussiren-110-db\/","title":{"rendered":"SecureX SirenGuard \u2013 Sirena de interior de 110 dB con luz estrobosc\u00f3pica (largo alcance)"},"content":{"rendered":"<h2 data-start=\"191\" data-end=\"269\">SecureX SirenGuard \u2013 kraftfull inomhussiren med Long Range (upp till 500 m)<\/h2>\n<p data-start=\"271\" data-end=\"574\">SecureX SirenGuard \u00e4r en <strong data-start=\"296\" data-end=\"335\">kraftfull och flexibel inomhussiren<\/strong> som f\u00f6rst\u00e4rker ditt SecureX-larmsystem med ett tydligt och effektivt ljudlarm p\u00e5 upp till <strong data-start=\"426\" data-end=\"436\">110 dB<\/strong>. Sirenen \u00e4r utvecklad f\u00f6r b\u00e5de bost\u00e4der och kommersiella milj\u00f6er d\u00e4r h\u00f6g ljudstyrka, stabil kommunikation och drifts\u00e4kerhet \u00e4r avg\u00f6rande.<\/p>\n<p data-start=\"576\" data-end=\"850\">Con <strong data-start=\"580\" data-end=\"601\">Long Range-teknik<\/strong> f\u00e5r du stabil tr\u00e5dl\u00f6s kommunikation med upp till <strong data-start=\"651\" data-end=\"685\">Alcance de 500 metros en l\u00ednea de visi\u00f3n directa.<\/strong>, vilket g\u00f6r SirenGuard idealisk \u00e4ven i st\u00f6rre fastigheter. Systemet st\u00f6djer upp till <strong data-start=\"771\" data-end=\"785\">10 sirener<\/strong>, s\u00e5 att larmet h\u00f6rs tydligt i hela anl\u00e4ggningen vid en incident.<\/p>\n<hr data-start=\"852\" data-end=\"855\" \/>\n<h3 data-start=\"857\" data-end=\"897\">Anpassningsbar efter milj\u00f6 och behov<\/h3>\n<p data-start=\"898\" data-end=\"993\">SecureX SirenGuard kan enkelt justeras f\u00f6r att passa olika typer av installationer och milj\u00f6er.<\/p>\n<p data-start=\"995\" data-end=\"1015\">Du kan v\u00e4lja mellan:<\/p>\n<ul data-start=\"1016\" data-end=\"1096\">\n<li data-start=\"1016\" data-end=\"1035\">\n<p data-start=\"1018\" data-end=\"1035\"><strong data-start=\"1018\" data-end=\"1035\">5 volymniv\u00e5er<\/strong><\/p>\n<\/li>\n<li data-start=\"1036\" data-end=\"1062\">\n<p data-start=\"1038\" data-end=\"1062\"><strong data-start=\"1038\" data-end=\"1062\">2 olika larmsignaler<\/strong><\/p>\n<\/li>\n<li data-start=\"1063\" data-end=\"1096\">\n<p data-start=\"1065\" data-end=\"1096\"><strong data-start=\"1065\" data-end=\"1096\">4 inst\u00e4llningar f\u00f6r larmtid<\/strong><\/p>\n<\/li>\n<li data-start=\"1063\" data-end=\"1096\"><strong>La sirena dispone de una luz estrobosc\u00f3pica incorporada para indicaci\u00f3n visual.<\/strong><\/li>\n<\/ul>\n<p data-start=\"1098\" data-end=\"1193\">Detta g\u00f6r sirenen lika l\u00e4mplig i villor och l\u00e4genheter som i butiker, lager och kontorslokaler.<\/p>\n<hr data-start=\"1195\" data-end=\"1198\" \/>\n<h3 data-start=\"1200\" data-end=\"1236\">Batteribackup f\u00f6r extra trygghet<\/h3>\n<p data-start=\"1237\" data-end=\"1435\">SirenGuard \u00e4r utrustad med ett <strong data-start=\"1268\" data-end=\"1305\">inbyggt litiumbatteri p\u00e5 1000 mAh<\/strong>, vilket s\u00e4kerst\u00e4ller att sirenen forts\u00e4tter fungera \u00e4ven vid str\u00f6mavbrott. Laddning sker smidigt via <strong data-start=\"1407\" data-end=\"1434\">USB Type-C (DC 5V \/ 1A)<\/strong>.<\/p>\n<p data-start=\"1437\" data-end=\"1589\">Sirenen \u00e4r konstruerad f\u00f6r stabil drift i temperaturer fr\u00e5n <strong data-start=\"1497\" data-end=\"1519\">\u221220 \u00b0C till +50 \u00b0C<\/strong> och har en kompakt och diskret design som passar i de flesta milj\u00f6er.<\/p>\n<hr data-start=\"1591\" data-end=\"1594\" \/>\n<h3 data-start=\"1596\" data-end=\"1626\">Parte del sistema SecureX<\/h3>\n<p data-start=\"1627\" data-end=\"1734\">SecureX SirenGuard \u00e4r en systemkomponent f\u00f6r SecureX och anv\u00e4nds alltid tillsammans med <strong data-start=\"1715\" data-end=\"1733\">Centro SecureX<\/strong>.<\/p>\n<ul data-start=\"1736\" data-end=\"1930\">\n<li data-start=\"1736\" data-end=\"1775\">\n<p data-start=\"1738\" data-end=\"1775\">La sirena se conecta al hub SecureX.<\/p>\n<\/li>\n<li data-start=\"1776\" data-end=\"1813\">\n<p data-start=\"1778\" data-end=\"1813\">All larmhantering sker via hubben<\/p>\n<\/li>\n<li data-start=\"1814\" data-end=\"1894\">\n<p data-start=\"1816\" data-end=\"1894\">Compatibilidad con <strong data-start=\"1835\" data-end=\"1892\">Stonehouse Smart, Tuya och Smart Life sker via hubben<\/strong><\/p>\n<\/li>\n<li data-start=\"1895\" data-end=\"1930\">\n<p data-start=\"1897\" data-end=\"1930\">La sirena no se utiliza de forma independiente.<\/p>\n<\/li>\n<\/ul>\n<hr data-start=\"1932\" data-end=\"1935\" \/>\n<h3 data-start=\"1937\" data-end=\"1959\">Ventajas en resumen<\/h3>\n<ul data-start=\"1960\" data-end=\"2253\">\n<li data-start=\"1960\" data-end=\"1997\">\n<p data-start=\"1962\" data-end=\"1997\">Kraftigt ljudlarm upp till 110 dB<\/p>\n<\/li>\n<li data-start=\"1998\" data-end=\"2054\">\n<p data-start=\"2000\" data-end=\"2054\">Long Range-kommunikation med upp till 500 m r\u00e4ckvidd<\/p>\n<\/li>\n<li data-start=\"2055\" data-end=\"2083\">\n<p data-start=\"2057\" data-end=\"2083\">5 niveles de volumen ajustables<\/p>\n<\/li>\n<li data-start=\"2084\" data-end=\"2118\">\n<p data-start=\"2086\" data-end=\"2118\">2 larmsignaler och 4 larmtider<\/p>\n<\/li>\n<li data-start=\"2119\" data-end=\"2166\">\n<p data-start=\"2121\" data-end=\"2166\">St\u00f6d f\u00f6r upp till 10 sirener i samma system<\/p>\n<\/li>\n<li data-start=\"2167\" data-end=\"2204\">\n<p data-start=\"2169\" data-end=\"2204\">Inbyggt 1000 mAh batteri (backup)<\/p>\n<\/li>\n<li data-start=\"2205\" data-end=\"2223\">\n<p data-start=\"2207\" data-end=\"2223\">USB-C-laddning<\/p>\n<\/li>\n<li data-start=\"2224\" data-end=\"2253\">\n<p data-start=\"2226\" data-end=\"2253\">Kompakt och robust design<\/p>\n<\/li>\n<\/ul>\n<hr data-start=\"2255\" data-end=\"2258\" \/>\n<h3 data-start=\"2260\" data-end=\"2290\">Usos t\u00edpicos<\/h3>\n<ul data-start=\"2291\" data-end=\"2401\">\n<li data-start=\"2291\" data-end=\"2316\">\n<p data-start=\"2293\" data-end=\"2316\">Villas y apartamentos<\/p>\n<\/li>\n<li data-start=\"2317\" data-end=\"2345\">\n<p data-start=\"2319\" data-end=\"2345\">Kommersiella fastigheter<\/p>\n<\/li>\n<li data-start=\"2346\" data-end=\"2367\">\n<p data-start=\"2348\" data-end=\"2367\">Butiker och lager<\/p>\n<\/li>\n<li data-start=\"2368\" data-end=\"2401\">\n<p data-start=\"2370\" data-end=\"2401\">Avancerade larminstallationer<\/p>\n<\/li>\n<\/ul>\n<hr data-start=\"2403\" data-end=\"2406\" \/>\n<h3 data-start=\"2408\" data-end=\"2433\">Especificaciones t\u00e9cnicas<\/h3>\n<ul data-start=\"2434\" data-end=\"2786\">\n<li data-start=\"2434\" data-end=\"2479\">\n<p data-start=\"2436\" data-end=\"2479\">Str\u00f6mf\u00f6rs\u00f6rjning: DC 5V \/ 1A (USB Type-C)<\/p>\n<\/li>\n<li data-start=\"2480\" data-end=\"2516\">\n<p data-start=\"2482\" data-end=\"2516\">Batteri: 3,7 V \/ 1000 mAh litium<\/p>\n<\/li>\n<li data-start=\"2517\" data-end=\"2548\">\n<p data-start=\"2519\" data-end=\"2548\">Ljudstyrka: Upp till 110 dB<\/p>\n<\/li>\n<li data-start=\"2549\" data-end=\"2570\">\n<p data-start=\"2551\" data-end=\"2570\">Volymniv\u00e5er: 5 st<\/p>\n<\/li>\n<li data-start=\"2571\" data-end=\"2598\">\n<p data-start=\"2573\" data-end=\"2598\">Larml\u00e4gen: 4 alternativ<\/p>\n<\/li>\n<li data-start=\"2599\" data-end=\"2622\">\n<p data-start=\"2601\" data-end=\"2622\">Toner: 2 alternativ<\/p>\n<\/li>\n<li data-start=\"2623\" data-end=\"2672\">\n<p data-start=\"2625\" data-end=\"2672\">Tecnolog\u00eda inal\u00e1mbrica: Largo alcance, codificaci\u00f3n SecureX<\/p>\n<\/li>\n<li data-start=\"2673\" data-end=\"2715\">\n<p data-start=\"2675\" data-end=\"2715\">Alcance: Hasta aproximadamente 500 m (en l\u00ednea de visi\u00f3n)<\/p>\n<\/li>\n<li data-start=\"2716\" data-end=\"2756\">\n<p data-start=\"2718\" data-end=\"2756\">Temperatura de funcionamiento: de -20 \u00b0C a +50 \u00b0C<\/p>\n<\/li>\n<li data-start=\"2757\" data-end=\"2786\">\n<p data-start=\"2759\" data-end=\"2786\">M\u00e5tt: 135 \u00d7 100 \u00d7 27,5 mm<\/p>\n<\/li>\n<\/ul>\n<hr data-start=\"2788\" data-end=\"2791\" \/>\n<h3 data-start=\"2793\" data-end=\"2813\">Contenido del env\u00edo<\/h3>\n<ul data-start=\"2814\" data-end=\"2966\">\n<li data-start=\"2814\" data-end=\"2855\">\n<p data-start=\"2816\" data-end=\"2855\">SecureX SirenGuard inomhussiren: 1 st<\/p>\n<\/li>\n<li data-start=\"2856\" data-end=\"2886\">\n<p data-start=\"2858\" data-end=\"2886\">Placa de montaje en pared: 1 unidad<\/p>\n<\/li>\n<li data-start=\"2887\" data-end=\"2904\">\n<p data-start=\"2889\" data-end=\"2904\">Tornillos: 4 unidades<\/p>\n<\/li>\n<li data-start=\"2905\" data-end=\"2920\">\n<p data-start=\"2907\" data-end=\"2920\">Enchufe: 4 piezas<\/p>\n<\/li>\n<li data-start=\"2921\" data-end=\"2949\">\n<p data-start=\"2923\" data-end=\"2949\">USB-C str\u00f6madapter: 1 st<\/p>\n<\/li>\n<li data-start=\"2950\" data-end=\"2966\">\n<p data-start=\"2952\" data-end=\"2966\">Manual: 1 unidad<\/p>\n<\/li>\n<\/ul>","protected":false},"excerpt":{"rendered":"<p>La sirena de interior SecureX con protocolo de largo alcance proporciona un potente sonido de 110 dB y tiene un volumen ajustable en cinco niveles.<\/p>\n<p>La sirena dispone de una luz estrobosc\u00f3pica incorporada para indicaci\u00f3n visual.<\/p>\n<p>Equipado con una bater\u00eda recargable, m\u00faltiples modos de alarma y comunicaci\u00f3n fiable a larga distancia.<\/p>","protected":false},"featured_media":4695,"template":"","meta":{"_acf_changed":false,"inline_featured_image":false,"site-sidebar-layout":"default","site-content-layout":"","ast-site-content-layout":"default","site-content-style":"default","site-sidebar-style":"default","ast-global-header-display":"","ast-banner-title-visibility":"","ast-main-header-display":"","ast-hfb-above-header-display":"","ast-hfb-below-header-display":"","ast-hfb-mobile-header-display":"","site-post-title":"","ast-breadcrumbs-content":"","ast-featured-img":"","footer-sml-layout":"","ast-disable-related-posts":"","theme-transparent-header-meta":"default","adv-header-id-meta":"","stick-header-meta":"","header-above-stick-meta":"","header-main-stick-meta":"","header-below-stick-meta":"","astra-migrate-meta-layouts":"set","ast-page-background-enabled":"default","ast-page-background-meta":{"desktop":{"background-color":"","background-image":"","background-repeat":"repeat","background-position":"center center","background-size":"auto","background-attachment":"scroll","background-type":"","background-media":"","overlay-type":"","overlay-color":"","overlay-opacity":"","overlay-gradient":""},"tablet":{"background-color":"","background-image":"","background-repeat":"repeat","background-position":"center center","background-size":"auto","background-attachment":"scroll","background-type":"","background-media":"","overlay-type":"","overlay-color":"","overlay-opacity":"","overlay-gradient":""},"mobile":{"background-color":"","background-image":"","background-repeat":"repeat","background-position":"center center","background-size":"auto","background-attachment":"scroll","background-type":"","background-media":"","overlay-type":"","overlay-color":"","overlay-opacity":"","overlay-gradient":""}},"ast-content-background-meta":{"desktop":{"background-color":"var(--ast-global-color-5)","background-image":"","background-repeat":"repeat","background-position":"center center","background-size":"auto","background-attachment":"scroll","background-type":"","background-media":"","overlay-type":"","overlay-color":"","overlay-opacity":"","overlay-gradient":""},"tablet":{"background-color":"var(--ast-global-color-5)","background-image":"","background-repeat":"repeat","background-position":"center center","background-size":"auto","background-attachment":"scroll","background-type":"","background-media":"","overlay-type":"","overlay-color":"","overlay-opacity":"","overlay-gradient":""},"mobile":{"background-color":"var(--ast-global-color-5)","background-image":"","background-repeat":"repeat","background-position":"center center","background-size":"auto","background-attachment":"scroll","background-type":"","background-media":"","overlay-type":"","overlay-color":"","overlay-opacity":"","overlay-gradient":""}}},"product_brand":[233],"product_cat":[48,65],"product_tag":[],"class_list":{"0":"post-4408","1":"product","2":"type-product","3":"status-publish","4":"has-post-thumbnail","6":"product_brand-connect-pro","7":"product_cat-securex-smart-alarm","8":"product_cat-sirener","9":"pa_brands-securex-connect-pro","10":"pa_brands-stonehouse-smart","11":"desktop-align-left","12":"tablet-align-center","13":"mobile-align-center","15":"first","16":"instock","17":"shipping-taxable","18":"product-type-simple"},"acf":[],"_links":{"self":[{"href":"https:\/\/stonehousesmart.se\/es\/wp-json\/wp\/v2\/product\/4408","targetHints":{"allow":["GET"]}}],"collection":[{"href":"https:\/\/stonehousesmart.se\/es\/wp-json\/wp\/v2\/product"}],"about":[{"href":"https:\/\/stonehousesmart.se\/es\/wp-json\/wp\/v2\/types\/product"}],"wp:featuredmedia":[{"embeddable":true,"href":"https:\/\/stonehousesmart.se\/es\/wp-json\/wp\/v2\/media\/4695"}],"wp:attachment":[{"href":"https:\/\/stonehousesmart.se\/es\/wp-json\/wp\/v2\/media?parent=4408"}],"wp:term":[{"taxonomy":"product_brand","embeddable":true,"href":"https:\/\/stonehousesmart.se\/es\/wp-json\/wp\/v2\/product_brand?post=4408"},{"taxonomy":"product_cat","embeddable":true,"href":"https:\/\/stonehousesmart.se\/es\/wp-json\/wp\/v2\/product_cat?post=4408"},{"taxonomy":"product_tag","embeddable":true,"href":"https:\/\/stonehousesmart.se\/es\/wp-json\/wp\/v2\/product_tag?post=4408"}],"curies":[{"name":"wp","href":"https:\/\/api.w.org\/{rel}","templated":true}]}}