{"id":4155,"date":"2025-09-15T11:16:45","date_gmt":"2025-09-15T09:16:45","guid":{"rendered":"https:\/\/stonehousesmart.se\/product\/securex-aquaguard-upptacker-vattenlackor-tidigt\/"},"modified":"2026-03-27T14:38:59","modified_gmt":"2026-03-27T13:38:59","slug":"securex-aquaguard-tradlos-vattendetektor","status":"publish","type":"product","link":"https:\/\/stonehousesmart.se\/fi\/product\/securex-aquaguard-tradlos-vattendetektor\/","title":{"rendered":"SecureX AquaGuard \u2013 Langaton vedenilmaisin"},"content":{"rendered":"<h2 data-start=\"206\" data-end=\"281\">SecureX AquaGuard \u2013 langaton vedenilmaisin vuotojen varhaiseen varoittamiseen<\/h2>\n<p data-start=\"283\" data-end=\"562\">SecureX AquaGuard on luotettava ja helposti asennettava langaton vesivaroitin, joka tarjoaa <strong data-start=\"367\" data-end=\"405\">v\u00e4lit\u00f6n varoitus vesivuodoista<\/strong>. Se on suunniteltu havaitsemaan vesi varhaisessa vaiheessa ja siten v\u00e4hent\u00e4m\u00e4\u00e4n kalliiden vesivahinkojen riski\u00e4 kodeissa, loma-asunnoissa ja liiketiloissa.<\/p>\n<p data-start=\"564\" data-end=\"671\">Kun AquaGuard joutuu kosketuksiin veden kanssa, h\u00e4lytys l\u00e4hetet\u00e4\u00e4n suoraan <strong data-start=\"633\" data-end=\"651\">SecureX-keskus<\/strong>, mik\u00e4 puolestaan voi:<\/p>\n<ul data-start=\"672\" data-end=\"813\">\n<li data-start=\"672\" data-end=\"700\">\n<p data-start=\"674\" data-end=\"700\">aktivoi h\u00e4lytys j\u00e4rjestelm\u00e4ss\u00e4<\/p>\n<\/li>\n<li data-start=\"701\" data-end=\"764\">\n<p data-start=\"703\" data-end=\"764\">l\u00e4hett\u00e4\u00e4 push-ilmoituksia reaaliajassa kautta <strong data-start=\"736\" data-end=\"762\">Stonehouse Smart -sovellus<\/strong><\/p>\n<\/li>\n<li data-start=\"765\" data-end=\"813\">\n<p data-start=\"767\" data-end=\"813\">k\u00e4ynnist\u00e4\u00e4 lis\u00e4toimintoja SecureX-j\u00e4rjestelm\u00e4ss\u00e4si<\/p>\n<\/li>\n<\/ul>\n<p data-start=\"815\" data-end=\"1004\">Anturi toimii <strong data-start=\"832\" data-end=\"865\">paikallisesti yhdess\u00e4 keskuksen kanssa<\/strong>, mik\u00e4 tarkoittaa, ett\u00e4 itse vesih\u00e4lytin toimii my\u00f6s ilman interneti\u00e4. Internetti\u00e4 tarvitaan vain ilmoituksiin, et\u00e4k\u00e4ytt\u00f6\u00f6n ja sovelluksen historiaan.<\/p>\n<hr data-start=\"1006\" data-end=\"1009\" \/>\n<h3 data-start=\"1011\" data-end=\"1065\">Helppo sijoittaa \u2013 suojaa siell\u00e4 miss\u00e4 sit\u00e4 todella tarvitaan<\/h3>\n<p data-start=\"1066\" data-end=\"1156\">SecureX AquaGuard sijoitetaan suoraan lattialle kohtaan, jossa vesivuotoja esiintyy useimmiten, esimerkiksi:<\/p>\n<ul data-start=\"1157\" data-end=\"1296\">\n<li data-start=\"1157\" data-end=\"1175\">\n<p data-start=\"1159\" data-end=\"1175\">lavuaarin alla<\/p>\n<\/li>\n<li data-start=\"1176\" data-end=\"1212\">\n<p data-start=\"1178\" data-end=\"1212\">astianpesukoneessa tai pyykinpesukoneessa<\/p>\n<\/li>\n<li data-start=\"1213\" data-end=\"1251\">\n<p data-start=\"1215\" data-end=\"1251\">kellareissa, kattilahuoneissa tai teknisiss\u00e4 tiloissa<\/p>\n<\/li>\n<li data-start=\"1252\" data-end=\"1296\">\n<p data-start=\"1254\" data-end=\"1296\">loma-asunnoissa, joissa valvontaa on harvemmin<\/p>\n<\/li>\n<\/ul>\n<p data-start=\"1298\" data-end=\"1414\">Asennus on t\u00e4ysin langaton eik\u00e4 vaadi ty\u00f6kaluja. Anturi on helppo kiinnitt\u00e4\u00e4 mukana tulevalla kaksipuolisella teipill\u00e4.<\/p>\n<hr data-start=\"1416\" data-end=\"1419\" \/>\n<h3 data-start=\"1421\" data-end=\"1465\">Vakaa tiedonsiirto ja pitk\u00e4 akunkesto<\/h3>\n<p data-start=\"1466\" data-end=\"1734\">AquaGuard kommunikoi langattomasti <strong data-start=\"1502\" data-end=\"1522\">433 MHz (EV1527)<\/strong> SecureX-keskittimen kanssa ja sill\u00e4 on jopa <strong data-start=\"1559\" data-end=\"1593\">100 metrin kantama esteett\u00f6m\u00e4ss\u00e4 n\u00e4k\u00f6yhteydess\u00e4<\/strong>. Se toimii <strong data-start=\"1608\" data-end=\"1636\">2 \u00d7 AA-paristoa (DC 3V)<\/strong> ja sen virrankulutus on eritt\u00e4in alhainen, mik\u00e4 takaa pitk\u00e4n akunkeston ja luotettavan toiminnan ajan kuluessa.<\/p>\n<p data-start=\"1736\" data-end=\"1766\">Selke\u00e4 LED-merkkivalo n\u00e4ytt\u00e4\u00e4:<\/p>\n<ul data-start=\"1767\" data-end=\"1830\">\n<li data-start=\"1767\" data-end=\"1781\">\n<p data-start=\"1769\" data-end=\"1781\">h\u00e4lytystila<\/p>\n<\/li>\n<li data-start=\"1782\" data-end=\"1801\">\n<p data-start=\"1784\" data-end=\"1801\">akun varaustaso on alhainen<\/p>\n<\/li>\n<li data-start=\"1802\" data-end=\"1830\">\n<p data-start=\"1804\" data-end=\"1830\">k\u00e4ynnistys- ja toimintatila<\/p>\n<\/li>\n<\/ul>\n<hr data-start=\"1832\" data-end=\"1835\" \/>\n<h3 data-start=\"1837\" data-end=\"1867\">Osa SecureX-j\u00e4rjestelm\u00e4\u00e4<\/h3>\n<p data-start=\"1868\" data-end=\"1973\">SecureX AquaGuard on SecureX:n anturi, jota k\u00e4ytet\u00e4\u00e4n yhdess\u00e4 SecureX-keskittimen kanssa. Keskittimen kautta saat:<\/p>\n<ul data-start=\"1974\" data-end=\"2107\">\n<li data-start=\"1974\" data-end=\"2003\">\n<p data-start=\"1976\" data-end=\"2003\">keskush\u00e4lytysten hallinta<\/p>\n<\/li>\n<li data-start=\"2004\" data-end=\"2040\">\n<p data-start=\"2006\" data-end=\"2040\">ilmoitukset Stonehouse Smart -sovelluksessa<\/p>\n<\/li>\n<li data-start=\"2041\" data-end=\"2107\">\n<p data-start=\"2043\" data-end=\"2107\">mahdollisuus yhdist\u00e4\u00e4 vesih\u00e4lyttimi\u00e4 muihin SecureX-antureihin<\/p>\n<\/li>\n<\/ul>\n<hr data-start=\"2109\" data-end=\"2112\" \/>\n<h3 data-start=\"2114\" data-end=\"2136\">Edut lyhyesti<\/h3>\n<ul data-start=\"2137\" data-end=\"2424\">\n<li data-start=\"2137\" data-end=\"2171\">\n<p data-start=\"2139\" data-end=\"2171\">Vesivuotojen varhainen havaitseminen<\/p>\n<\/li>\n<li data-start=\"2172\" data-end=\"2210\">\n<p data-start=\"2174\" data-end=\"2210\">Toimii paikallisesti my\u00f6s ilman interneti\u00e4<\/p>\n<\/li>\n<li data-start=\"2211\" data-end=\"2257\">\n<p data-start=\"2213\" data-end=\"2257\">Reaaliaikaiset ilmoitukset Stonehouse Smart -sovelluksen kautta<\/p>\n<\/li>\n<li data-start=\"2258\" data-end=\"2293\">\n<p data-start=\"2260\" data-end=\"2293\">Langaton tiedonsiirto (433 MHz)<\/p>\n<\/li>\n<li data-start=\"2294\" data-end=\"2332\">\n<p data-start=\"2296\" data-end=\"2332\">Helppo asennus ilman johdotusta<\/p>\n<\/li>\n<li data-start=\"2333\" data-end=\"2377\">\n<p data-start=\"2335\" data-end=\"2377\">Alhainen virrankulutus ja pitk\u00e4 akunkesto<\/p>\n<\/li>\n<li data-start=\"2378\" data-end=\"2424\">\n<p data-start=\"2380\" data-end=\"2424\">Selke\u00e4 LED-merkkivalo h\u00e4lytykselle ja akulle<\/p>\n<\/li>\n<\/ul>\n<hr data-start=\"2426\" data-end=\"2429\" \/>\n<h3 data-start=\"2431\" data-end=\"2453\">Sopii t\u00e4ydellisesti<\/h3>\n<ul data-start=\"2454\" data-end=\"2586\">\n<li data-start=\"2454\" data-end=\"2479\">\n<p data-start=\"2456\" data-end=\"2479\">Huvilat ja huoneistot<\/p>\n<\/li>\n<li data-start=\"2480\" data-end=\"2511\">\n<p data-start=\"2482\" data-end=\"2511\">Loma-asunnot ja kes\u00e4m\u00f6kit<\/p>\n<\/li>\n<li data-start=\"2512\" data-end=\"2548\">\n<p data-start=\"2514\" data-end=\"2548\">Kellarit, kodinhoitohuoneet ja kattilahuoneet<\/p>\n<\/li>\n<li data-start=\"2549\" data-end=\"2586\">\n<p data-start=\"2551\" data-end=\"2586\">Yritykset, varastot ja tekniset tilat<\/p>\n<\/li>\n<\/ul>","protected":false},"excerpt":{"rendered":"<p><strong data-start=\"2052\" data-end=\"2114\">Langaton vesivahti vuotojen havaitsemiseen varhaisessa vaiheessa.<\/strong><br data-start=\"2114\" data-end=\"2117\" \/>Integroituu SecureX-keskittimeen, tarjoaa ilmoituksia sovelluksen kautta ja on helppo asentaa ilman johdotusta.<\/p>","protected":false},"featured_media":4722,"template":"","meta":{"_acf_changed":false,"inline_featured_image":false,"site-sidebar-layout":"default","site-content-layout":"","ast-site-content-layout":"default","site-content-style":"default","site-sidebar-style":"default","ast-global-header-display":"","ast-banner-title-visibility":"","ast-main-header-display":"","ast-hfb-above-header-display":"","ast-hfb-below-header-display":"","ast-hfb-mobile-header-display":"","site-post-title":"","ast-breadcrumbs-content":"","ast-featured-img":"","footer-sml-layout":"","ast-disable-related-posts":"","theme-transparent-header-meta":"default","adv-header-id-meta":"","stick-header-meta":"","header-above-stick-meta":"","header-main-stick-meta":"","header-below-stick-meta":"","astra-migrate-meta-layouts":"set","ast-page-background-enabled":"default","ast-page-background-meta":{"desktop":{"background-color":"","background-image":"","background-repeat":"repeat","background-position":"center center","background-size":"auto","background-attachment":"scroll","background-type":"","background-media":"","overlay-type":"","overlay-color":"","overlay-opacity":"","overlay-gradient":""},"tablet":{"background-color":"","background-image":"","background-repeat":"repeat","background-position":"center center","background-size":"auto","background-attachment":"scroll","background-type":"","background-media":"","overlay-type":"","overlay-color":"","overlay-opacity":"","overlay-gradient":""},"mobile":{"background-color":"","background-image":"","background-repeat":"repeat","background-position":"center center","background-size":"auto","background-attachment":"scroll","background-type":"","background-media":"","overlay-type":"","overlay-color":"","overlay-opacity":"","overlay-gradient":""}},"ast-content-background-meta":{"desktop":{"background-color":"var(--ast-global-color-5)","background-image":"","background-repeat":"repeat","background-position":"center center","background-size":"auto","background-attachment":"scroll","background-type":"","background-media":"","overlay-type":"","overlay-color":"","overlay-opacity":"","overlay-gradient":""},"tablet":{"background-color":"var(--ast-global-color-5)","background-image":"","background-repeat":"repeat","background-position":"center center","background-size":"auto","background-attachment":"scroll","background-type":"","background-media":"","overlay-type":"","overlay-color":"","overlay-opacity":"","overlay-gradient":""},"mobile":{"background-color":"var(--ast-global-color-5)","background-image":"","background-repeat":"repeat","background-position":"center center","background-size":"auto","background-attachment":"scroll","background-type":"","background-media":"","overlay-type":"","overlay-color":"","overlay-opacity":"","overlay-gradient":""}}},"product_brand":[233],"product_cat":[48,50],"product_tag":[],"class_list":{"0":"post-4155","1":"product","2":"type-product","3":"status-publish","4":"has-post-thumbnail","6":"product_brand-connect-pro","7":"product_cat-securex-smart-alarm","8":"product_cat-sensorer-brand-vatten","9":"pa_brands-securex-connect-pro","10":"pa_brands-stonehouse-smart","11":"desktop-align-left","12":"tablet-align-center","13":"mobile-align-center","15":"first","16":"instock","17":"shipping-taxable","18":"product-type-simple"},"acf":[],"_links":{"self":[{"href":"https:\/\/stonehousesmart.se\/fi\/wp-json\/wp\/v2\/product\/4155","targetHints":{"allow":["GET"]}}],"collection":[{"href":"https:\/\/stonehousesmart.se\/fi\/wp-json\/wp\/v2\/product"}],"about":[{"href":"https:\/\/stonehousesmart.se\/fi\/wp-json\/wp\/v2\/types\/product"}],"wp:featuredmedia":[{"embeddable":true,"href":"https:\/\/stonehousesmart.se\/fi\/wp-json\/wp\/v2\/media\/4722"}],"wp:attachment":[{"href":"https:\/\/stonehousesmart.se\/fi\/wp-json\/wp\/v2\/media?parent=4155"}],"wp:term":[{"taxonomy":"product_brand","embeddable":true,"href":"https:\/\/stonehousesmart.se\/fi\/wp-json\/wp\/v2\/product_brand?post=4155"},{"taxonomy":"product_cat","embeddable":true,"href":"https:\/\/stonehousesmart.se\/fi\/wp-json\/wp\/v2\/product_cat?post=4155"},{"taxonomy":"product_tag","embeddable":true,"href":"https:\/\/stonehousesmart.se\/fi\/wp-json\/wp\/v2\/product_tag?post=4155"}],"curies":[{"name":"wp","href":"https:\/\/api.w.org\/{rel}","templated":true}]}}