{"id":4223,"date":"2025-09-15T11:16:42","date_gmt":"2025-09-15T09:16:42","guid":{"rendered":"https:\/\/stonehousesmart.se\/product\/securex-doorsense-pro-dorr-fonstersensor-slim-lora\/"},"modified":"2026-03-27T14:48:05","modified_gmt":"2026-03-27T13:48:05","slug":"securex-doorsense-pro-dorr-fonstersensor","status":"publish","type":"product","link":"https:\/\/stonehousesmart.se\/fi\/product\/securex-doorsense-pro-dorr-fonstersensor\/","title":{"rendered":"SecureX DoorSense Pro \u2013 Ovi- ja ikkuna-anturi, 5 vuoden k\u00e4ytt\u00f6ik\u00e4 ja 500 metri\u00e4"},"content":{"rendered":"<h2>SecureX DoorSense Pro \u2013 ovi- ja ikkuna-anturi, jonka kantama on pitk\u00e4 (jopa 500 m)<\/h2>\n<p>SecureX DoorSense Pro on luotettava magneettinen kosketin, joka valvoo <strong>ovet, ikkunat ja muut aukot<\/strong>. Kanssa <strong>Pitk\u00e4n kantaman 868 MHz (LoRa)<\/strong> saat vakaan langattoman yhteyden jopa <strong>500 metrin kantama esteett\u00f6m\u00e4ss\u00e4 n\u00e4k\u00f6yhteydess\u00e4<\/strong> \u2013 t\u00e4ydellinen kiinteist\u00f6ihin, joissa WiFi ei riit\u00e4 tai joissa haluat erityisen vahvan signaalin.<\/p>\n<p>Kun ovi tai ikkuna avataan, tapahtuma tallentuu v\u00e4litt\u00f6m\u00e4sti ja l\u00e4hetet\u00e4\u00e4n <strong>SecureX-keskus<\/strong>. Saat <strong>reaaliaikaiset ilmoitukset<\/strong> i <strong>Stonehouse Smart -sovellus<\/strong> (iOS\/Android), jossa kaikkia SecureX-laitteita hallitaan keskitetysti. Yhteensopivuus <strong>Tuya<\/strong> ja <strong>\u00c4lyk\u00e4s el\u00e4m\u00e4<\/strong> tapahtuu keskittimen kautta.<\/p>\n<hr \/>\n<h3>T\u00e4rke\u00e4\u00e4 \u2013 j\u00e4rjestelm\u00e4 ja yhteensopivuus<\/h3>\n<ul>\n<li>DoorSense Prota k\u00e4ytet\u00e4\u00e4n yhdess\u00e4 <strong>SecureX-keskus<\/strong><\/li>\n<li>Ilmoituksia ja asetuksia hallitaan kohdassa <strong>Stonehouse Smart -sovellus<\/strong><\/li>\n<li><strong>Tuya ja \u00e4lyk\u00e4s el\u00e4m\u00e4<\/strong> tuettu <strong>keskittimen kautta<\/strong><\/li>\n<li>Anturi on <strong>ei itsen\u00e4inen<\/strong><\/li>\n<\/ul>\n<hr \/>\n<h3>Huomaamaton muotoilu ja pitk\u00e4 akunkesto<\/h3>\n<p>DoorSense Prolla on kompakti ja huomaamaton muotoilu, joka sulautuu ymp\u00e4rist\u00f6\u00f6n. Se toimii <strong>2 \u00d7 CR2450-paristoa<\/strong> ja sen virrankulutus on eritt\u00e4in alhainen (<strong>\u226410 \u00b5A valmiustilassa<\/strong>), mik\u00e4 antaa <strong>arvioitu akunkesto jopa 5 vuotta<\/strong> normaalin k\u00e4yt\u00f6n aikana.<\/p>\n<p>Asennus on helppoa ja sopii sek\u00e4 uusiin ett\u00e4 olemassa oleviin asennuksiin kodeissa, loma-asunnoissa ja yrityksiss\u00e4.<\/p>\n<hr \/>\n<h3>Edut ja ominaisuudet<\/h3>\n<ul>\n<li><strong>Pitk\u00e4n kantaman\/LoRa 868 MHz<\/strong> jopa <strong>500 metrin kantama<\/strong> (selke\u00e4 n\u00e4kym\u00e4)<\/li>\n<li>T\u00e4ysi integrointi <strong>SecureX-keskus<\/strong><\/li>\n<li>Reaaliaikaiset ilmoitukset <strong>Stonehouse Smart -sovellus<\/strong><\/li>\n<li>Tuya ja Smart Life tuettu <strong>keskittimen kautta<\/strong><\/li>\n<li>Helppo asennus oviin ja ikkunoihin<\/li>\n<li>Eritt\u00e4in alhainen kulutus <strong>pitk\u00e4 akunkesto<\/strong><\/li>\n<li>Huomaamaton ja kompakti muotoilu<\/li>\n<\/ul>\n<hr \/>\n<h3>K\u00e4ytt\u00f6alueet<\/h3>\n<ul>\n<li>Huvilat ja huoneistot<\/li>\n<li>Kes\u00e4m\u00f6kit ja loma-asunnot<\/li>\n<li>Varastotila, autotalli ja kellari<\/li>\n<li>Toimistot ja liiketilat<\/li>\n<\/ul>\n<hr \/>\n<h3>Tekniset tiedot<\/h3>\n<ul>\n<li><strong>Akku:<\/strong> CR2450 \u00d7 2<\/li>\n<li><strong>Arvioitu akunkesto:<\/strong> jopa 5 vuotta<\/li>\n<li><strong>Valmiustilan teho:<\/strong> \u226410 \u00b5A<\/li>\n<li><strong>H\u00e4lytysvirta:<\/strong> &lt;80 mA<\/li>\n<li><strong>Langaton tekniikka:<\/strong> Pitk\u00e4 kantama 868 MHz<\/li>\n<li><strong>Soveltamisala:<\/strong> jopa 500 m (n\u00e4k\u00f6yhteys)<\/li>\n<li><strong>Mitata:<\/strong>\n<ul>\n<li>Anturi: 70 \u00d7 31,5 \u00d7 15,5 mm<\/li>\n<li>Magneetti: 70 \u00d7 11 \u00d7 15,5 mm<\/li>\n<\/ul>\n<\/li>\n<li><strong>Sovellustuki:<\/strong> Stonehouse Smart (iOS\/Android), Tuya ja Smart Life hubin kautta<\/li>\n<\/ul>","protected":false},"excerpt":{"rendered":"<p>Ovi- ja ikkuna-anturi LoRa-tekniikalla jopa 500 metrin kantamaan.<\/p>\n<p>H\u00e4lytt\u00e4\u00e4 v\u00e4litt\u00f6m\u00e4sti avattaessa ja l\u00e4hett\u00e4\u00e4 ilmoitukset SecureX-keskuksen kautta Stonehouse Smart -sovellukseen.<\/p>\n<p>&nbsp;<\/p>","protected":false},"featured_media":4713,"template":"","meta":{"_acf_changed":false,"inline_featured_image":false,"site-sidebar-layout":"default","site-content-layout":"","ast-site-content-layout":"default","site-content-style":"default","site-sidebar-style":"default","ast-global-header-display":"","ast-banner-title-visibility":"","ast-main-header-display":"","ast-hfb-above-header-display":"","ast-hfb-below-header-display":"","ast-hfb-mobile-header-display":"","site-post-title":"","ast-breadcrumbs-content":"","ast-featured-img":"","footer-sml-layout":"","ast-disable-related-posts":"","theme-transparent-header-meta":"default","adv-header-id-meta":"","stick-header-meta":"","header-above-stick-meta":"","header-main-stick-meta":"","header-below-stick-meta":"","astra-migrate-meta-layouts":"set","ast-page-background-enabled":"default","ast-page-background-meta":{"desktop":{"background-color":"","background-image":"","background-repeat":"repeat","background-position":"center center","background-size":"auto","background-attachment":"scroll","background-type":"","background-media":"","overlay-type":"","overlay-color":"","overlay-opacity":"","overlay-gradient":""},"tablet":{"background-color":"","background-image":"","background-repeat":"repeat","background-position":"center center","background-size":"auto","background-attachment":"scroll","background-type":"","background-media":"","overlay-type":"","overlay-color":"","overlay-opacity":"","overlay-gradient":""},"mobile":{"background-color":"","background-image":"","background-repeat":"repeat","background-position":"center center","background-size":"auto","background-attachment":"scroll","background-type":"","background-media":"","overlay-type":"","overlay-color":"","overlay-opacity":"","overlay-gradient":""}},"ast-content-background-meta":{"desktop":{"background-color":"var(--ast-global-color-5)","background-image":"","background-repeat":"repeat","background-position":"center center","background-size":"auto","background-attachment":"scroll","background-type":"","background-media":"","overlay-type":"","overlay-color":"","overlay-opacity":"","overlay-gradient":""},"tablet":{"background-color":"var(--ast-global-color-5)","background-image":"","background-repeat":"repeat","background-position":"center center","background-size":"auto","background-attachment":"scroll","background-type":"","background-media":"","overlay-type":"","overlay-color":"","overlay-opacity":"","overlay-gradient":""},"mobile":{"background-color":"var(--ast-global-color-5)","background-image":"","background-repeat":"repeat","background-position":"center center","background-size":"auto","background-attachment":"scroll","background-type":"","background-media":"","overlay-type":"","overlay-color":"","overlay-opacity":"","overlay-gradient":""}}},"product_brand":[233],"product_cat":[48,49],"product_tag":[],"class_list":{"0":"post-4223","1":"product","2":"type-product","3":"status-publish","4":"has-post-thumbnail","6":"product_brand-connect-pro","7":"product_cat-securex-smart-alarm","8":"product_cat-sensorer-dorr-fonster","9":"pa_brands-securex-connect-pro","10":"pa_brands-stonehouse-smart","11":"desktop-align-left","12":"tablet-align-center","13":"mobile-align-center","15":"first","16":"instock","17":"shipping-taxable","18":"product-type-simple"},"acf":[],"_links":{"self":[{"href":"https:\/\/stonehousesmart.se\/fi\/wp-json\/wp\/v2\/product\/4223","targetHints":{"allow":["GET"]}}],"collection":[{"href":"https:\/\/stonehousesmart.se\/fi\/wp-json\/wp\/v2\/product"}],"about":[{"href":"https:\/\/stonehousesmart.se\/fi\/wp-json\/wp\/v2\/types\/product"}],"wp:featuredmedia":[{"embeddable":true,"href":"https:\/\/stonehousesmart.se\/fi\/wp-json\/wp\/v2\/media\/4713"}],"wp:attachment":[{"href":"https:\/\/stonehousesmart.se\/fi\/wp-json\/wp\/v2\/media?parent=4223"}],"wp:term":[{"taxonomy":"product_brand","embeddable":true,"href":"https:\/\/stonehousesmart.se\/fi\/wp-json\/wp\/v2\/product_brand?post=4223"},{"taxonomy":"product_cat","embeddable":true,"href":"https:\/\/stonehousesmart.se\/fi\/wp-json\/wp\/v2\/product_cat?post=4223"},{"taxonomy":"product_tag","embeddable":true,"href":"https:\/\/stonehousesmart.se\/fi\/wp-json\/wp\/v2\/product_tag?post=4223"}],"curies":[{"name":"wp","href":"https:\/\/api.w.org\/{rel}","templated":true}]}}