{"id":4231,"date":"2025-09-15T11:16:43","date_gmt":"2025-09-15T09:16:43","guid":{"rendered":"https:\/\/stonehousesmart.se\/product\/securex-signalmax-starker-signal-for-larmenheter\/"},"modified":"2026-03-13T18:13:23","modified_gmt":"2026-03-13T17:13:23","slug":"securex-signalmax-600-meter","status":"publish","type":"product","link":"https:\/\/stonehousesmart.se\/fi\/product\/securex-signalmax-600-meter\/","title":{"rendered":"SecureX SignalMax \u2013 Vahvempi signaali h\u00e4lytyslaitteille jopa 600 metrin et\u00e4isyydell\u00e4"},"content":{"rendered":"<h2 data-start=\"113\" data-end=\"183\">SecureX SignalMax \u2013 Signaalinvahvistin (toistin) SecureX-j\u00e4rjestelmille<\/h2>\n<p data-start=\"185\" data-end=\"509\">SecureX SignalMax on tehokas signaalinvahvistin, joka parantaa SecureX-h\u00e4lytysj\u00e4rjestelm\u00e4n kantamaa ja vakautta. Se toimii siltana antureiden\/kaukos\u00e4\u00e4timien ja SecureX-keskittimen v\u00e4lill\u00e4, jolloin signaalit tavoittaa entist\u00e4 suurempia kiinteist\u00f6j\u00e4, monikerroksisia rakennuksia tai ymp\u00e4rist\u00f6j\u00e4, joissa on paksuja seini\u00e4 ja h\u00e4iri\u00f6it\u00e4.<\/p>\n<p data-start=\"511\" data-end=\"683\">L\u00e4hetyskantama jopa <strong data-start=\"548\" data-end=\"572\">600 metri\u00e4 esteett\u00f6m\u00e4ss\u00e4 n\u00e4kyvyydess\u00e4<\/strong> SignalMax on t\u00e4ydellinen vaihtoehto sek\u00e4 yksityisiin ett\u00e4 ammattimaisiin asennuksiin, joissa tarvitaan pidemp\u00e4\u00e4 kantamaa.<\/p>\n<h3 data-start=\"685\" data-end=\"729\">Vakaa viestint\u00e4 koko laitoksessa<\/h3>\n<p data-start=\"730\" data-end=\"752\">SignalMax pystyy k\u00e4sittelem\u00e4\u00e4n:<\/p>\n<ul data-start=\"753\" data-end=\"824\">\n<li data-start=\"753\" data-end=\"790\">\n<p data-start=\"755\" data-end=\"790\">Jopa <strong data-start=\"764\" data-end=\"790\">99 langatonta ilmaisinta<\/strong><\/p>\n<\/li>\n<li data-start=\"791\" data-end=\"824\">\n<p data-start=\"793\" data-end=\"824\">Jopa <strong data-start=\"802\" data-end=\"824\">99 kaukos\u00e4\u00e4dint\u00e4<\/strong><\/p>\n<\/li>\n<\/ul>\n<p data-start=\"826\" data-end=\"918\">Laite on varustettu <strong data-start=\"850\" data-end=\"866\">metalliantenni<\/strong> eritt\u00e4in vakaan signaalin ja parhaan mahdollisen kantaman saavuttamiseksi.<\/p>\n<p data-start=\"920\" data-end=\"983\">T\u00e4rke\u00e4\u00e4: <strong data-start=\"929\" data-end=\"983\">J\u00e4rjestelm\u00e4\u00e4 kohden tulisi k\u00e4ytt\u00e4\u00e4 vain yht\u00e4 SignalMaxia.<\/strong><\/p>\n<h3 data-start=\"985\" data-end=\"1011\">J\u00e4rjestelm\u00e4 ja sovellus (t\u00e4rke\u00e4\u00e4)<\/h3>\n<p data-start=\"1012\" data-end=\"1099\">SecureX SignalMax on j\u00e4rjestelm\u00e4komponentti, jota k\u00e4ytet\u00e4\u00e4n yhdess\u00e4 <strong data-start=\"1080\" data-end=\"1098\">SecureX-keskus<\/strong>:<\/p>\n<ul data-start=\"1100\" data-end=\"1301\">\n<li data-start=\"1100\" data-end=\"1151\">\n<p data-start=\"1102\" data-end=\"1151\">Kaikki k\u00e4sittely tapahtuu kautta <strong data-start=\"1125\" data-end=\"1151\">Stonehouse Smart -sovellus<\/strong><\/p>\n<\/li>\n<li data-start=\"1152\" data-end=\"1234\">\n<p data-start=\"1154\" data-end=\"1234\">Se on <strong data-start=\"1161\" data-end=\"1179\">SecureX-keskus<\/strong> joka tarjoaa yhteensopivuuden <strong data-start=\"1207\" data-end=\"1215\">Tuya<\/strong> ja <strong data-start=\"1220\" data-end=\"1234\">\u00c4lyk\u00e4s el\u00e4m\u00e4<\/strong><\/p>\n<\/li>\n<li data-start=\"1235\" data-end=\"1301\">\n<p data-start=\"1237\" data-end=\"1301\">SignalMax on <strong data-start=\"1250\" data-end=\"1269\">ei itsen\u00e4inen<\/strong> eik\u00e4 sit\u00e4 voida k\u00e4ytt\u00e4\u00e4 ilman keskitint\u00e4<\/p>\n<\/li>\n<\/ul>\n<h3 data-start=\"1303\" data-end=\"1336\">Turvallinen k\u00e4ytt\u00f6 vara-akun avulla<\/h3>\n<p data-start=\"1337\" data-end=\"1495\">SignalMaxia voidaan k\u00e4ytt\u00e4\u00e4 <strong data-start=\"1362\" data-end=\"1383\">DC 5V (mikro-USB)<\/strong> tai <strong data-start=\"1390\" data-end=\"1400\">12 V tasavirta<\/strong> ja siin\u00e4 on sis\u00e4\u00e4nrakennettu <strong data-start=\"1421\" data-end=\"1452\">varavirtaparisto (3,7 V Ni-Hi)<\/strong> joka pit\u00e4\u00e4 laitteen k\u00e4ynniss\u00e4 s\u00e4hk\u00f6katkon aikana.<\/p>\n<p data-start=\"1497\" data-end=\"1617\">Ansiosta <strong data-start=\"1507\" data-end=\"1523\">EEPROM-muisti<\/strong> SignalMax s\u00e4ilytt\u00e4\u00e4 kaikki asetukset, vaikka sis\u00e4inen akku olisi t\u00e4ysin tyhj\u00e4.<\/p>\n<hr data-start=\"1619\" data-end=\"1622\" \/>\n<h2 data-start=\"1624\" data-end=\"1648\">Edut ja ominaisuudet<\/h2>\n<ul data-start=\"1649\" data-end=\"2080\">\n<li data-start=\"1649\" data-end=\"1702\">\n<p data-start=\"1651\" data-end=\"1702\">Vahvistaa h\u00e4lytyssignaalia jopa <strong data-start=\"1682\" data-end=\"1691\">600 metri\u00e4<\/strong> (selke\u00e4 n\u00e4kym\u00e4)<\/p>\n<\/li>\n<li data-start=\"1703\" data-end=\"1744\">\n<p data-start=\"1705\" data-end=\"1744\">T\u00e4ysi integrointi <strong data-start=\"1726\" data-end=\"1744\">SecureX-keskus<\/strong><\/p>\n<\/li>\n<li data-start=\"1745\" data-end=\"1802\">\n<p data-start=\"1747\" data-end=\"1802\">Reaaliaikainen tila ja ilmoitukset <strong data-start=\"1776\" data-end=\"1802\">Stonehouse Smart -sovellus<\/strong><\/p>\n<\/li>\n<li data-start=\"1803\" data-end=\"1843\">\n<p data-start=\"1805\" data-end=\"1843\">Tuya ja Smart Life tuettu <strong data-start=\"1829\" data-end=\"1843\">keskittimen kautta<\/strong><\/p>\n<\/li>\n<li data-start=\"1844\" data-end=\"1893\">\n<p data-start=\"1846\" data-end=\"1893\">Tuki <strong data-start=\"1855\" data-end=\"1893\">99 ilmaisinta + 99 kaukos\u00e4\u00e4dint\u00e4<\/strong><\/p>\n<\/li>\n<li data-start=\"1894\" data-end=\"1946\">\n<p data-start=\"1896\" data-end=\"1946\">Vakaa toiminta suurissa kiinteist\u00f6iss\u00e4 ja vaikeissa ymp\u00e4rist\u00f6iss\u00e4<\/p>\n<\/li>\n<li data-start=\"1947\" data-end=\"1989\">\n<p data-start=\"1949\" data-end=\"1989\">Varavirtal\u00e4hde s\u00e4hk\u00f6katkon varalta<\/p>\n<\/li>\n<li data-start=\"1990\" data-end=\"2038\">\n<p data-start=\"1992\" data-end=\"2038\">K\u00e4ytt\u00f6 kautta <strong data-start=\"2002\" data-end=\"2022\">Mikro-USB (DC5V)<\/strong> tai <strong data-start=\"2029\" data-end=\"2038\">DC12V<\/strong><\/p>\n<\/li>\n<li data-start=\"2039\" data-end=\"2080\">\n<p data-start=\"2041\" data-end=\"2080\">Metallinen antenni parhaan mahdollisen kantaman saavuttamiseksi<\/p>\n<\/li>\n<\/ul>\n<hr data-start=\"2082\" data-end=\"2085\" \/>\n<h2 data-start=\"2087\" data-end=\"2108\">K\u00e4ytt\u00f6alueet<\/h2>\n<ul data-start=\"2109\" data-end=\"2227\">\n<li data-start=\"2109\" data-end=\"2137\">\n<p data-start=\"2111\" data-end=\"2137\">Huvilat ja suuremmat kodit<\/p>\n<\/li>\n<li data-start=\"2138\" data-end=\"2169\">\n<p data-start=\"2140\" data-end=\"2169\">Kes\u00e4m\u00f6kit ja kerrostalot<\/p>\n<\/li>\n<li data-start=\"2170\" data-end=\"2199\">\n<p data-start=\"2172\" data-end=\"2199\">Liiketilat ja myym\u00e4l\u00e4t<\/p>\n<\/li>\n<li data-start=\"2200\" data-end=\"2227\">\n<p data-start=\"2202\" data-end=\"2227\">Varastot ja teollisuusymp\u00e4rist\u00f6t<\/p>\n<\/li>\n<\/ul>\n<hr data-start=\"2229\" data-end=\"2232\" \/>\n<h2 data-start=\"2234\" data-end=\"2258\">Tekniset tiedot<\/h2>\n<ul data-start=\"2259\" data-end=\"2742\">\n<li data-start=\"2259\" data-end=\"2313\">\n<p data-start=\"2261\" data-end=\"2313\"><strong data-start=\"2261\" data-end=\"2282\">Virtal\u00e4hde:<\/strong> DC5V (Micro-USB) tai DC12V<\/p>\n<\/li>\n<li data-start=\"2314\" data-end=\"2350\">\n<p data-start=\"2316\" data-end=\"2350\"><strong data-start=\"2316\" data-end=\"2336\">Sis\u00e4\u00e4nrakennettu akku:<\/strong> 3,7 V Ni-Hi<\/p>\n<\/li>\n<li data-start=\"2351\" data-end=\"2403\">\n<p data-start=\"2353\" data-end=\"2403\"><strong data-start=\"2353\" data-end=\"2370\">Valmiustilan teho:<\/strong> &lt;20 mA (5 V tasavirta) \/ &lt;13 mA (12 V tasavirta)<\/p>\n<\/li>\n<li data-start=\"2404\" data-end=\"2457\">\n<p data-start=\"2406\" data-end=\"2457\"><strong data-start=\"2406\" data-end=\"2422\">K\u00e4ytt\u00f6virta:<\/strong> &lt;600 mA (5 V tasavirta) \/ &lt;200 mA (12 V tasavirta)<\/p>\n<\/li>\n<li data-start=\"2458\" data-end=\"2509\">\n<p data-start=\"2460\" data-end=\"2509\"><strong data-start=\"2460\" data-end=\"2478\">Viestint\u00e4:<\/strong> 433 MHz (ASK), 868 MHz (FSK)<\/p>\n<\/li>\n<li data-start=\"2510\" data-end=\"2558\">\n<p data-start=\"2512\" data-end=\"2558\"><strong data-start=\"2512\" data-end=\"2536\">Vastaanottoalue:<\/strong> noin 100 m (n\u00e4k\u00f6yhteys)<\/p>\n<\/li>\n<li data-start=\"2559\" data-end=\"2611\">\n<p data-start=\"2561\" data-end=\"2611\"><strong data-start=\"2561\" data-end=\"2583\">L\u00e4hetysalue:<\/strong> jopa 600 m (n\u00e4k\u00f6yhteys)<\/p>\n<\/li>\n<li data-start=\"2612\" data-end=\"2666\">\n<p data-start=\"2614\" data-end=\"2666\"><strong data-start=\"2614\" data-end=\"2630\">Yksik\u00f6iden enimm\u00e4ism\u00e4\u00e4r\u00e4:<\/strong> 99 ilmaisinta, 99 kaukos\u00e4\u00e4dint\u00e4<\/p>\n<\/li>\n<li data-start=\"2667\" data-end=\"2711\">\n<p data-start=\"2669\" data-end=\"2711\"><strong data-start=\"2669\" data-end=\"2690\">K\u00e4ytt\u00f6l\u00e4mp\u00f6tila:<\/strong> \u221220 \u00b0C - +55 \u00b0C<\/p>\n<\/li>\n<li data-start=\"2712\" data-end=\"2742\">\n<p data-start=\"2714\" data-end=\"2742\"><strong data-start=\"2714\" data-end=\"2723\">Mitata:<\/strong> 155 \u00d7 72 \u00d7 22 mm<\/p>\n<\/li>\n<\/ul>\n<hr data-start=\"2744\" data-end=\"2747\" \/>\n<h2 data-start=\"2749\" data-end=\"2768\">Toimituksen sis\u00e4lt\u00f6<\/h2>\n<ul data-start=\"2769\" data-end=\"2908\">\n<li data-start=\"2769\" data-end=\"2805\">\n<p data-start=\"2771\" data-end=\"2805\">SecureX SignalMax -toistin: 1 kpl<\/p>\n<\/li>\n<li data-start=\"2806\" data-end=\"2847\">\n<p data-start=\"2808\" data-end=\"2847\">Virtasovitin (DC5V \/ Micro USB): 1 kpl<\/p>\n<\/li>\n<li data-start=\"2848\" data-end=\"2875\">\n<p data-start=\"2850\" data-end=\"2875\">Kiinnitysruuvit: 4 kpl<\/p>\n<\/li>\n<li data-start=\"2876\" data-end=\"2891\">\n<p data-start=\"2878\" data-end=\"2891\">Pistoke: 4 kpl<\/p>\n<\/li>\n<li data-start=\"2892\" data-end=\"2908\">\n<p data-start=\"2894\" data-end=\"2908\">K\u00e4ytt\u00f6ohje: 1 kpl<\/p>\n<\/li>\n<\/ul>","protected":false},"excerpt":{"rendered":"<p>SecureX SignalMax Signaalivahvistin ASK-koodauksella SecureX-h\u00e4lytyksille, joka lis\u00e4\u00e4 kantaman jopa 600 metriin.<\/p>\n<p>Tukee 99 anturia ja 99 kaukos\u00e4\u00e4dint\u00e4. Mukana varmuusparisto, sovitin ja kiinnitystarvikkeet.<\/p>","protected":false},"featured_media":4755,"template":"","meta":{"_acf_changed":false,"inline_featured_image":false,"site-sidebar-layout":"default","site-content-layout":"","ast-site-content-layout":"default","site-content-style":"default","site-sidebar-style":"default","ast-global-header-display":"","ast-banner-title-visibility":"","ast-main-header-display":"","ast-hfb-above-header-display":"","ast-hfb-below-header-display":"","ast-hfb-mobile-header-display":"","site-post-title":"","ast-breadcrumbs-content":"","ast-featured-img":"","footer-sml-layout":"","ast-disable-related-posts":"","theme-transparent-header-meta":"default","adv-header-id-meta":"","stick-header-meta":"","header-above-stick-meta":"","header-main-stick-meta":"","header-below-stick-meta":"","astra-migrate-meta-layouts":"set","ast-page-background-enabled":"default","ast-page-background-meta":{"desktop":{"background-color":"","background-image":"","background-repeat":"repeat","background-position":"center center","background-size":"auto","background-attachment":"scroll","background-type":"","background-media":"","overlay-type":"","overlay-color":"","overlay-opacity":"","overlay-gradient":""},"tablet":{"background-color":"","background-image":"","background-repeat":"repeat","background-position":"center center","background-size":"auto","background-attachment":"scroll","background-type":"","background-media":"","overlay-type":"","overlay-color":"","overlay-opacity":"","overlay-gradient":""},"mobile":{"background-color":"","background-image":"","background-repeat":"repeat","background-position":"center center","background-size":"auto","background-attachment":"scroll","background-type":"","background-media":"","overlay-type":"","overlay-color":"","overlay-opacity":"","overlay-gradient":""}},"ast-content-background-meta":{"desktop":{"background-color":"var(--ast-global-color-5)","background-image":"","background-repeat":"repeat","background-position":"center center","background-size":"auto","background-attachment":"scroll","background-type":"","background-media":"","overlay-type":"","overlay-color":"","overlay-opacity":"","overlay-gradient":""},"tablet":{"background-color":"var(--ast-global-color-5)","background-image":"","background-repeat":"repeat","background-position":"center center","background-size":"auto","background-attachment":"scroll","background-type":"","background-media":"","overlay-type":"","overlay-color":"","overlay-opacity":"","overlay-gradient":""},"mobile":{"background-color":"var(--ast-global-color-5)","background-image":"","background-repeat":"repeat","background-position":"center center","background-size":"auto","background-attachment":"scroll","background-type":"","background-media":"","overlay-type":"","overlay-color":"","overlay-opacity":"","overlay-gradient":""}}},"product_brand":[233],"product_cat":[67,48],"product_tag":[],"class_list":{"0":"post-4231","1":"product","2":"type-product","3":"status-publish","4":"has-post-thumbnail","6":"product_brand-connect-pro","7":"product_cat-repeatrar-natverk","8":"product_cat-securex-smart-alarm","9":"pa_brands-securex-connect-pro","10":"pa_brands-stonehouse-smart","11":"desktop-align-left","12":"tablet-align-center","13":"mobile-align-center","15":"first","16":"instock","17":"shipping-taxable","18":"product-type-simple"},"acf":[],"_links":{"self":[{"href":"https:\/\/stonehousesmart.se\/fi\/wp-json\/wp\/v2\/product\/4231","targetHints":{"allow":["GET"]}}],"collection":[{"href":"https:\/\/stonehousesmart.se\/fi\/wp-json\/wp\/v2\/product"}],"about":[{"href":"https:\/\/stonehousesmart.se\/fi\/wp-json\/wp\/v2\/types\/product"}],"wp:featuredmedia":[{"embeddable":true,"href":"https:\/\/stonehousesmart.se\/fi\/wp-json\/wp\/v2\/media\/4755"}],"wp:attachment":[{"href":"https:\/\/stonehousesmart.se\/fi\/wp-json\/wp\/v2\/media?parent=4231"}],"wp:term":[{"taxonomy":"product_brand","embeddable":true,"href":"https:\/\/stonehousesmart.se\/fi\/wp-json\/wp\/v2\/product_brand?post=4231"},{"taxonomy":"product_cat","embeddable":true,"href":"https:\/\/stonehousesmart.se\/fi\/wp-json\/wp\/v2\/product_cat?post=4231"},{"taxonomy":"product_tag","embeddable":true,"href":"https:\/\/stonehousesmart.se\/fi\/wp-json\/wp\/v2\/product_tag?post=4231"}],"curies":[{"name":"wp","href":"https:\/\/api.w.org\/{rel}","templated":true}]}}