{"id":4233,"date":"2025-09-15T11:16:43","date_gmt":"2025-09-15T09:16:43","guid":{"rendered":"https:\/\/stonehousesmart.se\/product\/securex-linkbridge-tradlos-omvandlare-for-larm-med-kabel\/"},"modified":"2026-03-27T14:15:54","modified_gmt":"2026-03-27T13:15:54","slug":"securex-linkbridge-tradlos-omvandlare","status":"publish","type":"product","link":"https:\/\/stonehousesmart.se\/fi\/product\/securex-linkbridge-tradlos-omvandlare\/","title":{"rendered":"SecureX LinkBridge \u2013 Langaton muunnin langallisille h\u00e4lytysantureille."},"content":{"rendered":"<h2 data-start=\"175\" data-end=\"253\">SecureX LinkBridge \u2013 langaton muunnin langallisille h\u00e4lytyksille (hybridiratkaisu)<\/h2>\n<p data-start=\"255\" data-end=\"554\">SecureX LinkBridge on <strong data-start=\"280\" data-end=\"312\">tehokas langaton muunnin<\/strong> mik\u00e4 mahdollistaa olemassa olevien langallisten h\u00e4lytysantureiden liitt\u00e4misen SecureX-j\u00e4rjestelm\u00e4\u00e4n. Tuloksena on <strong data-start=\"419\" data-end=\"439\">hybridih\u00e4lytysj\u00e4rjestelm\u00e4<\/strong> jossa yhdist\u00e4t luotettavat langalliset anturit moderniin langattomaan teknologiaan, sovellusohjaukseen ja keskitettyyn h\u00e4lytysten hallintaan.<\/p>\n<p data-start=\"556\" data-end=\"802\">Tuella <strong data-start=\"569\" data-end=\"601\">jopa 16 langallista vy\u00f6hykett\u00e4<\/strong> vanhempia h\u00e4lytysj\u00e4rjestelmi\u00e4 voidaan k\u00e4ytt\u00e4\u00e4 uudelleen ja p\u00e4ivitt\u00e4\u00e4 ilman laajaa remonttia. Samalla saat k\u00e4ytt\u00f6\u00f6si reaaliaikaisia ilmoituksia, et\u00e4hallinnan ja t\u00e4yden yleiskuvan... <strong data-start=\"775\" data-end=\"801\">Stonehouse Smart -sovellus<\/strong>.<\/p>\n<hr data-start=\"804\" data-end=\"807\" \/>\n<h3 data-start=\"809\" data-end=\"859\">Vankka rakenne turvalliseen ja vakaaseen k\u00e4ytt\u00f6\u00f6n<\/h3>\n<p data-start=\"860\" data-end=\"1116\">SecureX LinkBridge toimitetaan <strong data-start=\"894\" data-end=\"918\">kest\u00e4v\u00e4 metallikotelo<\/strong> ulkoisella antennilla, joka on asennettu kaappiin vakaan ja pitk\u00e4n kantaman takaamiseksi. Jokaisella vy\u00f6hykkeell\u00e4 on <strong data-start=\"1002\" data-end=\"1032\">selke\u00e4 LED-tilan ilmaisin<\/strong> suoraan kortille, mik\u00e4 yksinkertaistaa sek\u00e4 asennusta, konfigurointia ett\u00e4 vianm\u00e4\u00e4rityst\u00e4.<\/p>\n<p data-start=\"1118\" data-end=\"1398\">Laite saa virtansa liit\u00e4nn\u00e4st\u00e4 <strong data-start=\"1136\" data-end=\"1163\">15 V tasavirta 220 VAC:n verkkovirrasta<\/strong> (virtal\u00e4hde sis\u00e4ltyy toimitukseen ja on asennettu koteloon) ja tukee <strong data-start=\"1229\" data-end=\"1273\">ulkoinen varavirtal\u00e4hde (12V 7Ah, valinnainen)<\/strong> jatkuvaa toimintaa varten s\u00e4hk\u00f6katkoksen sattuessa. Sis\u00e4\u00e4nrakennettu <strong data-start=\"1319\" data-end=\"1336\">sabotaasisuoja<\/strong> ja <strong data-start=\"1341\" data-end=\"1368\">s\u00e4hk\u00f6katkoksen ilmaisin<\/strong> lis\u00e4\u00e4 entisest\u00e4\u00e4n turvallisuutta.<\/p>\n<hr data-start=\"1400\" data-end=\"1403\" \/>\n<h3 data-start=\"1405\" data-end=\"1451\">Joustavat vy\u00f6hykkeet ja langallisen sireenin tuki<\/h3>\n<p data-start=\"1452\" data-end=\"1556\">SecureX LinkBridge on suunniteltu joustavaan k\u00e4ytt\u00f6\u00f6n sek\u00e4 yksityisiss\u00e4 ett\u00e4 ammattimaisissa asennuksissa.<\/p>\n<ul data-start=\"1558\" data-end=\"1776\">\n<li data-start=\"1558\" data-end=\"1614\">\n<p data-start=\"1560\" data-end=\"1614\"><strong data-start=\"1560\" data-end=\"1583\">16 langallista vy\u00f6hykett\u00e4<\/strong>, yksil\u00f6llisesti konfiguroitavissa<\/p>\n<\/li>\n<li data-start=\"1615\" data-end=\"1655\">\n<p data-start=\"1617\" data-end=\"1655\">Tuki <strong data-start=\"1626\" data-end=\"1645\">C\/NC tai C\/NO<\/strong> vy\u00f6hykett\u00e4 kohden<\/p>\n<\/li>\n<li data-start=\"1656\" data-end=\"1722\">\n<p data-start=\"1658\" data-end=\"1722\">Mahdollisuus kytkeyty\u00e4 <strong data-start=\"1680\" data-end=\"1720\">langallinen sireeni (jopa 15 V \/ 3 A)<\/strong><\/p>\n<\/li>\n<li data-start=\"1723\" data-end=\"1776\">\n<p data-start=\"1725\" data-end=\"1776\">Vy\u00f6hykkeet voivat <strong data-start=\"1735\" data-end=\"1774\">aktivoidaan ja deaktivoidaan sovelluksen kautta<\/strong><\/p>\n<\/li>\n<\/ul>\n<p data-start=\"1778\" data-end=\"1867\">T\u00e4m\u00e4 tekee LinkBridgest\u00e4 ihanteellisen ratkaisun p\u00e4ivityksiin, joissa kaapelointi on jo olemassa.<\/p>\n<hr data-start=\"1869\" data-end=\"1872\" \/>\n<h3 data-start=\"1874\" data-end=\"1904\">Osa SecureX-j\u00e4rjestelm\u00e4\u00e4<\/h3>\n<p data-start=\"1905\" data-end=\"2068\">SecureX LinkBridge on SecureX:n j\u00e4rjestelm\u00e4komponentti ja sit\u00e4 k\u00e4ytet\u00e4\u00e4n aina yhdess\u00e4 <strong data-start=\"1993\" data-end=\"2011\">SecureX-keskus<\/strong>, joka hoitaa kaiken tiedonsiirron, logiikan ja h\u00e4lytysten ohjauksen.<\/p>\n<ul data-start=\"2070\" data-end=\"2234\">\n<li data-start=\"2070\" data-end=\"2125\">\n<p data-start=\"2072\" data-end=\"2125\">Hallinta ja ilmoitukset tehd\u00e4\u00e4n seuraavan kautta: <strong data-start=\"2103\" data-end=\"2123\">Stonehouse Smart<\/strong><\/p>\n<\/li>\n<li data-start=\"2126\" data-end=\"2196\">\n<p data-start=\"2128\" data-end=\"2196\">Yhteensopivuus <strong data-start=\"2147\" data-end=\"2194\">Tuya ja Smart Life hoidetaan SecureX-keskuksen kautta<\/strong><\/p>\n<\/li>\n<li data-start=\"2197\" data-end=\"2234\">\n<p data-start=\"2199\" data-end=\"2234\">LinkBridge on <strong data-start=\"2213\" data-end=\"2232\">ei itsen\u00e4inen<\/strong><\/p>\n<\/li>\n<\/ul>\n<hr data-start=\"2236\" data-end=\"2239\" \/>\n<h3 data-start=\"2241\" data-end=\"2263\">Edut lyhyesti<\/h3>\n<ul data-start=\"2264\" data-end=\"2656\">\n<li data-start=\"2264\" data-end=\"2339\">\n<p data-start=\"2266\" data-end=\"2339\">Muuntaa jopa <strong data-start=\"2285\" data-end=\"2308\">16 langallista vy\u00f6hykett\u00e4<\/strong> SecureX-langattomaan j\u00e4rjestelm\u00e4\u00e4n<\/p>\n<\/li>\n<li data-start=\"2340\" data-end=\"2375\">\n<p data-start=\"2342\" data-end=\"2375\">Hybridiratkaisu: kaapeli + langaton<\/p>\n<\/li>\n<li data-start=\"2376\" data-end=\"2410\">\n<p data-start=\"2378\" data-end=\"2410\">Valittavissa C\/NC tai C\/NO vy\u00f6hykett\u00e4 kohden<\/p>\n<\/li>\n<li data-start=\"2411\" data-end=\"2448\">\n<p data-start=\"2413\" data-end=\"2448\">Kunkin vy\u00f6hykkeen LED-tilan merkkivalo<\/p>\n<\/li>\n<li data-start=\"2449\" data-end=\"2491\">\n<p data-start=\"2451\" data-end=\"2491\">Kest\u00e4v\u00e4 metallikotelo ulkoisella antennilla<\/p>\n<\/li>\n<li data-start=\"2492\" data-end=\"2532\">\n<p data-start=\"2494\" data-end=\"2532\">Tukee langallista sireeni\u00e4 (15V\/3A)<\/p>\n<\/li>\n<li data-start=\"2533\" data-end=\"2565\">\n<p data-start=\"2535\" data-end=\"2565\">Vy\u00f6hykkeiden sovellusohjaus (p\u00e4\u00e4lle\/pois)<\/p>\n<\/li>\n<li data-start=\"2566\" data-end=\"2611\">\n<p data-start=\"2568\" data-end=\"2611\">Peukalointisuoja ja s\u00e4hk\u00f6katkon ilmaisin<\/p>\n<\/li>\n<li data-start=\"2612\" data-end=\"2656\">\n<p data-start=\"2614\" data-end=\"2656\">Ulkoisen varavirtal\u00e4hteen tuki (valinnainen)<\/p>\n<\/li>\n<\/ul>\n<hr data-start=\"2658\" data-end=\"2661\" \/>\n<h3 data-start=\"2663\" data-end=\"2693\">Tyypillisi\u00e4 k\u00e4ytt\u00f6tarkoituksia<\/h3>\n<ul data-start=\"2694\" data-end=\"2896\">\n<li data-start=\"2694\" data-end=\"2741\">\n<p data-start=\"2696\" data-end=\"2741\">Vanhempien langallisten h\u00e4lytysj\u00e4rjestelmien p\u00e4ivitt\u00e4minen<\/p>\n<\/li>\n<li data-start=\"2742\" data-end=\"2785\">\n<p data-start=\"2744\" data-end=\"2785\">Hybridiasennukset (langallinen + langaton)<\/p>\n<\/li>\n<li data-start=\"2786\" data-end=\"2815\">\n<p data-start=\"2788\" data-end=\"2815\">Huvilat ja kerrostalot<\/p>\n<\/li>\n<li data-start=\"2816\" data-end=\"2854\">\n<p data-start=\"2818\" data-end=\"2854\">Yritykset, varastot ja teollisuusymp\u00e4rist\u00f6t<\/p>\n<\/li>\n<li data-start=\"2855\" data-end=\"2896\">\n<p data-start=\"2857\" data-end=\"2896\">Projektit, joissa kaapelointi on jo olemassa<\/p>\n<\/li>\n<\/ul>\n<hr data-start=\"2898\" data-end=\"2901\" \/>\n<h3 data-start=\"2903\" data-end=\"2928\">Tekniset tiedot<\/h3>\n<ul data-start=\"2929\" data-end=\"3236\">\n<li data-start=\"2929\" data-end=\"2985\">\n<p data-start=\"2931\" data-end=\"2985\">Virtal\u00e4hde: DC 15V \/ 5.0A (220 VAC:n kautta, sis\u00e4ltyy toimitukseen)<\/p>\n<\/li>\n<li data-start=\"2986\" data-end=\"3037\">\n<p data-start=\"2988\" data-end=\"3037\">Varavirtal\u00e4hde: 12V 7Ah (valinnainen, ei sis\u00e4lly toimitukseen)<\/p>\n<\/li>\n<li data-start=\"3038\" data-end=\"3092\">\n<p data-start=\"3040\" data-end=\"3092\">Tiedonsiirto: 433 MHz (EV1527), koodattu SecureX:lle<\/p>\n<\/li>\n<li data-start=\"3093\" data-end=\"3136\">\n<p data-start=\"3095\" data-end=\"3136\">Kantama: Jopa noin 150 m (avoimella alueella)<\/p>\n<\/li>\n<li data-start=\"3137\" data-end=\"3167\">\n<p data-start=\"3139\" data-end=\"3167\">Vy\u00f6hykkeiden lukum\u00e4\u00e4r\u00e4: 16 kytketty\u00e4<\/p>\n<\/li>\n<li data-start=\"3168\" data-end=\"3208\">\n<p data-start=\"3170\" data-end=\"3208\">K\u00e4ytt\u00f6l\u00e4mp\u00f6tila: \u221220 \u00b0C - +55 \u00b0C<\/p>\n<\/li>\n<li data-start=\"3209\" data-end=\"3236\">\n<p data-start=\"3211\" data-end=\"3236\">Mitat: 165 \u00d7 100 \u00d7 18 mm<\/p>\n<\/li>\n<\/ul>\n<hr data-start=\"3238\" data-end=\"3241\" \/>\n<h3 data-start=\"3243\" data-end=\"3263\">Toimituksen sis\u00e4lt\u00f6<\/h3>\n<ul data-start=\"3264\" data-end=\"3432\">\n<li data-start=\"3264\" data-end=\"3309\">\n<p data-start=\"3266\" data-end=\"3309\">SecureX LinkBridge metallikotelossa: 1 kpl<\/p>\n<\/li>\n<li data-start=\"3310\" data-end=\"3371\">\n<p data-start=\"3312\" data-end=\"3371\">Virtasovitin 220 VAC \u2192 DC 15V (asennettu koteloon): 1 kpl.<\/p>\n<\/li>\n<li data-start=\"3372\" data-end=\"3415\">\n<p data-start=\"3374\" data-end=\"3415\">Ulkoinen antenni (kiinnitetty kaappiin): 1 kpl<\/p>\n<\/li>\n<li data-start=\"3416\" data-end=\"3432\">\n<p data-start=\"3418\" data-end=\"3432\">K\u00e4ytt\u00f6ohje: 1 kpl<\/p>\n<\/li>\n<\/ul>","protected":false},"excerpt":{"rendered":"<p>Langaton muunnin, joka yhdist\u00e4\u00e4 jopa 16 langallista h\u00e4lytysaluetta SecureX-j\u00e4rjestelm\u00e4\u00e4n. Metallikotelo, ulkoinen antenni, sovellusohjaus ja langallisen sireenin tuki.<\/p>\n<p>Toimitetaan metallikotelossa, jossa on sis\u00e4\u00e4nrakennettu virransy\u00f6tt\u00f6 verkkovirran kautta (220 V AC).<\/p>","protected":false},"featured_media":4723,"template":"","meta":{"_acf_changed":false,"inline_featured_image":false,"site-sidebar-layout":"default","site-content-layout":"","ast-site-content-layout":"default","site-content-style":"default","site-sidebar-style":"default","ast-global-header-display":"","ast-banner-title-visibility":"","ast-main-header-display":"","ast-hfb-above-header-display":"","ast-hfb-below-header-display":"","ast-hfb-mobile-header-display":"","site-post-title":"","ast-breadcrumbs-content":"","ast-featured-img":"","footer-sml-layout":"","ast-disable-related-posts":"","theme-transparent-header-meta":"default","adv-header-id-meta":"","stick-header-meta":"","header-above-stick-meta":"","header-main-stick-meta":"","header-below-stick-meta":"","astra-migrate-meta-layouts":"set","ast-page-background-enabled":"default","ast-page-background-meta":{"desktop":{"background-color":"","background-image":"","background-repeat":"repeat","background-position":"center center","background-size":"auto","background-attachment":"scroll","background-type":"","background-media":"","overlay-type":"","overlay-color":"","overlay-opacity":"","overlay-gradient":""},"tablet":{"background-color":"","background-image":"","background-repeat":"repeat","background-position":"center center","background-size":"auto","background-attachment":"scroll","background-type":"","background-media":"","overlay-type":"","overlay-color":"","overlay-opacity":"","overlay-gradient":""},"mobile":{"background-color":"","background-image":"","background-repeat":"repeat","background-position":"center center","background-size":"auto","background-attachment":"scroll","background-type":"","background-media":"","overlay-type":"","overlay-color":"","overlay-opacity":"","overlay-gradient":""}},"ast-content-background-meta":{"desktop":{"background-color":"var(--ast-global-color-5)","background-image":"","background-repeat":"repeat","background-position":"center center","background-size":"auto","background-attachment":"scroll","background-type":"","background-media":"","overlay-type":"","overlay-color":"","overlay-opacity":"","overlay-gradient":""},"tablet":{"background-color":"var(--ast-global-color-5)","background-image":"","background-repeat":"repeat","background-position":"center center","background-size":"auto","background-attachment":"scroll","background-type":"","background-media":"","overlay-type":"","overlay-color":"","overlay-opacity":"","overlay-gradient":""},"mobile":{"background-color":"var(--ast-global-color-5)","background-image":"","background-repeat":"repeat","background-position":"center center","background-size":"auto","background-attachment":"scroll","background-type":"","background-media":"","overlay-type":"","overlay-color":"","overlay-opacity":"","overlay-gradient":""}}},"product_brand":[233],"product_cat":[67,48],"product_tag":[],"class_list":{"0":"post-4233","1":"product","2":"type-product","3":"status-publish","4":"has-post-thumbnail","6":"product_brand-connect-pro","7":"product_cat-repeatrar-natverk","8":"product_cat-securex-smart-alarm","9":"pa_brands-securex-connect-pro","10":"pa_brands-stonehouse-smart","11":"desktop-align-left","12":"tablet-align-center","13":"mobile-align-center","15":"first","16":"instock","17":"shipping-taxable","18":"product-type-simple"},"acf":[],"_links":{"self":[{"href":"https:\/\/stonehousesmart.se\/fi\/wp-json\/wp\/v2\/product\/4233","targetHints":{"allow":["GET"]}}],"collection":[{"href":"https:\/\/stonehousesmart.se\/fi\/wp-json\/wp\/v2\/product"}],"about":[{"href":"https:\/\/stonehousesmart.se\/fi\/wp-json\/wp\/v2\/types\/product"}],"wp:featuredmedia":[{"embeddable":true,"href":"https:\/\/stonehousesmart.se\/fi\/wp-json\/wp\/v2\/media\/4723"}],"wp:attachment":[{"href":"https:\/\/stonehousesmart.se\/fi\/wp-json\/wp\/v2\/media?parent=4233"}],"wp:term":[{"taxonomy":"product_brand","embeddable":true,"href":"https:\/\/stonehousesmart.se\/fi\/wp-json\/wp\/v2\/product_brand?post=4233"},{"taxonomy":"product_cat","embeddable":true,"href":"https:\/\/stonehousesmart.se\/fi\/wp-json\/wp\/v2\/product_cat?post=4233"},{"taxonomy":"product_tag","embeddable":true,"href":"https:\/\/stonehousesmart.se\/fi\/wp-json\/wp\/v2\/product_tag?post=4233"}],"curies":[{"name":"wp","href":"https:\/\/api.w.org\/{rel}","templated":true}]}}