{"id":4236,"date":"2025-09-15T11:16:43","date_gmt":"2025-09-15T09:16:43","guid":{"rendered":"https:\/\/stonehousesmart.se\/product\/securex-sirenpro-solcellsdriven-med-sabotagealarm\/"},"modified":"2026-03-27T14:47:00","modified_gmt":"2026-03-27T13:47:00","slug":"securex-sirenguard-pro-utomhussiren","status":"publish","type":"product","link":"https:\/\/stonehousesmart.se\/fi\/product\/securex-sirenguard-pro-utomhussiren\/","title":{"rendered":"SecureX SirenGuard Pro \u2013 Ulkosireeni vilkulla \u2013 S\u00e4\u00e4dett\u00e4v\u00e4 jopa 120 dB (pitk\u00e4 kantama)"},"content":{"rendered":"<h2 data-start=\"177\" data-end=\"250\">SecureX SirenGuard Pro \u2013 ulkosireeni peukalointih\u00e4lytyksell\u00e4<\/h2>\n<p data-start=\"252\" data-end=\"586\">SecureX SirenGuard Pro on <strong data-start=\"281\" data-end=\"318\">tehokas ja kest\u00e4v\u00e4 ulkosireeni<\/strong> kehitetty tarjoamaan maksimaalisen pelotteen ja selke\u00e4n h\u00e4lytysilmaisun SecureX-h\u00e4lytysj\u00e4rjestelm\u00e4ss\u00e4. <strong data-start=\"419\" data-end=\"459\">kova h\u00e4lytys jopa 120 dB<\/strong> yhdess\u00e4 <strong data-start=\"478\" data-end=\"506\">vilkkuva strobovalo<\/strong> SirenGuard Pro varmistaa, ett\u00e4 h\u00e4lytys sek\u00e4 kuuluu ett\u00e4 n\u00e4kyy \u2013 jopa kaukaa.<\/p>\n<p data-start=\"588\" data-end=\"739\">Sireeni on suunniteltu vaativiin ulkoymp\u00e4rist\u00f6ihin ja sopii t\u00e4ydellisesti <strong data-start=\"656\" data-end=\"710\">huvilat, yritykset, varastot, autotallit ja teollisuusalueet<\/strong> joissa vaaditaan korkeaa turvallisuustasoa.<\/p>\n<hr data-start=\"741\" data-end=\"744\" \/>\n<h3 data-start=\"746\" data-end=\"785\">Selke\u00e4 pelote- ja sabotaasih\u00e4lytys<\/h3>\n<p data-start=\"786\" data-end=\"825\">SecureX SirenGuard Pro on varustettu seuraavilla ominaisuuksilla:<\/p>\n<ul data-start=\"826\" data-end=\"963\">\n<li data-start=\"826\" data-end=\"857\">\n<p data-start=\"828\" data-end=\"857\"><strong data-start=\"828\" data-end=\"857\">Kaksi tehokasta \u00e4\u00e4nisensoria<\/strong><\/p>\n<\/li>\n<li data-start=\"858\" data-end=\"888\">\n<p data-start=\"860\" data-end=\"888\"><strong data-start=\"860\" data-end=\"888\">5 s\u00e4\u00e4dett\u00e4v\u00e4\u00e4 \u00e4\u00e4nenvoimakkuustasoa<\/strong><\/p>\n<\/li>\n<li data-start=\"889\" data-end=\"911\">\n<p data-start=\"891\" data-end=\"911\"><strong data-start=\"891\" data-end=\"911\">2 erilaista h\u00e4lytys\u00e4\u00e4nt\u00e4<\/strong><\/p>\n<\/li>\n<li data-start=\"912\" data-end=\"935\">\n<p data-start=\"914\" data-end=\"935\"><strong data-start=\"914\" data-end=\"935\">Sireeniss\u00e4 on sis\u00e4\u00e4nrakennettu vilkkuvalo visuaalista ilmaisua varten.<\/strong><\/p>\n<\/li>\n<li data-start=\"936\" data-end=\"963\">\n<p data-start=\"938\" data-end=\"963\"><strong data-start=\"938\" data-end=\"963\">Sis\u00e4\u00e4nrakennettu peukalointih\u00e4lytin<\/strong><\/p>\n<\/li>\n<\/ul>\n<p data-start=\"965\" data-end=\"1105\">H\u00e4lytys aktivoituu v\u00e4litt\u00f6m\u00e4sti purkamisyrityksen j\u00e4lkeen ja l\u00e4hett\u00e4\u00e4 h\u00e4lytyksen SecureX-j\u00e4rjestelm\u00e4\u00e4n, mik\u00e4 tarjoaa lis\u00e4suojaa manipulointia vastaan.<\/p>\n<hr data-start=\"1107\" data-end=\"1110\" \/>\n<h3 data-start=\"1112\" data-end=\"1160\">Joustava k\u00e4ytt\u00f6 \u2013 verkkovirta, akku tai aurinkopaneeli<\/h3>\n<p data-start=\"1161\" data-end=\"1256\">SirenGuard Prota voidaan k\u00e4ytt\u00e4\u00e4 useilla eri tavoilla, mik\u00e4 tekee sen asennuksesta eritt\u00e4in joustavaa:<\/p>\n<ul data-start=\"1258\" data-end=\"1417\">\n<li data-start=\"1258\" data-end=\"1291\">\n<p data-start=\"1260\" data-end=\"1291\"><strong data-start=\"1260\" data-end=\"1291\">Virtasovitin (DC 6-15V\/1A)<\/strong><\/p>\n<\/li>\n<li data-start=\"1292\" data-end=\"1354\">\n<p data-start=\"1294\" data-end=\"1354\"><strong data-start=\"1294\" data-end=\"1328\">Sis\u00e4\u00e4nrakennettu litium-akku 5000 mAh<\/strong> (varavirta s\u00e4hk\u00f6katkon varalta)<\/p>\n<\/li>\n<li data-start=\"1355\" data-end=\"1417\">\n<p data-start=\"1357\" data-end=\"1417\"><strong data-start=\"1357\" data-end=\"1379\">Aurinkopaneeli (valinnainen)<\/strong> itsen\u00e4iseen ja energiatehokkaaseen toimintaan<\/p>\n<\/li>\n<\/ul>\n<p data-start=\"1419\" data-end=\"1534\">T\u00e4m\u00e4 tekee sireenist\u00e4 ihanteellisen paikkoihin, joissa verkkovirtaa ei ole saatavilla tai joissa haluat minimoida huollon ja johdotuksen tarpeen.<\/p>\n<hr data-start=\"1536\" data-end=\"1539\" \/>\n<h3 data-start=\"1541\" data-end=\"1571\">Osa SecureX-j\u00e4rjestelm\u00e4\u00e4<\/h3>\n<p data-start=\"1572\" data-end=\"1730\">SecureX SirenGuard Pro on SecureX:n j\u00e4rjestelm\u00e4komponentti ja sit\u00e4 k\u00e4ytet\u00e4\u00e4n aina yhdess\u00e4 <strong data-start=\"1662\" data-end=\"1680\">SecureX-keskus<\/strong>, joka hoitaa kaiken viestinn\u00e4n ja h\u00e4lytysten hallinnan.<\/p>\n<ul data-start=\"1732\" data-end=\"1978\">\n<li data-start=\"1732\" data-end=\"1771\">\n<p data-start=\"1734\" data-end=\"1771\">Sireeni yhdistyy SecureX-keskittimeen<\/p>\n<\/li>\n<li data-start=\"1772\" data-end=\"1822\">\n<p data-start=\"1774\" data-end=\"1822\">Kaikki h\u00e4lytykset ja tilatiedot v\u00e4litet\u00e4\u00e4n keskuksen kautta<\/p>\n<\/li>\n<li data-start=\"1823\" data-end=\"1879\">\n<p data-start=\"1825\" data-end=\"1879\">Reaaliaikaiset push-ilmoitukset kautta <strong data-start=\"1851\" data-end=\"1877\">Stonehouse Smart -sovellus<\/strong><\/p>\n<\/li>\n<li data-start=\"1880\" data-end=\"1942\">\n<p data-start=\"1882\" data-end=\"1942\">Yhteensopivuus <strong data-start=\"1901\" data-end=\"1940\">Tuya ja Smart Life hoidetaan Hubin kautta<\/strong><\/p>\n<\/li>\n<li data-start=\"1943\" data-end=\"1978\">\n<p data-start=\"1945\" data-end=\"1978\">Sireeni\u00e4 ei k\u00e4ytet\u00e4 yksin\u00e4\u00e4n<\/p>\n<\/li>\n<\/ul>\n<hr data-start=\"1980\" data-end=\"1983\" \/>\n<h3 data-start=\"1985\" data-end=\"2007\">Edut lyhyesti<\/h3>\n<ul data-start=\"2008\" data-end=\"2375\">\n<li data-start=\"2008\" data-end=\"2058\">\n<p data-start=\"2010\" data-end=\"2058\">Kova\u00e4\u00e4ninen h\u00e4lytys jopa <strong data-start=\"2037\" data-end=\"2047\">120 dB<\/strong> (5 tasoa)<\/p>\n<\/li>\n<li data-start=\"2059\" data-end=\"2095\">\n<p data-start=\"2061\" data-end=\"2095\">Vilkkuvalo visuaalista varoitusta varten<\/p>\n<\/li>\n<li data-start=\"2096\" data-end=\"2140\">\n<p data-start=\"2098\" data-end=\"2140\">Pitk\u00e4n kantaman viestint\u00e4<\/p>\n<\/li>\n<li data-start=\"2141\" data-end=\"2180\">\n<p data-start=\"2143\" data-end=\"2180\">Sis\u00e4\u00e4nrakennettu peukalointih\u00e4lytin purkamisen yhteydess\u00e4<\/p>\n<\/li>\n<li data-start=\"2181\" data-end=\"2237\">\n<p data-start=\"2183\" data-end=\"2237\">K\u00e4ytt\u00f6 verkkolaitteella, akulla tai aurinkopaneelilla (valinnainen)<\/p>\n<\/li>\n<li data-start=\"2238\" data-end=\"2275\">\n<p data-start=\"2240\" data-end=\"2275\">T\u00e4ysi integrointi SecureX-keskuksen kautta<\/p>\n<\/li>\n<li data-start=\"2276\" data-end=\"2318\">\n<p data-start=\"2278\" data-end=\"2318\">Reaaliaikaiset ilmoitukset Stonehouse Smart -sovelluksessa<\/p>\n<\/li>\n<li data-start=\"2319\" data-end=\"2375\">\n<p data-start=\"2321\" data-end=\"2375\">S\u00e4\u00e4nkest\u00e4v\u00e4 ja kest\u00e4v\u00e4 rakenne ulkok\u00e4ytt\u00f6\u00f6n<\/p>\n<\/li>\n<\/ul>\n<hr data-start=\"2377\" data-end=\"2380\" \/>\n<h3 data-start=\"2382\" data-end=\"2412\">Tyypillisi\u00e4 k\u00e4ytt\u00f6tarkoituksia<\/h3>\n<ul data-start=\"2413\" data-end=\"2550\">\n<li data-start=\"2413\" data-end=\"2440\">\n<p data-start=\"2415\" data-end=\"2440\">Huvilat ja kes\u00e4m\u00f6kit<\/p>\n<\/li>\n<li data-start=\"2441\" data-end=\"2470\">\n<p data-start=\"2443\" data-end=\"2470\">Yritykset ja liiketilat<\/p>\n<\/li>\n<li data-start=\"2471\" data-end=\"2508\">\n<p data-start=\"2473\" data-end=\"2508\">Autotallit, varastot ja teollisuusalueet<\/p>\n<\/li>\n<li data-start=\"2509\" data-end=\"2550\">\n<p data-start=\"2511\" data-end=\"2550\">Ulkoymp\u00e4rist\u00f6t, joissa on korkeat turvallisuusvaatimukset<\/p>\n<\/li>\n<\/ul>\n<hr data-start=\"2552\" data-end=\"2555\" \/>\n<h3 data-start=\"2557\" data-end=\"2582\">Tekniset tiedot<\/h3>\n<ul data-start=\"2583\" data-end=\"2983\">\n<li data-start=\"2583\" data-end=\"2644\">\n<p data-start=\"2585\" data-end=\"2644\">Virtal\u00e4hde: DC 6-15 V \/ 1A tai aurinkopaneeli (valinnainen)<\/p>\n<\/li>\n<li data-start=\"2645\" data-end=\"2681\">\n<p data-start=\"2647\" data-end=\"2681\">Akku: 3,7 V \/ 5000 mAh litium<\/p>\n<\/li>\n<li data-start=\"2682\" data-end=\"2710\">\n<p data-start=\"2684\" data-end=\"2710\">Valmiustilan virta: noin 0,25 mA<\/p>\n<\/li>\n<li data-start=\"2711\" data-end=\"2734\">\n<p data-start=\"2713\" data-end=\"2734\">H\u00e4lytysvirta: &lt;500 mA<\/p>\n<\/li>\n<li data-start=\"2735\" data-end=\"2773\">\n<p data-start=\"2737\" data-end=\"2773\">\u00c4\u00e4nentaso: Jopa 120 dB (5 tasoa)<\/p>\n<\/li>\n<li data-start=\"2774\" data-end=\"2823\">\n<p data-start=\"2776\" data-end=\"2823\">Langaton tekniikka: Pitk\u00e4n kantaman, SecureX-koodattu<\/p>\n<\/li>\n<li data-start=\"2824\" data-end=\"2866\">\n<p data-start=\"2826\" data-end=\"2866\">Kantama: Jopa noin 500 m (suoraan n\u00e4k\u00f6yhteydess\u00e4)<\/p>\n<\/li>\n<li data-start=\"2867\" data-end=\"2907\">\n<p data-start=\"2869\" data-end=\"2907\">K\u00e4ytt\u00f6l\u00e4mp\u00f6tila: \u221220 \u00b0C - +50 \u00b0C<\/p>\n<\/li>\n<li data-start=\"2908\" data-end=\"2955\">\n<p data-start=\"2910\" data-end=\"2955\">Suhteellinen kosteus: &lt;95 % (ei tiivistyv\u00e4)<\/p>\n<\/li>\n<li data-start=\"2956\" data-end=\"2983\">\n<p data-start=\"2958\" data-end=\"2983\">Mitat: 270 \u00d7 180 \u00d7 47 mm<\/p>\n<\/li>\n<\/ul>\n<hr data-start=\"2985\" data-end=\"2988\" \/>\n<h3 data-start=\"2990\" data-end=\"3010\">Toimituksen sis\u00e4lt\u00f6<\/h3>\n<ul data-start=\"3011\" data-end=\"3187\">\n<li data-start=\"3011\" data-end=\"3056\">\n<p data-start=\"3013\" data-end=\"3056\">SecureX SirenGuard Pro ulkosireeni: 1 kpl<\/p>\n<\/li>\n<li data-start=\"3057\" data-end=\"3087\">\n<p data-start=\"3059\" data-end=\"3087\">Sein\u00e4kiinnityslevy: 1 kpl<\/p>\n<\/li>\n<li data-start=\"3088\" data-end=\"3105\">\n<p data-start=\"3090\" data-end=\"3105\">Ruuvit: 4 kpl<\/p>\n<\/li>\n<li data-start=\"3106\" data-end=\"3121\">\n<p data-start=\"3108\" data-end=\"3121\">Pistoke: 4 kpl<\/p>\n<\/li>\n<li data-start=\"3122\" data-end=\"3170\">\n<p data-start=\"3124\" data-end=\"3170\">USB-C-virtal\u00e4hde (verkkovirtaliit\u00e4nt\u00e4\u00e4n): 1 kpl<\/p>\n<\/li>\n<li data-start=\"3171\" data-end=\"3187\">\n<p data-start=\"3173\" data-end=\"3187\">K\u00e4ytt\u00f6ohje: 1 kpl<\/p>\n<\/li>\n<\/ul>","protected":false},"excerpt":{"rendered":"<p>SecureX SirenGuard Pro on tehokas ulkosireeni, jossa on s\u00e4\u00e4dett\u00e4v\u00e4 \u00e4\u00e4nenvoimakkuus jopa 120 dB:iin asti, vilkkuva valo ja peukalointih\u00e4lytys.<\/p>\n<p>T\u00e4ysin integroitu SecureX-keskittimeen, optimoitu Stonehouse Smart -sovellukselle.<\/p>\n<p>Saa virtansa sis\u00e4\u00e4nrakennetusta akusta, verkkolaitteesta tai aurinkopaneelista (valinnainen) maksimaalisen joustavuuden takaamiseksi.<\/p>","protected":false},"featured_media":4691,"template":"","meta":{"_acf_changed":false,"inline_featured_image":false,"site-sidebar-layout":"default","site-content-layout":"","ast-site-content-layout":"default","site-content-style":"default","site-sidebar-style":"default","ast-global-header-display":"","ast-banner-title-visibility":"","ast-main-header-display":"","ast-hfb-above-header-display":"","ast-hfb-below-header-display":"","ast-hfb-mobile-header-display":"","site-post-title":"","ast-breadcrumbs-content":"","ast-featured-img":"","footer-sml-layout":"","ast-disable-related-posts":"","theme-transparent-header-meta":"default","adv-header-id-meta":"","stick-header-meta":"","header-above-stick-meta":"","header-main-stick-meta":"","header-below-stick-meta":"","astra-migrate-meta-layouts":"set","ast-page-background-enabled":"default","ast-page-background-meta":{"desktop":{"background-color":"","background-image":"","background-repeat":"repeat","background-position":"center center","background-size":"auto","background-attachment":"scroll","background-type":"","background-media":"","overlay-type":"","overlay-color":"","overlay-opacity":"","overlay-gradient":""},"tablet":{"background-color":"","background-image":"","background-repeat":"repeat","background-position":"center center","background-size":"auto","background-attachment":"scroll","background-type":"","background-media":"","overlay-type":"","overlay-color":"","overlay-opacity":"","overlay-gradient":""},"mobile":{"background-color":"","background-image":"","background-repeat":"repeat","background-position":"center center","background-size":"auto","background-attachment":"scroll","background-type":"","background-media":"","overlay-type":"","overlay-color":"","overlay-opacity":"","overlay-gradient":""}},"ast-content-background-meta":{"desktop":{"background-color":"var(--ast-global-color-5)","background-image":"","background-repeat":"repeat","background-position":"center center","background-size":"auto","background-attachment":"scroll","background-type":"","background-media":"","overlay-type":"","overlay-color":"","overlay-opacity":"","overlay-gradient":""},"tablet":{"background-color":"var(--ast-global-color-5)","background-image":"","background-repeat":"repeat","background-position":"center center","background-size":"auto","background-attachment":"scroll","background-type":"","background-media":"","overlay-type":"","overlay-color":"","overlay-opacity":"","overlay-gradient":""},"mobile":{"background-color":"var(--ast-global-color-5)","background-image":"","background-repeat":"repeat","background-position":"center center","background-size":"auto","background-attachment":"scroll","background-type":"","background-media":"","overlay-type":"","overlay-color":"","overlay-opacity":"","overlay-gradient":""}}},"product_brand":[233],"product_cat":[48,65],"product_tag":[],"class_list":{"0":"post-4236","1":"product","2":"type-product","3":"status-publish","4":"has-post-thumbnail","6":"product_brand-connect-pro","7":"product_cat-securex-smart-alarm","8":"product_cat-sirener","9":"pa_brands-securex-connect-pro","10":"pa_brands-stonehouse-smart","11":"desktop-align-left","12":"tablet-align-center","13":"mobile-align-center","15":"first","16":"instock","17":"shipping-taxable","18":"product-type-simple"},"acf":[],"_links":{"self":[{"href":"https:\/\/stonehousesmart.se\/fi\/wp-json\/wp\/v2\/product\/4236","targetHints":{"allow":["GET"]}}],"collection":[{"href":"https:\/\/stonehousesmart.se\/fi\/wp-json\/wp\/v2\/product"}],"about":[{"href":"https:\/\/stonehousesmart.se\/fi\/wp-json\/wp\/v2\/types\/product"}],"wp:featuredmedia":[{"embeddable":true,"href":"https:\/\/stonehousesmart.se\/fi\/wp-json\/wp\/v2\/media\/4691"}],"wp:attachment":[{"href":"https:\/\/stonehousesmart.se\/fi\/wp-json\/wp\/v2\/media?parent=4236"}],"wp:term":[{"taxonomy":"product_brand","embeddable":true,"href":"https:\/\/stonehousesmart.se\/fi\/wp-json\/wp\/v2\/product_brand?post=4236"},{"taxonomy":"product_cat","embeddable":true,"href":"https:\/\/stonehousesmart.se\/fi\/wp-json\/wp\/v2\/product_cat?post=4236"},{"taxonomy":"product_tag","embeddable":true,"href":"https:\/\/stonehousesmart.se\/fi\/wp-json\/wp\/v2\/product_tag?post=4236"}],"curies":[{"name":"wp","href":"https:\/\/api.w.org\/{rel}","templated":true}]}}