{"id":4686,"date":"2025-09-15T11:16:44","date_gmt":"2025-09-15T09:16:44","guid":{"rendered":"https:\/\/stonehousesmart.se\/product\/securex-doorsense-garage-larm-2\/"},"modified":"2026-03-27T14:42:18","modified_gmt":"2026-03-27T13:42:18","slug":"securex-doorsense-garage-larm","status":"publish","type":"product","link":"https:\/\/stonehousesmart.se\/fi\/product\/securex-doorsense-garage-larm\/","title":{"rendered":"SecureX DoorSense Garage \u2013 Langaton rullaoville ja teollisuusoville"},"content":{"rendered":"<h2 data-start=\"238\" data-end=\"323\">SecureX DoorSense Garage \u2013 langaton anturi autotallin oville ja teollisuusoville<\/h2>\n<p data-start=\"325\" data-end=\"653\">SecureX DoorSense Garage on <strong data-start=\"356\" data-end=\"396\">kest\u00e4v\u00e4 ja luotettava langaton anturi<\/strong> kehitetty autotallin ovien, rullaverhojen, teollisuusovien ja porttien valvontaan. Anturi rekister\u00f6i v\u00e4litt\u00f6m\u00e4sti oven avaamisen tai siihen kohdistuvan peukaloinnin ja l\u00e4hett\u00e4\u00e4 h\u00e4lytyksen suoraan <strong data-start=\"593\" data-end=\"611\">SecureX-keskus<\/strong>, joka k\u00e4sittelee h\u00e4lytyksen keskitetysti j\u00e4rjestelm\u00e4ss\u00e4.<\/p>\n<p data-start=\"655\" data-end=\"811\">Kautta <strong data-start=\"659\" data-end=\"685\">Stonehouse Smart -sovellus<\/strong> Saat reaaliaikaisia push-ilmoituksia ja t\u00e4yden yleiskatsauksen porttien tilasta \u2013 riippumatta siit\u00e4, oletko paikan p\u00e4\u00e4ll\u00e4 vai et\u00e4n\u00e4.<\/p>\n<hr data-start=\"813\" data-end=\"816\" \/>\n<h3 data-start=\"818\" data-end=\"858\">Luotettava suojaus vaativiin ymp\u00e4rist\u00f6ihin<\/h3>\n<p data-start=\"859\" data-end=\"1110\">DoorSense Garage on suunniteltu toimimaan sek\u00e4 yksityis- ett\u00e4 teollisuusymp\u00e4rist\u00f6iss\u00e4. Se kest\u00e4\u00e4 korkeaa kosteutta (jopa 95 % suhteellinen kosteus ilman kondensaatiota) ja on suunniteltu vakaaseen toimintaan my\u00f6s autotalleissa, varastoissa ja ty\u00f6pajoissa, joissa l\u00e4mp\u00f6tila ja ymp\u00e4rist\u00f6 voivat vaihdella.<\/p>\n<p data-start=\"1112\" data-end=\"1251\">Kompaktin ja huomaamattoman rakenteensa ansiosta anturi on helppo asentaa jopa suurempiin portteihin ja oviin h\u00e4iritsem\u00e4tt\u00e4 sen toimintaa tai ulkon\u00e4k\u00f6\u00e4.<\/p>\n<hr data-start=\"1253\" data-end=\"1256\" \/>\n<h3 data-start=\"1258\" data-end=\"1300\">Vakaa tiedonsiirto ja pitk\u00e4 akunkesto<\/h3>\n<p data-start=\"1301\" data-end=\"1541\">Anturi kommunikoi langattomasti ns. <strong data-start=\"1335\" data-end=\"1355\">433 MHz (EV1527)<\/strong> SecureX-keskittimen kanssa ja se on koodattu SecureX-j\u00e4rjestelm\u00e4lle turvallisen ja vakaan tiedonsiirron takaamiseksi. DoorSense Garage toimii <strong data-start=\"1472\" data-end=\"1491\">23A 12V akku<\/strong>, mik\u00e4 tarjoaa pitk\u00e4n k\u00e4ytt\u00f6i\u00e4n ja minimaalisen huollontarpeen.<\/p>\n<hr data-start=\"1543\" data-end=\"1546\" \/>\n<h3 data-start=\"1548\" data-end=\"1578\">Osa SecureX-j\u00e4rjestelm\u00e4\u00e4<\/h3>\n<p data-start=\"1579\" data-end=\"1679\">SecureX DoorSense Garage on SecureX:n anturi, jota k\u00e4ytet\u00e4\u00e4n aina yhdess\u00e4 SecureX-keskittimen kanssa.<\/p>\n<ul data-start=\"1681\" data-end=\"1862\">\n<li data-start=\"1681\" data-end=\"1720\">\n<p data-start=\"1683\" data-end=\"1720\">Anturi yhdistet\u00e4\u00e4n SecureX-keskittimeen<\/p>\n<\/li>\n<li data-start=\"1721\" data-end=\"1758\">\n<p data-start=\"1723\" data-end=\"1758\">Kaikki h\u00e4lytysten k\u00e4sittely tapahtuu keskittimen kautta<\/p>\n<\/li>\n<li data-start=\"1759\" data-end=\"1821\">\n<p data-start=\"1761\" data-end=\"1821\">Yhteensopivuus <strong data-start=\"1780\" data-end=\"1819\">Tuya ja Smart Life hoidetaan Hubin kautta<\/strong><\/p>\n<\/li>\n<li data-start=\"1822\" data-end=\"1862\">\n<p data-start=\"1824\" data-end=\"1862\">Anturia ei voi k\u00e4ytt\u00e4\u00e4 itsen\u00e4isesti<\/p>\n<\/li>\n<\/ul>\n<p data-start=\"1864\" data-end=\"1921\">T\u00e4m\u00e4 koskee t\u00e4t\u00e4 tuotetta ja kaikkia SecureX-antureita.<\/p>\n<hr data-start=\"1923\" data-end=\"1926\" \/>\n<h3 data-start=\"1928\" data-end=\"1950\">Edut lyhyesti<\/h3>\n<ul data-start=\"1951\" data-end=\"2283\">\n<li data-start=\"1951\" data-end=\"2016\">\n<p data-start=\"1953\" data-end=\"2016\">Sopii autotallin oviin, rullaoviin ja teollisuusoviin<\/p>\n<\/li>\n<li data-start=\"2017\" data-end=\"2056\">\n<p data-start=\"2019\" data-end=\"2056\">H\u00e4lytys avattaessa tai peukaloitaessa<\/p>\n<\/li>\n<li data-start=\"2057\" data-end=\"2096\">\n<p data-start=\"2059\" data-end=\"2096\">T\u00e4ysi integrointi SecureX-keskittimen kanssa<\/p>\n<\/li>\n<li data-start=\"2097\" data-end=\"2137\">\n<p data-start=\"2099\" data-end=\"2137\">Push-ilmoitukset Stonehouse Smart -sovelluksessa<\/p>\n<\/li>\n<li data-start=\"2138\" data-end=\"2180\">\n<p data-start=\"2140\" data-end=\"2180\">Vakaa langaton tiedonsiirto (433 MHz)<\/p>\n<\/li>\n<li data-start=\"2181\" data-end=\"2224\">\n<p data-start=\"2183\" data-end=\"2224\">Kest\u00e4v\u00e4 rakenne vaativiin ymp\u00e4rist\u00f6ihin<\/p>\n<\/li>\n<li data-start=\"2225\" data-end=\"2260\">\n<p data-start=\"2227\" data-end=\"2260\">Paristok\u00e4ytt\u00f6 pitk\u00e4n k\u00e4ytt\u00f6i\u00e4n takaamiseksi<\/p>\n<\/li>\n<li data-start=\"2261\" data-end=\"2283\">\n<p data-start=\"2263\" data-end=\"2283\">Helppo asennus<\/p>\n<\/li>\n<\/ul>\n<hr data-start=\"2285\" data-end=\"2288\" \/>\n<h3 data-start=\"2290\" data-end=\"2320\">Tyypillisi\u00e4 k\u00e4ytt\u00f6tarkoituksia<\/h3>\n<ul data-start=\"2321\" data-end=\"2456\">\n<li data-start=\"2321\" data-end=\"2365\">\n<p data-start=\"2323\" data-end=\"2365\">Autotallin ovet huviloissa ja kerrostaloissa<\/p>\n<\/li>\n<li data-start=\"2366\" data-end=\"2405\">\n<p data-start=\"2368\" data-end=\"2405\">Teollisuusovet ja rullaovet<\/p>\n<\/li>\n<li data-start=\"2406\" data-end=\"2423\">\n<p data-start=\"2408\" data-end=\"2423\">S\u00e4ilytystilat<\/p>\n<\/li>\n<li data-start=\"2424\" data-end=\"2456\">\n<p data-start=\"2426\" data-end=\"2456\">Ty\u00f6pajat ja liiketilat<\/p>\n<\/li>\n<\/ul>\n<hr data-start=\"2458\" data-end=\"2461\" \/>\n<h3 data-start=\"2463\" data-end=\"2488\">Tekniset tiedot<\/h3>\n<ul data-start=\"2489\" data-end=\"2704\">\n<li data-start=\"2489\" data-end=\"2506\">\n<p data-start=\"2491\" data-end=\"2506\">Malli: SS010<\/p>\n<\/li>\n<li data-start=\"2507\" data-end=\"2544\">\n<p data-start=\"2509\" data-end=\"2544\">Virtal\u00e4hde: 23A 12V akku<\/p>\n<\/li>\n<li data-start=\"2545\" data-end=\"2599\">\n<p data-start=\"2547\" data-end=\"2599\">Tiedonsiirto: 433 MHz (EV1527), koodattu SecureX:lle<\/p>\n<\/li>\n<li data-start=\"2600\" data-end=\"2647\">\n<p data-start=\"2602\" data-end=\"2647\">Suhteellinen kosteus: &lt;95 % (ei tiivistyv\u00e4)<\/p>\n<\/li>\n<li data-start=\"2648\" data-end=\"2668\">\n<p data-start=\"2650\" data-end=\"2668\">Paino: noin 0,05 kg<\/p>\n<\/li>\n<li data-start=\"2669\" data-end=\"2704\">\n<p data-start=\"2671\" data-end=\"2704\">Pakkauksen mitat: 10 \u00d7 8 \u00d7 6 cm<\/p>\n<\/li>\n<\/ul>\n<hr data-start=\"2706\" data-end=\"2709\" \/>\n<h3 data-start=\"2711\" data-end=\"2731\">Toimituksen sis\u00e4lt\u00f6<\/h3>\n<ul data-start=\"2732\" data-end=\"2818\">\n<li data-start=\"2732\" data-end=\"2773\">\n<p data-start=\"2734\" data-end=\"2773\">SecureX DoorSense -autotallin anturi: 1 kpl<\/p>\n<\/li>\n<li data-start=\"2774\" data-end=\"2801\">\n<p data-start=\"2776\" data-end=\"2801\">Kiinnitysruuvit: 4 kpl<\/p>\n<\/li>\n<li data-start=\"2802\" data-end=\"2818\">\n<p data-start=\"2804\" data-end=\"2818\">K\u00e4ytt\u00f6ohje: 1 kpl<\/p>\n<\/li>\n<\/ul>","protected":false},"excerpt":{"rendered":"<p>SecureX DoorSense rullakaihtimille ja teollisuusoville on langaton magneettinen kosketin, joka tarjoaa luotettavaa valvontaa WiFi:n ja 433 MHz:n taajuuden kautta.<\/p>\n<p>T\u00e4ysin integroitu SecureX-keskittimeen, mukautettu Stonehouse Smart -sovellukseen ja yhteensopiva Tuya\/Smart Lifen kanssa.<\/p>\n<p>Helppo asennus ja pitk\u00e4 k\u00e4ytt\u00f6ik\u00e4 23A 12V akulla.<\/p>","protected":false},"featured_media":4743,"template":"","meta":{"_acf_changed":false,"inline_featured_image":false,"site-sidebar-layout":"default","site-content-layout":"","ast-site-content-layout":"default","site-content-style":"default","site-sidebar-style":"default","ast-global-header-display":"","ast-banner-title-visibility":"","ast-main-header-display":"","ast-hfb-above-header-display":"","ast-hfb-below-header-display":"","ast-hfb-mobile-header-display":"","site-post-title":"","ast-breadcrumbs-content":"","ast-featured-img":"","footer-sml-layout":"","ast-disable-related-posts":"","theme-transparent-header-meta":"default","adv-header-id-meta":"","stick-header-meta":"","header-above-stick-meta":"","header-main-stick-meta":"","header-below-stick-meta":"","astra-migrate-meta-layouts":"set","ast-page-background-enabled":"default","ast-page-background-meta":{"desktop":{"background-color":"","background-image":"","background-repeat":"repeat","background-position":"center center","background-size":"auto","background-attachment":"scroll","background-type":"","background-media":"","overlay-type":"","overlay-color":"","overlay-opacity":"","overlay-gradient":""},"tablet":{"background-color":"","background-image":"","background-repeat":"repeat","background-position":"center center","background-size":"auto","background-attachment":"scroll","background-type":"","background-media":"","overlay-type":"","overlay-color":"","overlay-opacity":"","overlay-gradient":""},"mobile":{"background-color":"","background-image":"","background-repeat":"repeat","background-position":"center center","background-size":"auto","background-attachment":"scroll","background-type":"","background-media":"","overlay-type":"","overlay-color":"","overlay-opacity":"","overlay-gradient":""}},"ast-content-background-meta":{"desktop":{"background-color":"var(--ast-global-color-5)","background-image":"","background-repeat":"repeat","background-position":"center center","background-size":"auto","background-attachment":"scroll","background-type":"","background-media":"","overlay-type":"","overlay-color":"","overlay-opacity":"","overlay-gradient":""},"tablet":{"background-color":"var(--ast-global-color-5)","background-image":"","background-repeat":"repeat","background-position":"center center","background-size":"auto","background-attachment":"scroll","background-type":"","background-media":"","overlay-type":"","overlay-color":"","overlay-opacity":"","overlay-gradient":""},"mobile":{"background-color":"var(--ast-global-color-5)","background-image":"","background-repeat":"repeat","background-position":"center center","background-size":"auto","background-attachment":"scroll","background-type":"","background-media":"","overlay-type":"","overlay-color":"","overlay-opacity":"","overlay-gradient":""}}},"product_brand":[233],"product_cat":[48,49],"product_tag":[],"class_list":{"0":"post-4686","1":"product","2":"type-product","3":"status-publish","4":"has-post-thumbnail","6":"product_brand-connect-pro","7":"product_cat-securex-smart-alarm","8":"product_cat-sensorer-dorr-fonster","9":"pa_brands-securex-connect-pro","10":"pa_brands-stonehouse-smart","11":"desktop-align-left","12":"tablet-align-center","13":"mobile-align-center","15":"first","16":"instock","17":"shipping-taxable","18":"product-type-simple"},"acf":[],"_links":{"self":[{"href":"https:\/\/stonehousesmart.se\/fi\/wp-json\/wp\/v2\/product\/4686","targetHints":{"allow":["GET"]}}],"collection":[{"href":"https:\/\/stonehousesmart.se\/fi\/wp-json\/wp\/v2\/product"}],"about":[{"href":"https:\/\/stonehousesmart.se\/fi\/wp-json\/wp\/v2\/types\/product"}],"wp:featuredmedia":[{"embeddable":true,"href":"https:\/\/stonehousesmart.se\/fi\/wp-json\/wp\/v2\/media\/4743"}],"wp:attachment":[{"href":"https:\/\/stonehousesmart.se\/fi\/wp-json\/wp\/v2\/media?parent=4686"}],"wp:term":[{"taxonomy":"product_brand","embeddable":true,"href":"https:\/\/stonehousesmart.se\/fi\/wp-json\/wp\/v2\/product_brand?post=4686"},{"taxonomy":"product_cat","embeddable":true,"href":"https:\/\/stonehousesmart.se\/fi\/wp-json\/wp\/v2\/product_cat?post=4686"},{"taxonomy":"product_tag","embeddable":true,"href":"https:\/\/stonehousesmart.se\/fi\/wp-json\/wp\/v2\/product_tag?post=4686"}],"curies":[{"name":"wp","href":"https:\/\/api.w.org\/{rel}","templated":true}]}}