{"id":5320,"date":"2025-10-02T11:32:28","date_gmt":"2025-10-02T09:32:28","guid":{"rendered":"https:\/\/stonehousesmart.se\/product\/temperatur-fuktsensor-for-wifi-vaderstation\/"},"modified":"2026-04-18T18:04:22","modified_gmt":"2026-04-18T16:04:22","slug":"temperatur-fuktsensor-for-wifi-vaderstation","status":"publish","type":"product","link":"https:\/\/stonehousesmart.se\/fi\/product\/temperatur-fuktsensor-for-wifi-vaderstation\/","title":{"rendered":"L\u00e4mp\u00f6tila- ja kosteusanturi Wifi-s\u00e4\u00e4asemalle"},"content":{"rendered":"<h1 data-start=\"342\" data-end=\"661\">L\u00e4mp\u00f6tila- ja kosteusanturi Wifi-s\u00e4\u00e4asemalle<\/h1>\n<p data-start=\"342\" data-end=\"661\">T\u00e4m\u00e4 ylim\u00e4\u00e4r\u00e4inen l\u00e4mp\u00f6tila- ja kosteusanturi on t\u00e4ydellinen lis\u00e4 WiFi-s\u00e4\u00e4asemaasi (SMH-WEATHER).<\/p>\n<p data-start=\"342\" data-end=\"661\">Vakaan langattoman l\u00e4hetyksen ansiosta jopa 100 metrin kantama mahdollistaa anturin helpon sijoittamisen erilaisiin ymp\u00e4rist\u00f6ihin ja tarkkojen lukemien saamisen suoraan j\u00e4rjestelm\u00e4\u00e4n kytketyst\u00e4 sis\u00e4yksik\u00f6st\u00e4.<\/p>\n<p data-start=\"663\" data-end=\"950\">Anturi tallentaa sek\u00e4 l\u00e4mp\u00f6tilan ett\u00e4 kosteuden reaaliajassa ja l\u00e4hett\u00e4\u00e4 n\u00e4m\u00e4 tiedot s\u00e4\u00e4asemallesi. Useiden kanavien (CH1, CH2, CH3) tuen ansiosta voit k\u00e4ytt\u00e4\u00e4 useita antureita samanaikaisesti esimerkiksi makuuhuoneiden, olohuoneiden, kellarien, talvipuutarhojen tai ulkoilman valvontaan.<\/p>\n<p data-start=\"952\" data-end=\"1308\">Asennus ja sijoittelu on helppoa \u2013 anturi voidaan joko asettaa paikoilleen tai ripustaa sein\u00e4lle. Se on energiatehokas ja suunniteltu luotettavaan toimintaan pitk\u00e4n aikaa. Useiden antureiden yhdistelm\u00e4 antaa t\u00e4ydellisen kuvan sek\u00e4 sis\u00e4- ett\u00e4 ulkoymp\u00e4rist\u00f6st\u00e4, mik\u00e4 on erityisen arvokasta niille, jotka haluavat seurata mukavuutta, energians\u00e4\u00e4st\u00f6j\u00e4 ja s\u00e4\u00e4olosuhteita.<\/p>\n<p data-start=\"1310\" data-end=\"1348\"><strong data-start=\"1310\" data-end=\"1346\">Hy\u00f6dyt ja k\u00e4ytt\u00f6tarkoitukset:<\/strong><\/p>\n<ul data-start=\"1349\" data-end=\"1612\">\n<li data-start=\"1349\" data-end=\"1390\">\n<p data-start=\"1351\" data-end=\"1390\">Hanki mittaustietoja useista huoneista tai vy\u00f6hykkeist\u00e4<\/p>\n<\/li>\n<li data-start=\"1391\" data-end=\"1430\">\n<p data-start=\"1393\" data-end=\"1430\">Langaton kantama jopa 100 metri\u00e4<\/p>\n<\/li>\n<li data-start=\"1431\" data-end=\"1467\">\n<p data-start=\"1433\" data-end=\"1467\">Monikanavainen tuki (CH1\u2013CH3)<\/p>\n<\/li>\n<li data-start=\"1468\" data-end=\"1511\">\n<p data-start=\"1470\" data-end=\"1511\">Mittaa sek\u00e4 l\u00e4mp\u00f6tilaa ett\u00e4 kosteutta<\/p>\n<\/li>\n<li data-start=\"1512\" data-end=\"1567\">\n<p data-start=\"1514\" data-end=\"1567\">Helppo koota \u2013 voidaan ripustaa tai asettaa pystyasentoon<\/p>\n<\/li>\n<li data-start=\"1568\" data-end=\"1612\">\n<p data-start=\"1570\" data-end=\"1612\">Sopii kotiin, toimistoon, talvipuutarhaan, kasvihuoneeseen jne.<\/p>\n<\/li>\n<\/ul>\n<p data-start=\"1614\" data-end=\"1645\"><strong data-start=\"1614\" data-end=\"1643\">Tekniset tiedot:<\/strong><\/p>\n<ul data-start=\"1646\" data-end=\"1790\">\n<li data-start=\"1646\" data-end=\"1687\">\n<p data-start=\"1648\" data-end=\"1687\">Toiminnot: L\u00e4mp\u00f6tilan ja kosteuden mittaus<\/p>\n<\/li>\n<li data-start=\"1688\" data-end=\"1724\">\n<p data-start=\"1690\" data-end=\"1724\">Langaton kantama: jopa 100 m<\/p>\n<\/li>\n<li data-start=\"1725\" data-end=\"1751\">\n<p data-start=\"1727\" data-end=\"1751\">Kanavat: CH1, CH2, CH3<\/p>\n<\/li>\n<li data-start=\"1752\" data-end=\"1790\">\n<p data-start=\"1754\" data-end=\"1790\">Yhteensopiva WiFi-s\u00e4\u00e4asemien kanssa<\/p>\n<\/li>\n<li data-start=\"1752\" data-end=\"1790\">K\u00e4ytt\u00f6paristot: 2 x AA (eiv\u00e4t sis\u00e4lly toimitukseen, vaan ostetaan erikseen)<\/li>\n<\/ul>","protected":false},"excerpt":{"rendered":"<p>Ylim\u00e4\u00e4r\u00e4inen l\u00e4mp\u00f6tila- ja kosteusanturi, joka yhdistet\u00e4\u00e4n helposti WiFi-s\u00e4\u00e4asemaasi, tuotenumero: SMH-WEATHER (ei SMH-WEATHER-Pro-malliin)<\/p>\n<p>Tarjoaa tarkkoja mittauksia useissa huoneissa tai ulkona jopa 100 metrin kantamalla. T\u00e4ydellinen kotiin, toimistoon, kasvihuoneeseen tai talvipuutarhaan.<\/p>","protected":false},"featured_media":5319,"template":"","meta":{"_acf_changed":false,"inline_featured_image":false,"site-sidebar-layout":"default","site-content-layout":"","ast-site-content-layout":"default","site-content-style":"default","site-sidebar-style":"default","ast-global-header-display":"","ast-banner-title-visibility":"","ast-main-header-display":"","ast-hfb-above-header-display":"","ast-hfb-below-header-display":"","ast-hfb-mobile-header-display":"","site-post-title":"","ast-breadcrumbs-content":"","ast-featured-img":"","footer-sml-layout":"","ast-disable-related-posts":"","theme-transparent-header-meta":"default","adv-header-id-meta":"","stick-header-meta":"","header-above-stick-meta":"","header-main-stick-meta":"","header-below-stick-meta":"","astra-migrate-meta-layouts":"set","ast-page-background-enabled":"default","ast-page-background-meta":{"desktop":{"background-color":"","background-image":"","background-repeat":"repeat","background-position":"center center","background-size":"auto","background-attachment":"scroll","background-type":"","background-media":"","overlay-type":"","overlay-color":"","overlay-opacity":"","overlay-gradient":""},"tablet":{"background-color":"","background-image":"","background-repeat":"repeat","background-position":"center center","background-size":"auto","background-attachment":"scroll","background-type":"","background-media":"","overlay-type":"","overlay-color":"","overlay-opacity":"","overlay-gradient":""},"mobile":{"background-color":"","background-image":"","background-repeat":"repeat","background-position":"center center","background-size":"auto","background-attachment":"scroll","background-type":"","background-media":"","overlay-type":"","overlay-color":"","overlay-opacity":"","overlay-gradient":""}},"ast-content-background-meta":{"desktop":{"background-color":"var(--ast-global-color-5)","background-image":"","background-repeat":"repeat","background-position":"center center","background-size":"auto","background-attachment":"scroll","background-type":"","background-media":"","overlay-type":"","overlay-color":"","overlay-opacity":"","overlay-gradient":""},"tablet":{"background-color":"var(--ast-global-color-5)","background-image":"","background-repeat":"repeat","background-position":"center center","background-size":"auto","background-attachment":"scroll","background-type":"","background-media":"","overlay-type":"","overlay-color":"","overlay-opacity":"","overlay-gradient":""},"mobile":{"background-color":"var(--ast-global-color-5)","background-image":"","background-repeat":"repeat","background-position":"center center","background-size":"auto","background-attachment":"scroll","background-type":"","background-media":"","overlay-type":"","overlay-color":"","overlay-opacity":"","overlay-gradient":""}}},"product_brand":[],"product_cat":[218,442],"product_tag":[],"class_list":{"0":"post-5320","1":"product","2":"type-product","3":"status-publish","4":"has-post-thumbnail","6":"product_cat-stonehouse-smart","7":"product_cat-vaderstationer","8":"product_shipping_class-postnord-varubrev","9":"desktop-align-left","10":"tablet-align-center","11":"mobile-align-center","13":"first","14":"instock","15":"shipping-taxable","16":"product-type-simple"},"acf":[],"_links":{"self":[{"href":"https:\/\/stonehousesmart.se\/fi\/wp-json\/wp\/v2\/product\/5320","targetHints":{"allow":["GET"]}}],"collection":[{"href":"https:\/\/stonehousesmart.se\/fi\/wp-json\/wp\/v2\/product"}],"about":[{"href":"https:\/\/stonehousesmart.se\/fi\/wp-json\/wp\/v2\/types\/product"}],"wp:featuredmedia":[{"embeddable":true,"href":"https:\/\/stonehousesmart.se\/fi\/wp-json\/wp\/v2\/media\/5319"}],"wp:attachment":[{"href":"https:\/\/stonehousesmart.se\/fi\/wp-json\/wp\/v2\/media?parent=5320"}],"wp:term":[{"taxonomy":"product_brand","embeddable":true,"href":"https:\/\/stonehousesmart.se\/fi\/wp-json\/wp\/v2\/product_brand?post=5320"},{"taxonomy":"product_cat","embeddable":true,"href":"https:\/\/stonehousesmart.se\/fi\/wp-json\/wp\/v2\/product_cat?post=5320"},{"taxonomy":"product_tag","embeddable":true,"href":"https:\/\/stonehousesmart.se\/fi\/wp-json\/wp\/v2\/product_tag?post=5320"}],"curies":[{"name":"wp","href":"https:\/\/api.w.org\/{rel}","templated":true}]}}