{"id":4155,"date":"2025-09-15T11:16:45","date_gmt":"2025-09-15T09:16:45","guid":{"rendered":"https:\/\/stonehousesmart.se\/product\/securex-aquaguard-upptacker-vattenlackor-tidigt\/"},"modified":"2026-03-27T14:38:59","modified_gmt":"2026-03-27T13:38:59","slug":"securex-aquaguard-tradlos-vattendetektor","status":"publish","type":"product","link":"https:\/\/stonehousesmart.se\/fr\/product\/securex-aquaguard-tradlos-vattendetektor\/","title":{"rendered":"SecureX AquaGuard \u2013 D\u00e9tecteur d&#039;eau sans fil"},"content":{"rendered":"<h2 data-start=\"206\" data-end=\"281\">SecureX AquaGuard \u2013 d\u00e9tecteur d&#039;eau sans fil pour la d\u00e9tection pr\u00e9coce des fuites<\/h2>\n<p data-start=\"283\" data-end=\"562\">SecureX AquaGuard est un d\u00e9tecteur d&#039;eau sans fil fiable et facile \u00e0 installer qui offre <strong data-start=\"367\" data-end=\"405\">Avertissement imm\u00e9diat des fuites d&#039;eau<\/strong>. Il est con\u00e7u pour d\u00e9tecter l&#039;eau \u00e0 un stade pr\u00e9coce et ainsi r\u00e9duire le risque de d\u00e9g\u00e2ts des eaux co\u00fbteux dans les habitations, les r\u00e9sidences secondaires et les environnements commerciaux.<\/p>\n<p data-start=\"564\" data-end=\"671\">Lorsque l&#039;AquaGuard entre en contact avec l&#039;eau, l&#039;alarme est envoy\u00e9e directement \u00e0 <strong data-start=\"633\" data-end=\"651\">Centre de s\u00e9curit\u00e9 X<\/strong>, ce qui \u00e0 son tour peut :<\/p>\n<ul data-start=\"672\" data-end=\"813\">\n<li data-start=\"672\" data-end=\"700\">\n<p data-start=\"674\" data-end=\"700\">activer l&#039;alarme dans le syst\u00e8me<\/p>\n<\/li>\n<li data-start=\"701\" data-end=\"764\">\n<p data-start=\"703\" data-end=\"764\">envoyer des notifications push en temps r\u00e9el via <strong data-start=\"736\" data-end=\"762\">L&#039;application Stonehouse Smart<\/strong><\/p>\n<\/li>\n<li data-start=\"765\" data-end=\"813\">\n<p data-start=\"767\" data-end=\"813\">d\u00e9clencher d&#039;autres actions dans votre syst\u00e8me SecureX<\/p>\n<\/li>\n<\/ul>\n<p data-start=\"815\" data-end=\"1004\">Le capteur fonctionne <strong data-start=\"832\" data-end=\"865\">localement en collaboration avec le centre<\/strong>, Cela signifie que l&#039;alarme d&#039;eau fonctionne m\u00eame sans connexion internet. Internet est uniquement n\u00e9cessaire pour les notifications, l&#039;acc\u00e8s \u00e0 distance et l&#039;historique dans l&#039;application.<\/p>\n<hr data-start=\"1006\" data-end=\"1009\" \/>\n<h3 data-start=\"1011\" data-end=\"1065\">Installation facile \u2013 prot\u00e8ge l\u00e0 o\u00f9 c&#039;est vraiment n\u00e9cessaire<\/h3>\n<p data-start=\"1066\" data-end=\"1156\">SecureX AquaGuard se place directement sur le sol, l\u00e0 o\u00f9 les fuites d&#039;eau se produisent le plus souvent, par exemple\u00a0:<\/p>\n<ul data-start=\"1157\" data-end=\"1296\">\n<li data-start=\"1157\" data-end=\"1175\">\n<p data-start=\"1159\" data-end=\"1175\">sous l&#039;\u00e9vier<\/p>\n<\/li>\n<li data-start=\"1176\" data-end=\"1212\">\n<p data-start=\"1178\" data-end=\"1212\">au lave-vaisselle ou \u00e0 la machine \u00e0 laver<\/p>\n<\/li>\n<li data-start=\"1213\" data-end=\"1251\">\n<p data-start=\"1215\" data-end=\"1251\">dans les sous-sols, les chaufferies ou les locaux techniques<\/p>\n<\/li>\n<li data-start=\"1252\" data-end=\"1296\">\n<p data-start=\"1254\" data-end=\"1296\">dans les maisons de vacances o\u00f9 la surveillance est moins fr\u00e9quente<\/p>\n<\/li>\n<\/ul>\n<p data-start=\"1298\" data-end=\"1414\">L&#039;installation est enti\u00e8rement sans fil et ne n\u00e9cessite aucun outil. Le capteur se fixe facilement gr\u00e2ce \u00e0 l&#039;adh\u00e9sif double face fourni.<\/p>\n<hr data-start=\"1416\" data-end=\"1419\" \/>\n<h3 data-start=\"1421\" data-end=\"1465\">Communication stable et longue autonomie de la batterie<\/h3>\n<p data-start=\"1466\" data-end=\"1734\">AquaGuard communique sans fil via <strong data-start=\"1502\" data-end=\"1522\">433 MHz (EV1527)<\/strong> avec le hub SecureX et peut jusqu&#039;\u00e0 <strong data-start=\"1559\" data-end=\"1593\">Port\u00e9e de 100 m\u00e8tres en champ libre<\/strong>. Il est aliment\u00e9 par <strong data-start=\"1608\" data-end=\"1636\">2 piles AA (DC 3V)<\/strong> et sa tr\u00e8s faible consommation d&#039;\u00e9nergie assure une longue dur\u00e9e de vie de la batterie et un fonctionnement fiable dans le temps.<\/p>\n<p data-start=\"1736\" data-end=\"1766\">Un indicateur LED clair indique\u00a0:<\/p>\n<ul data-start=\"1767\" data-end=\"1830\">\n<li data-start=\"1767\" data-end=\"1781\">\n<p data-start=\"1769\" data-end=\"1781\">\u00e9tat d&#039;alarme<\/p>\n<\/li>\n<li data-start=\"1782\" data-end=\"1801\">\n<p data-start=\"1784\" data-end=\"1801\">niveau de batterie faible<\/p>\n<\/li>\n<li data-start=\"1802\" data-end=\"1830\">\n<p data-start=\"1804\" data-end=\"1830\">\u00e9tat de d\u00e9marrage et de fonctionnement<\/p>\n<\/li>\n<\/ul>\n<hr data-start=\"1832\" data-end=\"1835\" \/>\n<h3 data-start=\"1837\" data-end=\"1867\">Faisant partie du syst\u00e8me SecureX<\/h3>\n<p data-start=\"1868\" data-end=\"1973\">SecureX AquaGuard est un capteur pour SecureX et s&#039;utilise avec le hub SecureX. Gr\u00e2ce au hub, vous b\u00e9n\u00e9ficiez de\u00a0:<\/p>\n<ul data-start=\"1974\" data-end=\"2107\">\n<li data-start=\"1974\" data-end=\"2003\">\n<p data-start=\"1976\" data-end=\"2003\">gestion centralis\u00e9e des alarmes<\/p>\n<\/li>\n<li data-start=\"2004\" data-end=\"2040\">\n<p data-start=\"2006\" data-end=\"2040\">notifications dans l&#039;application Stonehouse Smart<\/p>\n<\/li>\n<li data-start=\"2041\" data-end=\"2107\">\n<p data-start=\"2043\" data-end=\"2107\">possibilit\u00e9 de combiner les d\u00e9tecteurs d&#039;eau avec d&#039;autres capteurs SecureX<\/p>\n<\/li>\n<\/ul>\n<hr data-start=\"2109\" data-end=\"2112\" \/>\n<h3 data-start=\"2114\" data-end=\"2136\">Avantages en bref<\/h3>\n<ul data-start=\"2137\" data-end=\"2424\">\n<li data-start=\"2137\" data-end=\"2171\">\n<p data-start=\"2139\" data-end=\"2171\">D\u00e9tection pr\u00e9coce des fuites d&#039;eau<\/p>\n<\/li>\n<li data-start=\"2172\" data-end=\"2210\">\n<p data-start=\"2174\" data-end=\"2210\">Fonctionne en local m\u00eame sans internet<\/p>\n<\/li>\n<li data-start=\"2211\" data-end=\"2257\">\n<p data-start=\"2213\" data-end=\"2257\">Notifications en temps r\u00e9el via l&#039;application Stonehouse Smart<\/p>\n<\/li>\n<li data-start=\"2258\" data-end=\"2293\">\n<p data-start=\"2260\" data-end=\"2293\">Communication sans fil (433 MHz)<\/p>\n<\/li>\n<li data-start=\"2294\" data-end=\"2332\">\n<p data-start=\"2296\" data-end=\"2332\">Installation facile sans c\u00e2blage<\/p>\n<\/li>\n<li data-start=\"2333\" data-end=\"2377\">\n<p data-start=\"2335\" data-end=\"2377\">Faible consommation d&#039;\u00e9nergie et longue dur\u00e9e de vie de la batterie<\/p>\n<\/li>\n<li data-start=\"2378\" data-end=\"2424\">\n<p data-start=\"2380\" data-end=\"2424\">Voyant LED clair indiquant l&#039;alarme et la batterie<\/p>\n<\/li>\n<\/ul>\n<hr data-start=\"2426\" data-end=\"2429\" \/>\n<h3 data-start=\"2431\" data-end=\"2453\">Parfaitement adapt\u00e9 pour<\/h3>\n<ul data-start=\"2454\" data-end=\"2586\">\n<li data-start=\"2454\" data-end=\"2479\">\n<p data-start=\"2456\" data-end=\"2479\">Villas et appartements<\/p>\n<\/li>\n<li data-start=\"2480\" data-end=\"2511\">\n<p data-start=\"2482\" data-end=\"2511\">Maisons de vacances et chalets d&#039;\u00e9t\u00e9<\/p>\n<\/li>\n<li data-start=\"2512\" data-end=\"2548\">\n<p data-start=\"2514\" data-end=\"2548\">Sous-sols, buanderies et chaufferies<\/p>\n<\/li>\n<li data-start=\"2549\" data-end=\"2586\">\n<p data-start=\"2551\" data-end=\"2586\">Entreprises, entrep\u00f4ts et espaces techniques<\/p>\n<\/li>\n<\/ul>","protected":false},"excerpt":{"rendered":"<p><strong data-start=\"2052\" data-end=\"2114\">D\u00e9tecteur d&#039;eau sans fil pour la d\u00e9tection pr\u00e9coce des fuites d&#039;eau.<\/strong><br data-start=\"2114\" data-end=\"2117\" \/>Il s&#039;int\u00e8gre au hub SecureX, fournit des notifications via une application et se monte facilement sans c\u00e2blage.<\/p>","protected":false},"featured_media":4722,"template":"","meta":{"_acf_changed":false,"inline_featured_image":false,"site-sidebar-layout":"default","site-content-layout":"","ast-site-content-layout":"default","site-content-style":"default","site-sidebar-style":"default","ast-global-header-display":"","ast-banner-title-visibility":"","ast-main-header-display":"","ast-hfb-above-header-display":"","ast-hfb-below-header-display":"","ast-hfb-mobile-header-display":"","site-post-title":"","ast-breadcrumbs-content":"","ast-featured-img":"","footer-sml-layout":"","ast-disable-related-posts":"","theme-transparent-header-meta":"default","adv-header-id-meta":"","stick-header-meta":"","header-above-stick-meta":"","header-main-stick-meta":"","header-below-stick-meta":"","astra-migrate-meta-layouts":"set","ast-page-background-enabled":"default","ast-page-background-meta":{"desktop":{"background-color":"","background-image":"","background-repeat":"repeat","background-position":"center center","background-size":"auto","background-attachment":"scroll","background-type":"","background-media":"","overlay-type":"","overlay-color":"","overlay-opacity":"","overlay-gradient":""},"tablet":{"background-color":"","background-image":"","background-repeat":"repeat","background-position":"center center","background-size":"auto","background-attachment":"scroll","background-type":"","background-media":"","overlay-type":"","overlay-color":"","overlay-opacity":"","overlay-gradient":""},"mobile":{"background-color":"","background-image":"","background-repeat":"repeat","background-position":"center center","background-size":"auto","background-attachment":"scroll","background-type":"","background-media":"","overlay-type":"","overlay-color":"","overlay-opacity":"","overlay-gradient":""}},"ast-content-background-meta":{"desktop":{"background-color":"var(--ast-global-color-5)","background-image":"","background-repeat":"repeat","background-position":"center center","background-size":"auto","background-attachment":"scroll","background-type":"","background-media":"","overlay-type":"","overlay-color":"","overlay-opacity":"","overlay-gradient":""},"tablet":{"background-color":"var(--ast-global-color-5)","background-image":"","background-repeat":"repeat","background-position":"center center","background-size":"auto","background-attachment":"scroll","background-type":"","background-media":"","overlay-type":"","overlay-color":"","overlay-opacity":"","overlay-gradient":""},"mobile":{"background-color":"var(--ast-global-color-5)","background-image":"","background-repeat":"repeat","background-position":"center center","background-size":"auto","background-attachment":"scroll","background-type":"","background-media":"","overlay-type":"","overlay-color":"","overlay-opacity":"","overlay-gradient":""}}},"product_brand":[233],"product_cat":[48,50],"product_tag":[],"class_list":{"0":"post-4155","1":"product","2":"type-product","3":"status-publish","4":"has-post-thumbnail","6":"product_brand-connect-pro","7":"product_cat-securex-smart-alarm","8":"product_cat-sensorer-brand-vatten","9":"pa_brands-securex-connect-pro","10":"pa_brands-stonehouse-smart","11":"desktop-align-left","12":"tablet-align-center","13":"mobile-align-center","15":"first","16":"instock","17":"shipping-taxable","18":"product-type-simple"},"acf":[],"_links":{"self":[{"href":"https:\/\/stonehousesmart.se\/fr\/wp-json\/wp\/v2\/product\/4155","targetHints":{"allow":["GET"]}}],"collection":[{"href":"https:\/\/stonehousesmart.se\/fr\/wp-json\/wp\/v2\/product"}],"about":[{"href":"https:\/\/stonehousesmart.se\/fr\/wp-json\/wp\/v2\/types\/product"}],"wp:featuredmedia":[{"embeddable":true,"href":"https:\/\/stonehousesmart.se\/fr\/wp-json\/wp\/v2\/media\/4722"}],"wp:attachment":[{"href":"https:\/\/stonehousesmart.se\/fr\/wp-json\/wp\/v2\/media?parent=4155"}],"wp:term":[{"taxonomy":"product_brand","embeddable":true,"href":"https:\/\/stonehousesmart.se\/fr\/wp-json\/wp\/v2\/product_brand?post=4155"},{"taxonomy":"product_cat","embeddable":true,"href":"https:\/\/stonehousesmart.se\/fr\/wp-json\/wp\/v2\/product_cat?post=4155"},{"taxonomy":"product_tag","embeddable":true,"href":"https:\/\/stonehousesmart.se\/fr\/wp-json\/wp\/v2\/product_tag?post=4155"}],"curies":[{"name":"wp","href":"https:\/\/api.w.org\/{rel}","templated":true}]}}