{"id":4217,"date":"2025-09-15T11:16:42","date_gmt":"2025-09-15T09:16:42","guid":{"rendered":"https:\/\/stonehousesmart.se\/product\/securex-keyaccess-lora-knappsats-med-rfid\/"},"modified":"2026-03-27T14:47:25","modified_gmt":"2026-03-27T13:47:25","slug":"securex-keyaccess-knappsats-rfid","status":"publish","type":"product","link":"https:\/\/stonehousesmart.se\/fr\/product\/securex-keyaccess-knappsats-rfid\/","title":{"rendered":"Clavier SecureX KeyAccess avec RFID longue port\u00e9e (500 m\u00e8tres)"},"content":{"rendered":"<h2 data-start=\"0\" data-end=\"76\">SecureX KeyAccess \u2013 clavier suppl\u00e9mentaire avec RFID pour SecureX Pro (longue port\u00e9e)<\/h2>\n<p data-start=\"78\" data-end=\"419\">SecureX KeyAccess est un clavier suppl\u00e9mentaire pour SecureX Pro qui facilite le contr\u00f4le de l&#039;alarme. <strong data-start=\"174\" data-end=\"215\">code, \u00e9tiquettes RFID ou pression sur un bouton<\/strong>. Avec <strong data-start=\"221\" data-end=\"243\">Longue port\u00e9e 868 MHz<\/strong> vous b\u00e9n\u00e9ficiez d&#039;une connexion sans fil stable jusqu&#039;\u00e0 <strong data-start=\"293\" data-end=\"327\">Port\u00e9e de 500 m\u00e8tres en champ libre<\/strong>, ce qui est id\u00e9al pour les grandes propri\u00e9t\u00e9s ou lorsque vous souhaitez une communication ultra-s\u00e9curis\u00e9e.<\/p>\n<p data-start=\"421\" data-end=\"637\">Le clavier est con\u00e7u pour une utilisation quotidienne \u00e0 la fois fluide et s\u00e9curis\u00e9e. Il prend en charge plusieurs utilisateurs, la technologie RFID, la d\u00e9tection de pr\u00e9sence et le r\u00e9tro\u00e9clairage automatique, pour une utilisation toujours claire et intuitive.<\/p>\n<p data-start=\"639\" data-end=\"806\">Toute la manutention est effectu\u00e9e via <strong data-start=\"662\" data-end=\"680\">Centre de s\u00e9curit\u00e9 X<\/strong> et vous voyez le statut et les \u00e9v\u00e9nements dans <strong data-start=\"715\" data-end=\"741\">L&#039;application Stonehouse Smart<\/strong>. Compatibilit\u00e9 avec <strong data-start=\"762\" data-end=\"770\">Tuya<\/strong> et <strong data-start=\"775\" data-end=\"789\">Vie intelligente<\/strong> se d\u00e9roule via le hub.<\/p>\n<hr data-start=\"808\" data-end=\"811\" \/>\n<h3 data-start=\"813\" data-end=\"851\">Des fonctions intelligentes pour faciliter le quotidien<\/h3>\n<ul data-start=\"852\" data-end=\"1161\">\n<li data-start=\"852\" data-end=\"911\">\n<p data-start=\"854\" data-end=\"911\"><strong data-start=\"854\" data-end=\"889\">Prise en charge RFID (jusqu&#039;\u00e0 10 \u00e9tiquettes)<\/strong> \u2013 rapide et s\u00fbr<\/p>\n<\/li>\n<li data-start=\"912\" data-end=\"952\">\n<p data-start=\"914\" data-end=\"952\"><strong data-start=\"914\" data-end=\"950\">Codes d&#039;utilisateur multiples (multi-utilisateurs)<\/strong><\/p>\n<\/li>\n<li data-start=\"953\" data-end=\"1007\">\n<p data-start=\"955\" data-end=\"1007\"><strong data-start=\"955\" data-end=\"974\">Capteur \u00e0 micro-ondes<\/strong> r\u00e9veille le clavier lorsqu&#039;il est pr\u00e9sent<\/p>\n<\/li>\n<li data-start=\"1008\" data-end=\"1068\">\n<p data-start=\"1010\" data-end=\"1068\"><strong data-start=\"1010\" data-end=\"1024\">Capteur de lumi\u00e8re<\/strong> ajuste automatiquement le r\u00e9tro\u00e9clairage<\/p>\n<\/li>\n<li data-start=\"1069\" data-end=\"1115\">\n<p data-start=\"1071\" data-end=\"1115\"><strong data-start=\"1071\" data-end=\"1090\">bouton de sonnette<\/strong> pour plus de commodit\u00e9<\/p>\n<\/li>\n<li data-start=\"1116\" data-end=\"1161\">\n<p data-start=\"1118\" data-end=\"1161\"><strong data-start=\"1118\" data-end=\"1135\">Alarme anti-sabotage<\/strong> en cas de tentatives de manipulation<\/p>\n<\/li>\n<\/ul>\n<hr data-start=\"1163\" data-end=\"1166\" \/>\n<h3 data-start=\"1168\" data-end=\"1195\">Fonctionnement et charge de la batterie<\/h3>\n<p data-start=\"1196\" data-end=\"1369\">KeyAccess poss\u00e8de un <strong data-start=\"1222\" data-end=\"1256\">Batterie au lithium 3,7 V \/ 1500 mAh<\/strong> et est charg\u00e9 via <strong data-start=\"1272\" data-end=\"1291\">USB-C (5V\/1A)<\/strong>. Sa faible consommation d&#039;\u00e9nergie assure une longue dur\u00e9e de fonctionnement m\u00eame en cas d&#039;utilisation fr\u00e9quente.<\/p>\n<hr data-start=\"1371\" data-end=\"1374\" \/>\n<h3 data-start=\"1376\" data-end=\"1413\">Important \u2013 syst\u00e8me et compatibilit\u00e9<\/h3>\n<ul data-start=\"1414\" data-end=\"1576\">\n<li data-start=\"1414\" data-end=\"1465\">\n<p data-start=\"1416\" data-end=\"1465\">Ceci est un <strong data-start=\"1428\" data-end=\"1463\">Clavier suppl\u00e9mentaire pour SecureX Pro<\/strong><\/p>\n<\/li>\n<li data-start=\"1466\" data-end=\"1524\">\n<p data-start=\"1468\" data-end=\"1524\"><strong data-start=\"1468\" data-end=\"1491\">N\u00e9cessite un hub SecureX<\/strong> (ne peut pas \u00eatre utilis\u00e9 seul)<\/p>\n<\/li>\n<li data-start=\"1525\" data-end=\"1576\">\n<p data-start=\"1527\" data-end=\"1576\">Le contr\u00f4le et l&#039;int\u00e9gration de l&#039;application sont termin\u00e9s. <strong data-start=\"1560\" data-end=\"1574\">via le hub<\/strong><\/p>\n<\/li>\n<\/ul>\n<hr data-start=\"1578\" data-end=\"1581\" \/>\n<h3 data-start=\"1583\" data-end=\"1608\">Avantages et fonctionnalit\u00e9s<\/h3>\n<ul data-start=\"1609\" data-end=\"2028\">\n<li data-start=\"1609\" data-end=\"1678\">\n<p data-start=\"1611\" data-end=\"1678\"><strong data-start=\"1611\" data-end=\"1633\">Longue port\u00e9e 868 MHz<\/strong> avec jusqu&#039;\u00e0 <strong data-start=\"1647\" data-end=\"1665\">port\u00e9e de 500 m<\/strong> (vue d\u00e9gag\u00e9e)<\/p>\n<\/li>\n<li data-start=\"1679\" data-end=\"1725\">\n<p data-start=\"1681\" data-end=\"1725\">Livr\u00e9 avec <strong data-start=\"1695\" data-end=\"1723\">3 \u00e9tiquettes RFID SecureX<\/strong><\/p>\n<\/li>\n<li data-start=\"1726\" data-end=\"1769\">\n<p data-start=\"1728\" data-end=\"1769\">Int\u00e9gration compl\u00e8te via <strong data-start=\"1749\" data-end=\"1767\">Centre de s\u00e9curit\u00e9 X<\/strong><\/p>\n<\/li>\n<li data-start=\"1770\" data-end=\"1817\">\n<p data-start=\"1772\" data-end=\"1817\">Statut en temps r\u00e9el dans <strong data-start=\"1789\" data-end=\"1815\">L&#039;application Stonehouse Smart<\/strong><\/p>\n<\/li>\n<li data-start=\"1818\" data-end=\"1858\">\n<p data-start=\"1820\" data-end=\"1858\"><strong data-start=\"1820\" data-end=\"1841\">Tuya et Smart Life<\/strong> pris en charge via le hub<\/p>\n<\/li>\n<li data-start=\"1859\" data-end=\"1900\">\n<p data-start=\"1861\" data-end=\"1900\">Prise en charge jusqu&#039;\u00e0 <strong data-start=\"1879\" data-end=\"1898\">10 \u00e9tiquettes RFID<\/strong><\/p>\n<\/li>\n<li data-start=\"1901\" data-end=\"1921\">\n<p data-start=\"1903\" data-end=\"1921\">Codes multi-utilisateurs<\/p>\n<\/li>\n<li data-start=\"1922\" data-end=\"1971\">\n<p data-start=\"1924\" data-end=\"1971\">Sonnette, capteur micro-ondes et capteur de lumi\u00e8re<\/p>\n<\/li>\n<li data-start=\"1972\" data-end=\"1989\">\n<p data-start=\"1974\" data-end=\"1989\">Alarme anti-sabotage<\/p>\n<\/li>\n<li data-start=\"1990\" data-end=\"2028\">\n<p data-start=\"1992\" data-end=\"2028\">Chargement USB-C et batterie int\u00e9gr\u00e9e<\/p>\n<\/li>\n<\/ul>\n<hr data-start=\"2030\" data-end=\"2033\" \/>\n<h3 data-start=\"2035\" data-end=\"2057\">Domaines d&#039;utilisation<\/h3>\n<ul data-start=\"2058\" data-end=\"2192\">\n<li data-start=\"2058\" data-end=\"2083\">\n<p data-start=\"2060\" data-end=\"2083\">Villas et appartements<\/p>\n<\/li>\n<li data-start=\"2084\" data-end=\"2113\">\n<p data-start=\"2086\" data-end=\"2113\">locaux commerciaux et de vente au d\u00e9tail<\/p>\n<\/li>\n<li data-start=\"2114\" data-end=\"2141\">\n<p data-start=\"2116\" data-end=\"2141\">chalets d&#039;\u00e9t\u00e9 et garages<\/p>\n<\/li>\n<li data-start=\"2142\" data-end=\"2192\">\n<p data-start=\"2144\" data-end=\"2192\">Environnements industriels exigeant un acc\u00e8s stable<\/p>\n<\/li>\n<\/ul>\n<hr data-start=\"2194\" data-end=\"2197\" \/>\n<h3 data-start=\"2199\" data-end=\"2224\">Sp\u00e9cifications techniques<\/h3>\n<ul data-start=\"2225\" data-end=\"2619\">\n<li data-start=\"2225\" data-end=\"2269\">\n<p data-start=\"2227\" data-end=\"2269\"><strong data-start=\"2227\" data-end=\"2248\">Alimentation \u00e9lectrique :<\/strong> 5 V CC \/ 1 A (USB-C)<\/p>\n<\/li>\n<li data-start=\"2270\" data-end=\"2310\">\n<p data-start=\"2272\" data-end=\"2310\"><strong data-start=\"2272\" data-end=\"2284\">Batterie:<\/strong> Batterie au lithium 3,7 V\/1500 mAh<\/p>\n<\/li>\n<li data-start=\"2311\" data-end=\"2340\">\n<p data-start=\"2313\" data-end=\"2340\"><strong data-start=\"2313\" data-end=\"2330\">Puissance en veille :<\/strong> &lt;100 \u00b5A<\/p>\n<\/li>\n<li data-start=\"2341\" data-end=\"2368\">\n<p data-start=\"2343\" data-end=\"2368\"><strong data-start=\"2343\" data-end=\"2359\">Courant de fonctionnement :<\/strong> &lt;10 mA<\/p>\n<\/li>\n<li data-start=\"2369\" data-end=\"2410\">\n<p data-start=\"2371\" data-end=\"2410\"><strong data-start=\"2371\" data-end=\"2389\">Communication:<\/strong> Longue port\u00e9e 868 MHz<\/p>\n<\/li>\n<li data-start=\"2411\" data-end=\"2454\">\n<p data-start=\"2413\" data-end=\"2454\"><strong data-start=\"2413\" data-end=\"2426\">Port\u00e9e:<\/strong> jusqu&#039;\u00e0 500 m (en visibilit\u00e9 directe)<\/p>\n<\/li>\n<li data-start=\"2455\" data-end=\"2499\">\n<p data-start=\"2457\" data-end=\"2499\"><strong data-start=\"2457\" data-end=\"2478\">Temp\u00e9rature de fonctionnement :<\/strong> \u221210\u00b0C \u00e0 +50\u00b0C<\/p>\n<\/li>\n<li data-start=\"2500\" data-end=\"2547\">\n<p data-start=\"2502\" data-end=\"2547\"><strong data-start=\"2502\" data-end=\"2524\">Humidit\u00e9 relative :<\/strong> &lt;95 % (sans condensation)<\/p>\n<\/li>\n<li data-start=\"2548\" data-end=\"2586\">\n<p data-start=\"2550\" data-end=\"2586\"><strong data-start=\"2550\" data-end=\"2564\">Prise en charge RFID\u00a0:<\/strong> jusqu&#039;\u00e0 10 carreaux<\/p>\n<\/li>\n<li data-start=\"2587\" data-end=\"2619\">\n<p data-start=\"2589\" data-end=\"2619\"><strong data-start=\"2589\" data-end=\"2598\">Mesure:<\/strong> environ 90 \u00d7 90 \u00d7 45 mm<\/p>\n<\/li>\n<\/ul>\n<hr data-start=\"2621\" data-end=\"2624\" \/>\n<h3 data-start=\"2626\" data-end=\"2646\">Contenu de la livraison<\/h3>\n<ul data-start=\"2647\" data-end=\"2792\">\n<li data-start=\"2647\" data-end=\"2684\">\n<p data-start=\"2649\" data-end=\"2684\">Clavier SecureX KeyAccess : 1 pi\u00e8ce<\/p>\n<\/li>\n<li data-start=\"2685\" data-end=\"2714\">\n<p data-start=\"2687\" data-end=\"2714\">\u00c9tiquettes RFID SecureX\u00a0: 3 unit\u00e9s<\/p>\n<\/li>\n<li data-start=\"2715\" data-end=\"2740\">\n<p data-start=\"2717\" data-end=\"2740\">C\u00e2ble de chargement USB-C\u00a0: 1 pi\u00e8ce<\/p>\n<\/li>\n<li data-start=\"2741\" data-end=\"2781\">\n<p data-start=\"2743\" data-end=\"2781\">Mat\u00e9riel de montage (vis et chevilles)<\/p>\n<\/li>\n<li data-start=\"2782\" data-end=\"2792\">\n<p data-start=\"2784\" data-end=\"2792\">Manuel<\/p>\n<\/li>\n<\/ul>","protected":false},"excerpt":{"rendered":"<p class=\"\" data-start=\"307\" data-end=\"466\">Clavier \u00e0 tr\u00e8s longue port\u00e9e (868 MHz) avec RFID pour SecureX Pro.<\/p>\n<p class=\"\" data-start=\"307\" data-end=\"466\">Port\u00e9e jusqu&#039;\u00e0 500 m, codes multi-utilisateurs, alarme anti-sabotage et chargement USB-C.<\/p>\n<p class=\"\" data-start=\"307\" data-end=\"466\">3 \u00e9tiquettes RFID incluses.<\/p>","protected":false},"featured_media":5372,"template":"","meta":{"_acf_changed":false,"inline_featured_image":false,"site-sidebar-layout":"default","site-content-layout":"","ast-site-content-layout":"default","site-content-style":"default","site-sidebar-style":"default","ast-global-header-display":"","ast-banner-title-visibility":"","ast-main-header-display":"","ast-hfb-above-header-display":"","ast-hfb-below-header-display":"","ast-hfb-mobile-header-display":"","site-post-title":"","ast-breadcrumbs-content":"","ast-featured-img":"","footer-sml-layout":"","ast-disable-related-posts":"","theme-transparent-header-meta":"default","adv-header-id-meta":"","stick-header-meta":"","header-above-stick-meta":"","header-main-stick-meta":"","header-below-stick-meta":"","astra-migrate-meta-layouts":"set","ast-page-background-enabled":"default","ast-page-background-meta":{"desktop":{"background-color":"","background-image":"","background-repeat":"repeat","background-position":"center center","background-size":"auto","background-attachment":"scroll","background-type":"","background-media":"","overlay-type":"","overlay-color":"","overlay-opacity":"","overlay-gradient":""},"tablet":{"background-color":"","background-image":"","background-repeat":"repeat","background-position":"center center","background-size":"auto","background-attachment":"scroll","background-type":"","background-media":"","overlay-type":"","overlay-color":"","overlay-opacity":"","overlay-gradient":""},"mobile":{"background-color":"","background-image":"","background-repeat":"repeat","background-position":"center center","background-size":"auto","background-attachment":"scroll","background-type":"","background-media":"","overlay-type":"","overlay-color":"","overlay-opacity":"","overlay-gradient":""}},"ast-content-background-meta":{"desktop":{"background-color":"var(--ast-global-color-5)","background-image":"","background-repeat":"repeat","background-position":"center center","background-size":"auto","background-attachment":"scroll","background-type":"","background-media":"","overlay-type":"","overlay-color":"","overlay-opacity":"","overlay-gradient":""},"tablet":{"background-color":"var(--ast-global-color-5)","background-image":"","background-repeat":"repeat","background-position":"center center","background-size":"auto","background-attachment":"scroll","background-type":"","background-media":"","overlay-type":"","overlay-color":"","overlay-opacity":"","overlay-gradient":""},"mobile":{"background-color":"var(--ast-global-color-5)","background-image":"","background-repeat":"repeat","background-position":"center center","background-size":"auto","background-attachment":"scroll","background-type":"","background-media":"","overlay-type":"","overlay-color":"","overlay-opacity":"","overlay-gradient":""}}},"product_brand":[233],"product_cat":[48],"product_tag":[],"class_list":{"0":"post-4217","1":"product","2":"type-product","3":"status-publish","4":"has-post-thumbnail","6":"product_brand-connect-pro","7":"product_cat-securex-smart-alarm","8":"pa_brands-securex-connect-pro","9":"pa_brands-stonehouse-smart","10":"desktop-align-left","11":"tablet-align-center","12":"mobile-align-center","14":"first","15":"instock","16":"shipping-taxable","17":"product-type-simple"},"acf":[],"_links":{"self":[{"href":"https:\/\/stonehousesmart.se\/fr\/wp-json\/wp\/v2\/product\/4217","targetHints":{"allow":["GET"]}}],"collection":[{"href":"https:\/\/stonehousesmart.se\/fr\/wp-json\/wp\/v2\/product"}],"about":[{"href":"https:\/\/stonehousesmart.se\/fr\/wp-json\/wp\/v2\/types\/product"}],"wp:featuredmedia":[{"embeddable":true,"href":"https:\/\/stonehousesmart.se\/fr\/wp-json\/wp\/v2\/media\/5372"}],"wp:attachment":[{"href":"https:\/\/stonehousesmart.se\/fr\/wp-json\/wp\/v2\/media?parent=4217"}],"wp:term":[{"taxonomy":"product_brand","embeddable":true,"href":"https:\/\/stonehousesmart.se\/fr\/wp-json\/wp\/v2\/product_brand?post=4217"},{"taxonomy":"product_cat","embeddable":true,"href":"https:\/\/stonehousesmart.se\/fr\/wp-json\/wp\/v2\/product_cat?post=4217"},{"taxonomy":"product_tag","embeddable":true,"href":"https:\/\/stonehousesmart.se\/fr\/wp-json\/wp\/v2\/product_tag?post=4217"}],"curies":[{"name":"wp","href":"https:\/\/api.w.org\/{rel}","templated":true}]}}