{"id":4219,"date":"2025-09-15T11:16:42","date_gmt":"2025-09-15T09:16:42","guid":{"rendered":"https:\/\/stonehousesmart.se\/product\/securex-connect-pro-7-lora-panel-rfid-touchskarm\/"},"modified":"2026-03-31T10:50:22","modified_gmt":"2026-03-31T08:50:22","slug":"securex-connect-pro-lorapanel-touchskarm","status":"publish","type":"product","link":"https:\/\/stonehousesmart.se\/fr\/product\/securex-connect-pro-lorapanel-touchskarm\/","title":{"rendered":"SecureX Connect Pro Central med touchsk\u00e4rm &#8211; Svensk version med 4G och app"},"content":{"rendered":"<h2>SecureX Connect Pro Central Version tactile su\u00e9doise<\/h2>\n<p>Alarme sans abonnement avec garantie de 3 ans et assistance compl\u00e8te assur\u00e9e par la soci\u00e9t\u00e9 su\u00e9doise Stonehouse Security AB.<\/p>\n<p>SecureX Connect Pro est le c\u0153ur du syst\u00e8me SecureX \u2013 un puissant concentrateur d&#039;alarme avec <strong>\u00e9cran tactile de 7 pouces<\/strong> qui r\u00e9unit tous les appareils SecureX au sein d&#039;un seul syst\u00e8me.<\/p>\n<p>Gr\u00e2ce au menu de d\u00e9marrage simple, chacun peut configurer l&#039;alarme en une trentaine de minutes\u00a0; le menu indique en su\u00e9dois comment proc\u00e9der., <span style=\"text-decoration: underline\"><strong>Le menu s&#039;adapte toujours \u00e0 la langue que vous avez choisie.<\/strong><\/span> \u00e0 avoir en standard.<\/p>\n<p>En cas d&#039;alarme, les sir\u00e8nes se d\u00e9clencheront et vous recevrez une notification sur votre t\u00e9l\u00e9phone portable via l&#039;application. Si vous avez s\u00e9lectionn\u00e9 et configur\u00e9 une carte SIM 4G, un SMS et un message vocal vous seront envoy\u00e9s.<\/p>\n<p>La voix annonce dans votre langue la section qui a \u00e9t\u00e9 d\u00e9clench\u00e9e et vous pouvez \u00e9galement \u00e9couter ce qui se passe dans votre propri\u00e9t\u00e9. Par exemple, si vous avez une alarme SOS silencieuse, la personne peut vous parler et vous pouvez communiquer avec elle via le microphone int\u00e9gr\u00e9 du hub.<\/p>\n<p>Le panel obtient <strong>Mises \u00e0 jour gratuites via l&#039;application<\/strong> pendant toute la dur\u00e9e de vie de l&#039;alarme.<\/p>\n<p>L&#039;alarme SecureX <strong>panneau (avec affichage et texte brut), messages vocaux et application Stonehouse Smart<\/strong> disponible \u00e0\u00a0:<\/p>\n<p><em><strong><span style=\"text-decoration: underline\">Su\u00e9dois, anglais, allemand, finnois, fran\u00e7ais, n\u00e9erlandais, polonais, espagnol, norv\u00e9gien et danois.<\/span><\/strong><\/em><\/p>\n<hr \/>\n<h3>Panneau puissant \u00e0 longue port\u00e9e<\/h3>\n<p>Le grand <strong>\u00c9cran tactile IPS 7\u2033 (1024\u00d7600)<\/strong> offre une interface claire et facile \u00e0 utiliser. <strong>Puce 600 MHz<\/strong> et <strong>batterie int\u00e9gr\u00e9e de 5000 mAh<\/strong> Le syst\u00e8me continue de fonctionner m\u00eame en cas de panne de courant.<\/p>\n<p>Gr\u00e2ce \u00e0 <strong>Longue port\u00e9e\/LoRa<\/strong> Est-ce que tu arrives \u00e0 te lever <strong>Port\u00e9e de 500 m en champ libre<\/strong>, ce qui le rend particuli\u00e8rement adapt\u00e9 aux grandes propri\u00e9t\u00e9s o\u00f9 la port\u00e9e du Wi-Fi classique est insuffisante.<\/p>\n<hr \/>\n<h3>Alarme hybride \u2013 sans fil + filaire<\/h3>\n<p>SecureX Connect Pro prend en charge\u00a0:<\/p>\n<ul>\n<li>Jusqu&#039;\u00e0 <strong>200 appareils sans fil SecureX<\/strong><\/li>\n<li><strong>8 zones c\u00e2bl\u00e9es<\/strong> pour installation hybride<\/li>\n<li><strong>Wi-Fi, 2G ou 4G<\/strong> pour la connexion<\/li>\n<li><strong>Communication bidirectionnelle<\/strong> et jusqu&#039;\u00e0 <strong>5 num\u00e9ros d&#039;urgence<\/strong><\/li>\n<li>Protocoles int\u00e9gr\u00e9s\u00a0: <strong>433 MHz (EV1527)<\/strong> et <strong>Longue port\u00e9e 868 MHz<\/strong> avec chiffrement SecureX<\/li>\n<\/ul>\n<p>Tout contr\u00f4le s&#039;effectue via <strong>L&#039;application Stonehouse Smart<\/strong> (avec les langues nordiques). Compatibilit\u00e9 avec <strong>Tuya<\/strong> et <strong>Vie intelligente<\/strong> se d\u00e9roule via le hub.<\/p>\n<hr \/>\n<h3>Pr\u00e9cisions importantes<\/h3>\n<ul>\n<li>C&#039;est <strong>Hub\/panneau SecureX uniquement<\/strong><\/li>\n<li><strong>Aucun capteur ni accessoire inclus<\/strong><\/li>\n<li><strong>Adaptateur secteur USB-C inclus<\/strong><\/li>\n<li>Utilis\u00e9 avec les capteurs et accessoires SecureX<\/li>\n<\/ul>\n<hr \/>\n<h3>Caract\u00e9ristiques et avantages<\/h3>\n<ul>\n<li><strong>\u00e9cran tactile IPS de 7 pouces<\/strong> avec haute r\u00e9solution<\/li>\n<li><strong>10 langues + informations vocales :<\/strong> Su\u00e9dois, norv\u00e9gien, danois, finnois, anglais, allemand, polonais, fran\u00e7ais, espagnol, n\u00e9erlandais<\/li>\n<li><strong>Port\u00e9e longue distance\/LoRa jusqu&#039;\u00e0 500 m<\/strong> (vue d\u00e9gag\u00e9e)<\/li>\n<li><strong>200 appareils sans fil + 8 zones c\u00e2bl\u00e9es<\/strong><\/li>\n<li><strong>Sir\u00e8ne int\u00e9gr\u00e9e <\/strong>(jusqu&#039;\u00e0 120 dB)<\/li>\n<li><strong>batterie de secours de 5000 mAh<\/strong> (jusqu&#039;\u00e0 environ 32 h d&#039;autonomie en veille)<\/li>\n<li><strong>Appels bidirectionnels et plusieurs num\u00e9ros d&#039;urgence<\/strong><\/li>\n<li><strong>Alarme anti-sabotage et avertissement de batterie faible<\/strong><\/li>\n<li>Contr\u00f4le total via l&#039;application<\/li>\n<li>Installation facile via <strong>USB-C<\/strong> ou <strong>12V<\/strong><\/li>\n<li><strong>Mises \u00e0 jour OTA gratuites<\/strong> via l&#039;application Stonehouse Smart<\/li>\n<li><strong>Assistance via Stonehouse Security<\/strong> qui est \u00e9galement responsable de l&#039;application et du logiciel de l&#039;unit\u00e9 d&#039;alarme.<\/li>\n<\/ul>\n<hr \/>\n<h3>Certifications et qualit\u00e9<\/h3>\n<p>SecureX Connect Pro est test\u00e9 et certifi\u00e9 conform\u00e9ment aux normes suivantes\u00a0:<\/p>\n<ul>\n<li><strong>CE<\/strong><\/li>\n<li><strong>RoHS<\/strong><\/li>\n<li><strong>ATTEINDRE<\/strong><\/li>\n<li><strong>Identifiant FCC (H700)<\/strong><\/li>\n<li><strong>UKCA (H700)<\/strong><\/li>\n<li><strong>Rapport ERP<\/strong> (construction \u00e9co\u00e9nerg\u00e9tique)<\/li>\n<\/ul>\n<hr \/>\n<h3>Contenu de la livraison<\/h3>\n<ul>\n<li>Hub d&#039;alarme SecureX Connect Pro 7\u2033\u00a0: <strong>1 pi\u00e8ce<\/strong><\/li>\n<li>Adaptateur secteur USB-C\u00a0: <strong>1 pi\u00e8ce<\/strong><\/li>\n<li>support de fixation murale<\/li>\n<li>Vis et bouchons<\/li>\n<li>Manuel<\/li>\n<\/ul>","protected":false},"excerpt":{"rendered":"<p class=\"\" data-start=\"307\" data-end=\"466\"><strong data-start=\"46\" data-end=\"116\">SecureX Connect Pro Hub d\u00e9velopp\u00e9 pour le march\u00e9 fran\u00e7ais.<\/strong><\/p>\n<p class=\"\" data-start=\"307\" data-end=\"466\">L\u2019\u00e9cran tactile clair en fran\u00e7ais et le guide de d\u00e9marrage fluide vous permettent de commencer rapidement, tandis que la centrale regroupe tous les appareils SecureX dans un syst\u00e8me intelligent et facile \u00e0 utiliser.<\/p>\n<p class=\"\" data-start=\"307\" data-end=\"466\">Vous recevez les alarmes directement sur votre t\u00e9l\u00e9phone portable et, avec une carte SIM 4G, vous pouvez \u00e9galement recevoir des SMS et des messages vocaux en cas d&#039;alarme.<\/p>\n<p class=\"\" data-start=\"307\" data-end=\"466\">Le panneau est \u00e9quip\u00e9 d&#039;une sir\u00e8ne int\u00e9gr\u00e9e, d&#039;une alarme anti-sabotage, d&#039;une batterie de secours et est contr\u00f4l\u00e9 en su\u00e9dois. <strong data-start=\"348\" data-end=\"374\">L&#039;application Stonehouse Smart<\/strong>, et est compatible avec <strong data-start=\"399\" data-end=\"420\" data-is-only-node=\"\">Tuya et Smart Life<\/strong>.<\/p>\n<p data-start=\"307\" data-end=\"466\">L&#039;alarme SecureX <strong>panneau (avec affichage et texte brut), messages vocaux et application Stonehouse Smart<\/strong> Disponible en su\u00e9dois, anglais, allemand, finnois, fran\u00e7ais, n\u00e9erlandais, polonais, espagnol, norv\u00e9gien et danois.<\/p>","protected":false},"featured_media":4920,"template":"","meta":{"_acf_changed":false,"inline_featured_image":false,"site-sidebar-layout":"default","site-content-layout":"","ast-site-content-layout":"default","site-content-style":"default","site-sidebar-style":"default","ast-global-header-display":"","ast-banner-title-visibility":"","ast-main-header-display":"","ast-hfb-above-header-display":"","ast-hfb-below-header-display":"","ast-hfb-mobile-header-display":"","site-post-title":"","ast-breadcrumbs-content":"","ast-featured-img":"","footer-sml-layout":"","ast-disable-related-posts":"","theme-transparent-header-meta":"default","adv-header-id-meta":"","stick-header-meta":"","header-above-stick-meta":"","header-main-stick-meta":"","header-below-stick-meta":"","astra-migrate-meta-layouts":"set","ast-page-background-enabled":"default","ast-page-background-meta":{"desktop":{"background-color":"","background-image":"","background-repeat":"repeat","background-position":"center center","background-size":"auto","background-attachment":"scroll","background-type":"","background-media":"","overlay-type":"","overlay-color":"","overlay-opacity":"","overlay-gradient":""},"tablet":{"background-color":"","background-image":"","background-repeat":"repeat","background-position":"center center","background-size":"auto","background-attachment":"scroll","background-type":"","background-media":"","overlay-type":"","overlay-color":"","overlay-opacity":"","overlay-gradient":""},"mobile":{"background-color":"","background-image":"","background-repeat":"repeat","background-position":"center center","background-size":"auto","background-attachment":"scroll","background-type":"","background-media":"","overlay-type":"","overlay-color":"","overlay-opacity":"","overlay-gradient":""}},"ast-content-background-meta":{"desktop":{"background-color":"var(--ast-global-color-5)","background-image":"","background-repeat":"repeat","background-position":"center center","background-size":"auto","background-attachment":"scroll","background-type":"","background-media":"","overlay-type":"","overlay-color":"","overlay-opacity":"","overlay-gradient":""},"tablet":{"background-color":"var(--ast-global-color-5)","background-image":"","background-repeat":"repeat","background-position":"center center","background-size":"auto","background-attachment":"scroll","background-type":"","background-media":"","overlay-type":"","overlay-color":"","overlay-opacity":"","overlay-gradient":""},"mobile":{"background-color":"var(--ast-global-color-5)","background-image":"","background-repeat":"repeat","background-position":"center center","background-size":"auto","background-attachment":"scroll","background-type":"","background-media":"","overlay-type":"","overlay-color":"","overlay-opacity":"","overlay-gradient":""}}},"product_brand":[233],"product_cat":[79,48],"product_tag":[],"class_list":{"0":"post-4219","1":"product","2":"type-product","3":"status-publish","4":"has-post-thumbnail","6":"product_brand-connect-pro","7":"product_cat-centralenheter-hub","8":"product_cat-securex-smart-alarm","9":"pa_brands-securex-connect-pro","10":"pa_brands-stonehouse-smart","11":"desktop-align-left","12":"tablet-align-center","13":"mobile-align-center","15":"first","16":"instock","17":"shipping-taxable","18":"product-type-simple"},"acf":[],"_links":{"self":[{"href":"https:\/\/stonehousesmart.se\/fr\/wp-json\/wp\/v2\/product\/4219","targetHints":{"allow":["GET"]}}],"collection":[{"href":"https:\/\/stonehousesmart.se\/fr\/wp-json\/wp\/v2\/product"}],"about":[{"href":"https:\/\/stonehousesmart.se\/fr\/wp-json\/wp\/v2\/types\/product"}],"wp:featuredmedia":[{"embeddable":true,"href":"https:\/\/stonehousesmart.se\/fr\/wp-json\/wp\/v2\/media\/4920"}],"wp:attachment":[{"href":"https:\/\/stonehousesmart.se\/fr\/wp-json\/wp\/v2\/media?parent=4219"}],"wp:term":[{"taxonomy":"product_brand","embeddable":true,"href":"https:\/\/stonehousesmart.se\/fr\/wp-json\/wp\/v2\/product_brand?post=4219"},{"taxonomy":"product_cat","embeddable":true,"href":"https:\/\/stonehousesmart.se\/fr\/wp-json\/wp\/v2\/product_cat?post=4219"},{"taxonomy":"product_tag","embeddable":true,"href":"https:\/\/stonehousesmart.se\/fr\/wp-json\/wp\/v2\/product_tag?post=4219"}],"curies":[{"name":"wp","href":"https:\/\/api.w.org\/{rel}","templated":true}]}}