{"id":4231,"date":"2025-09-15T11:16:43","date_gmt":"2025-09-15T09:16:43","guid":{"rendered":"https:\/\/stonehousesmart.se\/product\/securex-signalmax-starker-signal-for-larmenheter\/"},"modified":"2026-03-13T18:13:23","modified_gmt":"2026-03-13T17:13:23","slug":"securex-signalmax-600-meter","status":"publish","type":"product","link":"https:\/\/stonehousesmart.se\/fr\/product\/securex-signalmax-600-meter\/","title":{"rendered":"SecureX SignalMax \u2013 Signal plus puissant pour les dispositifs d&#039;alarme jusqu&#039;\u00e0 600 m\u00e8tres"},"content":{"rendered":"<h2 data-start=\"113\" data-end=\"183\">SecureX SignalMax \u2013 Amplificateur de signal (r\u00e9p\u00e9teur) pour syst\u00e8mes SecureX<\/h2>\n<p data-start=\"185\" data-end=\"509\">Le SecureX SignalMax est un amplificateur de signal puissant qui am\u00e9liore la port\u00e9e et la stabilit\u00e9 de votre syst\u00e8me d&#039;alarme SecureX. Il sert de pont entre vos capteurs\/t\u00e9l\u00e9commandes et le hub SecureX, permettant ainsi aux signaux d&#039;atteindre des propri\u00e9t\u00e9s plus vastes, des immeubles \u00e0 plusieurs \u00e9tages ou des environnements aux murs \u00e9pais et sujets aux interf\u00e9rences.<\/p>\n<p data-start=\"511\" data-end=\"683\">Avec une port\u00e9e de transmission allant jusqu&#039;\u00e0 <strong data-start=\"548\" data-end=\"572\">600 m\u00e8tres de visibilit\u00e9 d\u00e9gag\u00e9e<\/strong> SignalMax est une solution id\u00e9ale pour les installations priv\u00e9es et professionnelles n\u00e9cessitant une port\u00e9e accrue.<\/p>\n<h3 data-start=\"685\" data-end=\"729\">Communication stable dans l&#039;ensemble de l&#039;\u00e9tablissement<\/h3>\n<p data-start=\"730\" data-end=\"752\">SignalMax peut g\u00e9rer\u00a0:<\/p>\n<ul data-start=\"753\" data-end=\"824\">\n<li data-start=\"753\" data-end=\"790\">\n<p data-start=\"755\" data-end=\"790\">Jusqu&#039;\u00e0 <strong data-start=\"764\" data-end=\"790\">99 d\u00e9tecteurs sans fil<\/strong><\/p>\n<\/li>\n<li data-start=\"791\" data-end=\"824\">\n<p data-start=\"793\" data-end=\"824\">Jusqu&#039;\u00e0 <strong data-start=\"802\" data-end=\"824\">99 t\u00e9l\u00e9commandes<\/strong><\/p>\n<\/li>\n<\/ul>\n<p data-start=\"826\" data-end=\"918\">L&#039;unit\u00e9 est \u00e9quip\u00e9e de <strong data-start=\"850\" data-end=\"866\">antenne m\u00e9tallique<\/strong> pour un signal encore plus stable et une port\u00e9e optimale.<\/p>\n<p data-start=\"920\" data-end=\"983\">Important: <strong data-start=\"929\" data-end=\"983\">Un seul SignalMax doit \u00eatre utilis\u00e9 par syst\u00e8me.<\/strong><\/p>\n<h3 data-start=\"985\" data-end=\"1011\">Syst\u00e8me et application (important)<\/h3>\n<p data-start=\"1012\" data-end=\"1099\">SecureX SignalMax est un composant syst\u00e8me utilis\u00e9 conjointement avec <strong data-start=\"1080\" data-end=\"1098\">Centre de s\u00e9curit\u00e9 X<\/strong>:<\/p>\n<ul data-start=\"1100\" data-end=\"1301\">\n<li data-start=\"1100\" data-end=\"1151\">\n<p data-start=\"1102\" data-end=\"1151\">Toute la manutention est effectu\u00e9e via <strong data-start=\"1125\" data-end=\"1151\">L&#039;application Stonehouse Smart<\/strong><\/p>\n<\/li>\n<li data-start=\"1152\" data-end=\"1234\">\n<p data-start=\"1154\" data-end=\"1234\">C&#039;est <strong data-start=\"1161\" data-end=\"1179\">Centre de s\u00e9curit\u00e9 X<\/strong> qui assure la compatibilit\u00e9 avec <strong data-start=\"1207\" data-end=\"1215\">Tuya<\/strong> et <strong data-start=\"1220\" data-end=\"1234\">Vie intelligente<\/strong><\/p>\n<\/li>\n<li data-start=\"1235\" data-end=\"1301\">\n<p data-start=\"1237\" data-end=\"1301\">SignalMax est <strong data-start=\"1250\" data-end=\"1269\">non ind\u00e9pendant<\/strong> et ne peut \u00eatre utilis\u00e9 sans hub<\/p>\n<\/li>\n<\/ul>\n<h3 data-start=\"1303\" data-end=\"1336\">Fonctionnement s\u00fbr avec batterie de secours<\/h3>\n<p data-start=\"1337\" data-end=\"1495\">SignalMax peut \u00eatre utilis\u00e9 via <strong data-start=\"1362\" data-end=\"1383\">5 V CC (Micro USB)<\/strong> ou <strong data-start=\"1390\" data-end=\"1400\">12 V CC<\/strong> et poss\u00e8de un <strong data-start=\"1421\" data-end=\"1452\">batterie de secours (3,7 V Ni-Hi)<\/strong> qui permet \u00e0 l&#039;appareil de continuer \u00e0 fonctionner pendant une panne de courant.<\/p>\n<p data-start=\"1497\" data-end=\"1617\">Gr\u00e2ce \u00e0 <strong data-start=\"1507\" data-end=\"1523\">m\u00e9moire EEPROM<\/strong> SignalMax conserve tous les r\u00e9glages m\u00eame si sa batterie interne est compl\u00e8tement d\u00e9charg\u00e9e.<\/p>\n<hr data-start=\"1619\" data-end=\"1622\" \/>\n<h2 data-start=\"1624\" data-end=\"1648\">Avantages et fonctionnalit\u00e9s<\/h2>\n<ul data-start=\"1649\" data-end=\"2080\">\n<li data-start=\"1649\" data-end=\"1702\">\n<p data-start=\"1651\" data-end=\"1702\">Amplifie le signal d&#039;alarme jusqu&#039;\u00e0 <strong data-start=\"1682\" data-end=\"1691\">600 m<\/strong> (vue d\u00e9gag\u00e9e)<\/p>\n<\/li>\n<li data-start=\"1703\" data-end=\"1744\">\n<p data-start=\"1705\" data-end=\"1744\">Int\u00e9gration compl\u00e8te via <strong data-start=\"1726\" data-end=\"1744\">Centre de s\u00e9curit\u00e9 X<\/strong><\/p>\n<\/li>\n<li data-start=\"1745\" data-end=\"1802\">\n<p data-start=\"1747\" data-end=\"1802\">Statut et notifications en temps r\u00e9el <strong data-start=\"1776\" data-end=\"1802\">L&#039;application Stonehouse Smart<\/strong><\/p>\n<\/li>\n<li data-start=\"1803\" data-end=\"1843\">\n<p data-start=\"1805\" data-end=\"1843\">Tuya et Smart Life pris en charge <strong data-start=\"1829\" data-end=\"1843\">via le hub<\/strong><\/p>\n<\/li>\n<li data-start=\"1844\" data-end=\"1893\">\n<p data-start=\"1846\" data-end=\"1893\">Soutien pour <strong data-start=\"1855\" data-end=\"1893\">99 d\u00e9tecteurs + 99 t\u00e9l\u00e9commandes<\/strong><\/p>\n<\/li>\n<li data-start=\"1894\" data-end=\"1946\">\n<p data-start=\"1896\" data-end=\"1946\">Fonctionnement stable dans les grandes propri\u00e9t\u00e9s et les environnements difficiles<\/p>\n<\/li>\n<li data-start=\"1947\" data-end=\"1989\">\n<p data-start=\"1949\" data-end=\"1989\">Batterie de secours pour le fonctionnement en cas de panne de courant<\/p>\n<\/li>\n<li data-start=\"1990\" data-end=\"2038\">\n<p data-start=\"1992\" data-end=\"2038\">Op\u00e9ration via <strong data-start=\"2002\" data-end=\"2022\">Micro USB (DC5V)<\/strong> ou <strong data-start=\"2029\" data-end=\"2038\">12 V CC<\/strong><\/p>\n<\/li>\n<li data-start=\"2039\" data-end=\"2080\">\n<p data-start=\"2041\" data-end=\"2080\">Antenne m\u00e9tallique pour une port\u00e9e optimale<\/p>\n<\/li>\n<\/ul>\n<hr data-start=\"2082\" data-end=\"2085\" \/>\n<h2 data-start=\"2087\" data-end=\"2108\">Domaines d&#039;utilisation<\/h2>\n<ul data-start=\"2109\" data-end=\"2227\">\n<li data-start=\"2109\" data-end=\"2137\">\n<p data-start=\"2111\" data-end=\"2137\">Villas et maisons plus grandes<\/p>\n<\/li>\n<li data-start=\"2138\" data-end=\"2169\">\n<p data-start=\"2140\" data-end=\"2169\">chalets d&#039;\u00e9t\u00e9 et b\u00e2timents \u00e0 plusieurs \u00e9tages<\/p>\n<\/li>\n<li data-start=\"2170\" data-end=\"2199\">\n<p data-start=\"2172\" data-end=\"2199\">locaux commerciaux et magasins<\/p>\n<\/li>\n<li data-start=\"2200\" data-end=\"2227\">\n<p data-start=\"2202\" data-end=\"2227\">Entrep\u00f4ts et environnements industriels<\/p>\n<\/li>\n<\/ul>\n<hr data-start=\"2229\" data-end=\"2232\" \/>\n<h2 data-start=\"2234\" data-end=\"2258\">Sp\u00e9cifications techniques<\/h2>\n<ul data-start=\"2259\" data-end=\"2742\">\n<li data-start=\"2259\" data-end=\"2313\">\n<p data-start=\"2261\" data-end=\"2313\"><strong data-start=\"2261\" data-end=\"2282\">Alimentation \u00e9lectrique :<\/strong> 5 V CC (micro USB) ou 12 V CC<\/p>\n<\/li>\n<li data-start=\"2314\" data-end=\"2350\">\n<p data-start=\"2316\" data-end=\"2350\"><strong data-start=\"2316\" data-end=\"2336\">Batterie int\u00e9gr\u00e9e :<\/strong> Batterie Ni-Hi 3,7 V<\/p>\n<\/li>\n<li data-start=\"2351\" data-end=\"2403\">\n<p data-start=\"2353\" data-end=\"2403\"><strong data-start=\"2353\" data-end=\"2370\">Puissance en veille :<\/strong> &lt;20 mA (5 V CC) \/ &lt;13 mA (12 V CC)<\/p>\n<\/li>\n<li data-start=\"2404\" data-end=\"2457\">\n<p data-start=\"2406\" data-end=\"2457\"><strong data-start=\"2406\" data-end=\"2422\">Courant de fonctionnement :<\/strong> &lt;600 mA (5 V CC) \/ &lt;200 mA (12 V CC)<\/p>\n<\/li>\n<li data-start=\"2458\" data-end=\"2509\">\n<p data-start=\"2460\" data-end=\"2509\"><strong data-start=\"2460\" data-end=\"2478\">Communication:<\/strong> 433 MHz (ASK), 868 MHz (FSK)<\/p>\n<\/li>\n<li data-start=\"2510\" data-end=\"2558\">\n<p data-start=\"2512\" data-end=\"2558\"><strong data-start=\"2512\" data-end=\"2536\">Port\u00e9e de r\u00e9ception :<\/strong> environ 100 m (\u00e0 vue d&#039;\u0153il)<\/p>\n<\/li>\n<li data-start=\"2559\" data-end=\"2611\">\n<p data-start=\"2561\" data-end=\"2611\"><strong data-start=\"2561\" data-end=\"2583\">Port\u00e9e de transmission :<\/strong> jusqu&#039;\u00e0 600 m (en visibilit\u00e9 directe)<\/p>\n<\/li>\n<li data-start=\"2612\" data-end=\"2666\">\n<p data-start=\"2614\" data-end=\"2666\"><strong data-start=\"2614\" data-end=\"2630\">Unit\u00e9s maximales :<\/strong> 99 d\u00e9tecteurs, 99 t\u00e9l\u00e9commandes<\/p>\n<\/li>\n<li data-start=\"2667\" data-end=\"2711\">\n<p data-start=\"2669\" data-end=\"2711\"><strong data-start=\"2669\" data-end=\"2690\">Temp\u00e9rature de fonctionnement :<\/strong> \u221220\u00b0C \u00e0 +55\u00b0C<\/p>\n<\/li>\n<li data-start=\"2712\" data-end=\"2742\">\n<p data-start=\"2714\" data-end=\"2742\"><strong data-start=\"2714\" data-end=\"2723\">Mesure:<\/strong> 155 \u00d7 72 \u00d7 22 mm<\/p>\n<\/li>\n<\/ul>\n<hr data-start=\"2744\" data-end=\"2747\" \/>\n<h2 data-start=\"2749\" data-end=\"2768\">Contenu de la livraison<\/h2>\n<ul data-start=\"2769\" data-end=\"2908\">\n<li data-start=\"2769\" data-end=\"2805\">\n<p data-start=\"2771\" data-end=\"2805\">R\u00e9p\u00e9teur SecureX SignalMax\u00a0: 1 unit\u00e9<\/p>\n<\/li>\n<li data-start=\"2806\" data-end=\"2847\">\n<p data-start=\"2808\" data-end=\"2847\">Adaptateur secteur (5 V CC \/ Micro USB) : 1 pi\u00e8ce<\/p>\n<\/li>\n<li data-start=\"2848\" data-end=\"2875\">\n<p data-start=\"2850\" data-end=\"2875\">Vis de fixation : 4 pi\u00e8ces<\/p>\n<\/li>\n<li data-start=\"2876\" data-end=\"2891\">\n<p data-start=\"2878\" data-end=\"2891\">Prise : 4 pi\u00e8ces<\/p>\n<\/li>\n<li data-start=\"2892\" data-end=\"2908\">\n<p data-start=\"2894\" data-end=\"2908\">Manuel : 1 pi\u00e8ce<\/p>\n<\/li>\n<\/ul>","protected":false},"excerpt":{"rendered":"<p>Amplificateur de signal SecureX SignalMax avec codage ASK pour les alarmes SecureX qui augmente la port\u00e9e jusqu&#039;\u00e0 600 m.<\/p>\n<p>Compatible avec 99 capteurs et 99 t\u00e9l\u00e9commandes. Batterie de secours, adaptateur et mat\u00e9riel de montage inclus.<\/p>","protected":false},"featured_media":4755,"template":"","meta":{"_acf_changed":false,"inline_featured_image":false,"site-sidebar-layout":"default","site-content-layout":"","ast-site-content-layout":"default","site-content-style":"default","site-sidebar-style":"default","ast-global-header-display":"","ast-banner-title-visibility":"","ast-main-header-display":"","ast-hfb-above-header-display":"","ast-hfb-below-header-display":"","ast-hfb-mobile-header-display":"","site-post-title":"","ast-breadcrumbs-content":"","ast-featured-img":"","footer-sml-layout":"","ast-disable-related-posts":"","theme-transparent-header-meta":"default","adv-header-id-meta":"","stick-header-meta":"","header-above-stick-meta":"","header-main-stick-meta":"","header-below-stick-meta":"","astra-migrate-meta-layouts":"set","ast-page-background-enabled":"default","ast-page-background-meta":{"desktop":{"background-color":"","background-image":"","background-repeat":"repeat","background-position":"center center","background-size":"auto","background-attachment":"scroll","background-type":"","background-media":"","overlay-type":"","overlay-color":"","overlay-opacity":"","overlay-gradient":""},"tablet":{"background-color":"","background-image":"","background-repeat":"repeat","background-position":"center center","background-size":"auto","background-attachment":"scroll","background-type":"","background-media":"","overlay-type":"","overlay-color":"","overlay-opacity":"","overlay-gradient":""},"mobile":{"background-color":"","background-image":"","background-repeat":"repeat","background-position":"center center","background-size":"auto","background-attachment":"scroll","background-type":"","background-media":"","overlay-type":"","overlay-color":"","overlay-opacity":"","overlay-gradient":""}},"ast-content-background-meta":{"desktop":{"background-color":"var(--ast-global-color-5)","background-image":"","background-repeat":"repeat","background-position":"center center","background-size":"auto","background-attachment":"scroll","background-type":"","background-media":"","overlay-type":"","overlay-color":"","overlay-opacity":"","overlay-gradient":""},"tablet":{"background-color":"var(--ast-global-color-5)","background-image":"","background-repeat":"repeat","background-position":"center center","background-size":"auto","background-attachment":"scroll","background-type":"","background-media":"","overlay-type":"","overlay-color":"","overlay-opacity":"","overlay-gradient":""},"mobile":{"background-color":"var(--ast-global-color-5)","background-image":"","background-repeat":"repeat","background-position":"center center","background-size":"auto","background-attachment":"scroll","background-type":"","background-media":"","overlay-type":"","overlay-color":"","overlay-opacity":"","overlay-gradient":""}}},"product_brand":[233],"product_cat":[67,48],"product_tag":[],"class_list":{"0":"post-4231","1":"product","2":"type-product","3":"status-publish","4":"has-post-thumbnail","6":"product_brand-connect-pro","7":"product_cat-repeatrar-natverk","8":"product_cat-securex-smart-alarm","9":"pa_brands-securex-connect-pro","10":"pa_brands-stonehouse-smart","11":"desktop-align-left","12":"tablet-align-center","13":"mobile-align-center","15":"first","16":"instock","17":"shipping-taxable","18":"product-type-simple"},"acf":[],"_links":{"self":[{"href":"https:\/\/stonehousesmart.se\/fr\/wp-json\/wp\/v2\/product\/4231","targetHints":{"allow":["GET"]}}],"collection":[{"href":"https:\/\/stonehousesmart.se\/fr\/wp-json\/wp\/v2\/product"}],"about":[{"href":"https:\/\/stonehousesmart.se\/fr\/wp-json\/wp\/v2\/types\/product"}],"wp:featuredmedia":[{"embeddable":true,"href":"https:\/\/stonehousesmart.se\/fr\/wp-json\/wp\/v2\/media\/4755"}],"wp:attachment":[{"href":"https:\/\/stonehousesmart.se\/fr\/wp-json\/wp\/v2\/media?parent=4231"}],"wp:term":[{"taxonomy":"product_brand","embeddable":true,"href":"https:\/\/stonehousesmart.se\/fr\/wp-json\/wp\/v2\/product_brand?post=4231"},{"taxonomy":"product_cat","embeddable":true,"href":"https:\/\/stonehousesmart.se\/fr\/wp-json\/wp\/v2\/product_cat?post=4231"},{"taxonomy":"product_tag","embeddable":true,"href":"https:\/\/stonehousesmart.se\/fr\/wp-json\/wp\/v2\/product_tag?post=4231"}],"curies":[{"name":"wp","href":"https:\/\/api.w.org\/{rel}","templated":true}]}}