{"id":4233,"date":"2025-09-15T11:16:43","date_gmt":"2025-09-15T09:16:43","guid":{"rendered":"https:\/\/stonehousesmart.se\/product\/securex-linkbridge-tradlos-omvandlare-for-larm-med-kabel\/"},"modified":"2026-03-27T14:15:54","modified_gmt":"2026-03-27T13:15:54","slug":"securex-linkbridge-tradlos-omvandlare","status":"publish","type":"product","link":"https:\/\/stonehousesmart.se\/fr\/product\/securex-linkbridge-tradlos-omvandlare\/","title":{"rendered":"SecureX LinkBridge \u2013 Convertisseur sans fil pour capteurs d&#039;alarme filaires."},"content":{"rendered":"<h2 data-start=\"175\" data-end=\"253\">SecureX LinkBridge \u2013 convertisseur sans fil pour alarmes filaires (solution hybride)<\/h2>\n<p data-start=\"255\" data-end=\"554\">SecureX LinkBridge est un <strong data-start=\"280\" data-end=\"312\">convertisseur sans fil puissant<\/strong> ce qui permet de connecter les capteurs d&#039;alarme filaires existants au syst\u00e8me SecureX. Le r\u00e9sultat est un <strong data-start=\"419\" data-end=\"439\">syst\u00e8me d&#039;alarme hybride<\/strong> o\u00f9 vous combinez des capteurs filaires fiables avec une technologie sans fil moderne, un contr\u00f4le par application et une gestion centralis\u00e9e des alarmes.<\/p>\n<p data-start=\"556\" data-end=\"802\">Avec le soutien de <strong data-start=\"569\" data-end=\"601\">jusqu&#039;\u00e0 16 zones c\u00e2bl\u00e9es<\/strong> Les installations d&#039;alarme plus anciennes peuvent \u00eatre r\u00e9utilis\u00e9es et modernis\u00e9es sans r\u00e9novation majeure. Parall\u00e8lement, vous b\u00e9n\u00e9ficiez d&#039;un acc\u00e8s aux notifications en temps r\u00e9el, au contr\u00f4le \u00e0 distance et \u00e0 une vue d&#039;ensemble compl\u00e8te via <strong data-start=\"775\" data-end=\"801\">L&#039;application Stonehouse Smart<\/strong>.<\/p>\n<hr data-start=\"804\" data-end=\"807\" \/>\n<h3 data-start=\"809\" data-end=\"859\">Construction robuste pour un fonctionnement s\u00fbr et stable<\/h3>\n<p data-start=\"860\" data-end=\"1116\">SecureX LinkBridge est livr\u00e9 dans un <strong data-start=\"894\" data-end=\"918\">bo\u00eetier m\u00e9tallique durable<\/strong> avec une antenne externe mont\u00e9e sur l&#039;armoire pour une port\u00e9e stable et \u00e9tendue. Chaque zone dispose d&#039;une <strong data-start=\"1002\" data-end=\"1032\">indicateur d&#039;\u00e9tat LED clair<\/strong> directement sur la carte, ce qui simplifie l&#039;installation, la configuration et le d\u00e9pannage.<\/p>\n<p data-start=\"1118\" data-end=\"1398\">L&#039;appareil est aliment\u00e9 par <strong data-start=\"1136\" data-end=\"1163\">15 V CC \u00e0 partir du secteur 220 V CA<\/strong> (adaptateur secteur inclus et mont\u00e9 dans le bo\u00eetier) et supporte <strong data-start=\"1229\" data-end=\"1273\">batterie de secours externe (12 V 7 Ah, en option)<\/strong> pour assurer un fonctionnement continu en cas de panne de courant. Int\u00e9gr\u00e9 <strong data-start=\"1319\" data-end=\"1336\">protection contre le sabotage<\/strong> et <strong data-start=\"1341\" data-end=\"1368\">indication de panne de courant<\/strong> accro\u00eet encore la s\u00e9curit\u00e9.<\/p>\n<hr data-start=\"1400\" data-end=\"1403\" \/>\n<h3 data-start=\"1405\" data-end=\"1451\">Zones flexibles et prise en charge des sir\u00e8nes filaires<\/h3>\n<p data-start=\"1452\" data-end=\"1556\">SecureX LinkBridge est con\u00e7u pour une utilisation flexible dans les installations priv\u00e9es et professionnelles.<\/p>\n<ul data-start=\"1558\" data-end=\"1776\">\n<li data-start=\"1558\" data-end=\"1614\">\n<p data-start=\"1560\" data-end=\"1614\"><strong data-start=\"1560\" data-end=\"1583\">16 zones c\u00e2bl\u00e9es<\/strong>, configurable individuellement<\/p>\n<\/li>\n<li data-start=\"1615\" data-end=\"1655\">\n<p data-start=\"1617\" data-end=\"1655\">Soutien pour <strong data-start=\"1626\" data-end=\"1645\">C\/NC ou C\/NO<\/strong> par zone<\/p>\n<\/li>\n<li data-start=\"1656\" data-end=\"1722\">\n<p data-start=\"1658\" data-end=\"1722\">Possibilit\u00e9 de connexion <strong data-start=\"1680\" data-end=\"1720\">sir\u00e8ne filaire (jusqu&#039;\u00e0 15 V\/3 A)<\/strong><\/p>\n<\/li>\n<li data-start=\"1723\" data-end=\"1776\">\n<p data-start=\"1725\" data-end=\"1776\">Les zones peuvent <strong data-start=\"1735\" data-end=\"1774\">activ\u00e9 et d\u00e9sactiv\u00e9 via l&#039;application<\/strong><\/p>\n<\/li>\n<\/ul>\n<p data-start=\"1778\" data-end=\"1867\">Cela rend LinkBridge id\u00e9al pour les mises \u00e0 niveau l\u00e0 o\u00f9 le c\u00e2blage existant est d\u00e9j\u00e0 en place.<\/p>\n<hr data-start=\"1869\" data-end=\"1872\" \/>\n<h3 data-start=\"1874\" data-end=\"1904\">Faisant partie du syst\u00e8me SecureX<\/h3>\n<p data-start=\"1905\" data-end=\"2068\">SecureX LinkBridge est un composant syst\u00e8me de SecureX et est toujours utilis\u00e9 conjointement avec <strong data-start=\"1993\" data-end=\"2011\">Centre de s\u00e9curit\u00e9 X<\/strong>, qui g\u00e8re l&#039;ensemble des communications, de la logique et du contr\u00f4le des alarmes.<\/p>\n<ul data-start=\"2070\" data-end=\"2234\">\n<li data-start=\"2070\" data-end=\"2125\">\n<p data-start=\"2072\" data-end=\"2125\">La gestion et les notifications s&#039;effectuent via <strong data-start=\"2103\" data-end=\"2123\">Stonehouse Smart<\/strong><\/p>\n<\/li>\n<li data-start=\"2126\" data-end=\"2196\">\n<p data-start=\"2128\" data-end=\"2196\">Compatibilit\u00e9 avec <strong data-start=\"2147\" data-end=\"2194\">Tuya et Smart Life sont g\u00e9r\u00e9s via le hub SecureX.<\/strong><\/p>\n<\/li>\n<li data-start=\"2197\" data-end=\"2234\">\n<p data-start=\"2199\" data-end=\"2234\">LinkBridge est <strong data-start=\"2213\" data-end=\"2232\">non ind\u00e9pendant<\/strong><\/p>\n<\/li>\n<\/ul>\n<hr data-start=\"2236\" data-end=\"2239\" \/>\n<h3 data-start=\"2241\" data-end=\"2263\">Avantages en bref<\/h3>\n<ul data-start=\"2264\" data-end=\"2656\">\n<li data-start=\"2264\" data-end=\"2339\">\n<p data-start=\"2266\" data-end=\"2339\">Convertit jusqu&#039;\u00e0 <strong data-start=\"2285\" data-end=\"2308\">16 zones c\u00e2bl\u00e9es<\/strong> au syst\u00e8me sans fil SecureX<\/p>\n<\/li>\n<li data-start=\"2340\" data-end=\"2375\">\n<p data-start=\"2342\" data-end=\"2375\">Solution hybride : c\u00e2ble + sans fil<\/p>\n<\/li>\n<li data-start=\"2376\" data-end=\"2410\">\n<p data-start=\"2378\" data-end=\"2410\">C\/NC ou C\/NO s\u00e9lectionnable par zone<\/p>\n<\/li>\n<li data-start=\"2411\" data-end=\"2448\">\n<p data-start=\"2413\" data-end=\"2448\">Indicateur d&#039;\u00e9tat LED pour chaque zone<\/p>\n<\/li>\n<li data-start=\"2449\" data-end=\"2491\">\n<p data-start=\"2451\" data-end=\"2491\">Bo\u00eetier m\u00e9tallique robuste avec antenne externe<\/p>\n<\/li>\n<li data-start=\"2492\" data-end=\"2532\">\n<p data-start=\"2494\" data-end=\"2532\">Sir\u00e8ne filaire compatible (15V\/3A)<\/p>\n<\/li>\n<li data-start=\"2533\" data-end=\"2565\">\n<p data-start=\"2535\" data-end=\"2565\">Contr\u00f4le des zones via l&#039;application (marche\/arr\u00eat)<\/p>\n<\/li>\n<li data-start=\"2566\" data-end=\"2611\">\n<p data-start=\"2568\" data-end=\"2611\">Protection contre les sabotages et indication de panne de courant<\/p>\n<\/li>\n<li data-start=\"2612\" data-end=\"2656\">\n<p data-start=\"2614\" data-end=\"2656\">Prise en charge d&#039;une batterie de secours externe (en option)<\/p>\n<\/li>\n<\/ul>\n<hr data-start=\"2658\" data-end=\"2661\" \/>\n<h3 data-start=\"2663\" data-end=\"2693\">Utilisations typiques<\/h3>\n<ul data-start=\"2694\" data-end=\"2896\">\n<li data-start=\"2694\" data-end=\"2741\">\n<p data-start=\"2696\" data-end=\"2741\">Mise \u00e0 niveau des anciens syst\u00e8mes d&#039;alarme filaires<\/p>\n<\/li>\n<li data-start=\"2742\" data-end=\"2785\">\n<p data-start=\"2744\" data-end=\"2785\">Installations hybrides (c\u00e2bl\u00e9es + sans fil)<\/p>\n<\/li>\n<li data-start=\"2786\" data-end=\"2815\">\n<p data-start=\"2788\" data-end=\"2815\">Villas et immeubles d&#039;appartements<\/p>\n<\/li>\n<li data-start=\"2816\" data-end=\"2854\">\n<p data-start=\"2818\" data-end=\"2854\">Entreprises, entrep\u00f4ts et environnements industriels<\/p>\n<\/li>\n<li data-start=\"2855\" data-end=\"2896\">\n<p data-start=\"2857\" data-end=\"2896\">Projets o\u00f9 le c\u00e2blage existe d\u00e9j\u00e0<\/p>\n<\/li>\n<\/ul>\n<hr data-start=\"2898\" data-end=\"2901\" \/>\n<h3 data-start=\"2903\" data-end=\"2928\">Sp\u00e9cifications techniques<\/h3>\n<ul data-start=\"2929\" data-end=\"3236\">\n<li data-start=\"2929\" data-end=\"2985\">\n<p data-start=\"2931\" data-end=\"2985\">Alimentation\u00a0: CC 15\u00a0V \/ 5,0\u00a0A (via 220\u00a0V CA, inclus)<\/p>\n<\/li>\n<li data-start=\"2986\" data-end=\"3037\">\n<p data-start=\"2988\" data-end=\"3037\">Batterie de secours\u00a0: 12\u00a0V 7\u00a0Ah (en option, non incluse)<\/p>\n<\/li>\n<li data-start=\"3038\" data-end=\"3092\">\n<p data-start=\"3040\" data-end=\"3092\">Communication : 433 MHz (EV1527), encod\u00e9e pour SecureX<\/p>\n<\/li>\n<li data-start=\"3093\" data-end=\"3136\">\n<p data-start=\"3095\" data-end=\"3136\">Port\u00e9e : Jusqu&#039;\u00e0 environ 150 m (en champ libre)<\/p>\n<\/li>\n<li data-start=\"3137\" data-end=\"3167\">\n<p data-start=\"3139\" data-end=\"3167\">Nombre de zones : 16 c\u00e2bl\u00e9es<\/p>\n<\/li>\n<li data-start=\"3168\" data-end=\"3208\">\n<p data-start=\"3170\" data-end=\"3208\">Temp\u00e9rature de fonctionnement : \u221220 \u00b0C \u00e0 +55 \u00b0C<\/p>\n<\/li>\n<li data-start=\"3209\" data-end=\"3236\">\n<p data-start=\"3211\" data-end=\"3236\">Dimensions : 165 \u00d7 100 \u00d7 18 mm<\/p>\n<\/li>\n<\/ul>\n<hr data-start=\"3238\" data-end=\"3241\" \/>\n<h3 data-start=\"3243\" data-end=\"3263\">Contenu de la livraison<\/h3>\n<ul data-start=\"3264\" data-end=\"3432\">\n<li data-start=\"3264\" data-end=\"3309\">\n<p data-start=\"3266\" data-end=\"3309\">SecureX LinkBridge en bo\u00eetier m\u00e9tallique : 1 unit\u00e9<\/p>\n<\/li>\n<li data-start=\"3310\" data-end=\"3371\">\n<p data-start=\"3312\" data-end=\"3371\">Adaptateur secteur 220 V CA \u2192 CC 15 V (mont\u00e9 dans le bo\u00eetier) : 1 pi\u00e8ce.<\/p>\n<\/li>\n<li data-start=\"3372\" data-end=\"3415\">\n<p data-start=\"3374\" data-end=\"3415\">Antenne externe (mont\u00e9e sur le bo\u00eetier) : 1 pi\u00e8ce<\/p>\n<\/li>\n<li data-start=\"3416\" data-end=\"3432\">\n<p data-start=\"3418\" data-end=\"3432\">Manuel : 1 pi\u00e8ce<\/p>\n<\/li>\n<\/ul>","protected":false},"excerpt":{"rendered":"<p>Convertisseur sans fil permettant de connecter jusqu&#039;\u00e0 16 zones d&#039;alarme filaires au syst\u00e8me SecureX. Bo\u00eetier m\u00e9tallique, antenne externe, commande par application et compatibilit\u00e9 avec sir\u00e8ne filaire.<\/p>\n<p>Fourni dans un bo\u00eetier m\u00e9tallique avec alimentation int\u00e9gr\u00e9e via le secteur (220 V CA).<\/p>","protected":false},"featured_media":4723,"template":"","meta":{"_acf_changed":false,"inline_featured_image":false,"site-sidebar-layout":"default","site-content-layout":"","ast-site-content-layout":"default","site-content-style":"default","site-sidebar-style":"default","ast-global-header-display":"","ast-banner-title-visibility":"","ast-main-header-display":"","ast-hfb-above-header-display":"","ast-hfb-below-header-display":"","ast-hfb-mobile-header-display":"","site-post-title":"","ast-breadcrumbs-content":"","ast-featured-img":"","footer-sml-layout":"","ast-disable-related-posts":"","theme-transparent-header-meta":"default","adv-header-id-meta":"","stick-header-meta":"","header-above-stick-meta":"","header-main-stick-meta":"","header-below-stick-meta":"","astra-migrate-meta-layouts":"set","ast-page-background-enabled":"default","ast-page-background-meta":{"desktop":{"background-color":"","background-image":"","background-repeat":"repeat","background-position":"center center","background-size":"auto","background-attachment":"scroll","background-type":"","background-media":"","overlay-type":"","overlay-color":"","overlay-opacity":"","overlay-gradient":""},"tablet":{"background-color":"","background-image":"","background-repeat":"repeat","background-position":"center center","background-size":"auto","background-attachment":"scroll","background-type":"","background-media":"","overlay-type":"","overlay-color":"","overlay-opacity":"","overlay-gradient":""},"mobile":{"background-color":"","background-image":"","background-repeat":"repeat","background-position":"center center","background-size":"auto","background-attachment":"scroll","background-type":"","background-media":"","overlay-type":"","overlay-color":"","overlay-opacity":"","overlay-gradient":""}},"ast-content-background-meta":{"desktop":{"background-color":"var(--ast-global-color-5)","background-image":"","background-repeat":"repeat","background-position":"center center","background-size":"auto","background-attachment":"scroll","background-type":"","background-media":"","overlay-type":"","overlay-color":"","overlay-opacity":"","overlay-gradient":""},"tablet":{"background-color":"var(--ast-global-color-5)","background-image":"","background-repeat":"repeat","background-position":"center center","background-size":"auto","background-attachment":"scroll","background-type":"","background-media":"","overlay-type":"","overlay-color":"","overlay-opacity":"","overlay-gradient":""},"mobile":{"background-color":"var(--ast-global-color-5)","background-image":"","background-repeat":"repeat","background-position":"center center","background-size":"auto","background-attachment":"scroll","background-type":"","background-media":"","overlay-type":"","overlay-color":"","overlay-opacity":"","overlay-gradient":""}}},"product_brand":[233],"product_cat":[67,48],"product_tag":[],"class_list":{"0":"post-4233","1":"product","2":"type-product","3":"status-publish","4":"has-post-thumbnail","6":"product_brand-connect-pro","7":"product_cat-repeatrar-natverk","8":"product_cat-securex-smart-alarm","9":"pa_brands-securex-connect-pro","10":"pa_brands-stonehouse-smart","11":"desktop-align-left","12":"tablet-align-center","13":"mobile-align-center","15":"first","16":"instock","17":"shipping-taxable","18":"product-type-simple"},"acf":[],"_links":{"self":[{"href":"https:\/\/stonehousesmart.se\/fr\/wp-json\/wp\/v2\/product\/4233","targetHints":{"allow":["GET"]}}],"collection":[{"href":"https:\/\/stonehousesmart.se\/fr\/wp-json\/wp\/v2\/product"}],"about":[{"href":"https:\/\/stonehousesmart.se\/fr\/wp-json\/wp\/v2\/types\/product"}],"wp:featuredmedia":[{"embeddable":true,"href":"https:\/\/stonehousesmart.se\/fr\/wp-json\/wp\/v2\/media\/4723"}],"wp:attachment":[{"href":"https:\/\/stonehousesmart.se\/fr\/wp-json\/wp\/v2\/media?parent=4233"}],"wp:term":[{"taxonomy":"product_brand","embeddable":true,"href":"https:\/\/stonehousesmart.se\/fr\/wp-json\/wp\/v2\/product_brand?post=4233"},{"taxonomy":"product_cat","embeddable":true,"href":"https:\/\/stonehousesmart.se\/fr\/wp-json\/wp\/v2\/product_cat?post=4233"},{"taxonomy":"product_tag","embeddable":true,"href":"https:\/\/stonehousesmart.se\/fr\/wp-json\/wp\/v2\/product_tag?post=4233"}],"curies":[{"name":"wp","href":"https:\/\/api.w.org\/{rel}","templated":true}]}}