{"id":4236,"date":"2025-09-15T11:16:43","date_gmt":"2025-09-15T09:16:43","guid":{"rendered":"https:\/\/stonehousesmart.se\/product\/securex-sirenpro-solcellsdriven-med-sabotagealarm\/"},"modified":"2026-03-27T14:47:00","modified_gmt":"2026-03-27T13:47:00","slug":"securex-sirenguard-pro-utomhussiren","status":"publish","type":"product","link":"https:\/\/stonehousesmart.se\/fr\/product\/securex-sirenguard-pro-utomhussiren\/","title":{"rendered":"Sir\u00e8ne d&#039;ext\u00e9rieur SecureX SirenGuard Pro avec flash \u2013 R\u00e9glable jusqu&#039;\u00e0 120 dB (longue port\u00e9e)"},"content":{"rendered":"<h2 data-start=\"177\" data-end=\"250\">Sir\u00e8ne ext\u00e9rieure SecureX SirenGuard Pro avec alarme anti-sabotage<\/h2>\n<p data-start=\"252\" data-end=\"586\">SecureX SirenGuard Pro est un <strong data-start=\"281\" data-end=\"318\">sir\u00e8ne ext\u00e9rieure puissante et robuste<\/strong> D\u00e9velopp\u00e9 pour offrir une dissuasion maximale et une indication d&#039;alarme claire dans le syst\u00e8me d&#039;alarme SecureX. Avec un <strong data-start=\"419\" data-end=\"459\">alarme puissante jusqu&#039;\u00e0 120 dB<\/strong> en combinaison avec <strong data-start=\"478\" data-end=\"506\">lumi\u00e8re stroboscopique clignotante<\/strong> SirenGuard Pro garantit que l&#039;alarme est \u00e0 la fois entendue et vue, m\u00eame \u00e0 distance.<\/p>\n<p data-start=\"588\" data-end=\"739\">La sir\u00e8ne est con\u00e7ue pour les environnements ext\u00e9rieurs exigeants et est parfaite pour <strong data-start=\"656\" data-end=\"710\">villas, commerces, entrep\u00f4ts, garages et zones industrielles<\/strong> o\u00f9 un niveau de s\u00e9curit\u00e9 \u00e9lev\u00e9 est requis.<\/p>\n<hr data-start=\"741\" data-end=\"744\" \/>\n<h3 data-start=\"746\" data-end=\"785\">Alarme de dissuasion et de sabotage claire<\/h3>\n<p data-start=\"786\" data-end=\"825\">Le SecureX SirenGuard Pro est \u00e9quip\u00e9 de\u00a0:<\/p>\n<ul data-start=\"826\" data-end=\"963\">\n<li data-start=\"826\" data-end=\"857\">\n<p data-start=\"828\" data-end=\"857\"><strong data-start=\"828\" data-end=\"857\">Deux puissants capteurs sonores<\/strong><\/p>\n<\/li>\n<li data-start=\"858\" data-end=\"888\">\n<p data-start=\"860\" data-end=\"888\"><strong data-start=\"860\" data-end=\"888\">5 niveaux de volume r\u00e9glables<\/strong><\/p>\n<\/li>\n<li data-start=\"889\" data-end=\"911\">\n<p data-start=\"891\" data-end=\"911\"><strong data-start=\"891\" data-end=\"911\">2 sonneries d&#039;alarme diff\u00e9rentes<\/strong><\/p>\n<\/li>\n<li data-start=\"912\" data-end=\"935\">\n<p data-start=\"914\" data-end=\"935\"><strong data-start=\"914\" data-end=\"935\">La sir\u00e8ne est \u00e9quip\u00e9e d&#039;un gyrophare int\u00e9gr\u00e9 pour une indication visuelle.<\/strong><\/p>\n<\/li>\n<li data-start=\"936\" data-end=\"963\">\n<p data-start=\"938\" data-end=\"963\"><strong data-start=\"938\" data-end=\"963\">Alarme anti-sabotage int\u00e9gr\u00e9e<\/strong><\/p>\n<\/li>\n<\/ul>\n<p data-start=\"965\" data-end=\"1105\">L&#039;alarme anti-effraction s&#039;active imm\u00e9diatement en cas de tentative de d\u00e9montage et envoie une alarme au syst\u00e8me SecureX, offrant une protection suppl\u00e9mentaire contre toute manipulation.<\/p>\n<hr data-start=\"1107\" data-end=\"1110\" \/>\n<h3 data-start=\"1112\" data-end=\"1160\">Fonctionnement flexible \u2013 secteur, batterie ou panneau solaire<\/h3>\n<p data-start=\"1161\" data-end=\"1256\">SirenGuard Pro peut \u00eatre utilis\u00e9 de plusieurs mani\u00e8res diff\u00e9rentes, ce qui le rend tr\u00e8s flexible \u00e0 installer\u00a0:<\/p>\n<ul data-start=\"1258\" data-end=\"1417\">\n<li data-start=\"1258\" data-end=\"1291\">\n<p data-start=\"1260\" data-end=\"1291\"><strong data-start=\"1260\" data-end=\"1291\">Adaptateur secteur (CC 6-15 V\/1 A)<\/strong><\/p>\n<\/li>\n<li data-start=\"1292\" data-end=\"1354\">\n<p data-start=\"1294\" data-end=\"1354\"><strong data-start=\"1294\" data-end=\"1328\">Batterie au lithium int\u00e9gr\u00e9e de 5000 mAh<\/strong> (syst\u00e8me de secours en cas de panne de courant)<\/p>\n<\/li>\n<li data-start=\"1355\" data-end=\"1417\">\n<p data-start=\"1357\" data-end=\"1417\"><strong data-start=\"1357\" data-end=\"1379\">Panneau solaire (en option)<\/strong> pour un fonctionnement ind\u00e9pendant et \u00e9co\u00e9nerg\u00e9tique<\/p>\n<\/li>\n<\/ul>\n<p data-start=\"1419\" data-end=\"1534\">Cela rend la sir\u00e8ne id\u00e9ale pour les endroits o\u00f9 l&#039;alimentation \u00e9lectrique est indisponible ou lorsque l&#039;on souhaite minimiser la maintenance et le c\u00e2blage.<\/p>\n<hr data-start=\"1536\" data-end=\"1539\" \/>\n<h3 data-start=\"1541\" data-end=\"1571\">Faisant partie du syst\u00e8me SecureX<\/h3>\n<p data-start=\"1572\" data-end=\"1730\">SecureX SirenGuard Pro est un composant syst\u00e8me de SecureX et est toujours utilis\u00e9 conjointement avec <strong data-start=\"1662\" data-end=\"1680\">Centre de s\u00e9curit\u00e9 X<\/strong>, qui g\u00e8re toutes les communications et le contr\u00f4le des alarmes.<\/p>\n<ul data-start=\"1732\" data-end=\"1978\">\n<li data-start=\"1732\" data-end=\"1771\">\n<p data-start=\"1734\" data-end=\"1771\">La sir\u00e8ne se connecte au hub SecureX.<\/p>\n<\/li>\n<li data-start=\"1772\" data-end=\"1822\">\n<p data-start=\"1774\" data-end=\"1822\">Toutes les alarmes et les informations d&#039;\u00e9tat sont transmises via le hub.<\/p>\n<\/li>\n<li data-start=\"1823\" data-end=\"1879\">\n<p data-start=\"1825\" data-end=\"1879\">Notifications push en temps r\u00e9el via <strong data-start=\"1851\" data-end=\"1877\">L&#039;application Stonehouse Smart<\/strong><\/p>\n<\/li>\n<li data-start=\"1880\" data-end=\"1942\">\n<p data-start=\"1882\" data-end=\"1942\">Compatibilit\u00e9 avec <strong data-start=\"1901\" data-end=\"1940\">Tuya et Smart Life fonctionnent via le hub.<\/strong><\/p>\n<\/li>\n<li data-start=\"1943\" data-end=\"1978\">\n<p data-start=\"1945\" data-end=\"1978\">La sir\u00e8ne n&#039;est pas utilis\u00e9e seule.<\/p>\n<\/li>\n<\/ul>\n<hr data-start=\"1980\" data-end=\"1983\" \/>\n<h3 data-start=\"1985\" data-end=\"2007\">Avantages en bref<\/h3>\n<ul data-start=\"2008\" data-end=\"2375\">\n<li data-start=\"2008\" data-end=\"2058\">\n<p data-start=\"2010\" data-end=\"2058\">Alarme sonore puissante jusqu&#039;\u00e0 <strong data-start=\"2037\" data-end=\"2047\">120 dB<\/strong> (5 niveaux)<\/p>\n<\/li>\n<li data-start=\"2059\" data-end=\"2095\">\n<p data-start=\"2061\" data-end=\"2095\">Lumi\u00e8re stroboscopique pour avertissement visuel<\/p>\n<\/li>\n<li data-start=\"2096\" data-end=\"2140\">\n<p data-start=\"2098\" data-end=\"2140\">Communication \u00e0 longue port\u00e9e<\/p>\n<\/li>\n<li data-start=\"2141\" data-end=\"2180\">\n<p data-start=\"2143\" data-end=\"2180\">Alarme anti-sabotage int\u00e9gr\u00e9e lors du d\u00e9montage<\/p>\n<\/li>\n<li data-start=\"2181\" data-end=\"2237\">\n<p data-start=\"2183\" data-end=\"2237\">Fonctionnement via adaptateur secteur, batterie ou panneau solaire (en option)<\/p>\n<\/li>\n<li data-start=\"2238\" data-end=\"2275\">\n<p data-start=\"2240\" data-end=\"2275\">Int\u00e9gration compl\u00e8te via le hub SecureX<\/p>\n<\/li>\n<li data-start=\"2276\" data-end=\"2318\">\n<p data-start=\"2278\" data-end=\"2318\">Notifications en temps r\u00e9el dans l&#039;application Stonehouse Smart<\/p>\n<\/li>\n<li data-start=\"2319\" data-end=\"2375\">\n<p data-start=\"2321\" data-end=\"2375\">Construction r\u00e9sistante aux intemp\u00e9ries et robuste pour une utilisation en ext\u00e9rieur<\/p>\n<\/li>\n<\/ul>\n<hr data-start=\"2377\" data-end=\"2380\" \/>\n<h3 data-start=\"2382\" data-end=\"2412\">Utilisations typiques<\/h3>\n<ul data-start=\"2413\" data-end=\"2550\">\n<li data-start=\"2413\" data-end=\"2440\">\n<p data-start=\"2415\" data-end=\"2440\">Villas et chalets d&#039;\u00e9t\u00e9<\/p>\n<\/li>\n<li data-start=\"2441\" data-end=\"2470\">\n<p data-start=\"2443\" data-end=\"2470\">locaux commerciaux et de vente au d\u00e9tail<\/p>\n<\/li>\n<li data-start=\"2471\" data-end=\"2508\">\n<p data-start=\"2473\" data-end=\"2508\">Garages, entrep\u00f4ts et zones industrielles<\/p>\n<\/li>\n<li data-start=\"2509\" data-end=\"2550\">\n<p data-start=\"2511\" data-end=\"2550\">environnements ext\u00e9rieurs avec des exigences de s\u00e9curit\u00e9 \u00e9lev\u00e9es<\/p>\n<\/li>\n<\/ul>\n<hr data-start=\"2552\" data-end=\"2555\" \/>\n<h3 data-start=\"2557\" data-end=\"2582\">Sp\u00e9cifications techniques<\/h3>\n<ul data-start=\"2583\" data-end=\"2983\">\n<li data-start=\"2583\" data-end=\"2644\">\n<p data-start=\"2585\" data-end=\"2644\">Alimentation\u00a0: CC 6-15\u00a0V \/ 1\u00a0A ou panneau solaire (en option)<\/p>\n<\/li>\n<li data-start=\"2645\" data-end=\"2681\">\n<p data-start=\"2647\" data-end=\"2681\">Batterie : lithium 3,7 V \/ 5\u00a0000 mAh<\/p>\n<\/li>\n<li data-start=\"2682\" data-end=\"2710\">\n<p data-start=\"2684\" data-end=\"2710\">Courant de veille : env. 0,25 mA<\/p>\n<\/li>\n<li data-start=\"2711\" data-end=\"2734\">\n<p data-start=\"2713\" data-end=\"2734\">Courant d&#039;alarme : &lt;500 mA<\/p>\n<\/li>\n<li data-start=\"2735\" data-end=\"2773\">\n<p data-start=\"2737\" data-end=\"2773\">Niveau sonore : jusqu&#039;\u00e0 120 dB (5 niveaux)<\/p>\n<\/li>\n<li data-start=\"2774\" data-end=\"2823\">\n<p data-start=\"2776\" data-end=\"2823\">Technologie sans fil\u00a0: longue port\u00e9e, codage SecureX<\/p>\n<\/li>\n<li data-start=\"2824\" data-end=\"2866\">\n<p data-start=\"2826\" data-end=\"2866\">Port\u00e9e : Jusqu&#039;\u00e0 environ 500 m (en champ libre)<\/p>\n<\/li>\n<li data-start=\"2867\" data-end=\"2907\">\n<p data-start=\"2869\" data-end=\"2907\">Temp\u00e9rature de fonctionnement : \u221220 \u00b0C \u00e0 +50 \u00b0C<\/p>\n<\/li>\n<li data-start=\"2908\" data-end=\"2955\">\n<p data-start=\"2910\" data-end=\"2955\">Humidit\u00e9 relative : &lt;95 % (sans condensation)<\/p>\n<\/li>\n<li data-start=\"2956\" data-end=\"2983\">\n<p data-start=\"2958\" data-end=\"2983\">Dimensions : 270 \u00d7 180 \u00d7 47 mm<\/p>\n<\/li>\n<\/ul>\n<hr data-start=\"2985\" data-end=\"2988\" \/>\n<h3 data-start=\"2990\" data-end=\"3010\">Contenu de la livraison<\/h3>\n<ul data-start=\"3011\" data-end=\"3187\">\n<li data-start=\"3011\" data-end=\"3056\">\n<p data-start=\"3013\" data-end=\"3056\">Sir\u00e8ne ext\u00e9rieure SecureX SirenGuard Pro : 1 pi\u00e8ce<\/p>\n<\/li>\n<li data-start=\"3057\" data-end=\"3087\">\n<p data-start=\"3059\" data-end=\"3087\">Plaque de fixation murale : 1 pi\u00e8ce<\/p>\n<\/li>\n<li data-start=\"3088\" data-end=\"3105\">\n<p data-start=\"3090\" data-end=\"3105\">Vis : 4 pi\u00e8ces<\/p>\n<\/li>\n<li data-start=\"3106\" data-end=\"3121\">\n<p data-start=\"3108\" data-end=\"3121\">Prise : 4 pi\u00e8ces<\/p>\n<\/li>\n<li data-start=\"3122\" data-end=\"3170\">\n<p data-start=\"3124\" data-end=\"3170\">Adaptateur secteur USB-C (pour connexion secteur) : 1 unit\u00e9<\/p>\n<\/li>\n<li data-start=\"3171\" data-end=\"3187\">\n<p data-start=\"3173\" data-end=\"3187\">Manuel : 1 pi\u00e8ce<\/p>\n<\/li>\n<\/ul>","protected":false},"excerpt":{"rendered":"<p>SecureX SirenGuard Pro est une puissante sir\u00e8ne d&#039;ext\u00e9rieur avec un niveau sonore r\u00e9glable jusqu&#039;\u00e0 120 dB, un feu stroboscopique et une alarme anti-sabotage.<\/p>\n<p>Enti\u00e8rement int\u00e9gr\u00e9 au hub SecureX, optimis\u00e9 pour l&#039;application Stonehouse Smart.<\/p>\n<p>Aliment\u00e9 par batterie int\u00e9gr\u00e9e, adaptateur secteur ou panneau solaire (en option) pour une flexibilit\u00e9 maximale.<\/p>","protected":false},"featured_media":4691,"template":"","meta":{"_acf_changed":false,"inline_featured_image":false,"site-sidebar-layout":"default","site-content-layout":"","ast-site-content-layout":"default","site-content-style":"default","site-sidebar-style":"default","ast-global-header-display":"","ast-banner-title-visibility":"","ast-main-header-display":"","ast-hfb-above-header-display":"","ast-hfb-below-header-display":"","ast-hfb-mobile-header-display":"","site-post-title":"","ast-breadcrumbs-content":"","ast-featured-img":"","footer-sml-layout":"","ast-disable-related-posts":"","theme-transparent-header-meta":"default","adv-header-id-meta":"","stick-header-meta":"","header-above-stick-meta":"","header-main-stick-meta":"","header-below-stick-meta":"","astra-migrate-meta-layouts":"set","ast-page-background-enabled":"default","ast-page-background-meta":{"desktop":{"background-color":"","background-image":"","background-repeat":"repeat","background-position":"center center","background-size":"auto","background-attachment":"scroll","background-type":"","background-media":"","overlay-type":"","overlay-color":"","overlay-opacity":"","overlay-gradient":""},"tablet":{"background-color":"","background-image":"","background-repeat":"repeat","background-position":"center center","background-size":"auto","background-attachment":"scroll","background-type":"","background-media":"","overlay-type":"","overlay-color":"","overlay-opacity":"","overlay-gradient":""},"mobile":{"background-color":"","background-image":"","background-repeat":"repeat","background-position":"center center","background-size":"auto","background-attachment":"scroll","background-type":"","background-media":"","overlay-type":"","overlay-color":"","overlay-opacity":"","overlay-gradient":""}},"ast-content-background-meta":{"desktop":{"background-color":"var(--ast-global-color-5)","background-image":"","background-repeat":"repeat","background-position":"center center","background-size":"auto","background-attachment":"scroll","background-type":"","background-media":"","overlay-type":"","overlay-color":"","overlay-opacity":"","overlay-gradient":""},"tablet":{"background-color":"var(--ast-global-color-5)","background-image":"","background-repeat":"repeat","background-position":"center center","background-size":"auto","background-attachment":"scroll","background-type":"","background-media":"","overlay-type":"","overlay-color":"","overlay-opacity":"","overlay-gradient":""},"mobile":{"background-color":"var(--ast-global-color-5)","background-image":"","background-repeat":"repeat","background-position":"center center","background-size":"auto","background-attachment":"scroll","background-type":"","background-media":"","overlay-type":"","overlay-color":"","overlay-opacity":"","overlay-gradient":""}}},"product_brand":[233],"product_cat":[48,65],"product_tag":[],"class_list":{"0":"post-4236","1":"product","2":"type-product","3":"status-publish","4":"has-post-thumbnail","6":"product_brand-connect-pro","7":"product_cat-securex-smart-alarm","8":"product_cat-sirener","9":"pa_brands-securex-connect-pro","10":"pa_brands-stonehouse-smart","11":"desktop-align-left","12":"tablet-align-center","13":"mobile-align-center","15":"first","16":"instock","17":"shipping-taxable","18":"product-type-simple"},"acf":[],"_links":{"self":[{"href":"https:\/\/stonehousesmart.se\/fr\/wp-json\/wp\/v2\/product\/4236","targetHints":{"allow":["GET"]}}],"collection":[{"href":"https:\/\/stonehousesmart.se\/fr\/wp-json\/wp\/v2\/product"}],"about":[{"href":"https:\/\/stonehousesmart.se\/fr\/wp-json\/wp\/v2\/types\/product"}],"wp:featuredmedia":[{"embeddable":true,"href":"https:\/\/stonehousesmart.se\/fr\/wp-json\/wp\/v2\/media\/4691"}],"wp:attachment":[{"href":"https:\/\/stonehousesmart.se\/fr\/wp-json\/wp\/v2\/media?parent=4236"}],"wp:term":[{"taxonomy":"product_brand","embeddable":true,"href":"https:\/\/stonehousesmart.se\/fr\/wp-json\/wp\/v2\/product_brand?post=4236"},{"taxonomy":"product_cat","embeddable":true,"href":"https:\/\/stonehousesmart.se\/fr\/wp-json\/wp\/v2\/product_cat?post=4236"},{"taxonomy":"product_tag","embeddable":true,"href":"https:\/\/stonehousesmart.se\/fr\/wp-json\/wp\/v2\/product_tag?post=4236"}],"curies":[{"name":"wp","href":"https:\/\/api.w.org\/{rel}","templated":true}]}}