{"id":4317,"date":"2025-09-15T11:16:41","date_gmt":"2025-09-15T09:16:41","guid":{"rendered":"https:\/\/stonehousesmart.se\/?post_type=product&#038;p=4317"},"modified":"2026-03-31T10:47:16","modified_gmt":"2026-03-31T08:47:16","slug":"securex-connect-pro-kit-touchskarm","status":"publish","type":"product","link":"https:\/\/stonehousesmart.se\/fr\/product\/securex-connect-pro-kit-touchskarm\/","title":{"rendered":"SecureX Connect Pro Startpaket &#8211; Svensk version med touchsk\u00e4rm, 4G och app"},"content":{"rendered":"<h2>SecureX Connect Pro pack alarme, version fran\u00e7aise, avec \u00e9cran tactile, 4G et application<\/h2>\n<p>Alarme sans abonnement avec garantie de 3 ans et assistance compl\u00e8te assur\u00e9e par la soci\u00e9t\u00e9 su\u00e9doise Stonehouse Security AB.<\/p>\n<p>SecureX Connect Pro est le c\u0153ur du syst\u00e8me SecureX \u2013 un puissant concentrateur d&#039;alarme avec <strong>\u00e9cran tactile de 7 pouces<\/strong> qui r\u00e9unit tous les appareils SecureX au sein d&#039;un seul syst\u00e8me.<\/p>\n<p>Gr\u00e2ce au menu de d\u00e9marrage simple, chacun peut configurer l&#039;alarme en une trentaine de minutes\u00a0; le menu indique en su\u00e9dois comment proc\u00e9der., <span style=\"text-decoration: underline\"><strong>Le menu s&#039;adapte toujours \u00e0 la langue que vous avez choisie.<\/strong><\/span> \u00e0 avoir en standard.<\/p>\n<p>En cas d&#039;alarme, les sir\u00e8nes se d\u00e9clencheront et vous recevrez une notification sur votre t\u00e9l\u00e9phone portable via l&#039;application. Si vous avez s\u00e9lectionn\u00e9 et configur\u00e9 une carte SIM 4G, un SMS et un message vocal vous seront envoy\u00e9s.<\/p>\n<p>La voix annonce dans votre langue la section qui a \u00e9t\u00e9 d\u00e9clench\u00e9e et vous pouvez \u00e9galement \u00e9couter ce qui se passe dans votre propri\u00e9t\u00e9. Si vous avez par exemple une alarme SOS silencieuse, la personne peut vous parler et vous pouvez communiquer avec elle via le microphone int\u00e9gr\u00e9 du hub.<\/p>\n<p>L&#039;alarme SecureX <strong>panneau (avec affichage et texte brut), messages vocaux et application Stonehouse Smart<\/strong> disponible \u00e0\u00a0:<\/p>\n<p><em><strong><span style=\"text-decoration: underline\">Su\u00e9dois, anglais, allemand, finnois, fran\u00e7ais, n\u00e9erlandais, polonais, espagnol, norv\u00e9gien et danois.<\/span><\/strong><\/em><\/p>\n<hr \/>\n<ul>\n<li>\u00c9cran tactile 7 pouces avec longue port\u00e9e\/LoRa<\/li>\n<li>Jusqu&#039;\u00e0 <strong>200 appareils sans fil<\/strong><\/li>\n<li><strong>Wi-Fi, 2G et 4G<\/strong> pour la connexion<\/li>\n<li>Sir\u00e8ne int\u00e9gr\u00e9e (jusqu&#039;\u00e0 120 dB) + <strong>batterie de secours 5000 mAh<\/strong><\/li>\n<li>Contr\u00f4le \u00e0 distance et notifications via l&#039;application<\/li>\n<li>Facile \u00e0 agrandir si n\u00e9cessaire<\/li>\n<\/ul>\n<hr \/>\n<h3>Caract\u00e9ristiques et avantages<\/h3>\n<ul>\n<li><strong>\u00c9cran tactile IPS 7 pouces (1024\u00d7600)<\/strong> \u2013 clair et facile \u00e0 utiliser<\/li>\n<li>Protocoles int\u00e9gr\u00e9s\u00a0: <strong>433 MHz (EV1527)<\/strong> et <strong>868 MHz<\/strong> avec chiffrement SecureX<\/li>\n<li><strong>Longue port\u00e9e<\/strong> \u2013 jusqu&#039;\u00e0 environ <strong>500 m<\/strong> port\u00e9e (ligne de vis\u00e9e)<\/li>\n<li>Prise en charge hybride\u00a0: <strong>200 appareils sans fil + 8 zones c\u00e2bl\u00e9es<\/strong><\/li>\n<li>Sir\u00e8ne int\u00e9gr\u00e9e + <strong>alarme de sabotage<\/strong><\/li>\n<li><strong>Batterie de secours 5000 mAh<\/strong> \u2013 fonctionnement m\u00eame en cas de panne de courant<\/li>\n<li>Communication bidirectionnelle et plusieurs num\u00e9ros d&#039;urgence<\/li>\n<li><strong>Mises \u00e0 jour OTA gratuites<\/strong> via l&#039;application Stonehouse Smart<\/li>\n<li><strong>10 langues + informations vocales :<\/strong> Su\u00e9dois, norv\u00e9gien, danois, finnois, anglais, allemand, polonais, fran\u00e7ais, espagnol, n\u00e9erlandais<\/li>\n<li>Installation facile via <strong>USB-C ou 12 V<\/strong><\/li>\n<\/ul>\n<hr \/>\n<h3>Int\u00e9grations d&#039;applications et intelligentes<\/h3>\n<ul>\n<li>Contr\u00f4le total via <strong>L&#039;application Stonehouse Smart<\/strong><\/li>\n<li><strong>Tuya et Smart Life<\/strong> pris en charge (via le hub)<\/li>\n<li>Possibilit\u00e9 de cr\u00e9er des sc\u00e9narios\/automatisations (par exemple, \u00e9clairage en cas d&#039;alarme)<\/li>\n<li>Soutien pour <strong>Assistant Google<\/strong><\/li>\n<\/ul>\n<hr \/>\n<h3>Certifications et qualit\u00e9<\/h3>\n<ul>\n<li>CE<\/li>\n<li>RoHS<\/li>\n<li>ATTEINDRE<\/li>\n<li>Identifiant FCC (H700)<\/li>\n<li>UKCA (H700)<\/li>\n<li>ERP \u2013 conception \u00e9co\u00e9nerg\u00e9tique<\/li>\n<\/ul>\n<hr \/>\n<h3>Ceci est inclus dans le kit SecureX Connect Pro<\/h3>\n<ul>\n<li><strong>1 pi\u00e8ce<\/strong> Panneau SecureX Connect Pro \u2013 Panneau LoRa 7 pouces avec \u00e9cran tactile<\/li>\n<li><strong>2 pi\u00e8ces<\/strong> T\u00e9l\u00e9commandes SecureX QuickControl<\/li>\n<li><strong>1 pi\u00e8ce<\/strong> D\u00e9tecteur de mouvement PIR SecureX MotionEye Pro<\/li>\n<li><strong>1 pi\u00e8ce<\/strong> SecureX DoorSense Pro \u2013 contact magn\u00e9tique pour porte\/fen\u00eatre<\/li>\n<li><strong>3 pi\u00e8ces<\/strong> \u00c9tiquettes autocollantes en aluminium pour alarme, format A8 (52 x 74 mm).<\/li>\n<li>Support de panneau pour montage<\/li>\n<li>Vis et chevilles pour le montage sur panneau<\/li>\n<\/ul>\n<p>&nbsp;<\/p>","protected":false},"excerpt":{"rendered":"<h2>SecureX Connect Pro pack alarme, version fran\u00e7aise, avec \u00e9cran tactile, 4G et application<\/h2>\n<p class=\"\" data-start=\"307\" data-end=\"466\">L&#039;\u00e9cran tactile su\u00e9dois et le guide de d\u00e9marrage simple rendent le syst\u00e8me facile \u00e0 prendre en main.<\/p>\n<p class=\"\" data-start=\"307\" data-end=\"466\">Le hub r\u00e9unit tous les appareils SecureX dans un syst\u00e8me intelligent et convivial.<\/p>\n<p class=\"\" data-start=\"307\" data-end=\"466\">Vous recevez les alarmes directement sur votre t\u00e9l\u00e9phone portable et, avec une carte SIM 4G, vous pouvez \u00e9galement recevoir des SMS et des messages vocaux en cas d&#039;alarme.<\/p>\n<p class=\"\" data-start=\"307\" data-end=\"466\">Le panneau est \u00e9quip\u00e9 d&#039;une sir\u00e8ne int\u00e9gr\u00e9e, d&#039;une alarme anti-sabotage, d&#039;une batterie de secours et est contr\u00f4l\u00e9 en su\u00e9dois. <strong data-start=\"348\" data-end=\"374\">L&#039;application Stonehouse Smart<\/strong>, et est compatible avec <strong data-start=\"399\" data-end=\"420\" data-is-only-node=\"\">Tuya et Smart Life<\/strong>.<\/p>\n<p data-start=\"307\" data-end=\"466\">L&#039;alarme SecureX <strong>panneau (avec affichage et texte brut), messages vocaux et application Stonehouse Smart<\/strong> Disponible en su\u00e9dois, anglais, allemand, finnois, fran\u00e7ais, n\u00e9erlandais, polonais, espagnol, norv\u00e9gien et danois.<\/p>","protected":false},"featured_media":5374,"template":"","meta":{"_acf_changed":false,"inline_featured_image":false,"site-sidebar-layout":"default","site-content-layout":"","ast-site-content-layout":"default","site-content-style":"default","site-sidebar-style":"default","ast-global-header-display":"","ast-banner-title-visibility":"","ast-main-header-display":"","ast-hfb-above-header-display":"","ast-hfb-below-header-display":"","ast-hfb-mobile-header-display":"","site-post-title":"","ast-breadcrumbs-content":"","ast-featured-img":"","footer-sml-layout":"","ast-disable-related-posts":"","theme-transparent-header-meta":"default","adv-header-id-meta":"","stick-header-meta":"","header-above-stick-meta":"","header-main-stick-meta":"","header-below-stick-meta":"","astra-migrate-meta-layouts":"set","ast-page-background-enabled":"default","ast-page-background-meta":{"desktop":{"background-color":"","background-image":"","background-repeat":"repeat","background-position":"center center","background-size":"auto","background-attachment":"scroll","background-type":"","background-media":"","overlay-type":"","overlay-color":"","overlay-opacity":"","overlay-gradient":""},"tablet":{"background-color":"","background-image":"","background-repeat":"repeat","background-position":"center center","background-size":"auto","background-attachment":"scroll","background-type":"","background-media":"","overlay-type":"","overlay-color":"","overlay-opacity":"","overlay-gradient":""},"mobile":{"background-color":"","background-image":"","background-repeat":"repeat","background-position":"center center","background-size":"auto","background-attachment":"scroll","background-type":"","background-media":"","overlay-type":"","overlay-color":"","overlay-opacity":"","overlay-gradient":""}},"ast-content-background-meta":{"desktop":{"background-color":"var(--ast-global-color-5)","background-image":"","background-repeat":"repeat","background-position":"center center","background-size":"auto","background-attachment":"scroll","background-type":"","background-media":"","overlay-type":"","overlay-color":"","overlay-opacity":"","overlay-gradient":""},"tablet":{"background-color":"var(--ast-global-color-5)","background-image":"","background-repeat":"repeat","background-position":"center center","background-size":"auto","background-attachment":"scroll","background-type":"","background-media":"","overlay-type":"","overlay-color":"","overlay-opacity":"","overlay-gradient":""},"mobile":{"background-color":"var(--ast-global-color-5)","background-image":"","background-repeat":"repeat","background-position":"center center","background-size":"auto","background-attachment":"scroll","background-type":"","background-media":"","overlay-type":"","overlay-color":"","overlay-opacity":"","overlay-gradient":""}}},"product_brand":[233],"product_cat":[48,112],"product_tag":[],"class_list":{"0":"post-4317","1":"product","2":"type-product","3":"status-publish","4":"has-post-thumbnail","6":"product_brand-connect-pro","7":"product_cat-securex-smart-alarm","8":"product_cat-securex-larmkit","9":"pa_brands-securex-connect-pro","10":"pa_brands-stonehouse-smart","11":"desktop-align-left","12":"tablet-align-center","13":"mobile-align-center","15":"first","16":"instock","17":"shipping-taxable","18":"product-type-simple"},"acf":[],"_links":{"self":[{"href":"https:\/\/stonehousesmart.se\/fr\/wp-json\/wp\/v2\/product\/4317","targetHints":{"allow":["GET"]}}],"collection":[{"href":"https:\/\/stonehousesmart.se\/fr\/wp-json\/wp\/v2\/product"}],"about":[{"href":"https:\/\/stonehousesmart.se\/fr\/wp-json\/wp\/v2\/types\/product"}],"wp:featuredmedia":[{"embeddable":true,"href":"https:\/\/stonehousesmart.se\/fr\/wp-json\/wp\/v2\/media\/5374"}],"wp:attachment":[{"href":"https:\/\/stonehousesmart.se\/fr\/wp-json\/wp\/v2\/media?parent=4317"}],"wp:term":[{"taxonomy":"product_brand","embeddable":true,"href":"https:\/\/stonehousesmart.se\/fr\/wp-json\/wp\/v2\/product_brand?post=4317"},{"taxonomy":"product_cat","embeddable":true,"href":"https:\/\/stonehousesmart.se\/fr\/wp-json\/wp\/v2\/product_cat?post=4317"},{"taxonomy":"product_tag","embeddable":true,"href":"https:\/\/stonehousesmart.se\/fr\/wp-json\/wp\/v2\/product_tag?post=4317"}],"curies":[{"name":"wp","href":"https:\/\/api.w.org\/{rel}","templated":true}]}}