{"id":4231,"date":"2025-09-15T11:16:43","date_gmt":"2025-09-15T09:16:43","guid":{"rendered":"https:\/\/stonehousesmart.se\/product\/securex-signalmax-starker-signal-for-larmenheter\/"},"modified":"2026-03-13T18:13:23","modified_gmt":"2026-03-13T17:13:23","slug":"securex-signalmax-600-meter","status":"publish","type":"product","link":"https:\/\/stonehousesmart.se\/nb\/product\/securex-signalmax-600-meter\/","title":{"rendered":"SecureX SignalMax \u2013 Sterkere signal for alarmenheter opptil 600 meter"},"content":{"rendered":"<h2 data-start=\"113\" data-end=\"183\">SecureX SignalMax \u2013 Signalforsterker (repeater) for SecureX-systemer<\/h2>\n<p data-start=\"185\" data-end=\"509\">SecureX SignalMax er en kraftig signalforsterker som forbedrer rekkevidden og stabiliteten til SecureX-alarmsystemet ditt. Den fungerer som en bro mellom sensorene\/fjernkontrollene dine og SecureX-huben, slik at signaler kan n\u00e5 enda st\u00f8rre eiendommer, bygninger med flere etasjer eller milj\u00f8er med tykke vegger og forstyrrelser.<\/p>\n<p data-start=\"511\" data-end=\"683\">Med en senderekkevidde p\u00e5 opptil <strong data-start=\"548\" data-end=\"572\">600 meter i fri sikt<\/strong> SignalMax er et perfekt alternativ for b\u00e5de private og profesjonelle installasjoner der det er behov for ekstra rekkevidde.<\/p>\n<h3 data-start=\"685\" data-end=\"729\">Stabil kommunikasjon i hele anlegget<\/h3>\n<p data-start=\"730\" data-end=\"752\">SignalMax kan h\u00e5ndtere:<\/p>\n<ul data-start=\"753\" data-end=\"824\">\n<li data-start=\"753\" data-end=\"790\">\n<p data-start=\"755\" data-end=\"790\">Opptil <strong data-start=\"764\" data-end=\"790\">99 tr\u00e5dl\u00f8se detektorer<\/strong><\/p>\n<\/li>\n<li data-start=\"791\" data-end=\"824\">\n<p data-start=\"793\" data-end=\"824\">Opptil <strong data-start=\"802\" data-end=\"824\">99 fjernkontroller<\/strong><\/p>\n<\/li>\n<\/ul>\n<p data-start=\"826\" data-end=\"918\">Enheten er utstyrt med <strong data-start=\"850\" data-end=\"866\">metallantenne<\/strong> for ekstra stabilt signal og best mulig rekkevidde.<\/p>\n<p data-start=\"920\" data-end=\"983\">Viktig: <strong data-start=\"929\" data-end=\"983\">Kun \u00e9n SignalMax skal brukes per system.<\/strong><\/p>\n<h3 data-start=\"985\" data-end=\"1011\">System og app (viktig)<\/h3>\n<p data-start=\"1012\" data-end=\"1099\">SecureX SignalMax er en systemkomponent som brukes sammen med <strong data-start=\"1080\" data-end=\"1098\">SecureX Hub<\/strong>:<\/p>\n<ul data-start=\"1100\" data-end=\"1301\">\n<li data-start=\"1100\" data-end=\"1151\">\n<p data-start=\"1102\" data-end=\"1151\">All h\u00e5ndtering skjer via <strong data-start=\"1125\" data-end=\"1151\">Stonehouse Smart-appen<\/strong><\/p>\n<\/li>\n<li data-start=\"1152\" data-end=\"1234\">\n<p data-start=\"1154\" data-end=\"1234\">Det er <strong data-start=\"1161\" data-end=\"1179\">SecureX Hub<\/strong> som gir kompatibilitet med <strong data-start=\"1207\" data-end=\"1215\">Tuya<\/strong> og <strong data-start=\"1220\" data-end=\"1234\">Smart liv<\/strong><\/p>\n<\/li>\n<li data-start=\"1235\" data-end=\"1301\">\n<p data-start=\"1237\" data-end=\"1301\">SignalMax er <strong data-start=\"1250\" data-end=\"1269\">ikke uavhengig<\/strong> og kan ikke brukes uten en hub<\/p>\n<\/li>\n<\/ul>\n<h3 data-start=\"1303\" data-end=\"1336\">Sikker drift med backupbatteri<\/h3>\n<p data-start=\"1337\" data-end=\"1495\">SignalMax kan betjenes via <strong data-start=\"1362\" data-end=\"1383\">DC 5V (mikro-USB)<\/strong> eller <strong data-start=\"1390\" data-end=\"1400\">DC 12V<\/strong> og har en innebygd <strong data-start=\"1421\" data-end=\"1452\">backupbatteri (3,7 V Ni-Hi)<\/strong> som holder enheten i gang under str\u00f8mbrudd.<\/p>\n<p data-start=\"1497\" data-end=\"1617\">Takk til <strong data-start=\"1507\" data-end=\"1523\">EEPROM-minne<\/strong> SignalMax beholder alle innstillinger selv om det interne batteriet er helt utladet.<\/p>\n<hr data-start=\"1619\" data-end=\"1622\" \/>\n<h2 data-start=\"1624\" data-end=\"1648\">Fordeler og funksjoner<\/h2>\n<ul data-start=\"1649\" data-end=\"2080\">\n<li data-start=\"1649\" data-end=\"1702\">\n<p data-start=\"1651\" data-end=\"1702\">Forsterker alarmsignalet opptil <strong data-start=\"1682\" data-end=\"1691\">600 meter<\/strong> (klar utsikt)<\/p>\n<\/li>\n<li data-start=\"1703\" data-end=\"1744\">\n<p data-start=\"1705\" data-end=\"1744\">Full integrasjon via <strong data-start=\"1726\" data-end=\"1744\">SecureX Hub<\/strong><\/p>\n<\/li>\n<li data-start=\"1745\" data-end=\"1802\">\n<p data-start=\"1747\" data-end=\"1802\">Status og varsler i sanntid i <strong data-start=\"1776\" data-end=\"1802\">Stonehouse Smart-appen<\/strong><\/p>\n<\/li>\n<li data-start=\"1803\" data-end=\"1843\">\n<p data-start=\"1805\" data-end=\"1843\">St\u00f8tter Tuya og Smart Life <strong data-start=\"1829\" data-end=\"1843\">via huben<\/strong><\/p>\n<\/li>\n<li data-start=\"1844\" data-end=\"1893\">\n<p data-start=\"1846\" data-end=\"1893\">St\u00f8tte for <strong data-start=\"1855\" data-end=\"1893\">99 detektorer + 99 fjernkontroller<\/strong><\/p>\n<\/li>\n<li data-start=\"1894\" data-end=\"1946\">\n<p data-start=\"1896\" data-end=\"1946\">Stabil drift i store eiendommer og vanskelige milj\u00f8er<\/p>\n<\/li>\n<li data-start=\"1947\" data-end=\"1989\">\n<p data-start=\"1949\" data-end=\"1989\">Backupbatteri for drift ved str\u00f8mbrudd<\/p>\n<\/li>\n<li data-start=\"1990\" data-end=\"2038\">\n<p data-start=\"1992\" data-end=\"2038\">Drift via <strong data-start=\"2002\" data-end=\"2022\">Mikro-USB (DC5V)<\/strong> eller <strong data-start=\"2029\" data-end=\"2038\">DC12V<\/strong><\/p>\n<\/li>\n<li data-start=\"2039\" data-end=\"2080\">\n<p data-start=\"2041\" data-end=\"2080\">Metallantenne for best mulig rekkevidde<\/p>\n<\/li>\n<\/ul>\n<hr data-start=\"2082\" data-end=\"2085\" \/>\n<h2 data-start=\"2087\" data-end=\"2108\">Bruksomr\u00e5der<\/h2>\n<ul data-start=\"2109\" data-end=\"2227\">\n<li data-start=\"2109\" data-end=\"2137\">\n<p data-start=\"2111\" data-end=\"2137\">Villaer og st\u00f8rre boliger<\/p>\n<\/li>\n<li data-start=\"2138\" data-end=\"2169\">\n<p data-start=\"2140\" data-end=\"2169\">Sommerhus og bygninger i flere etasjer<\/p>\n<\/li>\n<li data-start=\"2170\" data-end=\"2199\">\n<p data-start=\"2172\" data-end=\"2199\">Forretningslokaler og butikker<\/p>\n<\/li>\n<li data-start=\"2200\" data-end=\"2227\">\n<p data-start=\"2202\" data-end=\"2227\">Lagerhus og industrimilj\u00f8er<\/p>\n<\/li>\n<\/ul>\n<hr data-start=\"2229\" data-end=\"2232\" \/>\n<h2 data-start=\"2234\" data-end=\"2258\">Teknisk spesifikasjon<\/h2>\n<ul data-start=\"2259\" data-end=\"2742\">\n<li data-start=\"2259\" data-end=\"2313\">\n<p data-start=\"2261\" data-end=\"2313\"><strong data-start=\"2261\" data-end=\"2282\">Str\u00f8mforsyning:<\/strong> DC5V (mikro-USB) eller DC12V<\/p>\n<\/li>\n<li data-start=\"2314\" data-end=\"2350\">\n<p data-start=\"2316\" data-end=\"2350\"><strong data-start=\"2316\" data-end=\"2336\">Innebygd batteri:<\/strong> 3,7V Ni-Hi<\/p>\n<\/li>\n<li data-start=\"2351\" data-end=\"2403\">\n<p data-start=\"2353\" data-end=\"2403\"><strong data-start=\"2353\" data-end=\"2370\">Standby-str\u00f8m:<\/strong> &lt;20 mA (DC5V) \/ &lt;13 mA (DC12V)<\/p>\n<\/li>\n<li data-start=\"2404\" data-end=\"2457\">\n<p data-start=\"2406\" data-end=\"2457\"><strong data-start=\"2406\" data-end=\"2422\">Arbeidsstr\u00f8m:<\/strong> &lt;600mA (DC5V) \/ &lt;200mA (DC12V)<\/p>\n<\/li>\n<li data-start=\"2458\" data-end=\"2509\">\n<p data-start=\"2460\" data-end=\"2509\"><strong data-start=\"2460\" data-end=\"2478\">Kommunikasjon:<\/strong> 433 MHz (ASK), 868 MHz (FSK)<\/p>\n<\/li>\n<li data-start=\"2510\" data-end=\"2558\">\n<p data-start=\"2512\" data-end=\"2558\"><strong data-start=\"2512\" data-end=\"2536\">Mottaksrekkevidde:<\/strong> ca. 100 m (siktlinje)<\/p>\n<\/li>\n<li data-start=\"2559\" data-end=\"2611\">\n<p data-start=\"2561\" data-end=\"2611\"><strong data-start=\"2561\" data-end=\"2583\">Rekkevidde for overf\u00f8ring:<\/strong> opptil 600 m (siktlinje)<\/p>\n<\/li>\n<li data-start=\"2612\" data-end=\"2666\">\n<p data-start=\"2614\" data-end=\"2666\"><strong data-start=\"2614\" data-end=\"2630\">Maks antall enheter:<\/strong> 99 detektorer, 99 fjernkontroller<\/p>\n<\/li>\n<li data-start=\"2667\" data-end=\"2711\">\n<p data-start=\"2669\" data-end=\"2711\"><strong data-start=\"2669\" data-end=\"2690\">Arbeidstemperatur:<\/strong> \u221220 \u00b0C til +55 \u00b0C<\/p>\n<\/li>\n<li data-start=\"2712\" data-end=\"2742\">\n<p data-start=\"2714\" data-end=\"2742\"><strong data-start=\"2714\" data-end=\"2723\">M\u00e5le:<\/strong> 155 \u00d7 72 \u00d7 22 mm<\/p>\n<\/li>\n<\/ul>\n<hr data-start=\"2744\" data-end=\"2747\" \/>\n<h2 data-start=\"2749\" data-end=\"2768\">Leveringsinnhold<\/h2>\n<ul data-start=\"2769\" data-end=\"2908\">\n<li data-start=\"2769\" data-end=\"2805\">\n<p data-start=\"2771\" data-end=\"2805\">SecureX SignalMax-repeater: 1 stk.<\/p>\n<\/li>\n<li data-start=\"2806\" data-end=\"2847\">\n<p data-start=\"2808\" data-end=\"2847\">Str\u00f8madapter (DC5V \/ Micro USB): 1 stk.<\/p>\n<\/li>\n<li data-start=\"2848\" data-end=\"2875\">\n<p data-start=\"2850\" data-end=\"2875\">Monteringsskruer: 4 stk.<\/p>\n<\/li>\n<li data-start=\"2876\" data-end=\"2891\">\n<p data-start=\"2878\" data-end=\"2891\">St\u00f8psel: 4 stk.<\/p>\n<\/li>\n<li data-start=\"2892\" data-end=\"2908\">\n<p data-start=\"2894\" data-end=\"2908\">Manuell: 1 stk.<\/p>\n<\/li>\n<\/ul>","protected":false},"excerpt":{"rendered":"<p>SecureX SignalMax Signalforsterker med ASK-koding for SecureX-alarmer som \u00f8ker rekkevidden opp til 600 m.<\/p>\n<p>St\u00f8tter 99 sensorer og 99 fjernkontroller. Backupbatteri, adapter og monteringsutstyr inkludert.<\/p>","protected":false},"featured_media":4755,"template":"","meta":{"_acf_changed":false,"inline_featured_image":false,"site-sidebar-layout":"default","site-content-layout":"","ast-site-content-layout":"default","site-content-style":"default","site-sidebar-style":"default","ast-global-header-display":"","ast-banner-title-visibility":"","ast-main-header-display":"","ast-hfb-above-header-display":"","ast-hfb-below-header-display":"","ast-hfb-mobile-header-display":"","site-post-title":"","ast-breadcrumbs-content":"","ast-featured-img":"","footer-sml-layout":"","ast-disable-related-posts":"","theme-transparent-header-meta":"default","adv-header-id-meta":"","stick-header-meta":"","header-above-stick-meta":"","header-main-stick-meta":"","header-below-stick-meta":"","astra-migrate-meta-layouts":"set","ast-page-background-enabled":"default","ast-page-background-meta":{"desktop":{"background-color":"","background-image":"","background-repeat":"repeat","background-position":"center center","background-size":"auto","background-attachment":"scroll","background-type":"","background-media":"","overlay-type":"","overlay-color":"","overlay-opacity":"","overlay-gradient":""},"tablet":{"background-color":"","background-image":"","background-repeat":"repeat","background-position":"center center","background-size":"auto","background-attachment":"scroll","background-type":"","background-media":"","overlay-type":"","overlay-color":"","overlay-opacity":"","overlay-gradient":""},"mobile":{"background-color":"","background-image":"","background-repeat":"repeat","background-position":"center center","background-size":"auto","background-attachment":"scroll","background-type":"","background-media":"","overlay-type":"","overlay-color":"","overlay-opacity":"","overlay-gradient":""}},"ast-content-background-meta":{"desktop":{"background-color":"var(--ast-global-color-5)","background-image":"","background-repeat":"repeat","background-position":"center center","background-size":"auto","background-attachment":"scroll","background-type":"","background-media":"","overlay-type":"","overlay-color":"","overlay-opacity":"","overlay-gradient":""},"tablet":{"background-color":"var(--ast-global-color-5)","background-image":"","background-repeat":"repeat","background-position":"center center","background-size":"auto","background-attachment":"scroll","background-type":"","background-media":"","overlay-type":"","overlay-color":"","overlay-opacity":"","overlay-gradient":""},"mobile":{"background-color":"var(--ast-global-color-5)","background-image":"","background-repeat":"repeat","background-position":"center center","background-size":"auto","background-attachment":"scroll","background-type":"","background-media":"","overlay-type":"","overlay-color":"","overlay-opacity":"","overlay-gradient":""}}},"product_brand":[233],"product_cat":[67,48],"product_tag":[],"class_list":{"0":"post-4231","1":"product","2":"type-product","3":"status-publish","4":"has-post-thumbnail","6":"product_brand-connect-pro","7":"product_cat-repeatrar-natverk","8":"product_cat-securex-smart-alarm","9":"pa_brands-securex-connect-pro","10":"pa_brands-stonehouse-smart","11":"desktop-align-left","12":"tablet-align-center","13":"mobile-align-center","15":"first","16":"instock","17":"shipping-taxable","18":"product-type-simple"},"acf":[],"_links":{"self":[{"href":"https:\/\/stonehousesmart.se\/nb\/wp-json\/wp\/v2\/product\/4231","targetHints":{"allow":["GET"]}}],"collection":[{"href":"https:\/\/stonehousesmart.se\/nb\/wp-json\/wp\/v2\/product"}],"about":[{"href":"https:\/\/stonehousesmart.se\/nb\/wp-json\/wp\/v2\/types\/product"}],"wp:featuredmedia":[{"embeddable":true,"href":"https:\/\/stonehousesmart.se\/nb\/wp-json\/wp\/v2\/media\/4755"}],"wp:attachment":[{"href":"https:\/\/stonehousesmart.se\/nb\/wp-json\/wp\/v2\/media?parent=4231"}],"wp:term":[{"taxonomy":"product_brand","embeddable":true,"href":"https:\/\/stonehousesmart.se\/nb\/wp-json\/wp\/v2\/product_brand?post=4231"},{"taxonomy":"product_cat","embeddable":true,"href":"https:\/\/stonehousesmart.se\/nb\/wp-json\/wp\/v2\/product_cat?post=4231"},{"taxonomy":"product_tag","embeddable":true,"href":"https:\/\/stonehousesmart.se\/nb\/wp-json\/wp\/v2\/product_tag?post=4231"}],"curies":[{"name":"wp","href":"https:\/\/api.w.org\/{rel}","templated":true}]}}