{"id":4296,"date":"2025-09-15T11:16:44","date_gmt":"2025-09-15T09:16:44","guid":{"rendered":"https:\/\/stonehousesmart.se\/?post_type=product&#038;p=4296"},"modified":"2026-03-30T15:48:36","modified_gmt":"2026-03-30T13:48:36","slug":"securex-heatsense-10-arsbatteri","status":"publish","type":"product","link":"https:\/\/stonehousesmart.se\/nb\/product\/securex-heatsense-10-arsbatteri\/","title":{"rendered":"SecureX HeatSense \u2013 Varmedetektor 10-\u00e5rs batterisertifikat BS446-2"},"content":{"rendered":"<h2 data-start=\"335\" data-end=\"400\">SecureX HeatSense \u2013 varmedetektor med 10 \u00e5rs batteri (BS5446-2)<\/h2>\n<p data-start=\"402\" data-end=\"690\">SecureX HeatSense er en <strong data-start=\"426\" data-end=\"471\">sertifisert varmedetektor i henhold til BS5446-2<\/strong>, utviklet for \u00e5 oppdage unormale temperatur\u00f8kninger som kan indikere brann. Den er spesielt egnet for milj\u00f8er der r\u00f8ykvarslere risikerer \u00e5 gi falske alarmer, for eksempel kj\u00f8kken, garasjer, verksteder og st\u00f8vete rom.<\/p>\n<p data-start=\"692\" data-end=\"851\">Ved en farlig temperatur\u00f8kning, en <strong data-start=\"733\" data-end=\"774\">kraftig sirene p\u00e5 \u226585 dB (p\u00e5 3 meter)<\/strong> sammen med en tydelig LED-indikator, slik at alarmen oppdages umiddelbart.<\/p>\n<p data-start=\"853\" data-end=\"964\">Det innebygde batteriet har en levetid p\u00e5 opptil <strong data-start=\"905\" data-end=\"914\">10 \u00e5r<\/strong>, noe som gj\u00f8r HeatSense praktisk talt vedlikeholdsfri.<\/p>\n<hr data-start=\"966\" data-end=\"969\" \/>\n<h2 data-start=\"971\" data-end=\"1030\">Sammenkoblet brannvern \u2013 alle enheter varsler samtidig<\/h2>\n<p data-start=\"1032\" data-end=\"1167\">SecureX HeatSense er en del av <strong data-start=\"1063\" data-end=\"1086\">SecureX brannsystem<\/strong> og brukes sammen med <strong data-start=\"1115\" data-end=\"1133\">SecureX Hub<\/strong>, som er systemets sentrale enhet.<\/p>\n<p data-start=\"1169\" data-end=\"1225\">N\u00e5r <strong data-start=\"1173\" data-end=\"1179\">en<\/strong> r\u00f8yk- eller varmedetektoren i systemet utl\u00f8ser:<\/p>\n<ul data-start=\"1226\" data-end=\"1362\">\n<li data-start=\"1226\" data-end=\"1278\">\n<p data-start=\"1228\" data-end=\"1278\"><strong data-start=\"1228\" data-end=\"1278\">Alle r\u00f8yk- og varmedetektorer varsler samtidig<\/strong><\/p>\n<\/li>\n<li data-start=\"1279\" data-end=\"1317\">\n<p data-start=\"1281\" data-end=\"1317\">Sirener er aktivert over hele eiendommen<\/p>\n<\/li>\n<li data-start=\"1318\" data-end=\"1362\">\n<p data-start=\"1320\" data-end=\"1362\">Push-varsler sendes i sanntid til mobiltelefonen din<\/p>\n<\/li>\n<\/ul>\n<p data-start=\"1364\" data-end=\"1442\">Alarmen <strong data-start=\"1371\" data-end=\"1441\">kan sl\u00e5s av via SecureX-huben eller direkte i Stonehouse Smart-appen<\/strong>.<\/p>\n<p class=\"ds-markdown-paragraph\"><strong>Kan flere detektorer kobles til uten en hub?<\/strong><br \/>\nAbsolutt. Du kan opprette ditt eget tr\u00e5dl\u00f8se RF-nettverk der alle detektorer er koblet til. Hvis \u00e9n alarmerer, alarmerer alle \u2013 uten WiFi eller internett.<\/p>\n<p class=\"ds-markdown-paragraph\">Perfekt for de som \u00f8nsker et enkelt og robust system.<\/p>\n<p class=\"ds-markdown-paragraph\"><strong>Hva f\u00e5r jeg hvis jeg kobler til SecureX Connect Pro?<\/strong><br \/>\nMed SecureX-huben f\u00e5r du utvidet funksjonalitet:<\/p>\n<ul>\n<li>\n<p class=\"ds-markdown-paragraph\">Alle detektorer alarmerer samtidig<\/p>\n<\/li>\n<li>\n<p class=\"ds-markdown-paragraph\">Push-varsler sendes til mobiltelefonen din ved alarm.<\/p>\n<\/li>\n<li>\n<p class=\"ds-markdown-paragraph\">Du kan se status og historikk i Stonehouse Smart-appen.<\/p>\n<\/li>\n<li>\n<p class=\"ds-markdown-paragraph\">Du kan sl\u00e5 av alarmer via appen eller huben<\/p>\n<\/li>\n<li>\n<p class=\"ds-markdown-paragraph\">Systemet blir en del av smarthjemmet ditt<\/p>\n<\/li>\n<\/ul>\n<p class=\"ds-markdown-paragraph\"><strong>M\u00e5 jeg velge mellom frittst\u00e5ende eller tilkoblet?<\/strong><br \/>\nNei. Du kan starte med et frittst\u00e5ende sammenkoblet nettverk og senere koble det til SecureX Connect Pro n\u00e5r du vil ha appkontroll og varsler.<\/p>\n<p class=\"ds-markdown-paragraph\"><strong>Fungerer det selv om internett er nede?<\/strong><br \/>\nJa. Selve alarmfunksjonen og det sammenkoblede nettverket fungerer lokalt selv uten internett.<\/p>\n<p class=\"ds-markdown-paragraph\">Internett er kun n\u00f8dvendig for mobilvarsler og fjernkontroll via app.<\/p>\n<hr data-start=\"1538\" data-end=\"1541\" \/>\n<h2 data-start=\"1543\" data-end=\"1574\">Appkontroll og kompatibilitet<\/h2>\n<p data-start=\"1576\" data-end=\"1638\">Alle hendelser vises i <strong data-start=\"1599\" data-end=\"1625\">Stonehouse Smart-appen<\/strong>, hvor du kan:<\/p>\n<ul data-start=\"1639\" data-end=\"1742\">\n<li data-start=\"1639\" data-end=\"1672\">\n<p data-start=\"1641\" data-end=\"1672\">Se hvilken alarm som har blitt aktivert<\/p>\n<\/li>\n<li data-start=\"1673\" data-end=\"1706\">\n<p data-start=\"1675\" data-end=\"1706\">Motta push-varsler i sanntid<\/p>\n<\/li>\n<li data-start=\"1707\" data-end=\"1742\">\n<p data-start=\"1709\" data-end=\"1742\">Sl\u00e5 av og tilbakestille alarmen<\/p>\n<\/li>\n<\/ul>\n<p data-start=\"1744\" data-end=\"1756\"><strong data-start=\"1744\" data-end=\"1756\">Viktig:<\/strong><\/p>\n<ul data-start=\"1757\" data-end=\"1940\">\n<li data-start=\"1757\" data-end=\"1798\">\n<p data-start=\"1759\" data-end=\"1798\">HeatSense kobles til SecureX-huben<\/p>\n<\/li>\n<li data-start=\"1799\" data-end=\"1862\">\n<p data-start=\"1801\" data-end=\"1862\">Det er huben som er kompatibel med <strong data-start=\"1837\" data-end=\"1860\">Tuya og Smart Life<\/strong><\/p>\n<\/li>\n<li data-start=\"1863\" data-end=\"1940\">\n<p data-start=\"1865\" data-end=\"1940\">Sensoren er <strong data-start=\"1876\" data-end=\"1902\">ikke direkte kompatibel<\/strong> med Tuya eller Smart Life uten hub<\/p>\n<\/li>\n<\/ul>\n<hr data-start=\"1942\" data-end=\"1945\" \/>\n<h2 data-start=\"1947\" data-end=\"1991\">Enkel installasjon og stabil kommunikasjon<\/h2>\n<p data-start=\"1993\" data-end=\"2208\">HeatSense kommuniserer tr\u00e5dl\u00f8st via <strong data-start=\"2029\" data-end=\"2040\">433 MHz<\/strong> og har en rekkevidde p\u00e5 opptil <strong data-start=\"2073\" data-end=\"2097\">100 meter i fri sikt<\/strong>. Den monteres enkelt i taket og har sv\u00e6rt lavt forbruk i standby-modus, noe som bidrar til den lange batterilevetiden.<\/p>\n<p data-start=\"2210\" data-end=\"2306\">Det diskr\u00e9 designet gj\u00f8r at detektoren passer godt inn i b\u00e5de bolig- og n\u00e6ringsmilj\u00f8er.<\/p>\n<hr data-start=\"2308\" data-end=\"2311\" \/>\n<h2 data-start=\"2313\" data-end=\"2337\">Fordeler og funksjoner<\/h2>\n<ul data-start=\"2339\" data-end=\"2796\">\n<li data-start=\"2339\" data-end=\"2372\">\n<p data-start=\"2341\" data-end=\"2372\">Sertifisert i henhold til <strong data-start=\"2360\" data-end=\"2372\">BS5446-2<\/strong><\/p>\n<\/li>\n<li data-start=\"2373\" data-end=\"2412\">\n<p data-start=\"2375\" data-end=\"2412\">Innebygd <strong data-start=\"2383\" data-end=\"2400\">10-\u00e5rs batteri<\/strong> (ikke utskiftbar)<\/p>\n<\/li>\n<li data-start=\"2413\" data-end=\"2455\">\n<p data-start=\"2415\" data-end=\"2455\">Kraftig sirene \u226585 dB og LED-indikasjon<\/p>\n<\/li>\n<li data-start=\"2456\" data-end=\"2504\">\n<p data-start=\"2458\" data-end=\"2504\">Alle r\u00f8yk- og varmedetektorer varsler samtidig<\/p>\n<\/li>\n<li data-start=\"2505\" data-end=\"2554\">\n<p data-start=\"2507\" data-end=\"2554\">Alarmen sl\u00e5s av via <strong data-start=\"2526\" data-end=\"2554\">SecureX-hub eller -app<\/strong><\/p>\n<\/li>\n<li data-start=\"2555\" data-end=\"2614\">\n<p data-start=\"2557\" data-end=\"2614\">Tr\u00e5dl\u00f8s frekvens: <strong data-start=\"2575\" data-end=\"2595\">433 MHz (EV1527)<\/strong>, kodet for SecureX<\/p>\n<\/li>\n<li data-start=\"2615\" data-end=\"2675\">\n<p data-start=\"2617\" data-end=\"2675\">Tilkobling av opptil <strong data-start=\"2644\" data-end=\"2675\">40 r\u00f8yk- og varmedetektorer<\/strong><\/p>\n<\/li>\n<li data-start=\"2676\" data-end=\"2722\">\n<p data-start=\"2678\" data-end=\"2722\">Sanntidsvarsler i <strong data-start=\"2696\" data-end=\"2722\">Stonehouse Smart-appen<\/strong><\/p>\n<\/li>\n<li data-start=\"2723\" data-end=\"2763\">\n<p data-start=\"2725\" data-end=\"2763\">Rekkevidde opptil <strong data-start=\"2743\" data-end=\"2752\">100 meter<\/strong> (klar utsikt)<\/p>\n<\/li>\n<li data-start=\"2764\" data-end=\"2796\">\n<p data-start=\"2766\" data-end=\"2796\">Enkel og diskr\u00e9 takmontering<\/p>\n<\/li>\n<li data-start=\"2764\" data-end=\"2796\">M\u00e5l: 116 x 46 mm<\/li>\n<\/ul>\n<hr data-start=\"2798\" data-end=\"2801\" \/>\n<h2 data-start=\"2803\" data-end=\"2824\">Bruksomr\u00e5der<\/h2>\n<ul data-start=\"2826\" data-end=\"2942\">\n<li data-start=\"2826\" data-end=\"2864\">\n<p data-start=\"2828\" data-end=\"2864\">Kj\u00f8kken (minimerer falske alarmer fra matos)<\/p>\n<\/li>\n<li data-start=\"2865\" data-end=\"2888\">\n<p data-start=\"2867\" data-end=\"2888\">Garasjer og verksteder<\/p>\n<\/li>\n<li data-start=\"2889\" data-end=\"2909\">\n<p data-start=\"2891\" data-end=\"2909\">Kjeller og bod<\/p>\n<\/li>\n<li data-start=\"2910\" data-end=\"2942\">\n<p data-start=\"2912\" data-end=\"2942\">Butikker og offentlige milj\u00f8er<\/p>\n<\/li>\n<\/ul>\n<hr data-start=\"2944\" data-end=\"2947\" \/>\n<h2 data-start=\"2949\" data-end=\"2968\">Leveringsinnhold<\/h2>\n<ul data-start=\"2970\" data-end=\"3062\">\n<li data-start=\"2970\" data-end=\"3011\">\n<p data-start=\"2972\" data-end=\"3011\">SecureX HeatSense varmedetektor: 1 stk.<\/p>\n<\/li>\n<li data-start=\"3012\" data-end=\"3029\">\n<p data-start=\"3014\" data-end=\"3029\">Skruer: 2 stk<\/p>\n<\/li>\n<li data-start=\"3030\" data-end=\"3045\">\n<p data-start=\"3032\" data-end=\"3045\">St\u00f8psel: 2 stk.<\/p>\n<\/li>\n<li data-start=\"3046\" data-end=\"3062\">\n<p data-start=\"3048\" data-end=\"3062\">Manuell: 1 stk.<\/p>\n<\/li>\n<li data-start=\"3046\" data-end=\"3062\">Innebygd batteri \u2013 estimert levetid p\u00e5 10 \u00e5r<\/li>\n<\/ul>","protected":false},"excerpt":{"rendered":"<p>BS5446-2-sertifisert varmedetektor med 10 \u00e5rs batterilevetid. Perfekt for kj\u00f8kken og garasjer.<\/p>\n<p>Kobles til via SecureX-huben og sender alarmer til mobiltelefonen din via Stonehouse Smart-appen<\/p>","protected":false},"featured_media":5419,"template":"","meta":{"_acf_changed":false,"inline_featured_image":false,"site-sidebar-layout":"default","site-content-layout":"","ast-site-content-layout":"default","site-content-style":"default","site-sidebar-style":"default","ast-global-header-display":"","ast-banner-title-visibility":"","ast-main-header-display":"","ast-hfb-above-header-display":"","ast-hfb-below-header-display":"","ast-hfb-mobile-header-display":"","site-post-title":"","ast-breadcrumbs-content":"","ast-featured-img":"","footer-sml-layout":"","ast-disable-related-posts":"","theme-transparent-header-meta":"default","adv-header-id-meta":"","stick-header-meta":"","header-above-stick-meta":"","header-main-stick-meta":"","header-below-stick-meta":"","astra-migrate-meta-layouts":"set","ast-page-background-enabled":"default","ast-page-background-meta":{"desktop":{"background-color":"","background-image":"","background-repeat":"repeat","background-position":"center center","background-size":"auto","background-attachment":"scroll","background-type":"","background-media":"","overlay-type":"","overlay-color":"","overlay-opacity":"","overlay-gradient":""},"tablet":{"background-color":"","background-image":"","background-repeat":"repeat","background-position":"center center","background-size":"auto","background-attachment":"scroll","background-type":"","background-media":"","overlay-type":"","overlay-color":"","overlay-opacity":"","overlay-gradient":""},"mobile":{"background-color":"","background-image":"","background-repeat":"repeat","background-position":"center center","background-size":"auto","background-attachment":"scroll","background-type":"","background-media":"","overlay-type":"","overlay-color":"","overlay-opacity":"","overlay-gradient":""}},"ast-content-background-meta":{"desktop":{"background-color":"var(--ast-global-color-5)","background-image":"","background-repeat":"repeat","background-position":"center center","background-size":"auto","background-attachment":"scroll","background-type":"","background-media":"","overlay-type":"","overlay-color":"","overlay-opacity":"","overlay-gradient":""},"tablet":{"background-color":"var(--ast-global-color-5)","background-image":"","background-repeat":"repeat","background-position":"center center","background-size":"auto","background-attachment":"scroll","background-type":"","background-media":"","overlay-type":"","overlay-color":"","overlay-opacity":"","overlay-gradient":""},"mobile":{"background-color":"var(--ast-global-color-5)","background-image":"","background-repeat":"repeat","background-position":"center center","background-size":"auto","background-attachment":"scroll","background-type":"","background-media":"","overlay-type":"","overlay-color":"","overlay-opacity":"","overlay-gradient":""}}},"product_brand":[233],"product_cat":[48],"product_tag":[],"class_list":{"0":"post-4296","1":"product","2":"type-product","3":"status-publish","4":"has-post-thumbnail","6":"product_brand-connect-pro","7":"product_cat-securex-smart-alarm","8":"pa_brands-securex-connect-pro","9":"pa_brands-stonehouse-smart","10":"desktop-align-left","11":"tablet-align-center","12":"mobile-align-center","14":"first","15":"instock","16":"shipping-taxable","17":"product-type-simple"},"acf":[],"_links":{"self":[{"href":"https:\/\/stonehousesmart.se\/nb\/wp-json\/wp\/v2\/product\/4296","targetHints":{"allow":["GET"]}}],"collection":[{"href":"https:\/\/stonehousesmart.se\/nb\/wp-json\/wp\/v2\/product"}],"about":[{"href":"https:\/\/stonehousesmart.se\/nb\/wp-json\/wp\/v2\/types\/product"}],"wp:featuredmedia":[{"embeddable":true,"href":"https:\/\/stonehousesmart.se\/nb\/wp-json\/wp\/v2\/media\/5419"}],"wp:attachment":[{"href":"https:\/\/stonehousesmart.se\/nb\/wp-json\/wp\/v2\/media?parent=4296"}],"wp:term":[{"taxonomy":"product_brand","embeddable":true,"href":"https:\/\/stonehousesmart.se\/nb\/wp-json\/wp\/v2\/product_brand?post=4296"},{"taxonomy":"product_cat","embeddable":true,"href":"https:\/\/stonehousesmart.se\/nb\/wp-json\/wp\/v2\/product_cat?post=4296"},{"taxonomy":"product_tag","embeddable":true,"href":"https:\/\/stonehousesmart.se\/nb\/wp-json\/wp\/v2\/product_tag?post=4296"}],"curies":[{"name":"wp","href":"https:\/\/api.w.org\/{rel}","templated":true}]}}