{"id":4160,"date":"2025-09-15T11:16:45","date_gmt":"2025-09-15T09:16:45","guid":{"rendered":"https:\/\/stonehousesmart.se\/product\/securex-quickcontrol-larmstyrning-med-sos-knapp\/"},"modified":"2026-03-27T14:41:36","modified_gmt":"2026-03-27T13:41:36","slug":"securex-quickcontrol-larmstyrning-med-sos-knapp","status":"publish","type":"product","link":"https:\/\/stonehousesmart.se\/pl\/product\/securex-quickcontrol-larmstyrning-med-sos-knapp\/","title":{"rendered":"SecureX QuickControl \u2013 \u0142atwe sterowanie alarmem za pomoc\u0105 przycisku SOS"},"content":{"rendered":"<div class=\"relative basis-auto flex-col -mb-(--composer-overlap-px) [--composer-overlap-px:28px] grow flex\">\n<div class=\"flex flex-col text-sm pb-25\">\n<article class=\"text-token-text-primary w-full focus:outline-none [--shadow-height:45px] has-data-writing-block:pointer-events-none has-data-writing-block:-mt-(--shadow-height) has-data-writing-block:pt-(--shadow-height) [&amp;:has([data-writing-block])&gt;*]:pointer-events-auto [content-visibility:auto] supports-[content-visibility:auto]:[contain-intrinsic-size:auto_100lvh] scroll-mt-[calc(var(--header-height)+min(200px,max(70px,20svh)))]\" dir=\"auto\" data-turn-id=\"4ec2afae-725b-488d-a457-eb5033de29b7\" data-testid=\"conversation-turn-2\" data-scroll-anchor=\"true\" data-turn=\"assistant\">\n<div class=\"text-base my-auto mx-auto pb-10 [--thread-content-margin:--spacing(4)] @w-sm\/main:[--thread-content-margin:--spacing(6)] @w-lg\/main:[--thread-content-margin:--spacing(16)] px-(--thread-content-margin)\">\n<div class=\"[--thread-content-max-width:40rem] @w-lg\/main:[--thread-content-max-width:48rem] mx-auto max-w-(--thread-content-max-width) flex-1 group\/turn-messages focus-visible:outline-hidden relative flex w-full min-w-0 flex-col agent-turn\">\n<div class=\"flex max-w-full flex-col grow\">\n<div class=\"min-h-8 text-message relative flex w-full flex-col items-end gap-2 text-start break-words whitespace-normal [.text-message+&amp;]:mt-1\" dir=\"auto\" data-message-author-role=\"assistant\" data-message-id=\"e859efaf-be54-477a-813c-cd7365a5270a\" data-message-model-slug=\"gpt-5-2\">\n<div class=\"flex w-full flex-col gap-1 empty:hidden first:pt-[1px]\">\n<div class=\"markdown prose dark:prose-invert w-full break-words light markdown-new-styling\">\n<h2 data-start=\"42\" data-end=\"101\">SecureX QuickControl \u2013 smidig larmstyrning med SOS-knapp<\/h2>\n<p data-start=\"103\" data-end=\"376\"><strong data-start=\"103\" data-end=\"127\">SecureX QuickControl<\/strong> \u00e4r en kompakt och p\u00e5litlig fj\u00e4rrkontroll f\u00f6r enkel styrning av ditt SecureX-larmsystem. Med tydliga knappar kan du snabbt <strong data-start=\"250\" data-end=\"261\">larm p\u00e5<\/strong>, <strong data-start=\"263\" data-end=\"276\">hemmal\u00e4ge<\/strong>, <strong data-start=\"278\" data-end=\"289\">larm av<\/strong> eller <strong data-start=\"296\" data-end=\"315\">utl\u00f6sa SOS-larm<\/strong> \u2013 perfekt n\u00e4r du vill agera direkt utan att ta fram mobilen.<\/p>\n<p data-start=\"378\" data-end=\"650\">Fj\u00e4rrkontrollen \u00e4r fullt integrerad via <strong data-start=\"418\" data-end=\"435\">SecureX-huben<\/strong>, som \u00e4r systemets nav och s\u00e4kerst\u00e4ller stabil och s\u00e4ker kommunikation. Alla SecureX-enheter \u00e4r anpassade f\u00f6r <strong data-start=\"545\" data-end=\"592\"><span class=\"hover:entity-accent entity-underline inline cursor-pointer align-baseline\"><span class=\"whitespace-normal\">Stonehouse Smart<\/span><\/span>-appen<\/strong>, d\u00e4r du f\u00e5r full \u00f6verblick och kontroll direkt i mobilen.<\/p>\n<p data-start=\"652\" data-end=\"877\">F\u00f6r extra flexibilitet \u00e4r SecureX QuickControl \u00e4ven kompatibel med <strong data-start=\"719\" data-end=\"760\"><span class=\"hover:entity-accent entity-underline inline cursor-pointer align-baseline\"><span class=\"whitespace-normal\">Tuya<\/span><\/span><\/strong> och <strong data-start=\"765\" data-end=\"806\"><span class=\"hover:entity-accent entity-underline inline cursor-pointer align-baseline\"><span class=\"whitespace-normal\">Smart Life<\/span><\/span><\/strong>, vilket g\u00f6r den enkel att integrera i befintliga smarta hem-l\u00f6sningar.<\/p>\n<p data-start=\"879\" data-end=\"1100\">Den lilla och l\u00e4tta designen g\u00f6r att QuickControl enkelt kan f\u00e4stas p\u00e5 nyckelknippan eller b\u00e4ras i fickan. Med mycket l\u00e5g str\u00f6mf\u00f6rbrukning och ett standard <strong data-start=\"1035\" data-end=\"1053\">CR2032-batteri<\/strong> f\u00e5r du l\u00e5ng batteritid och minimalt underh\u00e5ll.<\/p>\n<hr data-start=\"1102\" data-end=\"1105\" \/>\n<h3 data-start=\"1107\" data-end=\"1132\">F\u00f6rdelar &amp; egenskaper<\/h3>\n<ul data-start=\"1133\" data-end=\"1451\">\n<li data-start=\"1133\" data-end=\"1169\">\n<p data-start=\"1135\" data-end=\"1169\">Full integration via SecureX-hub<\/p>\n<\/li>\n<li data-start=\"1170\" data-end=\"1225\">\n<p data-start=\"1172\" data-end=\"1225\">Anpassad f\u00f6r Stonehouse Smart-appen (iOS &amp; Android)<\/p>\n<\/li>\n<li data-start=\"1263\" data-end=\"1298\">\n<p data-start=\"1265\" data-end=\"1298\">SOS-funktion f\u00f6r n\u00f6dsituationer<\/p>\n<\/li>\n<li data-start=\"1299\" data-end=\"1353\">\n<p data-start=\"1301\" data-end=\"1353\">Snabb och enkel larmstyrning (p\u00e5 \/ av \/ hemmal\u00e4ge)<\/p>\n<\/li>\n<li data-start=\"1354\" data-end=\"1399\">\n<p data-start=\"1356\" data-end=\"1399\">Kompakt design \u2013 perfekt f\u00f6r nyckelknippa<\/p>\n<\/li>\n<li data-start=\"1400\" data-end=\"1451\">\n<p data-start=\"1402\" data-end=\"1451\">Mycket l\u00e5g str\u00f6mf\u00f6rbrukning f\u00f6r l\u00e5ng batteritid<\/p>\n<\/li>\n<\/ul>\n<hr data-start=\"1453\" data-end=\"1456\" \/>\n<h3 data-start=\"1458\" data-end=\"1480\">Anv\u00e4ndningsomr\u00e5den<\/h3>\n<ul data-start=\"1481\" data-end=\"1623\">\n<li data-start=\"1481\" data-end=\"1506\">\n<p data-start=\"1483\" data-end=\"1506\">Villor och l\u00e4genheter<\/p>\n<\/li>\n<li data-start=\"1507\" data-end=\"1535\">\n<p data-start=\"1509\" data-end=\"1535\">Kontor och butikslokaler<\/p>\n<\/li>\n<li data-start=\"1536\" data-end=\"1567\">\n<p data-start=\"1538\" data-end=\"1567\">Sommarstugor och fritidshus<\/p>\n<\/li>\n<li data-start=\"1568\" data-end=\"1623\">\n<p data-start=\"1570\" data-end=\"1623\">Snabb \u00e5tkomst till larmfunktioner f\u00f6r hela familjen<\/p>\n<\/li>\n<\/ul>\n<hr data-start=\"1625\" data-end=\"1628\" \/>\n<h3 data-start=\"1630\" data-end=\"1655\">Teknisk specifikation<\/h3>\n<ul data-start=\"1656\" data-end=\"1944\">\n<li data-start=\"1656\" data-end=\"1683\">\n<p data-start=\"1658\" data-end=\"1683\"><strong data-start=\"1658\" data-end=\"1670\">Batteri:<\/strong> CR2032 \u00d7 1<\/p>\n<\/li>\n<li data-start=\"1684\" data-end=\"1709\">\n<p data-start=\"1686\" data-end=\"1709\"><strong data-start=\"1686\" data-end=\"1700\">Vilostr\u00f6m:<\/strong> \u2264 1 \u03bcA<\/p>\n<\/li>\n<li data-start=\"1710\" data-end=\"1738\">\n<p data-start=\"1712\" data-end=\"1738\"><strong data-start=\"1712\" data-end=\"1728\">Arbetsstr\u00f6m:<\/strong> \u2264 10 mA<\/p>\n<\/li>\n<li data-start=\"1739\" data-end=\"1783\">\n<p data-start=\"1741\" data-end=\"1783\"><strong data-start=\"1741\" data-end=\"1762\">Arbetstemperatur:<\/strong> \u221210 \u00b0C till +50 \u00b0C<\/p>\n<\/li>\n<li data-start=\"1784\" data-end=\"1830\">\n<p data-start=\"1786\" data-end=\"1830\"><strong data-start=\"1786\" data-end=\"1812\">Tr\u00e5dl\u00f6s kommunikation:<\/strong> 433 MHz, eV1527 samt kodning f\u00f6r SecureX<\/p>\n<\/li>\n<li data-start=\"1831\" data-end=\"1862\">\n<p data-start=\"1833\" data-end=\"1862\"><strong data-start=\"1833\" data-end=\"1842\">M\u00e5tt:<\/strong> 60 \u00d7 39,7 \u00d7 12 mm<\/p>\n<\/li>\n<li data-start=\"1863\" data-end=\"1944\">\n<p data-start=\"1865\" data-end=\"1944\"><strong data-start=\"1865\" data-end=\"1877\">Appst\u00f6d:<\/strong> Stonehouse Smart (iOS\/Android), kompatibel med Tuya &amp; Smart Life<\/p>\n<\/li>\n<\/ul>\n<hr data-start=\"1946\" data-end=\"1949\" \/>\n<p data-start=\"1951\" data-end=\"2103\" data-is-last-node=\"\" data-is-only-node=\"\"><strong data-start=\"1951\" data-end=\"1975\">SecureX QuickControl<\/strong> \u00e4r ett perfekt tillbeh\u00f6r f\u00f6r dig som vill ha <strong data-start=\"2021\" data-end=\"2056\">snabb, enkel och trygg kontroll<\/strong> \u00f6ver ditt larmsystem \u2013 alltid n\u00e4ra till hands.<\/p>\n<\/div>\n<\/div>\n<\/div>\n<\/div>\n<div class=\"z-0 flex min-h-[46px] justify-start\"><\/div>\n<\/div>\n<\/div>\n<\/article>\n<\/div>\n<\/div>\n","protected":false},"excerpt":{"rendered":"<p>Kompaktowy pilot zdalnego sterowania do alarm\u00f3w SecureX z przyciskami do w\u0142\u0105czania\/wy\u0142\u0105czania alarmu, trybu domowego i SOS.<\/p>\n<p>U\u017cywany za po\u015brednictwem koncentratora SecureX i wsp\u00f3\u0142pracuje z aplikacj\u0105 Stonehouse Smart.<\/p>","protected":false},"featured_media":4741,"template":"","meta":{"_acf_changed":false,"inline_featured_image":false,"site-sidebar-layout":"default","site-content-layout":"","ast-site-content-layout":"default","site-content-style":"default","site-sidebar-style":"default","ast-global-header-display":"","ast-banner-title-visibility":"","ast-main-header-display":"","ast-hfb-above-header-display":"","ast-hfb-below-header-display":"","ast-hfb-mobile-header-display":"","site-post-title":"","ast-breadcrumbs-content":"","ast-featured-img":"","footer-sml-layout":"","ast-disable-related-posts":"","theme-transparent-header-meta":"default","adv-header-id-meta":"","stick-header-meta":"","header-above-stick-meta":"","header-main-stick-meta":"","header-below-stick-meta":"","astra-migrate-meta-layouts":"set","ast-page-background-enabled":"default","ast-page-background-meta":{"desktop":{"background-color":"","background-image":"","background-repeat":"repeat","background-position":"center center","background-size":"auto","background-attachment":"scroll","background-type":"","background-media":"","overlay-type":"","overlay-color":"","overlay-opacity":"","overlay-gradient":""},"tablet":{"background-color":"","background-image":"","background-repeat":"repeat","background-position":"center center","background-size":"auto","background-attachment":"scroll","background-type":"","background-media":"","overlay-type":"","overlay-color":"","overlay-opacity":"","overlay-gradient":""},"mobile":{"background-color":"","background-image":"","background-repeat":"repeat","background-position":"center center","background-size":"auto","background-attachment":"scroll","background-type":"","background-media":"","overlay-type":"","overlay-color":"","overlay-opacity":"","overlay-gradient":""}},"ast-content-background-meta":{"desktop":{"background-color":"var(--ast-global-color-5)","background-image":"","background-repeat":"repeat","background-position":"center center","background-size":"auto","background-attachment":"scroll","background-type":"","background-media":"","overlay-type":"","overlay-color":"","overlay-opacity":"","overlay-gradient":""},"tablet":{"background-color":"var(--ast-global-color-5)","background-image":"","background-repeat":"repeat","background-position":"center center","background-size":"auto","background-attachment":"scroll","background-type":"","background-media":"","overlay-type":"","overlay-color":"","overlay-opacity":"","overlay-gradient":""},"mobile":{"background-color":"var(--ast-global-color-5)","background-image":"","background-repeat":"repeat","background-position":"center center","background-size":"auto","background-attachment":"scroll","background-type":"","background-media":"","overlay-type":"","overlay-color":"","overlay-opacity":"","overlay-gradient":""}}},"product_brand":[233],"product_cat":[73,234,48],"product_tag":[],"class_list":{"0":"post-4160","1":"product","2":"type-product","3":"status-publish","4":"has-post-thumbnail","6":"product_brand-connect-pro","7":"product_cat-fjarrkontroll-knappar","8":"product_cat-knappsatser-kontroller","9":"product_cat-securex-smart-alarm","10":"pa_brands-securex-connect-pro","11":"pa_brands-stonehouse-smart","12":"desktop-align-left","13":"tablet-align-center","14":"mobile-align-center","16":"first","17":"instock","18":"shipping-taxable","19":"product-type-simple"},"acf":[],"_links":{"self":[{"href":"https:\/\/stonehousesmart.se\/pl\/wp-json\/wp\/v2\/product\/4160","targetHints":{"allow":["GET"]}}],"collection":[{"href":"https:\/\/stonehousesmart.se\/pl\/wp-json\/wp\/v2\/product"}],"about":[{"href":"https:\/\/stonehousesmart.se\/pl\/wp-json\/wp\/v2\/types\/product"}],"wp:featuredmedia":[{"embeddable":true,"href":"https:\/\/stonehousesmart.se\/pl\/wp-json\/wp\/v2\/media\/4741"}],"wp:attachment":[{"href":"https:\/\/stonehousesmart.se\/pl\/wp-json\/wp\/v2\/media?parent=4160"}],"wp:term":[{"taxonomy":"product_brand","embeddable":true,"href":"https:\/\/stonehousesmart.se\/pl\/wp-json\/wp\/v2\/product_brand?post=4160"},{"taxonomy":"product_cat","embeddable":true,"href":"https:\/\/stonehousesmart.se\/pl\/wp-json\/wp\/v2\/product_cat?post=4160"},{"taxonomy":"product_tag","embeddable":true,"href":"https:\/\/stonehousesmart.se\/pl\/wp-json\/wp\/v2\/product_tag?post=4160"}],"curies":[{"name":"wp","href":"https:\/\/api.w.org\/{rel}","templated":true}]}}