{"id":4217,"date":"2025-09-15T11:16:42","date_gmt":"2025-09-15T09:16:42","guid":{"rendered":"https:\/\/stonehousesmart.se\/product\/securex-keyaccess-lora-knappsats-med-rfid\/"},"modified":"2026-03-27T14:47:25","modified_gmt":"2026-03-27T13:47:25","slug":"securex-keyaccess-knappsats-rfid","status":"publish","type":"product","link":"https:\/\/stonehousesmart.se\/pl\/product\/securex-keyaccess-knappsats-rfid\/","title":{"rendered":"SecureX KeyAccess \u2013 klawiatura z RFID o du\u017cym zasi\u0119gu 500 metr\u00f3w"},"content":{"rendered":"<h2 data-start=\"0\" data-end=\"76\">SecureX KeyAccess \u2013 dodatkowa klawiatura z RFID dla SecureX Pro (du\u017cy zasi\u0119g)<\/h2>\n<p data-start=\"78\" data-end=\"419\">SecureX KeyAccess to dodatkowa klawiatura do SecureX Pro, kt\u00f3ra u\u0142atwia sterowanie alarmem za pomoc\u0105 <strong data-start=\"174\" data-end=\"215\">kod, tagi RFID lub naci\u015bni\u0119cie przycisku<\/strong>. Z <strong data-start=\"221\" data-end=\"243\">Daleki zasi\u0119g 868 MHz<\/strong> otrzymujesz stabilne po\u0142\u0105czenie bezprzewodowe z pr\u0119dko\u015bci\u0105 do <strong data-start=\"293\" data-end=\"327\">Zasi\u0119g 500 metr\u00f3w w warunkach dobrej widoczno\u015bci<\/strong>, co jest idealnym rozwi\u0105zaniem w przypadku wi\u0119kszych nieruchomo\u015bci lub sytuacji, gdy zale\u017cy Ci na wyj\u0105tkowo bezpiecznej komunikacji.<\/p>\n<p data-start=\"421\" data-end=\"637\">Klawiatura zosta\u0142a zaprojektowana tak, aby by\u0142a p\u0142ynna i bezpieczna w codziennym u\u017cytkowaniu. Obs\u0142uguje wielu u\u017cytkownik\u00f3w, RFID, inteligentne wybudzanie z czujnikiem obecno\u015bci i automatyczne pod\u015bwietlenie \u2013 dzi\u0119ki czemu jest zawsze czytelna i \u0142atwa w obs\u0142udze.<\/p>\n<p data-start=\"639\" data-end=\"806\">Ca\u0142a obs\u0142uga odbywa si\u0119 za po\u015brednictwem <strong data-start=\"662\" data-end=\"680\">Centrum SecureX<\/strong> i widzisz status i wydarzenia w <strong data-start=\"715\" data-end=\"741\">Aplikacja Stonehouse Smart<\/strong>. Zgodno\u015b\u0107 z <strong data-start=\"762\" data-end=\"770\">Tuya<\/strong> I <strong data-start=\"775\" data-end=\"789\">Inteligentne \u017cycie<\/strong> odbywa si\u0119 za po\u015brednictwem koncentratora.<\/p>\n<hr data-start=\"808\" data-end=\"811\" \/>\n<h3 data-start=\"813\" data-end=\"851\">Inteligentne funkcje u\u0142atwiaj\u0105ce codzienne \u017cycie<\/h3>\n<ul data-start=\"852\" data-end=\"1161\">\n<li data-start=\"852\" data-end=\"911\">\n<p data-start=\"854\" data-end=\"911\"><strong data-start=\"854\" data-end=\"889\">Obs\u0142uga RFID (do 10 tag\u00f3w)<\/strong> \u2013 szybko i bezpiecznie<\/p>\n<\/li>\n<li data-start=\"912\" data-end=\"952\">\n<p data-start=\"914\" data-end=\"952\"><strong data-start=\"914\" data-end=\"950\">Kody wielu u\u017cytkownik\u00f3w (wielou\u017cytkownikowe)<\/strong><\/p>\n<\/li>\n<li data-start=\"953\" data-end=\"1007\">\n<p data-start=\"955\" data-end=\"1007\"><strong data-start=\"955\" data-end=\"974\">Czujnik mikrofalowy<\/strong> budzi klawiatur\u0119, gdy jest obecna<\/p>\n<\/li>\n<li data-start=\"1008\" data-end=\"1068\">\n<p data-start=\"1010\" data-end=\"1068\"><strong data-start=\"1010\" data-end=\"1024\">Czujnik \u015bwiat\u0142a<\/strong> automatycznie dostosowuje pod\u015bwietlenie<\/p>\n<\/li>\n<li data-start=\"1069\" data-end=\"1115\">\n<p data-start=\"1071\" data-end=\"1115\"><strong data-start=\"1071\" data-end=\"1090\">Przycisk dzwonka<\/strong> dla dodatkowej wygody<\/p>\n<\/li>\n<li data-start=\"1116\" data-end=\"1161\">\n<p data-start=\"1118\" data-end=\"1161\"><strong data-start=\"1118\" data-end=\"1135\">Alarm sabota\u017cowy<\/strong> w przypadku pr\u00f3b manipulacji<\/p>\n<\/li>\n<\/ul>\n<hr data-start=\"1163\" data-end=\"1166\" \/>\n<h3 data-start=\"1168\" data-end=\"1195\">Praca na baterii i \u0142adowanie<\/h3>\n<p data-start=\"1196\" data-end=\"1369\">KeyAccess ma wbudowan\u0105 funkcj\u0119 <strong data-start=\"1222\" data-end=\"1256\">Akumulator litowy 3,7 V \/ 1500 mAh<\/strong> i jest \u0142adowany przez <strong data-start=\"1272\" data-end=\"1291\">USB-C (5 V\/1 A)<\/strong>. Niski pob\u00f3r mocy zapewnia d\u0142ugi czas pracy nawet przy cz\u0119stym u\u017cytkowaniu.<\/p>\n<hr data-start=\"1371\" data-end=\"1374\" \/>\n<h3 data-start=\"1376\" data-end=\"1413\">Wa\u017cne \u2013 system i kompatybilno\u015b\u0107<\/h3>\n<ul data-start=\"1414\" data-end=\"1576\">\n<li data-start=\"1414\" data-end=\"1465\">\n<p data-start=\"1416\" data-end=\"1465\">To jest <strong data-start=\"1428\" data-end=\"1463\">dodatkowa klawiatura do SecureX Pro<\/strong><\/p>\n<\/li>\n<li data-start=\"1466\" data-end=\"1524\">\n<p data-start=\"1468\" data-end=\"1524\"><strong data-start=\"1468\" data-end=\"1491\">Wymaga koncentratora SecureX<\/strong> (nie mo\u017cna u\u017cywa\u0107 samodzielnie)<\/p>\n<\/li>\n<li data-start=\"1525\" data-end=\"1576\">\n<p data-start=\"1527\" data-end=\"1576\">Kontrola i integracja aplikacji s\u0105 ju\u017c gotowe <strong data-start=\"1560\" data-end=\"1574\">przez hub<\/strong><\/p>\n<\/li>\n<\/ul>\n<hr data-start=\"1578\" data-end=\"1581\" \/>\n<h3 data-start=\"1583\" data-end=\"1608\">Korzy\u015bci i funkcje<\/h3>\n<ul data-start=\"1609\" data-end=\"2028\">\n<li data-start=\"1609\" data-end=\"1678\">\n<p data-start=\"1611\" data-end=\"1678\"><strong data-start=\"1611\" data-end=\"1633\">Daleki zasi\u0119g 868 MHz<\/strong> z maksymalnie <strong data-start=\"1647\" data-end=\"1665\">Zasi\u0119g 500m<\/strong> (czysty widok)<\/p>\n<\/li>\n<li data-start=\"1679\" data-end=\"1725\">\n<p data-start=\"1681\" data-end=\"1725\">W zestawie <strong data-start=\"1695\" data-end=\"1723\">3 znaczniki RFID SecureX<\/strong><\/p>\n<\/li>\n<li data-start=\"1726\" data-end=\"1769\">\n<p data-start=\"1728\" data-end=\"1769\">Pe\u0142na integracja poprzez <strong data-start=\"1749\" data-end=\"1767\">Centrum SecureX<\/strong><\/p>\n<\/li>\n<li data-start=\"1770\" data-end=\"1817\">\n<p data-start=\"1772\" data-end=\"1817\">Status w czasie rzeczywistym w <strong data-start=\"1789\" data-end=\"1815\">Aplikacja Stonehouse Smart<\/strong><\/p>\n<\/li>\n<li data-start=\"1818\" data-end=\"1858\">\n<p data-start=\"1820\" data-end=\"1858\"><strong data-start=\"1820\" data-end=\"1841\">Tuya i inteligentne \u017cycie<\/strong> obs\u0142ugiwane przez hub<\/p>\n<\/li>\n<li data-start=\"1859\" data-end=\"1900\">\n<p data-start=\"1861\" data-end=\"1900\">Wsparcie dla maksymalnie <strong data-start=\"1879\" data-end=\"1898\">10 tag\u00f3w RFID<\/strong><\/p>\n<\/li>\n<li data-start=\"1901\" data-end=\"1921\">\n<p data-start=\"1903\" data-end=\"1921\">Kody wielodost\u0119pne<\/p>\n<\/li>\n<li data-start=\"1922\" data-end=\"1971\">\n<p data-start=\"1924\" data-end=\"1971\">Przycisk dzwonka, czujnik mikrofalowy i czujnik \u015bwiat\u0142a<\/p>\n<\/li>\n<li data-start=\"1972\" data-end=\"1989\">\n<p data-start=\"1974\" data-end=\"1989\">Alarm sabota\u017cowy<\/p>\n<\/li>\n<li data-start=\"1990\" data-end=\"2028\">\n<p data-start=\"1992\" data-end=\"2028\">\u0141adowanie przez USB-C i wbudowana bateria<\/p>\n<\/li>\n<\/ul>\n<hr data-start=\"2030\" data-end=\"2033\" \/>\n<h3 data-start=\"2035\" data-end=\"2057\">Obszary zastosowania<\/h3>\n<ul data-start=\"2058\" data-end=\"2192\">\n<li data-start=\"2058\" data-end=\"2083\">\n<p data-start=\"2060\" data-end=\"2083\">Wille i apartamenty<\/p>\n<\/li>\n<li data-start=\"2084\" data-end=\"2113\">\n<p data-start=\"2086\" data-end=\"2113\">Firmy i lokale handlowe<\/p>\n<\/li>\n<li data-start=\"2114\" data-end=\"2141\">\n<p data-start=\"2116\" data-end=\"2141\">Domki letniskowe i gara\u017ce<\/p>\n<\/li>\n<li data-start=\"2142\" data-end=\"2192\">\n<p data-start=\"2144\" data-end=\"2192\">\u015arodowiska przemys\u0142owe wymagaj\u0105ce stabilnego dost\u0119pu<\/p>\n<\/li>\n<\/ul>\n<hr data-start=\"2194\" data-end=\"2197\" \/>\n<h3 data-start=\"2199\" data-end=\"2224\">Specyfikacja techniczna<\/h3>\n<ul data-start=\"2225\" data-end=\"2619\">\n<li data-start=\"2225\" data-end=\"2269\">\n<p data-start=\"2227\" data-end=\"2269\"><strong data-start=\"2227\" data-end=\"2248\">Zasilanie:<\/strong> Pr\u0105d sta\u0142y 5 V \/ 1 A (USB-C)<\/p>\n<\/li>\n<li data-start=\"2270\" data-end=\"2310\">\n<p data-start=\"2272\" data-end=\"2310\"><strong data-start=\"2272\" data-end=\"2284\">Bateria:<\/strong> 3,7 V\/1500 mAh litowo-jonowy<\/p>\n<\/li>\n<li data-start=\"2311\" data-end=\"2340\">\n<p data-start=\"2313\" data-end=\"2340\"><strong data-start=\"2313\" data-end=\"2330\">Moc w trybie gotowo\u015bci:<\/strong> &lt;100 \u00b5A<\/p>\n<\/li>\n<li data-start=\"2341\" data-end=\"2368\">\n<p data-start=\"2343\" data-end=\"2368\"><strong data-start=\"2343\" data-end=\"2359\">Pr\u0105d roboczy:<\/strong> &lt;10mA<\/p>\n<\/li>\n<li data-start=\"2369\" data-end=\"2410\">\n<p data-start=\"2371\" data-end=\"2410\"><strong data-start=\"2371\" data-end=\"2389\">Komunikacja:<\/strong> Daleki zasi\u0119g 868 MHz<\/p>\n<\/li>\n<li data-start=\"2411\" data-end=\"2454\">\n<p data-start=\"2413\" data-end=\"2454\"><strong data-start=\"2413\" data-end=\"2426\">Zakres:<\/strong> do 500 m (w linii wzroku)<\/p>\n<\/li>\n<li data-start=\"2455\" data-end=\"2499\">\n<p data-start=\"2457\" data-end=\"2499\"><strong data-start=\"2457\" data-end=\"2478\">Temperatura pracy:<\/strong> \u221210\u00b0C do +50\u00b0C<\/p>\n<\/li>\n<li data-start=\"2500\" data-end=\"2547\">\n<p data-start=\"2502\" data-end=\"2547\"><strong data-start=\"2502\" data-end=\"2524\">Wilgotno\u015b\u0107 wzgl\u0119dna:<\/strong> &lt;95 % (bez kondensacji)<\/p>\n<\/li>\n<li data-start=\"2548\" data-end=\"2586\">\n<p data-start=\"2550\" data-end=\"2586\"><strong data-start=\"2550\" data-end=\"2564\">Obs\u0142uga RFID:<\/strong> do 10 kafelk\u00f3w<\/p>\n<\/li>\n<li data-start=\"2587\" data-end=\"2619\">\n<p data-start=\"2589\" data-end=\"2619\"><strong data-start=\"2589\" data-end=\"2598\">Mierzy\u0107:<\/strong> ok. 90 \u00d7 90 \u00d7 45 mm<\/p>\n<\/li>\n<\/ul>\n<hr data-start=\"2621\" data-end=\"2624\" \/>\n<h3 data-start=\"2626\" data-end=\"2646\">Zawarto\u015b\u0107 dostawy<\/h3>\n<ul data-start=\"2647\" data-end=\"2792\">\n<li data-start=\"2647\" data-end=\"2684\">\n<p data-start=\"2649\" data-end=\"2684\">Klawiatura SecureX KeyAccess: 1 szt.<\/p>\n<\/li>\n<li data-start=\"2685\" data-end=\"2714\">\n<p data-start=\"2687\" data-end=\"2714\">Tagi RFID SecureX: 3 szt.<\/p>\n<\/li>\n<li data-start=\"2715\" data-end=\"2740\">\n<p data-start=\"2717\" data-end=\"2740\">Kabel \u0142aduj\u0105cy USB-C: 1 szt.<\/p>\n<\/li>\n<li data-start=\"2741\" data-end=\"2781\">\n<p data-start=\"2743\" data-end=\"2781\">Materia\u0142y monta\u017cowe (\u015bruby i ko\u0142ki)<\/p>\n<\/li>\n<li data-start=\"2782\" data-end=\"2792\">\n<p data-start=\"2784\" data-end=\"2792\">Podr\u0119cznik<\/p>\n<\/li>\n<\/ul>","protected":false},"excerpt":{"rendered":"<p class=\"\" data-start=\"307\" data-end=\"466\">Klawiatura o bardzo du\u017cym zasi\u0119gu (868 MHz) z technologi\u0105 RFID dla SecureX Pro.<\/p>\n<p class=\"\" data-start=\"307\" data-end=\"466\">Zasi\u0119g do 500 m, kody dla wielu u\u017cytkownik\u00f3w, alarm antysabota\u017cowy i \u0142adowanie przez USB-C.<\/p>\n<p class=\"\" data-start=\"307\" data-end=\"466\">W zestawie 3 znaczniki RFID.<\/p>","protected":false},"featured_media":5372,"template":"","meta":{"_acf_changed":false,"inline_featured_image":false,"site-sidebar-layout":"default","site-content-layout":"","ast-site-content-layout":"default","site-content-style":"default","site-sidebar-style":"default","ast-global-header-display":"","ast-banner-title-visibility":"","ast-main-header-display":"","ast-hfb-above-header-display":"","ast-hfb-below-header-display":"","ast-hfb-mobile-header-display":"","site-post-title":"","ast-breadcrumbs-content":"","ast-featured-img":"","footer-sml-layout":"","ast-disable-related-posts":"","theme-transparent-header-meta":"default","adv-header-id-meta":"","stick-header-meta":"","header-above-stick-meta":"","header-main-stick-meta":"","header-below-stick-meta":"","astra-migrate-meta-layouts":"set","ast-page-background-enabled":"default","ast-page-background-meta":{"desktop":{"background-color":"","background-image":"","background-repeat":"repeat","background-position":"center center","background-size":"auto","background-attachment":"scroll","background-type":"","background-media":"","overlay-type":"","overlay-color":"","overlay-opacity":"","overlay-gradient":""},"tablet":{"background-color":"","background-image":"","background-repeat":"repeat","background-position":"center center","background-size":"auto","background-attachment":"scroll","background-type":"","background-media":"","overlay-type":"","overlay-color":"","overlay-opacity":"","overlay-gradient":""},"mobile":{"background-color":"","background-image":"","background-repeat":"repeat","background-position":"center center","background-size":"auto","background-attachment":"scroll","background-type":"","background-media":"","overlay-type":"","overlay-color":"","overlay-opacity":"","overlay-gradient":""}},"ast-content-background-meta":{"desktop":{"background-color":"var(--ast-global-color-5)","background-image":"","background-repeat":"repeat","background-position":"center center","background-size":"auto","background-attachment":"scroll","background-type":"","background-media":"","overlay-type":"","overlay-color":"","overlay-opacity":"","overlay-gradient":""},"tablet":{"background-color":"var(--ast-global-color-5)","background-image":"","background-repeat":"repeat","background-position":"center center","background-size":"auto","background-attachment":"scroll","background-type":"","background-media":"","overlay-type":"","overlay-color":"","overlay-opacity":"","overlay-gradient":""},"mobile":{"background-color":"var(--ast-global-color-5)","background-image":"","background-repeat":"repeat","background-position":"center center","background-size":"auto","background-attachment":"scroll","background-type":"","background-media":"","overlay-type":"","overlay-color":"","overlay-opacity":"","overlay-gradient":""}}},"product_brand":[233],"product_cat":[48],"product_tag":[],"class_list":{"0":"post-4217","1":"product","2":"type-product","3":"status-publish","4":"has-post-thumbnail","6":"product_brand-connect-pro","7":"product_cat-securex-smart-alarm","8":"pa_brands-securex-connect-pro","9":"pa_brands-stonehouse-smart","10":"desktop-align-left","11":"tablet-align-center","12":"mobile-align-center","14":"first","15":"instock","16":"shipping-taxable","17":"product-type-simple"},"acf":[],"_links":{"self":[{"href":"https:\/\/stonehousesmart.se\/pl\/wp-json\/wp\/v2\/product\/4217","targetHints":{"allow":["GET"]}}],"collection":[{"href":"https:\/\/stonehousesmart.se\/pl\/wp-json\/wp\/v2\/product"}],"about":[{"href":"https:\/\/stonehousesmart.se\/pl\/wp-json\/wp\/v2\/types\/product"}],"wp:featuredmedia":[{"embeddable":true,"href":"https:\/\/stonehousesmart.se\/pl\/wp-json\/wp\/v2\/media\/5372"}],"wp:attachment":[{"href":"https:\/\/stonehousesmart.se\/pl\/wp-json\/wp\/v2\/media?parent=4217"}],"wp:term":[{"taxonomy":"product_brand","embeddable":true,"href":"https:\/\/stonehousesmart.se\/pl\/wp-json\/wp\/v2\/product_brand?post=4217"},{"taxonomy":"product_cat","embeddable":true,"href":"https:\/\/stonehousesmart.se\/pl\/wp-json\/wp\/v2\/product_cat?post=4217"},{"taxonomy":"product_tag","embeddable":true,"href":"https:\/\/stonehousesmart.se\/pl\/wp-json\/wp\/v2\/product_tag?post=4217"}],"curies":[{"name":"wp","href":"https:\/\/api.w.org\/{rel}","templated":true}]}}