{"id":4222,"date":"2025-09-15T11:16:42","date_gmt":"2025-09-15T09:16:42","guid":{"rendered":"https:\/\/stonehousesmart.se\/product\/securex-motioneye-rorelsesensor-lora\/"},"modified":"2026-03-27T14:47:40","modified_gmt":"2026-03-27T13:47:40","slug":"securex-motioneye-pro-500-meter","status":"publish","type":"product","link":"https:\/\/stonehousesmart.se\/pl\/product\/securex-motioneye-pro-500-meter\/","title":{"rendered":"SecureX MotionEye Pro \u2013 czujnik ruchu o \u017cywotno\u015bci 5 lat i zasi\u0119gu 500 metr\u00f3w"},"content":{"rendered":"<h2>SecureX MotionEye Pro \u2013 czujnik ruchu (PIR) z LoRa i wyj\u0105tkowo wydajn\u0105 bateri\u0105<\/h2>\n<p>SecureX MotionEye Pro to zaawansowany czujnik ruchu PIR, kt\u00f3ry zapewnia niezawodny monitoring zar\u00f3wno w domu, jak i w \u015brodowisku biurowym. <strong>LoRa 868MHz<\/strong> otrzymujesz stabiln\u0105 komunikacj\u0119 bezprzewodow\u0105 z pr\u0119dko\u015bci\u0105 do <strong>Zasi\u0119g 500 metr\u00f3w w warunkach dobrej widoczno\u015bci<\/strong> \u2013 idealne w sytuacjach, gdy WiFi lub zwyk\u0142e sieci mesh nie wystarczaj\u0105.<\/p>\n<p>Czujnik jest zasilany wyj\u0105tkowo mocnym <strong>Baterie litowo-\u017celazowe<\/strong> co daje <strong>2\u20134 razy wi\u0119cej energii<\/strong> ni\u017c zwyk\u0142e baterie AA. Oznacza to d\u0142ugi czas pracy i wysok\u0105 niezawodno\u015b\u0107, nawet w zimnym i wymagaj\u0105cym \u015brodowisku.<\/p>\n<p>W przypadku wykrycia ruchu zdarzenie jest wysy\u0142ane bezpo\u015brednio przez <strong>Centrum SecureX<\/strong> i dostajesz <strong>powiadomienia push w czasie rzeczywistym<\/strong> i <strong>Aplikacja Stonehouse Smart<\/strong> (iOS\/Android). Zgodno\u015b\u0107 z <strong>Tuya<\/strong> I <strong>Inteligentne \u017cycie<\/strong> odbywa si\u0119 za po\u015brednictwem koncentratora.<\/p>\n<hr \/>\n<h3>Precyzyjne wykrywanie i dyskretna konstrukcja<\/h3>\n<p>MotionEye Pro ma <strong>K\u0105t wykrywania 110\u00b0<\/strong> i do <strong>Zasi\u0119g 7 metr\u00f3w<\/strong>, kt\u00f3ry zapewnia dok\u0142adne i szybkie wykrywanie ruchu. Stylowa konstrukcja pasuje do dom\u00f3w, biur i sklep\u00f3w i jest \u0142atwa w monta\u017cu. <strong>Wysoko\u015b\u0107 2\u20132,5 metra<\/strong> z do\u0142\u0105czonym uchwytem \u015bciennym.<\/p>\n<hr \/>\n<h3>Wa\u017cne \u2013 system i kompatybilno\u015b\u0107<\/h3>\n<ul>\n<li>Czujnik jest stosowany razem z <strong>Centrum SecureX<\/strong><\/li>\n<li>Powiadomienia i ustawienia s\u0105 zarz\u0105dzane w <strong>Aplikacja Stonehouse Smart<\/strong><\/li>\n<li><strong>Tuya i inteligentne \u017cycie<\/strong> utrzymany <strong>przez hub<\/strong><\/li>\n<li>Czujnik jest <strong>nie niezale\u017cny<\/strong><\/li>\n<\/ul>\n<hr \/>\n<h3>Korzy\u015bci i funkcje<\/h3>\n<ul>\n<li><strong>LoRa 868MHz<\/strong> (szyfrowanie SecureX) z maksymalnie <strong>500 metr\u00f3w<\/strong> zasi\u0119g (linia wzroku)<\/li>\n<li><strong>Bardzo mocne baterie Li-Fe<\/strong> \u2013 2\u20134 razy wi\u0119cej energii ni\u017c standardowe AA<\/li>\n<li>Pe\u0142na integracja poprzez <strong>Centrum SecureX<\/strong><\/li>\n<li>Powiadomienia w czasie rzeczywistym w <strong>Aplikacja Stonehouse Smart<\/strong><\/li>\n<li>Kompatybilno\u015b\u0107 poprzez hub z <strong>Tuya i inteligentne \u017cycie<\/strong><\/li>\n<li><strong>110\u00b0<\/strong> wykrywanie, do <strong>7 metr\u00f3w<\/strong> zakres<\/li>\n<li>Dyskretna konstrukcja i \u0142atwy monta\u017c na \u015bcianie<\/li>\n<li>D\u0142ugi czas pracy dzi\u0119ki niskiemu zu\u017cyciu<\/li>\n<\/ul>\n<hr \/>\n<h3>Obszary zastosowania<\/h3>\n<ul>\n<li>Wille i domki letniskowe<\/li>\n<li>Piwnica, pomieszczenie gospodarcze i gara\u017c<\/li>\n<li>Biura i lokale handlowe<\/li>\n<li>Miejsca bez Wi-Fi lub z du\u017cymi odleg\u0142o\u015bciami<\/li>\n<\/ul>\n<hr \/>\n<h3>Specyfikacja techniczna<\/h3>\n<ul>\n<li><strong>Protok\u00f3\u0142:<\/strong> LoRa 868 MHz zakodowany dla SecureX<\/li>\n<li><strong>Bateria:<\/strong> 2 \u00d7 AA Li-Fe 3400 mAh (w zestawie)<\/li>\n<li><strong>Zakres:<\/strong> do 500 m (w linii wzroku)<\/li>\n<li><strong>Zasi\u0119g wykrywania:<\/strong> do 7 m, 110\u00b0<\/li>\n<li><strong>Wysoko\u015b\u0107 monta\u017cu:<\/strong> 2\u20132,5 m<\/li>\n<li><strong>Temperatura pracy:<\/strong> \u221210\u00b0C do +50\u00b0C<\/li>\n<li><strong>Wilgotno\u015b\u0107 wzgl\u0119dna:<\/strong> &lt;95 % (bez kondensacji)<\/li>\n<li><strong>Mierzy\u0107:<\/strong> 50 \u00d7 92 mm<\/li>\n<li><strong>Wsparcie aplikacji:<\/strong> Stonehouse Smart (iOS\/Android), Tuya i Smart Life przez hub<\/li>\n<\/ul>\n<hr \/>\n<h3>Zawarto\u015b\u0107 dostawy<\/h3>\n<ul>\n<li>Czujnik ruchu SecureX MotionEye Pro: 1 szt.<\/li>\n<li>Baterie AA Li-Fe 3400 mAh: 2 szt. (w zestawie)<\/li>\n<li>Uchwyt \u015bcienny: 1 szt.<\/li>\n<li>\u015aruby i ko\u0142ki: w zestawie<\/li>\n<li>Instrukcja: 1 szt.<\/li>\n<\/ul>","protected":false},"excerpt":{"rendered":"<p class=\"\" data-start=\"413\" data-end=\"570\">Czujnik ruchu z LoRa i zasi\u0119giem do 500 m.<\/p>\n<p class=\"\" data-start=\"413\" data-end=\"570\">Bardzo wydajne baterie Li-Fe (3\u20134 razy wi\u0119cej energii ni\u017c standardowe baterie AA), precyzyjne wykrywanie i powiadomienia push za po\u015brednictwem koncentratora SecureX.<\/p>","protected":false},"featured_media":4760,"template":"","meta":{"_acf_changed":false,"inline_featured_image":false,"site-sidebar-layout":"default","site-content-layout":"","ast-site-content-layout":"default","site-content-style":"default","site-sidebar-style":"default","ast-global-header-display":"","ast-banner-title-visibility":"","ast-main-header-display":"","ast-hfb-above-header-display":"","ast-hfb-below-header-display":"","ast-hfb-mobile-header-display":"","site-post-title":"","ast-breadcrumbs-content":"","ast-featured-img":"","footer-sml-layout":"","ast-disable-related-posts":"","theme-transparent-header-meta":"default","adv-header-id-meta":"","stick-header-meta":"","header-above-stick-meta":"","header-main-stick-meta":"","header-below-stick-meta":"","astra-migrate-meta-layouts":"set","ast-page-background-enabled":"default","ast-page-background-meta":{"desktop":{"background-color":"","background-image":"","background-repeat":"repeat","background-position":"center center","background-size":"auto","background-attachment":"scroll","background-type":"","background-media":"","overlay-type":"","overlay-color":"","overlay-opacity":"","overlay-gradient":""},"tablet":{"background-color":"","background-image":"","background-repeat":"repeat","background-position":"center center","background-size":"auto","background-attachment":"scroll","background-type":"","background-media":"","overlay-type":"","overlay-color":"","overlay-opacity":"","overlay-gradient":""},"mobile":{"background-color":"","background-image":"","background-repeat":"repeat","background-position":"center center","background-size":"auto","background-attachment":"scroll","background-type":"","background-media":"","overlay-type":"","overlay-color":"","overlay-opacity":"","overlay-gradient":""}},"ast-content-background-meta":{"desktop":{"background-color":"var(--ast-global-color-5)","background-image":"","background-repeat":"repeat","background-position":"center center","background-size":"auto","background-attachment":"scroll","background-type":"","background-media":"","overlay-type":"","overlay-color":"","overlay-opacity":"","overlay-gradient":""},"tablet":{"background-color":"var(--ast-global-color-5)","background-image":"","background-repeat":"repeat","background-position":"center center","background-size":"auto","background-attachment":"scroll","background-type":"","background-media":"","overlay-type":"","overlay-color":"","overlay-opacity":"","overlay-gradient":""},"mobile":{"background-color":"var(--ast-global-color-5)","background-image":"","background-repeat":"repeat","background-position":"center center","background-size":"auto","background-attachment":"scroll","background-type":"","background-media":"","overlay-type":"","overlay-color":"","overlay-opacity":"","overlay-gradient":""}}},"product_brand":[233],"product_cat":[54,48],"product_tag":[],"class_list":{"0":"post-4222","1":"product","2":"type-product","3":"status-publish","4":"has-post-thumbnail","6":"product_brand-connect-pro","7":"product_cat-rorelsedetektorer","8":"product_cat-securex-smart-alarm","9":"pa_brands-securex-connect-pro","10":"pa_brands-stonehouse-smart","11":"desktop-align-left","12":"tablet-align-center","13":"mobile-align-center","15":"first","16":"instock","17":"shipping-taxable","18":"product-type-simple"},"acf":[],"_links":{"self":[{"href":"https:\/\/stonehousesmart.se\/pl\/wp-json\/wp\/v2\/product\/4222","targetHints":{"allow":["GET"]}}],"collection":[{"href":"https:\/\/stonehousesmart.se\/pl\/wp-json\/wp\/v2\/product"}],"about":[{"href":"https:\/\/stonehousesmart.se\/pl\/wp-json\/wp\/v2\/types\/product"}],"wp:featuredmedia":[{"embeddable":true,"href":"https:\/\/stonehousesmart.se\/pl\/wp-json\/wp\/v2\/media\/4760"}],"wp:attachment":[{"href":"https:\/\/stonehousesmart.se\/pl\/wp-json\/wp\/v2\/media?parent=4222"}],"wp:term":[{"taxonomy":"product_brand","embeddable":true,"href":"https:\/\/stonehousesmart.se\/pl\/wp-json\/wp\/v2\/product_brand?post=4222"},{"taxonomy":"product_cat","embeddable":true,"href":"https:\/\/stonehousesmart.se\/pl\/wp-json\/wp\/v2\/product_cat?post=4222"},{"taxonomy":"product_tag","embeddable":true,"href":"https:\/\/stonehousesmart.se\/pl\/wp-json\/wp\/v2\/product_tag?post=4222"}],"curies":[{"name":"wp","href":"https:\/\/api.w.org\/{rel}","templated":true}]}}