{"id":4223,"date":"2025-09-15T11:16:42","date_gmt":"2025-09-15T09:16:42","guid":{"rendered":"https:\/\/stonehousesmart.se\/product\/securex-doorsense-pro-dorr-fonstersensor-slim-lora\/"},"modified":"2026-03-27T14:48:05","modified_gmt":"2026-03-27T13:48:05","slug":"securex-doorsense-pro-dorr-fonstersensor","status":"publish","type":"product","link":"https:\/\/stonehousesmart.se\/pl\/product\/securex-doorsense-pro-dorr-fonstersensor\/","title":{"rendered":"SecureX DoorSense Pro \u2013 czujnik do drzwi i okien o \u017cywotno\u015bci 5 lat i zasi\u0119gu 500 metr\u00f3w"},"content":{"rendered":"<h2>SecureX DoorSense Pro \u2013 czujnik drzwi i okien o du\u017cym zasi\u0119gu (do 500 m)<\/h2>\n<p>SecureX DoorSense Pro to niezawodny kontakt magnetyczny, kt\u00f3ry monitoruje <strong>drzwi, okna i inne otwory<\/strong>. Z <strong>Daleki zasi\u0119g 868 MHz (LoRa)<\/strong> otrzymujesz stabiln\u0105 komunikacj\u0119 bezprzewodow\u0105 z pr\u0119dko\u015bci\u0105 do <strong>Zasi\u0119g 500 metr\u00f3w w warunkach dobrej widoczno\u015bci<\/strong> \u2013 idealne dla nieruchomo\u015bci, w kt\u00f3rych zasi\u0119g Wi-Fi jest niewystarczaj\u0105cy lub chcesz mie\u0107 wyj\u0105tkowo silny sygna\u0142.<\/p>\n<p>W przypadku otwarcia drzwi lub okna zdarzenie jest natychmiast rejestrowane i wysy\u0142ane za pomoc\u0105 <strong>Centrum SecureX<\/strong>. Dostajesz <strong>powiadomienia w czasie rzeczywistym<\/strong> i <strong>Aplikacja Stonehouse Smart<\/strong> (iOS\/Android), gdzie wszystkie urz\u0105dzenia SecureX s\u0105 zarz\u0105dzane centralnie. Zgodno\u015b\u0107 z <strong>Tuya<\/strong> I <strong>Inteligentne \u017cycie<\/strong> odbywa si\u0119 za po\u015brednictwem koncentratora.<\/p>\n<hr \/>\n<h3>Wa\u017cne \u2013 system i kompatybilno\u015b\u0107<\/h3>\n<ul>\n<li>DoorSense Pro jest u\u017cywany w po\u0142\u0105czeniu z <strong>Centrum SecureX<\/strong><\/li>\n<li>Powiadomienia i ustawienia s\u0105 zarz\u0105dzane w <strong>Aplikacja Stonehouse Smart<\/strong><\/li>\n<li><strong>Tuya i inteligentne \u017cycie<\/strong> utrzymany <strong>przez hub<\/strong><\/li>\n<li>Czujnik jest <strong>nie niezale\u017cny<\/strong><\/li>\n<\/ul>\n<hr \/>\n<h3>Dyskretna konstrukcja i d\u0142ugi czas pracy baterii<\/h3>\n<p>DoorSense Pro ma kompaktow\u0105, dyskretn\u0105 konstrukcj\u0119, kt\u00f3ra wtapia si\u0119 w otoczenie. Jest zasilany przez <strong>2 baterie CR2450<\/strong> i ma bardzo niskie zu\u017cycie energii (<strong>\u226410 \u00b5A w trybie czuwania<\/strong>), co daje <strong>szacowana \u017cywotno\u015b\u0107 baterii do 5 lat<\/strong> podczas normalnego u\u017cytkowania.<\/p>\n<p>Instalacja jest prosta i nadaje si\u0119 zar\u00f3wno do nowych, jak i istniej\u0105cych instalacji w domach, domkach letniskowych i firmach.<\/p>\n<hr \/>\n<h3>Korzy\u015bci i funkcje<\/h3>\n<ul>\n<li><strong>Daleki zasi\u0119g\/LoRa 868 MHz<\/strong> z maksymalnie <strong>Zasi\u0119g 500m<\/strong> (czysty widok)<\/li>\n<li>Pe\u0142na integracja poprzez <strong>Centrum SecureX<\/strong><\/li>\n<li>Powiadomienia w czasie rzeczywistym w <strong>Aplikacja Stonehouse Smart<\/strong><\/li>\n<li>Wsparcie Tuya i Smart Life <strong>przez hub<\/strong><\/li>\n<li>\u0141atwy monta\u017c na drzwiach i oknach<\/li>\n<li>Bardzo niskie zu\u017cycie dla <strong>d\u0142ugi czas pracy baterii<\/strong><\/li>\n<li>Dyskretna i kompaktowa konstrukcja<\/li>\n<\/ul>\n<hr \/>\n<h3>Obszary zastosowania<\/h3>\n<ul>\n<li>Wille i apartamenty<\/li>\n<li>Domki letniskowe i domy wakacyjne<\/li>\n<li>Pomieszczenie gospodarcze, gara\u017c i piwnica<\/li>\n<li>Biura i lokale handlowe<\/li>\n<\/ul>\n<hr \/>\n<h3>Specyfikacja techniczna<\/h3>\n<ul>\n<li><strong>Bateria:<\/strong> CR2450 \u00d7 2<\/li>\n<li><strong>Szacowany czas pracy baterii:<\/strong> do 5 lat<\/li>\n<li><strong>Moc w trybie gotowo\u015bci:<\/strong> \u226410 \u00b5A<\/li>\n<li><strong>Pr\u0105d alarmowy:<\/strong> &lt;80mA<\/li>\n<li><strong>Technologia bezprzewodowa:<\/strong> Daleki zasi\u0119g 868 MHz<\/li>\n<li><strong>Zakres:<\/strong> do 500 m (w linii wzroku)<\/li>\n<li><strong>Mierzy\u0107:<\/strong>\n<ul>\n<li>Czujnik: 70 \u00d7 31,5 \u00d7 15,5 mm<\/li>\n<li>Magnes: 70 \u00d7 11 \u00d7 15,5 mm<\/li>\n<\/ul>\n<\/li>\n<li><strong>Wsparcie aplikacji:<\/strong> Stonehouse Smart (iOS\/Android), Tuya i Smart Life przez hub<\/li>\n<\/ul>","protected":false},"excerpt":{"rendered":"<p>Czujnik drzwi i okien z technologi\u0105 LoRa o bardzo du\u017cym zasi\u0119gu do 500 m.<\/p>\n<p>Alarm w\u0142\u0105cza si\u0119 natychmiast po otwarciu i wysy\u0142a powiadomienia za po\u015brednictwem koncentratora SecureX do aplikacji Stonehouse Smart.<\/p>\n<p>&nbsp;<\/p>","protected":false},"featured_media":4713,"template":"","meta":{"_acf_changed":false,"inline_featured_image":false,"site-sidebar-layout":"default","site-content-layout":"","ast-site-content-layout":"default","site-content-style":"default","site-sidebar-style":"default","ast-global-header-display":"","ast-banner-title-visibility":"","ast-main-header-display":"","ast-hfb-above-header-display":"","ast-hfb-below-header-display":"","ast-hfb-mobile-header-display":"","site-post-title":"","ast-breadcrumbs-content":"","ast-featured-img":"","footer-sml-layout":"","ast-disable-related-posts":"","theme-transparent-header-meta":"default","adv-header-id-meta":"","stick-header-meta":"","header-above-stick-meta":"","header-main-stick-meta":"","header-below-stick-meta":"","astra-migrate-meta-layouts":"set","ast-page-background-enabled":"default","ast-page-background-meta":{"desktop":{"background-color":"","background-image":"","background-repeat":"repeat","background-position":"center center","background-size":"auto","background-attachment":"scroll","background-type":"","background-media":"","overlay-type":"","overlay-color":"","overlay-opacity":"","overlay-gradient":""},"tablet":{"background-color":"","background-image":"","background-repeat":"repeat","background-position":"center center","background-size":"auto","background-attachment":"scroll","background-type":"","background-media":"","overlay-type":"","overlay-color":"","overlay-opacity":"","overlay-gradient":""},"mobile":{"background-color":"","background-image":"","background-repeat":"repeat","background-position":"center center","background-size":"auto","background-attachment":"scroll","background-type":"","background-media":"","overlay-type":"","overlay-color":"","overlay-opacity":"","overlay-gradient":""}},"ast-content-background-meta":{"desktop":{"background-color":"var(--ast-global-color-5)","background-image":"","background-repeat":"repeat","background-position":"center center","background-size":"auto","background-attachment":"scroll","background-type":"","background-media":"","overlay-type":"","overlay-color":"","overlay-opacity":"","overlay-gradient":""},"tablet":{"background-color":"var(--ast-global-color-5)","background-image":"","background-repeat":"repeat","background-position":"center center","background-size":"auto","background-attachment":"scroll","background-type":"","background-media":"","overlay-type":"","overlay-color":"","overlay-opacity":"","overlay-gradient":""},"mobile":{"background-color":"var(--ast-global-color-5)","background-image":"","background-repeat":"repeat","background-position":"center center","background-size":"auto","background-attachment":"scroll","background-type":"","background-media":"","overlay-type":"","overlay-color":"","overlay-opacity":"","overlay-gradient":""}}},"product_brand":[233],"product_cat":[48,49],"product_tag":[],"class_list":{"0":"post-4223","1":"product","2":"type-product","3":"status-publish","4":"has-post-thumbnail","6":"product_brand-connect-pro","7":"product_cat-securex-smart-alarm","8":"product_cat-sensorer-dorr-fonster","9":"pa_brands-securex-connect-pro","10":"pa_brands-stonehouse-smart","11":"desktop-align-left","12":"tablet-align-center","13":"mobile-align-center","15":"first","16":"instock","17":"shipping-taxable","18":"product-type-simple"},"acf":[],"_links":{"self":[{"href":"https:\/\/stonehousesmart.se\/pl\/wp-json\/wp\/v2\/product\/4223","targetHints":{"allow":["GET"]}}],"collection":[{"href":"https:\/\/stonehousesmart.se\/pl\/wp-json\/wp\/v2\/product"}],"about":[{"href":"https:\/\/stonehousesmart.se\/pl\/wp-json\/wp\/v2\/types\/product"}],"wp:featuredmedia":[{"embeddable":true,"href":"https:\/\/stonehousesmart.se\/pl\/wp-json\/wp\/v2\/media\/4713"}],"wp:attachment":[{"href":"https:\/\/stonehousesmart.se\/pl\/wp-json\/wp\/v2\/media?parent=4223"}],"wp:term":[{"taxonomy":"product_brand","embeddable":true,"href":"https:\/\/stonehousesmart.se\/pl\/wp-json\/wp\/v2\/product_brand?post=4223"},{"taxonomy":"product_cat","embeddable":true,"href":"https:\/\/stonehousesmart.se\/pl\/wp-json\/wp\/v2\/product_cat?post=4223"},{"taxonomy":"product_tag","embeddable":true,"href":"https:\/\/stonehousesmart.se\/pl\/wp-json\/wp\/v2\/product_tag?post=4223"}],"curies":[{"name":"wp","href":"https:\/\/api.w.org\/{rel}","templated":true}]}}