{"id":4231,"date":"2025-09-15T11:16:43","date_gmt":"2025-09-15T09:16:43","guid":{"rendered":"https:\/\/stonehousesmart.se\/product\/securex-signalmax-starker-signal-for-larmenheter\/"},"modified":"2026-03-13T18:13:23","modified_gmt":"2026-03-13T17:13:23","slug":"securex-signalmax-600-meter","status":"publish","type":"product","link":"https:\/\/stonehousesmart.se\/pl\/product\/securex-signalmax-600-meter\/","title":{"rendered":"SecureX SignalMax \u2013 Silniejszy sygna\u0142 dla urz\u0105dze\u0144 alarmowych do 600 metr\u00f3w"},"content":{"rendered":"<h2 data-start=\"113\" data-end=\"183\">SecureX SignalMax \u2013 wzmacniacz sygna\u0142u (repeater) dla system\u00f3w SecureX<\/h2>\n<p data-start=\"185\" data-end=\"509\">SecureX SignalMax to wydajny wzmacniacz sygna\u0142u, kt\u00f3ry poprawia zasi\u0119g i stabilno\u015b\u0107 systemu alarmowego SecureX. Dzia\u0142a jak most mi\u0119dzy czujnikami\/pilotami a central\u0105 SecureX, umo\u017cliwiaj\u0105c dotarcie sygna\u0142u nawet do wi\u0119kszych posesji, budynk\u00f3w wielopi\u0119trowych lub \u015brodowisk z grubymi \u015bcianami i zak\u0142\u00f3ceniami.<\/p>\n<p data-start=\"511\" data-end=\"683\">Z zasi\u0119giem transmisji do <strong data-start=\"548\" data-end=\"572\">600 metr\u00f3w w zasi\u0119gu wzroku<\/strong> SignalMax to idealne rozwi\u0105zanie zar\u00f3wno dla instalacji prywatnych, jak i profesjonalnych, gdzie wymagany jest wi\u0119kszy zasi\u0119g.<\/p>\n<h3 data-start=\"685\" data-end=\"729\">Stabilna komunikacja w ca\u0142ym obiekcie<\/h3>\n<p data-start=\"730\" data-end=\"752\">SignalMax mo\u017ce obs\u0142u\u017cy\u0107:<\/p>\n<ul data-start=\"753\" data-end=\"824\">\n<li data-start=\"753\" data-end=\"790\">\n<p data-start=\"755\" data-end=\"790\">A\u017c do <strong data-start=\"764\" data-end=\"790\">99 bezprzewodowych detektor\u00f3w<\/strong><\/p>\n<\/li>\n<li data-start=\"791\" data-end=\"824\">\n<p data-start=\"793\" data-end=\"824\">A\u017c do <strong data-start=\"802\" data-end=\"824\">99 pilot\u00f3w<\/strong><\/p>\n<\/li>\n<\/ul>\n<p data-start=\"826\" data-end=\"918\">Jednostka wyposa\u017cona jest w <strong data-start=\"850\" data-end=\"866\">metalowa antena<\/strong> dla wyj\u0105tkowo stabilnego sygna\u0142u i najlepszego mo\u017cliwego zasi\u0119gu.<\/p>\n<p data-start=\"920\" data-end=\"983\">Wa\u017cny: <strong data-start=\"929\" data-end=\"983\">Nale\u017cy u\u017cywa\u0107 tylko jednego urz\u0105dzenia SignalMax w jednym systemie.<\/strong><\/p>\n<h3 data-start=\"985\" data-end=\"1011\">System i aplikacja (wa\u017cne)<\/h3>\n<p data-start=\"1012\" data-end=\"1099\">SecureX SignalMax to komponent systemu u\u017cywany razem z <strong data-start=\"1080\" data-end=\"1098\">Centrum SecureX<\/strong>:<\/p>\n<ul data-start=\"1100\" data-end=\"1301\">\n<li data-start=\"1100\" data-end=\"1151\">\n<p data-start=\"1102\" data-end=\"1151\">Ca\u0142a obs\u0142uga odbywa si\u0119 za po\u015brednictwem <strong data-start=\"1125\" data-end=\"1151\">Aplikacja Stonehouse Smart<\/strong><\/p>\n<\/li>\n<li data-start=\"1152\" data-end=\"1234\">\n<p data-start=\"1154\" data-end=\"1234\">To jest <strong data-start=\"1161\" data-end=\"1179\">Centrum SecureX<\/strong> kt\u00f3ry zapewnia zgodno\u015b\u0107 z <strong data-start=\"1207\" data-end=\"1215\">Tuya<\/strong> I <strong data-start=\"1220\" data-end=\"1234\">Inteligentne \u017cycie<\/strong><\/p>\n<\/li>\n<li data-start=\"1235\" data-end=\"1301\">\n<p data-start=\"1237\" data-end=\"1301\">SignalMax jest <strong data-start=\"1250\" data-end=\"1269\">nie niezale\u017cny<\/strong> i nie mo\u017cna go u\u017cywa\u0107 bez koncentratora<\/p>\n<\/li>\n<\/ul>\n<h3 data-start=\"1303\" data-end=\"1336\">Bezpieczna praca z bateri\u0105 zapasow\u0105<\/h3>\n<p data-start=\"1337\" data-end=\"1495\">SignalMax mo\u017cna obs\u0142ugiwa\u0107 za pomoc\u0105 <strong data-start=\"1362\" data-end=\"1383\">Pr\u0105d sta\u0142y 5 V (mikro USB)<\/strong> Lub <strong data-start=\"1390\" data-end=\"1400\">Pr\u0105d sta\u0142y 12 V<\/strong> i ma wbudowany <strong data-start=\"1421\" data-end=\"1452\">bateria zapasowa (Ni-Hi 3,7 V)<\/strong> kt\u00f3ra zapewnia ci\u0105g\u0142\u0105 prac\u0119 urz\u0105dzenia podczas przerw w dostawie pr\u0105du.<\/p>\n<p data-start=\"1497\" data-end=\"1617\">Dzi\u0119ki <strong data-start=\"1507\" data-end=\"1523\">Pami\u0119\u0107 EEPROM<\/strong> SignalMax zachowuje wszystkie ustawienia, nawet je\u015bli wewn\u0119trzna bateria ulegnie ca\u0142kowitemu roz\u0142adowaniu.<\/p>\n<hr data-start=\"1619\" data-end=\"1622\" \/>\n<h2 data-start=\"1624\" data-end=\"1648\">Korzy\u015bci i funkcje<\/h2>\n<ul data-start=\"1649\" data-end=\"2080\">\n<li data-start=\"1649\" data-end=\"1702\">\n<p data-start=\"1651\" data-end=\"1702\">Wzmacnia sygna\u0142 alarmowy do <strong data-start=\"1682\" data-end=\"1691\">600 metr\u00f3w<\/strong> (czysty widok)<\/p>\n<\/li>\n<li data-start=\"1703\" data-end=\"1744\">\n<p data-start=\"1705\" data-end=\"1744\">Pe\u0142na integracja poprzez <strong data-start=\"1726\" data-end=\"1744\">Centrum SecureX<\/strong><\/p>\n<\/li>\n<li data-start=\"1745\" data-end=\"1802\">\n<p data-start=\"1747\" data-end=\"1802\">Status i powiadomienia w czasie rzeczywistym <strong data-start=\"1776\" data-end=\"1802\">Aplikacja Stonehouse Smart<\/strong><\/p>\n<\/li>\n<li data-start=\"1803\" data-end=\"1843\">\n<p data-start=\"1805\" data-end=\"1843\">Wsparcie Tuya i Smart Life <strong data-start=\"1829\" data-end=\"1843\">przez hub<\/strong><\/p>\n<\/li>\n<li data-start=\"1844\" data-end=\"1893\">\n<p data-start=\"1846\" data-end=\"1893\">Wsparcie dla <strong data-start=\"1855\" data-end=\"1893\">99 detektor\u00f3w + 99 pilot\u00f3w<\/strong><\/p>\n<\/li>\n<li data-start=\"1894\" data-end=\"1946\">\n<p data-start=\"1896\" data-end=\"1946\">Stabilna praca na du\u017cych obiektach i w trudnych warunkach<\/p>\n<\/li>\n<li data-start=\"1947\" data-end=\"1989\">\n<p data-start=\"1949\" data-end=\"1989\">Akumulator zapasowy do pracy w przypadku zaniku zasilania<\/p>\n<\/li>\n<li data-start=\"1990\" data-end=\"2038\">\n<p data-start=\"1992\" data-end=\"2038\">Operacja poprzez <strong data-start=\"2002\" data-end=\"2022\">Mikro USB (DC5V)<\/strong> Lub <strong data-start=\"2029\" data-end=\"2038\">Pr\u0105d sta\u0142y 12 V<\/strong><\/p>\n<\/li>\n<li data-start=\"2039\" data-end=\"2080\">\n<p data-start=\"2041\" data-end=\"2080\">Metalowa antena zapewniaj\u0105ca najlepszy mo\u017cliwy zasi\u0119g<\/p>\n<\/li>\n<\/ul>\n<hr data-start=\"2082\" data-end=\"2085\" \/>\n<h2 data-start=\"2087\" data-end=\"2108\">Obszary zastosowania<\/h2>\n<ul data-start=\"2109\" data-end=\"2227\">\n<li data-start=\"2109\" data-end=\"2137\">\n<p data-start=\"2111\" data-end=\"2137\">Wille i wi\u0119ksze domy<\/p>\n<\/li>\n<li data-start=\"2138\" data-end=\"2169\">\n<p data-start=\"2140\" data-end=\"2169\">Domki letniskowe i budynki wielopi\u0119trowe<\/p>\n<\/li>\n<li data-start=\"2170\" data-end=\"2199\">\n<p data-start=\"2172\" data-end=\"2199\">Lokale u\u017cytkowe i sklepy<\/p>\n<\/li>\n<li data-start=\"2200\" data-end=\"2227\">\n<p data-start=\"2202\" data-end=\"2227\">Magazyny i obiekty przemys\u0142owe<\/p>\n<\/li>\n<\/ul>\n<hr data-start=\"2229\" data-end=\"2232\" \/>\n<h2 data-start=\"2234\" data-end=\"2258\">Specyfikacja techniczna<\/h2>\n<ul data-start=\"2259\" data-end=\"2742\">\n<li data-start=\"2259\" data-end=\"2313\">\n<p data-start=\"2261\" data-end=\"2313\"><strong data-start=\"2261\" data-end=\"2282\">Zasilanie:<\/strong> DC5V (micro USB) lub DC12V<\/p>\n<\/li>\n<li data-start=\"2314\" data-end=\"2350\">\n<p data-start=\"2316\" data-end=\"2350\"><strong data-start=\"2316\" data-end=\"2336\">Wbudowana bateria:<\/strong> 3,7 V Ni-Hi<\/p>\n<\/li>\n<li data-start=\"2351\" data-end=\"2403\">\n<p data-start=\"2353\" data-end=\"2403\"><strong data-start=\"2353\" data-end=\"2370\">Moc w trybie gotowo\u015bci:<\/strong> &lt;20 mA (pr\u0105d sta\u0142y 5 V) \/ &lt;13 mA (pr\u0105d sta\u0142y 12 V)<\/p>\n<\/li>\n<li data-start=\"2404\" data-end=\"2457\">\n<p data-start=\"2406\" data-end=\"2457\"><strong data-start=\"2406\" data-end=\"2422\">Pr\u0105d roboczy:<\/strong> &lt;600 mA (pr\u0105d sta\u0142y 5 V) \/ &lt;200 mA (pr\u0105d sta\u0142y 12 V)<\/p>\n<\/li>\n<li data-start=\"2458\" data-end=\"2509\">\n<p data-start=\"2460\" data-end=\"2509\"><strong data-start=\"2460\" data-end=\"2478\">Komunikacja:<\/strong> 433MHz (ASK), 868MHz (FSK)<\/p>\n<\/li>\n<li data-start=\"2510\" data-end=\"2558\">\n<p data-start=\"2512\" data-end=\"2558\"><strong data-start=\"2512\" data-end=\"2536\">Zasi\u0119g odbioru:<\/strong> ok. 100 m (w linii wzroku)<\/p>\n<\/li>\n<li data-start=\"2559\" data-end=\"2611\">\n<p data-start=\"2561\" data-end=\"2611\"><strong data-start=\"2561\" data-end=\"2583\">Zasi\u0119g transmisji:<\/strong> do 600 m (w linii wzroku)<\/p>\n<\/li>\n<li data-start=\"2612\" data-end=\"2666\">\n<p data-start=\"2614\" data-end=\"2666\"><strong data-start=\"2614\" data-end=\"2630\">Maksymalna liczba jednostek:<\/strong> 99 detektor\u00f3w, 99 pilot\u00f3w<\/p>\n<\/li>\n<li data-start=\"2667\" data-end=\"2711\">\n<p data-start=\"2669\" data-end=\"2711\"><strong data-start=\"2669\" data-end=\"2690\">Temperatura pracy:<\/strong> \u221220\u00b0C do +55\u00b0C<\/p>\n<\/li>\n<li data-start=\"2712\" data-end=\"2742\">\n<p data-start=\"2714\" data-end=\"2742\"><strong data-start=\"2714\" data-end=\"2723\">Mierzy\u0107:<\/strong> 155 \u00d7 72 \u00d7 22 mm<\/p>\n<\/li>\n<\/ul>\n<hr data-start=\"2744\" data-end=\"2747\" \/>\n<h2 data-start=\"2749\" data-end=\"2768\">Zawarto\u015b\u0107 dostawy<\/h2>\n<ul data-start=\"2769\" data-end=\"2908\">\n<li data-start=\"2769\" data-end=\"2805\">\n<p data-start=\"2771\" data-end=\"2805\">Wzmacniacz SecureX SignalMax: 1 szt.<\/p>\n<\/li>\n<li data-start=\"2806\" data-end=\"2847\">\n<p data-start=\"2808\" data-end=\"2847\">Zasilacz (DC5V \/ Micro USB): 1 szt.<\/p>\n<\/li>\n<li data-start=\"2848\" data-end=\"2875\">\n<p data-start=\"2850\" data-end=\"2875\">\u015aruby monta\u017cowe: 4 szt.<\/p>\n<\/li>\n<li data-start=\"2876\" data-end=\"2891\">\n<p data-start=\"2878\" data-end=\"2891\">Wtyczka: 4 szt.<\/p>\n<\/li>\n<li data-start=\"2892\" data-end=\"2908\">\n<p data-start=\"2894\" data-end=\"2908\">Instrukcja: 1 szt.<\/p>\n<\/li>\n<\/ul>","protected":false},"excerpt":{"rendered":"<p>SecureX SignalMax Wzmacniacz sygna\u0142u z kodowaniem ASK dla alarm\u00f3w SecureX, zwi\u0119kszaj\u0105cy zasi\u0119g do 600 m.<\/p>\n<p>Obs\u0142uguje 99 czujnik\u00f3w i 99 pilot\u00f3w. W zestawie bateria zapasowa, adapter i elementy monta\u017cowe.<\/p>","protected":false},"featured_media":4755,"template":"","meta":{"_acf_changed":false,"inline_featured_image":false,"site-sidebar-layout":"default","site-content-layout":"","ast-site-content-layout":"default","site-content-style":"default","site-sidebar-style":"default","ast-global-header-display":"","ast-banner-title-visibility":"","ast-main-header-display":"","ast-hfb-above-header-display":"","ast-hfb-below-header-display":"","ast-hfb-mobile-header-display":"","site-post-title":"","ast-breadcrumbs-content":"","ast-featured-img":"","footer-sml-layout":"","ast-disable-related-posts":"","theme-transparent-header-meta":"default","adv-header-id-meta":"","stick-header-meta":"","header-above-stick-meta":"","header-main-stick-meta":"","header-below-stick-meta":"","astra-migrate-meta-layouts":"set","ast-page-background-enabled":"default","ast-page-background-meta":{"desktop":{"background-color":"","background-image":"","background-repeat":"repeat","background-position":"center center","background-size":"auto","background-attachment":"scroll","background-type":"","background-media":"","overlay-type":"","overlay-color":"","overlay-opacity":"","overlay-gradient":""},"tablet":{"background-color":"","background-image":"","background-repeat":"repeat","background-position":"center center","background-size":"auto","background-attachment":"scroll","background-type":"","background-media":"","overlay-type":"","overlay-color":"","overlay-opacity":"","overlay-gradient":""},"mobile":{"background-color":"","background-image":"","background-repeat":"repeat","background-position":"center center","background-size":"auto","background-attachment":"scroll","background-type":"","background-media":"","overlay-type":"","overlay-color":"","overlay-opacity":"","overlay-gradient":""}},"ast-content-background-meta":{"desktop":{"background-color":"var(--ast-global-color-5)","background-image":"","background-repeat":"repeat","background-position":"center center","background-size":"auto","background-attachment":"scroll","background-type":"","background-media":"","overlay-type":"","overlay-color":"","overlay-opacity":"","overlay-gradient":""},"tablet":{"background-color":"var(--ast-global-color-5)","background-image":"","background-repeat":"repeat","background-position":"center center","background-size":"auto","background-attachment":"scroll","background-type":"","background-media":"","overlay-type":"","overlay-color":"","overlay-opacity":"","overlay-gradient":""},"mobile":{"background-color":"var(--ast-global-color-5)","background-image":"","background-repeat":"repeat","background-position":"center center","background-size":"auto","background-attachment":"scroll","background-type":"","background-media":"","overlay-type":"","overlay-color":"","overlay-opacity":"","overlay-gradient":""}}},"product_brand":[233],"product_cat":[67,48],"product_tag":[],"class_list":{"0":"post-4231","1":"product","2":"type-product","3":"status-publish","4":"has-post-thumbnail","6":"product_brand-connect-pro","7":"product_cat-repeatrar-natverk","8":"product_cat-securex-smart-alarm","9":"pa_brands-securex-connect-pro","10":"pa_brands-stonehouse-smart","11":"desktop-align-left","12":"tablet-align-center","13":"mobile-align-center","15":"first","16":"instock","17":"shipping-taxable","18":"product-type-simple"},"acf":[],"_links":{"self":[{"href":"https:\/\/stonehousesmart.se\/pl\/wp-json\/wp\/v2\/product\/4231","targetHints":{"allow":["GET"]}}],"collection":[{"href":"https:\/\/stonehousesmart.se\/pl\/wp-json\/wp\/v2\/product"}],"about":[{"href":"https:\/\/stonehousesmart.se\/pl\/wp-json\/wp\/v2\/types\/product"}],"wp:featuredmedia":[{"embeddable":true,"href":"https:\/\/stonehousesmart.se\/pl\/wp-json\/wp\/v2\/media\/4755"}],"wp:attachment":[{"href":"https:\/\/stonehousesmart.se\/pl\/wp-json\/wp\/v2\/media?parent=4231"}],"wp:term":[{"taxonomy":"product_brand","embeddable":true,"href":"https:\/\/stonehousesmart.se\/pl\/wp-json\/wp\/v2\/product_brand?post=4231"},{"taxonomy":"product_cat","embeddable":true,"href":"https:\/\/stonehousesmart.se\/pl\/wp-json\/wp\/v2\/product_cat?post=4231"},{"taxonomy":"product_tag","embeddable":true,"href":"https:\/\/stonehousesmart.se\/pl\/wp-json\/wp\/v2\/product_tag?post=4231"}],"curies":[{"name":"wp","href":"https:\/\/api.w.org\/{rel}","templated":true}]}}