{"id":4233,"date":"2025-09-15T11:16:43","date_gmt":"2025-09-15T09:16:43","guid":{"rendered":"https:\/\/stonehousesmart.se\/product\/securex-linkbridge-tradlos-omvandlare-for-larm-med-kabel\/"},"modified":"2026-03-27T14:15:54","modified_gmt":"2026-03-27T13:15:54","slug":"securex-linkbridge-tradlos-omvandlare","status":"publish","type":"product","link":"https:\/\/stonehousesmart.se\/pl\/product\/securex-linkbridge-tradlos-omvandlare\/","title":{"rendered":"SecureX LinkBridge \u2013 bezprzewodowy konwerter dla przewodowych czujnik\u00f3w alarmowych."},"content":{"rendered":"<h2 data-start=\"175\" data-end=\"253\">SecureX LinkBridge \u2013 bezprzewodowy konwerter do alarm\u00f3w przewodowych (rozwi\u0105zanie hybrydowe)<\/h2>\n<p data-start=\"255\" data-end=\"554\">SecureX LinkBridge to <strong data-start=\"280\" data-end=\"312\">pot\u0119\u017cny konwerter bezprzewodowy<\/strong> co umo\u017cliwia pod\u0142\u0105czenie istniej\u0105cych przewodowych czujnik\u00f3w alarmowych do systemu SecureX. Rezultatem jest <strong data-start=\"419\" data-end=\"439\">hybrydowy system alarmowy<\/strong> gdzie \u0142\u0105czysz niezawodne czujniki przewodowe z nowoczesn\u0105 technologi\u0105 bezprzewodow\u0105, sterowaniem za pomoc\u0105 aplikacji i centralnym zarz\u0105dzaniem alarmami.<\/p>\n<p data-start=\"556\" data-end=\"802\">Ze wsparciem dla <strong data-start=\"569\" data-end=\"601\">do 16 stref przewodowych<\/strong> Starsze instalacje alarmowe mo\u017cna ponownie wykorzysta\u0107 i zmodernizowa\u0107 bez konieczno\u015bci gruntownego remontu. Jednocze\u015bnie zyskujesz dost\u0119p do powiadomie\u0144 w czasie rzeczywistym, zdalnego sterowania i pe\u0142nego podgl\u0105du za po\u015brednictwem <strong data-start=\"775\" data-end=\"801\">Aplikacja Stonehouse Smart<\/strong>.<\/p>\n<hr data-start=\"804\" data-end=\"807\" \/>\n<h3 data-start=\"809\" data-end=\"859\">Solidna konstrukcja zapewniaj\u0105ca bezpieczn\u0105 i stabiln\u0105 prac\u0119<\/h3>\n<p data-start=\"860\" data-end=\"1116\">SecureX LinkBridge jest dostarczany w <strong data-start=\"894\" data-end=\"918\">trwa\u0142a metalowa obudowa<\/strong> z zewn\u0119trzn\u0105 anten\u0105 zamontowan\u0105 na obudowie, zapewniaj\u0105c\u0105 stabilny i du\u017cy zasi\u0119g. Ka\u017cda strefa ma <strong data-start=\"1002\" data-end=\"1032\">wyra\u017any wska\u017anik stanu LED<\/strong> bezpo\u015brednio na karcie, co upraszcza instalacj\u0119, konfiguracj\u0119 i rozwi\u0105zywanie problem\u00f3w.<\/p>\n<p data-start=\"1118\" data-end=\"1398\">Urz\u0105dzenie zasilane jest poprzez <strong data-start=\"1136\" data-end=\"1163\">Pr\u0105d sta\u0142y 15 V z sieci 220 V AC<\/strong> (zasilacz w zestawie, zamontowany w obudowie) i obs\u0142uguje <strong data-start=\"1229\" data-end=\"1273\">zewn\u0119trzny akumulator zapasowy (12V 7Ah, opcjonalnie)<\/strong> do dalszej pracy w przypadku awarii zasilania. Wbudowany <strong data-start=\"1319\" data-end=\"1336\">ochrona przed sabota\u017cem<\/strong> I <strong data-start=\"1341\" data-end=\"1368\">wska\u017anik awarii zasilania<\/strong> dodatkowo zwi\u0119ksza bezpiecze\u0144stwo.<\/p>\n<hr data-start=\"1400\" data-end=\"1403\" \/>\n<h3 data-start=\"1405\" data-end=\"1451\">Elastyczne strefy i obs\u0142uga przewodowej syreny<\/h3>\n<p data-start=\"1452\" data-end=\"1556\">SecureX LinkBridge zosta\u0142 zaprojektowany z my\u015bl\u0105 o elastycznym stosowaniu w instalacjach prywatnych i profesjonalnych.<\/p>\n<ul data-start=\"1558\" data-end=\"1776\">\n<li data-start=\"1558\" data-end=\"1614\">\n<p data-start=\"1560\" data-end=\"1614\"><strong data-start=\"1560\" data-end=\"1583\">16 przewodowych stref<\/strong>, indywidualnie konfigurowalne<\/p>\n<\/li>\n<li data-start=\"1615\" data-end=\"1655\">\n<p data-start=\"1617\" data-end=\"1655\">Wsparcie dla <strong data-start=\"1626\" data-end=\"1645\">C\/NC lub C\/NO<\/strong> na stref\u0119<\/p>\n<\/li>\n<li data-start=\"1656\" data-end=\"1722\">\n<p data-start=\"1658\" data-end=\"1722\">Mo\u017cliwo\u015b\u0107 pod\u0142\u0105czenia <strong data-start=\"1680\" data-end=\"1720\">syrena przewodowa (do 15V\/3A)<\/strong><\/p>\n<\/li>\n<li data-start=\"1723\" data-end=\"1776\">\n<p data-start=\"1725\" data-end=\"1776\">Strefy mog\u0105 <strong data-start=\"1735\" data-end=\"1774\">aktywowane i dezaktywowane za pomoc\u0105 aplikacji<\/strong><\/p>\n<\/li>\n<\/ul>\n<p data-start=\"1778\" data-end=\"1867\">Dzi\u0119ki temu rozwi\u0105zanie LinkBridge idealnie nadaje si\u0119 do modernizacji w miejscach, gdzie okablowanie jest ju\u017c zainstalowane.<\/p>\n<hr data-start=\"1869\" data-end=\"1872\" \/>\n<h3 data-start=\"1874\" data-end=\"1904\">Cz\u0119\u015b\u0107 systemu SecureX<\/h3>\n<p data-start=\"1905\" data-end=\"2068\">SecureX LinkBridge to komponent systemowy SecureX, kt\u00f3ry zawsze jest u\u017cywany razem z <strong data-start=\"1993\" data-end=\"2011\">Centrum SecureX<\/strong>, kt\u00f3ry obs\u0142uguje ca\u0142\u0105 komunikacj\u0119, logik\u0119 i sterowanie alarmami.<\/p>\n<ul data-start=\"2070\" data-end=\"2234\">\n<li data-start=\"2070\" data-end=\"2125\">\n<p data-start=\"2072\" data-end=\"2125\">Zarz\u0105dzanie i powiadomienia odbywaj\u0105 si\u0119 za po\u015brednictwem <strong data-start=\"2103\" data-end=\"2123\">Stonehouse Smart<\/strong><\/p>\n<\/li>\n<li data-start=\"2126\" data-end=\"2196\">\n<p data-start=\"2128\" data-end=\"2196\">Zgodno\u015b\u0107 z <strong data-start=\"2147\" data-end=\"2194\">Tuya i Smart Life s\u0105 realizowane za po\u015brednictwem koncentratora SecureX<\/strong><\/p>\n<\/li>\n<li data-start=\"2197\" data-end=\"2234\">\n<p data-start=\"2199\" data-end=\"2234\">LinkBridge to <strong data-start=\"2213\" data-end=\"2232\">nie niezale\u017cny<\/strong><\/p>\n<\/li>\n<\/ul>\n<hr data-start=\"2236\" data-end=\"2239\" \/>\n<h3 data-start=\"2241\" data-end=\"2263\">Zalety w skr\u00f3cie<\/h3>\n<ul data-start=\"2264\" data-end=\"2656\">\n<li data-start=\"2264\" data-end=\"2339\">\n<p data-start=\"2266\" data-end=\"2339\">Konwertuje do <strong data-start=\"2285\" data-end=\"2308\">16 przewodowych stref<\/strong> do bezprzewodowego systemu SecureX<\/p>\n<\/li>\n<li data-start=\"2340\" data-end=\"2375\">\n<p data-start=\"2342\" data-end=\"2375\">Rozwi\u0105zanie hybrydowe: kabel + bezprzewodowo<\/p>\n<\/li>\n<li data-start=\"2376\" data-end=\"2410\">\n<p data-start=\"2378\" data-end=\"2410\">Mo\u017cliwo\u015b\u0107 wyboru C\/NC lub C\/NO na stref\u0119<\/p>\n<\/li>\n<li data-start=\"2411\" data-end=\"2448\">\n<p data-start=\"2413\" data-end=\"2448\">Wska\u017anik stanu LED dla ka\u017cdej strefy<\/p>\n<\/li>\n<li data-start=\"2449\" data-end=\"2491\">\n<p data-start=\"2451\" data-end=\"2491\">Solidna metalowa obudowa z zewn\u0119trzn\u0105 anten\u0105<\/p>\n<\/li>\n<li data-start=\"2492\" data-end=\"2532\">\n<p data-start=\"2494\" data-end=\"2532\">Obs\u0142uga syreny przewodowej (15 V\/3 A)<\/p>\n<\/li>\n<li data-start=\"2533\" data-end=\"2565\">\n<p data-start=\"2535\" data-end=\"2565\">Sterowanie strefami za pomoc\u0105 aplikacji (w\u0142\u0105czanie\/wy\u0142\u0105czanie)<\/p>\n<\/li>\n<li data-start=\"2566\" data-end=\"2611\">\n<p data-start=\"2568\" data-end=\"2611\">Zabezpieczenie przed manipulacj\u0105 i sygnalizacja awarii zasilania<\/p>\n<\/li>\n<li data-start=\"2612\" data-end=\"2656\">\n<p data-start=\"2614\" data-end=\"2656\">Obs\u0142uga zewn\u0119trznego akumulatora zapasowego (opcjonalnie)<\/p>\n<\/li>\n<\/ul>\n<hr data-start=\"2658\" data-end=\"2661\" \/>\n<h3 data-start=\"2663\" data-end=\"2693\">Typowe zastosowania<\/h3>\n<ul data-start=\"2694\" data-end=\"2896\">\n<li data-start=\"2694\" data-end=\"2741\">\n<p data-start=\"2696\" data-end=\"2741\">Modernizacja starszych przewodowych system\u00f3w alarmowych<\/p>\n<\/li>\n<li data-start=\"2742\" data-end=\"2785\">\n<p data-start=\"2744\" data-end=\"2785\">Instalacje hybrydowe (przewodowe + bezprzewodowe)<\/p>\n<\/li>\n<li data-start=\"2786\" data-end=\"2815\">\n<p data-start=\"2788\" data-end=\"2815\">Wille i budynki mieszkalne<\/p>\n<\/li>\n<li data-start=\"2816\" data-end=\"2854\">\n<p data-start=\"2818\" data-end=\"2854\">Firmy, magazyny i \u015brodowiska przemys\u0142owe<\/p>\n<\/li>\n<li data-start=\"2855\" data-end=\"2896\">\n<p data-start=\"2857\" data-end=\"2896\">Projekty, w kt\u00f3rych okablowanie ju\u017c istnieje<\/p>\n<\/li>\n<\/ul>\n<hr data-start=\"2898\" data-end=\"2901\" \/>\n<h3 data-start=\"2903\" data-end=\"2928\">Specyfikacja techniczna<\/h3>\n<ul data-start=\"2929\" data-end=\"3236\">\n<li data-start=\"2929\" data-end=\"2985\">\n<p data-start=\"2931\" data-end=\"2985\">Zasilanie: DC 15 V \/ 5,0 A (za po\u015brednictwem 220 V AC, w zestawie)<\/p>\n<\/li>\n<li data-start=\"2986\" data-end=\"3037\">\n<p data-start=\"2988\" data-end=\"3037\">Akumulator zapasowy: 12V 7Ah (opcjonalnie, nie wchodzi w sk\u0142ad zestawu)<\/p>\n<\/li>\n<li data-start=\"3038\" data-end=\"3092\">\n<p data-start=\"3040\" data-end=\"3092\">Komunikacja: 433 MHz (EV1527), kodowana dla SecureX<\/p>\n<\/li>\n<li data-start=\"3093\" data-end=\"3136\">\n<p data-start=\"3095\" data-end=\"3136\">Zasi\u0119g: do ok. 150 m (teren otwarty)<\/p>\n<\/li>\n<li data-start=\"3137\" data-end=\"3167\">\n<p data-start=\"3139\" data-end=\"3167\">Liczba stref: 16 przewodowych<\/p>\n<\/li>\n<li data-start=\"3168\" data-end=\"3208\">\n<p data-start=\"3170\" data-end=\"3208\">Temperatura pracy: \u221220 \u00b0C do +55 \u00b0C<\/p>\n<\/li>\n<li data-start=\"3209\" data-end=\"3236\">\n<p data-start=\"3211\" data-end=\"3236\">Wymiary: 165 \u00d7 100 \u00d7 18 mm<\/p>\n<\/li>\n<\/ul>\n<hr data-start=\"3238\" data-end=\"3241\" \/>\n<h3 data-start=\"3243\" data-end=\"3263\">Zawarto\u015b\u0107 dostawy<\/h3>\n<ul data-start=\"3264\" data-end=\"3432\">\n<li data-start=\"3264\" data-end=\"3309\">\n<p data-start=\"3266\" data-end=\"3309\">SecureX LinkBridge w obudowie metalowej: 1 szt.<\/p>\n<\/li>\n<li data-start=\"3310\" data-end=\"3371\">\n<p data-start=\"3312\" data-end=\"3371\">Zasilacz 220 VAC \u2192 DC 15V (montowany w obudowie): 1 szt.<\/p>\n<\/li>\n<li data-start=\"3372\" data-end=\"3415\">\n<p data-start=\"3374\" data-end=\"3415\">Antena zewn\u0119trzna (montowana na szafce): 1 szt.<\/p>\n<\/li>\n<li data-start=\"3416\" data-end=\"3432\">\n<p data-start=\"3418\" data-end=\"3432\">Instrukcja: 1 szt.<\/p>\n<\/li>\n<\/ul>","protected":false},"excerpt":{"rendered":"<p>Bezprzewodowy konwerter \u0142\u0105cz\u0105cy do 16 przewodowych stref alarmowych z systemem SecureX. Metalowa obudowa, antena zewn\u0119trzna, sterowanie aplikacj\u0105 i obs\u0142uga syreny przewodowej.<\/p>\n<p>Dostarczany w obudowie metalowej z wbudowanym zasilaniem z sieci (220 V AC).<\/p>","protected":false},"featured_media":4723,"template":"","meta":{"_acf_changed":false,"inline_featured_image":false,"site-sidebar-layout":"default","site-content-layout":"","ast-site-content-layout":"default","site-content-style":"default","site-sidebar-style":"default","ast-global-header-display":"","ast-banner-title-visibility":"","ast-main-header-display":"","ast-hfb-above-header-display":"","ast-hfb-below-header-display":"","ast-hfb-mobile-header-display":"","site-post-title":"","ast-breadcrumbs-content":"","ast-featured-img":"","footer-sml-layout":"","ast-disable-related-posts":"","theme-transparent-header-meta":"default","adv-header-id-meta":"","stick-header-meta":"","header-above-stick-meta":"","header-main-stick-meta":"","header-below-stick-meta":"","astra-migrate-meta-layouts":"set","ast-page-background-enabled":"default","ast-page-background-meta":{"desktop":{"background-color":"","background-image":"","background-repeat":"repeat","background-position":"center center","background-size":"auto","background-attachment":"scroll","background-type":"","background-media":"","overlay-type":"","overlay-color":"","overlay-opacity":"","overlay-gradient":""},"tablet":{"background-color":"","background-image":"","background-repeat":"repeat","background-position":"center center","background-size":"auto","background-attachment":"scroll","background-type":"","background-media":"","overlay-type":"","overlay-color":"","overlay-opacity":"","overlay-gradient":""},"mobile":{"background-color":"","background-image":"","background-repeat":"repeat","background-position":"center center","background-size":"auto","background-attachment":"scroll","background-type":"","background-media":"","overlay-type":"","overlay-color":"","overlay-opacity":"","overlay-gradient":""}},"ast-content-background-meta":{"desktop":{"background-color":"var(--ast-global-color-5)","background-image":"","background-repeat":"repeat","background-position":"center center","background-size":"auto","background-attachment":"scroll","background-type":"","background-media":"","overlay-type":"","overlay-color":"","overlay-opacity":"","overlay-gradient":""},"tablet":{"background-color":"var(--ast-global-color-5)","background-image":"","background-repeat":"repeat","background-position":"center center","background-size":"auto","background-attachment":"scroll","background-type":"","background-media":"","overlay-type":"","overlay-color":"","overlay-opacity":"","overlay-gradient":""},"mobile":{"background-color":"var(--ast-global-color-5)","background-image":"","background-repeat":"repeat","background-position":"center center","background-size":"auto","background-attachment":"scroll","background-type":"","background-media":"","overlay-type":"","overlay-color":"","overlay-opacity":"","overlay-gradient":""}}},"product_brand":[233],"product_cat":[67,48],"product_tag":[],"class_list":{"0":"post-4233","1":"product","2":"type-product","3":"status-publish","4":"has-post-thumbnail","6":"product_brand-connect-pro","7":"product_cat-repeatrar-natverk","8":"product_cat-securex-smart-alarm","9":"pa_brands-securex-connect-pro","10":"pa_brands-stonehouse-smart","11":"desktop-align-left","12":"tablet-align-center","13":"mobile-align-center","15":"first","16":"instock","17":"shipping-taxable","18":"product-type-simple"},"acf":[],"_links":{"self":[{"href":"https:\/\/stonehousesmart.se\/pl\/wp-json\/wp\/v2\/product\/4233","targetHints":{"allow":["GET"]}}],"collection":[{"href":"https:\/\/stonehousesmart.se\/pl\/wp-json\/wp\/v2\/product"}],"about":[{"href":"https:\/\/stonehousesmart.se\/pl\/wp-json\/wp\/v2\/types\/product"}],"wp:featuredmedia":[{"embeddable":true,"href":"https:\/\/stonehousesmart.se\/pl\/wp-json\/wp\/v2\/media\/4723"}],"wp:attachment":[{"href":"https:\/\/stonehousesmart.se\/pl\/wp-json\/wp\/v2\/media?parent=4233"}],"wp:term":[{"taxonomy":"product_brand","embeddable":true,"href":"https:\/\/stonehousesmart.se\/pl\/wp-json\/wp\/v2\/product_brand?post=4233"},{"taxonomy":"product_cat","embeddable":true,"href":"https:\/\/stonehousesmart.se\/pl\/wp-json\/wp\/v2\/product_cat?post=4233"},{"taxonomy":"product_tag","embeddable":true,"href":"https:\/\/stonehousesmart.se\/pl\/wp-json\/wp\/v2\/product_tag?post=4233"}],"curies":[{"name":"wp","href":"https:\/\/api.w.org\/{rel}","templated":true}]}}