{"id":4236,"date":"2025-09-15T11:16:43","date_gmt":"2025-09-15T09:16:43","guid":{"rendered":"https:\/\/stonehousesmart.se\/product\/securex-sirenpro-solcellsdriven-med-sabotagealarm\/"},"modified":"2026-03-27T14:47:00","modified_gmt":"2026-03-27T13:47:00","slug":"securex-sirenguard-pro-utomhussiren","status":"publish","type":"product","link":"https:\/\/stonehousesmart.se\/pl\/product\/securex-sirenguard-pro-utomhussiren\/","title":{"rendered":"SecureX SirenGuard Pro \u2013 Syrena zewn\u0119trzna z lamp\u0105 b\u0142yskow\u0105 \u2013 Regulowana do 120 dB (du\u017cy zasi\u0119g)"},"content":{"rendered":"<h2 data-start=\"177\" data-end=\"250\">SecureX SirenGuard Pro \u2013 zewn\u0119trzna syrena z alarmem antysabota\u017cowym<\/h2>\n<p data-start=\"252\" data-end=\"586\">SecureX SirenGuard Pro to <strong data-start=\"281\" data-end=\"318\">mocna i wytrzyma\u0142a syrena zewn\u0119trzna<\/strong> Zaprojektowany, aby zapewni\u0107 maksymalne odstraszanie i wyra\u017any sygna\u0142 alarmowy w systemie alarmowym SecureX. Z <strong data-start=\"419\" data-end=\"459\">g\u0142o\u015bny alarm do 120 dB<\/strong> w po\u0142\u0105czeniu z <strong data-start=\"478\" data-end=\"506\">migaj\u0105ce \u015bwiat\u0142o stroboskopowe<\/strong> Dzi\u0119ki SirenGuard Pro alarm b\u0119dzie s\u0142yszalny i widoczny \u2013 nawet z du\u017cej odleg\u0142o\u015bci.<\/p>\n<p data-start=\"588\" data-end=\"739\">Syrena zosta\u0142a zaprojektowana do pracy w wymagaj\u0105cych warunkach zewn\u0119trznych i doskonale nadaje si\u0119 do: <strong data-start=\"656\" data-end=\"710\">wille, firmy, magazyny, gara\u017ce i tereny przemys\u0142owe<\/strong> gdzie wymagany jest wysoki poziom bezpiecze\u0144stwa.<\/p>\n<hr data-start=\"741\" data-end=\"744\" \/>\n<h3 data-start=\"746\" data-end=\"785\">Wyra\u017any odstraszacz i alarm antysabota\u017cowy<\/h3>\n<p data-start=\"786\" data-end=\"825\">SecureX SirenGuard Pro jest wyposa\u017cony w:<\/p>\n<ul data-start=\"826\" data-end=\"963\">\n<li data-start=\"826\" data-end=\"857\">\n<p data-start=\"828\" data-end=\"857\"><strong data-start=\"828\" data-end=\"857\">Dwa pot\u0119\u017cne czujniki d\u017awi\u0119ku<\/strong><\/p>\n<\/li>\n<li data-start=\"858\" data-end=\"888\">\n<p data-start=\"860\" data-end=\"888\"><strong data-start=\"860\" data-end=\"888\">5 regulowanych poziom\u00f3w g\u0142o\u015bno\u015bci<\/strong><\/p>\n<\/li>\n<li data-start=\"889\" data-end=\"911\">\n<p data-start=\"891\" data-end=\"911\"><strong data-start=\"891\" data-end=\"911\">2 r\u00f3\u017cne d\u017awi\u0119ki alarmu<\/strong><\/p>\n<\/li>\n<li data-start=\"912\" data-end=\"935\">\n<p data-start=\"914\" data-end=\"935\"><strong data-start=\"914\" data-end=\"935\">Syrena ma wbudowan\u0105 lamp\u0119 stroboskopow\u0105 zapewniaj\u0105c\u0105 sygnalizacj\u0119 wizualn\u0105.<\/strong><\/p>\n<\/li>\n<li data-start=\"936\" data-end=\"963\">\n<p data-start=\"938\" data-end=\"963\"><strong data-start=\"938\" data-end=\"963\">Wbudowany alarm antysabota\u017cowy<\/strong><\/p>\n<\/li>\n<\/ul>\n<p data-start=\"965\" data-end=\"1105\">Alarm antysabota\u017cowy uruchamia si\u0119 natychmiast po pr\u00f3bie demonta\u017cu i wysy\u0142a sygna\u0142 alarmowy do systemu SecureX, zapewniaj\u0105c dodatkow\u0105 ochron\u0119 przed manipulacj\u0105.<\/p>\n<hr data-start=\"1107\" data-end=\"1110\" \/>\n<h3 data-start=\"1112\" data-end=\"1160\">Elastyczna praca \u2013 zasilanie sieciowe, akumulatorowe lub za pomoc\u0105 panelu s\u0142onecznego<\/h3>\n<p data-start=\"1161\" data-end=\"1256\">System SirenGuard Pro mo\u017cna obs\u0142ugiwa\u0107 na kilka r\u00f3\u017cnych sposob\u00f3w, co zapewnia mu du\u017c\u0105 elastyczno\u015b\u0107 instalacji:<\/p>\n<ul data-start=\"1258\" data-end=\"1417\">\n<li data-start=\"1258\" data-end=\"1291\">\n<p data-start=\"1260\" data-end=\"1291\"><strong data-start=\"1260\" data-end=\"1291\">Zasilacz (pr\u0105d sta\u0142y 6-15 V\/1 A)<\/strong><\/p>\n<\/li>\n<li data-start=\"1292\" data-end=\"1354\">\n<p data-start=\"1294\" data-end=\"1354\"><strong data-start=\"1294\" data-end=\"1328\">Wbudowana bateria litowa 5000 mAh<\/strong> (zapasowe w razie zaniku zasilania)<\/p>\n<\/li>\n<li data-start=\"1355\" data-end=\"1417\">\n<p data-start=\"1357\" data-end=\"1417\"><strong data-start=\"1357\" data-end=\"1379\">Panel s\u0142oneczny (opcjonalnie)<\/strong> do niezale\u017cnej i energooszcz\u0119dnej pracy<\/p>\n<\/li>\n<\/ul>\n<p data-start=\"1419\" data-end=\"1534\">Dzi\u0119ki temu syrena idealnie nadaje si\u0119 do miejsc, w kt\u00f3rych nie ma dost\u0119pu do zasilania sieciowego lub gdy chcemy ograniczy\u0107 do minimum czynno\u015bci konserwacyjne i okablowanie.<\/p>\n<hr data-start=\"1536\" data-end=\"1539\" \/>\n<h3 data-start=\"1541\" data-end=\"1571\">Cz\u0119\u015b\u0107 systemu SecureX<\/h3>\n<p data-start=\"1572\" data-end=\"1730\">SecureX SirenGuard Pro to komponent systemowy SecureX, kt\u00f3ry zawsze jest u\u017cywany razem z <strong data-start=\"1662\" data-end=\"1680\">Centrum SecureX<\/strong>, kt\u00f3ry obs\u0142uguje ca\u0142\u0105 komunikacj\u0119 i sterowanie alarmami.<\/p>\n<ul data-start=\"1732\" data-end=\"1978\">\n<li data-start=\"1732\" data-end=\"1771\">\n<p data-start=\"1734\" data-end=\"1771\">Syrena \u0142\u0105czy si\u0119 z koncentratorem SecureX<\/p>\n<\/li>\n<li data-start=\"1772\" data-end=\"1822\">\n<p data-start=\"1774\" data-end=\"1822\">Wszystkie alarmy i statusy s\u0105 przesy\u0142ane za po\u015brednictwem koncentratora<\/p>\n<\/li>\n<li data-start=\"1823\" data-end=\"1879\">\n<p data-start=\"1825\" data-end=\"1879\">Powiadomienia push w czasie rzeczywistym za po\u015brednictwem <strong data-start=\"1851\" data-end=\"1877\">Aplikacja Stonehouse Smart<\/strong><\/p>\n<\/li>\n<li data-start=\"1880\" data-end=\"1942\">\n<p data-start=\"1882\" data-end=\"1942\">Zgodno\u015b\u0107 z <strong data-start=\"1901\" data-end=\"1940\">Tuya i Smart Life s\u0105 realizowane za po\u015brednictwem huba<\/strong><\/p>\n<\/li>\n<li data-start=\"1943\" data-end=\"1978\">\n<p data-start=\"1945\" data-end=\"1978\">Syrena nie jest u\u017cywana samodzielnie<\/p>\n<\/li>\n<\/ul>\n<hr data-start=\"1980\" data-end=\"1983\" \/>\n<h3 data-start=\"1985\" data-end=\"2007\">Zalety w skr\u00f3cie<\/h3>\n<ul data-start=\"2008\" data-end=\"2375\">\n<li data-start=\"2008\" data-end=\"2058\">\n<p data-start=\"2010\" data-end=\"2058\">G\u0142o\u015bny alarm d\u017awi\u0119kowy do <strong data-start=\"2037\" data-end=\"2047\">120 dB<\/strong> (5 poziom\u00f3w)<\/p>\n<\/li>\n<li data-start=\"2059\" data-end=\"2095\">\n<p data-start=\"2061\" data-end=\"2095\">\u015awiat\u0142o stroboskopowe do ostrzegania wizualnego<\/p>\n<\/li>\n<li data-start=\"2096\" data-end=\"2140\">\n<p data-start=\"2098\" data-end=\"2140\">Komunikacja dalekiego zasi\u0119gu<\/p>\n<\/li>\n<li data-start=\"2141\" data-end=\"2180\">\n<p data-start=\"2143\" data-end=\"2180\">Wbudowany alarm antysabota\u017cowy podczas demonta\u017cu<\/p>\n<\/li>\n<li data-start=\"2181\" data-end=\"2237\">\n<p data-start=\"2183\" data-end=\"2237\">Praca za pomoc\u0105 zasilacza sieciowego, akumulatora lub panelu s\u0142onecznego (opcjonalnie)<\/p>\n<\/li>\n<li data-start=\"2238\" data-end=\"2275\">\n<p data-start=\"2240\" data-end=\"2275\">Pe\u0142na integracja poprzez hub SecureX<\/p>\n<\/li>\n<li data-start=\"2276\" data-end=\"2318\">\n<p data-start=\"2278\" data-end=\"2318\">Powiadomienia w czasie rzeczywistym w aplikacji Stonehouse Smart<\/p>\n<\/li>\n<li data-start=\"2319\" data-end=\"2375\">\n<p data-start=\"2321\" data-end=\"2375\">Odporna na warunki atmosferyczne i solidna konstrukcja do u\u017cytku na zewn\u0105trz<\/p>\n<\/li>\n<\/ul>\n<hr data-start=\"2377\" data-end=\"2380\" \/>\n<h3 data-start=\"2382\" data-end=\"2412\">Typowe zastosowania<\/h3>\n<ul data-start=\"2413\" data-end=\"2550\">\n<li data-start=\"2413\" data-end=\"2440\">\n<p data-start=\"2415\" data-end=\"2440\">Wille i domki letniskowe<\/p>\n<\/li>\n<li data-start=\"2441\" data-end=\"2470\">\n<p data-start=\"2443\" data-end=\"2470\">Firmy i lokale handlowe<\/p>\n<\/li>\n<li data-start=\"2471\" data-end=\"2508\">\n<p data-start=\"2473\" data-end=\"2508\">Gara\u017ce, magazyny i tereny przemys\u0142owe<\/p>\n<\/li>\n<li data-start=\"2509\" data-end=\"2550\">\n<p data-start=\"2511\" data-end=\"2550\">\u015arodowiska zewn\u0119trzne o wysokich wymaganiach bezpiecze\u0144stwa<\/p>\n<\/li>\n<\/ul>\n<hr data-start=\"2552\" data-end=\"2555\" \/>\n<h3 data-start=\"2557\" data-end=\"2582\">Specyfikacja techniczna<\/h3>\n<ul data-start=\"2583\" data-end=\"2983\">\n<li data-start=\"2583\" data-end=\"2644\">\n<p data-start=\"2585\" data-end=\"2644\">Zasilanie: DC 6\u201315 V \/ 1 A lub panel s\u0142oneczny (opcjonalnie)<\/p>\n<\/li>\n<li data-start=\"2645\" data-end=\"2681\">\n<p data-start=\"2647\" data-end=\"2681\">Akumulator: litowy 3,7 V \/ 5000 mAh<\/p>\n<\/li>\n<li data-start=\"2682\" data-end=\"2710\">\n<p data-start=\"2684\" data-end=\"2710\">Pr\u0105d w trybie czuwania: ok. 0,25 mA<\/p>\n<\/li>\n<li data-start=\"2711\" data-end=\"2734\">\n<p data-start=\"2713\" data-end=\"2734\">Pr\u0105d alarmowy: &lt;500 mA<\/p>\n<\/li>\n<li data-start=\"2735\" data-end=\"2773\">\n<p data-start=\"2737\" data-end=\"2773\">Poziom ha\u0142asu: do 120 dB (5 poziom\u00f3w)<\/p>\n<\/li>\n<li data-start=\"2774\" data-end=\"2823\">\n<p data-start=\"2776\" data-end=\"2823\">Technologia bezprzewodowa: dalekiego zasi\u0119gu, kodowana SecureX<\/p>\n<\/li>\n<li data-start=\"2824\" data-end=\"2866\">\n<p data-start=\"2826\" data-end=\"2866\">Zasi\u0119g: Do ok. 500 m (w linii wzroku)<\/p>\n<\/li>\n<li data-start=\"2867\" data-end=\"2907\">\n<p data-start=\"2869\" data-end=\"2907\">Temperatura pracy: \u221220 \u00b0C do +50 \u00b0C<\/p>\n<\/li>\n<li data-start=\"2908\" data-end=\"2955\">\n<p data-start=\"2910\" data-end=\"2955\">Wilgotno\u015b\u0107 wzgl\u0119dna: &lt;95% (bez kondensacji)<\/p>\n<\/li>\n<li data-start=\"2956\" data-end=\"2983\">\n<p data-start=\"2958\" data-end=\"2983\">Wymiary: 270 \u00d7 180 \u00d7 47 mm<\/p>\n<\/li>\n<\/ul>\n<hr data-start=\"2985\" data-end=\"2988\" \/>\n<h3 data-start=\"2990\" data-end=\"3010\">Zawarto\u015b\u0107 dostawy<\/h3>\n<ul data-start=\"3011\" data-end=\"3187\">\n<li data-start=\"3011\" data-end=\"3056\">\n<p data-start=\"3013\" data-end=\"3056\">Syrena zewn\u0119trzna SecureX SirenGuard Pro: 1 szt.<\/p>\n<\/li>\n<li data-start=\"3057\" data-end=\"3087\">\n<p data-start=\"3059\" data-end=\"3087\">P\u0142yta monta\u017cowa \u015bcienna: 1 szt.<\/p>\n<\/li>\n<li data-start=\"3088\" data-end=\"3105\">\n<p data-start=\"3090\" data-end=\"3105\">\u015aruby: 4 szt.<\/p>\n<\/li>\n<li data-start=\"3106\" data-end=\"3121\">\n<p data-start=\"3108\" data-end=\"3121\">Wtyczka: 4 szt.<\/p>\n<\/li>\n<li data-start=\"3122\" data-end=\"3170\">\n<p data-start=\"3124\" data-end=\"3170\">Zasilacz USB-C (do pod\u0142\u0105czenia do sieci): 1 szt.<\/p>\n<\/li>\n<li data-start=\"3171\" data-end=\"3187\">\n<p data-start=\"3173\" data-end=\"3187\">Instrukcja: 1 szt.<\/p>\n<\/li>\n<\/ul>","protected":false},"excerpt":{"rendered":"<p>SecureX SirenGuard Pro to wydajna zewn\u0119trzna syrena z regulowanym poziomem d\u017awi\u0119ku do 120 dB, \u015bwiat\u0142em stroboskopowym i alarmem antysabota\u017cowym.<\/p>\n<p>W pe\u0142ni zintegrowany z koncentratorem SecureX, zoptymalizowany pod k\u0105tem aplikacji Stonehouse Smart.<\/p>\n<p>Zasilany wbudowan\u0105 bateri\u0105, zasilaczem sieciowym lub panelem s\u0142onecznym (opcjonalnie) dla zapewnienia maksymalnej elastyczno\u015bci.<\/p>","protected":false},"featured_media":4691,"template":"","meta":{"_acf_changed":false,"inline_featured_image":false,"site-sidebar-layout":"default","site-content-layout":"","ast-site-content-layout":"default","site-content-style":"default","site-sidebar-style":"default","ast-global-header-display":"","ast-banner-title-visibility":"","ast-main-header-display":"","ast-hfb-above-header-display":"","ast-hfb-below-header-display":"","ast-hfb-mobile-header-display":"","site-post-title":"","ast-breadcrumbs-content":"","ast-featured-img":"","footer-sml-layout":"","ast-disable-related-posts":"","theme-transparent-header-meta":"default","adv-header-id-meta":"","stick-header-meta":"","header-above-stick-meta":"","header-main-stick-meta":"","header-below-stick-meta":"","astra-migrate-meta-layouts":"set","ast-page-background-enabled":"default","ast-page-background-meta":{"desktop":{"background-color":"","background-image":"","background-repeat":"repeat","background-position":"center center","background-size":"auto","background-attachment":"scroll","background-type":"","background-media":"","overlay-type":"","overlay-color":"","overlay-opacity":"","overlay-gradient":""},"tablet":{"background-color":"","background-image":"","background-repeat":"repeat","background-position":"center center","background-size":"auto","background-attachment":"scroll","background-type":"","background-media":"","overlay-type":"","overlay-color":"","overlay-opacity":"","overlay-gradient":""},"mobile":{"background-color":"","background-image":"","background-repeat":"repeat","background-position":"center center","background-size":"auto","background-attachment":"scroll","background-type":"","background-media":"","overlay-type":"","overlay-color":"","overlay-opacity":"","overlay-gradient":""}},"ast-content-background-meta":{"desktop":{"background-color":"var(--ast-global-color-5)","background-image":"","background-repeat":"repeat","background-position":"center center","background-size":"auto","background-attachment":"scroll","background-type":"","background-media":"","overlay-type":"","overlay-color":"","overlay-opacity":"","overlay-gradient":""},"tablet":{"background-color":"var(--ast-global-color-5)","background-image":"","background-repeat":"repeat","background-position":"center center","background-size":"auto","background-attachment":"scroll","background-type":"","background-media":"","overlay-type":"","overlay-color":"","overlay-opacity":"","overlay-gradient":""},"mobile":{"background-color":"var(--ast-global-color-5)","background-image":"","background-repeat":"repeat","background-position":"center center","background-size":"auto","background-attachment":"scroll","background-type":"","background-media":"","overlay-type":"","overlay-color":"","overlay-opacity":"","overlay-gradient":""}}},"product_brand":[233],"product_cat":[48,65],"product_tag":[],"class_list":{"0":"post-4236","1":"product","2":"type-product","3":"status-publish","4":"has-post-thumbnail","6":"product_brand-connect-pro","7":"product_cat-securex-smart-alarm","8":"product_cat-sirener","9":"pa_brands-securex-connect-pro","10":"pa_brands-stonehouse-smart","11":"desktop-align-left","12":"tablet-align-center","13":"mobile-align-center","15":"first","16":"instock","17":"shipping-taxable","18":"product-type-simple"},"acf":[],"_links":{"self":[{"href":"https:\/\/stonehousesmart.se\/pl\/wp-json\/wp\/v2\/product\/4236","targetHints":{"allow":["GET"]}}],"collection":[{"href":"https:\/\/stonehousesmart.se\/pl\/wp-json\/wp\/v2\/product"}],"about":[{"href":"https:\/\/stonehousesmart.se\/pl\/wp-json\/wp\/v2\/types\/product"}],"wp:featuredmedia":[{"embeddable":true,"href":"https:\/\/stonehousesmart.se\/pl\/wp-json\/wp\/v2\/media\/4691"}],"wp:attachment":[{"href":"https:\/\/stonehousesmart.se\/pl\/wp-json\/wp\/v2\/media?parent=4236"}],"wp:term":[{"taxonomy":"product_brand","embeddable":true,"href":"https:\/\/stonehousesmart.se\/pl\/wp-json\/wp\/v2\/product_brand?post=4236"},{"taxonomy":"product_cat","embeddable":true,"href":"https:\/\/stonehousesmart.se\/pl\/wp-json\/wp\/v2\/product_cat?post=4236"},{"taxonomy":"product_tag","embeddable":true,"href":"https:\/\/stonehousesmart.se\/pl\/wp-json\/wp\/v2\/product_tag?post=4236"}],"curies":[{"name":"wp","href":"https:\/\/api.w.org\/{rel}","templated":true}]}}