{"id":4242,"date":"2025-09-15T11:16:44","date_gmt":"2025-09-15T09:16:44","guid":{"rendered":"https:\/\/stonehousesmart.se\/product\/securex-gasshield-for-naturgas-och-lpg\/"},"modified":"2026-03-27T14:43:05","modified_gmt":"2026-03-27T13:43:05","slug":"securex-gasshield-for-naturgas-och-lpg","status":"publish","type":"product","link":"https:\/\/stonehousesmart.se\/pl\/product\/securex-gasshield-for-naturgas-och-lpg\/","title":{"rendered":"SecureX GasShield \u2013 Do gazu ziemnego i LPG"},"content":{"rendered":"<h2 data-start=\"203\" data-end=\"263\">SecureX GasShield \u2013 inteligentny detektor gazu metanu i LPG<\/h2>\n<p data-start=\"265\" data-end=\"544\">SecureX GasShield to <strong data-start=\"289\" data-end=\"323\">szybki i niezawodny detektor gazu<\/strong> kt\u00f3ry chroni domy, domki letniskowe i firmy przed niebezpiecznymi wyciekami gazu. Zosta\u0142 opracowany w celu wczesnego wykrywania zar\u00f3wno <strong data-start=\"442\" data-end=\"467\">gaz ziemny (metan, CH\u2084)<\/strong> I <strong data-start=\"472\" data-end=\"487\">LPG (gaz p\u0142ynny)<\/strong> i wyra\u017anie ostrzega zanim st\u0119\u017cenie gazu osi\u0105gnie niebezpieczny poziom.<\/p>\n<p data-start=\"546\" data-end=\"747\">W przypadku wykrycia gazu, <strong data-start=\"577\" data-end=\"608\">g\u0142o\u015bny d\u017awi\u0119k alarmu \u226580 dB<\/strong> wraz z czytelnym wska\u017anikiem LED. Jednocze\u015bnie alarm jest przekazywany do <strong data-start=\"687\" data-end=\"705\">Centrum SecureX<\/strong>, kt\u00f3ry centralnie w systemie obs\u0142uguje alarm.<\/p>\n<p data-start=\"749\" data-end=\"878\">Wszystkie zdarzenia i powiadomienia s\u0105 wy\u015bwietlane w <strong data-start=\"784\" data-end=\"810\">Aplikacja Stonehouse Smart<\/strong>, gdzie masz pe\u0142n\u0105 kontrol\u0119 i dost\u0119p do informacji w czasie rzeczywistym bezpo\u015brednio na swoim telefonie kom\u00f3rkowym.<\/p>\n<hr data-start=\"880\" data-end=\"883\" \/>\n<h3 data-start=\"885\" data-end=\"930\">Szybka reakcja dzi\u0119ki zaawansowanej technologii czujnik\u00f3w<\/h3>\n<p data-start=\"931\" data-end=\"1191\">GasShield wykorzystuje <strong data-start=\"950\" data-end=\"980\">zaawansowana technologia dyfuzji<\/strong> Aby szybko zareagowa\u0107 na wyciek gazu \u2013 zanim gaz zd\u0105\u017cy si\u0119 zgromadzi\u0107 i spowodowa\u0107 zagro\u017cenie po\u017carem lub wybuchem. Dzi\u0119ki temu czujnik jest szczeg\u00f3lnie odpowiedni do \u015brodowisk, w kt\u00f3rych gaz jest u\u017cywany codziennie lub gdzie nadz\u00f3r nie jest zawsze sprawowany.<\/p>\n<hr data-start=\"1193\" data-end=\"1196\" \/>\n<h3 data-start=\"1198\" data-end=\"1255\">Integracja z SecureX \u2013 co\u015b wi\u0119cej ni\u017c tylko lokalny alarm<\/h3>\n<p data-start=\"1256\" data-end=\"1385\">SecureX GasShield mo\u017cna u\u017cywa\u0107 samodzielnie jako lokalnego detektora gazu, ale maksymaln\u0105 funkcjonalno\u015b\u0107 uzyskuje po pod\u0142\u0105czeniu do <strong data-start=\"1366\" data-end=\"1384\">Centrum SecureX<\/strong>.<\/p>\n<p data-start=\"1387\" data-end=\"1405\">Poprzez hub otrzymujesz:<\/p>\n<ul data-start=\"1406\" data-end=\"1584\">\n<li data-start=\"1406\" data-end=\"1431\">\n<p data-start=\"1408\" data-end=\"1431\">centralne zarz\u0105dzanie alarmami<\/p>\n<\/li>\n<li data-start=\"1432\" data-end=\"1484\">\n<p data-start=\"1434\" data-end=\"1484\">powiadomienia push w czasie rzeczywistym za po\u015brednictwem aplikacji Stonehouse Smart<\/p>\n<\/li>\n<li data-start=\"1485\" data-end=\"1546\">\n<p data-start=\"1487\" data-end=\"1546\">mo\u017cliwo\u015b\u0107 \u0142\u0105czenia alarm\u00f3w gazowych z innymi urz\u0105dzeniami SecureX<\/p>\n<\/li>\n<li data-start=\"1547\" data-end=\"1584\">\n<p data-start=\"1549\" data-end=\"1584\">wsparcie dalszych dzia\u0142a\u0144 w przypadku alarm\u00f3w<\/p>\n<\/li>\n<\/ul>\n<p data-start=\"1586\" data-end=\"1676\">Dla wi\u0119kszej elastyczno\u015bci i kompatybilno\u015bci z <strong data-start=\"1633\" data-end=\"1675\">Tuya i Smart Life za po\u015brednictwem huba SecureX<\/strong>.<\/p>\n<hr data-start=\"1678\" data-end=\"1681\" \/>\n<h3 data-start=\"1683\" data-end=\"1730\">Wyj\u015bcie przeka\u017anikowe do automatycznej kontroli bezpiecze\u0144stwa<\/h3>\n<p data-start=\"1731\" data-end=\"1840\">GasShield jest wyposa\u017cony w <strong data-start=\"1757\" data-end=\"1786\">wyj\u015bcie przeka\u017anikowe (12V \/ 300 mA)<\/strong> co umo\u017cliwia automatyczne sterowanie np.:<\/p>\n<ul data-start=\"1841\" data-end=\"1923\">\n<li data-start=\"1841\" data-end=\"1876\">\n<p data-start=\"1843\" data-end=\"1876\">zaw\u00f3r elektromagnetyczny do odci\u0119cia gazu<\/p>\n<\/li>\n<li data-start=\"1877\" data-end=\"1893\">\n<p data-start=\"1879\" data-end=\"1893\">syrena zewn\u0119trzna<\/p>\n<\/li>\n<li data-start=\"1894\" data-end=\"1923\">\n<p data-start=\"1896\" data-end=\"1923\">inny sprz\u0119t bezpiecze\u0144stwa<\/p>\n<\/li>\n<\/ul>\n<p data-start=\"1925\" data-end=\"2000\">Zapewnia to aktywn\u0105 ochron\u0119, kt\u00f3ra mo\u017ce ograniczy\u0107 szkody nawet w przypadku wczesnego wykrycia.<\/p>\n<hr data-start=\"2002\" data-end=\"2005\" \/>\n<h3 data-start=\"2007\" data-end=\"2042\">Stabilna praca i d\u0142uga \u017cywotno\u015b\u0107<\/h3>\n<p data-start=\"2043\" data-end=\"2248\">GasShield jest zasilany przez <strong data-start=\"2063\" data-end=\"2089\">Mikro USB (pr\u0105d sta\u0142y 5 V \/ 1 A)<\/strong> dla stabilnej i ci\u0105g\u0142ej pracy. Czujnik charakteryzuje si\u0119 niskim poborem mocy i <strong data-start=\"2165\" data-end=\"2201\">\u017cywotno\u015b\u0107 czujnika do 5 lat<\/strong>, co zapewnia d\u0142ugotrwa\u0142\u0105 i niezawodn\u0105 prac\u0119.<\/p>\n<hr data-start=\"2250\" data-end=\"2253\" \/>\n<h3 data-start=\"2255\" data-end=\"2277\">Zalety w skr\u00f3cie<\/h3>\n<ul data-start=\"2278\" data-end=\"2670\">\n<li data-start=\"2278\" data-end=\"2324\">\n<p data-start=\"2280\" data-end=\"2324\">Wykrywa gaz ziemny (metan) i LPG (gaz p\u0142ynny)<\/p>\n<\/li>\n<li data-start=\"2325\" data-end=\"2380\">\n<p data-start=\"2327\" data-end=\"2380\">Szybka reakcja dzi\u0119ki zaawansowanej technologii dyfuzyjnej<\/p>\n<\/li>\n<li data-start=\"2381\" data-end=\"2425\">\n<p data-start=\"2383\" data-end=\"2425\">G\u0142o\u015bny d\u017awi\u0119k alarmu \u226580 dB + wska\u017anik LED<\/p>\n<\/li>\n<li data-start=\"2426\" data-end=\"2460\">\n<p data-start=\"2428\" data-end=\"2460\">Integracja z hubem SecureX<\/p>\n<\/li>\n<li data-start=\"2461\" data-end=\"2507\">\n<p data-start=\"2463\" data-end=\"2507\">Powiadomienia w czasie rzeczywistym za po\u015brednictwem aplikacji Stonehouse Smart<\/p>\n<\/li>\n<li data-start=\"2508\" data-end=\"2557\">\n<p data-start=\"2510\" data-end=\"2557\">Wyj\u015bcie przeka\u017anikowe do sterowania zaworem lub bezpiecze\u0144stwem<\/p>\n<\/li>\n<li data-start=\"2558\" data-end=\"2598\">\n<p data-start=\"2560\" data-end=\"2598\">Stabilna praca USB przy niskim zu\u017cyciu energii<\/p>\n<\/li>\n<li data-start=\"2599\" data-end=\"2639\">\n<p data-start=\"2601\" data-end=\"2639\">D\u0142uga \u017cywotno\u015b\u0107 czujnika \u2013 do 5 lat<\/p>\n<\/li>\n<li data-start=\"2640\" data-end=\"2670\">\n<p data-start=\"2642\" data-end=\"2670\">Kompaktowa i dyskretna konstrukcja<\/p>\n<\/li>\n<\/ul>\n<hr data-start=\"2672\" data-end=\"2675\" \/>\n<h3 data-start=\"2677\" data-end=\"2707\">Typowe zastosowania<\/h3>\n<ul data-start=\"2708\" data-end=\"2837\">\n<li data-start=\"2708\" data-end=\"2733\">\n<p data-start=\"2710\" data-end=\"2733\">Wille i apartamenty<\/p>\n<\/li>\n<li data-start=\"2734\" data-end=\"2767\">\n<p data-start=\"2736\" data-end=\"2767\">Kuchnie, restauracje i kot\u0142ownie<\/p>\n<\/li>\n<li data-start=\"2768\" data-end=\"2801\">\n<p data-start=\"2770\" data-end=\"2801\">Gara\u017c, piwnica i pomieszczenie techniczne<\/p>\n<\/li>\n<li data-start=\"2802\" data-end=\"2837\">\n<p data-start=\"2804\" data-end=\"2837\">Przyczepy kempingowe, domy wakacyjne i \u0142odzie<\/p>\n<\/li>\n<\/ul>\n<hr data-start=\"2839\" data-end=\"2842\" \/>\n<h3 data-start=\"2844\" data-end=\"2869\">Specyfikacja techniczna<\/h3>\n<ul data-start=\"2870\" data-end=\"3337\">\n<li data-start=\"2870\" data-end=\"2914\">\n<p data-start=\"2872\" data-end=\"2914\">Zasilanie: DC 5V\/1A (Micro USB)<\/p>\n<\/li>\n<li data-start=\"2915\" data-end=\"2939\">\n<p data-start=\"2917\" data-end=\"2939\">Pob\u00f3r pr\u0105du: &lt;170 mA<\/p>\n<\/li>\n<li data-start=\"2940\" data-end=\"2985\">\n<p data-start=\"2942\" data-end=\"2985\">Detekcja gazu: Gaz ziemny (CH\u2084), LPG (gasol)<\/p>\n<\/li>\n<li data-start=\"2986\" data-end=\"3012\">\n<p data-start=\"2988\" data-end=\"3012\">Poziom alarmu: \u226580 dB + dioda LED<\/p>\n<\/li>\n<li data-start=\"3013\" data-end=\"3041\">\n<p data-start=\"3015\" data-end=\"3041\">Czas reakcji: \u226430 sekund<\/p>\n<\/li>\n<li data-start=\"3042\" data-end=\"3084\">\n<p data-start=\"3044\" data-end=\"3084\">Wyj\u015bcie przeka\u017anikowe: 12 V \/ 300 mA (15 sekund)<\/p>\n<\/li>\n<li data-start=\"3085\" data-end=\"3139\">\n<p data-start=\"3087\" data-end=\"3139\">Komunikacja: 433 MHz (EV1527), kodowana dla SecureX<\/p>\n<\/li>\n<li data-start=\"3140\" data-end=\"3180\">\n<p data-start=\"3142\" data-end=\"3180\">Temperatura pracy: od \u221210 \u00b0C do +55 \u00b0C<\/p>\n<\/li>\n<li data-start=\"3181\" data-end=\"3237\">\n<p data-start=\"3183\" data-end=\"3237\">Wilgotno\u015b\u0107 wzgl\u0119dna: &lt;95% RH (bez kondensacji)<\/p>\n<\/li>\n<li data-start=\"3238\" data-end=\"3274\">\n<p data-start=\"3240\" data-end=\"3274\">Czas rozgrzewania: oko\u0142o 180 sekund<\/p>\n<\/li>\n<li data-start=\"3275\" data-end=\"3309\">\n<p data-start=\"3277\" data-end=\"3309\">\u017bywotno\u015b\u0107 czujnika: do 5 lat<\/p>\n<\/li>\n<li data-start=\"3310\" data-end=\"3337\">\n<p data-start=\"3312\" data-end=\"3337\">Wymiary: 86 \u00d7 86 \u00d7 24,5 mm<\/p>\n<\/li>\n<\/ul>","protected":false},"excerpt":{"rendered":"<p>Inteligentny detektor gazu, kt\u00f3ry ostrzega o <strong data-start=\"2215\" data-end=\"2237\">gaz ziemny i LPG<\/strong> z d\u017awi\u0119kiem \u226580 dB i diod\u0105 LED.<\/p>\n<p>\u0141\u0105czy si\u0119 z koncentratorem SecureX i aplikacj\u0105 Stonehouse Smart w celu otrzymywania powiadomie\u0144 mobilnych.<\/p>","protected":false},"featured_media":4730,"template":"","meta":{"_acf_changed":false,"inline_featured_image":false,"site-sidebar-layout":"default","site-content-layout":"","ast-site-content-layout":"default","site-content-style":"default","site-sidebar-style":"default","ast-global-header-display":"","ast-banner-title-visibility":"","ast-main-header-display":"","ast-hfb-above-header-display":"","ast-hfb-below-header-display":"","ast-hfb-mobile-header-display":"","site-post-title":"","ast-breadcrumbs-content":"","ast-featured-img":"","footer-sml-layout":"","ast-disable-related-posts":"","theme-transparent-header-meta":"default","adv-header-id-meta":"","stick-header-meta":"","header-above-stick-meta":"","header-main-stick-meta":"","header-below-stick-meta":"","astra-migrate-meta-layouts":"set","ast-page-background-enabled":"default","ast-page-background-meta":{"desktop":{"background-color":"","background-image":"","background-repeat":"repeat","background-position":"center center","background-size":"auto","background-attachment":"scroll","background-type":"","background-media":"","overlay-type":"","overlay-color":"","overlay-opacity":"","overlay-gradient":""},"tablet":{"background-color":"","background-image":"","background-repeat":"repeat","background-position":"center center","background-size":"auto","background-attachment":"scroll","background-type":"","background-media":"","overlay-type":"","overlay-color":"","overlay-opacity":"","overlay-gradient":""},"mobile":{"background-color":"","background-image":"","background-repeat":"repeat","background-position":"center center","background-size":"auto","background-attachment":"scroll","background-type":"","background-media":"","overlay-type":"","overlay-color":"","overlay-opacity":"","overlay-gradient":""}},"ast-content-background-meta":{"desktop":{"background-color":"var(--ast-global-color-5)","background-image":"","background-repeat":"repeat","background-position":"center center","background-size":"auto","background-attachment":"scroll","background-type":"","background-media":"","overlay-type":"","overlay-color":"","overlay-opacity":"","overlay-gradient":""},"tablet":{"background-color":"var(--ast-global-color-5)","background-image":"","background-repeat":"repeat","background-position":"center center","background-size":"auto","background-attachment":"scroll","background-type":"","background-media":"","overlay-type":"","overlay-color":"","overlay-opacity":"","overlay-gradient":""},"mobile":{"background-color":"var(--ast-global-color-5)","background-image":"","background-repeat":"repeat","background-position":"center center","background-size":"auto","background-attachment":"scroll","background-type":"","background-media":"","overlay-type":"","overlay-color":"","overlay-opacity":"","overlay-gradient":""}}},"product_brand":[233],"product_cat":[48,50],"product_tag":[],"class_list":{"0":"post-4242","1":"product","2":"type-product","3":"status-publish","4":"has-post-thumbnail","6":"product_brand-connect-pro","7":"product_cat-securex-smart-alarm","8":"product_cat-sensorer-brand-vatten","9":"pa_brands-securex","10":"desktop-align-left","11":"tablet-align-center","12":"mobile-align-center","14":"first","15":"instock","16":"shipping-taxable","17":"product-type-simple"},"acf":[],"_links":{"self":[{"href":"https:\/\/stonehousesmart.se\/pl\/wp-json\/wp\/v2\/product\/4242","targetHints":{"allow":["GET"]}}],"collection":[{"href":"https:\/\/stonehousesmart.se\/pl\/wp-json\/wp\/v2\/product"}],"about":[{"href":"https:\/\/stonehousesmart.se\/pl\/wp-json\/wp\/v2\/types\/product"}],"wp:featuredmedia":[{"embeddable":true,"href":"https:\/\/stonehousesmart.se\/pl\/wp-json\/wp\/v2\/media\/4730"}],"wp:attachment":[{"href":"https:\/\/stonehousesmart.se\/pl\/wp-json\/wp\/v2\/media?parent=4242"}],"wp:term":[{"taxonomy":"product_brand","embeddable":true,"href":"https:\/\/stonehousesmart.se\/pl\/wp-json\/wp\/v2\/product_brand?post=4242"},{"taxonomy":"product_cat","embeddable":true,"href":"https:\/\/stonehousesmart.se\/pl\/wp-json\/wp\/v2\/product_cat?post=4242"},{"taxonomy":"product_tag","embeddable":true,"href":"https:\/\/stonehousesmart.se\/pl\/wp-json\/wp\/v2\/product_tag?post=4242"}],"curies":[{"name":"wp","href":"https:\/\/api.w.org\/{rel}","templated":true}]}}