{"id":4295,"date":"2025-09-15T11:16:44","date_gmt":"2025-09-15T09:16:44","guid":{"rendered":"https:\/\/stonehousesmart.se\/?post_type=product&#038;p=4295"},"modified":"2026-03-30T15:44:39","modified_gmt":"2026-03-30T13:44:39","slug":"securex-smokeguard-insektskydd-och-led-larm","status":"publish","type":"product","link":"https:\/\/stonehousesmart.se\/pl\/product\/securex-smokeguard-insektskydd-och-led-larm\/","title":{"rendered":"SecureX SmokeGuard \u2013 czujnik dymu EN14604, 10-letnia bateria"},"content":{"rendered":"<h2 data-start=\"230\" data-end=\"291\">SecureX SmokeGuard \u2013 czujnik dymu zgodny z norm\u0105 EN14604 o \u017cywotno\u015bci 10 lat<\/h2>\n<p data-start=\"293\" data-end=\"592\">SecureX SmokeGuard to <strong data-start=\"318\" data-end=\"353\">Czujnik dymu z certyfikatem EN14604<\/strong> Zaprojektowany, aby zapewni\u0107 niezawodn\u0105 i skoordynowan\u0105 ochron\u0119 przeciwpo\u017carow\u0105 w domach i budynkach, reaguje szybko na dym i jest przeznaczony do stosowania w miejscach, w kt\u00f3rych wczesne ostrze\u017cenie jest kluczowe, takich jak sypialnie, salony, korytarze i pomieszczenia wsp\u00f3lne.<\/p>\n<p data-start=\"594\" data-end=\"763\">W przypadku wykrycia dymu, <strong data-start=\"626\" data-end=\"667\">pot\u0119\u017cna syrena \u226585 dB (w odleg\u0142o\u015bci 3 metr\u00f3w)<\/strong> w po\u0142\u0105czeniu z czytelnym wska\u017anikiem LED, dzi\u0119ki czemu zagro\u017cenie zostanie zauwa\u017cone natychmiast \u2013 nawet w nocy.<\/p>\n<p data-start=\"765\" data-end=\"913\">Wbudowana bateria litowa ma \u017cywotno\u015b\u0107 do <strong data-start=\"823\" data-end=\"832\">10 lat<\/strong>, co sprawia, \u017ce SmokeGuard praktycznie nie wymaga konserwacji przez ca\u0142y okres eksploatacji.<\/p>\n<hr data-start=\"915\" data-end=\"918\" \/>\n<h2 data-start=\"920\" data-end=\"979\">Po\u0142\u0105czona ochrona przeciwpo\u017carowa \u2013 wszystkie jednostki alarmuj\u0105 jednocze\u015bnie<\/h2>\n<p data-start=\"981\" data-end=\"1117\">SecureX SmokeGuard jest cz\u0119\u015bci\u0105 <strong data-start=\"1013\" data-end=\"1036\">System przeciwpo\u017carowy SecureX<\/strong> i jest u\u017cywany razem z <strong data-start=\"1065\" data-end=\"1083\">Centrum SecureX<\/strong>, kt\u00f3ra jest jednostk\u0105 centraln\u0105 systemu.<\/p>\n<p data-start=\"1119\" data-end=\"1175\">Gdy <strong data-start=\"1123\" data-end=\"1129\">A<\/strong> czujnik dymu lub ciep\u0142a w systemie uruchamia:<\/p>\n<ul data-start=\"1176\" data-end=\"1312\">\n<li data-start=\"1176\" data-end=\"1228\">\n<p data-start=\"1178\" data-end=\"1228\"><strong data-start=\"1178\" data-end=\"1228\">Wszystkie czujniki dymu i ciep\u0142a uruchamiaj\u0105 si\u0119 jednocze\u015bnie<\/strong><\/p>\n<\/li>\n<li data-start=\"1229\" data-end=\"1267\">\n<p data-start=\"1231\" data-end=\"1267\">W ca\u0142ym obiekcie uruchomiono syreny<\/p>\n<\/li>\n<li data-start=\"1268\" data-end=\"1312\">\n<p data-start=\"1270\" data-end=\"1312\">Powiadomienia push s\u0105 wysy\u0142ane w czasie rzeczywistym na Tw\u00f3j telefon kom\u00f3rkowy<\/p>\n<\/li>\n<\/ul>\n<p data-start=\"1314\" data-end=\"1392\">Alarm <strong data-start=\"1321\" data-end=\"1391\">mo\u017cna wy\u0142\u0105czy\u0107 za pomoc\u0105 koncentratora SecureX lub bezpo\u015brednio w aplikacji Stonehouse Smart<\/strong>.<\/p>\n<p class=\"ds-markdown-paragraph\"><strong>Czy mo\u017cna po\u0142\u0105czy\u0107 wiele detektor\u00f3w bez u\u017cycia koncentratora?<\/strong><br \/>\nOczywi\u015bcie. Mo\u017cesz stworzy\u0107 w\u0142asn\u0105 bezprzewodow\u0105 sie\u0107 RF, w kt\u00f3rej wszystkie detektory b\u0119d\u0105 ze sob\u0105 po\u0142\u0105czone.<\/p>\n<p class=\"ds-markdown-paragraph\">Je\u015bli jeden alarmuje, alarmuj\u0105 wszyscy \u2013 bez Wi-Fi ani internetu. Idealne dla tych, kt\u00f3rzy szukaj\u0105 prostego i solidnego systemu.<\/p>\n<p class=\"ds-markdown-paragraph\"><strong>Co otrzymam, je\u015bli po\u0142\u0105cz\u0119 si\u0119 z SecureX Connect Pro?<\/strong><br \/>\nDzi\u0119ki koncentratorowi SecureX zyskujesz rozszerzon\u0105 funkcjonalno\u015b\u0107:<\/p>\n<ul>\n<li>\n<p class=\"ds-markdown-paragraph\">Wszystkie detektory alarmuj\u0105 jednocze\u015bnie<\/p>\n<\/li>\n<li>\n<p class=\"ds-markdown-paragraph\">W przypadku alarmu na Tw\u00f3j telefon kom\u00f3rkowy wysy\u0142ane s\u0105 powiadomienia push.<\/p>\n<\/li>\n<li>\n<p class=\"ds-markdown-paragraph\">Status i histori\u0119 mo\u017cesz sprawdzi\u0107 w aplikacji Stonehouse Smart.<\/p>\n<\/li>\n<li>\n<p class=\"ds-markdown-paragraph\">Mo\u017cesz wy\u0142\u0105czy\u0107 alarmy za pomoc\u0105 aplikacji lub centrali<\/p>\n<\/li>\n<li>\n<p class=\"ds-markdown-paragraph\">System staje si\u0119 cz\u0119\u015bci\u0105 Twojego inteligentnego domu<\/p>\n<\/li>\n<\/ul>\n<p class=\"ds-markdown-paragraph\"><strong>Czy musz\u0119 wybiera\u0107 mi\u0119dzy trybem autonomicznym a pod\u0142\u0105czonym?<\/strong><br \/>\nNie. Mo\u017cesz zacz\u0105\u0107 od samodzielnej, po\u0142\u0105czonej sieci, a p\u00f3\u017aniej po\u0142\u0105czy\u0107 j\u0105 z SecureX Connect Pro, gdy zechcesz sterowa\u0107 aplikacj\u0105 i otrzymywa\u0107 powiadomienia.<\/p>\n<p class=\"ds-markdown-paragraph\"><strong>Czy dzia\u0142a r\u00f3wnie\u017c je\u015bli nie ma Internetu?<\/strong><br \/>\nTak. Sama funkcja alarmu i po\u0142\u0105czona sie\u0107 dzia\u0142aj\u0105 lokalnie nawet bez internetu. Internet jest potrzebny jedynie do powiadomie\u0144 mobilnych i zdalnego sterowania za pomoc\u0105 aplikacji.<\/p>\n<hr data-start=\"1494\" data-end=\"1497\" \/>\n<h2 data-start=\"1499\" data-end=\"1530\">Kontrola aplikacji i kompatybilno\u015b\u0107<\/h2>\n<p data-start=\"1532\" data-end=\"1594\">Wszystkie wydarzenia s\u0105 wy\u015bwietlane w <strong data-start=\"1555\" data-end=\"1581\">Aplikacja Stonehouse Smart<\/strong>, gdzie mo\u017cesz:<\/p>\n<ul data-start=\"1595\" data-end=\"1698\">\n<li data-start=\"1595\" data-end=\"1628\">\n<p data-start=\"1597\" data-end=\"1628\">Zobacz, kt\u00f3ry alarm zosta\u0142 aktywowany<\/p>\n<\/li>\n<li data-start=\"1629\" data-end=\"1662\">\n<p data-start=\"1631\" data-end=\"1662\">Otrzymuj powiadomienia push w czasie rzeczywistym<\/p>\n<\/li>\n<li data-start=\"1663\" data-end=\"1698\">\n<p data-start=\"1665\" data-end=\"1698\">Wy\u0142\u0105czanie i resetowanie alarmu<\/p>\n<\/li>\n<\/ul>\n<p data-start=\"1700\" data-end=\"1712\"><strong data-start=\"1700\" data-end=\"1712\">Wa\u017cny:<\/strong><\/p>\n<ul data-start=\"1713\" data-end=\"1902\">\n<li data-start=\"1713\" data-end=\"1755\">\n<p data-start=\"1715\" data-end=\"1755\">SmokeGuard \u0142\u0105czy si\u0119 z koncentratorem SecureX<\/p>\n<\/li>\n<li data-start=\"1756\" data-end=\"1819\">\n<p data-start=\"1758\" data-end=\"1819\">Jest to hub kompatybilny z <strong data-start=\"1794\" data-end=\"1817\">Tuya i inteligentne \u017cycie<\/strong><\/p>\n<\/li>\n<li data-start=\"1820\" data-end=\"1902\">\n<p data-start=\"1822\" data-end=\"1902\">Czujnik dymu jest <strong data-start=\"1838\" data-end=\"1864\">nie jest bezpo\u015brednio kompatybilny<\/strong> z Tuya lub Smart Life bez piasty<\/p>\n<\/li>\n<\/ul>\n<hr data-start=\"1904\" data-end=\"1907\" \/>\n<h2 data-start=\"1909\" data-end=\"1953\">\u0141atwa instalacja i stabilna komunikacja<\/h2>\n<p data-start=\"1955\" data-end=\"2172\">SmokeGuard komunikuje si\u0119 bezprzewodowo za po\u015brednictwem <strong data-start=\"1992\" data-end=\"2003\">433MHz<\/strong> i ma stabilny zasi\u0119g w ca\u0142ym domu lub na posesji. Mo\u017cna go \u0142atwo zamontowa\u0107 na suficie i charakteryzuje si\u0119 bardzo niskim poborem energii w trybie czuwania, co przek\u0142ada si\u0119 na d\u0142ugi czas pracy baterii.<\/p>\n<p data-start=\"2174\" data-end=\"2257\">Dyskretna konstrukcja sprawia, \u017ce czujnik dymu wtapia si\u0119 we wn\u0119trze, nie powoduj\u0105c \u017cadnych zak\u0142\u00f3ce\u0144.<\/p>\n<hr data-start=\"2259\" data-end=\"2262\" \/>\n<h2 data-start=\"2264\" data-end=\"2288\">Korzy\u015bci i funkcje<\/h2>\n<ul data-start=\"2290\" data-end=\"2775\">\n<li data-start=\"2290\" data-end=\"2325\">\n<p data-start=\"2292\" data-end=\"2325\">Czujnik dymu z certyfikatem EN14604<\/p>\n<\/li>\n<li data-start=\"2326\" data-end=\"2370\">\n<p data-start=\"2328\" data-end=\"2370\">Wbudowany <strong data-start=\"2336\" data-end=\"2353\">10-letnia bateria<\/strong> \u2013 1 szt. <span data-teams=\"true\">CR123A<\/span><\/p>\n<\/li>\n<li data-start=\"2371\" data-end=\"2415\">\n<p data-start=\"2373\" data-end=\"2415\">Mocna syrena \u226585 dB i sygnalizacja LED<\/p>\n<\/li>\n<li data-start=\"2416\" data-end=\"2466\">\n<p data-start=\"2418\" data-end=\"2466\">Wszystkie czujniki dymu i ciep\u0142a uruchamiaj\u0105 si\u0119 jednocze\u015bnie<\/p>\n<\/li>\n<li data-start=\"2467\" data-end=\"2518\">\n<p data-start=\"2469\" data-end=\"2518\">Alarm jest wy\u0142\u0105czany przez <strong data-start=\"2488\" data-end=\"2516\">Centrum lub aplikacja SecureX<\/strong><\/p>\n<\/li>\n<li data-start=\"2519\" data-end=\"2580\">\n<p data-start=\"2521\" data-end=\"2580\">Cz\u0119stotliwo\u015b\u0107 bezprzewodowa: <strong data-start=\"2539\" data-end=\"2559\">433MHz (EV1527)<\/strong>, zakodowane dla SecureX<\/p>\n<\/li>\n<li data-start=\"2581\" data-end=\"2643\">\n<p data-start=\"2583\" data-end=\"2643\">Po\u0142\u0105czenie do <strong data-start=\"2610\" data-end=\"2641\">40 czujnik\u00f3w dymu i ciep\u0142a<\/strong><\/p>\n<\/li>\n<li data-start=\"2644\" data-end=\"2692\">\n<p data-start=\"2646\" data-end=\"2692\">Powiadomienia w czasie rzeczywistym w <strong data-start=\"2664\" data-end=\"2690\">Aplikacja Stonehouse Smart<\/strong><\/p>\n<\/li>\n<li data-start=\"2693\" data-end=\"2740\">\n<p data-start=\"2695\" data-end=\"2740\">Stabilna komunikacja bezprzewodowa w Twojej w\u0142asnej sieci<\/p>\n<\/li>\n<li data-start=\"2741\" data-end=\"2775\">\n<p data-start=\"2743\" data-end=\"2775\">Prosty i dyskretny monta\u017c sufitowy<\/p>\n<\/li>\n<li data-start=\"2741\" data-end=\"2775\">Rozmiar: 93 x 35 mm<\/li>\n<\/ul>\n<hr data-start=\"2777\" data-end=\"2780\" \/>\n<h2 data-start=\"2782\" data-end=\"2803\">Obszary zastosowania<\/h2>\n<ul data-start=\"2805\" data-end=\"2937\">\n<li data-start=\"2805\" data-end=\"2830\">\n<p data-start=\"2807\" data-end=\"2830\">Sypialnia i salon<\/p>\n<\/li>\n<li data-start=\"2831\" data-end=\"2865\">\n<p data-start=\"2833\" data-end=\"2865\">Korytarze i pomieszczenia wsp\u00f3lne<\/p>\n<\/li>\n<li data-start=\"2866\" data-end=\"2903\">\n<p data-start=\"2868\" data-end=\"2903\">Wille, apartamenty i domy wakacyjne<\/p>\n<\/li>\n<li data-start=\"2904\" data-end=\"2937\">\n<p data-start=\"2906\" data-end=\"2937\">Biura i wi\u0119ksze nieruchomo\u015bci<\/p>\n<\/li>\n<\/ul>\n<hr data-start=\"2939\" data-end=\"2942\" \/>\n<h2 data-start=\"2944\" data-end=\"2963\">Zawarto\u015b\u0107 dostawy<\/h2>\n<ul data-start=\"2965\" data-end=\"3082\">\n<li data-start=\"2965\" data-end=\"3005\">\n<p data-start=\"2967\" data-end=\"3005\">Czujnik dymu SecureX SmokeGuard: 1 szt.<\/p>\n<\/li>\n<li data-start=\"3006\" data-end=\"3031\">\n<p data-start=\"3008\" data-end=\"3031\">Uchwyt monta\u017cowy: 1 szt.<\/p>\n<\/li>\n<li data-start=\"3032\" data-end=\"3049\">\n<p data-start=\"3034\" data-end=\"3049\">\u015aruby: 3 szt.<\/p>\n<\/li>\n<li data-start=\"3050\" data-end=\"3065\">\n<p data-start=\"3052\" data-end=\"3065\">Wtyczka: 3 szt.<\/p>\n<\/li>\n<li data-start=\"3066\" data-end=\"3082\">\n<p data-start=\"3068\" data-end=\"3082\">Instrukcja: 1 szt.<\/p>\n<\/li>\n<li data-start=\"3066\" data-end=\"3082\">Wst\u0119pnie zainstalowany akumulator \u2013 <span data-teams=\"true\">CR123A<\/span><\/li>\n<\/ul>","protected":false},"excerpt":{"rendered":"<p data-start=\"2463\" data-end=\"2616\">Czujnik dymu z certyfikatem EN14604 i wbudowan\u0105 bateri\u0105 o \u017cywotno\u015bci 10 lat.<\/p>\n<p data-start=\"2463\" data-end=\"2616\">\u0141\u0105czy si\u0119 za po\u015brednictwem koncentratora SecureX w celu udost\u0119pniania alarm\u00f3w i powiadomie\u0144 push w aplikacji Stonehouse Smart.<\/p>","protected":false},"featured_media":5415,"template":"","meta":{"_acf_changed":false,"inline_featured_image":false,"site-sidebar-layout":"default","site-content-layout":"","ast-site-content-layout":"default","site-content-style":"default","site-sidebar-style":"default","ast-global-header-display":"","ast-banner-title-visibility":"","ast-main-header-display":"","ast-hfb-above-header-display":"","ast-hfb-below-header-display":"","ast-hfb-mobile-header-display":"","site-post-title":"","ast-breadcrumbs-content":"","ast-featured-img":"","footer-sml-layout":"","ast-disable-related-posts":"","theme-transparent-header-meta":"default","adv-header-id-meta":"","stick-header-meta":"","header-above-stick-meta":"","header-main-stick-meta":"","header-below-stick-meta":"","astra-migrate-meta-layouts":"set","ast-page-background-enabled":"default","ast-page-background-meta":{"desktop":{"background-color":"","background-image":"","background-repeat":"repeat","background-position":"center center","background-size":"auto","background-attachment":"scroll","background-type":"","background-media":"","overlay-type":"","overlay-color":"","overlay-opacity":"","overlay-gradient":""},"tablet":{"background-color":"","background-image":"","background-repeat":"repeat","background-position":"center center","background-size":"auto","background-attachment":"scroll","background-type":"","background-media":"","overlay-type":"","overlay-color":"","overlay-opacity":"","overlay-gradient":""},"mobile":{"background-color":"","background-image":"","background-repeat":"repeat","background-position":"center center","background-size":"auto","background-attachment":"scroll","background-type":"","background-media":"","overlay-type":"","overlay-color":"","overlay-opacity":"","overlay-gradient":""}},"ast-content-background-meta":{"desktop":{"background-color":"var(--ast-global-color-5)","background-image":"","background-repeat":"repeat","background-position":"center center","background-size":"auto","background-attachment":"scroll","background-type":"","background-media":"","overlay-type":"","overlay-color":"","overlay-opacity":"","overlay-gradient":""},"tablet":{"background-color":"var(--ast-global-color-5)","background-image":"","background-repeat":"repeat","background-position":"center center","background-size":"auto","background-attachment":"scroll","background-type":"","background-media":"","overlay-type":"","overlay-color":"","overlay-opacity":"","overlay-gradient":""},"mobile":{"background-color":"var(--ast-global-color-5)","background-image":"","background-repeat":"repeat","background-position":"center center","background-size":"auto","background-attachment":"scroll","background-type":"","background-media":"","overlay-type":"","overlay-color":"","overlay-opacity":"","overlay-gradient":""}}},"product_brand":[233],"product_cat":[48],"product_tag":[],"class_list":{"0":"post-4295","1":"product","2":"type-product","3":"status-publish","4":"has-post-thumbnail","6":"product_brand-connect-pro","7":"product_cat-securex-smart-alarm","8":"pa_brands-securex-connect-pro","9":"pa_brands-stonehouse-smart","10":"desktop-align-left","11":"tablet-align-center","12":"mobile-align-center","14":"first","15":"instock","16":"shipping-taxable","17":"product-type-simple"},"acf":[],"_links":{"self":[{"href":"https:\/\/stonehousesmart.se\/pl\/wp-json\/wp\/v2\/product\/4295","targetHints":{"allow":["GET"]}}],"collection":[{"href":"https:\/\/stonehousesmart.se\/pl\/wp-json\/wp\/v2\/product"}],"about":[{"href":"https:\/\/stonehousesmart.se\/pl\/wp-json\/wp\/v2\/types\/product"}],"wp:featuredmedia":[{"embeddable":true,"href":"https:\/\/stonehousesmart.se\/pl\/wp-json\/wp\/v2\/media\/5415"}],"wp:attachment":[{"href":"https:\/\/stonehousesmart.se\/pl\/wp-json\/wp\/v2\/media?parent=4295"}],"wp:term":[{"taxonomy":"product_brand","embeddable":true,"href":"https:\/\/stonehousesmart.se\/pl\/wp-json\/wp\/v2\/product_brand?post=4295"},{"taxonomy":"product_cat","embeddable":true,"href":"https:\/\/stonehousesmart.se\/pl\/wp-json\/wp\/v2\/product_cat?post=4295"},{"taxonomy":"product_tag","embeddable":true,"href":"https:\/\/stonehousesmart.se\/pl\/wp-json\/wp\/v2\/product_tag?post=4295"}],"curies":[{"name":"wp","href":"https:\/\/api.w.org\/{rel}","templated":true}]}}