{"id":4296,"date":"2025-09-15T11:16:44","date_gmt":"2025-09-15T09:16:44","guid":{"rendered":"https:\/\/stonehousesmart.se\/?post_type=product&#038;p=4296"},"modified":"2026-03-30T15:48:36","modified_gmt":"2026-03-30T13:48:36","slug":"securex-heatsense-10-arsbatteri","status":"publish","type":"product","link":"https:\/\/stonehousesmart.se\/pl\/product\/securex-heatsense-10-arsbatteri\/","title":{"rendered":"SecureX HeatSense \u2013 10-letni certyfikat baterii do czujnika ciep\u0142a BS446-2"},"content":{"rendered":"<h2 data-start=\"335\" data-end=\"400\">SecureX HeatSense \u2013 v\u00e4rmedetektor med 10-\u00e5rsbatteri (BS5446-2)<\/h2>\n<p data-start=\"402\" data-end=\"690\">SecureX HeatSense \u00e4r en <strong data-start=\"426\" data-end=\"471\">certifierad v\u00e4rmedetektor enligt BS5446-2<\/strong>, framtagen f\u00f6r att uppt\u00e4cka onormala temperatur\u00f6kningar som kan indikera brand. Den \u00e4r s\u00e4rskilt l\u00e4mpad f\u00f6r milj\u00f6er d\u00e4r r\u00f6kdetektorer riskerar att ge falsklarm, till exempel k\u00f6k, garage, verkst\u00e4der och dammiga utrymmen.<\/p>\n<p data-start=\"692\" data-end=\"851\">Vid farlig temperatur\u00f6kning aktiveras en <strong data-start=\"733\" data-end=\"774\">pot\u0119\u017cna syrena \u226585 dB (w odleg\u0142o\u015bci 3 metr\u00f3w)<\/strong> tillsammans med en tydlig LED-indikator, s\u00e5 att larmet uppm\u00e4rksammas direkt.<\/p>\n<p data-start=\"853\" data-end=\"964\">Det inbyggda batteriet har en livsl\u00e4ngd p\u00e5 upp till <strong data-start=\"905\" data-end=\"914\">10 lat<\/strong>, vilket g\u00f6r HeatSense i stort sett underh\u00e5llsfri.<\/p>\n<hr data-start=\"966\" data-end=\"969\" \/>\n<h2 data-start=\"971\" data-end=\"1030\">Po\u0142\u0105czona ochrona przeciwpo\u017carowa \u2013 wszystkie jednostki alarmuj\u0105 jednocze\u015bnie<\/h2>\n<p data-start=\"1032\" data-end=\"1167\">SecureX HeatSense \u00e4r en del av <strong data-start=\"1063\" data-end=\"1086\">System przeciwpo\u017carowy SecureX<\/strong> i jest u\u017cywany razem z <strong data-start=\"1115\" data-end=\"1133\">Centrum SecureX<\/strong>, kt\u00f3ra jest jednostk\u0105 centraln\u0105 systemu.<\/p>\n<p data-start=\"1169\" data-end=\"1225\">Gdy <strong data-start=\"1173\" data-end=\"1179\">A<\/strong> czujnik dymu lub ciep\u0142a w systemie uruchamia:<\/p>\n<ul data-start=\"1226\" data-end=\"1362\">\n<li data-start=\"1226\" data-end=\"1278\">\n<p data-start=\"1228\" data-end=\"1278\"><strong data-start=\"1228\" data-end=\"1278\">Wszystkie czujniki dymu i ciep\u0142a uruchamiaj\u0105 si\u0119 jednocze\u015bnie<\/strong><\/p>\n<\/li>\n<li data-start=\"1279\" data-end=\"1317\">\n<p data-start=\"1281\" data-end=\"1317\">W ca\u0142ym obiekcie uruchomiono syreny<\/p>\n<\/li>\n<li data-start=\"1318\" data-end=\"1362\">\n<p data-start=\"1320\" data-end=\"1362\">Powiadomienia push s\u0105 wysy\u0142ane w czasie rzeczywistym na Tw\u00f3j telefon kom\u00f3rkowy<\/p>\n<\/li>\n<\/ul>\n<p data-start=\"1364\" data-end=\"1442\">Alarm <strong data-start=\"1371\" data-end=\"1441\">mo\u017cna wy\u0142\u0105czy\u0107 za pomoc\u0105 koncentratora SecureX lub bezpo\u015brednio w aplikacji Stonehouse Smart<\/strong>.<\/p>\n<p class=\"ds-markdown-paragraph\"><strong>Czy mo\u017cna po\u0142\u0105czy\u0107 wiele detektor\u00f3w bez u\u017cycia koncentratora?<\/strong><br \/>\nAbsolut. Du kan skapa ett eget tr\u00e5dl\u00f6st RF-n\u00e4tverk d\u00e4r alla detektorer sammankopplas. Om en larmar, larmar alla \u2013 helt utan WiFi eller internet.<\/p>\n<p class=\"ds-markdown-paragraph\">Perfekt f\u00f6r dig som vill ha ett enkelt och robust system.<\/p>\n<p class=\"ds-markdown-paragraph\"><strong>Co otrzymam, je\u015bli po\u0142\u0105cz\u0119 si\u0119 z SecureX Connect Pro?<\/strong><br \/>\nDzi\u0119ki koncentratorowi SecureX zyskujesz rozszerzon\u0105 funkcjonalno\u015b\u0107:<\/p>\n<ul>\n<li>\n<p class=\"ds-markdown-paragraph\">Wszystkie detektory alarmuj\u0105 jednocze\u015bnie<\/p>\n<\/li>\n<li>\n<p class=\"ds-markdown-paragraph\">W przypadku alarmu na Tw\u00f3j telefon kom\u00f3rkowy wysy\u0142ane s\u0105 powiadomienia push.<\/p>\n<\/li>\n<li>\n<p class=\"ds-markdown-paragraph\">Status i histori\u0119 mo\u017cesz sprawdzi\u0107 w aplikacji Stonehouse Smart.<\/p>\n<\/li>\n<li>\n<p class=\"ds-markdown-paragraph\">Mo\u017cesz wy\u0142\u0105czy\u0107 alarmy za pomoc\u0105 aplikacji lub centrali<\/p>\n<\/li>\n<li>\n<p class=\"ds-markdown-paragraph\">System staje si\u0119 cz\u0119\u015bci\u0105 Twojego inteligentnego domu<\/p>\n<\/li>\n<\/ul>\n<p class=\"ds-markdown-paragraph\"><strong>Czy musz\u0119 wybiera\u0107 mi\u0119dzy trybem autonomicznym a pod\u0142\u0105czonym?<\/strong><br \/>\nNie. Mo\u017cesz zacz\u0105\u0107 od samodzielnej, po\u0142\u0105czonej sieci, a p\u00f3\u017aniej po\u0142\u0105czy\u0107 j\u0105 z SecureX Connect Pro, gdy zechcesz sterowa\u0107 aplikacj\u0105 i otrzymywa\u0107 powiadomienia.<\/p>\n<p class=\"ds-markdown-paragraph\"><strong>Czy dzia\u0142a r\u00f3wnie\u017c je\u015bli nie ma Internetu?<\/strong><br \/>\nJa. Sj\u00e4lva larmfunktionen och det sammankopplade n\u00e4tverket fungerar lokalt \u00e4ven utan internet.<\/p>\n<p class=\"ds-markdown-paragraph\">Internet beh\u00f6vs bara f\u00f6r mobilnotiser och fj\u00e4rrstyrning via app.<\/p>\n<hr data-start=\"1538\" data-end=\"1541\" \/>\n<h2 data-start=\"1543\" data-end=\"1574\">Kontrola aplikacji i kompatybilno\u015b\u0107<\/h2>\n<p data-start=\"1576\" data-end=\"1638\">Wszystkie wydarzenia s\u0105 wy\u015bwietlane w <strong data-start=\"1599\" data-end=\"1625\">Aplikacja Stonehouse Smart<\/strong>, gdzie mo\u017cesz:<\/p>\n<ul data-start=\"1639\" data-end=\"1742\">\n<li data-start=\"1639\" data-end=\"1672\">\n<p data-start=\"1641\" data-end=\"1672\">Zobacz, kt\u00f3ry alarm zosta\u0142 aktywowany<\/p>\n<\/li>\n<li data-start=\"1673\" data-end=\"1706\">\n<p data-start=\"1675\" data-end=\"1706\">Otrzymuj powiadomienia push w czasie rzeczywistym<\/p>\n<\/li>\n<li data-start=\"1707\" data-end=\"1742\">\n<p data-start=\"1709\" data-end=\"1742\">Wy\u0142\u0105czanie i resetowanie alarmu<\/p>\n<\/li>\n<\/ul>\n<p data-start=\"1744\" data-end=\"1756\"><strong data-start=\"1744\" data-end=\"1756\">Wa\u017cny:<\/strong><\/p>\n<ul data-start=\"1757\" data-end=\"1940\">\n<li data-start=\"1757\" data-end=\"1798\">\n<p data-start=\"1759\" data-end=\"1798\">HeatSense kopplas till SecureX-hubben<\/p>\n<\/li>\n<li data-start=\"1799\" data-end=\"1862\">\n<p data-start=\"1801\" data-end=\"1862\">Jest to hub kompatybilny z <strong data-start=\"1837\" data-end=\"1860\">Tuya i inteligentne \u017cycie<\/strong><\/p>\n<\/li>\n<li data-start=\"1863\" data-end=\"1940\">\n<p data-start=\"1865\" data-end=\"1940\">Czujnik jest <strong data-start=\"1876\" data-end=\"1902\">nie jest bezpo\u015brednio kompatybilny<\/strong> z Tuya lub Smart Life bez piasty<\/p>\n<\/li>\n<\/ul>\n<hr data-start=\"1942\" data-end=\"1945\" \/>\n<h2 data-start=\"1947\" data-end=\"1991\">\u0141atwa instalacja i stabilna komunikacja<\/h2>\n<p data-start=\"1993\" data-end=\"2208\">HeatSense kommunicerar tr\u00e5dl\u00f6st via <strong data-start=\"2029\" data-end=\"2040\">433MHz<\/strong> och har en r\u00e4ckvidd p\u00e5 upp till <strong data-start=\"2073\" data-end=\"2097\">100 meter i fri sikt<\/strong>. Den monteras enkelt i taket och har mycket l\u00e5g standbyf\u00f6rbrukning, vilket bidrar till den l\u00e5nga batteritiden.<\/p>\n<p data-start=\"2210\" data-end=\"2306\">Den diskreta designen g\u00f6r att detektorn sm\u00e4lter in v\u00e4l i b\u00e5de bost\u00e4der och kommersiella milj\u00f6er.<\/p>\n<hr data-start=\"2308\" data-end=\"2311\" \/>\n<h2 data-start=\"2313\" data-end=\"2337\">Korzy\u015bci i funkcje<\/h2>\n<ul data-start=\"2339\" data-end=\"2796\">\n<li data-start=\"2339\" data-end=\"2372\">\n<p data-start=\"2341\" data-end=\"2372\">Certifierad enligt <strong data-start=\"2360\" data-end=\"2372\">BS5446-2<\/strong><\/p>\n<\/li>\n<li data-start=\"2373\" data-end=\"2412\">\n<p data-start=\"2375\" data-end=\"2412\">Wbudowany <strong data-start=\"2383\" data-end=\"2400\">10-letnia bateria<\/strong> (ej utbytbart)<\/p>\n<\/li>\n<li data-start=\"2413\" data-end=\"2455\">\n<p data-start=\"2415\" data-end=\"2455\">Mocna syrena \u226585 dB i sygnalizacja LED<\/p>\n<\/li>\n<li data-start=\"2456\" data-end=\"2504\">\n<p data-start=\"2458\" data-end=\"2504\">Wszystkie czujniki dymu i ciep\u0142a uruchamiaj\u0105 si\u0119 jednocze\u015bnie<\/p>\n<\/li>\n<li data-start=\"2505\" data-end=\"2554\">\n<p data-start=\"2507\" data-end=\"2554\">Alarm jest wy\u0142\u0105czany przez <strong data-start=\"2526\" data-end=\"2554\">Centrum lub aplikacja SecureX<\/strong><\/p>\n<\/li>\n<li data-start=\"2555\" data-end=\"2614\">\n<p data-start=\"2557\" data-end=\"2614\">Cz\u0119stotliwo\u015b\u0107 bezprzewodowa: <strong data-start=\"2575\" data-end=\"2595\">433MHz (EV1527)<\/strong>, zakodowane dla SecureX<\/p>\n<\/li>\n<li data-start=\"2615\" data-end=\"2675\">\n<p data-start=\"2617\" data-end=\"2675\">Po\u0142\u0105czenie do <strong data-start=\"2644\" data-end=\"2675\">40 czujnik\u00f3w dymu i ciep\u0142a<\/strong><\/p>\n<\/li>\n<li data-start=\"2676\" data-end=\"2722\">\n<p data-start=\"2678\" data-end=\"2722\">Powiadomienia w czasie rzeczywistym w <strong data-start=\"2696\" data-end=\"2722\">Aplikacja Stonehouse Smart<\/strong><\/p>\n<\/li>\n<li data-start=\"2723\" data-end=\"2763\">\n<p data-start=\"2725\" data-end=\"2763\">R\u00e4ckvidd upp till <strong data-start=\"2743\" data-end=\"2752\">100 m<\/strong> (czysty widok)<\/p>\n<\/li>\n<li data-start=\"2764\" data-end=\"2796\">\n<p data-start=\"2766\" data-end=\"2796\">Prosty i dyskretny monta\u017c sufitowy<\/p>\n<\/li>\n<li data-start=\"2764\" data-end=\"2796\">M\u00e5tt: 116 x 46 mm<\/li>\n<\/ul>\n<hr data-start=\"2798\" data-end=\"2801\" \/>\n<h2 data-start=\"2803\" data-end=\"2824\">Obszary zastosowania<\/h2>\n<ul data-start=\"2826\" data-end=\"2942\">\n<li data-start=\"2826\" data-end=\"2864\">\n<p data-start=\"2828\" data-end=\"2864\">K\u00f6k (minimerar falsklarm fr\u00e5n matos)<\/p>\n<\/li>\n<li data-start=\"2865\" data-end=\"2888\">\n<p data-start=\"2867\" data-end=\"2888\">Garage och verkst\u00e4der<\/p>\n<\/li>\n<li data-start=\"2889\" data-end=\"2909\">\n<p data-start=\"2891\" data-end=\"2909\">K\u00e4llare och f\u00f6rr\u00e5d<\/p>\n<\/li>\n<li data-start=\"2910\" data-end=\"2942\">\n<p data-start=\"2912\" data-end=\"2942\">Butiker och offentliga milj\u00f6er<\/p>\n<\/li>\n<\/ul>\n<hr data-start=\"2944\" data-end=\"2947\" \/>\n<h2 data-start=\"2949\" data-end=\"2968\">Zawarto\u015b\u0107 dostawy<\/h2>\n<ul data-start=\"2970\" data-end=\"3062\">\n<li data-start=\"2970\" data-end=\"3011\">\n<p data-start=\"2972\" data-end=\"3011\">SecureX HeatSense v\u00e4rmedetektor: 1 st<\/p>\n<\/li>\n<li data-start=\"3012\" data-end=\"3029\">\n<p data-start=\"3014\" data-end=\"3029\">Skruvar: 2 st<\/p>\n<\/li>\n<li data-start=\"3030\" data-end=\"3045\">\n<p data-start=\"3032\" data-end=\"3045\">Plugg: 2 st<\/p>\n<\/li>\n<li data-start=\"3046\" data-end=\"3062\">\n<p data-start=\"3048\" data-end=\"3062\">Instrukcja: 1 szt.<\/p>\n<\/li>\n<li data-start=\"3046\" data-end=\"3062\">Inbyggt batteri &#8211; 10 \u00e5rs ber\u00e4knad livsl\u00e4ngd<\/li>\n<\/ul>","protected":false},"excerpt":{"rendered":"<p>Detektor ciep\u0142a z certyfikatem BS5446-2 i 10-letni\u0105 bateri\u0105. Idealny do kuchni i gara\u017cy.<\/p>\n<p>\u0141\u0105czy si\u0119 za po\u015brednictwem koncentratora SecureX i wysy\u0142a alarmy na telefon kom\u00f3rkowy za po\u015brednictwem aplikacji Stonehouse Smart<\/p>","protected":false},"featured_media":5419,"template":"","meta":{"_acf_changed":false,"inline_featured_image":false,"site-sidebar-layout":"default","site-content-layout":"","ast-site-content-layout":"default","site-content-style":"default","site-sidebar-style":"default","ast-global-header-display":"","ast-banner-title-visibility":"","ast-main-header-display":"","ast-hfb-above-header-display":"","ast-hfb-below-header-display":"","ast-hfb-mobile-header-display":"","site-post-title":"","ast-breadcrumbs-content":"","ast-featured-img":"","footer-sml-layout":"","ast-disable-related-posts":"","theme-transparent-header-meta":"default","adv-header-id-meta":"","stick-header-meta":"","header-above-stick-meta":"","header-main-stick-meta":"","header-below-stick-meta":"","astra-migrate-meta-layouts":"set","ast-page-background-enabled":"default","ast-page-background-meta":{"desktop":{"background-color":"","background-image":"","background-repeat":"repeat","background-position":"center center","background-size":"auto","background-attachment":"scroll","background-type":"","background-media":"","overlay-type":"","overlay-color":"","overlay-opacity":"","overlay-gradient":""},"tablet":{"background-color":"","background-image":"","background-repeat":"repeat","background-position":"center center","background-size":"auto","background-attachment":"scroll","background-type":"","background-media":"","overlay-type":"","overlay-color":"","overlay-opacity":"","overlay-gradient":""},"mobile":{"background-color":"","background-image":"","background-repeat":"repeat","background-position":"center center","background-size":"auto","background-attachment":"scroll","background-type":"","background-media":"","overlay-type":"","overlay-color":"","overlay-opacity":"","overlay-gradient":""}},"ast-content-background-meta":{"desktop":{"background-color":"var(--ast-global-color-5)","background-image":"","background-repeat":"repeat","background-position":"center center","background-size":"auto","background-attachment":"scroll","background-type":"","background-media":"","overlay-type":"","overlay-color":"","overlay-opacity":"","overlay-gradient":""},"tablet":{"background-color":"var(--ast-global-color-5)","background-image":"","background-repeat":"repeat","background-position":"center center","background-size":"auto","background-attachment":"scroll","background-type":"","background-media":"","overlay-type":"","overlay-color":"","overlay-opacity":"","overlay-gradient":""},"mobile":{"background-color":"var(--ast-global-color-5)","background-image":"","background-repeat":"repeat","background-position":"center center","background-size":"auto","background-attachment":"scroll","background-type":"","background-media":"","overlay-type":"","overlay-color":"","overlay-opacity":"","overlay-gradient":""}}},"product_brand":[233],"product_cat":[48],"product_tag":[],"class_list":{"0":"post-4296","1":"product","2":"type-product","3":"status-publish","4":"has-post-thumbnail","6":"product_brand-connect-pro","7":"product_cat-securex-smart-alarm","8":"pa_brands-securex-connect-pro","9":"pa_brands-stonehouse-smart","10":"desktop-align-left","11":"tablet-align-center","12":"mobile-align-center","14":"first","15":"instock","16":"shipping-taxable","17":"product-type-simple"},"acf":[],"_links":{"self":[{"href":"https:\/\/stonehousesmart.se\/pl\/wp-json\/wp\/v2\/product\/4296","targetHints":{"allow":["GET"]}}],"collection":[{"href":"https:\/\/stonehousesmart.se\/pl\/wp-json\/wp\/v2\/product"}],"about":[{"href":"https:\/\/stonehousesmart.se\/pl\/wp-json\/wp\/v2\/types\/product"}],"wp:featuredmedia":[{"embeddable":true,"href":"https:\/\/stonehousesmart.se\/pl\/wp-json\/wp\/v2\/media\/5419"}],"wp:attachment":[{"href":"https:\/\/stonehousesmart.se\/pl\/wp-json\/wp\/v2\/media?parent=4296"}],"wp:term":[{"taxonomy":"product_brand","embeddable":true,"href":"https:\/\/stonehousesmart.se\/pl\/wp-json\/wp\/v2\/product_brand?post=4296"},{"taxonomy":"product_cat","embeddable":true,"href":"https:\/\/stonehousesmart.se\/pl\/wp-json\/wp\/v2\/product_cat?post=4296"},{"taxonomy":"product_tag","embeddable":true,"href":"https:\/\/stonehousesmart.se\/pl\/wp-json\/wp\/v2\/product_tag?post=4296"}],"curies":[{"name":"wp","href":"https:\/\/api.w.org\/{rel}","templated":true}]}}