{"id":4297,"date":"2025-09-15T11:16:42","date_gmt":"2025-09-15T09:16:42","guid":{"rendered":"https:\/\/stonehousesmart.se\/?post_type=product&#038;p=4297"},"modified":"2026-03-11T15:13:24","modified_gmt":"2026-03-11T14:13:24","slug":"securex-safeband-barbart","status":"publish","type":"product","link":"https:\/\/stonehousesmart.se\/pl\/product\/securex-safeband-barbart\/","title":{"rendered":"SecureX SafeBand \u2013 przeno\u015bny przycisk alarmowy z po\u0142\u0105czeniem bezprzewodowym"},"content":{"rendered":"<div class=\"flex flex-col text-sm pb-25\">\n<article class=\"text-token-text-primary w-full focus:outline-none [--shadow-height:45px] has-data-writing-block:pointer-events-none has-data-writing-block:-mt-(--shadow-height) has-data-writing-block:pt-(--shadow-height) [&amp;:has([data-writing-block])&gt;*]:pointer-events-auto scroll-mt-[calc(var(--header-height)+min(200px,max(70px,20svh)))]\" dir=\"auto\" data-turn-id=\"6f5a349e-5bc5-4a79-a8a7-6dc411a01713\" data-testid=\"conversation-turn-67\" data-scroll-anchor=\"true\" data-turn=\"assistant\">\n<div class=\"text-base my-auto mx-auto pb-10 [--thread-content-margin:--spacing(4)] @w-sm\/main:[--thread-content-margin:--spacing(6)] @w-lg\/main:[--thread-content-margin:--spacing(16)] px-(--thread-content-margin)\">\n<div class=\"[--thread-content-max-width:40rem] @w-lg\/main:[--thread-content-max-width:48rem] mx-auto max-w-(--thread-content-max-width) flex-1 group\/turn-messages focus-visible:outline-hidden relative flex w-full min-w-0 flex-col agent-turn\">\n<div class=\"flex max-w-full flex-col grow\">\n<div class=\"min-h-8 text-message relative flex w-full flex-col items-end gap-2 text-start break-words whitespace-normal [.text-message+&amp;]:mt-1\" dir=\"auto\" data-message-author-role=\"assistant\" data-message-id=\"4ec16936-f5d8-49f5-a4ff-e9a5ef5e8674\" data-message-model-slug=\"gpt-5-2-thinking\">\n<div class=\"flex w-full flex-col gap-1 empty:hidden first:pt-[1px]\">\n<div class=\"markdown prose dark:prose-invert w-full wrap-break-word light markdown-new-styling\">\n<h2 data-start=\"0\" data-end=\"68\">SecureX SafeBand \u2013 b\u00e4rbar larmknapp (SOS) med tr\u00e5dl\u00f6s uppkoppling<\/h2>\n<p data-start=\"70\" data-end=\"408\">SecureX SafeBand \u00e4r en b\u00e4rbar SOS-larmknapp i armbandsformat, framtagen f\u00f6r att ge extra trygghet i vardagen \u2013 s\u00e4rskilt f\u00f6r \u00e4ldre, personer med behov av snabb hj\u00e4lp eller i v\u00e5rdmilj\u00f6er. Med ett enkelt tryck p\u00e5 den stora r\u00f6da <strong data-start=\"295\" data-end=\"310\">SOS-knappen<\/strong> skickas ett larm direkt via <strong data-start=\"339\" data-end=\"357\">SecureX-hubben<\/strong>, som omedelbart skickar <strong data-start=\"382\" data-end=\"407\">pushnotiser i realtid<\/strong>.<\/p>\n<p data-start=\"410\" data-end=\"510\">Alla h\u00e4ndelser visas i <strong data-start=\"433\" data-end=\"459\">Stonehouse Smart-appen<\/strong>, s\u00e5 att anh\u00f6riga eller ansvariga snabbt kan agera.<\/p>\n<hr data-start=\"512\" data-end=\"515\" \/>\n<h3 data-start=\"517\" data-end=\"554\">Viktigt \u2013 system &amp; kompatibilitet<\/h3>\n<ul data-start=\"555\" data-end=\"769\">\n<li data-start=\"555\" data-end=\"610\">\n<p data-start=\"557\" data-end=\"610\">SafeBand anv\u00e4nds tillsammans med <strong data-start=\"590\" data-end=\"608\">SecureX-hubben<\/strong><\/p>\n<\/li>\n<li data-start=\"611\" data-end=\"675\">\n<p data-start=\"613\" data-end=\"675\">Notiser och funktioner hanteras i <strong data-start=\"647\" data-end=\"673\">Stonehouse Smart-appen<\/strong><\/p>\n<\/li>\n<li data-start=\"676\" data-end=\"722\">\n<p data-start=\"678\" data-end=\"722\"><strong data-start=\"678\" data-end=\"699\">Tuya &amp; Smart Life<\/strong> st\u00f6ds <strong data-start=\"706\" data-end=\"720\">via hubben<\/strong><\/p>\n<\/li>\n<li data-start=\"723\" data-end=\"769\">\n<p data-start=\"725\" data-end=\"769\">Armbandet \u00e4r <strong data-start=\"738\" data-end=\"757\">inte frist\u00e5ende<\/strong> utan hubb<\/p>\n<\/li>\n<\/ul>\n<hr data-start=\"771\" data-end=\"774\" \/>\n<h3 data-start=\"776\" data-end=\"816\">Bekv\u00e4m att b\u00e4ra \u2013 tydlig bekr\u00e4ftelse<\/h3>\n<p data-start=\"817\" data-end=\"1008\">Armbandet \u00e4r tillverkat i <strong data-start=\"843\" data-end=\"860\">mjukt silikon<\/strong> och \u00e4r bekv\u00e4mt att b\u00e4ra hela dagen. N\u00e4r SOS-knappen trycks t\u00e4nds en <strong data-start=\"929\" data-end=\"946\">LED-indikator<\/strong>, vilket ger en tydlig bekr\u00e4ftelse p\u00e5 att larmet har skickats.<\/p>\n<p data-start=\"1010\" data-end=\"1244\">SafeBand kommunicerar tr\u00e5dl\u00f6st p\u00e5 <strong data-start=\"1044\" data-end=\"1055\">433 MHz<\/strong> med upp till <strong data-start=\"1069\" data-end=\"1102\">80 meters r\u00e4ckvidd i fri sikt<\/strong>. Vid behov kan r\u00e4ckvidden f\u00f6rb\u00e4ttras i systemet med signalf\u00f6rst\u00e4rkare. Den l\u00e5ga str\u00f6mf\u00f6rbrukningen ger l\u00e5ng driftstid och minimalt underh\u00e5ll.<\/p>\n<hr data-start=\"1246\" data-end=\"1249\" \/>\n<h3 data-start=\"1251\" data-end=\"1276\">F\u00f6rdelar &amp; egenskaper<\/h3>\n<ul data-start=\"1277\" data-end=\"1637\">\n<li data-start=\"1277\" data-end=\"1324\">\n<p data-start=\"1279\" data-end=\"1324\">B\u00e4rbar <strong data-start=\"1286\" data-end=\"1299\">SOS-knapp<\/strong> i mjukt silikonarmband<\/p>\n<\/li>\n<li data-start=\"1325\" data-end=\"1365\">\n<p data-start=\"1327\" data-end=\"1365\">L\u00e4tt och bekv\u00e4m att b\u00e4ra dygnet runt<\/p>\n<\/li>\n<li data-start=\"1366\" data-end=\"1412\">\n<p data-start=\"1368\" data-end=\"1412\"><strong data-start=\"1368\" data-end=\"1385\">LED-indikator<\/strong> bekr\u00e4ftar aktiverat larm<\/p>\n<\/li>\n<li data-start=\"1413\" data-end=\"1456\">\n<p data-start=\"1415\" data-end=\"1456\">Full integration via <strong data-start=\"1436\" data-end=\"1454\">SecureX-hubben<\/strong><\/p>\n<\/li>\n<li data-start=\"1457\" data-end=\"1505\">\n<p data-start=\"1459\" data-end=\"1505\">Realtidsnotiser i <strong data-start=\"1477\" data-end=\"1503\">Stonehouse Smart-appen<\/strong><\/p>\n<\/li>\n<li data-start=\"1506\" data-end=\"1548\">\n<p data-start=\"1508\" data-end=\"1548\">Tuya &amp; Smart Life st\u00f6ds <strong data-start=\"1532\" data-end=\"1546\">via hubben<\/strong><\/p>\n<\/li>\n<li data-start=\"1549\" data-end=\"1590\">\n<p data-start=\"1551\" data-end=\"1590\">R\u00e4ckvidd upp till <strong data-start=\"1569\" data-end=\"1577\">80 m<\/strong> (fri sikt)<\/p>\n<\/li>\n<li data-start=\"1591\" data-end=\"1637\">\n<p data-start=\"1593\" data-end=\"1637\">Mycket l\u00e5g str\u00f6mf\u00f6rbrukning f\u00f6r l\u00e5ng drift<\/p>\n<\/li>\n<\/ul>\n<hr data-start=\"1639\" data-end=\"1642\" \/>\n<h3 data-start=\"1644\" data-end=\"1666\">Anv\u00e4ndningsomr\u00e5den<\/h3>\n<ul data-start=\"1667\" data-end=\"1803\">\n<li data-start=\"1667\" data-end=\"1694\">\n<p data-start=\"1669\" data-end=\"1694\">\u00c4ldreomsorg och hemv\u00e5rd<\/p>\n<\/li>\n<li data-start=\"1695\" data-end=\"1736\">\n<p data-start=\"1697\" data-end=\"1736\">Sjukhus, v\u00e5rdhem och trygghetsboenden<\/p>\n<\/li>\n<li data-start=\"1737\" data-end=\"1769\">\n<p data-start=\"1739\" data-end=\"1769\">Privatbost\u00e4der och sommarhus<\/p>\n<\/li>\n<li data-start=\"1770\" data-end=\"1803\">\n<p data-start=\"1772\" data-end=\"1803\">Personlig s\u00e4kerhet i vardagen<\/p>\n<\/li>\n<\/ul>\n<hr data-start=\"1805\" data-end=\"1808\" \/>\n<h3 data-start=\"1810\" data-end=\"1835\">Teknisk specifikation<\/h3>\n<ul data-start=\"1836\" data-end=\"2124\">\n<li data-start=\"1836\" data-end=\"1863\">\n<p data-start=\"1838\" data-end=\"1863\"><strong data-start=\"1838\" data-end=\"1855\">Standbystr\u00f6m:<\/strong> \u22643 \u00b5A<\/p>\n<\/li>\n<li data-start=\"1864\" data-end=\"1889\">\n<p data-start=\"1866\" data-end=\"1889\"><strong data-start=\"1866\" data-end=\"1880\">Larmstr\u00f6m:<\/strong> \u226415 mA<\/p>\n<\/li>\n<li data-start=\"1890\" data-end=\"1954\">\n<p data-start=\"1892\" data-end=\"1954\"><strong data-start=\"1892\" data-end=\"1910\">Kommunikation:<\/strong> 433 MHz (EV1527) samt kodning f\u00f6r SecureX<\/p>\n<\/li>\n<li data-start=\"1955\" data-end=\"1997\">\n<p data-start=\"1957\" data-end=\"1997\"><strong data-start=\"1957\" data-end=\"1970\">R\u00e4ckvidd:<\/strong> upp till 80 m (fri sikt)<\/p>\n<\/li>\n<li data-start=\"1998\" data-end=\"2042\">\n<p data-start=\"2000\" data-end=\"2042\"><strong data-start=\"2000\" data-end=\"2021\">Arbetstemperatur:<\/strong> \u221210 \u00b0C till +55 \u00b0C<\/p>\n<\/li>\n<li data-start=\"2043\" data-end=\"2095\">\n<p data-start=\"2045\" data-end=\"2095\"><strong data-start=\"2045\" data-end=\"2058\">Material:<\/strong> ABS-plast och mjukt silikonarmband<\/p>\n<\/li>\n<li data-start=\"2096\" data-end=\"2124\">\n<p data-start=\"2098\" data-end=\"2124\"><strong data-start=\"2098\" data-end=\"2107\">M\u00e5tt:<\/strong> 244 \u00d7 43 \u00d7 16 mm<\/p>\n<\/li>\n<\/ul>\n<\/div>\n<\/div>\n<\/div>\n<\/div>\n<div class=\"z-0 flex min-h-[46px] justify-start\"><\/div>\n<div class=\"mt-3 w-full empty:hidden\">\n<div class=\"text-center\"><\/div>\n<\/div>\n<\/div>\n<\/div>\n<\/article>\n<\/div>\n<div class=\"pointer-events-none h-px w-px absolute bottom-0\" aria-hidden=\"true\" data-edge=\"true\"><\/div>\n","protected":false},"excerpt":{"rendered":"<p data-start=\"2485\" data-end=\"2643\">Przeno\u015bny przycisk SOS na bransoletce do systemu SecureX. Naci\u015bnij, aby natychmiast w\u0142\u0105czy\u0107 alarm i otrzyma\u0107 powiadomienia push na telefon kom\u00f3rkowy.<\/p>\n<p data-start=\"2485\" data-end=\"2643\">Wygodne w noszeniu, wyposa\u017cone we wska\u017anik LED i niskie zu\u017cycie energii.<\/p>","protected":false},"featured_media":4727,"template":"","meta":{"_acf_changed":false,"inline_featured_image":false,"site-sidebar-layout":"default","site-content-layout":"","ast-site-content-layout":"default","site-content-style":"default","site-sidebar-style":"default","ast-global-header-display":"","ast-banner-title-visibility":"","ast-main-header-display":"","ast-hfb-above-header-display":"","ast-hfb-below-header-display":"","ast-hfb-mobile-header-display":"","site-post-title":"","ast-breadcrumbs-content":"","ast-featured-img":"","footer-sml-layout":"","ast-disable-related-posts":"","theme-transparent-header-meta":"default","adv-header-id-meta":"","stick-header-meta":"","header-above-stick-meta":"","header-main-stick-meta":"","header-below-stick-meta":"","astra-migrate-meta-layouts":"set","ast-page-background-enabled":"default","ast-page-background-meta":{"desktop":{"background-color":"","background-image":"","background-repeat":"repeat","background-position":"center center","background-size":"auto","background-attachment":"scroll","background-type":"","background-media":"","overlay-type":"","overlay-color":"","overlay-opacity":"","overlay-gradient":""},"tablet":{"background-color":"","background-image":"","background-repeat":"repeat","background-position":"center center","background-size":"auto","background-attachment":"scroll","background-type":"","background-media":"","overlay-type":"","overlay-color":"","overlay-opacity":"","overlay-gradient":""},"mobile":{"background-color":"","background-image":"","background-repeat":"repeat","background-position":"center center","background-size":"auto","background-attachment":"scroll","background-type":"","background-media":"","overlay-type":"","overlay-color":"","overlay-opacity":"","overlay-gradient":""}},"ast-content-background-meta":{"desktop":{"background-color":"var(--ast-global-color-5)","background-image":"","background-repeat":"repeat","background-position":"center center","background-size":"auto","background-attachment":"scroll","background-type":"","background-media":"","overlay-type":"","overlay-color":"","overlay-opacity":"","overlay-gradient":""},"tablet":{"background-color":"var(--ast-global-color-5)","background-image":"","background-repeat":"repeat","background-position":"center center","background-size":"auto","background-attachment":"scroll","background-type":"","background-media":"","overlay-type":"","overlay-color":"","overlay-opacity":"","overlay-gradient":""},"mobile":{"background-color":"var(--ast-global-color-5)","background-image":"","background-repeat":"repeat","background-position":"center center","background-size":"auto","background-attachment":"scroll","background-type":"","background-media":"","overlay-type":"","overlay-color":"","overlay-opacity":"","overlay-gradient":""}}},"product_brand":[233],"product_cat":[221,48],"product_tag":[],"class_list":{"0":"post-4297","1":"product","2":"type-product","3":"status-publish","4":"has-post-thumbnail","6":"product_brand-connect-pro","7":"product_cat-personlig-sakerhet","8":"product_cat-securex-smart-alarm","9":"pa_brands-securex-connect-pro","10":"pa_brands-stonehouse-smart","11":"desktop-align-left","12":"tablet-align-center","13":"mobile-align-center","15":"first","16":"instock","17":"shipping-taxable","18":"product-type-simple"},"acf":[],"_links":{"self":[{"href":"https:\/\/stonehousesmart.se\/pl\/wp-json\/wp\/v2\/product\/4297","targetHints":{"allow":["GET"]}}],"collection":[{"href":"https:\/\/stonehousesmart.se\/pl\/wp-json\/wp\/v2\/product"}],"about":[{"href":"https:\/\/stonehousesmart.se\/pl\/wp-json\/wp\/v2\/types\/product"}],"wp:featuredmedia":[{"embeddable":true,"href":"https:\/\/stonehousesmart.se\/pl\/wp-json\/wp\/v2\/media\/4727"}],"wp:attachment":[{"href":"https:\/\/stonehousesmart.se\/pl\/wp-json\/wp\/v2\/media?parent=4297"}],"wp:term":[{"taxonomy":"product_brand","embeddable":true,"href":"https:\/\/stonehousesmart.se\/pl\/wp-json\/wp\/v2\/product_brand?post=4297"},{"taxonomy":"product_cat","embeddable":true,"href":"https:\/\/stonehousesmart.se\/pl\/wp-json\/wp\/v2\/product_cat?post=4297"},{"taxonomy":"product_tag","embeddable":true,"href":"https:\/\/stonehousesmart.se\/pl\/wp-json\/wp\/v2\/product_tag?post=4297"}],"curies":[{"name":"wp","href":"https:\/\/api.w.org\/{rel}","templated":true}]}}